{"id":2708327,"date":"2023-10-18T09:09:07","date_gmt":"2023-10-18T07:09:07","guid":{"rendered":"https:\/\/www.camping-le-calagogo.fr\/camping-familiar-saint-cyprien\/"},"modified":"2024-10-02T16:40:15","modified_gmt":"2024-10-02T14:40:15","slug":"camping-familiar-saint-cyprien","status":"publish","type":"page","link":"https:\/\/www.camping-le-calagogo.fr\/ca\/camping-familiar-saint-cyprien\/","title":{"rendered":"Animaci\u00f3 i vetllades"},"content":{"rendered":"<section id=\"ls-section-block_d79a1b2aca5998744b12d0de4ee91844\" class=\"ls-section  page-chapeau deco has-p-b p-b-4\" >\r\n        <div class=\"container \">\r\n        \n\n<h1 class=\"ls__heading wp-block-heading has-text-align-center\">Animaci\u00f3 i vespres<br\/><strong>a Saint-Cyprien Plage<\/strong><\/h1>\n\n\n\n<p class=\"ls-paragraph has-text-align-center\">Ens movem, ens divertim cada dia a Cala Gogo, des del mat\u00ed fins al vespre, podem escollir el ritme del dia: comen\u00e7ar <strong>a dinamitzar i acabar suaument<\/strong> mentre contemplem la posta de sol a la platja de Cala Gogo.  <\/p>\n\n\r\n    <\/div>\r\n<\/section><section id=\"ls-section-block_69bbb741cffa958248698913ffdda0e2\" class=\"ls-section  page-one has-p-t p-t-0 has-p-b p-b-14\" >\r\n        <div class=\"container container--wide\">\r\n        \n\n<div class=\"wp-block-columns is-layout-flex wp-container-core-columns-is-layout-9d6595d7 wp-block-columns-is-layout-flex\">\n<div class=\"wp-block-column first is-layout-flow wp-block-column-is-layout-flow\" style=\"flex-basis:66.7%\">\n<figure class=\"wp-block-gallery has-nested-images columns-default is-cropped gallery-slider-page animated fadeInUp slow wp-block-gallery-1 is-layout-flex wp-block-gallery-is-layout-flex\">\n<figure class=\"wp-block-image size-full\"><a href=\"https:\/\/www.camping-le-calagogo.fr\/wp-content\/uploads\/2023\/12\/camping-animations-familiales-saint-cyprien.webp\"><img decoding=\"async\" width=\"1800\" height=\"1200\" data-id=\"2629986\" src=\"https:\/\/www.camping-le-calagogo.fr\/wp-content\/uploads\/2023\/12\/camping-animations-familiales-saint-cyprien.webp\" alt=\"c&#xE0;mping animaci&#xF3; familiar saint cyprien\" class=\"wp-image-2629986\" srcset=\"https:\/\/www.camping-le-calagogo.fr\/wp-content\/uploads\/2023\/12\/camping-animations-familiales-saint-cyprien.webp 1800w, https:\/\/www.camping-le-calagogo.fr\/wp-content\/uploads\/2023\/12\/camping-animations-familiales-saint-cyprien-300x200.webp 300w, https:\/\/www.camping-le-calagogo.fr\/wp-content\/uploads\/2023\/12\/camping-animations-familiales-saint-cyprien-1024x683.webp 1024w, https:\/\/www.camping-le-calagogo.fr\/wp-content\/uploads\/2023\/12\/camping-animations-familiales-saint-cyprien-768x512.webp 768w, https:\/\/www.camping-le-calagogo.fr\/wp-content\/uploads\/2023\/12\/camping-animations-familiales-saint-cyprien-1536x1024.webp 1536w\" sizes=\"(max-width: 1800px) 100vw, 1800px\" \/><\/a><\/figure>\n\n\n\n<figure class=\"wp-block-image size-full\"><a href=\"https:\/\/www.camping-le-calagogo.fr\/wp-content\/uploads\/2023\/12\/camping-animations-enfants-saint-cyprien.webp\"><img decoding=\"async\" width=\"1749\" height=\"1200\" data-id=\"2629997\" src=\"https:\/\/www.camping-le-calagogo.fr\/wp-content\/uploads\/2023\/12\/camping-animations-enfants-saint-cyprien.webp\" alt=\"c&#xE0;mping animaci&#xF3; infantil saint cyprien\" class=\"wp-image-2629997\" srcset=\"https:\/\/www.camping-le-calagogo.fr\/wp-content\/uploads\/2023\/12\/camping-animations-enfants-saint-cyprien.webp 1749w, https:\/\/www.camping-le-calagogo.fr\/wp-content\/uploads\/2023\/12\/camping-animations-enfants-saint-cyprien-300x206.webp 300w, https:\/\/www.camping-le-calagogo.fr\/wp-content\/uploads\/2023\/12\/camping-animations-enfants-saint-cyprien-1024x703.webp 1024w, https:\/\/www.camping-le-calagogo.fr\/wp-content\/uploads\/2023\/12\/camping-animations-enfants-saint-cyprien-768x527.webp 768w, https:\/\/www.camping-le-calagogo.fr\/wp-content\/uploads\/2023\/12\/camping-animations-enfants-saint-cyprien-1536x1054.webp 1536w\" sizes=\"(max-width: 1749px) 100vw, 1749px\" \/><\/a><\/figure>\n\n\n\n<figure class=\"wp-block-image size-full\"><a href=\"https:\/\/www.camping-le-calagogo.fr\/wp-content\/uploads\/2023\/12\/camping-club-enfants-saint-cyprien.webp\"><img decoding=\"async\" width=\"1799\" height=\"1200\" data-id=\"2630002\" src=\"https:\/\/www.camping-le-calagogo.fr\/wp-content\/uploads\/2023\/12\/camping-club-enfants-saint-cyprien.webp\" alt=\"camping club infantil saint cyprien\" class=\"wp-image-2630002\" srcset=\"https:\/\/www.camping-le-calagogo.fr\/wp-content\/uploads\/2023\/12\/camping-club-enfants-saint-cyprien.webp 1799w, https:\/\/www.camping-le-calagogo.fr\/wp-content\/uploads\/2023\/12\/camping-club-enfants-saint-cyprien-300x200.webp 300w, https:\/\/www.camping-le-calagogo.fr\/wp-content\/uploads\/2023\/12\/camping-club-enfants-saint-cyprien-1024x683.webp 1024w, https:\/\/www.camping-le-calagogo.fr\/wp-content\/uploads\/2023\/12\/camping-club-enfants-saint-cyprien-768x512.webp 768w, https:\/\/www.camping-le-calagogo.fr\/wp-content\/uploads\/2023\/12\/camping-club-enfants-saint-cyprien-1536x1025.webp 1536w\" sizes=\"(max-width: 1799px) 100vw, 1799px\" \/><\/a><\/figure>\n\n\n\n<figure class=\"wp-block-image size-full\"><a href=\"https:\/\/www.camping-le-calagogo.fr\/wp-content\/uploads\/2023\/12\/camping-animations-saint-cyprien.webp\"><img decoding=\"async\" width=\"1800\" height=\"1200\" data-id=\"2630007\" src=\"https:\/\/www.camping-le-calagogo.fr\/wp-content\/uploads\/2023\/12\/camping-animations-saint-cyprien.webp\" alt=\"c&#xE0;mping animaci&#xF3; saint cyprien\" class=\"wp-image-2630007\" srcset=\"https:\/\/www.camping-le-calagogo.fr\/wp-content\/uploads\/2023\/12\/camping-animations-saint-cyprien.webp 1800w, https:\/\/www.camping-le-calagogo.fr\/wp-content\/uploads\/2023\/12\/camping-animations-saint-cyprien-300x200.webp 300w, https:\/\/www.camping-le-calagogo.fr\/wp-content\/uploads\/2023\/12\/camping-animations-saint-cyprien-1024x683.webp 1024w, https:\/\/www.camping-le-calagogo.fr\/wp-content\/uploads\/2023\/12\/camping-animations-saint-cyprien-768x512.webp 768w, https:\/\/www.camping-le-calagogo.fr\/wp-content\/uploads\/2023\/12\/camping-animations-saint-cyprien-1536x1024.webp 1536w\" sizes=\"(max-width: 1800px) 100vw, 1800px\" \/><\/a><\/figure>\n<\/figure>\n<\/div>\n\n\n\n<div class=\"wp-block-column is-vertically-aligned-center second is-layout-flow wp-block-column-is-layout-flow\" style=\"flex-basis:33.3%\">\n<h2 class=\"ls__heading wp-block-heading\">Kid&#8217;s Cala Club (6 anys \u2013 12 anys)<\/h2>\n\n\n\n<p class=\"ls-paragraph\">Tutelats per dinamitzadors, els infants i adolescents tindran els seus dies marcats per <strong>activitats diverses i variades<\/strong> , culturals, l\u00fadiques, de descoberta, manuals, creatives, esportives&#8230; Nom\u00e9s cal que inscriu els teus fills al mat\u00ed <strong>als dinamitzadors<\/strong> .<\/p>\n\n\n\n<h2 class=\"ls__heading wp-block-heading has-text-align-left\">Activitats per a adolescents i adults (a partir de 12 anys)<\/h2>\n\n\n\n<p class=\"ls-paragraph has-text-align-left\">Cada tarda, el <a href=\"https:\/\/www.camping-le-calagogo.fr\/ca\/\">c\u00e0mping CALA GOGO a Saint-Cyprien Plage<\/a> \u00e9s el lloc ideal per als adolescents, supervisats per <strong>l&#8217;equip d&#8217;animaci\u00f3<\/strong> , per participar en tornejos esportius inoblidables:<\/p>\n\n\n\n<div class=\"wp-block-columns is-layout-flex wp-container-core-columns-is-layout-9d6595d7 wp-block-columns-is-layout-flex\">\n<div class=\"wp-block-column is-layout-flow wp-block-column-is-layout-flow\">\n<ul class=\"ls-list wp-block-list\">\n\n<li>Futbol<\/li>\n\n\n<li>B\u00e0squet<\/li>\n\n\n<li>Tenis de taula<\/li>\n\n\n<li>voleibol de platja<\/li>\n\n<\/ul>\n<\/div>\n\n\n\n<div class=\"wp-block-column is-layout-flow wp-block-column-is-layout-flow\">\n<ul class=\"ls-list wp-block-list\">\n\n<li>Tir amb arc<\/li>\n\n\n<li>Petanca<\/li>\n\n\n<li>Tennis<\/li>\n\n\n<li>Jocs Ol\u00edmpics\u2026<\/li>\n\n<\/ul>\n<\/div>\n<\/div>\n\n\n\n<p class=\"ls-paragraph has-text-align-left\">Podeu participar a les nits a la gran terrassa del bar! El <strong>programa d&#8217;animaci\u00f3<\/strong> per a les vostres vacances us encantar\u00e0 des del moment que arribeu al c\u00e0mping.<\/p>\n<\/div>\n<\/div>\n\n\r\n    <\/div>\r\n<\/section><section id=\"soirees\" class=\"ls-section  page-two mosaique has-background has-color-4-background-color has-p-t p-t-14 has-p-b p-b-14\" >\r\n        <div class=\"container container--wide\">\r\n        \n\n<div class=\"wp-block-columns is-layout-flex wp-container-core-columns-is-layout-9d6595d7 wp-block-columns-is-layout-flex\">\n<div class=\"wp-block-column is-vertically-aligned-center is-layout-flow wp-block-column-is-layout-flow\">\n<h2 class=\"ls__heading wp-block-heading has-text-align-left\">Camping amb vespres<\/h2>\n\n\n\n<p class=\"ls-paragraph has-text-align-left\">Cada vespre, en temporada alta, a la terrassa, vine a veure <strong>espectacles<\/strong> , o participa en un karaoke, una festa de l&#8217;escuma, l&#8217;espectacle de brillants o m\u00e0gia, una festa nocturna a la piscina, etc.<\/p>\n\n\n\n<p class=\"ls-paragraph has-text-align-left\"><strong>Et sorprendr\u00e0s!<\/strong><\/p>\n\n\n\n<p class=\"ls-paragraph has-text-align-left\">Totes les activitats acaben <strong>a mitjanit i la calma s&#8217;instal\u00b7la al c\u00e0mping<\/strong>. Per als amants de la festa, el <strong>pub CALA GOGO<\/strong> obre cada vespre (entrada gratu\u00efta). <\/p>\n<\/div>\n\n\n\n<div class=\"wp-block-column is-layout-flow wp-block-column-is-layout-flow\">\n<figure class=\"wp-block-image size-full animated fadeInRight delay-100ms slow\"><a href=\"https:\/\/www.camping-le-calagogo.fr\/wp-content\/uploads\/2023\/12\/camping-soirees-concert-saint-cyprien.webp\"><img decoding=\"async\" width=\"2000\" height=\"1188\" src=\"https:\/\/www.camping-le-calagogo.fr\/wp-content\/uploads\/2023\/12\/camping-soirees-concert-saint-cyprien.webp\" alt=\"nits de c&#xE0;mping concert saint cyprien\" class=\"wp-image-2629979\" srcset=\"https:\/\/www.camping-le-calagogo.fr\/wp-content\/uploads\/2023\/12\/camping-soirees-concert-saint-cyprien.webp 2000w, https:\/\/www.camping-le-calagogo.fr\/wp-content\/uploads\/2023\/12\/camping-soirees-concert-saint-cyprien-300x178.webp 300w, https:\/\/www.camping-le-calagogo.fr\/wp-content\/uploads\/2023\/12\/camping-soirees-concert-saint-cyprien-1024x608.webp 1024w, https:\/\/www.camping-le-calagogo.fr\/wp-content\/uploads\/2023\/12\/camping-soirees-concert-saint-cyprien-768x456.webp 768w, https:\/\/www.camping-le-calagogo.fr\/wp-content\/uploads\/2023\/12\/camping-soirees-concert-saint-cyprien-1536x912.webp 1536w\" sizes=\"(max-width: 2000px) 100vw, 2000px\" \/><\/a><\/figure>\n<\/div>\n<\/div>\n\n\r\n    <\/div>\r\n<\/section><section id=\"ls-section-block_62f4a038755cfe364e784e3381972ba0\" class=\"ls-section  section-parallax has-background-image has-parallax has-background has-color-black-background-color has-p-t p-t-30 has-p-b p-b-0\" >\r\n    <div class=\"ls-section__background-image opacity-58\"><img decoding=\"async\" src=\"https:\/\/www.camping-le-calagogo.fr\/wp-content\/uploads\/2023\/12\/camping-animations-enfants-saint-cyprien.webp\" alt=\"\"><\/div>    <div class=\"container container--wide\">\r\n        \n\n<div id=\"ls-heading ls-titre-div-block_558a0739618acde36c3006fd798a21b5\" class=\"ls-titre-div m-right aligncenter h1-like\" >\n    Una <em>pregunta?<\/em><\/div>\n\n\n\n<div class=\"wp-block-columns has-color-white-background-color has-background is-layout-flex wp-container-core-columns-is-layout-9d6595d7 wp-block-columns-is-layout-flex\">\n<div class=\"wp-block-column is-layout-flow wp-block-column-is-layout-flow\">\n<h2 class=\"ls__heading wp-block-heading has-text-align-center\">Preguntes freq\u00fcents<br\/>pel que fa a les animacions<\/h2>\n\n\n<div id=\"faq\" class=\"faq-container\"><div class=\"faq-wrap\" itemscope=\"\" itemtype=\"https:\/\/schema.org\/FAQPage\"><div class=\"faq__box faq__item\"><div class=\"faq__container\"><div class=\"faq__block\" itemscope=\"\" itemprop=\"mainEntity\" itemtype=\"https:\/\/schema.org\/Question\"><details class=\"faq\"><summary class=\"faq-question\" itemprop=\"name\">Hi ha activitats fora de temporada?<span class=\"faq-opener\"><\/span><\/summary><div class=\"content\" itemscope=\"\" itemprop=\"acceptedAnswer\" itemtype=\"https:\/\/schema.org\/Answer\"><div itemprop=\"text\"><p><em><p>S\u00ed, des de l&#8217;obertura del c\u00e0mping fins al tancament, s&#8217;ofereix animaci\u00f3.<\/p>\n<\/em><\/p><\/div><\/div><\/details><\/div><\/div><\/div><div class=\"faq__box faq__item\"><div class=\"faq__container\"><div class=\"faq__block\" itemscope=\"\" itemprop=\"mainEntity\" itemtype=\"https:\/\/schema.org\/Question\"><details class=\"faq\"><summary class=\"faq-question\" itemprop=\"name\">Totes les activitats s\u00f3n d&#8217;acc\u00e9s gratu\u00eft i sense reserva?<span class=\"faq-opener\"><\/span><\/summary><div class=\"content\" itemscope=\"\" itemprop=\"acceptedAnswer\" itemtype=\"https:\/\/schema.org\/Answer\"><div itemprop=\"text\"><p><em><p>Algunes activitats (especialment les a l&#8217;aire lliure) poden requerir reserva amb l&#8217;equip d&#8217;animaci\u00f3.<\/p>\n<\/em><\/p><\/div><\/div><\/details><\/div><\/div><\/div><div class=\"faq__box faq__item\"><div class=\"faq__container\"><div class=\"faq__block\" itemscope=\"\" itemprop=\"mainEntity\" itemtype=\"https:\/\/schema.org\/Question\"><details class=\"faq\"><summary class=\"faq-question\" itemprop=\"name\">Com puc obtenir el calendari o programaci\u00f3 d&#8217;esdeveniments?<span class=\"faq-opener\"><\/span><\/summary><div class=\"content\" itemscope=\"\" itemprop=\"acceptedAnswer\" itemtype=\"https:\/\/schema.org\/Answer\"><div itemprop=\"text\"><p><em><p>L&#8217;horari est\u00e0 disponible a recepci\u00f3. Tamb\u00e9 s&#8217;exhibeix a tot el c\u00e0mping.<\/p>\n<\/em><\/p><\/div><\/div><\/details><\/div><\/div><\/div><\/div><\/div><\/div>\n<\/div>\n\n\r\n    <\/div>\r\n<\/section><section id=\"ls-section-block_8e630d296b1d571de89762d82b8f64a9\" class=\"ls-section  page-maillage has-p-b p-b-14\" >\r\n        <div class=\"container container--wide\">\r\n        \n\n<div id=\"ls-heading ls-titre-div-block_2979f152cfbc7cf66aff1ce04ebc1718\" class=\"ls-titre-div m-left h2-like\" >\n    Descobreix l&#8217;allotjament,<\/br> els serveis i la piscina!<\/div>\n\n\n<div id=\"ls-maillage-block_e504271ef16333731c56b645026d8018\" class=\"ls-maillage cta-style-normal\" data-rows=\"3\">\n    <div class=\"wp-block-columns  \"><div class=\"wp-block-column\"><div id=\"destinations\" class=\"ls-cta\">\n\n<a href=\"https:\/\/www.camping-le-calagogo.fr\/ca\/camping-serveis-pirineus-orientals\/\" target=\"\" rel=\"noopener\" class=\"ls-cta__link\">\n\n\t<div class=\"ls-cta__image\"><img decoding=\"async\" src=\"https:\/\/www.camping-le-calagogo.fr\/wp-content\/uploads\/2023\/12\/epicerie-languedoc.webp\" alt=\"\"><\/div>\n\t<div class=\"ls-cta__title\">\n\t\tServeis i empreses\t<\/div>\n\t\n\t\t\n<\/a><\/div><\/div><div class=\"wp-block-column\"><div id=\"destinations\" class=\"ls-cta\">\n\n<a href=\"https:\/\/www.camping-le-calagogo.fr\/ca\/lloguer-mobil-home-llenguadoc-rossello\/\" target=\"\" rel=\"noopener\" class=\"ls-cta__link\">\n\n\t<div class=\"ls-cta__image\"><img decoding=\"async\" src=\"https:\/\/www.camping-le-calagogo.fr\/wp-content\/uploads\/2023\/12\/sejour-mobil-home-pyrenees-orientales.webp\" alt=\"\"><\/div>\n\t<div class=\"ls-cta__title\">\n\t\tCases m\u00f2bils\t<\/div>\n\t\n\t\t\n<\/a><\/div><\/div><div class=\"wp-block-column\"><div id=\"destinations\" class=\"ls-cta\">\n\n<a href=\"https:\/\/www.camping-le-calagogo.fr\/ca\/camping-amb-piscina-saint-cyprien\/\" target=\"\" rel=\"noopener\" class=\"ls-cta__link\">\n\n\t<div class=\"ls-cta__image\"><img decoding=\"async\" src=\"https:\/\/www.camping-le-calagogo.fr\/wp-content\/uploads\/2023\/12\/espace-aquatique-perpignan.webp\" alt=\"\"><\/div>\n\t<div class=\"ls-cta__title\">\n\t\tEspai Aqu\u00e0tic\t<\/div>\n\t\n\t\t\n<\/a><\/div><\/div><\/div><\/div>\n\r\n    <\/div>\r\n<\/section>","protected":false},"excerpt":{"rendered":"","protected":false},"author":1,"featured_media":2630030,"parent":0,"menu_order":0,"comment_status":"closed","ping_status":"closed","template":"","meta":{"_acf_changed":false,"_seopress_robots_primary_cat":"","_seopress_titles_title":"Camping familiar Argel\u00e8s | Camping per a fam\u00edlies a Saint-Cyprien","_seopress_titles_desc":"Descobreix totes les activitats del c\u00e0mping 5 estrelles Saint Cyprien: nits, activitats per a tota la fam\u00edlia vora el mar!","_seopress_robots_index":"","inline_featured_image":false,"footnotes":""},"sujet":[],"class_list":["post-2708327","page","type-page","status-publish","has-post-thumbnail","hentry"],"acf":[],"_links":{"self":[{"href":"https:\/\/www.camping-le-calagogo.fr\/ca\/wp-json\/wp\/v2\/pages\/2708327","targetHints":{"allow":["GET"]}}],"collection":[{"href":"https:\/\/www.camping-le-calagogo.fr\/ca\/wp-json\/wp\/v2\/pages"}],"about":[{"href":"https:\/\/www.camping-le-calagogo.fr\/ca\/wp-json\/wp\/v2\/types\/page"}],"author":[{"embeddable":true,"href":"https:\/\/www.camping-le-calagogo.fr\/ca\/wp-json\/wp\/v2\/users\/1"}],"replies":[{"embeddable":true,"href":"https:\/\/www.camping-le-calagogo.fr\/ca\/wp-json\/wp\/v2\/comments?post=2708327"}],"version-history":[{"count":7,"href":"https:\/\/www.camping-le-calagogo.fr\/ca\/wp-json\/wp\/v2\/pages\/2708327\/revisions"}],"predecessor-version":[{"id":2845935,"href":"https:\/\/www.camping-le-calagogo.fr\/ca\/wp-json\/wp\/v2\/pages\/2708327\/revisions\/2845935"}],"wp:featuredmedia":[{"embeddable":true,"href":"https:\/\/www.camping-le-calagogo.fr\/ca\/wp-json\/wp\/v2\/media\/2630030"}],"wp:attachment":[{"href":"https:\/\/www.camping-le-calagogo.fr\/ca\/wp-json\/wp\/v2\/media?parent=2708327"}],"wp:term":[{"taxonomy":"sujet","embeddable":true,"href":"https:\/\/www.camping-le-calagogo.fr\/ca\/wp-json\/wp\/v2\/sujet?post=2708327"}],"curies":[{"name":"wp","href":"https:\/\/api.w.org\/{rel}","templated":true}]}}