{"id":2708345,"date":"2023-10-18T09:10:40","date_gmt":"2023-10-18T07:10:40","guid":{"rendered":"https:\/\/www.camping-le-calagogo.fr\/rally-bike\/"},"modified":"2024-03-21T08:59:48","modified_gmt":"2024-03-21T07:59:48","slug":"rally-bike","status":"publish","type":"page","link":"https:\/\/www.camping-le-calagogo.fr\/ca\/rally-bike\/","title":{"rendered":"Bicicleta de ral\u00b7li"},"content":{"rendered":"<section id=\"ls-section-block_901d73d4dee000c2280853552b1f3673\" class=\"ls-section  page-chapeau deco has-p-b p-b-4\" >\r\n        <div class=\"container \">\r\n        \n\n<h1 class=\"ls__heading wp-block-heading has-text-align-center\">Bicicleta de ral\u00b7li<\/h1>\n\n\r\n    <\/div>\r\n<\/section><section id=\"ls-section-block_fd34d844cd390c707c7893630df17d45\" class=\"ls-section  page-one has-p-t p-t-0 has-p-b p-b-14\" >\r\n        <div class=\"container container--wide\">\r\n        \n\n<div class=\"wp-block-columns is-layout-flex wp-container-core-columns-is-layout-9d6595d7 wp-block-columns-is-layout-flex\">\n<div class=\"wp-block-column is-vertically-aligned-center first is-layout-flow wp-block-column-is-layout-flow\" style=\"flex-basis:66.7%\">\n<figure class=\"wp-block-image size-full\"><img decoding=\"async\" width=\"1800\" height=\"1200\" src=\"https:\/\/www.camping-le-calagogo.fr\/wp-content\/uploads\/2023\/12\/raly-bike-saint-cyprien.webp\" alt=\"bicicleta de rally saint cyprien\" class=\"wp-image-2629627\" srcset=\"https:\/\/www.camping-le-calagogo.fr\/wp-content\/uploads\/2023\/12\/raly-bike-saint-cyprien.webp 1800w, https:\/\/www.camping-le-calagogo.fr\/wp-content\/uploads\/2023\/12\/raly-bike-saint-cyprien-300x200.webp 300w, https:\/\/www.camping-le-calagogo.fr\/wp-content\/uploads\/2023\/12\/raly-bike-saint-cyprien-1024x683.webp 1024w, https:\/\/www.camping-le-calagogo.fr\/wp-content\/uploads\/2023\/12\/raly-bike-saint-cyprien-768x512.webp 768w, https:\/\/www.camping-le-calagogo.fr\/wp-content\/uploads\/2023\/12\/raly-bike-saint-cyprien-1536x1024.webp 1536w\" sizes=\"(max-width: 1800px) 100vw, 1800px\" \/><\/figure>\n<\/div>\n\n\n\n<div class=\"wp-block-column is-vertically-aligned-center second is-layout-flow wp-block-column-is-layout-flow\" style=\"flex-basis:33.3%\">\n<h2 class=\"ls__heading wp-block-heading\">Bicicleta de ral\u00b7li<\/h2>\n\n\n\n<p class=\"ls-paragraph\">Vols sortir a passejar? Per anar a descobrir l&#8217;entorn de la nostra bonica regi\u00f3? I no has pensat en agafar bicicletes?<\/p>\n\n\n\n<p class=\"ls-paragraph\">No et preocupis, pots llogar-ne un al <a href=\"https:\/\/www.camping-le-calagogo.fr\/ca\/\" data-type=\"page\" data-id=\"9\">c\u00e0mping Cala-Gogo a Saint-Cyprien<\/a> !<\/p>\n\n\n\n<p class=\"ls-paragraph\"><strong>Preu de lloguer<\/strong> (nom\u00e9s reserva in situ):<\/p>\n\n\n\n<ul class=\"ls-list wp-block-list\">\n<li><strong>Bicicleta infantil:<\/strong>\n<ul class=\"ls-list wp-block-list\">\n<li>El dia = 12\u20ac<\/li>\n\n\n\n<li>La setmana = 39\u20ac<\/li>\n<\/ul>\n<\/li>\n\n\n\n<li><strong>Bicicleta per a adults:<\/strong>\n<ul class=\"ls-list wp-block-list\">\n<li>El dia = 14\u20ac<\/li>\n\n\n\n<li>La setmana = 45\u20ac<\/li>\n<\/ul>\n<\/li>\n\n\n\n<li><strong>Casque \/ Si\u00e8ge B\u00e9b\u00e9 :&nbsp;<\/strong>\n<ul class=\"ls-list wp-block-list\">\n<li>El dia = 2\u20ac<\/li>\n\n\n\n<li>La setmana = 6\u20ac<\/li>\n<\/ul>\n<\/li>\n<\/ul>\n\n\n\n<p class=\"ls-paragraph\">No dubteu a contactar amb ells: 06.10.40.37.12 o 07.60.24.11.45<\/p>\n<\/div>\n<\/div>\n\n\r\n    <\/div>\r\n<\/section><section id=\"ls-section-block_27ccabcd5ee99e5499ed70ac12d16406\" class=\"ls-section  page-two mosaique has-background has-color-4-background-color has-p-t p-t-14 has-p-b p-b-14\" >\r\n        <div class=\"container container--wide\">\r\n        \n\n<div class=\"wp-block-columns is-layout-flex wp-container-core-columns-is-layout-9d6595d7 wp-block-columns-is-layout-flex\">\n<div class=\"wp-block-column is-vertically-aligned-center is-layout-flow wp-block-column-is-layout-flow\">\n<h2 class=\"ls__heading wp-block-heading\">Lloguer de p\u00e0del<\/h2>\n\n\n\n<p class=\"ls-paragraph\">Vols provar el p\u00e0del i passar una estona agradable al nostre bonic mar Mediterrani?<\/p>\n\n\n\n<p class=\"ls-paragraph\">Raly Bike est\u00e0 al teu costat i per oferir-te els seus serveis.<\/p>\n\n\n\n<p class=\"ls-paragraph\"><strong>Preu de lloguer<\/strong> (nom\u00e9s reserva in situ):<\/p>\n\n\n\n<ul class=\"ls-list wp-block-list\">\n<li><strong>P\u00e0del:<\/strong>\n<ul class=\"ls-list wp-block-list\">\n<li>1\/2 dia = 29\u20ac<\/li>\n\n\n\n<li>Dia = 39\u20ac<\/li>\n<\/ul>\n<\/li>\n<\/ul>\n<\/div>\n\n\n\n<div class=\"wp-block-column is-vertically-aligned-center is-layout-flow wp-block-column-is-layout-flow\">\n<figure class=\"wp-block-image size-large\"><img decoding=\"async\" width=\"1024\" height=\"683\" src=\"https:\/\/www.camping-le-calagogo.fr\/wp-content\/uploads\/2023\/12\/location-padle-pyrenees-orientales-1024x683.webp\" alt=\"lloguer de p&#xE0;del pirineu oriental\" class=\"wp-image-2629633\" srcset=\"https:\/\/www.camping-le-calagogo.fr\/wp-content\/uploads\/2023\/12\/location-padle-pyrenees-orientales-1024x683.webp 1024w, https:\/\/www.camping-le-calagogo.fr\/wp-content\/uploads\/2023\/12\/location-padle-pyrenees-orientales-300x200.webp 300w, https:\/\/www.camping-le-calagogo.fr\/wp-content\/uploads\/2023\/12\/location-padle-pyrenees-orientales-768x512.webp 768w, https:\/\/www.camping-le-calagogo.fr\/wp-content\/uploads\/2023\/12\/location-padle-pyrenees-orientales-1536x1024.webp 1536w, https:\/\/www.camping-le-calagogo.fr\/wp-content\/uploads\/2023\/12\/location-padle-pyrenees-orientales.webp 1800w\" sizes=\"(max-width: 1024px) 100vw, 1024px\" \/><\/figure>\n<\/div>\n<\/div>\n\n\r\n    <\/div>\r\n<\/section><section id=\"ls-section-block_2a056216fe9585eebafd0ef6d3dc62ff\" class=\"ls-section  page-maillage has-p-b p-b-14\" >\r\n        <div class=\"container container--wide\">\r\n        \n\n<div id=\"ls-heading ls-titre-div-block_702dc8fda939ef62b68676b0fd3a7992\" class=\"ls-titre-div m-left h2-like\" >\n    Ciutats properes<\/br> campament<\/div>\n\n\n<div id=\"ls-maillage-block_cefc1061e3a84435dc6d6d01685a8f36\" class=\"ls-maillage cta-style-normal\" data-rows=\"3\">\n    <div class=\"wp-block-columns  \"><div class=\"wp-block-column\"><div id=\"destinations\" class=\"ls-cta\">\n\n<a href=\"https:\/\/www.camping-le-calagogo.fr\/ca\/camping-elne\/\" target=\"\" rel=\"noopener\" class=\"ls-cta__link\">\n\n\t<div class=\"ls-cta__image\"><img decoding=\"async\" src=\"https:\/\/www.camping-le-calagogo.fr\/wp-content\/uploads\/2023\/12\/sejour-camping-elne.webp\" alt=\"\"><\/div>\n\t<div class=\"ls-cta__title\">\n\t\tCamping Elne\t<\/div>\n\t\n\t\t\n<\/a><\/div><\/div><div class=\"wp-block-column\"><div id=\"destinations\" class=\"ls-cta\">\n\n<a href=\"https:\/\/www.camping-le-calagogo.fr\/ca\/camping-carcassona\/\" target=\"\" rel=\"noopener\" class=\"ls-cta__link\">\n\n\t<div class=\"ls-cta__image\"><img decoding=\"async\" src=\"https:\/\/www.camping-le-calagogo.fr\/wp-content\/uploads\/2023\/12\/sejour-camping-carcassonne.webp\" alt=\"\"><\/div>\n\t<div class=\"ls-cta__title\">\n\t\tCamping Carcasonne\t<\/div>\n\t\n\t\t\n<\/a><\/div><\/div><div class=\"wp-block-column\"><div id=\"destinations\" class=\"ls-cta\">\n\n<a href=\"https:\/\/www.camping-le-calagogo.fr\/ca\/camping-sant-andre\/\" target=\"\" rel=\"noopener\" class=\"ls-cta__link\">\n\n\t<div class=\"ls-cta__image\"><img decoding=\"async\" src=\"https:\/\/www.camping-le-calagogo.fr\/wp-content\/uploads\/2024\/01\/visiter-saint-andre.webp\" alt=\"visitar sant andre\"><\/div>\n\t<div class=\"ls-cta__title\">\n\t\tSant-Andr\u00e9\t<\/div>\n\t\n\t\t\n<\/a><\/div><\/div><\/div><\/div>\n\r\n    <\/div>\r\n<\/section>","protected":false},"excerpt":{"rendered":"","protected":false},"author":1,"featured_media":2629650,"parent":0,"menu_order":0,"comment_status":"closed","ping_status":"closed","template":"","meta":{"_acf_changed":false,"_seopress_robots_primary_cat":"","_seopress_titles_title":"","_seopress_titles_desc":"","_seopress_robots_index":"","inline_featured_image":false,"footnotes":""},"sujet":[],"class_list":["post-2708345","page","type-page","status-publish","has-post-thumbnail","hentry"],"acf":[],"_links":{"self":[{"href":"https:\/\/www.camping-le-calagogo.fr\/ca\/wp-json\/wp\/v2\/pages\/2708345","targetHints":{"allow":["GET"]}}],"collection":[{"href":"https:\/\/www.camping-le-calagogo.fr\/ca\/wp-json\/wp\/v2\/pages"}],"about":[{"href":"https:\/\/www.camping-le-calagogo.fr\/ca\/wp-json\/wp\/v2\/types\/page"}],"author":[{"embeddable":true,"href":"https:\/\/www.camping-le-calagogo.fr\/ca\/wp-json\/wp\/v2\/users\/1"}],"replies":[{"embeddable":true,"href":"https:\/\/www.camping-le-calagogo.fr\/ca\/wp-json\/wp\/v2\/comments?post=2708345"}],"version-history":[{"count":5,"href":"https:\/\/www.camping-le-calagogo.fr\/ca\/wp-json\/wp\/v2\/pages\/2708345\/revisions"}],"predecessor-version":[{"id":2832402,"href":"https:\/\/www.camping-le-calagogo.fr\/ca\/wp-json\/wp\/v2\/pages\/2708345\/revisions\/2832402"}],"wp:featuredmedia":[{"embeddable":true,"href":"https:\/\/www.camping-le-calagogo.fr\/ca\/wp-json\/wp\/v2\/media\/2629650"}],"wp:attachment":[{"href":"https:\/\/www.camping-le-calagogo.fr\/ca\/wp-json\/wp\/v2\/media?parent=2708345"}],"wp:term":[{"taxonomy":"sujet","embeddable":true,"href":"https:\/\/www.camping-le-calagogo.fr\/ca\/wp-json\/wp\/v2\/sujet?post=2708345"}],"curies":[{"name":"wp","href":"https:\/\/api.w.org\/{rel}","templated":true}]}}