{"id":2708374,"date":"2023-10-18T09:18:51","date_gmt":"2023-10-18T07:18:51","guid":{"rendered":"https:\/\/www.camping-le-calagogo.fr\/piscina\/"},"modified":"2024-01-11T01:40:26","modified_gmt":"2024-01-11T00:40:26","slug":"piscina-perpinya","status":"publish","type":"page","link":"https:\/\/www.camping-le-calagogo.fr\/ca\/camping-perpinya\/piscina-perpinya\/","title":{"rendered":"Camping amb piscina Perpiny\u00e0"},"content":{"rendered":"<section id=\"ls-section-block_b9985e9d5ab4dbc5764f1c159b5083d8\" class=\"ls-section  page-chapeau deco has-p-b p-b-4\" >\r\n        <div class=\"container \">\r\n        \n\n<h1 class=\"ls__heading wp-block-heading has-text-align-center\">Camping amb piscina<br><strong>a Perpiny\u00e0<\/strong><\/h1>\n\n\n\n<p class=\"ls-paragraph has-text-align-center\">El <strong>c\u00e0mping amb piscina a Perpiny\u00e0<\/strong> Le Cala Gogo us ofereix una estada relaxant vora el mar, a uns vint minuts de Perpiny\u00e0, als Pirineus Orientals. L&#8217;establiment de cinc estrelles disposa d&#8217;una gran zona aqu\u00e0tica amb, entre d&#8217;altres, piscines climatitzades i sol\u00e0rium, per\u00f2 tamb\u00e9 tobogans, spa climatitzat i piscina infantil per a nens. \u00c9s el lloc ideal per a unes vacances en fam\u00edlia amb els peus a l&#8217;aigua en un c\u00e0mping amb un complex aqu\u00e0tic i diverses piscines.<\/p>\n\n\r\n    <\/div>\r\n<\/section>\n\n<section id=\"ls-section-block_3b8d1475dba2bfdef76f086ce64af57d\" class=\"ls-section  page-one has-p-t p-t-0 has-p-b p-b-14\" >\r\n        <div class=\"container container--wide\">\r\n        \n\n<div class=\"wp-block-columns is-layout-flex wp-container-core-columns-is-layout-9d6595d7 wp-block-columns-is-layout-flex\">\n<div class=\"wp-block-column is-vertically-aligned-center first is-layout-flow wp-block-column-is-layout-flow\" style=\"flex-basis:66.7%\">\n<figure class=\"wp-block-image size-full\"><img decoding=\"async\" width=\"1799\" height=\"1200\" src=\"https:\/\/www.camping-le-calagogo.fr\/wp-content\/uploads\/2023\/12\/espace-aquatique-perpignan.webp\" alt=\"zona aqu\u00e0tica perpiny\u00e0\" class=\"wp-image-2629803\" srcset=\"https:\/\/www.camping-le-calagogo.fr\/wp-content\/uploads\/2023\/12\/espace-aquatique-perpignan.webp 1799w, https:\/\/www.camping-le-calagogo.fr\/wp-content\/uploads\/2023\/12\/espace-aquatique-perpignan-300x200.webp 300w, https:\/\/www.camping-le-calagogo.fr\/wp-content\/uploads\/2023\/12\/espace-aquatique-perpignan-1024x683.webp 1024w, https:\/\/www.camping-le-calagogo.fr\/wp-content\/uploads\/2023\/12\/espace-aquatique-perpignan-768x512.webp 768w, https:\/\/www.camping-le-calagogo.fr\/wp-content\/uploads\/2023\/12\/espace-aquatique-perpignan-1536x1025.webp 1536w\" sizes=\"(max-width: 1799px) 100vw, 1799px\" \/><\/figure>\n<\/div>\n\n\n\n<div class=\"wp-block-column is-vertically-aligned-center second is-layout-flow wp-block-column-is-layout-flow\" style=\"flex-basis:33.3%\">\n<h2 class=\"ls__heading wp-block-heading\">Una zona aqu\u00e0tica de 600 m\u00b2<\/h2>\n\n\n\n<p class=\"ls-paragraph\">La zona aqu\u00e0tica i la seva piscina exterior s\u00f3n un lloc de relax i lleure per a adults i nens. Et d\u00f3na la benvinguda en un entorn que no podria ser m\u00e9s encantador. De fet, l&#8217;espai est\u00e0 plantat d&#8217;arbres al voltant de la piscina, oferint un rac\u00f3 de verdor propici per rejovenir.<\/p>\n\n\n\n<p class=\"ls-paragraph\">Els residents del <strong>c\u00e0mping de Perpiny\u00e0 amb piscina<\/strong> tenen a la seva disposici\u00f3 diverses zones de bany. El m\u00e9s important d&#8217;ells \u00e9s sens dubte les nostres piscines climatitzades.<\/p>\n<\/div>\n<\/div>\n\n\r\n    <\/div>\r\n<\/section>\n\n<section id=\"ls-section-block_73fe7d0f329a77b236f3be1bee9a03f5\" class=\"ls-section  page-two mosaique has-background has-color-4-background-color has-p-t p-t-14 has-p-b p-b-14\" >\r\n        <div class=\"container container--wide\">\r\n        \n\n<div class=\"wp-block-columns is-layout-flex wp-container-core-columns-is-layout-9d6595d7 wp-block-columns-is-layout-flex\">\n<div class=\"wp-block-column is-vertically-aligned-center is-layout-flow wp-block-column-is-layout-flow\">\n<p class=\"ls-paragraph\">Aquesta piscina us d\u00f3na la benvinguda tant per relaxar-vos despr\u00e9s d&#8217;un dia de senderisme com per gaudir d&#8217;una bella tarda amb la fam\u00edlia o els amics, per exemple. Tamb\u00e9 \u00e9s el lloc perfecte per fer esport i fer exercici f\u00edsic.<\/p>\n\n\n\n<p class=\"ls-paragraph\">Despr\u00e9s de perfeccionar el teu gateig, gaudeix d&#8217;uns merescuts moments de relaxaci\u00f3 al sol\u00e0rium al voltant de la piscina. Aquesta zona de relaxaci\u00f3 \u00e9s especialment popular entre els campistes, molts dels quals gaudeixen de l&#8217;ombra de les barraques de palla.<\/p>\n\n\n\n<p class=\"ls-paragraph\">La zona aqu\u00e0tica del teu <a href=\"https:\/\/www.camping-le-calagogo.fr\/ca\/camping-perpinya\/barat\/\" data-type=\"page\" data-id=\"2708475\">c\u00e0mping barat de Perpiny\u00e0<\/a> tamb\u00e9 inclou zones de bany per a nens, adolescents i tota la fam\u00edlia.<\/p>\n\n\n\n<p class=\"ls-paragraph\">Els nens tindran l&#8217;oportunitat de divertir-se o refrescar-se amb seguretat a la piscina infantil climatitzada, sota la supervisi\u00f3 d&#8217;un adult. Aquesta piscina de poca profunditat \u00e9s un lloc ideal per a la interacci\u00f3 dels m\u00e9s petits, igual que el miniclub. El mateix passa amb el tobogan on t&#8217;esperen rialles i esquitxades.<\/p>\n<\/div>\n\n\n\n<div class=\"wp-block-column is-vertically-aligned-center is-layout-flow wp-block-column-is-layout-flow\">\n<figure class=\"wp-block-image size-full\"><img decoding=\"async\" width=\"1632\" height=\"1200\" src=\"https:\/\/www.camping-le-calagogo.fr\/wp-content\/uploads\/2023\/12\/pataugeoire-piscine-enfant.webp\" alt=\"piscina infantil piscina infantil\" class=\"wp-image-2629847\" srcset=\"https:\/\/www.camping-le-calagogo.fr\/wp-content\/uploads\/2023\/12\/pataugeoire-piscine-enfant.webp 1632w, https:\/\/www.camping-le-calagogo.fr\/wp-content\/uploads\/2023\/12\/pataugeoire-piscine-enfant-300x221.webp 300w, https:\/\/www.camping-le-calagogo.fr\/wp-content\/uploads\/2023\/12\/pataugeoire-piscine-enfant-1024x753.webp 1024w, https:\/\/www.camping-le-calagogo.fr\/wp-content\/uploads\/2023\/12\/pataugeoire-piscine-enfant-768x565.webp 768w, https:\/\/www.camping-le-calagogo.fr\/wp-content\/uploads\/2023\/12\/pataugeoire-piscine-enfant-1536x1129.webp 1536w\" sizes=\"(max-width: 1632px) 100vw, 1632px\" \/><\/figure>\n<\/div>\n<\/div>\n\n\r\n    <\/div>\r\n<\/section>\n\n<section id=\"ls-section-block_5e6fdce35bffcc9d838cfb4ed237c7f2\" class=\"ls-section  section-parallax has-background-image has-parallax has-background has-color-black-background-color has-p-t p-t-30 has-p-b p-b-0\" >\r\n    <div class=\"ls-section__background-image opacity-58\"><img decoding=\"async\" src=\"https:\/\/www.camping-le-calagogo.fr\/wp-content\/uploads\/2023\/12\/piscine-toboggan-perpignan.webp\" alt=\"\"><\/div>    <div class=\"container container--wide\">\r\n        \n\n<div id=\"ls-heading ls-titre-div-block_0da4839053df6e36e06b5dd64956db1d\" class=\"ls-titre-div m-right aligncenter h1-like\" >\n    Activitats <em>aqu\u00e0tiques<\/em><\/div>\n\n\n\n<div class=\"wp-block-columns has-color-white-background-color has-background is-layout-flex wp-container-core-columns-is-layout-9d6595d7 wp-block-columns-is-layout-flex\">\n<div class=\"wp-block-column is-layout-flow wp-block-column-is-layout-flow\">\n<h2 class=\"ls__heading wp-block-heading has-text-align-center\">Camping Perpiny\u00e0 amb parc aqu\u00e0tic<\/h2>\n\n\n\n<p class=\"ls-paragraph has-text-align-center\">Ja sigui per relaxar-se despr\u00e9s d&#8217;un dia ple d&#8217;activitats, com per divertir-se amb nens o amics, la zona aqu\u00e0tica \u00e9s el lloc ideal. <a href=\"https:\/\/www.camping-le-calagogo.fr\/ca\/\" data-type=\"page\" data-id=\"9\">El c\u00e0mping Le Cala Gogo<\/a> \u00e9s reconegut per la qualitat i la modernitat de les seves infraestructures. I aix\u00f2 tamb\u00e9 s&#8217;aplica als que conformen la zona aqu\u00e0tica.<\/p>\n\n\n\n<p class=\"ls-paragraph has-text-align-center\">Per als moments de relaxaci\u00f3, per exemple, els dolls de massatge donaran un gran plaer als campistes. Tamb\u00e9 podran gaudir de l&#8217;ombra de les barraques de palla \u2013i de la bellesa del paisatge que creen\u2013 al voltant de la piscina climatitzada. Els nens no es queden fora. El <strong>c\u00e0mping amb piscina de Perpiny\u00e0<\/strong> \u00e9s un dels pocs establiments exteriors de la comarca que disposa d&#8217;una piscina infantil climatitzada.<\/p>\n\n\n\n<p class=\"ls-paragraph has-text-align-center\">Les zones de bany reservades als m\u00e9s petits els permetran divertir-se amb altres nens sense allunyar-se massa del vostre <a href=\"https:\/\/www.camping-le-calagogo.fr\/ca\/camping-perpinya\/autocaravana-perpinya\/\" data-type=\"page\" data-id=\"82\">lloguer de mobil home a Perpiny\u00e0<\/a> . Amb jocs d&#8217;aigua i tobogans, no s&#8217;avorriran durant les seves vacances als Pirineus Orientals.<\/p>\n<\/div>\n<\/div>\n\n\r\n    <\/div>\r\n<\/section>\n\n<section id=\"ls-section-block_53494d623acde4c074075f46412cb2b9\" class=\"ls-section  page-three has-p-t p-t-14\" >\r\n        <div class=\"container container--wide\">\r\n        \n\n<div class=\"wp-block-columns is-layout-flex wp-container-core-columns-is-layout-9d6595d7 wp-block-columns-is-layout-flex\">\n<div class=\"wp-block-column first is-layout-flow wp-block-column-is-layout-flow\">\n<figure class=\"wp-block-image size-full\"><img decoding=\"async\" width=\"1800\" height=\"1200\" src=\"https:\/\/www.camping-le-calagogo.fr\/wp-content\/uploads\/2023\/12\/camping-piscine-chauffee-perpignan.webp\" alt=\"C\u00e0mping piscina climatitzada perpiny\u00e0\" class=\"wp-image-2629795\" srcset=\"https:\/\/www.camping-le-calagogo.fr\/wp-content\/uploads\/2023\/12\/camping-piscine-chauffee-perpignan.webp 1800w, https:\/\/www.camping-le-calagogo.fr\/wp-content\/uploads\/2023\/12\/camping-piscine-chauffee-perpignan-300x200.webp 300w, https:\/\/www.camping-le-calagogo.fr\/wp-content\/uploads\/2023\/12\/camping-piscine-chauffee-perpignan-1024x683.webp 1024w, https:\/\/www.camping-le-calagogo.fr\/wp-content\/uploads\/2023\/12\/camping-piscine-chauffee-perpignan-768x512.webp 768w, https:\/\/www.camping-le-calagogo.fr\/wp-content\/uploads\/2023\/12\/camping-piscine-chauffee-perpignan-1536x1024.webp 1536w\" sizes=\"(max-width: 1800px) 100vw, 1800px\" \/><\/figure>\n<\/div>\n\n\n\n<div class=\"wp-block-column is-vertically-aligned-top second is-layout-flow wp-block-column-is-layout-flow\">\n<h2 class=\"ls__heading wp-block-heading has-text-align-left\">Una piscina vigilada<\/h2>\n\n\n\n<p class=\"ls-paragraph\">Durant els mesos de juliol i agost hi ha vigil\u00e0ncia de nataci\u00f3. Per tant, les zones de bany per als nens s\u00f3n segures perqu\u00e8 puguin divertir-se amb total seguretat.<\/p>\n\n\n\n<p class=\"ls-paragraph\">La pres\u00e8ncia dels responsables <a href=\"https:\/\/www.camping-le-calagogo.fr\/ca\/camping-perpinya\/\" data-type=\"page\" data-id=\"2291\">del c\u00e0mping de Perpiny\u00e0 Le Cala Gogo<\/a> , per\u00f2, no seria suficient si no es respect\u00e9s la normativa interna relativa a la zona aqu\u00e0tica.<\/p>\n\n\n\n<p class=\"ls-paragraph\">Per exemple, \u00e9s important que un adult que els acompanya vigila els seus fills mentre es diverteixen a la piscina infantil o al tobogan.<\/p>\n<\/div>\n<\/div>\n\n\r\n    <\/div>\r\n<\/section>\n\n<section id=\"ls-section-block_73fe7d0f329a77b236f3be1bee9a03f5\" class=\"ls-section  page-two mosaique has-background has-color-4-background-color has-p-t p-t-14 has-p-b p-b-14\" >\r\n        <div class=\"container container--wide\">\r\n        \n\n<div class=\"wp-block-columns is-layout-flex wp-container-core-columns-is-layout-9d6595d7 wp-block-columns-is-layout-flex\">\n<div class=\"wp-block-column is-vertically-aligned-center is-layout-flow wp-block-column-is-layout-flow\">\n<h2 class=\"ls__heading wp-block-heading\">Camping de Perpiny\u00e0 amb piscines climatitzades<\/h2>\n\n\n\n<p class=\"ls-paragraph\">Les piscines climatitzades s\u00f3n un dels llocs de relaxaci\u00f3 populars per als campistes. Algunes persones es salten a l&#8217;aigua per relaxar-se despr\u00e9s de fer una activitat esportiva.<\/p>\n\n\n\n<p class=\"ls-paragraph\">Si tens pensat, per exemple, participar en algun dels molts tornejos esportius que organitzen les activitats de l&#8217;establiment, sens dubte voldr\u00e0s passar uns minuts en una piscina climatitzada despr\u00e9s d&#8217;haver-te esfor\u00e7at f\u00edsicament. La piscina climatitzada tamb\u00e9 \u00e9s un espai on pots fer voltes de nataci\u00f3, per perfeccionar el teu gateig per exemple.<\/p>\n\n\n\n<p class=\"ls-paragraph\"><strong>El c\u00e0mping de Perpiny\u00e0 amb piscina<\/strong> promet unes fant\u00e0stiques vacances al costat del mar, amb diverses activitats de descoberta, relax i esport. I l&#8217;espai aqu\u00e0tic juga un paper important en aquesta perspectiva.<\/p>\n<\/div>\n\n\n\n<div class=\"wp-block-column is-vertically-aligned-center is-layout-flow wp-block-column-is-layout-flow\">\n<figure class=\"wp-block-image size-full\"><img decoding=\"async\" width=\"1800\" height=\"1200\" src=\"https:\/\/www.camping-le-calagogo.fr\/wp-content\/uploads\/2023\/12\/baignade-piscine-chauffee-camping.webp\" alt=\"piscina climatitzada c\u00e0mping\" class=\"wp-image-2629864\" srcset=\"https:\/\/www.camping-le-calagogo.fr\/wp-content\/uploads\/2023\/12\/baignade-piscine-chauffee-camping.webp 1800w, https:\/\/www.camping-le-calagogo.fr\/wp-content\/uploads\/2023\/12\/baignade-piscine-chauffee-camping-300x200.webp 300w, https:\/\/www.camping-le-calagogo.fr\/wp-content\/uploads\/2023\/12\/baignade-piscine-chauffee-camping-1024x683.webp 1024w, https:\/\/www.camping-le-calagogo.fr\/wp-content\/uploads\/2023\/12\/baignade-piscine-chauffee-camping-768x512.webp 768w, https:\/\/www.camping-le-calagogo.fr\/wp-content\/uploads\/2023\/12\/baignade-piscine-chauffee-camping-1536x1024.webp 1536w\" sizes=\"(max-width: 1800px) 100vw, 1800px\" \/><\/figure>\n<\/div>\n<\/div>\n\n\r\n    <\/div>\r\n<\/section>\n\n<section id=\"ls-section-block_553a2125d9c9d767f4ec279bb51dd034\" class=\"ls-section  page-maillage has-p-b p-b-14\" >\r\n        <div class=\"container container--wide\">\r\n        \n\n<div id=\"ls-heading ls-titre-div-block_b3e53af69661dda2ab66fd1931d97a08\" class=\"ls-titre-div m-left h2-like\" >\n    Cases m\u00f2bils i preus<\/br> del c\u00e0mping a Perpiny\u00e0<\/div>\n\n\n<div id=\"ls-maillage-block_a0757d92e357172e753291d13c15927f\" class=\"ls-maillage cta-style-normal\" data-rows=\"3\">\n    <div class=\"wp-block-columns  \"><div class=\"wp-block-column\"><div id=\"destinations\" class=\"ls-cta\">\n\n<a href=\"https:\/\/www.camping-le-calagogo.fr\/ca\/camping-perpinya\/autocaravana-perpinya\/\" target=\"\" rel=\"noopener\" class=\"ls-cta__link\">\n\n\t<div class=\"ls-cta__image\"><img decoding=\"async\" src=\"https:\/\/www.camping-le-calagogo.fr\/wp-content\/uploads\/2023\/12\/louer-hebergement-perpignan.webp\" alt=\"\"><\/div>\n\t<div class=\"ls-cta__title\">\n\t\tCases m\u00f2bils Perpiny\u00e0\t<\/div>\n\t\n\t\t\n<\/a><\/div><\/div><div class=\"wp-block-column\"><div id=\"destinations\" class=\"ls-cta\">\n\n<a href=\"https:\/\/www.camping-le-calagogo.fr\/ca\/camping-perpinya\/barat\/\" target=\"\" rel=\"noopener\" class=\"ls-cta__link\">\n\n\t<div class=\"ls-cta__image\"><img decoding=\"async\" src=\"https:\/\/www.camping-le-calagogo.fr\/wp-content\/uploads\/2023\/12\/louer-mobil-home-perpignan.webp\" alt=\"louer mobil home\"><\/div>\n\t<div class=\"ls-cta__title\">\n\t\tCamping econ\u00f2mic Perpiny\u00e0\t<\/div>\n\t\n\t\t\n<\/a><\/div><\/div><div class=\"wp-block-column\"><div id=\"destinations\" class=\"ls-cta\">\n\n<a href=\"https:\/\/www.camping-le-calagogo.fr\/ca\/camping-perpinya\/\" target=\"\" rel=\"noopener\" class=\"ls-cta__link\">\n\n\t<div class=\"ls-cta__image\"><img decoding=\"async\" src=\"https:\/\/www.camping-le-calagogo.fr\/wp-content\/uploads\/2023\/12\/camping-perpignan.webp\" alt=\"\"><\/div>\n\t<div class=\"ls-cta__title\">\n\t\tCamping Perpiny\u00e0\t<\/div>\n\t\n\t\t\n<\/a><\/div><\/div><\/div><\/div>\n\r\n    <\/div>\r\n<\/section>","protected":false},"excerpt":{"rendered":"","protected":false},"author":1,"featured_media":2629837,"parent":2708668,"menu_order":0,"comment_status":"closed","ping_status":"closed","template":"","meta":{"_acf_changed":false,"_seopress_robots_primary_cat":"","_seopress_titles_title":"Camping Perpiny\u00e0 amb piscina | Parc aqu\u00e0tic, tobogans a Perpiny\u00e0","_seopress_titles_desc":"","_seopress_robots_index":"","inline_featured_image":false,"footnotes":""},"sujet":[],"class_list":["post-2708374","page","type-page","status-publish","has-post-thumbnail","hentry"],"acf":[],"_links":{"self":[{"href":"https:\/\/www.camping-le-calagogo.fr\/ca\/wp-json\/wp\/v2\/pages\/2708374","targetHints":{"allow":["GET"]}}],"collection":[{"href":"https:\/\/www.camping-le-calagogo.fr\/ca\/wp-json\/wp\/v2\/pages"}],"about":[{"href":"https:\/\/www.camping-le-calagogo.fr\/ca\/wp-json\/wp\/v2\/types\/page"}],"author":[{"embeddable":true,"href":"https:\/\/www.camping-le-calagogo.fr\/ca\/wp-json\/wp\/v2\/users\/1"}],"replies":[{"embeddable":true,"href":"https:\/\/www.camping-le-calagogo.fr\/ca\/wp-json\/wp\/v2\/comments?post=2708374"}],"version-history":[{"count":6,"href":"https:\/\/www.camping-le-calagogo.fr\/ca\/wp-json\/wp\/v2\/pages\/2708374\/revisions"}],"predecessor-version":[{"id":2826197,"href":"https:\/\/www.camping-le-calagogo.fr\/ca\/wp-json\/wp\/v2\/pages\/2708374\/revisions\/2826197"}],"up":[{"embeddable":true,"href":"https:\/\/www.camping-le-calagogo.fr\/ca\/wp-json\/wp\/v2\/pages\/2708668"}],"wp:featuredmedia":[{"embeddable":true,"href":"https:\/\/www.camping-le-calagogo.fr\/ca\/wp-json\/wp\/v2\/media\/2629837"}],"wp:attachment":[{"href":"https:\/\/www.camping-le-calagogo.fr\/ca\/wp-json\/wp\/v2\/media?parent=2708374"}],"wp:term":[{"taxonomy":"sujet","embeddable":true,"href":"https:\/\/www.camping-le-calagogo.fr\/ca\/wp-json\/wp\/v2\/sujet?post=2708374"}],"curies":[{"name":"wp","href":"https:\/\/api.w.org\/{rel}","templated":true}]}}