{"id":2708408,"date":"2023-10-18T09:39:04","date_gmt":"2023-10-18T07:39:04","guid":{"rendered":"https:\/\/www.camping-le-calagogo.fr\/caravaning-location-argeles-sur-mer\/"},"modified":"2024-09-03T12:17:59","modified_gmt":"2024-09-03T10:17:59","slug":"caravaning-location-argeles-sur-mer","status":"publish","type":"page","link":"https:\/\/www.camping-le-calagogo.fr\/ca\/camping-argeles-sur-mer\/caravaning-location-argeles-sur-mer\/","title":{"rendered":"Ubicaci\u00f3 d&#8217;Argeles"},"content":{"rendered":"<section id=\"ls-section-block_387db50c269602a73c3755d122840fdb\" class=\"ls-section  page-chapeau deco has-p-b p-b-4\" >\r\n        <div class=\"container \">\r\n        \n\n<h1 class=\"ls__heading wp-block-heading has-text-align-center\">Parcel\u00b7la d&#8217;acampada a Argel\u00e8s sur Mer <strong>als Pirineus Orientals<\/strong><\/h1>\n\n\n\n<p class=\"ls-paragraph has-text-align-center\">El <a href=\"https:\/\/www.camping-le-calagogo.fr\/ca\/camping-argeles-sur-mer\/\" data-type=\"page\" data-id=\"2272\">c\u00e0mping situat a prop d&#8217;Argel\u00e8s-sur-Mer<\/a> us ofereix, a m\u00e9s del lloguer de mobil-home, dos paquets per a la vostra <a href=\"https:\/\/www.camping-le-calagogo.fr\/ca\/parcelles-caravaning-saint-cyprien\/\" data-type=\"page\" data-id=\"90\">estada en caravaning a Saint-Cyprien<\/a> : el <strong>paquet est\u00e0ndard<\/strong> (electricitat 10A) i el <strong>paquet alt confort<\/strong> (electricitat 10A i evacuacions).  <\/p>\n\n\r\n    <\/div>\r\n<\/section>\n\n<section id=\"ls-section-block_46e0e9f285aa9162bb12faaff691c46e\" class=\"ls-section  has-m-t m-t-1 has-p-t p-t-0\" >\r\n        <div class=\"container container--wide\">\r\n        \n\n<ctv-availability data-product-type=\"pitch\" data-background-color=\"#FFFFFFFF\"><\/ctv-availability>\n<script>\n    window.ctoutvert = {\n\t\tid: 2224, \n\t\tlang: 'auto', \n\t\turl: 'https:\/\/reservation.secureholiday.net\/widgets\/'\n    };\n\n    (function (w, d, s, ctv, r, js, fjs) {\n        r=new XMLHttpRequest();r.open('GET',w[ctv].url+'js\/src.json');\n        r.responseType='json';r.json=true;r.send();\n        r.onload=function(){w[ctv].src=r.responseType=='json'?r.response:JSON.parse(r.response);\n        js.src=w[ctv].src[0];fjs.parentNode.insertBefore(js, fjs);}\n        js=d.createElement(s),fjs=d.getElementsByTagName(s)[0];\n        js.id='ctvwidget';js.async=1;\n    }(window, document, 'script', 'ctoutvert'));\n<\/script>\n\n\r\n    <\/div>\r\n<\/section>\n\n<section id=\"ls-section-block_8cc146d1e84e342490ac5b7ab63ca54e\" class=\"ls-section  page-one mosaique has-background has-color-4-background-color has-p-t p-t-14 has-p-b p-b-14\" >\r\n        <div class=\"container container--wide\">\r\n        \n\n<div class=\"wp-block-columns is-layout-flex wp-container-core-columns-is-layout-9d6595d7 wp-block-columns-is-layout-flex\">\n<div class=\"wp-block-column m-r-4 is-layout-flow wp-block-column-is-layout-flow\">\n<h2 class=\"ls__heading wp-block-heading\">400 parcel\u00b7les per a tendes de campanya prop d&#8217;Argel\u00e8s sur Mer<\/h2>\n\n\n\n<p class=\"ls-paragraph\">Ets aficionat a <strong>les vacances de c\u00e0mping<\/strong> i vols llogar un c\u00e0mping a Argeles sur Mer? Disposem de m\u00e9s de <strong>400 parcel\u00b7les per a tendes de campanya a 15 minuts d&#8217; Argel\u00e8s sur Mer<\/strong> per a unes vacances al costat del mar als Pirineus Orientals en una <a href=\"https:\/\/www.camping-le-calagogo.fr\/ca\/camping-argeles-sur-mer\/economic-camping-argeles-sur-mer\/\" data-type=\"page\" data-id=\"2708493\">ubicaci\u00f3 econ\u00f2mica<\/a> .<\/p>\n\n\n\n<p class=\"ls-paragraph\">Instal\u00b7leu-vos als nostres amplis <a href=\"https:\/\/www.camping-le-calagogo.fr\/ca\/\" data-type=\"page\" data-id=\"9\">c\u00e0mpings a Saint-Cyprien<\/a> , desplegueu la tenda, aparqueu el cotxe o la <strong>caravana\/autocaravana<\/strong> , les vostres vacances a la vora del mar Mediterrani s\u00f3n vostres.<\/p>\n<\/div>\n\n\n\n<div class=\"wp-block-column m-l-4 is-layout-flow wp-block-column-is-layout-flow\">\n<h2 class=\"ls__heading wp-block-heading\">Acampada en parcel\u00b7la per a tendes de caravaning a prop d&#8217;Argel\u00e8s<\/h2>\n\n\n\n<ul class=\"ls-list wp-block-list\">\n\n<li>Per a la teva autocaravana o caravana, <strong>gaudeix d&#8217;\u00e0mplies parcel\u00b7les<\/strong><\/li>\n\n\n<li>Trieu un c\u00e0mping <strong>amb electricitat<\/strong><\/li>\n\n\n<li>O parcel\u00b7les c\u00f2modes amb <strong>llum, aigua i desgu\u00e0s<\/strong><\/li>\n\n<\/ul>\n\n\n\n<p class=\"ls-paragraph\">A m\u00e9s, els avantatges de reservar una parcel\u00b7la a Cala gogo s\u00f3n que pots gaudir de la piscina a prop d&#8217;Argel\u00e8s-sur-Mer aix\u00ed com de tarifes assequibles.<\/p>\n\n\n\n<p class=\"ls-paragraph\">Contacta amb nosaltres i tria la <strong>millor parcel\u00b7la per a tendes, caravanes i autocaravanes a prop d&#8217;Argel\u00e8s<\/strong> per a les teves vacances en caravaning a la vora del mar Mediterrani mentre gaudeixes d&#8217;activitats com <strong>jocs infantils o vetllades tem\u00e0tiques<\/strong> .<\/p>\n<\/div>\n<\/div>\n\n\r\n    <\/div>\r\n<\/section>\n\n<section id=\"ls-section-block_74b5b8e3dbd5f60d7f78861639572557\" class=\"ls-section  page-one\" >\r\n        <div class=\"container container--wide\">\r\n        \n\n<div class=\"wp-block-columns is-layout-flex wp-container-core-columns-is-layout-9d6595d7 wp-block-columns-is-layout-flex\">\n<div class=\"wp-block-column m-r-4 is-layout-flow wp-block-column-is-layout-flow\">\n<h2 class=\"ls__heading wp-block-heading has-text-align-left\">Vacances en un c\u00e0mping prop d&#8217;Argel\u00e8s sur Mer<\/h2>\n\n\n\n<p class=\"ls-paragraph has-text-align-left\">Durant la teva estada en tenda de campanya o caravana al c\u00e0mping prop d&#8217;Argel\u00e8s-sur-mer, l&#8217;estaci\u00f3 costanera m\u00e9s popular de Fran\u00e7a, <strong>gaudir\u00e0s de la platja<\/strong> , de la zona aqu\u00e0tica climatitzada amb la fam\u00edlia i d&#8217;excursions en vaixell gr\u00e0cies a les quals, al juliol i A l&#8217;agost, potser podreu veure un dof\u00ed!<\/p>\n\n\n\n<p class=\"ls-paragraph has-text-align-left\">A les  <strong>C\u00e0mping familiar de 5 estrelles a prop d&#8217;Argel\u00e8s<\/strong>, tenim m\u00e9s de  <strong>400 ubicacions<\/strong>  vora el mar a Saint Cyprien reservat per a c\u00e0mping pur per a les vostres vacances de c\u00e0mping que us permetran a m\u00e9s de gaudir dels plaers del c\u00e0mping natural i tradicional, poder gaudir de la regi\u00f3 d&#8217;Argeles sur mer.<\/p>\n\n\n\n<p class=\"ls-paragraph has-text-align-left\">Durant la teva estada en caravaning a prop de la localitat mar\u00edtima d&#8217;Argel\u00e8s-sur-mer, al millor preu, en 5 estrelles,  <strong>en parella, amb amics o en fam\u00edlia<\/strong>, gaudeix de la piscina exterior, piscina climatitzada, animaci\u00f3, club infantil, jocs per a nens, lliurament de pa, vetllades tem\u00e0tiques i tots els serveis de Cala Gogo.<\/p>\n<\/div>\n\n\n\n<div class=\"wp-block-column m-l-4 is-layout-flow wp-block-column-is-layout-flow\">\n<h2 class=\"ls__heading wp-block-heading\">Consulteu els nostres diferents rangs d&#8217;ubicacions<\/h2>\n\n\n\n<p class=\"ls-paragraph\">Descobreix els nostres diferents models de parcel\u00b7les a Argeles sur Mer.<\/p>\n\n\n\n<ul class=\"ls-list wp-block-list\">\n\n<li>Parcel\u00b7la d&#8217;acampada prop d&#8217;Argel\u00e8s amb paquet est\u00e0ndard.<\/li>\n\n\n<li>Parcel\u00b7la de c\u00e0mping a 15 minuts del paquet vacacional d&#8217;Argel\u00e8s amb gran comoditat.<\/li>\n\n\n<li>Des de l&#8217;estiu de 2019, Cala Gogo ha afegit parcel\u00b7les addicionals Grand Comfort molt a prop de l&#8217;entrada de la platja. Sempre m\u00e9s, per satisfer els nostres amics campistes.<\/li>\n\n<\/ul>\n\n\n\n<p class=\"ls-paragraph\">Pots trucar a la recepci\u00f3 del c\u00e0mping prop d&#8217;Argeles per a m\u00e9s informaci\u00f3 sobre les nostres ofertes de parcel\u00b7les de caravaning.<\/p>\n\n\n\n<p class=\"ls-paragraph\">Tamb\u00e9 podeu beneficiar-vos de les nostres targetes <a href=\"https:\/\/www.camping-le-calagogo.fr\/ca\/camping-acsi-saint-cyprien\/\" data-type=\"page\" data-id=\"118\">ACSI<\/a> , <a href=\"https:\/\/www.camping-le-calagogo.fr\/ca\/camping-anwb-saint-cyprien\/\" data-type=\"page\" data-id=\"126\">ANWB<\/a> , <a href=\"https:\/\/www.camping-le-calagogo.fr\/ca\/camping-adac-saint-cyprien\/\" data-type=\"page\" data-id=\"122\">ADAC<\/a> .<\/p>\n<\/div>\n<\/div>\n\n\r\n    <\/div>\r\n<\/section>\n\n<section id=\"ls-section-block_e00d8ddd5a09d2d8aa23ae8b492b92bf\" class=\"ls-section  page-maillage has-p-b p-b-14\" >\r\n        <div class=\"container container--wide\">\r\n        \n\n<div id=\"ls-heading ls-titre-div-block_9ae78ebffe12019d68b820cf6833d86e\" class=\"ls-titre-div m-left h2-like\" >\n    Descobreix l&#8217;allotjament,<\/br> serveis i els nostres preus!<\/div>\n\n\n<div id=\"ls-maillage-block_fb2f2b43494d084c743093cb5ae4f81f\" class=\"ls-maillage cta-style-normal\" data-rows=\"3\">\n    <div class=\"wp-block-columns  \"><div class=\"wp-block-column\"><div id=\"destinations\" class=\"ls-cta\">\n\n<a href=\"https:\/\/www.camping-le-calagogo.fr\/ca\/camping-serveis-pirineus-orientals\/\" target=\"\" rel=\"noopener\" class=\"ls-cta__link\">\n\n\t<div class=\"ls-cta__image\"><img decoding=\"async\" src=\"https:\/\/www.camping-le-calagogo.fr\/wp-content\/uploads\/2023\/12\/epicerie-languedoc.webp\" alt=\"\"><\/div>\n\t<div class=\"ls-cta__title\">\n\t\tServeis i empreses\t<\/div>\n\t\n\t\t\n<\/a><\/div><\/div><div class=\"wp-block-column\"><div id=\"destinations\" class=\"ls-cta\">\n\n<a href=\"https:\/\/www.camping-le-calagogo.fr\/ca\/lloguer-mobil-home-llenguadoc-rossello\/\" target=\"\" rel=\"noopener\" class=\"ls-cta__link\">\n\n\t<div class=\"ls-cta__image\"><img decoding=\"async\" src=\"https:\/\/www.camping-le-calagogo.fr\/wp-content\/uploads\/2023\/12\/sejour-mobil-home-pyrenees-orientales.webp\" alt=\"\"><\/div>\n\t<div class=\"ls-cta__title\">\n\t\tCases m\u00f2bils\t<\/div>\n\t\n\t\t\n<\/a><\/div><\/div><div class=\"wp-block-column\"><div id=\"destinations\" class=\"ls-cta\">\n\n<a href=\"https:\/\/www.camping-le-calagogo.fr\/ca\/barat-camping-llenguadoc-rossello\/\" target=\"\" rel=\"noopener\" class=\"ls-cta__link\">\n\n\t<div class=\"ls-cta__image\"><img decoding=\"async\" src=\"https:\/\/www.camping-le-calagogo.fr\/wp-content\/uploads\/2023\/12\/camping-reception.webp\" alt=\"\"><\/div>\n\t<div class=\"ls-cta__title\">\n\t\tPreus\t<\/div>\n\t\n\t\t\n<\/a><\/div><\/div><\/div><\/div>\n\r\n    <\/div>\r\n<\/section>","protected":false},"excerpt":{"rendered":"","protected":false},"author":1,"featured_media":2630349,"parent":2708633,"menu_order":0,"comment_status":"closed","ping_status":"closed","template":"","meta":{"_acf_changed":false,"_seopress_robots_primary_cat":"","_seopress_titles_title":"Parcel\u00b7la per a tendes de campanya Saint-Cyprien - Caravaning al Camping Cala Gogo","_seopress_titles_desc":"M\u00e9s informaci\u00f3 sobre el lloguer de parcel\u00b7les per a 2 persones al c\u00e0mping Cala Gogo a Saint Cyprien","_seopress_robots_index":"","inline_featured_image":false,"footnotes":""},"sujet":[],"class_list":["post-2708408","page","type-page","status-publish","has-post-thumbnail","hentry"],"acf":[],"_links":{"self":[{"href":"https:\/\/www.camping-le-calagogo.fr\/ca\/wp-json\/wp\/v2\/pages\/2708408","targetHints":{"allow":["GET"]}}],"collection":[{"href":"https:\/\/www.camping-le-calagogo.fr\/ca\/wp-json\/wp\/v2\/pages"}],"about":[{"href":"https:\/\/www.camping-le-calagogo.fr\/ca\/wp-json\/wp\/v2\/types\/page"}],"author":[{"embeddable":true,"href":"https:\/\/www.camping-le-calagogo.fr\/ca\/wp-json\/wp\/v2\/users\/1"}],"replies":[{"embeddable":true,"href":"https:\/\/www.camping-le-calagogo.fr\/ca\/wp-json\/wp\/v2\/comments?post=2708408"}],"version-history":[{"count":17,"href":"https:\/\/www.camping-le-calagogo.fr\/ca\/wp-json\/wp\/v2\/pages\/2708408\/revisions"}],"predecessor-version":[{"id":2845753,"href":"https:\/\/www.camping-le-calagogo.fr\/ca\/wp-json\/wp\/v2\/pages\/2708408\/revisions\/2845753"}],"up":[{"embeddable":true,"href":"https:\/\/www.camping-le-calagogo.fr\/ca\/wp-json\/wp\/v2\/pages\/2708633"}],"wp:featuredmedia":[{"embeddable":true,"href":"https:\/\/www.camping-le-calagogo.fr\/ca\/wp-json\/wp\/v2\/media\/2630349"}],"wp:attachment":[{"href":"https:\/\/www.camping-le-calagogo.fr\/ca\/wp-json\/wp\/v2\/media?parent=2708408"}],"wp:term":[{"taxonomy":"sujet","embeddable":true,"href":"https:\/\/www.camping-le-calagogo.fr\/ca\/wp-json\/wp\/v2\/sujet?post=2708408"}],"curies":[{"name":"wp","href":"https:\/\/api.w.org\/{rel}","templated":true}]}}