{"id":2708419,"date":"2023-10-18T09:13:18","date_gmt":"2023-10-18T07:13:18","guid":{"rendered":"https:\/\/www.camping-le-calagogo.fr\/camping-al-mar-argeles-sur-mer\/"},"modified":"2024-09-03T14:31:17","modified_gmt":"2024-09-03T12:31:17","slug":"camping-al-mar-argeles-sur-mer","status":"publish","type":"page","link":"https:\/\/www.camping-le-calagogo.fr\/ca\/camping-argeles-sur-mer\/camping-al-mar-argeles-sur-mer\/","title":{"rendered":"Mar d&#8217;Argel\u00e8s-sur-Mer"},"content":{"rendered":"<section id=\"ls-section-block_8c6b477529fc5adc124d0c40574e9942\" class=\"ls-section  page-chapeau deco has-p-b p-b-4\" >\r\n        <div class=\"container \">\r\n        \n\n<h1 class=\"ls__heading wp-block-heading has-text-align-center\">Camping al costat del mar<br><strong>Argeles sur Mer<\/strong><\/h1>\n\n\n\n<p class=\"ls-paragraph has-text-align-center\">Busques un <strong>c\u00e0mping a prop d&#8217;Argeles vora el mar?<\/strong> Somies amb unes vacances <strong>a prop del mar?<\/strong> Vols combinar negocis amb plaer gaudint d&#8217;una <strong>estada assolellada amb els teus \u00e9ssers estimats<\/strong> sense trencar el banc a la vora del Mediterrani?<\/p>\n\n\r\n    <\/div>\r\n<\/section>\n\n<section id=\"ls-section-block_7ca3dc83d2a005f188cec0e2a156beef\" class=\"ls-section  page-one has-p-t p-t-0 has-p-b p-b-14\" >\r\n        <div class=\"container container--wide\">\r\n        \n\n<div class=\"wp-block-columns is-layout-flex wp-container-core-columns-is-layout-9d6595d7 wp-block-columns-is-layout-flex\">\n<div class=\"wp-block-column is-vertically-aligned-center first is-layout-flow wp-block-column-is-layout-flow\" style=\"flex-basis:66.7%\">\n<figure class=\"wp-block-image size-full\"><img decoding=\"async\" width=\"2000\" height=\"1137\" src=\"https:\/\/www.camping-le-calagogo.fr\/wp-content\/uploads\/2023\/12\/camping-bord-mer-pyrenees.webp\" alt=\"c\u00e0mping al costat del mar als Pirineus\" class=\"wp-image-2630074\" srcset=\"https:\/\/www.camping-le-calagogo.fr\/wp-content\/uploads\/2023\/12\/camping-bord-mer-pyrenees.webp 2000w, https:\/\/www.camping-le-calagogo.fr\/wp-content\/uploads\/2023\/12\/camping-bord-mer-pyrenees-300x171.webp 300w, https:\/\/www.camping-le-calagogo.fr\/wp-content\/uploads\/2023\/12\/camping-bord-mer-pyrenees-1024x582.webp 1024w, https:\/\/www.camping-le-calagogo.fr\/wp-content\/uploads\/2023\/12\/camping-bord-mer-pyrenees-768x437.webp 768w, https:\/\/www.camping-le-calagogo.fr\/wp-content\/uploads\/2023\/12\/camping-bord-mer-pyrenees-1536x873.webp 1536w\" sizes=\"(max-width: 2000px) 100vw, 2000px\" \/><\/figure>\n<\/div>\n\n\n\n<div class=\"wp-block-column is-vertically-aligned-center second p-t-5rem is-layout-flow wp-block-column-is-layout-flow\" style=\"flex-basis:33.3%\">\n<h2 class=\"ls__heading wp-block-heading\">Camping amb acc\u00e9s directe a la platja a Argel\u00e8s-sur-Mer<\/h2>\n\n\n\n<p class=\"ls-paragraph\">Una <strong>f\u00f3rmula m\u00e0gica per fer realitat els teus desitjos:<\/strong> Cala Gogo, <a href=\"https:\/\/www.camping-le-calagogo.fr\/ca\/camping-argeles-sur-mer\/\" data-type=\"page\" data-id=\"44\">un c\u00e0mping prop d&#8217;Argeles sur Mer<\/a> al costat del mar! Situat en un <strong>entorn id\u00edl\u00b7lic<\/strong> al peu dels Pirineus, us ofereix <strong>un acc\u00e9s privilegiat a la costa mediterr\u00e0nia<\/strong> . Sis quil\u00f2metres de platges de sorra fina us esperen per prendre el sol i relaxar-vos a les aig\u00fces turqueses del Mediterrani. Tot sense esfor\u00e7: passa per la porta del c\u00e0mping i et trobes a la sorra c\u00e0lida, <strong>a la vora de l&#8217;aigua<\/strong> .<\/p>\n\n\n\n<p class=\"ls-paragraph\">Ideal per a una tarda de sol o d&#8217;exploraci\u00f3 del passeig mar\u00edtim: cales, dunes i paisatges fabulosos t&#8217;esperen al llarg de tota la costa del Llenguadoc Rossell\u00f3!<\/p>\n\n\n\n<p class=\"ls-paragraph\">Descobriu tamb\u00e9 <a href=\"https:\/\/www.camping-le-calagogo.fr\/ca\/novedades-del-camping-en-saint-cyprien\/las-playas-francesas-mas-bonitas-de-pirineos-orientales\/\">les platges dels Pirineus Orientals<\/a> .<\/p>\n<\/div>\n<\/div>\n\n\r\n    <\/div>\r\n<\/section>\n\n<section id=\"ls-section-block_8c91e3291407a6f4f73529d932c504ad\" class=\"ls-section  page-two mosaique has-background has-color-4-background-color has-p-t p-t-14 has-p-b p-b-14\" >\r\n        <div class=\"container container--wide\">\r\n        \n\n<div class=\"wp-block-columns is-layout-flex wp-container-core-columns-is-layout-9d6595d7 wp-block-columns-is-layout-flex\">\n<div class=\"wp-block-column is-vertically-aligned-center is-layout-flow wp-block-column-is-layout-flow\">\n<h2 class=\"ls__heading wp-block-heading has-text-align-center\">Vacances al mar de 5 estrelles a Argeles-sur-Mer<\/h2>\n\n\n\n<p class=\"ls-paragraph\">El <strong>c\u00e0mping de 5 estrelles al costat del mar a Argeles-sur-Mer<\/strong> us ofereix totes les comoditats necess\u00e0ries mentre llogueu <a href=\"https:\/\/www.camping-le-calagogo.fr\/ca\/camping-argeles-sur-mer\/lloguer-mobil-home-argeles\/\" data-type=\"page\" data-id=\"2708397\">cases m\u00f2bils barates a prop d&#8217;Argeles<\/a> , tot per a unes <strong>vacances festives i relaxants<\/strong> a prop de la natura.<\/p>\n\n\n\n<p class=\"ls-paragraph\">Gaudeix a <strong>Servei de 5 estrelles<\/strong> dissenyat per deleitar i relaxar-se <strong>totes les edats:<\/strong> una <a href=\"https:\/\/www.camping-le-calagogo.fr\/ca\/camping-argeles-sur-mer\/camping-piscins-argeles\/\" data-type=\"page\" data-id=\"2708446\">piscina prop d&#8217;Argeles sur mer<\/a> que ofereix nombrosos jocs d&#8217;aigua, una gran terrassa per prendre una copa o dinar en fam\u00edlia, <strong>nombroses activitats que l&#8217;equip ofereix<\/strong> al llarg de la teva estada: tornejos esportius, concursos de karaoke, grups de m\u00fasica, ball, etc.<\/p>\n\n\n\n<p class=\"ls-paragraph addReadMore showlesscontent\">Tamb\u00e9 hi ha diverses botigues a prop del <a href=\"https:\/\/www.camping-le-calagogo.fr\/ca\/camping-costat-del-mar-llenguadoc-rossello\/\">c\u00e0mping al Llenguadoc Rossell\u00f3<\/a> :<\/p>\n\n\n\n<ul class=\"ls-list wp-block-list\">\n\n<li><strong>Botigues de conveni\u00e8ncia<\/strong><\/li>\n\n\n<li><strong>Restaurant<\/strong><\/li>\n\n\n<li><strong>Bars i aperitius<\/strong> (accessible en pocs minuts a peu per a les teves compres o vetllades)<\/li>\n\n<\/ul>\n\n\n\n<p class=\"ls-paragraph\">Descobriu tamb\u00e9 els nostres c\u00e0mpings a Argeles aix\u00ed com els nostres lloguers de mobil home a Argeles .<\/p>\n<\/div>\n\n\n\n<div class=\"wp-block-column is-vertically-aligned-center is-layout-flow wp-block-column-is-layout-flow\">\n<figure class=\"wp-block-image size-full\"><img decoding=\"async\" width=\"1800\" height=\"1200\" src=\"https:\/\/www.camping-le-calagogo.fr\/wp-content\/uploads\/2023\/12\/camping-volley-plage-pyrenees-orientales.webp\" alt=\"c\u00e0mping voleibol platja pirineu oriental\" class=\"wp-image-2630423\" srcset=\"https:\/\/www.camping-le-calagogo.fr\/wp-content\/uploads\/2023\/12\/camping-volley-plage-pyrenees-orientales.webp 1800w, https:\/\/www.camping-le-calagogo.fr\/wp-content\/uploads\/2023\/12\/camping-volley-plage-pyrenees-orientales-300x200.webp 300w, https:\/\/www.camping-le-calagogo.fr\/wp-content\/uploads\/2023\/12\/camping-volley-plage-pyrenees-orientales-1024x683.webp 1024w, https:\/\/www.camping-le-calagogo.fr\/wp-content\/uploads\/2023\/12\/camping-volley-plage-pyrenees-orientales-768x512.webp 768w, https:\/\/www.camping-le-calagogo.fr\/wp-content\/uploads\/2023\/12\/camping-volley-plage-pyrenees-orientales-1536x1024.webp 1536w\" sizes=\"(max-width: 1800px) 100vw, 1800px\" \/><\/figure>\n<\/div>\n<\/div>\n\n\r\n    <\/div>\r\n<\/section>\n\n<section id=\"ls-section-block_33fddd66f7d812a7e0de0178982f8a8f\" class=\"ls-section  section-parallax has-background-image has-parallax has-background has-color-black-background-color has-p-t p-t-14 has-p-b p-b-0\" >\r\n    <div class=\"ls-section__background-image opacity-58\"><img decoding=\"async\" src=\"https:\/\/www.camping-le-calagogo.fr\/wp-content\/uploads\/2023\/12\/camping-bord-mer-saint-cyprien-1.webp\" alt=\"\"><\/div>    <div class=\"container container--wide\">\r\n        \n\n<div class=\"wp-block-columns has-color-white-background-color has-background is-layout-flex wp-container-core-columns-is-layout-9d6595d7 wp-block-columns-is-layout-flex\">\n<div class=\"wp-block-column is-layout-flow wp-block-column-is-layout-flow\">\n<h2 class=\"ls__heading wp-block-heading has-text-align-center\">Descobriments tur\u00edstics a la costa mediterr\u00e0nia<\/h2>\n\n\n\n<p class=\"ls-paragraph has-text-align-center\">EL  <a href=\"https:\/\/www.camping-bord-de-leau.fr\/occitanie\/pyrenees-orientales\/argeles-sur-mer\/\" target=\"_blank\" rel=\"noreferrer noopener\">c\u00e0mping a Argel\u00e8s sur mer vora el mar Mediterrani<\/a> , tamb\u00e9 \u00e9s a  <strong>acc\u00e9s privilegiat a les destinacions tur\u00edstiques m\u00e9s belles<\/strong> dels Pirineus orientals: el Tour de la Massane, excursions amb paisatges impressionants, la reserva natural de Mas-Larrieu, la preciosa Ermitage Notre-Dame de Vie en el seu entorn verd&#8230;<\/p>\n\n\n\n<p class=\"ls-paragraph has-text-align-center\">Per\u00f2 tamb\u00e9 el Parc del Barranquisme per emocions o una primera iniciaci\u00f3 supervisada al barranquisme. Sense <strong>oblidar una visita obligada<\/strong> : la <a href=\"http:\/\/www.ecobalade.fr\/balade\/balade-de-collioure-a-argeles-sentier-du-littoral\" target=\"_blank\" rel=\"noreferrer noopener\">caminada Sentier du Littoral<\/a> , amb sortida <strong>d&#8217;Argel\u00e8s-sur-Mer<\/strong> , per a mig dia <strong>de meravella i descoberta<\/strong> de les magn\u00edfiques cales entre <a href=\"https:\/\/www.camping-le-calagogo.fr\/ca\/actu-camping-saint-cyprien\/descubre-la-playa-del-racou\/\">la platja de Racou<\/a> i la ciutadella militar de Cotlliure. Gaudeix tamb\u00e9 <a href=\"https:\/\/www.camping-le-calagogo.fr\/actu-camping-saint-cyprien\/location-bateau-argeles-sur-mer\/\" data-type=\"post\" data-id=\"2707293\">d&#8217;una excursi\u00f3 en vaixell a Argel\u00e8s-sur-Mer<\/a> .<\/p>\n\n\n\n<p class=\"ls-paragraph has-text-align-center\">Aix\u00ed que no ho dubtis m\u00e9s i vine a un dels rars <a href=\"https:\/\/www.camping-le-calagogo.fr\/ca\/\">c\u00e0mpings de Saint-Cyprien<\/a> amb acc\u00e9s directe a la platja; un aut\u00e8ntic &#8220;c\u00e0mping al costat del mar&#8221;!<\/p>\n<\/div>\n<\/div>\n\n\r\n    <\/div>\r\n<\/section>\n\n<section id=\"ls-section-block_6e2bb5c7f2dd0ef1f4d16167eff826ce\" class=\"ls-section  page-maillage has-p-b p-b-14\" >\r\n        <div class=\"container container--wide\">\r\n        \n\n<div id=\"ls-heading ls-titre-div-block_84920b1ac6e9871ef1ba2a0119851039\" class=\"ls-titre-div m-left h2-like\" >\n    Ciutats properes<\/br> d&#8217;Argel\u00e8s-sur-Mer<\/div>\n\n\n<div id=\"ls-maillage-block_5e29974341732a0ce6bd5e37faa55dad\" class=\"ls-maillage cta-style-normal\" data-rows=\"3\">\n    <div class=\"wp-block-columns  \"><div class=\"wp-block-column\"><div id=\"destinations\" class=\"ls-cta\">\n\n<a href=\"https:\/\/www.camping-le-calagogo.fr\/ca\/turisme-colliure\/\" target=\"\" rel=\"noopener\" class=\"ls-cta__link\">\n\n\t<div class=\"ls-cta__image\"><img decoding=\"async\" src=\"https:\/\/www.camping-le-calagogo.fr\/wp-content\/uploads\/2023\/12\/tourisme-collioure.webp\" alt=\"\"><\/div>\n\t<div class=\"ls-cta__title\">\n\t\tCotlliure\t<\/div>\n\t\n\t\t\n<\/a><\/div><\/div><div class=\"wp-block-column\"><div id=\"destinations\" class=\"ls-cta\">\n\n<a href=\"https:\/\/www.camping-le-calagogo.fr\/ca\/turisme-saint-cyprien\/\" target=\"\" rel=\"noopener\" class=\"ls-cta__link\">\n\n\t<div class=\"ls-cta__image\"><img decoding=\"async\" src=\"https:\/\/www.camping-le-calagogo.fr\/wp-content\/uploads\/2023\/11\/visiter-saint-cyprien.webp\" alt=\"\"><\/div>\n\t<div class=\"ls-cta__title\">\n\t\tSant Cipri\u00e0\t<\/div>\n\t\n\t\t\n<\/a><\/div><\/div><div class=\"wp-block-column\"><div id=\"destinations\" class=\"ls-cta\">\n\n<a href=\"https:\/\/www.camping-le-calagogo.fr\/ca\/turisme-port-barcares\/\" target=\"\" rel=\"noopener\" class=\"ls-cta__link\">\n\n\t<div class=\"ls-cta__image\"><img decoding=\"async\" src=\"https:\/\/www.camping-le-calagogo.fr\/wp-content\/uploads\/2023\/11\/visiter-port-barcares.webp\" alt=\"\"><\/div>\n\t<div class=\"ls-cta__title\">\n\t\tPort Barcar\u00e8s\t<\/div>\n\t\n\t\t\n<\/a><\/div><\/div><\/div><\/div>\n\r\n    <\/div>\r\n<\/section>","protected":false},"excerpt":{"rendered":"","protected":false},"author":1,"featured_media":2630417,"parent":2708633,"menu_order":0,"comment_status":"closed","ping_status":"closed","template":"","meta":{"_acf_changed":false,"_seopress_robots_primary_cat":"","_seopress_titles_title":"Camping al costat del mar Argeles sur Mer | Camping al costat de la platja Argeles | Acc\u00e9s directe a la platja","_seopress_titles_desc":"Benvinguts al nostre c\u00e0mping al costat del mar a Argel\u00e8s-sur-Mer. Gaudeix d'una estada amb acc\u00e9s directe a la platja per a unes vacances de 5 estrelles!","_seopress_robots_index":"","inline_featured_image":false,"footnotes":""},"sujet":[],"class_list":["post-2708419","page","type-page","status-publish","has-post-thumbnail","hentry"],"acf":[],"_links":{"self":[{"href":"https:\/\/www.camping-le-calagogo.fr\/ca\/wp-json\/wp\/v2\/pages\/2708419","targetHints":{"allow":["GET"]}}],"collection":[{"href":"https:\/\/www.camping-le-calagogo.fr\/ca\/wp-json\/wp\/v2\/pages"}],"about":[{"href":"https:\/\/www.camping-le-calagogo.fr\/ca\/wp-json\/wp\/v2\/types\/page"}],"author":[{"embeddable":true,"href":"https:\/\/www.camping-le-calagogo.fr\/ca\/wp-json\/wp\/v2\/users\/1"}],"replies":[{"embeddable":true,"href":"https:\/\/www.camping-le-calagogo.fr\/ca\/wp-json\/wp\/v2\/comments?post=2708419"}],"version-history":[{"count":31,"href":"https:\/\/www.camping-le-calagogo.fr\/ca\/wp-json\/wp\/v2\/pages\/2708419\/revisions"}],"predecessor-version":[{"id":2845816,"href":"https:\/\/www.camping-le-calagogo.fr\/ca\/wp-json\/wp\/v2\/pages\/2708419\/revisions\/2845816"}],"up":[{"embeddable":true,"href":"https:\/\/www.camping-le-calagogo.fr\/ca\/wp-json\/wp\/v2\/pages\/2708633"}],"wp:featuredmedia":[{"embeddable":true,"href":"https:\/\/www.camping-le-calagogo.fr\/ca\/wp-json\/wp\/v2\/media\/2630417"}],"wp:attachment":[{"href":"https:\/\/www.camping-le-calagogo.fr\/ca\/wp-json\/wp\/v2\/media?parent=2708419"}],"wp:term":[{"taxonomy":"sujet","embeddable":true,"href":"https:\/\/www.camping-le-calagogo.fr\/ca\/wp-json\/wp\/v2\/sujet?post=2708419"}],"curies":[{"name":"wp","href":"https:\/\/api.w.org\/{rel}","templated":true}]}}