{"id":2708436,"date":"2023-10-18T09:11:30","date_gmt":"2023-10-18T07:11:30","guid":{"rendered":"https:\/\/www.camping-le-calagogo.fr\/camping-bord-de-mer-llenguadoc-rossello\/"},"modified":"2024-08-19T11:22:56","modified_gmt":"2024-08-19T09:22:56","slug":"camping-costat-del-mar-llenguadoc-rossello","status":"publish","type":"page","link":"https:\/\/www.camping-le-calagogo.fr\/ca\/camping-costat-del-mar-llenguadoc-rossello\/","title":{"rendered":"Costa del mar"},"content":{"rendered":"<section id=\"ls-section-block_c4a5c88850a7bf4980d13be349c60f98\" class=\"ls-section  page-chapeau deco has-p-b p-b-4\" >\r\n        <div class=\"container \">\r\n        \n\n<h1 class=\"ls__heading wp-block-heading has-text-align-center\">Camping Llenguadoc Rossell\u00f3<br><strong>a la vora del mar<\/strong><\/h1>\n\n\n\n<p class=\"ls-paragraph has-text-align-center\">Busques un <strong>c\u00e0mping al Llenguadoc-Rossell\u00f3 i al costat del mar?<\/strong> Un c\u00e0mping a Perpiny\u00e0 al costat del mar o fins i tot un c\u00e0mping a Argeles sur Mer al costat de la platja? <strong>Deixa&#8217;t temptar per Cala Gogo<\/strong> , un c\u00e0mping amb acc\u00e9s directe a la platja al Llenguadoc-Rossell\u00f3, als Pirineus Orientals.  <\/p>\n\n\r\n    <\/div>\r\n<\/section>\n\n<section id=\"ls-section-block_3f3e134b5e9f57fc4abc18b2b100a41d\" class=\"ls-section  page-one has-p-t p-t-0 has-p-b p-b-14\" >\r\n        <div class=\"container container--wide\">\r\n        \n\n<div class=\"wp-block-columns is-layout-flex wp-container-core-columns-is-layout-9d6595d7 wp-block-columns-is-layout-flex\">\n<div class=\"wp-block-column first is-layout-flow wp-block-column-is-layout-flow\" style=\"flex-basis:66.7%\">\n<figure class=\"wp-block-gallery has-nested-images columns-default is-cropped gallery-slider-page animated fadeInUp slow wp-block-gallery-1 is-layout-flex wp-block-gallery-is-layout-flex\">\n<figure class=\"wp-block-image size-full\"><a href=\"https:\/\/www.camping-le-calagogo.fr\/wp-content\/uploads\/2023\/12\/camping-bord-mer-pyrenees-orientales.webp\"><img decoding=\"async\" width=\"1952\" height=\"1200\" data-id=\"2630052\" src=\"https:\/\/www.camping-le-calagogo.fr\/wp-content\/uploads\/2023\/12\/camping-bord-mer-pyrenees-orientales.webp\" alt=\"C\u00e0mping al costat del mar Pirineus Orientals\" class=\"wp-image-2630052\" srcset=\"https:\/\/www.camping-le-calagogo.fr\/wp-content\/uploads\/2023\/12\/camping-bord-mer-pyrenees-orientales.webp 1952w, https:\/\/www.camping-le-calagogo.fr\/wp-content\/uploads\/2023\/12\/camping-bord-mer-pyrenees-orientales-300x184.webp 300w, https:\/\/www.camping-le-calagogo.fr\/wp-content\/uploads\/2023\/12\/camping-bord-mer-pyrenees-orientales-1024x630.webp 1024w, https:\/\/www.camping-le-calagogo.fr\/wp-content\/uploads\/2023\/12\/camping-bord-mer-pyrenees-orientales-768x472.webp 768w, https:\/\/www.camping-le-calagogo.fr\/wp-content\/uploads\/2023\/12\/camping-bord-mer-pyrenees-orientales-1536x944.webp 1536w\" sizes=\"(max-width: 1952px) 100vw, 1952px\" \/><\/a><\/figure>\n\n\n\n<figure class=\"wp-block-image size-full\"><a href=\"https:\/\/www.camping-le-calagogo.fr\/wp-content\/uploads\/2023\/12\/camping-acces-direct-lage.webp\"><img decoding=\"async\" width=\"1799\" height=\"1200\" data-id=\"2630057\" src=\"https:\/\/www.camping-le-calagogo.fr\/wp-content\/uploads\/2023\/12\/camping-acces-direct-lage.webp\" alt=\"C\u00e0mping acc\u00e9s directe a la platja\" class=\"wp-image-2630057\" srcset=\"https:\/\/www.camping-le-calagogo.fr\/wp-content\/uploads\/2023\/12\/camping-acces-direct-lage.webp 1799w, https:\/\/www.camping-le-calagogo.fr\/wp-content\/uploads\/2023\/12\/camping-acces-direct-lage-300x200.webp 300w, https:\/\/www.camping-le-calagogo.fr\/wp-content\/uploads\/2023\/12\/camping-acces-direct-lage-1024x683.webp 1024w, https:\/\/www.camping-le-calagogo.fr\/wp-content\/uploads\/2023\/12\/camping-acces-direct-lage-768x512.webp 768w, https:\/\/www.camping-le-calagogo.fr\/wp-content\/uploads\/2023\/12\/camping-acces-direct-lage-1536x1025.webp 1536w\" sizes=\"(max-width: 1799px) 100vw, 1799px\" \/><\/a><\/figure>\n\n\n\n<figure class=\"wp-block-image size-full\"><a href=\"https:\/\/www.camping-le-calagogo.fr\/wp-content\/uploads\/2023\/12\/beach-volley-camping.webp\"><img decoding=\"async\" width=\"1800\" height=\"1200\" data-id=\"2630062\" src=\"https:\/\/www.camping-le-calagogo.fr\/wp-content\/uploads\/2023\/12\/beach-volley-camping.webp\" alt=\"c\u00e0mping de volei platja\" class=\"wp-image-2630062\" srcset=\"https:\/\/www.camping-le-calagogo.fr\/wp-content\/uploads\/2023\/12\/beach-volley-camping.webp 1800w, https:\/\/www.camping-le-calagogo.fr\/wp-content\/uploads\/2023\/12\/beach-volley-camping-300x200.webp 300w, https:\/\/www.camping-le-calagogo.fr\/wp-content\/uploads\/2023\/12\/beach-volley-camping-1024x683.webp 1024w, https:\/\/www.camping-le-calagogo.fr\/wp-content\/uploads\/2023\/12\/beach-volley-camping-768x512.webp 768w, https:\/\/www.camping-le-calagogo.fr\/wp-content\/uploads\/2023\/12\/beach-volley-camping-1536x1024.webp 1536w\" sizes=\"(max-width: 1800px) 100vw, 1800px\" \/><\/a><\/figure>\n\n\n\n<figure class=\"wp-block-image size-full\"><a href=\"https:\/\/www.camping-le-calagogo.fr\/wp-content\/uploads\/2023\/12\/activites-nautiques-perpignan.webp\"><img decoding=\"async\" width=\"2000\" height=\"1137\" data-id=\"2630067\" src=\"https:\/\/www.camping-le-calagogo.fr\/wp-content\/uploads\/2023\/12\/activites-nautiques-perpignan.webp\" alt=\"activitats n\u00e0utiques perpiny\u00e0\" class=\"wp-image-2630067\" srcset=\"https:\/\/www.camping-le-calagogo.fr\/wp-content\/uploads\/2023\/12\/activites-nautiques-perpignan.webp 2000w, https:\/\/www.camping-le-calagogo.fr\/wp-content\/uploads\/2023\/12\/activites-nautiques-perpignan-300x171.webp 300w, https:\/\/www.camping-le-calagogo.fr\/wp-content\/uploads\/2023\/12\/activites-nautiques-perpignan-1024x582.webp 1024w, https:\/\/www.camping-le-calagogo.fr\/wp-content\/uploads\/2023\/12\/activites-nautiques-perpignan-768x437.webp 768w, https:\/\/www.camping-le-calagogo.fr\/wp-content\/uploads\/2023\/12\/activites-nautiques-perpignan-1536x873.webp 1536w\" sizes=\"(max-width: 2000px) 100vw, 2000px\" \/><\/a><\/figure>\n<\/figure>\n<\/div>\n\n\n\n<div class=\"wp-block-column is-vertically-aligned-center second is-layout-flow wp-block-column-is-layout-flow\" style=\"flex-basis:33.3%\">\n<h2 class=\"ls__heading wp-block-heading\">Camping amb acc\u00e9s directe a la platja Llenguadoc Rossell\u00f3<\/h2>\n\n\n\n<p class=\"ls-paragraph\">Gr\u00e0cies al seu <strong>acc\u00e9s directe a la platja<\/strong> , el c\u00e0mping a la <strong>regi\u00f3 del Llenguadoc Rossell\u00f3<\/strong> al costat del mar ofereix la possibilitat de recarregar les piles en amplis espais naturals amb acc\u00e9s directe <strong>al Mediterrani en pocs passos<\/strong> . Teniu a la vostra disposici\u00f3 <a href=\"https:\/\/www.camping-le-calagogo.fr\/ca\/novedades-del-camping-en-saint-cyprien\/las-playas-francesas-mas-bonitas-de-pirineos-orientales\/\">6 quil\u00f2metres de platges de sorra<\/a> .<\/p>\n\n\n\n<p class=\"ls-paragraph\">A la sortida del <a href=\"https:\/\/www.camping-le-calagogo.fr\/ca\/\" data-type=\"page\" data-id=\"9\">c\u00e0mping de Saint Cyprien Plage<\/a> , un terra de fusta us facilitar\u00e0 l&#8217;acc\u00e9s a la platja de sorra fina de Saint-Cyprien Plage per passar unes vacances inoblidables a la vora de la costa mediterr\u00e0nia a la costa Vermeille.<\/p>\n\n\n\n<p class=\"ls-paragraph\">Nom\u00e9s has de posar el para-sol, la tovallola i aplicar una mica de crema bronzejadora. La relaxaci\u00f3 est\u00e0 assegurada i sobretot ben senyalitzada. La pr\u00e0ctica d&#8217;activitats aqu\u00e0tiques per a tota la fam\u00edlia tamb\u00e9 est\u00e0 estesa per tot el litoral, aprofita-les durant les teves vacances amb els peus a l&#8217;aigua!<\/p>\n<\/div>\n<\/div>\n\n\r\n    <\/div>\r\n<\/section>\n\n<section id=\"ls-section-block_3a6fd051a324d86a7fb596466e307a44\" class=\"ls-section  page-two mosaique has-background has-color-4-background-color has-p-t p-t-14 has-p-b p-b-14\" >\r\n        <div class=\"container container--wide\">\r\n        \n\n<div class=\"wp-block-columns is-layout-flex wp-container-core-columns-is-layout-9d6595d7 wp-block-columns-is-layout-flex\">\n<div class=\"wp-block-column is-vertically-aligned-center is-layout-flow wp-block-column-is-layout-flow\">\n<p class=\"ls-paragraph\">De juliol a agost, <strong>els socorristes<\/strong> de la localitat de Saint Cyprien vigilen la platja.<\/p>\n\n\n\n<p class=\"ls-paragraph\">A uns centenars de metres, discreta, <strong>una platja de naturisme<\/strong> \u00e9s freq\u00fcentada per aficionats anomenada Bocal du Tech. Aquesta platja naturista allunyada del c\u00e0mping et permetr\u00e0 gaudir dels plaers del naturisme alhora que est\u00e0s ben separada de la platja t\u00e8xtil per als altres estiuejants del c\u00e0mping.<\/p>\n\n\n\n<p class=\"ls-paragraph\">Si voleu portar la vostra mascota, nom\u00e9s <strong>es permeten gossos<\/strong> a la platja a la <strong>dreta del c\u00e0mping<\/strong> cap a Elne.<\/p>\n\n\n\n<p class=\"ls-paragraph\">Ho haureu ent\u00e8s, <strong>acampar al Llenguadoc-Rossell\u00f3 vora el mar<\/strong> ser\u00e0 <strong>l&#8217;oportunitat de gaudir del sol mediterrani<\/strong> durant les vostres vacances al sud-est de Fran\u00e7a.<\/p>\n<\/div>\n\n\n\n<div class=\"wp-block-column is-layout-flow wp-block-column-is-layout-flow\">\n<figure class=\"wp-block-image size-full animated fadeInRight delay-100ms slow\"><a href=\"https:\/\/www.camping-le-calagogo.fr\/wp-content\/uploads\/2023\/12\/camping-bord-mer-pyrenees.webp\"><img decoding=\"async\" width=\"2000\" height=\"1137\" src=\"https:\/\/www.camping-le-calagogo.fr\/wp-content\/uploads\/2023\/12\/camping-bord-mer-pyrenees.webp\" alt=\"c\u00e0mping al costat del mar als Pirineus\" class=\"wp-image-2630074\" srcset=\"https:\/\/www.camping-le-calagogo.fr\/wp-content\/uploads\/2023\/12\/camping-bord-mer-pyrenees.webp 2000w, https:\/\/www.camping-le-calagogo.fr\/wp-content\/uploads\/2023\/12\/camping-bord-mer-pyrenees-300x171.webp 300w, https:\/\/www.camping-le-calagogo.fr\/wp-content\/uploads\/2023\/12\/camping-bord-mer-pyrenees-1024x582.webp 1024w, https:\/\/www.camping-le-calagogo.fr\/wp-content\/uploads\/2023\/12\/camping-bord-mer-pyrenees-768x437.webp 768w, https:\/\/www.camping-le-calagogo.fr\/wp-content\/uploads\/2023\/12\/camping-bord-mer-pyrenees-1536x873.webp 1536w\" sizes=\"(max-width: 2000px) 100vw, 2000px\" \/><\/a><\/figure>\n<\/div>\n<\/div>\n\n\r\n    <\/div>\r\n<\/section>\n\n<section id=\"ls-section-block_a128c34e47fb8f80a3fb6859becb2ae1\" class=\"ls-section  section-parallax has-background-image has-parallax has-background has-color-black-background-color has-p-t p-t-14 has-p-b p-b-0\" >\r\n    <div class=\"ls-section__background-image opacity-58\"><img decoding=\"async\" src=\"https:\/\/www.camping-le-calagogo.fr\/wp-content\/uploads\/2023\/12\/camping-acces-mer.webp\" alt=\"\"><\/div>    <div class=\"container container--wide\">\r\n        \n\n<div class=\"wp-block-columns has-color-white-background-color has-background is-layout-flex wp-container-core-columns-is-layout-9d6595d7 wp-block-columns-is-layout-flex\">\n<div class=\"wp-block-column is-layout-flow wp-block-column-is-layout-flow\">\n<h2 class=\"ls__heading wp-block-heading has-text-align-center\">Camping de 5 estrelles al costat del mar Mediterrani<\/h2>\n\n\n\n<p class=\"ls-paragraph has-text-align-center\">Mentre camina per la vora de l&#8217;aigua, accessible directament des de la <a href=\"https:\/\/www.camping-le-calagogo.fr\/ca\/camping-argeles-sur-mer\/camping-al-mar-argeles-sur-mer\/\" data-type=\"page\" data-id=\"44\">c\u00e0mping al costat del mar a Argeles sur mer<\/a>, pots anar al <strong>reserva natural<\/strong> protegit pel Mas Larrieu que s&#8217;est\u00e9n sobre 160 hect\u00e0rees, un espai natural entre el bocal du tech i el Mediterrani.<\/p>\n\n\n\n<p class=\"ls-paragraph has-text-align-center\">Quan tornis del teu passeig o bany, para al <strong>Cala Beach Club<\/strong> per prendre un gelat, un cucurutxo, una beguda freda o un berenar salat amb hamburgueses fregides, un entrep\u00e0 o per qu\u00e8 no jugar un <strong>partit de volei platja<\/strong> on trobar\u00e0s companys. . En aquest camp regna el bon ambient, el joc net \u00e9s total.<\/p>\n\n\n\n<p class=\"ls-paragraph has-text-align-center\">El <strong>nou ambient del Beach Club<\/strong> et porta a somiar despert: peus a la sorra, a l&#8217;ombra de la cabana de palla, l&#8217;aire del mar et refresca.<\/p>\n\n\n\n<p class=\"ls-paragraph has-text-align-center\">Cala Gogo \u00e9s el c\u00e0mping ideal per llogar una casa m\u00f2bil al costat del mar, un excel\u00b7lent <strong>c\u00e0mping de 5 estrelles al costat del mar Mediterrani<\/strong> , el millor c\u00e0mping del Llenguadoc-Rossell\u00f3 vora el mar.<\/p>\n<\/div>\n<\/div>\n\n\r\n    <\/div>\r\n<\/section>\n\n<section id=\"ls-section-block_98f6a9f8c4a7ad66bc1b98a147326538\" class=\"ls-section  page-three has-p-t p-t-14\" >\r\n        <div class=\"container container--wide\">\r\n        \n\n<div class=\"wp-block-columns is-layout-flex wp-container-core-columns-is-layout-9d6595d7 wp-block-columns-is-layout-flex\">\n<div class=\"wp-block-column is-vertically-aligned-center first is-layout-flow wp-block-column-is-layout-flow\">\n<figure class=\"wp-block-image size-large animated fadeInLeft delay-100ms slow\"><img decoding=\"async\" width=\"1024\" height=\"683\" src=\"https:\/\/www.camping-le-calagogo.fr\/wp-content\/uploads\/2023\/12\/plage-languedoc-1024x683.webp\" alt=\"Platja del Llenguadoc\" class=\"wp-image-2630085\" srcset=\"https:\/\/www.camping-le-calagogo.fr\/wp-content\/uploads\/2023\/12\/plage-languedoc-1024x683.webp 1024w, https:\/\/www.camping-le-calagogo.fr\/wp-content\/uploads\/2023\/12\/plage-languedoc-300x200.webp 300w, https:\/\/www.camping-le-calagogo.fr\/wp-content\/uploads\/2023\/12\/plage-languedoc-768x512.webp 768w, https:\/\/www.camping-le-calagogo.fr\/wp-content\/uploads\/2023\/12\/plage-languedoc-1536x1024.webp 1536w, https:\/\/www.camping-le-calagogo.fr\/wp-content\/uploads\/2023\/12\/plage-languedoc.webp 1800w\" sizes=\"(max-width: 1024px) 100vw, 1024px\" \/><\/figure>\n\n\n<div class=\"wp-block-image lunettes m-left\">\n<figure class=\"alignleft size-large is-resized\"><img decoding=\"async\" src=\"https:\/\/www.camping-le-calagogo.fr\/wp-content\/uploads\/2023\/11\/parasol.svg\" alt=\"Para-sol de platja\" class=\"wp-image-2764\" style=\"width:515px;height:auto\"\/><\/figure>\n<\/div><\/div>\n\n\n\n<div class=\"wp-block-column is-vertically-aligned-center second is-layout-flow wp-block-column-is-layout-flow\">\n<h2 class=\"ls__heading wp-block-heading\">Les platges m\u00e9s boniques del Llenguadoc Rossell\u00f3<\/h2>\n\n\n\n<p class=\"ls-paragraph\">Quan arribis al c\u00e0mping Cala Gogo, prepara la teva llista de platges per provar. Per descomptat, podeu accedir a la platja adjacent al c\u00e0mping de Saint Cyprien o a la zona aqu\u00e0tica d&#8217;aquest c\u00e0mping de 5 estrelles.<\/p>\n\n\n\n<p class=\"ls-paragraph\">A prop del c\u00e0mping Cala Gogo, visiteu algunes de les platges m\u00e9s boniques del Llenguadoc Rossell\u00f3.<\/p>\n\n\n\n<p class=\"ls-paragraph addReadMore showlesscontent\"><strong>Aquestes s\u00f3n les 3 millors platges de la comarca, a prop del c\u00e0mping Cala Gogo:<\/strong><\/p>\n\n\n\n<ul class=\"ls-list wp-block-list\">\n\n<li><strong>La Plage des Pins<\/strong> est\u00e0 situada en un entorn magn\u00edfic. In situ, un punt de primers auxilis i acc\u00e9s per a minusv\u00e0lids. Aquesta platja \u00e9s ideal per nedar en fam\u00edlia.<\/li>\n\n\n<li><strong>Platja Racou<\/strong> . Situat en un entorn gaireb\u00e9 salvatge, amb vista m\u00e0gica del mar Mediterrani. Hi ha un bar a prop. Aquesta platja est\u00e0 plena d&#8217;encant.<\/li>\n\n\n<li><strong>Platja de Saint Cyprien<\/strong> . Aix\u00f2 limita amb el c\u00e0mping de 5 estrelles Cala Gogo, \u00e9s el m\u00e9s proper. Despr\u00e9s tindreu acc\u00e9s al restaurant de platja del c\u00e0mping, obert durant la temporada alta. Hi ha patates fregides, gelats i plats salats o dol\u00e7os de tot tipus. Ideal per a un \u00e0pat improvisat al costat de l&#8217;aigua.<\/li>\n\n<\/ul>\n<\/div>\n<\/div>\n\n\r\n    <\/div>\r\n<\/section>\n\n<section id=\"ls-section-block_f8436087546765c14900deb252798c6b\" class=\"ls-section  page-maillage has-p-b p-b-14\" >\r\n        <div class=\"container container--wide\">\r\n        \n\n<div id=\"ls-heading ls-titre-div-block_b18429a3264d65c3d74f51bfa82b3f4d\" class=\"ls-titre-div m-left h2-like\" >\n      Activitats a prop<\/br> acampada al costat del mar<\/div>\n\n\n<div id=\"ls-maillage-block_5a560d933a2901ee56cebc5e37aa701a\" class=\"ls-maillage cta-style-normal\" data-rows=\"3\">\n    <div class=\"wp-block-columns  \"><div class=\"wp-block-column\"><div id=\"destinations\" class=\"ls-cta\">\n\n<a href=\"https:\/\/www.camping-le-calagogo.fr\/ca\/camping-familiar-saint-cyprien\/\" target=\"\" rel=\"noopener\" class=\"ls-cta__link\">\n\n\t<div class=\"ls-cta__image\"><img decoding=\"async\" src=\"https:\/\/www.camping-le-calagogo.fr\/wp-content\/uploads\/2023\/12\/camping-animations-familiales-saint-cyprien.webp\" alt=\"\"><\/div>\n\t<div class=\"ls-cta__title\">\n\t\tAnimaci\u00f3 i tarda\t<\/div>\n\t\n\t\t\n<\/a><\/div><\/div><div class=\"wp-block-column\"><div id=\"destinations\" class=\"ls-cta\">\n\n<a href=\"https:\/\/www.camping-le-calagogo.fr\/ca\/camping-serveis-pirineus-orientals\/\" target=\"\" rel=\"noopener\" class=\"ls-cta__link\">\n\n\t<div class=\"ls-cta__image\"><img decoding=\"async\" src=\"https:\/\/www.camping-le-calagogo.fr\/wp-content\/uploads\/2023\/12\/epicerie-languedoc.webp\" alt=\"\"><\/div>\n\t<div class=\"ls-cta__title\">\n\t\tServeis i empreses\t<\/div>\n\t\n\t\t\n<\/a><\/div><\/div><div class=\"wp-block-column\"><div id=\"destinations\" class=\"ls-cta\">\n\n<a href=\"https:\/\/www.camping-le-calagogo.fr\/ca\/camping-amb-piscina-saint-cyprien\/\" target=\"\" rel=\"noopener\" class=\"ls-cta__link\">\n\n\t<div class=\"ls-cta__image\"><img decoding=\"async\" src=\"https:\/\/www.camping-le-calagogo.fr\/wp-content\/uploads\/2023\/12\/espace-aquatique-perpignan.webp\" alt=\"\"><\/div>\n\t<div class=\"ls-cta__title\">\n\t\tEspai Aqu\u00e0tic\t<\/div>\n\t\n\t\t\n<\/a><\/div><\/div><\/div><\/div>\n\r\n    <\/div>\r\n<\/section>","protected":false},"excerpt":{"rendered":"","protected":false},"author":1,"featured_media":2630040,"parent":0,"menu_order":0,"comment_status":"closed","ping_status":"closed","template":"","meta":{"_acf_changed":false,"_seopress_robots_primary_cat":"","_seopress_titles_title":"Camping Llenguadoc Rossell\u00f3 vora mar | Camping al costat del mar a Saint Cyprien amb acc\u00e9s directe a la platja Tech","_seopress_titles_desc":"Al c\u00e0mping Calagogo *****, gaudeix d'acc\u00e9s directe a la platja de St Cyprien. El nostre c\u00e0mping Saint Cyprien al costat del mar ser\u00e0 un aut\u00e8ntic canvi d'escenari!","_seopress_robots_index":"","inline_featured_image":false,"footnotes":""},"sujet":[],"class_list":["post-2708436","page","type-page","status-publish","has-post-thumbnail","hentry"],"acf":[],"_links":{"self":[{"href":"https:\/\/www.camping-le-calagogo.fr\/ca\/wp-json\/wp\/v2\/pages\/2708436","targetHints":{"allow":["GET"]}}],"collection":[{"href":"https:\/\/www.camping-le-calagogo.fr\/ca\/wp-json\/wp\/v2\/pages"}],"about":[{"href":"https:\/\/www.camping-le-calagogo.fr\/ca\/wp-json\/wp\/v2\/types\/page"}],"author":[{"embeddable":true,"href":"https:\/\/www.camping-le-calagogo.fr\/ca\/wp-json\/wp\/v2\/users\/1"}],"replies":[{"embeddable":true,"href":"https:\/\/www.camping-le-calagogo.fr\/ca\/wp-json\/wp\/v2\/comments?post=2708436"}],"version-history":[{"count":17,"href":"https:\/\/www.camping-le-calagogo.fr\/ca\/wp-json\/wp\/v2\/pages\/2708436\/revisions"}],"predecessor-version":[{"id":2845633,"href":"https:\/\/www.camping-le-calagogo.fr\/ca\/wp-json\/wp\/v2\/pages\/2708436\/revisions\/2845633"}],"wp:featuredmedia":[{"embeddable":true,"href":"https:\/\/www.camping-le-calagogo.fr\/ca\/wp-json\/wp\/v2\/media\/2630040"}],"wp:attachment":[{"href":"https:\/\/www.camping-le-calagogo.fr\/ca\/wp-json\/wp\/v2\/media?parent=2708436"}],"wp:term":[{"taxonomy":"sujet","embeddable":true,"href":"https:\/\/www.camping-le-calagogo.fr\/ca\/wp-json\/wp\/v2\/sujet?post=2708436"}],"curies":[{"name":"wp","href":"https:\/\/api.w.org\/{rel}","templated":true}]}}