{"id":2708446,"date":"2023-10-18T09:18:36","date_gmt":"2023-10-18T07:18:36","guid":{"rendered":"https:\/\/www.camping-le-calagogo.fr\/camping-piscine-argeles\/"},"modified":"2024-08-19T11:21:59","modified_gmt":"2024-08-19T09:21:59","slug":"camping-piscins-argeles","status":"publish","type":"page","link":"https:\/\/www.camping-le-calagogo.fr\/ca\/camping-argeles-sur-mer\/camping-piscins-argeles\/","title":{"rendered":"Camping amb piscina Argel\u00e8s-sur-Mer"},"content":{"rendered":"<section id=\"ls-section-block_234d0cfbc9d77e2d0471ea5bb2a665b5\" class=\"ls-section  page-chapeau deco has-p-b p-b-4\" >\r\n        <div class=\"container \">\r\n        \n\n<h1 class=\"ls__heading wp-block-heading has-text-align-center\">Camping amb piscina<br><strong>a Argel\u00e8s sur Mer<\/strong><\/h1>\n\n\n\n<p class=\"ls-paragraph has-text-align-center\">El nostre <a href=\"https:\/\/www.camping-le-calagogo.fr\/ca\/camping-argeles-sur-mer\/\" data-type=\"page\" data-id=\"2272\">c\u00e0mping Argel\u00e8s-sur-Mer<\/a> , amb els seus <strong>600 m\u00b2 de superf\u00edcie aqu\u00e0tica<\/strong> , \u00e9s el lloc perfecte per carregar piles, relaxar-se o divertir-se. La piscina, una piscina rectangular tradicional, est\u00e0 pensada per a nedadors, fent voltes a <strong>l&#8217;aigua energitzant<\/strong> . I el major avantatge del c\u00e0mping \u00e9s la seva piscina climatitzada per relaxar-se millor. Allotjant-se al <a href=\"https:\/\/www.camping-le-calagogo.fr\/ca\/\" data-type=\"page\" data-id=\"9\">c\u00e0mping de 5 estrelles Saint-Cyprien<\/a> , estar\u00e0s a 7 km del centre de la ciutat i de les seves activitats. Aix\u00f2 el converteix en el c\u00e0mping ideal amb parc aqu\u00e0tic per allotjar-se a <a href=\"https:\/\/www.camping-le-calagogo.fr\/ca\/camping-argeles-sur-mer\/turisme-argeles-sur-mer\/\" data-type=\"page\" data-id=\"134\">Argeles sur Mer<\/a> .<\/p>\n\n\r\n    <\/div>\r\n<\/section>\n\n<section id=\"ls-section-block_c527b6b182f58fb64e93bda1bc9b31e8\" class=\"ls-section  page-one has-p-t p-t-0 has-p-b p-b-14\" >\r\n        <div class=\"container container--wide\">\r\n        \n\n<div class=\"wp-block-columns is-layout-flex wp-container-core-columns-is-layout-9d6595d7 wp-block-columns-is-layout-flex\">\n<div class=\"wp-block-column is-vertically-aligned-center first is-layout-flow wp-block-column-is-layout-flow\" style=\"flex-basis:66.7%\">\n<figure class=\"wp-block-image size-full\"><img decoding=\"async\" width=\"1733\" height=\"1200\" src=\"https:\/\/www.camping-le-calagogo.fr\/wp-content\/uploads\/2023\/12\/espace-aquatique-camping-perpignan.webp\" alt=\"zona aqu\u00e0tica c\u00e0mping perpiny\u00e0\" class=\"wp-image-2629836\" srcset=\"https:\/\/www.camping-le-calagogo.fr\/wp-content\/uploads\/2023\/12\/espace-aquatique-camping-perpignan.webp 1733w, https:\/\/www.camping-le-calagogo.fr\/wp-content\/uploads\/2023\/12\/espace-aquatique-camping-perpignan-300x208.webp 300w, https:\/\/www.camping-le-calagogo.fr\/wp-content\/uploads\/2023\/12\/espace-aquatique-camping-perpignan-1024x709.webp 1024w, https:\/\/www.camping-le-calagogo.fr\/wp-content\/uploads\/2023\/12\/espace-aquatique-camping-perpignan-768x532.webp 768w, https:\/\/www.camping-le-calagogo.fr\/wp-content\/uploads\/2023\/12\/espace-aquatique-camping-perpignan-1536x1064.webp 1536w\" sizes=\"(max-width: 1733px) 100vw, 1733px\" \/><\/figure>\n<\/div>\n\n\n\n<div class=\"wp-block-column is-vertically-aligned-center second is-layout-flow wp-block-column-is-layout-flow\" style=\"flex-basis:33.3%\">\n<h2 class=\"ls__heading wp-block-heading\">Parc aqu\u00e0tic d&#8217;Argel\u00e8s-sur-Mer<\/h2>\n\n\n\n<p class=\"ls-paragraph\">Estirat en <strong>aigua temperada fora de temporada<\/strong> , mentre la temperatura de l&#8217;aire es mant\u00e9 fresca, \u00e9s el parad\u00eds. Els dolls d&#8217;aigua, el bolet d&#8217;aigua, el suau pendent en profunditat, agradaran a tota la fam\u00edlia durant la vostra estada a Argeles-sur mer.<\/p>\n\n\n\n<p class=\"ls-paragraph\"><strong>La fam\u00edlia<\/strong> pot gaudir dels plaers de l&#8217;aigua, sense sorprendre&#8217;s per l&#8217;aigua fresca. (Recordatori: no es permet portar pantalons curts de bany i pantalons curts de bany).<\/p>\n\n\n\n<p class=\"ls-paragraph\">Tan bon punt s&#8217;arriba al Sud dels Pirineus Orientals, el <strong>programa est\u00e0 cartografiat;<\/strong> posa&#8217;t el banyador i submergeix-te a l&#8217;aigua calenta, relaxa&#8217;t, ja hi ets. Les palmeres i les esp\u00e8cies mediterr\u00e0nies que voregen la piscina et transportaran a un somni lluny\u00e0, estirat sobre la tovallola.<\/p>\n\n\n\n<p class=\"ls-paragraph addReadMore showlesscontent\">Per a <strong>unes vacances en fam\u00edlia<\/strong> , o amb amics, amb un parc aqu\u00e0tic per a tothom, Cala Gogo a 7 minuts del poble d&#8217;Argeles sur Mer \u00e9s el club de poble perfecte per allotjar-se a Argeles sur Mer al millor preu. A prop de llocs imprescindibles del Pirineu Oriental, el c\u00e0mping disposa d&#8217;un parc aqu\u00e0tic per als m\u00e9s esportistes i per a <strong>la relaxaci\u00f3 i la diversi\u00f3<\/strong> . <strong>A cadasc\u00fa el seu ritme, a cadasc\u00fa les seves vacances<\/strong> .<\/p>\n<\/div>\n<\/div>\n\n\r\n    <\/div>\r\n<\/section>\n\n<section id=\"ls-section-block_4858408515567af0d0a358a50c1faa3a\" class=\"ls-section  page-two mosaique has-background has-color-4-background-color has-p-t p-t-14 has-p-b p-b-14\" >\r\n        <div class=\"container container--wide\">\r\n        \n\n<div class=\"wp-block-columns is-layout-flex wp-container-core-columns-is-layout-9d6595d7 wp-block-columns-is-layout-flex\">\n<div class=\"wp-block-column is-vertically-aligned-center is-layout-flow wp-block-column-is-layout-flow\">\n<h2 class=\"ls__heading wp-block-heading has-text-align-left\">Una piscina infantil per als m\u00e9s petits<\/h2>\n\n\n\n<p class=\"ls-paragraph has-text-align-left\">La piscina infantil (altura baixa de l&#8217;aigua) permet als joves <strong>refrescar-se amb total seguretat<\/strong> sota la supervisi\u00f3 d&#8217;un adult acompanyant.<\/p>\n\n\n\n<p class=\"ls-paragraph has-text-align-left\">Per al <strong>benestar de tots els m\u00e9s petits<\/strong> , l&#8217;aigua s&#8217;escalfa. El minitobogan amb la seva galleda d&#8217;aigua o metralladora animar\u00e0 a tota la fam\u00edlia a riure en veu alta.<\/p>\n\n\n\n<p class=\"ls-paragraph has-text-align-left\">Seu a <strong>pocs metres de la piscina<\/strong> , treu la c\u00e0mera i sigues espectador.<\/p>\n\n\n\n<h2 class=\"ls__heading wp-block-heading has-text-align-left\">Gaudeix d&#8217;activitats aqu\u00e0tiques al c\u00e0mping Cala Gogo prop d&#8217;Argel\u00e8s-sur-Mer<\/h2>\n\n\n\n<p class=\"ls-paragraph has-text-align-left\">El <strong>parc aqu\u00e0tic del c\u00e0mping<\/strong> prop d&#8217;Argel\u00e8s-sur-Mer<strong> <\/strong>t&#8217;ofereix totes les possibilitats de bany en diferents piscines i piscines infantils amb o sense tobogan i jocs divertits.<\/p>\n\n\n\n<p class=\"ls-paragraph has-text-align-left addReadMore showlesscontent\">Durant els matins de juliol i agost, gaudireu <strong>de l&#8217;activitat preferida de tots els turistes<\/strong> . Despertar muscular supervisat pels nostres dinamitzadors i despr\u00e9s temps d&#8217;activitats esportives i l\u00fadiques per a nens i adolescents, partit de waterpolo, iniciaci\u00f3 al busseig&#8230;<\/p>\n\n\n\n<p class=\"ls-paragraph has-text-align-left\">Cadasc\u00fa t\u00e9 el seu ritme: perfecciona el seu gateig, relaxa&#8217;t estirat a l&#8217;aigua, diverteix-te amb els seus fills, esquitxa amb els dolls d&#8217;aigua, llisca pel petit tobogan de la piscina climatitzada. <strong>Les activitats aqu\u00e0tiques<\/strong> que hi ha s\u00f3n molt variades.<\/p>\n<\/div>\n\n\n\n<div class=\"wp-block-column is-vertically-aligned-center is-layout-flow wp-block-column-is-layout-flow\">\n<figure class=\"wp-block-image size-full\"><img decoding=\"async\" width=\"1632\" height=\"1200\" src=\"https:\/\/www.camping-le-calagogo.fr\/wp-content\/uploads\/2023\/12\/pataugeoire-piscine-enfant.webp\" alt=\"piscina infantil piscina infantil\" class=\"wp-image-2629847\" srcset=\"https:\/\/www.camping-le-calagogo.fr\/wp-content\/uploads\/2023\/12\/pataugeoire-piscine-enfant.webp 1632w, https:\/\/www.camping-le-calagogo.fr\/wp-content\/uploads\/2023\/12\/pataugeoire-piscine-enfant-300x221.webp 300w, https:\/\/www.camping-le-calagogo.fr\/wp-content\/uploads\/2023\/12\/pataugeoire-piscine-enfant-1024x753.webp 1024w, https:\/\/www.camping-le-calagogo.fr\/wp-content\/uploads\/2023\/12\/pataugeoire-piscine-enfant-768x565.webp 768w, https:\/\/www.camping-le-calagogo.fr\/wp-content\/uploads\/2023\/12\/pataugeoire-piscine-enfant-1536x1129.webp 1536w\" sizes=\"(max-width: 1632px) 100vw, 1632px\" \/><\/figure>\n<\/div>\n<\/div>\n\n\r\n    <\/div>\r\n<\/section>\n\n<section id=\"ls-section-block_15ed4fa5c912a03857b1a3a5f6459b52\" class=\"ls-section \" >\r\n        <div class=\"container container--wide\">\r\n        \n\n<div class=\"wp-block-columns is-layout-flex wp-container-core-columns-is-layout-9d6595d7 wp-block-columns-is-layout-flex\">\n<div class=\"wp-block-column is-layout-flow wp-block-column-is-layout-flow\">\n<h2 class=\"ls__heading wp-block-heading\">Camping Argel\u00e8s-sur-Mer amb piscina climatitzada<\/h2>\n\n\n\n<p class=\"ls-paragraph\">La zona aqu\u00e0tica \u00e9s un lloc de relaxaci\u00f3 i lleure especialment popular entre els campistes, oferint diverses zones de bany per a grans i petits. Entre aquests llocs de nataci\u00f3 hi ha <strong>piscines climatitzades, tobogans i balnearis climatitzats<\/strong> .<\/p>\n\n\n\n<p class=\"ls-paragraph\">Ja sigui per banyar-se o per relaxar-se despr\u00e9s d&#8217;un dia ple d&#8217;activitats, la piscina climatitzada us d\u00f3na la benvinguda a qualsevol hora del dia.<\/p>\n\n\n\n<p class=\"ls-paragraph\">El sol\u00e0rium \u00e9s una altra zona de relaxaci\u00f3 especialment popular entre els turistes. Aquests \u00faltims, de fet, poden gaudir d&#8217;uns preciosos moments de relax a les gandules, a l&#8217;ombra de les cabanes de palla que tamb\u00e9 formen una decoraci\u00f3 que millora l&#8217;entorn de la piscina i, de manera m\u00e9s \u00e0mplia, del parc aqu\u00e0tic.<\/p>\n<\/div>\n\n\n\n<div class=\"wp-block-column is-layout-flow wp-block-column-is-layout-flow\">\n<h2 class=\"ls__heading wp-block-heading has-text-align-left\">Camping Argel\u00e8s amb tobogan aqu\u00e0tic als Pirineus Orientals<\/h2>\n\n\n\n<p class=\"ls-paragraph\">Els nens no es queden al marge quan es tracta de les instal\u00b7lacions disponibles al parc aqu\u00e0tic. El c\u00e0mping Le Cala Gogo \u00e9s un dels pocs establiments que disposa de <strong>piscina infantil climatitzada<\/strong> . La zona aqu\u00e0tica tamb\u00e9 inclou un <strong>tobogan aqu\u00e0tic<\/strong> on t&#8217;esperen rialles i esquitxades.<\/p>\n\n\n\n<p class=\"ls-paragraph addReadMore showlesscontent\">A m\u00e9s, perqu\u00e8 els nens puguin divertir-se i refrescar-se amb total seguretat, ja sigui a la zona de la piscina infantil o al tobogan, la nataci\u00f3 est\u00e0 supervisada pels equips del c\u00e0mping durant els mesos de juliol i agost. Aix\u00f2 no eximeix els pares de respectar la normativa interna de l&#8217;establiment, especialment pel que fa a l&#8217;espai aqu\u00e0tic. Per tant, sempre \u00e9s necess\u00e0ria la pres\u00e8ncia d&#8217;un adult acompanyant mentre els nens es diverteixen a les zones de bany reservades per a ells.<\/p>\n<\/div>\n<\/div>\n\n\r\n    <\/div>\r\n<\/section>\n\n<section id=\"ls-section-block_d5d3e98f2539d8b371c41863445e44e8\" class=\"ls-section  page-maillage has-p-b p-b-14\" >\r\n        <div class=\"container container--wide\">\r\n        \n\n<div id=\"ls-heading ls-titre-div-block_1cdfcb78987db83fcbb81b4abae4f04d\" class=\"ls-titre-div m-left h2-like\" >\n    Cases m\u00f2bils i la vora del mar<\/br> a Argel\u00e8s-sur-Mer<\/div>\n\n\n<div id=\"ls-maillage-block_8d689a5552405ce80a096a4e3ac2a0c0\" class=\"ls-maillage cta-style-normal\" data-rows=\"3\">\n    <div class=\"wp-block-columns  \"><div class=\"wp-block-column\"><div id=\"destinations\" class=\"ls-cta\">\n\n<a href=\"https:\/\/www.camping-le-calagogo.fr\/ca\/camping-argeles-sur-mer\/lloguer-mobil-home-argeles\/\" target=\"\" rel=\"noopener\" class=\"ls-cta__link\">\n\n\t<div class=\"ls-cta__image\"><img decoding=\"async\" src=\"https:\/\/www.camping-le-calagogo.fr\/wp-content\/uploads\/2023\/12\/camping-cala-gogo-a-saint-cyprien-avec-mobil-homes_resultat.webp\" alt=\"location mobil home\"><\/div>\n\t<div class=\"ls-cta__title\">\n\t\tCases m\u00f2bils\t<\/div>\n\t\n\t\t\n<\/a><\/div><\/div><div class=\"wp-block-column\"><div id=\"destinations\" class=\"ls-cta\">\n\n<a href=\"https:\/\/www.camping-le-calagogo.fr\/ca\/camping-argeles-sur-mer\/economic-camping-argeles-sur-mer\/\" target=\"\" rel=\"noopener\" class=\"ls-cta__link\">\n\n\t<div class=\"ls-cta__image\"><img decoding=\"async\" src=\"https:\/\/www.camping-le-calagogo.fr\/wp-content\/uploads\/2023\/12\/louer-emplacement-saint-cyprien.webp\" alt=\"\"><\/div>\n\t<div class=\"ls-cta__title\">\n\t\tPreus\t<\/div>\n\t\n\t\t\n<\/a><\/div><\/div><div class=\"wp-block-column\"><div id=\"destinations\" class=\"ls-cta\">\n\n<a href=\"https:\/\/www.camping-le-calagogo.fr\/ca\/camping-argeles-sur-mer\/camping-al-mar-argeles-sur-mer\/\" target=\"\" rel=\"noopener\" class=\"ls-cta__link\">\n\n\t<div class=\"ls-cta__image\"><img decoding=\"async\" src=\"https:\/\/www.camping-le-calagogo.fr\/wp-content\/uploads\/2023\/12\/activites-nautiques-pyrenees-orientales.webp\" alt=\"\"><\/div>\n\t<div class=\"ls-cta__title\">\n\t\tCosta del mar\t<\/div>\n\t\n\t\t\n<\/a><\/div><\/div><\/div><\/div>\n\r\n    <\/div>\r\n<\/section>","protected":false},"excerpt":{"rendered":"","protected":false},"author":1,"featured_media":2629854,"parent":2708633,"menu_order":0,"comment_status":"closed","ping_status":"closed","template":"","meta":{"_acf_changed":false,"_seopress_robots_primary_cat":"","_seopress_titles_title":"Camping Argeles sur Mer amb piscina | Parc aqu\u00e0tic i piscina climatitzada","_seopress_titles_desc":"Submergeix-te a la zona aqu\u00e0tica del c\u00e0mping d'Argeles amb piscina: una piscina climatitzada per a unes vacances davant del mar a Argel\u00e8s!","_seopress_robots_index":"","inline_featured_image":false,"footnotes":""},"sujet":[],"class_list":["post-2708446","page","type-page","status-publish","has-post-thumbnail","hentry"],"acf":[],"_links":{"self":[{"href":"https:\/\/www.camping-le-calagogo.fr\/ca\/wp-json\/wp\/v2\/pages\/2708446","targetHints":{"allow":["GET"]}}],"collection":[{"href":"https:\/\/www.camping-le-calagogo.fr\/ca\/wp-json\/wp\/v2\/pages"}],"about":[{"href":"https:\/\/www.camping-le-calagogo.fr\/ca\/wp-json\/wp\/v2\/types\/page"}],"author":[{"embeddable":true,"href":"https:\/\/www.camping-le-calagogo.fr\/ca\/wp-json\/wp\/v2\/users\/1"}],"replies":[{"embeddable":true,"href":"https:\/\/www.camping-le-calagogo.fr\/ca\/wp-json\/wp\/v2\/comments?post=2708446"}],"version-history":[{"count":7,"href":"https:\/\/www.camping-le-calagogo.fr\/ca\/wp-json\/wp\/v2\/pages\/2708446\/revisions"}],"predecessor-version":[{"id":2845632,"href":"https:\/\/www.camping-le-calagogo.fr\/ca\/wp-json\/wp\/v2\/pages\/2708446\/revisions\/2845632"}],"up":[{"embeddable":true,"href":"https:\/\/www.camping-le-calagogo.fr\/ca\/wp-json\/wp\/v2\/pages\/2708633"}],"wp:featuredmedia":[{"embeddable":true,"href":"https:\/\/www.camping-le-calagogo.fr\/ca\/wp-json\/wp\/v2\/media\/2629854"}],"wp:attachment":[{"href":"https:\/\/www.camping-le-calagogo.fr\/ca\/wp-json\/wp\/v2\/media?parent=2708446"}],"wp:term":[{"taxonomy":"sujet","embeddable":true,"href":"https:\/\/www.camping-le-calagogo.fr\/ca\/wp-json\/wp\/v2\/sujet?post=2708446"}],"curies":[{"name":"wp","href":"https:\/\/api.w.org\/{rel}","templated":true}]}}