{"id":2708453,"date":"2023-10-18T09:39:55","date_gmt":"2023-10-18T07:39:55","guid":{"rendered":"https:\/\/www.camping-le-calagogo.fr\/camping-sense-preu-languedoc-roussillon\/"},"modified":"2024-02-02T09:21:46","modified_gmt":"2024-02-02T08:21:46","slug":"barat-camping-llenguadoc-rossello","status":"publish","type":"page","link":"https:\/\/www.camping-le-calagogo.fr\/ca\/barat-camping-llenguadoc-rossello\/","title":{"rendered":"Preus"},"content":{"rendered":"<section id=\"ls-section-block_3f6e4c57f21609dbe307dc52772f5698\" class=\"ls-section  page-chapeau deco has-p-b p-b-4\" >\r\n        <div class=\"container \">\r\n        \n\n<h1 class=\"ls__heading wp-block-heading has-text-align-center\">Descobreix el nostre c\u00e0mping barat <strong>a Saint Cyprien<\/strong><\/h1>\n\n\n\n<p class=\"ls-paragraph has-text-align-center\">Aqu\u00ed descobrir\u00e0s totes les <strong>promocions i descomptes<\/strong> per a les teves properes vacances al c\u00e0mping de 5 estrelles Saint-Cyprien al sud de Fran\u00e7a. Aix\u00ed que, aprofita-ho i sigues el primer a beneficiar-te d&#8217;aquestes <strong>rebaixes de preu<\/strong> per a la teva estada a Cala-Gogo amb els teus amics o familiars! Tant si esteu en una casa m\u00f2bil com en un dels nostres c\u00e0mpings per a les vostres vacances en fam\u00edlia, us oferim tarifes atractives.  <\/p>\n\n\r\n    <\/div>\r\n<\/section>\n\n<section id=\"ls-section-block_3c583fe68a2bc6f8047e4343d165f06f\" class=\"ls-section \" >\r\n        <div class=\"container container--wide\">\r\n        \n\n<script>\n    window.ctoutvert = {\n\t\tid: 2224, \n\t\tlang: 'auto', \n\t\turl: 'https:\/\/reservation.secureholiday.net\/widgets\/'\n    };\n\n    (function (w, d, s, ctv, r, js, fjs) {\n        r=new XMLHttpRequest();r.open('GET',w[ctv].url+'js\/src.json');\n        r.responseType='json';r.json=true;r.send();\n        r.onload=function(){w[ctv].src=r.responseType=='json'?r.response:JSON.parse(r.response);\n        js.src=w[ctv].src[0];fjs.parentNode.insertBefore(js, fjs);}\n        js=d.createElement(s),fjs=d.getElementsByTagName(s)[0];\n        js.id='ctvwidget';js.async=1;\n    }(window, document, 'script', 'ctoutvert'));\n<\/script>\n<ctv-availability data-background-color=\"#FFFFFFFF\"><\/ctv-availability>\n\n\r\n    <\/div>\r\n<\/section>\n\n<section id=\"ls-section-block_baf754cec36c417c3600397b0bd4e1a3\" class=\"ls-section  page-one has-p-t p-t-0 has-p-b p-b-14\" >\r\n        <div class=\"container container--wide\">\r\n        \n\n<div class=\"wp-block-columns is-layout-flex wp-container-core-columns-is-layout-9d6595d7 wp-block-columns-is-layout-flex\">\n<div class=\"wp-block-column first is-layout-flow wp-block-column-is-layout-flow\" style=\"flex-basis:66.7%\">\n<figure class=\"wp-block-gallery has-nested-images columns-default is-cropped gallery-slider-page animated fadeInUp slow wp-block-gallery-1 is-layout-flex wp-block-gallery-is-layout-flex\">\n<figure class=\"wp-block-image size-full\"><a href=\"https:\/\/www.camping-le-calagogo.fr\/wp-content\/uploads\/2023\/12\/camping-petit-prix-saint-cyprien.webp\"><img decoding=\"async\" width=\"1799\" height=\"1200\" data-id=\"2630355\" src=\"https:\/\/www.camping-le-calagogo.fr\/wp-content\/uploads\/2023\/12\/camping-petit-prix-saint-cyprien.webp\" alt=\"C\u00e0mping de baix preu saint cyprien\" class=\"wp-image-2630355\" srcset=\"https:\/\/www.camping-le-calagogo.fr\/wp-content\/uploads\/2023\/12\/camping-petit-prix-saint-cyprien.webp 1799w, https:\/\/www.camping-le-calagogo.fr\/wp-content\/uploads\/2023\/12\/camping-petit-prix-saint-cyprien-300x200.webp 300w, https:\/\/www.camping-le-calagogo.fr\/wp-content\/uploads\/2023\/12\/camping-petit-prix-saint-cyprien-1024x683.webp 1024w, https:\/\/www.camping-le-calagogo.fr\/wp-content\/uploads\/2023\/12\/camping-petit-prix-saint-cyprien-768x512.webp 768w, https:\/\/www.camping-le-calagogo.fr\/wp-content\/uploads\/2023\/12\/camping-petit-prix-saint-cyprien-1536x1025.webp 1536w\" sizes=\"(max-width: 1799px) 100vw, 1799px\" \/><\/a><\/figure>\n\n\n\n<figure class=\"wp-block-image size-full\"><a href=\"https:\/\/www.camping-le-calagogo.fr\/wp-content\/uploads\/2024\/01\/1-864138-scaled.jpg-1-scaled.webp\"><img decoding=\"async\" width=\"2048\" height=\"1366\" data-id=\"2830249\" src=\"https:\/\/www.camping-le-calagogo.fr\/wp-content\/uploads\/2024\/01\/1-864138-scaled.jpg-1-scaled.webp\" alt=\"gamma de prestigi de l'home m\u00f2bil\" class=\"wp-image-2830249\" srcset=\"https:\/\/www.camping-le-calagogo.fr\/wp-content\/uploads\/2024\/01\/1-864138-scaled.jpg-1-scaled.webp 2048w, https:\/\/www.camping-le-calagogo.fr\/wp-content\/uploads\/2024\/01\/1-864138-scaled.jpg-1-300x200.webp 300w, https:\/\/www.camping-le-calagogo.fr\/wp-content\/uploads\/2024\/01\/1-864138-scaled.jpg-1-1024x683.webp 1024w, https:\/\/www.camping-le-calagogo.fr\/wp-content\/uploads\/2024\/01\/1-864138-scaled.jpg-1-768x512.webp 768w, https:\/\/www.camping-le-calagogo.fr\/wp-content\/uploads\/2024\/01\/1-864138-scaled.jpg-1-1536x1025.webp 1536w\" sizes=\"(max-width: 2048px) 100vw, 2048px\" \/><\/a><\/figure>\n\n\n\n<figure class=\"wp-block-image size-full\"><a href=\"https:\/\/www.camping-le-calagogo.fr\/wp-content\/uploads\/2023\/12\/hebergement-promotion-saint-cyprien.webp\"><img decoding=\"async\" width=\"1600\" height=\"1200\" data-id=\"2630365\" src=\"https:\/\/www.camping-le-calagogo.fr\/wp-content\/uploads\/2023\/12\/hebergement-promotion-saint-cyprien.webp\" alt=\"promoci\u00f3 d'allotjament saint cyprien\" class=\"wp-image-2630365\" srcset=\"https:\/\/www.camping-le-calagogo.fr\/wp-content\/uploads\/2023\/12\/hebergement-promotion-saint-cyprien.webp 1600w, https:\/\/www.camping-le-calagogo.fr\/wp-content\/uploads\/2023\/12\/hebergement-promotion-saint-cyprien-300x225.webp 300w, https:\/\/www.camping-le-calagogo.fr\/wp-content\/uploads\/2023\/12\/hebergement-promotion-saint-cyprien-1024x768.webp 1024w, https:\/\/www.camping-le-calagogo.fr\/wp-content\/uploads\/2023\/12\/hebergement-promotion-saint-cyprien-768x576.webp 768w, https:\/\/www.camping-le-calagogo.fr\/wp-content\/uploads\/2023\/12\/hebergement-promotion-saint-cyprien-1536x1152.webp 1536w\" sizes=\"(max-width: 1600px) 100vw, 1600px\" \/><\/a><\/figure>\n\n\n\n<figure class=\"wp-block-image size-full\"><a href=\"https:\/\/www.camping-le-calagogo.fr\/wp-content\/uploads\/2023\/12\/camping-meilleur-prix-saint-cyprien.webp\"><img decoding=\"async\" width=\"2000\" height=\"1050\" data-id=\"2630370\" src=\"https:\/\/www.camping-le-calagogo.fr\/wp-content\/uploads\/2023\/12\/camping-meilleur-prix-saint-cyprien.webp\" alt=\"c\u00e0mping millor preu saint cyprien\" class=\"wp-image-2630370\" srcset=\"https:\/\/www.camping-le-calagogo.fr\/wp-content\/uploads\/2023\/12\/camping-meilleur-prix-saint-cyprien.webp 2000w, https:\/\/www.camping-le-calagogo.fr\/wp-content\/uploads\/2023\/12\/camping-meilleur-prix-saint-cyprien-300x158.webp 300w, https:\/\/www.camping-le-calagogo.fr\/wp-content\/uploads\/2023\/12\/camping-meilleur-prix-saint-cyprien-1024x538.webp 1024w, https:\/\/www.camping-le-calagogo.fr\/wp-content\/uploads\/2023\/12\/camping-meilleur-prix-saint-cyprien-768x403.webp 768w, https:\/\/www.camping-le-calagogo.fr\/wp-content\/uploads\/2023\/12\/camping-meilleur-prix-saint-cyprien-1536x806.webp 1536w\" sizes=\"(max-width: 2000px) 100vw, 2000px\" \/><\/a><\/figure>\n<\/figure>\n<\/div>\n\n\n\n<div class=\"wp-block-column is-vertically-aligned-center second is-layout-flow wp-block-column-is-layout-flow\" style=\"flex-basis:33.3%\">\n<h2 class=\"ls__heading wp-block-heading\">La nostra gamma \u201cPrestige\u201d al millor preu!<\/h2>\n\n\n\n<p class=\"ls-paragraph\">Des de la temporada 2020, Cala Gogo ha millorat els seus lloguers.  <\/p>\n\n\n\n<p class=\"ls-paragraph\">Ni un, ni dos, sin\u00f3 tres nous mobilhomes han aparegut a Cala Gogo, i sempre al <strong>millor preu<\/strong> . Per a 4,6 o 8 persones, Banyuls, Muscat o Maury estaran all\u00e0 per satisfer tots els vostres desitjos.  <\/p>\n\n\n\n<p class=\"ls-paragraph\">La <strong>gamma \u201cPrestige\u201d<\/strong> , dotada de dos banys, rentavaixelles, aire condicionat i televisi\u00f3, t\u00e9 tots els actius per fer les del\u00edcies de grans i petits, tot mantenint-se econ\u00f2micament. A m\u00e9s, des de la temporada 2020, tots els nostres lloguers estan equipats amb aire condicionat I televisi\u00f3.<\/p>\n\n\n\n<p class=\"ls-paragraph\">Un motiu m\u00e9s per venir a descobrir o redescobrir el vostre c\u00e0mping barat favorit a Saint Cyprien.  <\/p>\n<\/div>\n<\/div>\n\n\r\n    <\/div>\r\n<\/section>\n\n<section id=\"ls-section-block_3f45d29f195fc7d5c1fea219eabc59ec\" class=\"ls-section  page-two mosaique has-background has-color-4-background-color has-p-t p-t-14 has-p-b p-b-14\" >\r\n        <div class=\"container container--wide\">\r\n        \n\n<div class=\"wp-block-columns is-layout-flex wp-container-core-columns-is-layout-9d6595d7 wp-block-columns-is-layout-flex\">\n<div class=\"wp-block-column is-vertically-aligned-center is-layout-flow wp-block-column-is-layout-flow\">\n<p class=\"ls-paragraph\"><strong>OFERTA \u201cMAR \u2013 SOL\u201d.<\/strong><\/p>\n\n\n\n<p class=\"ls-paragraph\">Aprofita la promoci\u00f3 <strong>\u201cMer \u2013 Soleil\u201d<\/strong> al teu allotjament<\/p>\n\n\n\n<ul class=\"ls-list wp-block-list\">\n<li>4 setmanes = 3 setmanes comprades + 1 gratu\u00efta<\/li>\n\n\n\n<li>Reserva 3 setmanes = 2 setmanes comprades + 1 gratu\u00efta!<\/li>\n\n\n\n<li>V\u00e0lid al maig, juny i setembre<\/li>\n<\/ul>\n\n\n\n<p class=\"ls-paragraph\"><strong>Oferta no acumulable<\/strong><\/p>\n\n\n\n<p class=\"ls-paragraph\">Al maig, juny i setembre, aprofiteu <strong>les despeses d&#8217;administraci\u00f3 gratu\u00eftes<\/strong> quan feu la reserva.<\/p>\n\n\n\n<p class=\"ls-paragraph\"><strong>PREFERIT:<\/strong> <strong>Cap de setmana o estada especial de busseig<\/strong><\/p>\n\n\n\n<p class=\"ls-paragraph\">Si ets un entusiasta del busseig, reserva el teu viatge sota l&#8217;aigua amb Lagune Plong\u00e9e i el teu allotjament a Cala Gogo: <a href=\"https:\/\/www.laguneplongee.com\/\" target=\"_blank\" rel=\"noreferrer noopener\">Lagune Plong\u00e9e<\/a> .<\/p>\n<\/div>\n\n\n\n<div class=\"wp-block-column is-layout-flow wp-block-column-is-layout-flow\">\n<figure class=\"wp-block-image size-full animated fadeInRight delay-100ms slow\"><a href=\"https:\/\/www.camping-le-calagogo.fr\/wp-content\/uploads\/2023\/12\/offre-sejour-camping-pyrenees-orientales.webp\"><img decoding=\"async\" width=\"1800\" height=\"1200\" src=\"https:\/\/www.camping-le-calagogo.fr\/wp-content\/uploads\/2023\/12\/offre-sejour-camping-pyrenees-orientales.webp\" alt=\"oferta per a una estada de c\u00e0mping als Pirineus orientals\" class=\"wp-image-2630375\" srcset=\"https:\/\/www.camping-le-calagogo.fr\/wp-content\/uploads\/2023\/12\/offre-sejour-camping-pyrenees-orientales.webp 1800w, https:\/\/www.camping-le-calagogo.fr\/wp-content\/uploads\/2023\/12\/offre-sejour-camping-pyrenees-orientales-300x200.webp 300w, https:\/\/www.camping-le-calagogo.fr\/wp-content\/uploads\/2023\/12\/offre-sejour-camping-pyrenees-orientales-1024x683.webp 1024w, https:\/\/www.camping-le-calagogo.fr\/wp-content\/uploads\/2023\/12\/offre-sejour-camping-pyrenees-orientales-768x512.webp 768w, https:\/\/www.camping-le-calagogo.fr\/wp-content\/uploads\/2023\/12\/offre-sejour-camping-pyrenees-orientales-1536x1024.webp 1536w\" sizes=\"(max-width: 1800px) 100vw, 1800px\" \/><\/a><\/figure>\n<\/div>\n<\/div>\n\n\r\n    <\/div>\r\n<\/section>\n\n<section id=\"ls-section-block_0ed118b238366aed1c7aa62cda2a335a\" class=\"ls-section  section-parallax has-background-image has-parallax has-background has-color-black-background-color has-p-t p-t-30 has-p-b p-b-0\" >\r\n    <div class=\"ls-section__background-image opacity-58\"><img decoding=\"async\" src=\"https:\/\/www.camping-le-calagogo.fr\/wp-content\/uploads\/2023\/12\/sejour-pas-cher-pyrenees-orientales.webp\" alt=\"\"><\/div>    <div class=\"container container--wide\">\r\n        \n\n<div id=\"ls-heading ls-titre-div-block_83bbd4d5fce212ea28d55d4cebd9fee6\" class=\"ls-titre-div h1-like\" >\n    Allotjament <em>a baix cost<\/em><\/div>\n\n\n\n<div class=\"wp-block-columns has-color-white-background-color has-background is-layout-flex wp-container-core-columns-is-layout-9d6595d7 wp-block-columns-is-layout-flex\">\n<div class=\"wp-block-column is-layout-flow wp-block-column-is-layout-flow\">\n<h2 class=\"ls__heading wp-block-heading has-text-align-center\">Passeu unes vacances econ\u00f2miques al Llenguadoc-Rossell\u00f3<\/h2>\n\n\n\n<p class=\"ls-paragraph has-text-align-center\">Busques un <strong>c\u00e0mping barat a St Cyprien?<\/strong><br>Amb el <a href=\"https:\/\/www.camping-le-calagogo.fr\/ca\/\">c\u00e0mping Saint Cyprien<\/a> , gaudir\u00e0s d&#8217;una estada agradable amb serveis d&#8217;alta qualitat i, a m\u00e9s, no \u00e9s car. Gaudeix d&#8217;una estada <a href=\"https:\/\/www.camping-le-calagogo.fr\/ca\/camping-argeles-sur-mer\/economic-camping-argeles-sur-mer\/\" data-type=\"page\" data-id=\"102\">al c\u00e0mping a baix preu<\/a> , idealment situat <a href=\"https:\/\/www.camping-le-calagogo.fr\/ca\/camping-costat-del-mar-llenguadoc-rossello\/\" data-type=\"page\" data-id=\"40\">a la vora del Mediterrani<\/a> , a St Cyprien, prop de Perpiny\u00e0.<\/p>\n\n\n\n<p class=\"ls-paragraph has-text-align-center addReadMore showlesscontent\">Gaudeix d&#8217;unes vacances econ\u00f2miques i descobreix els <strong>m\u00faltiples avantatges<\/strong> del c\u00e0mping Cala Gogo.<\/p>\n\n\n\n<p class=\"ls-paragraph has-text-align-center\">El c\u00e0mping ofereix <strong>nombroses activitats esportives<\/strong> , animaci\u00f3 per a nens i adults i una gran <strong>zona aqu\u00e0tica<\/strong> . Juga a volei platja, participa en sessions de fitness o prova els plats del restaurant. Demana una graella, un gelat o fins i tot una pizza, dep\u00e8n de tu?! A m\u00e9s, podeu anar caminant a la platja des de la vostra casa m\u00f2bil. La platja al final de la cal\u00e7ada? Aquest \u00e9s el somni! La teva setmana de <strong>vacances al millor preu<\/strong> es desenvolupar\u00e0 en les millors condicions. Gr\u00e0cies a les cases m\u00f2bils molt ben equipades, aqu\u00ed estar\u00e0s com a casa i podr\u00e0s <strong>relaxar-te durant tota la teva estada<\/strong> .<\/p>\n\n\n\n<p class=\"ls-paragraph has-text-align-center\">Feu una aventura en bicicleta per admirar el <strong>paisatge mediterrani<\/strong> . Exploreu els voltants, Perpiny\u00e0, Narbona, S\u00e8te i Carcassona s\u00f3n a prop. El c\u00e0mping econ\u00f2mic Cala Gogo \u00e9s <strong>ideal tant per a vacances<\/strong> , com en parella, en fam\u00edlia o amb amics.<\/p>\n<\/div>\n<\/div>\n\n\r\n    <\/div>\r\n<\/section>\n\n<section id=\"ls-section-block_9890eb423511b9e3115706578fe933c0\" class=\"ls-section  page-three has-p-t p-t-14 has-p-b p-b-14\" >\r\n        <div class=\"container container--wide\">\r\n        \n\n<div class=\"wp-block-columns is-layout-flex wp-container-core-columns-is-layout-9d6595d7 wp-block-columns-is-layout-flex\">\n<div class=\"wp-block-column first is-layout-flow wp-block-column-is-layout-flow\">\n<figure class=\"wp-block-image size-full animated fadeInLeft delay-100ms slow\"><img decoding=\"async\" width=\"1800\" height=\"1200\" src=\"https:\/\/www.camping-le-calagogo.fr\/wp-content\/uploads\/2023\/12\/louer-mobil-home-perpignan.webp\" alt=\"allotjament al millor preu saint cyprien\" class=\"wp-image-2708254\" srcset=\"https:\/\/www.camping-le-calagogo.fr\/wp-content\/uploads\/2023\/12\/louer-mobil-home-perpignan.webp 1800w, https:\/\/www.camping-le-calagogo.fr\/wp-content\/uploads\/2023\/12\/louer-mobil-home-perpignan-300x200.webp 300w, https:\/\/www.camping-le-calagogo.fr\/wp-content\/uploads\/2023\/12\/louer-mobil-home-perpignan-1024x683.webp 1024w, https:\/\/www.camping-le-calagogo.fr\/wp-content\/uploads\/2023\/12\/louer-mobil-home-perpignan-768x512.webp 768w, https:\/\/www.camping-le-calagogo.fr\/wp-content\/uploads\/2023\/12\/louer-mobil-home-perpignan-1536x1024.webp 1536w\" sizes=\"(max-width: 1800px) 100vw, 1800px\" \/><\/figure>\n<\/div>\n\n\n\n<div class=\"wp-block-column is-vertically-aligned-top second is-layout-flow wp-block-column-is-layout-flow\">\n<h2 class=\"ls__heading wp-block-heading\">Aprofiteu-vos de les promocions de lloguer de mobil home<\/h2>\n\n\n\n<p class=\"ls-paragraph\">\u00c9s possible llogar una casa m\u00f2bil al c\u00e0mping Cala Gogo a St Cyprien, prop de Perpiny\u00e0. <a href=\"https:\/\/www.camping-le-calagogo.fr\/ca\/lloguer-mobil-home-llenguadoc-rossello\/\" data-type=\"page\" data-id=\"74\">Les mobil-homes al Llenguadoc-Rossell\u00f3<\/a> disponibles per al lloguer estan totes equipades amb <strong>un equipament de qualitat<\/strong> . Les diferents cases m\u00f2bils estan instal\u00b7lades en <strong>parcel\u00b7les \u00e0mplies<\/strong> per permetre una estada en les millors condicions.<\/p>\n\n\n\n<p class=\"ls-paragraph\">Per aprofitar les promocions del c\u00e0mping Cala Gogo, podeu comptar per exemple amb <strong>l&#8217;oferta \u201cMer et Soleil\u201d<\/strong> . Aquesta promoci\u00f3 d&#8217;acampada \u00e9s v\u00e0lida durant els <strong>mesos de maig, juny i setembre<\/strong> .<\/p>\n\n\n\n<p class=\"ls-paragraph\">Per a tres o quatre setmanes de lloguer, una <strong>setmana \u00e9s gratu\u00efta<\/strong> . Les despeses de sol\u00b7licitud s\u00f3n gratu\u00eftes durant aquest per\u00edode.<\/p>\n\n\n\n<p class=\"ls-paragraph addReadMore showlesscontent\">Organitzeu una estada per viure <strong>al m\u00e0xim la vostra passi\u00f3 pel busseig<\/strong> gr\u00e0cies al nostre paquet especial de busseig &#8220;Coup de coeur&#8221;. Aquesta oferta s&#8217;ofereix en col\u00b7laboraci\u00f3 amb el centre Lagune Plong\u00e9e. Una oferta especial et permet aprendre a bussejar o practicar aquest esport que tant t&#8217;agrada, en les millors condicions. <strong>La seguretat i la conviv\u00e8ncia<\/strong> seran les paraules clau d&#8217;aquests moments passats al regne dels peixos.<br><br>Tamb\u00e9 tens les nostres targetes <a href=\"https:\/\/www.camping-le-calagogo.fr\/ca\/camping-acsi-saint-cyprien\/\" data-type=\"page\" data-id=\"118\">ACSI<\/a> , <a href=\"https:\/\/www.camping-le-calagogo.fr\/ca\/camping-adac-saint-cyprien\/\" data-type=\"page\" data-id=\"122\">ADAC<\/a> i <a href=\"https:\/\/www.camping-le-calagogo.fr\/ca\/camping-anwb-saint-cyprien\/\" data-type=\"page\" data-id=\"126\">ANWB<\/a> que s\u00f3n <strong>bones ofertes de c\u00e0mping<\/strong> , en forma de tres targetes que segur que et permetran <strong>molts avantatges<\/strong> per a una estada al millor preu al c\u00e0mping<\/p>\n<\/div>\n<\/div>\n\n\r\n    <\/div>\r\n<\/section>\n\n<section id=\"ls-section-block_d04f1a4beec4a0f774abff1e926d2627\" class=\"ls-section  page-one mosaique has-background has-color-4-background-color has-p-t p-t-20 has-p-b p-b-14\" >\r\n        <div class=\"container container--wide\">\r\n        \n\n<div class=\"wp-block-columns is-layout-flex wp-container-core-columns-is-layout-9d6595d7 wp-block-columns-is-layout-flex\">\n<div class=\"wp-block-column is-vertically-aligned-center first is-layout-flow wp-block-column-is-layout-flow\">\n<h2 class=\"ls__heading wp-block-heading\">Camping barat al costat del mar Llenguadoc-Rossell\u00f3<\/h2>\n\n\n\n<p class=\"ls-paragraph\">El c\u00e0mping Le Cala Gogo ofereix diverses cases m\u00f2bils amb espais d&#8217;estar c\u00f2modes. Tant si veniu en parella com en fam\u00edlia, trobareu f\u00e0cilment el model que s&#8217;ajusti a les vostres expectatives. Alguns d&#8217;aquests lloguers tenen capacitat per a quatre, cinc o sis persones amb nadons. L&#8217;establiment de cinc estrelles disposa fins i tot d&#8217;un model \u2013el Maury\u2013 que t\u00e9 quatre dormitoris i t\u00e9 capacitat per a vuit persones.<\/p>\n\n\n\n<p class=\"ls-paragraph\">L&#8217;estada al <strong>c\u00e0mping econ\u00f2mic St Cyprien<\/strong> \u00e9s tant m\u00e9s agradable com les mobil homes es troben a pocs metres del Mediterrani. Gaudeix i regala&#8217;t una escapada a aquest indret on podr\u00e0s, a qualsevol hora del dia, passejar per la costa mediterr\u00e0nia \u2013l&#8217;acc\u00e9s a la platja des del c\u00e0mping es facilita amb un llarg terra de fusta. Bonic passeig.<\/p>\n\n\n\n<p class=\"ls-paragraph addReadMore showlesscontent\">Tingueu en compte tamb\u00e9 que els diferents lloguers disponibles tenen <strong>preus assequibles<\/strong> . A m\u00e9s, el c\u00e0mping ofereix <strong>diverses rebaixes de preu<\/strong> que permeten un estalvi important. Aix\u00ed, a l&#8217;abril, maig i setembre, per exemple, per a qualsevol estada de tres o quatre setmanes, els \u00faltims set dies s\u00f3n gratu\u00efts.<\/p>\n<\/div>\n\n\n\n<div class=\"wp-block-column is-vertically-aligned-top second is-layout-flow wp-block-column-is-layout-flow\">\n<figure class=\"wp-block-image size-full animated fadeInRight delay-100ms slow\"><a href=\"https:\/\/www.camping-le-calagogo.fr\/wp-content\/uploads\/2023\/12\/camping-bord-mer-pas-cher.webp\"><img decoding=\"async\" width=\"1968\" height=\"1200\" src=\"https:\/\/www.camping-le-calagogo.fr\/wp-content\/uploads\/2023\/12\/camping-bord-mer-pas-cher.webp\" alt=\"c\u00e0mping barat al costat del mar\" class=\"wp-image-2630385\" srcset=\"https:\/\/www.camping-le-calagogo.fr\/wp-content\/uploads\/2023\/12\/camping-bord-mer-pas-cher.webp 1968w, https:\/\/www.camping-le-calagogo.fr\/wp-content\/uploads\/2023\/12\/camping-bord-mer-pas-cher-300x183.webp 300w, https:\/\/www.camping-le-calagogo.fr\/wp-content\/uploads\/2023\/12\/camping-bord-mer-pas-cher-1024x624.webp 1024w, https:\/\/www.camping-le-calagogo.fr\/wp-content\/uploads\/2023\/12\/camping-bord-mer-pas-cher-768x468.webp 768w, https:\/\/www.camping-le-calagogo.fr\/wp-content\/uploads\/2023\/12\/camping-bord-mer-pas-cher-1536x937.webp 1536w\" sizes=\"(max-width: 1968px) 100vw, 1968px\" \/><\/a><\/figure>\n<\/div>\n<\/div>\n\n\r\n    <\/div>\r\n<\/section>\n\n<section id=\"ls-section-block_329aad579bd19ee6c2b5d5de711302ad\" class=\"ls-section  page-maillage has-p-b p-b-14\" >\r\n        <div class=\"container container--wide\">\r\n        \n\n<div id=\"ls-heading ls-titre-div-block_d2bfca43892f59b7ca0ad31c9d10b4a3\" class=\"ls-titre-div m-left h2-like\" >\n    Descobreix l&#8217;allotjament,<\/br> i els nostres serveis!<\/div>\n\n\n<div id=\"ls-maillage-block_228143afba1d5c7795e5e3942ff15a84\" class=\"ls-maillage cta-style-normal\" data-rows=\"3\">\n    <div class=\"wp-block-columns  \"><div class=\"wp-block-column\"><div id=\"destinations\" class=\"ls-cta\">\n\n<a href=\"https:\/\/www.camping-le-calagogo.fr\/ca\/camping-serveis-pirineus-orientals\/\" target=\"\" rel=\"noopener\" class=\"ls-cta__link\">\n\n\t<div class=\"ls-cta__image\"><img decoding=\"async\" src=\"https:\/\/www.camping-le-calagogo.fr\/wp-content\/uploads\/2023\/12\/epicerie-languedoc.webp\" alt=\"\"><\/div>\n\t<div class=\"ls-cta__title\">\n\t\tServeis i empreses\t<\/div>\n\t\n\t\t\n<\/a><\/div><\/div><div class=\"wp-block-column\"><div id=\"destinations\" class=\"ls-cta\">\n\n<a href=\"https:\/\/www.camping-le-calagogo.fr\/ca\/lloguer-mobil-home-llenguadoc-rossello\/\" target=\"\" rel=\"noopener\" class=\"ls-cta__link\">\n\n\t<div class=\"ls-cta__image\"><img decoding=\"async\" src=\"https:\/\/www.camping-le-calagogo.fr\/wp-content\/uploads\/2023\/12\/sejour-mobil-home-pyrenees-orientales.webp\" alt=\"\"><\/div>\n\t<div class=\"ls-cta__title\">\n\t\tCases m\u00f2bils\t<\/div>\n\t\n\t\t\n<\/a><\/div><\/div><div class=\"wp-block-column\"><div id=\"destinations\" class=\"ls-cta\">\n\n<a href=\"https:\/\/www.camping-le-calagogo.fr\/ca\/camping-argeles-sur-mer\/caravaning-location-argeles-sur-mer\/\" target=\"\" rel=\"noopener\" class=\"ls-cta__link\">\n\n\t<div class=\"ls-cta__image\"><img decoding=\"async\" src=\"https:\/\/www.camping-le-calagogo.fr\/wp-content\/uploads\/2023\/12\/caravaning-saint-cyprien.webp\" alt=\"\"><\/div>\n\t<div class=\"ls-cta__title\">\n\t\tUbicacions\t<\/div>\n\t\n\t\t\n<\/a><\/div><\/div><\/div><\/div>\n\r\n    <\/div>\r\n<\/section>","protected":false},"excerpt":{"rendered":"","protected":false},"author":1,"featured_media":2630409,"parent":0,"menu_order":0,"comment_status":"closed","ping_status":"closed","template":"","meta":{"_acf_changed":false,"_seopress_robots_primary_cat":"","_seopress_titles_title":"C\u00e0mping St Cyprien barat | C\u00e0mping econ\u00f2mic Llenguadoc Rossell\u00f3","_seopress_titles_desc":"Busques un c\u00e0mping barat a Saint Cyprien? Aprofita les nostres ofertes especials i grans ofertes per a les teves vacances al mar de 5 estrelles!","_seopress_robots_index":"","inline_featured_image":false,"footnotes":""},"sujet":[],"class_list":["post-2708453","page","type-page","status-publish","has-post-thumbnail","hentry"],"acf":[],"_links":{"self":[{"href":"https:\/\/www.camping-le-calagogo.fr\/ca\/wp-json\/wp\/v2\/pages\/2708453","targetHints":{"allow":["GET"]}}],"collection":[{"href":"https:\/\/www.camping-le-calagogo.fr\/ca\/wp-json\/wp\/v2\/pages"}],"about":[{"href":"https:\/\/www.camping-le-calagogo.fr\/ca\/wp-json\/wp\/v2\/types\/page"}],"author":[{"embeddable":true,"href":"https:\/\/www.camping-le-calagogo.fr\/ca\/wp-json\/wp\/v2\/users\/1"}],"replies":[{"embeddable":true,"href":"https:\/\/www.camping-le-calagogo.fr\/ca\/wp-json\/wp\/v2\/comments?post=2708453"}],"version-history":[{"count":35,"href":"https:\/\/www.camping-le-calagogo.fr\/ca\/wp-json\/wp\/v2\/pages\/2708453\/revisions"}],"predecessor-version":[{"id":2830415,"href":"https:\/\/www.camping-le-calagogo.fr\/ca\/wp-json\/wp\/v2\/pages\/2708453\/revisions\/2830415"}],"wp:featuredmedia":[{"embeddable":true,"href":"https:\/\/www.camping-le-calagogo.fr\/ca\/wp-json\/wp\/v2\/media\/2630409"}],"wp:attachment":[{"href":"https:\/\/www.camping-le-calagogo.fr\/ca\/wp-json\/wp\/v2\/media?parent=2708453"}],"wp:term":[{"taxonomy":"sujet","embeddable":true,"href":"https:\/\/www.camping-le-calagogo.fr\/ca\/wp-json\/wp\/v2\/sujet?post=2708453"}],"curies":[{"name":"wp","href":"https:\/\/api.w.org\/{rel}","templated":true}]}}