{"id":2708475,"date":"2023-10-18T09:41:09","date_gmt":"2023-10-18T07:41:09","guid":{"rendered":"https:\/\/www.camping-le-calagogo.fr\/barat-2\/"},"modified":"2024-02-02T09:11:01","modified_gmt":"2024-02-02T08:11:01","slug":"barat","status":"publish","type":"page","link":"https:\/\/www.camping-le-calagogo.fr\/ca\/camping-perpinya\/barat\/","title":{"rendered":"Camping econ\u00f2mic Perpiny\u00e0"},"content":{"rendered":"<section id=\"ls-section-block_4fb6a9346fdb6205745f3a3a865e5c17\" class=\"ls-section  page-chapeau deco has-p-b p-b-4\" >\r\n        <div class=\"container \">\r\n        \n\n<h1 class=\"ls__heading wp-block-heading has-text-align-center\">Camping econ\u00f2mic a Perpiny\u00e0<br><strong>als Pirineus Orientals<\/strong><\/h1>\n\n\n\n<p class=\"ls-paragraph has-text-align-center\">El c\u00e0mping de cinc estrelles Le Cala Gogo us d\u00f3na la benvinguda en un entorn tranquil i verd, a prop de Perpiny\u00e0, als Pirineus Orientals. Gaudeix d&#8217;una estada al costat del mar en fam\u00edlia o amb amics, on t&#8217;esperen diverses activitats de descoberta, relaxaci\u00f3 i esport.<\/p>\n\n\r\n    <\/div>\r\n<\/section>\n\n<section id=\"ls-section-block_f6812ff6b8b4d0ab042b9716fbc5abbc\" class=\"ls-section \" >\r\n        <div class=\"container container--wide\">\r\n        \n\n<script>\n    window.ctoutvert = {\n\t\tid: 2224, \n\t\tlang: 'auto', \n\t\turl: 'https:\/\/reservation.secureholiday.net\/widgets\/'\n    };\n\n    (function (w, d, s, ctv, r, js, fjs) {\n        r=new XMLHttpRequest();r.open('GET',w[ctv].url+'js\/src.json');\n        r.responseType='json';r.json=true;r.send();\n        r.onload=function(){w[ctv].src=r.responseType=='json'?r.response:JSON.parse(r.response);\n        js.src=w[ctv].src[0];fjs.parentNode.insertBefore(js, fjs);}\n        js=d.createElement(s),fjs=d.getElementsByTagName(s)[0];\n        js.id='ctvwidget';js.async=1;\n    }(window, document, 'script', 'ctoutvert'));\n<\/script>\n<ctv-availability data-background-color=\"#FFFFFFFF\"><\/ctv-availability>\n\n\r\n    <\/div>\r\n<\/section>\n\n<section id=\"ls-section-block_561239c574ce3258eda1c5788f0566e2\" class=\"ls-section  page-one has-p-t p-t-0 has-p-b p-b-14\" >\r\n        <div class=\"container container--wide\">\r\n        \n\n<div class=\"wp-block-columns is-layout-flex wp-container-core-columns-is-layout-9d6595d7 wp-block-columns-is-layout-flex\">\n<div class=\"wp-block-column is-vertically-aligned-center first is-layout-flow wp-block-column-is-layout-flow\" style=\"flex-basis:66.7%\">\n<figure class=\"wp-block-image size-full\"><img decoding=\"async\" width=\"1800\" height=\"1200\" src=\"https:\/\/www.camping-le-calagogo.fr\/wp-content\/uploads\/2023\/12\/louer-mobil-home-perpignan.webp\" alt=\"llogar mobil home barat perpiny\u00e0\" class=\"wp-image-2708254\" srcset=\"https:\/\/www.camping-le-calagogo.fr\/wp-content\/uploads\/2023\/12\/louer-mobil-home-perpignan.webp 1800w, https:\/\/www.camping-le-calagogo.fr\/wp-content\/uploads\/2023\/12\/louer-mobil-home-perpignan-300x200.webp 300w, https:\/\/www.camping-le-calagogo.fr\/wp-content\/uploads\/2023\/12\/louer-mobil-home-perpignan-1024x683.webp 1024w, https:\/\/www.camping-le-calagogo.fr\/wp-content\/uploads\/2023\/12\/louer-mobil-home-perpignan-768x512.webp 768w, https:\/\/www.camping-le-calagogo.fr\/wp-content\/uploads\/2023\/12\/louer-mobil-home-perpignan-1536x1024.webp 1536w\" sizes=\"(max-width: 1800px) 100vw, 1800px\" \/><\/figure>\n<\/div>\n\n\n\n<div class=\"wp-block-column is-vertically-aligned-center second is-layout-flow wp-block-column-is-layout-flow\" style=\"flex-basis:33.3%\">\n<h2 class=\"ls__heading wp-block-heading\">Allotjament de baix cost a prop de Perpiny\u00e0<\/h2>\n\n\n\n<p class=\"ls-paragraph\">El <a href=\"https:\/\/www.camping-le-calagogo.fr\/ca\/\" data-type=\"page\" data-id=\"9\">c\u00e0mping de 5 estrelles de Saint Cyprien<\/a> Le Cala Gogo ofereix diversos <a href=\"https:\/\/www.camping-le-calagogo.fr\/ca\/camping-perpinya\/autocaravana-perpinya\/\" data-type=\"page\" data-id=\"82\">lloguers de cases m\u00f2bils a Perpiny\u00e0<\/a> c\u00f2modes i ben equipats, d&#8217;entre una i quatre habitacions i amb capacitat de dues a vuit persones.<\/p>\n\n\n\n<p class=\"ls-paragraph addReadMore showlesscontent\">Aquests lloguers tenen aire condicionat i terrassa coberta. <\/p>\n\n\n\n<ul class=\"ls-list wp-block-list\">\n<li>Casa m\u00f2bil amb 1 habitaci\u00f3 per a 2-3 persones<\/li>\n\n\n\n<li>Casa m\u00f2bil de 2 habitacions per a 4 persones<\/li>\n\n\n\n<li>Casa m\u00f2bil PRM per a 4 persones<\/li>\n\n\n\n<li>Casa m\u00f2bil de 2 habitacions i 2 banys, per a 4 persones<\/li>\n\n\n\n<li>Casa m\u00f2bil de 3 habitacions i 2 banys, per a 6 persones<\/li>\n\n\n\n<li>Casa m\u00f2bil de 2 habitacions per a 5 persones<\/li>\n\n\n\n<li>Casa m\u00f2bil amb 2 habitacions per a 5-6 persones<\/li>\n\n\n\n<li>Casa m\u00f2bil de 4 habitacions i 2 banys, per a 7-8 persones<\/li>\n<\/ul>\n<\/div>\n<\/div>\n\n\r\n    <\/div>\r\n<\/section>\n\n<section id=\"ls-section-block_fdb0da0026c168f5512ceda14c741766\" class=\"ls-section  page-two mosaique has-background has-color-4-background-color has-p-t p-t-14 has-p-b p-b-14\" >\r\n        <div class=\"container container--wide\">\r\n        \n\n<div class=\"wp-block-columns is-layout-flex wp-container-core-columns-is-layout-9d6595d7 wp-block-columns-is-layout-flex\">\n<div class=\"wp-block-column is-vertically-aligned-center is-layout-flow wp-block-column-is-layout-flow\">\n<p class=\"ls-paragraph\">El <strong>c\u00e0mping econ\u00f2mic de Perpiny\u00e0<\/strong> tamb\u00e9 ofereix reduccions de preu v\u00e0lides d&#8217;abril a juny i al setembre. Aix\u00ed, si reserveu durant quatre setmanes, tindreu dret a una reducci\u00f3 del -30%: la quarta setmana \u00e9s gratu\u00efta. En reservar tres setmanes et beneficies d&#8217;una reducci\u00f3 del -20%, la qual cosa significa que l&#8217;\u00faltima setmana \u00e9s gratu\u00efta.<\/p>\n\n\n\n<p class=\"ls-paragraph has-text-align-left\">Les ubicacions no es queden fora. Els campistes poden triar entre dos paquets:<\/p>\n\n\n\n<p class=\"ls-paragraph\"><strong>Paquet &#8220;est\u00e0ndard&#8221;.<\/strong><\/p>\n\n\n\n<p class=\"ls-paragraph\">La parcel\u00b7la est\u00e0 pensada per a dues persones i un cotxe, i disposa d&#8217;electricitat de 10 A. Tamb\u00e9 \u00e9s accessible per a persones amb mobilitat redu\u00efda. Ideal per a unes vacances de c\u00e0mping en un dels c\u00e0mpings d&#8217;autocaravanes amb acc\u00e9s directe a la platja<\/p>\n\n\n\n<p class=\"ls-paragraph\"><strong>Paquet \u201cConfort\u201d.<\/strong><\/p>\n\n\n\n<p class=\"ls-paragraph\">A m\u00e9s d&#8217;espai per al cotxe i 10 A d&#8217;electricitat, la parcel\u00b7la disposa de connexi\u00f3 d&#8217;aigua i sistema de drenatge d&#8217;aig\u00fces residuals. Tamb\u00e9 \u00e9s accessible per a persones amb mobilitat redu\u00efda.<\/p>\n<\/div>\n\n\n\n<div class=\"wp-block-column is-vertically-aligned-center is-layout-flow wp-block-column-is-layout-flow\">\n<figure class=\"wp-block-image size-full\"><img decoding=\"async\" width=\"1800\" height=\"1200\" src=\"https:\/\/www.camping-le-calagogo.fr\/wp-content\/uploads\/2023\/12\/camping-cala-gogo-a-saint-cyprien-avec-mobil-homes_resultat.webp\" alt=\"llogar mobil home barat perpiny\u00e0\" class=\"wp-image-2708098\" srcset=\"https:\/\/www.camping-le-calagogo.fr\/wp-content\/uploads\/2023\/12\/camping-cala-gogo-a-saint-cyprien-avec-mobil-homes_resultat.webp 1800w, https:\/\/www.camping-le-calagogo.fr\/wp-content\/uploads\/2023\/12\/camping-cala-gogo-a-saint-cyprien-avec-mobil-homes_resultat-300x200.webp 300w, https:\/\/www.camping-le-calagogo.fr\/wp-content\/uploads\/2023\/12\/camping-cala-gogo-a-saint-cyprien-avec-mobil-homes_resultat-1024x683.webp 1024w, https:\/\/www.camping-le-calagogo.fr\/wp-content\/uploads\/2023\/12\/camping-cala-gogo-a-saint-cyprien-avec-mobil-homes_resultat-768x512.webp 768w, https:\/\/www.camping-le-calagogo.fr\/wp-content\/uploads\/2023\/12\/camping-cala-gogo-a-saint-cyprien-avec-mobil-homes_resultat-1536x1024.webp 1536w\" sizes=\"(max-width: 1800px) 100vw, 1800px\" \/><\/figure>\n<\/div>\n<\/div>\n\n\r\n    <\/div>\r\n<\/section>\n\n<section id=\"ls-section-block_16ae6c561f8d48d355f43fbc9a03fdca\" class=\"ls-section  section-parallax has-parallax has-background has-color-white-background-color has-p-t p-t-14 has-p-b p-b-14\" >\r\n        <div class=\"container container--wide\">\r\n        \n\n<div class=\"wp-block-columns is-layout-flex wp-container-core-columns-is-layout-9d6595d7 wp-block-columns-is-layout-flex\">\n<div class=\"wp-block-column is-layout-flow wp-block-column-is-layout-flow\">\n<h2 class=\"ls__heading wp-block-heading\">Camping barat a la costa de Perpiny\u00e0<\/h2>\n\n\n\n<p class=\"ls-paragraph\">El <a href=\"https:\/\/www.camping-le-calagogo.fr\/ca\/camping-perpinya\/\" data-type=\"page\" data-id=\"2291\">c\u00e0mping Perpiny\u00e0 Le Cala Gogo<\/a> \u00e9s una bona opci\u00f3 per gaudir d&#8217;unes fant\u00e0stiques vacances amb la fam\u00edlia o els amics al costat del mar. L&#8217;establiment de cinc estrelles us ofereix acc\u00e9s directe al Mediterrani.<\/p>\n\n\n\n<p class=\"ls-paragraph\">L&#8217;entorn no pot ser m\u00e9s encantador, i podreu gaudir al m\u00e0xim d&#8217;aquests sis quil\u00f2metres de platges de sorra. L&#8217;acc\u00e9s a la platja des del <strong>c\u00e0mping barat de Perpiny\u00e0<\/strong> es facilita gr\u00e0cies a un llarg terra de fusta que sembla un passeig de Ni\u00e7a.  <\/p>\n\n\n\n<p class=\"ls-paragraph\">Si teniu previst venir amb nens, us tranquil\u00b7litzar\u00e0 saber que les platges estan vigilades durant els mesos de juliol-agost. A m\u00e9s, una platja de naturisme acull els aficionats a diversos centenars de metres de l&#8217;establiment.<\/p>\n<\/div>\n\n\n\n<div class=\"wp-block-column is-layout-flow wp-block-column-is-layout-flow\">\n<h2 class=\"ls__heading wp-block-heading\">Beneficia&#8217;t de les millors ofertes i promocions<\/h2>\n\n\n\n<p class=\"ls-paragraph\">El <a href=\"https:\/\/www.camping-le-calagogo.fr\/ca\/camping-perpinya\/piscina-perpinya\/\" data-type=\"page\" data-id=\"66\">c\u00e0mping amb piscina de Perpiny\u00e0<\/a> Le Cala Gogo ofereix diverses ofertes promocionals per ajudar els campistes a gaudir d&#8217;unes fant\u00e0stiques vacances al costat del mar sense gastar-se:<\/p>\n\n\n\n<ul class=\"ls-list wp-block-list\">\n<li>-10% de descompte en mobil homes i parcel\u00b7les. Aquesta oferta \u00e9s v\u00e0lida del 13 de juny a l&#8217;1 d&#8217;agost de 2020 i \u00e9s v\u00e0lida per a totes les estades d&#8217;almenys set dies.<\/li>\n\n\n\n<li>-30% de descompte en mobil homes i parcel\u00b7les. Aquesta promoci\u00f3 \u00e9s v\u00e0lida del 4 d&#8217;abril al 4 de juliol de 2020 i del 29 d&#8217;agost al 26 de setembre de 2020. En reservar una estada de 28 dies (4 setmanes), les \u00faltimes 7 s\u00f3n gratu\u00eftes, sempre que pagueu una taxa de gesti\u00f3 de 25 \u20ac.<\/li>\n\n\n\n<li>-20% de descompte en mobil homes i parcel\u00b7les. Aquesta oferta tamb\u00e9 \u00e9s v\u00e0lida del 4 d&#8217;abril al 4 de juliol de 2020 i del 29 d&#8217;agost al 26 de setembre de 2020. Per a una estada de 21 dies, nom\u00e9s pagareu els primers 14 dies, pagant primer una taxa de gesti\u00f3 de 25 \u20ac.<\/li>\n\n\n\n<li class=\"addReadMore showlesscontent\">Comissions de gesti\u00f3 gratu\u00eftes. Aquesta promoci\u00f3 \u00e9s v\u00e0lida del 4 d&#8217;abril al 5 de juliol de 2020 i del 29 d&#8217;agost al 26 de setembre de 2020. Per beneficiar-se&#8217;n, cal allotjar-se almenys dos dies al <strong>c\u00e0mping econ\u00f2mic de Perpiny\u00e0<\/strong> i pagar una fian\u00e7a que representa el 30% del cost total de l&#8217;estada.<\/li>\n<\/ul>\n<\/div>\n<\/div>\n\n\r\n    <\/div>\r\n<\/section>\n\n<section id=\"ls-section-block_9a886a01a925f1fc4100d34ae0a5fd5c\" class=\"ls-section  page-maillage has-p-b p-b-14\" >\r\n        <div class=\"container container--wide\">\r\n        \n\n<div id=\"ls-heading ls-titre-div-block_facb0a461d2e048965419054ff1a2e0f\" class=\"ls-titre-div m-left h2-like\" >\n    La piscina i els mobil homes<\/br> al c\u00e0mping de Perpiny\u00e0<\/div>\n\n\n<div id=\"ls-maillage-block_c3bf761bb5d255d637852e12b3e4ffdf\" class=\"ls-maillage cta-style-normal\" data-rows=\"3\">\n    <div class=\"wp-block-columns  \"><div class=\"wp-block-column\"><div id=\"destinations\" class=\"ls-cta\">\n\n<a href=\"https:\/\/www.camping-le-calagogo.fr\/ca\/camping-perpinya\/piscina-perpinya\/\" target=\"\" rel=\"noopener\" class=\"ls-cta__link\">\n\n\t<div class=\"ls-cta__image\"><img decoding=\"async\" src=\"https:\/\/www.camping-le-calagogo.fr\/wp-content\/uploads\/2023\/12\/espace-aquatique-camping-perpignan.webp\" alt=\"\"><\/div>\n\t<div class=\"ls-cta__title\">\n\t\tCamping piscina Perpiny\u00e0\t<\/div>\n\t\n\t\t\n<\/a><\/div><\/div><div class=\"wp-block-column\"><div id=\"destinations\" class=\"ls-cta\">\n\n<a href=\"https:\/\/www.camping-le-calagogo.fr\/ca\/camping-perpinya\/autocaravana-perpinya\/\" target=\"\" rel=\"noopener\" class=\"ls-cta__link\">\n\n\t<div class=\"ls-cta__image\"><img decoding=\"async\" src=\"https:\/\/www.camping-le-calagogo.fr\/wp-content\/uploads\/2023\/12\/louer-hebergement-perpignan.webp\" alt=\"\"><\/div>\n\t<div class=\"ls-cta__title\">\n\t\tCases m\u00f2bils Perpiny\u00e0\t<\/div>\n\t\n\t\t\n<\/a><\/div><\/div><div class=\"wp-block-column\"><div id=\"destinations\" class=\"ls-cta\">\n\n<a href=\"https:\/\/www.camping-le-calagogo.fr\/ca\/camping-perpinya\/\" target=\"\" rel=\"noopener\" class=\"ls-cta__link\">\n\n\t<div class=\"ls-cta__image\"><img decoding=\"async\" src=\"https:\/\/www.camping-le-calagogo.fr\/wp-content\/uploads\/2023\/12\/camping-perpignan.webp\" alt=\"\"><\/div>\n\t<div class=\"ls-cta__title\">\n\t\tCamping Perpiny\u00e0\t<\/div>\n\t\n\t\t\n<\/a><\/div><\/div><\/div><\/div>\n\r\n    <\/div>\r\n<\/section>","protected":false},"excerpt":{"rendered":"","protected":false},"author":1,"featured_media":2629922,"parent":2708668,"menu_order":0,"comment_status":"closed","ping_status":"closed","template":"","meta":{"_acf_changed":false,"_seopress_robots_primary_cat":"","_seopress_titles_title":"C\u00e0mping barat Perpiny\u00e0 | Promoci\u00f3 d&#039;estada en c\u00e0mping a Perpiny\u00e0","_seopress_titles_desc":"","_seopress_robots_index":"","inline_featured_image":false,"footnotes":""},"sujet":[],"class_list":["post-2708475","page","type-page","status-publish","has-post-thumbnail","hentry"],"acf":[],"_links":{"self":[{"href":"https:\/\/www.camping-le-calagogo.fr\/ca\/wp-json\/wp\/v2\/pages\/2708475","targetHints":{"allow":["GET"]}}],"collection":[{"href":"https:\/\/www.camping-le-calagogo.fr\/ca\/wp-json\/wp\/v2\/pages"}],"about":[{"href":"https:\/\/www.camping-le-calagogo.fr\/ca\/wp-json\/wp\/v2\/types\/page"}],"author":[{"embeddable":true,"href":"https:\/\/www.camping-le-calagogo.fr\/ca\/wp-json\/wp\/v2\/users\/1"}],"replies":[{"embeddable":true,"href":"https:\/\/www.camping-le-calagogo.fr\/ca\/wp-json\/wp\/v2\/comments?post=2708475"}],"version-history":[{"count":14,"href":"https:\/\/www.camping-le-calagogo.fr\/ca\/wp-json\/wp\/v2\/pages\/2708475\/revisions"}],"predecessor-version":[{"id":2830405,"href":"https:\/\/www.camping-le-calagogo.fr\/ca\/wp-json\/wp\/v2\/pages\/2708475\/revisions\/2830405"}],"up":[{"embeddable":true,"href":"https:\/\/www.camping-le-calagogo.fr\/ca\/wp-json\/wp\/v2\/pages\/2708668"}],"wp:featuredmedia":[{"embeddable":true,"href":"https:\/\/www.camping-le-calagogo.fr\/ca\/wp-json\/wp\/v2\/media\/2629922"}],"wp:attachment":[{"href":"https:\/\/www.camping-le-calagogo.fr\/ca\/wp-json\/wp\/v2\/media?parent=2708475"}],"wp:term":[{"taxonomy":"sujet","embeddable":true,"href":"https:\/\/www.camping-le-calagogo.fr\/ca\/wp-json\/wp\/v2\/sujet?post=2708475"}],"curies":[{"name":"wp","href":"https:\/\/api.w.org\/{rel}","templated":true}]}}