{"id":2708476,"date":"2023-10-18T09:41:32","date_gmt":"2023-10-18T07:41:32","guid":{"rendered":"https:\/\/www.camping-le-calagogo.fr\/barat-camping-collioure\/"},"modified":"2024-03-21T08:59:47","modified_gmt":"2024-03-21T07:59:47","slug":"barat-camping-collioure","status":"publish","type":"page","link":"https:\/\/www.camping-le-calagogo.fr\/ca\/camping-collioure\/barat-camping-collioure\/","title":{"rendered":"Camping econ\u00f2mic Cotlliure"},"content":{"rendered":"<section id=\"ls-section-block_b61245037da38a5cefc43565d92e547d\" class=\"ls-section  page-chapeau deco has-p-b p-b-4\" >\r\n        <div class=\"container \">\r\n        \n\n<h1 class=\"ls__heading wp-block-heading has-text-align-center\">Camping econ\u00f2mic a Cotlliure<br\/><strong>als Pirineus Orientals<\/strong><\/h1>\n\n\n\n<p class=\"ls-paragraph has-text-align-center\">Situat als Pirineus Orientals, a uns vint minuts de Cotlliure, el <a href=\"https:\/\/www.camping-le-calagogo.fr\/ca\/\" data-type=\"page\" data-id=\"9\">c\u00e0mping de 5 estrelles Saint-Cyprien<\/a> Le Cala Gogo ofereix un entorn ideal per a unes vacances al costat del mar. Podr\u00e0s gaudir de moltes activitats esportives, divertides i relaxants amb la fam\u00edlia o els amics amb total tranquil\u00b7litat.<\/p>\n\n\r\n    <\/div>\r\n<\/section><section id=\"ls-section-block_a948396eded1c2838908b728ae30bb4e\" class=\"ls-section \" >\r\n        <div class=\"container container--wide\">\r\n        \n\n<script>\n    window.ctoutvert = {\n\t\tid: 2224, \n\t\tlang: 'auto', \n\t\turl: 'https:\/\/reservation.secureholiday.net\/widgets\/'\n    };\n\n    (function (w, d, s, ctv, r, js, fjs) {\n        r=new XMLHttpRequest();r.open('GET',w[ctv].url+'js\/src.json');\n        r.responseType='json';r.json=true;r.send();\n        r.onload=function(){w[ctv].src=r.responseType=='json'?r.response:JSON.parse(r.response);\n        js.src=w[ctv].src[0];fjs.parentNode.insertBefore(js, fjs);}\n        js=d.createElement(s),fjs=d.getElementsByTagName(s)[0];\n        js.id='ctvwidget';js.async=1;\n    }(window, document, 'script', 'ctoutvert'));\n<\/script>\n<ctv-availability data-background-color=\"#FFFFFFFF\"><\/ctv-availability>\n\n\r\n    <\/div>\r\n<\/section><section id=\"ls-section-block_fbc80f3f8cb67be67fa58552caf70aa5\" class=\"ls-section  page-one has-p-t p-t-0 has-p-b p-b-14\" >\r\n        <div class=\"container container--wide\">\r\n        \n\n<div class=\"wp-block-columns is-layout-flex wp-container-core-columns-is-layout-9d6595d7 wp-block-columns-is-layout-flex\">\n<div class=\"wp-block-column is-vertically-aligned-center first is-layout-flow wp-block-column-is-layout-flow\" style=\"flex-basis:66.7%\">\n<figure class=\"wp-block-image size-full\"><img decoding=\"async\" width=\"1800\" height=\"1200\" src=\"https:\/\/www.camping-le-calagogo.fr\/wp-content\/uploads\/2023\/12\/louer-mobil-home-perpignan.webp\" alt=\"llogar casa m&#xF2;bil barata Collioure\" class=\"wp-image-2708254\" srcset=\"https:\/\/www.camping-le-calagogo.fr\/wp-content\/uploads\/2023\/12\/louer-mobil-home-perpignan.webp 1800w, https:\/\/www.camping-le-calagogo.fr\/wp-content\/uploads\/2023\/12\/louer-mobil-home-perpignan-300x200.webp 300w, https:\/\/www.camping-le-calagogo.fr\/wp-content\/uploads\/2023\/12\/louer-mobil-home-perpignan-1024x683.webp 1024w, https:\/\/www.camping-le-calagogo.fr\/wp-content\/uploads\/2023\/12\/louer-mobil-home-perpignan-768x512.webp 768w, https:\/\/www.camping-le-calagogo.fr\/wp-content\/uploads\/2023\/12\/louer-mobil-home-perpignan-1536x1024.webp 1536w\" sizes=\"(max-width: 1800px) 100vw, 1800px\" \/><\/figure>\n<\/div>\n\n\n\n<div class=\"wp-block-column is-vertically-aligned-center second is-layout-flow wp-block-column-is-layout-flow\" style=\"flex-basis:33.3%\">\n<h2 class=\"ls__heading wp-block-heading\">Allotjament de baix cost a prop de Cotlliure<\/h2>\n\n\n\n<p class=\"ls-paragraph\">Els campistes poden triar entre diverses cases m\u00f2bils ben equipades amb espais d&#8217;estar c\u00f2modes.<\/p>\n\n\n\n<p class=\"ls-paragraph\">Aquests <a href=\"https:\/\/www.camping-le-calagogo.fr\/ca\/camping-collioure\/autocaravana-perpinya\/\" data-type=\"page\" data-id=\"86\">lloguers de cases m\u00f2bils de Cotlliure<\/a> ofereixen una capacitat de dues a vuit persones, amb una varietat d&#8217;habitacions que van d&#8217;una a quatre.<\/p>\n<\/div>\n<\/div>\n\n\r\n    <\/div>\r\n<\/section><section id=\"ls-section-block_7891e56730da967ef544484a3f1eb2d3\" class=\"ls-section  page-two mosaique has-background has-color-4-background-color has-p-t p-t-14 has-p-b p-b-14\" >\r\n        <div class=\"container container--wide\">\r\n        \n\n<div class=\"wp-block-columns is-layout-flex wp-container-core-columns-is-layout-9d6595d7 wp-block-columns-is-layout-flex\">\n<div class=\"wp-block-column is-vertically-aligned-center is-layout-flow wp-block-column-is-layout-flow\">\n<ul class=\"ls-list wp-block-list\">\n<li>Casa m\u00f2bil Rivesaltes per a dues o tres persones: una habitaci\u00f3<\/li>\n\n\n\n<li>Casa m\u00f2bil Caramany per a quatre persones amb nad\u00f3: dues habitacions<\/li>\n\n\n\n<li>Casa m\u00f2bil PRM amb capacitat per a quatre persones amb nad\u00f3<\/li>\n\n\n\n<li>Casa m\u00f2bil Banuylis per a quatre persones amb nad\u00f3: dos dormitoris i dos banys<\/li>\n\n\n\n<li>Mobilhome Muscat per a sis persones amb nad\u00f3: tres habitacions i dos banys<\/li>\n\n\n\n<li>Casa m\u00f2bil per a cinc persones amb nad\u00f3: dues habitacions<\/li>\n\n\n\n<li>Casa m\u00f2bil de cinc a sis persones: dos dormitoris<\/li>\n\n\n\n<li>Casa m\u00f2bil Maury de set a vuit persones: quatre habitacions i dos banys.<\/li>\n<\/ul>\n\n\n\n<p class=\"ls-paragraph addReadMore showlesscontent [08:23]\">El <strong>c\u00e0mping econ\u00f2mic de Cotlliure<\/strong> tamb\u00e9 concedeix diverses rebaixes de preus. Els campistes que reserven durant quatre setmanes tenen dret a un -30% de descompte; la reducci\u00f3 \u00e9s del -20% per als que reserven durant tres setmanes.<\/p>\n<\/div>\n\n\n\n<div class=\"wp-block-column is-vertically-aligned-center is-layout-flow wp-block-column-is-layout-flow\">\n<figure class=\"wp-block-image size-full\"><img decoding=\"async\" width=\"1800\" height=\"1200\" src=\"https:\/\/www.camping-le-calagogo.fr\/wp-content\/uploads\/2023\/12\/camping-cala-gogo-a-saint-cyprien-avec-mobil-homes_resultat.webp\" alt=\"C&#xE0;mping barat a Collioure\" class=\"wp-image-2708098\" srcset=\"https:\/\/www.camping-le-calagogo.fr\/wp-content\/uploads\/2023\/12\/camping-cala-gogo-a-saint-cyprien-avec-mobil-homes_resultat.webp 1800w, https:\/\/www.camping-le-calagogo.fr\/wp-content\/uploads\/2023\/12\/camping-cala-gogo-a-saint-cyprien-avec-mobil-homes_resultat-300x200.webp 300w, https:\/\/www.camping-le-calagogo.fr\/wp-content\/uploads\/2023\/12\/camping-cala-gogo-a-saint-cyprien-avec-mobil-homes_resultat-1024x683.webp 1024w, https:\/\/www.camping-le-calagogo.fr\/wp-content\/uploads\/2023\/12\/camping-cala-gogo-a-saint-cyprien-avec-mobil-homes_resultat-768x512.webp 768w, https:\/\/www.camping-le-calagogo.fr\/wp-content\/uploads\/2023\/12\/camping-cala-gogo-a-saint-cyprien-avec-mobil-homes_resultat-1536x1024.webp 1536w\" sizes=\"(max-width: 1800px) 100vw, 1800px\" \/><\/figure>\n<\/div>\n<\/div>\n\n\r\n    <\/div>\r\n<\/section><section id=\"ls-section-block_916fb76d96c9a88f6d225057deee2d4a\" class=\"ls-section  section-parallax has-background-image has-background has-color-black-background-color has-p-t p-t-14 has-p-b p-b-0\" >\r\n    <div class=\"ls-section__background-image opacity-58\"><img decoding=\"async\" src=\"https:\/\/www.camping-le-calagogo.fr\/wp-content\/uploads\/2023\/12\/emplacement-meilleur-prix-collioure.webp\" alt=\"\"><\/div>    <div class=\"container container--wide\">\r\n        \n\n<div class=\"wp-block-columns has-color-white-background-color has-background is-layout-flex wp-container-core-columns-is-layout-9d6595d7 wp-block-columns-is-layout-flex\">\n<div class=\"wp-block-column is-layout-flow wp-block-column-is-layout-flow\">\n<p class=\"ls-paragraph has-text-align-center\">Pel que fa a les parcel\u00b7les, l&#8217;establiment ofereix dos paquets:<\/p>\n\n\n\n<div class=\"wp-block-columns is-layout-flex wp-container-core-columns-is-layout-9d6595d7 wp-block-columns-is-layout-flex\">\n<div class=\"wp-block-column is-layout-flow wp-block-column-is-layout-flow\">\n<p class=\"ls-paragraph\"><strong>Paquet &#8220;est\u00e0ndard&#8221;.<\/strong><\/p>\n\n\n\n<p class=\"ls-paragraph\">La parcel\u00b7la t\u00e9 capacitat per a un cotxe i dues persones, i est\u00e0 equipada amb connexi\u00f3 el\u00e8ctrica de 10A. A m\u00e9s, les nostres ubicacions s\u00f3n accessibles per a persones amb mobilitat redu\u00efda.<\/p>\n<\/div>\n\n\n\n<div class=\"wp-block-column is-layout-flow wp-block-column-is-layout-flow\">\n<p class=\"ls-paragraph\"><strong>Paquet \u201cConfort\u201d.<\/strong><\/p>\n\n\n\n<p class=\"ls-paragraph\">La parcel\u00b7la tamb\u00e9 t\u00e9 capacitat per a dues persones i un cotxe, i disposa d&#8217;una connexi\u00f3 el\u00e8ctrica de 10 A. A m\u00e9s, hi ha una connexi\u00f3 d&#8217;aigua i un sistema d&#8217;evacuaci\u00f3 d&#8217;aig\u00fces residuals. \u00c9s ideal per a una excursi\u00f3 econ\u00f2mica fora de temporada d&#8217;acampada amb tota la fam\u00edlia en un dels nostres c\u00e0mpings per a tendes de campanya i autocaravanes sense deixar-te dins del teu pressupost.<\/p>\n<\/div>\n<\/div>\n<\/div>\n<\/div>\n\n\r\n    <\/div>\r\n<\/section><section id=\"ls-section-block_b16a42db9f54117b05ac198a6309558d\" class=\"ls-section  page-one has-p-t p-t-14 has-p-b p-b-14\" >\r\n        <div class=\"container container--wide\">\r\n        \n\n<div class=\"wp-block-columns is-layout-flex wp-container-core-columns-is-layout-9d6595d7 wp-block-columns-is-layout-flex\">\n<div class=\"wp-block-column is-vertically-aligned-center first is-layout-flow wp-block-column-is-layout-flow\" style=\"flex-basis:66.7%\">\n<figure class=\"wp-block-image size-full\"><img decoding=\"async\" width=\"1600\" height=\"1200\" src=\"https:\/\/www.camping-le-calagogo.fr\/wp-content\/uploads\/2023\/12\/camping-bord-mer-collioure.webp\" alt=\"C&#xE0;mping al costat del mar Collioure\" class=\"wp-image-2629949\" srcset=\"https:\/\/www.camping-le-calagogo.fr\/wp-content\/uploads\/2023\/12\/camping-bord-mer-collioure.webp 1600w, https:\/\/www.camping-le-calagogo.fr\/wp-content\/uploads\/2023\/12\/camping-bord-mer-collioure-300x225.webp 300w, https:\/\/www.camping-le-calagogo.fr\/wp-content\/uploads\/2023\/12\/camping-bord-mer-collioure-1024x768.webp 1024w, https:\/\/www.camping-le-calagogo.fr\/wp-content\/uploads\/2023\/12\/camping-bord-mer-collioure-768x576.webp 768w, https:\/\/www.camping-le-calagogo.fr\/wp-content\/uploads\/2023\/12\/camping-bord-mer-collioure-1536x1152.webp 1536w\" sizes=\"(max-width: 1600px) 100vw, 1600px\" \/><\/figure>\n<\/div>\n\n\n\n<div class=\"wp-block-column is-vertically-aligned-center second is-layout-flow wp-block-column-is-layout-flow\" style=\"flex-basis:33.3%\">\n<h2 class=\"ls__heading wp-block-heading\">Camping barat al costat del mar de Cotlliure<\/h2>\n\n\n\n<p class=\"ls-paragraph\"><a href=\"https:\/\/www.camping-le-calagogo.fr\/ca\/camping-collioure\/\" data-type=\"page\" data-id=\"2283\">El c\u00e0mping Le Cala Gogo de Cotlliure<\/a> \u00e9s ideal per a una estada a la vora del mar en fam\u00edlia o amb amics. Amb acc\u00e9s directe al Mediterrani, aquest establiment de cinc estrelles promet una estada agradable i inoblidable.<\/p>\n\n\n\n<p class=\"ls-paragraph\">Partint del <strong>c\u00e0mping de baix cost de Cotlliure<\/strong> , \u00e9s f\u00e0cil accedir a la platja gr\u00e0cies a una llarga passarel\u00b7la de fusta que recorda la Promenade des Anglais de Ni\u00e7a.<\/p>\n\n\n\n<p class=\"ls-paragraph addReadMore showlesscontent [08:23]\">Les platges estan vigilades durant els mesos de juliol i agost, la qual cosa us hauria de tranquil\u00b7litzar si teniu previst venir amb nens. A m\u00e9s, els amants del naturisme poden gaudir d&#8217;una platja reservada per a ells en un rac\u00f3 discret, a pocs centenars de metres del <a href=\"https:\/\/www.camping-le-calagogo.fr\/ca\/camping-collioure\/piscina\/\" data-type=\"page\" data-id=\"70\">c\u00e0mping de Cotlliure amb piscina<\/a> .<\/p>\n<\/div>\n<\/div>\n\n\r\n    <\/div>\r\n<\/section><section id=\"ls-section-block_7891e56730da967ef544484a3f1eb2d3\" class=\"ls-section  page-two mosaique has-background has-color-4-background-color has-p-t p-t-14 has-p-b p-b-14\" >\r\n        <div class=\"container container--wide\">\r\n        \n\n<div class=\"wp-block-columns is-layout-flex wp-container-core-columns-is-layout-9d6595d7 wp-block-columns-is-layout-flex\">\n<div class=\"wp-block-column is-vertically-aligned-center is-layout-flow wp-block-column-is-layout-flow\">\n<h2 class=\"ls__heading wp-block-heading\">Beneficia&#8217;t de les millors ofertes i promocions<\/h2>\n\n\n\n<p class=\"ls-paragraph\">Gaudir d&#8217;unes boniques vacances al costat del mar sense trencar el banc \u00e9s possible. El c\u00e0mping Le Cala Gogo us ofereix diverses ofertes promocionals.<\/p>\n\n\n\n<ul class=\"ls-list wp-block-list\">\n<li><strong>-10% de descompte en mobil homes i parcel\u00b7les:<\/strong> Aquesta oferta especial \u00e9s v\u00e0lida del 13 de juny a l&#8217;1 d&#8217;agost per a qualsevol estada d&#8217;una durada m\u00ednima de set dies.<\/li>\n\n\n\n<li><strong>-30% de descompte en mobil homes i parcel\u00b7les:<\/strong><br\/>Aquesta oferta est\u00e0 disponible per a qualsevol estada de 28 dies entre el 4 d&#8217;abril i el 4 de juliol, aix\u00ed com entre el 29 d&#8217;agost i el 26 de setembre, amb l&#8217;\u00faltima setmana gratu\u00efta.<\/li>\n\n\n\n<li><strong>-20% de descompte en mobil homes i parcel\u00b7les:<\/strong> Aquesta oferta est\u00e0 disponible per a qualsevol estada de 28 dies entre el 4 d&#8217;abril i el 4 de juliol, aix\u00ed com entre el 29 d&#8217;agost i el 26 de setembre, amb l&#8217;\u00faltima setmana gratu\u00efta .<\/li>\n\n\n\n<li><strong>Despeses d&#8217;administraci\u00f3 gratu\u00eftes:<\/strong> reservant un per\u00edode d&#8217;almenys dos dies al <strong>c\u00e0mping barat de Cotlliure<\/strong> i abonant una fian\u00e7a del 30% del cost total de l&#8217;estada, podreu beneficiar-vos d&#8217;aquesta oferta especial. \u00c9s v\u00e0lid del 4 d&#8217;abril al 5 de juliol de 2020 i del 29 d&#8217;agost al 26 de setembre.<\/li>\n<\/ul>\n<\/div>\n\n\n\n<div class=\"wp-block-column is-vertically-aligned-center is-layout-flow wp-block-column-is-layout-flow\">\n<figure class=\"wp-block-image size-full\"><img decoding=\"async\" width=\"1800\" height=\"1200\" src=\"https:\/\/www.camping-le-calagogo.fr\/wp-content\/uploads\/2023\/12\/emplacement-pas-cher-collioure.webp\" alt=\"ubicaci&#xF3; barata Collioure\" class=\"wp-image-2629941\" srcset=\"https:\/\/www.camping-le-calagogo.fr\/wp-content\/uploads\/2023\/12\/emplacement-pas-cher-collioure.webp 1800w, https:\/\/www.camping-le-calagogo.fr\/wp-content\/uploads\/2023\/12\/emplacement-pas-cher-collioure-300x200.webp 300w, https:\/\/www.camping-le-calagogo.fr\/wp-content\/uploads\/2023\/12\/emplacement-pas-cher-collioure-1024x683.webp 1024w, https:\/\/www.camping-le-calagogo.fr\/wp-content\/uploads\/2023\/12\/emplacement-pas-cher-collioure-768x512.webp 768w, https:\/\/www.camping-le-calagogo.fr\/wp-content\/uploads\/2023\/12\/emplacement-pas-cher-collioure-1536x1024.webp 1536w\" sizes=\"(max-width: 1800px) 100vw, 1800px\" \/><\/figure>\n<\/div>\n<\/div>\n\n\r\n    <\/div>\r\n<\/section><section id=\"ls-section-block_ed3b87fda0af23cfdbd3602e3b458360\" class=\"ls-section  page-maillage has-p-b p-b-14\" >\r\n        <div class=\"container container--wide\">\r\n        \n\n<div id=\"ls-heading ls-titre-div-block_19969b5fb592c108bdf5464c292a6869\" class=\"ls-titre-div m-left h2-like\" >\n    La piscina i els mobil homes<\/br> al c\u00e0mping de Cotlliure<\/div>\n\n\n<div id=\"ls-maillage-block_f7f379ff7c7207a54c4242bc7be6c187\" class=\"ls-maillage cta-style-normal\" data-rows=\"3\">\n    <div class=\"wp-block-columns  \"><div class=\"wp-block-column\"><div id=\"destinations\" class=\"ls-cta\">\n\n<a href=\"https:\/\/www.camping-le-calagogo.fr\/ca\/camping-collioure\/piscina\/\" target=\"\" rel=\"noopener\" class=\"ls-cta__link\">\n\n\t<div class=\"ls-cta__image\"><img decoding=\"async\" src=\"https:\/\/www.camping-le-calagogo.fr\/wp-content\/uploads\/2023\/12\/piscine-chauffee-perpignan.webp\" alt=\"\"><\/div>\n\t<div class=\"ls-cta__title\">\n\t\tCamping piscina Cotlliure\t<\/div>\n\t\n\t\t\n<\/a><\/div><\/div><div class=\"wp-block-column\"><div id=\"destinations\" class=\"ls-cta\">\n\n<a href=\"https:\/\/www.camping-le-calagogo.fr\/ca\/camping-collioure\/autocaravana-perpinya\/\" target=\"\" rel=\"noopener\" class=\"ls-cta__link\">\n\n\t<div class=\"ls-cta__image\"><img decoding=\"async\" src=\"https:\/\/www.camping-le-calagogo.fr\/wp-content\/uploads\/2023\/12\/louer-mobil-home-perpignan.webp\" alt=\"louer mobil home\"><\/div>\n\t<div class=\"ls-cta__title\">\n\t\tCases m\u00f2bils Cotlliure\t<\/div>\n\t\n\t\t\n<\/a><\/div><\/div><div class=\"wp-block-column\"><div id=\"destinations\" class=\"ls-cta\">\n\n<a href=\"https:\/\/www.camping-le-calagogo.fr\/ca\/turisme-colliure\/\" target=\"\" rel=\"noopener\" class=\"ls-cta__link\">\n\n\t<div class=\"ls-cta__image\"><img decoding=\"async\" src=\"https:\/\/www.camping-le-calagogo.fr\/wp-content\/uploads\/2023\/12\/tourisme-collioure.webp\" alt=\"\"><\/div>\n\t<div class=\"ls-cta__title\">\n\t\tCotlliure\t<\/div>\n\t\n\t\t\n<\/a><\/div><\/div><\/div><\/div>\n\r\n    <\/div>\r\n<\/section>","protected":false},"excerpt":{"rendered":"","protected":false},"author":1,"featured_media":2629968,"parent":2708666,"menu_order":0,"comment_status":"closed","ping_status":"closed","template":"","meta":{"_acf_changed":false,"_seopress_robots_primary_cat":"","_seopress_titles_title":"Camping barat a Cotlliure | Promoci\u00f3 d'estada en c\u00e0mping a Cotlliure","_seopress_titles_desc":"","_seopress_robots_index":"","inline_featured_image":false,"footnotes":""},"sujet":[],"class_list":["post-2708476","page","type-page","status-publish","has-post-thumbnail","hentry"],"acf":[],"_links":{"self":[{"href":"https:\/\/www.camping-le-calagogo.fr\/ca\/wp-json\/wp\/v2\/pages\/2708476","targetHints":{"allow":["GET"]}}],"collection":[{"href":"https:\/\/www.camping-le-calagogo.fr\/ca\/wp-json\/wp\/v2\/pages"}],"about":[{"href":"https:\/\/www.camping-le-calagogo.fr\/ca\/wp-json\/wp\/v2\/types\/page"}],"author":[{"embeddable":true,"href":"https:\/\/www.camping-le-calagogo.fr\/ca\/wp-json\/wp\/v2\/users\/1"}],"replies":[{"embeddable":true,"href":"https:\/\/www.camping-le-calagogo.fr\/ca\/wp-json\/wp\/v2\/comments?post=2708476"}],"version-history":[{"count":23,"href":"https:\/\/www.camping-le-calagogo.fr\/ca\/wp-json\/wp\/v2\/pages\/2708476\/revisions"}],"predecessor-version":[{"id":2832394,"href":"https:\/\/www.camping-le-calagogo.fr\/ca\/wp-json\/wp\/v2\/pages\/2708476\/revisions\/2832394"}],"up":[{"embeddable":true,"href":"https:\/\/www.camping-le-calagogo.fr\/ca\/wp-json\/wp\/v2\/pages\/2708666"}],"wp:featuredmedia":[{"embeddable":true,"href":"https:\/\/www.camping-le-calagogo.fr\/ca\/wp-json\/wp\/v2\/media\/2629968"}],"wp:attachment":[{"href":"https:\/\/www.camping-le-calagogo.fr\/ca\/wp-json\/wp\/v2\/media?parent=2708476"}],"wp:term":[{"taxonomy":"sujet","embeddable":true,"href":"https:\/\/www.camping-le-calagogo.fr\/ca\/wp-json\/wp\/v2\/sujet?post=2708476"}],"curies":[{"name":"wp","href":"https:\/\/api.w.org\/{rel}","templated":true}]}}