{"id":2708493,"date":"2023-10-18T09:40:41","date_gmt":"2023-10-18T07:40:41","guid":{"rendered":"https:\/\/www.camping-le-calagogo.fr\/cheap-campsite-argeles-sur-mer\/"},"modified":"2024-09-03T14:34:12","modified_gmt":"2024-09-03T12:34:12","slug":"economic-camping-argeles-sur-mer","status":"publish","type":"page","link":"https:\/\/www.camping-le-calagogo.fr\/ca\/camping-argeles-sur-mer\/economic-camping-argeles-sur-mer\/","title":{"rendered":"Camping econ\u00f2mic Argeles sur mer"},"content":{"rendered":"<section id=\"ls-section-block_4099757fd0e4b61dffffc6ab6e14d297\" class=\"ls-section  page-chapeau deco has-p-b p-b-4\" >\r\n        <div class=\"container \">\r\n        \n\n<h1 class=\"ls__heading wp-block-heading has-text-align-center\">Camping econ\u00f2mic Argel\u00e8s-sur-mer <br><strong>als Pirineus Orientals<\/strong><\/h1>\n\n\r\n    <\/div>\r\n<\/section>\n\n<section id=\"ls-section-block_ecea30d35995a5c63daea7929f037040\" class=\"ls-section \" >\r\n        <div class=\"container container--wide\">\r\n        \n\n<script>\n    window.ctoutvert = {\n\t\tid: 2224, \n\t\tlang: 'auto', \n\t\turl: 'https:\/\/reservation.secureholiday.net\/widgets\/'\n    };\n\n    (function (w, d, s, ctv, r, js, fjs) {\n        r=new XMLHttpRequest();r.open('GET',w[ctv].url+'js\/src.json');\n        r.responseType='json';r.json=true;r.send();\n        r.onload=function(){w[ctv].src=r.responseType=='json'?r.response:JSON.parse(r.response);\n        js.src=w[ctv].src[0];fjs.parentNode.insertBefore(js, fjs);}\n        js=d.createElement(s),fjs=d.getElementsByTagName(s)[0];\n        js.id='ctvwidget';js.async=1;\n    }(window, document, 'script', 'ctoutvert'));\n<\/script>\n<ctv-availability data-background-color=\"#FFFFFFFF\"><\/ctv-availability>\n\n\r\n    <\/div>\r\n<\/section>\n\n<section id=\"ls-section-block_febc6b56d3c47916e2f2fa90c376a2d3\" class=\"ls-section  page-one mosaique has-background has-color-4-background-color has-p-t p-t-14 has-p-b p-b-14\" >\r\n        <div class=\"container container--wide\">\r\n        \n\n<div class=\"wp-block-columns is-layout-flex wp-container-core-columns-is-layout-9d6595d7 wp-block-columns-is-layout-flex\">\n<div class=\"wp-block-column m-r-4 is-layout-flow wp-block-column-is-layout-flow\">\n<h2 class=\"ls__heading wp-block-heading\">Beneficia&#8217;t de les promocions a la teva estada a Argel\u00e8s<\/h2>\n\n\n\n<p class=\"ls-paragraph\">Al <a href=\"https:\/\/www.camping-le-calagogo.fr\/ca\/camping-argeles-sur-mer\/\" data-type=\"page\" data-id=\"2272\">c\u00e0mping prop d&#8217;Argel\u00e8s-sur-Mer<\/a> tens tot el que necessites per a unes vacances de somni en fam\u00edlia!<\/p>\n\n\n\n<p class=\"ls-paragraph\">En un <strong>entorn de somni al costat del mar<\/strong> , pots allotjar-te al millor preu en una casa m\u00f2bil amb aire condicionat o anar d&#8217;acampada i caravaning, a poca dist\u00e0ncia de l&#8217;espl\u00e8ndida reserva natural de Mas Larrieu. Poseu-vos en contacte amb nosaltres per a <strong>m\u00e9s informaci\u00f3<\/strong> sobre preus en funci\u00f3 de l&#8217;allotjament escollit i del per\u00edode. <\/p>\n<\/div>\n\n\n\n<div class=\"wp-block-column m-l-4 is-layout-flow wp-block-column-is-layout-flow\">\n<h2 class=\"ls__heading wp-block-heading\">Lloguer barat de c\u00e0mping Argel\u00e8s-sur-Mer<\/h2>\n\n\n\n<p class=\"ls-paragraph\">Benvinguts als Pirineus Orientals a Occit\u00e0nia, molt a prop de Cotlliure i <a href=\"https:\/\/www.camping-le-calagogo.fr\/ca\/camping-argeles-sur-mer\/turisme-argeles-sur-mer\/\" data-type=\"page\" data-id=\"134\">Argel\u00e8s sur Mer<\/a> . Tant si esteu en una casa m\u00f2bil com en un dels nostres c\u00e0mpings, us seduir\u00e0 la comoditat del nostre allotjament.<\/p>\n\n\n\n<p class=\"ls-paragraph\">Al cor del c\u00e0mping econ\u00f2mic prop d&#8217;Argel\u00e8s amb acc\u00e9s directe a la platja, multitud de serveis et faciliten la vida perqu\u00e8 gaudeixis cada minut de la teva estada. En resum, la <strong>millor relaci\u00f3 qualitat-preu<\/strong> . Una botiga de conveni\u00e8ncia per comprar o un restaurant amb menjar per emportar per estalviar temps a la carretera i a la cuina.<\/p>\n\n\n\n<p class=\"ls-paragraph\">Sense oblidar l&#8217;immensa <a href=\"https:\/\/www.camping-le-calagogo.fr\/ca\/camping-argeles-sur-mer\/camping-piscins-argeles\/\" data-type=\"page\" data-id=\"62\">zona aqu\u00e0tica<\/a> vigilada i un munt d&#8217;altres activitats per descobrir, tot a <strong>preus avantatjoses<\/strong> per beneficiar-se d&#8217;una qualitat de 5 estrelles a baix cost. Oferim tarifes preferents tant al juliol\/agost com fora de temporada.<\/p>\n<\/div>\n<\/div>\n\n\r\n    <\/div>\r\n<\/section>\n\n<section id=\"ls-section-block_ecea30d35995a5c63daea7929f037040\" class=\"ls-section \" >\r\n        <div class=\"container container--wide\">\r\n        \n\n<div class=\"wp-block-columns is-layout-flex wp-container-core-columns-is-layout-9d6595d7 wp-block-columns-is-layout-flex\">\n<div class=\"wp-block-column m-r-4 is-layout-flow wp-block-column-is-layout-flow\">\n<h2 class=\"ls__heading wp-block-heading has-text-align-left\">Promocions i ofertes especials a Argel\u00e8s-sur-mer<\/h2>\n\n\n\n<p class=\"ls-paragraph has-text-align-left\">Somies amb trencar amb el dia a dia i apartar-te de les coses anant d&#8217; <strong>acampada a Argel\u00e8s<\/strong> a canviar d&#8217;escenari? Aix\u00ed que no ho dubtis.<\/p>\n\n\n\n<ul class=\"ls-list wp-block-list\">\n\n<li>Beneficia&#8217;t d&#8217;un <strong>10% de reducci\u00f3<\/strong> en Early Booking<\/li>\n\n\n<li>Els mesos d&#8217;abril, maig, juny i setembre, reserva sense despeses d&#8217;administraci\u00f3 i descobreix <strong>nombroses promocions a la teva estada<\/strong> .<\/li>\n\n\n<li>El c\u00e0mping econ\u00f2mic Cala-Gogo d&#8217;Argel\u00e8s-sur-Mer tamb\u00e9 \u00e9s soci d&#8217;un centre de busseig, per permetre&#8217;t fer un estalvi considerable durant un cap de setmana, per exemple, combinant <strong>l&#8217;exploraci\u00f3 submarina<\/strong> amb una soluci\u00f3 de busseig. Allotjament c\u00f2mode en un c\u00e0mping econ\u00f2mic , situat en un paratge natural verd.<\/li>\n\n<\/ul>\n\n\n\n<p class=\"ls-paragraph has-text-align-left\">No dubteu a navegar per la nostra passarel\u00b7la de reserves per trobar les nostres \u00faltimes <a href=\"https:\/\/www.camping-le-calagogo.fr\/ca\/barat-camping-llenguadoc-rossello\/\" data-type=\"page\" data-id=\"2178\">ofertes especials a Llenguadoc-Rossell\u00f3<\/a> i beneficiar-vos aix\u00ed de <strong>les nostres tarifes redu\u00efdes per estalviar diners<\/strong> en les vostres vacances a Argel\u00e8s-sur-Mer.<\/p>\n<\/div>\n\n\n\n<div class=\"wp-block-column m-l-4 is-layout-flow wp-block-column-is-layout-flow\">\n<h2 class=\"ls__heading wp-block-heading\">Lloguer parcel\u00b7la low cost a Argeles<\/h2>\n\n\n\n<p class=\"ls-paragraph\">Beneficia&#8217;t de les millors tarifes llogant <a href=\"https:\/\/www.camping-le-calagogo.fr\/ca\/camping-argeles-sur-mer\/caravaning-location-argeles-sur-mer\/\" data-type=\"page\" data-id=\"94\">una parcel\u00b7la a Argel\u00e8s-sur-Mer<\/a> (2 persones i 1 cotxe) o una casa m\u00f2bil (2 a 8 persones), per un cap de setmana, una setmana o quinze dies. Per a unes vacances assegurades al millor preu segons el teu pressupost, pots triar entre quatre paquets, els preus varien segons la temporada:<\/p>\n\n\n\n<ul class=\"ls-list wp-block-list\">\n\n<li><strong>C\u00e0mping est\u00e0ndard o c\u00f2mode<\/strong> , possibilitat de llogar nevera i barbacoa de gas<\/li>\n\n\n<li>Casa <strong>el\u00e8ctrica<\/strong> , o m\u00f2bil amb terrassa i p\u00e0rquing privat<\/li>\n\n\n<li><strong>Gran comoditat:<\/strong> mobil home climatitzat, terrassa coberta, televisi\u00f3<\/li>\n\n\n<li><strong>Privilege:<\/strong> mobil home climatitzat amb televisi\u00f3, llen\u00e7ols, rentavaixelles<\/li>\n\n\n<li><strong>Prestige:<\/strong> casa m\u00f2bil amb aire condicionat i televisi\u00f3 de luxe amb 2 banys, 3 o 4 habitacions<\/li>\n\n\n<li><strong>PRM:<\/strong> casa m\u00f2bil dedicada a persones amb mobilitat redu\u00efda, aire condicionat, televisi\u00f3<\/li>\n\n<\/ul>\n\n\n\n<p class=\"ls-paragraph\">Les parcel\u00b7les, de fins a 100 m\u00b2, estan delimitades per unes bardisses ben florides per tal de preservar la teva privacitat, perqu\u00e8 <strong>puguis gaudir de les teves vacances amb total tranquil\u00b7litat<\/strong> . No ho dubtis m\u00e9s i reserva les teves vacances al c\u00e0mping Calagogo al Sud.<\/p>\n\n\n\n<p class=\"ls-paragraph\">Beneficieu-vos tamb\u00e9 de les nostres targetes <a href=\"https:\/\/www.camping-le-calagogo.fr\/ca\/camping-acsi-saint-cyprien\/\" data-type=\"page\" data-id=\"118\">ACSI<\/a> , <a href=\"https:\/\/www.camping-le-calagogo.fr\/ca\/camping-adac-saint-cyprien\/\" data-type=\"page\" data-id=\"122\">ADAC<\/a> i <a href=\"https:\/\/www.camping-le-calagogo.fr\/ca\/camping-anwb-saint-cyprien\/\" data-type=\"page\" data-id=\"126\">ANWB<\/a> .<\/p>\n<\/div>\n<\/div>\n\n\r\n    <\/div>\r\n<\/section>\n\n<section id=\"ls-section-block_febc6b56d3c47916e2f2fa90c376a2d3\" class=\"ls-section  page-one mosaique has-background has-color-4-background-color has-p-t p-t-14 has-p-b p-b-14\" >\r\n        <div class=\"container container--wide\">\r\n        \n\n<h2 class=\"ls__heading wp-block-heading has-text-align-center\">Casa m\u00f2bil Argel\u00e8s-sur-Mer econ\u00f2mica<\/h2>\n\n\n\n<div class=\"wp-block-columns is-layout-flex wp-container-core-columns-is-layout-9d6595d7 wp-block-columns-is-layout-flex\">\n<div class=\"wp-block-column m-r-4 is-layout-flow wp-block-column-is-layout-flow\">\n<p class=\"ls-paragraph has-text-align-left\">Entre els molts lloguers disponibles al <a href=\"https:\/\/www.camping-le-calagogo.fr\/ca\/\" data-type=\"page\" data-id=\"9\">c\u00e0mping Le Cala Gogo<\/a> , trobem una <a href=\"https:\/\/www.camping-le-calagogo.fr\/ca\/camping-argeles-sur-mer\/lloguer-mobil-home-argeles\/\" data-type=\"page\" data-id=\"2708397\">casa m\u00f2bil d&#8217;Argel\u00e8s-sur-Mer de<\/a> 19,5 m\u00b2, perfecta per a una estada rom\u00e0ntica. El lloguer disposa d&#8217;un dormitori amb llit de matrimoni, amb un bany adjunt. Els campistes tamb\u00e9 tenen dret a una cuina equipada, una sala d&#8217;estar amb banc i TV, aix\u00ed com mobles de jard\u00ed amb gandules.<\/p>\n\n\n\n<p class=\"ls-paragraph has-text-align-left\">La majoria de les cases m\u00f2bils disponibles tenen una capacitat m\u00e9s gran: tres o quatre habitacions per a quatre o sis persones. Per a una major comoditat, podeu reservar a la gamma \u201cprestige\u201d, els models de la qual tamb\u00e9 disposen de dos banys. La m\u00e9s gran i prestigiosa d&#8217;aquestes cases m\u00f2bils \u00e9s sens dubte la Maury. Amb una superf\u00edcie de 41 m\u00b2, el lloguer inclou quatre dormitoris i pot allotjar de set a vuit persones.<\/p>\n<\/div>\n\n\n\n<div class=\"wp-block-column m-l-4 is-layout-flow wp-block-column-is-layout-flow\">\n<p class=\"ls-paragraph has-text-align-left\">Tamb\u00e9 \u00e9s interessant destacar que l&#8217;establiment de cinc estrelles ofereix ofertes promocionals que s&#8217;apliquen de la mateixa manera tant a les mobil homes com a les parcel\u00b7les per a tendes i caravanes. Aprofita la promoci\u00f3 <strong>\u201cMer \u2013 Soleil\u201d<\/strong> al teu allotjament:<\/p>\n\n\n\n<ul class=\"ls-list wp-block-list\">\n\n<li><strong>Beneficia&#8217;t d&#8217;un -30%<\/strong> : 4 setmanes = 3 setmanes comprades + 1 gratu\u00efta<\/li>\n\n\n<li><strong>Reserva 3 setmanes<\/strong> = 2 setmanes comprades + 1 gratu\u00efta! 20% de descompte<\/li>\n\n<\/ul>\n\n\n\n<p class=\"ls-paragraph has-text-align-center\"><em>V\u00e0lid al maig, juny i setembre<\/em> &#8211; <em>Oferta no acumulable<\/em><\/p>\n<\/div>\n<\/div>\n\n\r\n    <\/div>\r\n<\/section>\n\n<section id=\"ls-section-block_7e081504efd65186236337ca1eff9e3d\" class=\"ls-section  page-maillage has-p-b p-b-14\" >\r\n        <div class=\"container container--wide\">\r\n        \n\n<div id=\"ls-heading ls-titre-div-block_def64bd94dc8b9b961ecd7899625e757\" class=\"ls-titre-div m-left h2-like\" >\n    Cases m\u00f2bils i parcel\u00b7les<\/br> al c\u00e0mping d&#8217;Argel\u00e8s-sur-Mer<\/div>\n\n\n<div id=\"ls-maillage-block_17e01de749e94fd247f80f897b1bb0fc\" class=\"ls-maillage cta-style-normal\" data-rows=\"3\">\n    <div class=\"wp-block-columns  \"><div class=\"wp-block-column\"><div id=\"destinations\" class=\"ls-cta\">\n\n<a href=\"https:\/\/www.camping-le-calagogo.fr\/ca\/camping-argeles-sur-mer\/lloguer-mobil-home-argeles\/\" target=\"\" rel=\"noopener\" class=\"ls-cta__link\">\n\n\t<div class=\"ls-cta__image\"><img decoding=\"async\" src=\"https:\/\/www.camping-le-calagogo.fr\/wp-content\/uploads\/2023\/12\/camping-cala-gogo-a-saint-cyprien-avec-mobil-homes_resultat.webp\" alt=\"location mobil home\"><\/div>\n\t<div class=\"ls-cta__title\">\n\t\tCases m\u00f2bils\t<\/div>\n\t\n\t\t\n<\/a><\/div><\/div><div class=\"wp-block-column\"><div id=\"destinations\" class=\"ls-cta\">\n\n<a href=\"https:\/\/www.camping-le-calagogo.fr\/ca\/camping-argeles-sur-mer\/caravaning-location-argeles-sur-mer\/\" target=\"\" rel=\"noopener\" class=\"ls-cta__link\">\n\n\t<div class=\"ls-cta__image\"><img decoding=\"async\" src=\"https:\/\/www.camping-le-calagogo.fr\/wp-content\/uploads\/2023\/12\/caravaning-saint-cyprien.webp\" alt=\"\"><\/div>\n\t<div class=\"ls-cta__title\">\n\t\tUbicacions\t<\/div>\n\t\n\t\t\n<\/a><\/div><\/div><div class=\"wp-block-column\"><div id=\"destinations\" class=\"ls-cta\">\n\n<a href=\"https:\/\/www.camping-le-calagogo.fr\/ca\/camping-argeles-sur-mer\/camping-piscins-argeles\/\" target=\"\" rel=\"noopener\" class=\"ls-cta__link\">\n\n\t<div class=\"ls-cta__image\"><img decoding=\"async\" src=\"https:\/\/www.camping-le-calagogo.fr\/wp-content\/uploads\/2023\/12\/piscine-toboggan-perpignan.webp\" alt=\"\"><\/div>\n\t<div class=\"ls-cta__title\">\n\t\tPiscina\t<\/div>\n\t\n\t\t\n<\/a><\/div><\/div><\/div><\/div>\n\r\n    <\/div>\r\n<\/section>","protected":false},"excerpt":{"rendered":"","protected":false},"author":1,"featured_media":2629890,"parent":2708633,"menu_order":0,"comment_status":"closed","ping_status":"closed","template":"","meta":{"_acf_changed":false,"_seopress_robots_primary_cat":"","_seopress_titles_title":"Camping barat Argel\u00e8s-sur-mer | Promoci\u00f3 d'estada d'acampada a Argeles","_seopress_titles_desc":"Aprofiteu-vos de PROMOS al nostre c\u00e0mping econ\u00f2mic a Argel\u00e8s-sur-Mer: mobil homes de baix cost per a una estada econ\u00f2mica al costat del mar!","_seopress_robots_index":"","inline_featured_image":false,"footnotes":""},"sujet":[],"class_list":["post-2708493","page","type-page","status-publish","has-post-thumbnail","hentry"],"acf":[],"_links":{"self":[{"href":"https:\/\/www.camping-le-calagogo.fr\/ca\/wp-json\/wp\/v2\/pages\/2708493","targetHints":{"allow":["GET"]}}],"collection":[{"href":"https:\/\/www.camping-le-calagogo.fr\/ca\/wp-json\/wp\/v2\/pages"}],"about":[{"href":"https:\/\/www.camping-le-calagogo.fr\/ca\/wp-json\/wp\/v2\/types\/page"}],"author":[{"embeddable":true,"href":"https:\/\/www.camping-le-calagogo.fr\/ca\/wp-json\/wp\/v2\/users\/1"}],"replies":[{"embeddable":true,"href":"https:\/\/www.camping-le-calagogo.fr\/ca\/wp-json\/wp\/v2\/comments?post=2708493"}],"version-history":[{"count":18,"href":"https:\/\/www.camping-le-calagogo.fr\/ca\/wp-json\/wp\/v2\/pages\/2708493\/revisions"}],"predecessor-version":[{"id":2845820,"href":"https:\/\/www.camping-le-calagogo.fr\/ca\/wp-json\/wp\/v2\/pages\/2708493\/revisions\/2845820"}],"up":[{"embeddable":true,"href":"https:\/\/www.camping-le-calagogo.fr\/ca\/wp-json\/wp\/v2\/pages\/2708633"}],"wp:featuredmedia":[{"embeddable":true,"href":"https:\/\/www.camping-le-calagogo.fr\/ca\/wp-json\/wp\/v2\/media\/2629890"}],"wp:attachment":[{"href":"https:\/\/www.camping-le-calagogo.fr\/ca\/wp-json\/wp\/v2\/media?parent=2708493"}],"wp:term":[{"taxonomy":"sujet","embeddable":true,"href":"https:\/\/www.camping-le-calagogo.fr\/ca\/wp-json\/wp\/v2\/sujet?post=2708493"}],"curies":[{"name":"wp","href":"https:\/\/api.w.org\/{rel}","templated":true}]}}