{"id":2708500,"date":"2023-10-18T09:42:16","date_gmt":"2023-10-18T07:42:16","guid":{"rendered":"https:\/\/www.camping-le-calagogo.fr\/camping-acsi-saint-cyprien\/"},"modified":"2023-12-22T00:54:54","modified_gmt":"2023-12-21T23:54:54","slug":"camping-acsi-saint-cyprien","status":"publish","type":"page","link":"https:\/\/www.camping-le-calagogo.fr\/ca\/camping-acsi-saint-cyprien\/","title":{"rendered":"ACSI"},"content":{"rendered":"<section id=\"ls-section-block_f50eeb408798c4b2021e5688c6c038d6\" class=\"ls-section  page-chapeau has-p-b p-b-4\" >\r\n        <div class=\"container \">\r\n        \n\n<h1 class=\"ls__heading wp-block-heading has-text-align-center deco\">Camping Acsi<br><strong>a Saint Cyprien Plage<\/strong><\/h1>\n\n\r\n    <\/div>\r\n<\/section>\n\n<section id=\"ls-section-block_e063bc31c69f72829567fafcd68eca61\" class=\"ls-section  page-one has-p-t p-t-0 has-p-b p-b-14\" >\r\n        <div class=\"container container--wide\">\r\n        \n\n<div class=\"wp-block-columns is-layout-flex wp-container-core-columns-is-layout-9d6595d7 wp-block-columns-is-layout-flex\">\n<div class=\"wp-block-column is-vertically-aligned-center first is-layout-flow wp-block-column-is-layout-flow\" style=\"flex-basis:66.7%\">\n<figure class=\"wp-block-image size-full\"><img decoding=\"async\" width=\"2000\" height=\"1132\" src=\"https:\/\/www.camping-le-calagogo.fr\/wp-content\/uploads\/2023\/12\/louer-emplcaement-tente-pyrenees-orientales.webp\" alt=\"lloguer tenda local pirineu oriental\" class=\"wp-image-2630329\" srcset=\"https:\/\/www.camping-le-calagogo.fr\/wp-content\/uploads\/2023\/12\/louer-emplcaement-tente-pyrenees-orientales.webp 2000w, https:\/\/www.camping-le-calagogo.fr\/wp-content\/uploads\/2023\/12\/louer-emplcaement-tente-pyrenees-orientales-300x170.webp 300w, https:\/\/www.camping-le-calagogo.fr\/wp-content\/uploads\/2023\/12\/louer-emplcaement-tente-pyrenees-orientales-1024x580.webp 1024w, https:\/\/www.camping-le-calagogo.fr\/wp-content\/uploads\/2023\/12\/louer-emplcaement-tente-pyrenees-orientales-768x435.webp 768w, https:\/\/www.camping-le-calagogo.fr\/wp-content\/uploads\/2023\/12\/louer-emplcaement-tente-pyrenees-orientales-1536x869.webp 1536w\" sizes=\"(max-width: 2000px) 100vw, 2000px\" \/><\/figure>\n<\/div>\n\n\n\n<div class=\"wp-block-column is-vertically-aligned-center second is-layout-flow wp-block-column-is-layout-flow\" style=\"flex-basis:33.3%\">\n<h2 class=\"ls__heading wp-block-heading\">La targeta Acsi: com funciona?<\/h2>\n\n\n\n<p class=\"ls-paragraph\">Alguns visitants prefereixen allotjar-se en <strong>hotels a l&#8217;aire lliure en temporada baixa<\/strong> , per gaudir de la <strong>tranquil\u00b7litat del c\u00e0mping i de les promocions especials<\/strong> que els permeten marxar de vacances a un preu baix.<\/p>\n\n\n\n<p class=\"ls-paragraph\">Vols beneficiar-te d&#8217;atractius descomptes per a totes les teves estades en temporada baixa? Demaneu ara la vostra targeta Acsi i redu\u00efu les vostres despeses al <a href=\"https:\/\/www.camping-le-calagogo.fr\/ca\/\" data-type=\"page\" data-id=\"9\">c\u00e0mping Le Cala Gogo a Saint Cyprien Plage<\/a> !<\/p>\n\n\n\n<p class=\"ls-paragraph\">La <a href=\"https:\/\/www.campingcard.fr\/\" data-type=\"link\" data-id=\"https:\/\/www.campingcard.fr\/\" target=\"_blank\" rel=\"noreferrer noopener\">CampingCard Acsi<\/a> et permet accedir a reduccions en parcel\u00b7les de tendes, caravanes i autocaravanes per a 2 persones.<\/p>\n\n\n\n<p class=\"ls-paragraph addReadMore showlesscontent\">Ideal per als aficionats al <strong>c\u00e0mping tradicional<\/strong> que vulguin passar les seves vacances envoltats de natura, \u00e9s acceptat a Cala Gogo i a la resta de c\u00e0mpings de la xarxa Acsi <strong>fora de temporada alta<\/strong> (m\u00e9s de 3.300 c\u00e0mpings col\u00b7laboradors a una vintena de pa\u00efsos d&#8217;Europa).<\/p>\n\n\n\n<p class=\"ls-paragraph\">Aix\u00ed, els beneficiaris poden estalviar diners i passar unes <a href=\"https:\/\/www.camping-le-calagogo.fr\/ca\/barat-camping-llenguadoc-rossello\/\" data-type=\"page\" data-id=\"2178\">vacances de c\u00e0mping als Pirineus Orientals al millor preu<\/a> , amb el mateix acc\u00e9s a les infraestructures i serveis de l&#8217;establiment que els campistes que viatgen en temporada alta.<\/p>\n<\/div>\n<\/div>\n\n\r\n    <\/div>\r\n<\/section>\n\n<section id=\"ls-section-block_f14fdf194e22e3620c625d64047d1e23\" class=\"ls-section  section-parallax has-parallax has-background has-color-4-background-color has-p-t p-t-14 has-p-b p-b-14\" >\r\n        <div class=\"container container--wide\">\r\n        \n\n<h2 class=\"ls__heading wp-block-heading has-text-align-center\">Ofertes i descomptes del nostre c\u00e0mping Acsi a la vora del mar Mediterrani.<\/h2>\n\n\n\n<p class=\"ls-paragraph has-text-align-center\">Si ets titular d&#8217;una <strong>targeta Acsi<\/strong> , se&#8217;t far\u00e0 sistem\u00e0ticament un descompte al <a href=\"https:\/\/www.camping-le-calagogo.fr\/ca\/camping-argeles-sur-mer\/economic-camping-argeles-sur-mer\/\" data-type=\"page\" data-id=\"102\">c\u00e0mping Cala Gogo d&#8217;Argel\u00e8s al millor preu<\/a> per una parcel\u00b7la per a tenda de campanya, caravana o autocaravana.<\/p>\n\n\n\n<p class=\"ls-paragraph has-text-align-center\">Per a <strong>reserves amb antelaci\u00f3<\/strong> , recordeu fer-nos saber que disposeu de la targeta Acsi per tel\u00e8fon, per correu electr\u00f2nic o omplint el formulari online disponible a la nostra web. El mateix passa amb l&#8217;obtenci\u00f3 de reduccions <a href=\"https:\/\/www.camping-le-calagogo.fr\/ca\/camping-adac-saint-cyprien\/\" data-type=\"page\" data-id=\"2708536\">de la targeta ADAC<\/a> .<\/p>\n\n\n\n<p class=\"ls-paragraph has-text-align-center\">T&#8217;has oblidat d&#8217;enviar-nos la informaci\u00f3? Cap problema. Mostra la teva targeta a recepci\u00f3 a l&#8217;arribada i aplicarem la <strong>tarifa Acsi reservada per a estades fora de temporada<\/strong> . Tingueu en compte que les despeses administratives i de reserva, les taxes tur\u00edstiques i les ecotaxes no estan incloses en el <strong>preu d&#8217;Acsi<\/strong> .<\/p>\n\n\n\n<p class=\"ls-paragraph has-text-align-center\">Vols <strong>viatjar intel\u00b7ligent<\/strong> per Europa? Descarrega l&#8217;aplicaci\u00f3 m\u00f2bil Acsi des del teu tel\u00e8fon intel\u00b7ligent o tauleta per trobar el c\u00e0mping Acsi m\u00e9s proper a tu! Cala Gogo tamb\u00e9 \u00e9s membre dels <a href=\"https:\/\/www.camping-le-calagogo.fr\/ca\/camping-anwb-saint-cyprien\/\" data-type=\"page\" data-id=\"2708528\">c\u00e0mpings ANWB<\/a> .<\/p>\n\n\r\n    <\/div>\r\n<\/section>\n\n<section id=\"ls-section-block_6dcd095f1590a8465437c950879e9af6\" class=\"ls-section  page-maillage has-p-b p-b-14\" >\r\n        <div class=\"container container--wide\">\r\n        \n\n<div id=\"ls-heading ls-titre-div-block_fe2165de883c7ad9b1f406309192c42d\" class=\"ls-titre-div m-left h2-like\" >\n    Serveis i lloguers<\/br> al c\u00e0mping<\/div>\n\n\n<div id=\"ls-maillage-block_786964fcb85d2ffd8ff426aaca96d1df\" class=\"ls-maillage cta-style-normal\" data-rows=\"3\">\n    <div class=\"wp-block-columns  \"><div class=\"wp-block-column\"><div id=\"destinations\" class=\"ls-cta\">\n\n<a href=\"https:\/\/www.camping-le-calagogo.fr\/ca\/camping-serveis-pirineus-orientals\/\" target=\"\" rel=\"noopener\" class=\"ls-cta__link\">\n\n\t<div class=\"ls-cta__image\"><img decoding=\"async\" src=\"https:\/\/www.camping-le-calagogo.fr\/wp-content\/uploads\/2023\/12\/epicerie-languedoc.webp\" alt=\"\"><\/div>\n\t<div class=\"ls-cta__title\">\n\t\tServeis i empreses\t<\/div>\n\t\n\t\t\n<\/a><\/div><\/div><div class=\"wp-block-column\"><div id=\"destinations\" class=\"ls-cta\">\n\n<a href=\"https:\/\/www.camping-le-calagogo.fr\/ca\/lloguer-mobil-home-llenguadoc-rossello\/\" target=\"\" rel=\"noopener\" class=\"ls-cta__link\">\n\n\t<div class=\"ls-cta__image\"><img decoding=\"async\" src=\"https:\/\/www.camping-le-calagogo.fr\/wp-content\/uploads\/2023\/12\/sejour-mobil-home-pyrenees-orientales.webp\" alt=\"\"><\/div>\n\t<div class=\"ls-cta__title\">\n\t\tCases m\u00f2bils\t<\/div>\n\t\n\t\t\n<\/a><\/div><\/div><div class=\"wp-block-column\"><div id=\"destinations\" class=\"ls-cta\">\n\n<a href=\"https:\/\/www.camping-le-calagogo.fr\/ca\/camping-argeles-sur-mer\/caravaning-location-argeles-sur-mer\/\" target=\"\" rel=\"noopener\" class=\"ls-cta__link\">\n\n\t<div class=\"ls-cta__image\"><img decoding=\"async\" src=\"https:\/\/www.camping-le-calagogo.fr\/wp-content\/uploads\/2023\/12\/caravaning-saint-cyprien.webp\" alt=\"\"><\/div>\n\t<div class=\"ls-cta__title\">\n\t\tUbicacions\t<\/div>\n\t\n\t\t\n<\/a><\/div><\/div><\/div><\/div>\n\r\n    <\/div>\r\n<\/section>","protected":false},"excerpt":{"rendered":"","protected":false},"author":1,"featured_media":2629968,"parent":0,"menu_order":0,"comment_status":"closed","ping_status":"closed","template":"","meta":{"_acf_changed":false,"_seopress_robots_primary_cat":"","_seopress_titles_title":"Camping Acsi vora mar Pirineus Orientals | Acsi campercard","_seopress_titles_desc":"Aprofita la teva targeta Acsi a Cala Gogo i aconsegueix descomptes en les teves properes vacances de c\u00e0mping al costat del mar als Pirineus Orientals","_seopress_robots_index":"","inline_featured_image":false,"footnotes":""},"sujet":[],"class_list":["post-2708500","page","type-page","status-publish","has-post-thumbnail","hentry"],"acf":[],"_links":{"self":[{"href":"https:\/\/www.camping-le-calagogo.fr\/ca\/wp-json\/wp\/v2\/pages\/2708500","targetHints":{"allow":["GET"]}}],"collection":[{"href":"https:\/\/www.camping-le-calagogo.fr\/ca\/wp-json\/wp\/v2\/pages"}],"about":[{"href":"https:\/\/www.camping-le-calagogo.fr\/ca\/wp-json\/wp\/v2\/types\/page"}],"author":[{"embeddable":true,"href":"https:\/\/www.camping-le-calagogo.fr\/ca\/wp-json\/wp\/v2\/users\/1"}],"replies":[{"embeddable":true,"href":"https:\/\/www.camping-le-calagogo.fr\/ca\/wp-json\/wp\/v2\/comments?post=2708500"}],"version-history":[{"count":3,"href":"https:\/\/www.camping-le-calagogo.fr\/ca\/wp-json\/wp\/v2\/pages\/2708500\/revisions"}],"predecessor-version":[{"id":2824782,"href":"https:\/\/www.camping-le-calagogo.fr\/ca\/wp-json\/wp\/v2\/pages\/2708500\/revisions\/2824782"}],"wp:featuredmedia":[{"embeddable":true,"href":"https:\/\/www.camping-le-calagogo.fr\/ca\/wp-json\/wp\/v2\/media\/2629968"}],"wp:attachment":[{"href":"https:\/\/www.camping-le-calagogo.fr\/ca\/wp-json\/wp\/v2\/media?parent=2708500"}],"wp:term":[{"taxonomy":"sujet","embeddable":true,"href":"https:\/\/www.camping-le-calagogo.fr\/ca\/wp-json\/wp\/v2\/sujet?post=2708500"}],"curies":[{"name":"wp","href":"https:\/\/api.w.org\/{rel}","templated":true}]}}