{"id":2708521,"date":"2023-10-18T09:46:05","date_gmt":"2023-10-18T07:46:05","guid":{"rendered":"https:\/\/www.camping-le-calagogo.fr\/garantia-de-cancellacio\/"},"modified":"2025-12-02T15:37:46","modified_gmt":"2025-12-02T14:37:46","slug":"garantia-de-cancellacio","status":"publish","type":"page","link":"https:\/\/www.camping-le-calagogo.fr\/ca\/garantia-de-cancellacio\/","title":{"rendered":"Reserva anticipada"},"content":{"rendered":"<section id=\"ls-section-block_0d52afe2c11dfda3e7abbbd1fa843466\" class=\"ls-section  page-chapeau deco has-p-b p-b-4\" >\r\n        <div class=\"container container--wide\">\r\n        \n\n<h1 class=\"ls__heading wp-block-heading has-text-align-center\">Oferta de reserva anticipada de Cala Gogo<br\/><strong>a Saint Cyprien<\/strong><\/h1>\n\n\r\n    <\/div>\r\n<\/section><section id=\"ls-section-block_885be4f366f03fa671b44eebfa2796e9\" class=\"ls-section  page-one has-p-t p-t-0 has-p-b p-b-14\" >\r\n        <div class=\"container container--wide\">\r\n        \n\n<div class=\"wp-block-columns are-vertically-aligned-center is-layout-flex wp-container-core-columns-is-layout-9d6595d7 wp-block-columns-is-layout-flex\">\n<div class=\"wp-block-column is-vertically-aligned-center first is-layout-flow wp-block-column-is-layout-flow\" style=\"flex-basis:66.7%\">\n<figure class=\"wp-block-image size-full\"><a href=\"https:\/\/www.camping-le-calagogo.fr\/wp-content\/uploads\/2023\/10\/camping-cala-gogo-a-saint-cyprien-avec-piscine-avec-des-toboggans.webp\"><img decoding=\"async\" width=\"2000\" height=\"1333\" src=\"https:\/\/www.camping-le-calagogo.fr\/wp-content\/uploads\/2023\/10\/camping-cala-gogo-a-saint-cyprien-avec-piscine-avec-des-toboggans.webp\" alt=\"\" class=\"wp-image-578\" srcset=\"https:\/\/www.camping-le-calagogo.fr\/wp-content\/uploads\/2023\/10\/camping-cala-gogo-a-saint-cyprien-avec-piscine-avec-des-toboggans.webp 2000w, https:\/\/www.camping-le-calagogo.fr\/wp-content\/uploads\/2023\/10\/camping-cala-gogo-a-saint-cyprien-avec-piscine-avec-des-toboggans-300x200.webp 300w, https:\/\/www.camping-le-calagogo.fr\/wp-content\/uploads\/2023\/10\/camping-cala-gogo-a-saint-cyprien-avec-piscine-avec-des-toboggans-1024x682.webp 1024w, https:\/\/www.camping-le-calagogo.fr\/wp-content\/uploads\/2023\/10\/camping-cala-gogo-a-saint-cyprien-avec-piscine-avec-des-toboggans-768x512.webp 768w, https:\/\/www.camping-le-calagogo.fr\/wp-content\/uploads\/2023\/10\/camping-cala-gogo-a-saint-cyprien-avec-piscine-avec-des-toboggans-1536x1024.webp 1536w\" sizes=\"(max-width: 2000px) 100vw, 2000px\" \/><\/a><\/figure>\n<\/div>\n\n\n\n<div class=\"wp-block-column is-vertically-aligned-center second is-layout-flow wp-block-column-is-layout-flow\" style=\"flex-basis:33.3%\">\n<p class=\"ls-paragraph has-text-align-left\">Amb l&#8217;oferta <strong>Early Booking<\/strong> de Cala Gogo, com abans reserveu, millor prepareu les vostres vacances. Beneficia&#8217;t d&#8217;un 10% de descompte en la teva casa m\u00f2bil per a totes les reserves realitzades abans del 28\/02\/2026.<\/p>\n\n\n\n<p class=\"ls-paragraph has-text-align-left\">El Cala Gogo tamb\u00e9 t&#8217;ofereix AVANTATGES:<\/p>\n\n\n\n<ul class=\"ls-list ls-list-undefined wp-block-list\">\n<li>La <strong>possibilitat d&#8217;escollir la teva parcel\u00b7la<\/strong> o la teva casa m\u00f2bil. Qu\u00e8 bonic \u00e9s triar on poses les maletes, i estar al costat de vells amics per compartir bons moments<\/li>\n\n\n\n<li>La garantia de cancel\u00b7laci\u00f3 o pr\u00f2rroga del certificat v\u00e0lid gratu\u00eftament durant 30 dies des de la recepci\u00f3 i la garantia Serenity (especialment covid &#8211; veure CGV) o la garantia Zen (veure condicions CGV)<\/li>\n\n\n\n<li>Pagament en diversos terminis amb saldo un mes abans de la teva arribada, per un pressupost controlat<\/li>\n\n\n\n<li>Flexibilitat dels dies d&#8217;arribada en funci\u00f3 del per\u00edode per facilitar un viatge sense estr\u00e8s<\/li>\n<\/ul>\n\n\n\n<p class=\"ls-paragraph has-text-align-left addReadMore showlesscontent\">Aprofitar la Reserva Anticipada fins al 28\/02\/2026 \u00e9s la promoci\u00f3 que necessites per a una estada ben planificada, en una regi\u00f3 assolellada i al c\u00e0mping seleccionat per la fam\u00edlia, al millor preu! No esperis m\u00e9s!<\/p>\n\n\n\n<a href=\"https:\/\/bookingpremium.secureholiday.net\/fr\/2224\/offers?_ga=2.94130841.501342646.1696958619-92885158.1695638371&#038;_gl=1*eqclui*_ga*OTI4ODUxNTguMTY5NTYzODM3MQ..*_ga_4KTSZ1C4HZ*MTY5NzAyMDczMS45LjEuMTY5NzAyNDIxNy42MC4wLjA.\" id=\"ls-button-block_adbebd22dfc665a8940febe7795fc62f\" target=\"\" rel=\"\" class=\"ls-button alignleft\" ><span>Ara ho estic gaudint<\/span> <i class='calagogo-right-arrow'><\/i><\/a>\n<\/div>\n<\/div>\n\n\r\n    <\/div>\r\n<\/section><section id=\"ls-section-block_d342a557532b831fd0115ff264130acc\" class=\"ls-section  page-one has-background has-color-4-background-color has-m-t m-t-0\" >\r\n        <div class=\"container container--wide\">\r\n        \n\n<div class=\"wp-block-columns is-layout-flex wp-container-core-columns-is-layout-9d6595d7 wp-block-columns-is-layout-flex\">\n<div class=\"wp-block-column m-l-4 is-layout-flow wp-block-column-is-layout-flow\">\n<h2 class=\"ls__heading wp-block-heading\">Garantia de cancel\u00b7laci\u00f3 &#8220;Zen&#8221;, aplicable en totes les circumst\u00e0ncies<\/h2>\n\n\n\n<p class=\"ls-paragraph has-text-align-left\">La <strong>garantia interna de cancel\u00b7laci\u00f3 ZEN<\/strong> espec\u00edfica del c\u00e0mping es contracta en fer la reserva per un <strong>import del 3% de l&#8217;estada<\/strong> . Continua sent opcional.<\/p>\n\n\n\n<p class=\"ls-paragraph has-text-align-left\">Si el client decideix no subscriure&#8217;s, no podr\u00e0 reclamar cap devoluci\u00f3 en cas de cancel\u00b7laci\u00f3. Qualsevol sol\u00b7licitud de cancel\u00b7laci\u00f3 s&#8217;ha de fer nom\u00e9s per correu electr\u00f2nic.  <\/p>\n\n\n\n<p class=\"ls-paragraph has-text-align-left\">L&#8217;import pagat se&#8217;t retornar\u00e0 de la seg\u00fcent manera:<\/p>\n\n\n\n<ul class=\"ls-list wp-block-list\">\n\n<li>100% m\u00e9s de 30 dies abans de la data d&#8217;inici de l&#8217;estada (comissions d&#8217;administraci\u00f3 i garantia de cancel\u00b7laci\u00f3 no reemborsables).<\/li>\n\n\n<li>50% m\u00e9s de 15 dies abans de la data d&#8217;inici de l&#8217;estada, (comissions d&#8217;administraci\u00f3 i garantia de cancel\u00b7laci\u00f3 no reemborsables).<\/li>\n\n\n<li>25% m\u00e9s de 7 dies abans de la data d&#8217;inici de l&#8217;estada (comissions d&#8217;administraci\u00f3 i garantia de cancel\u00b7laci\u00f3 no reemborsables).<\/li>\n\n\n<li>Menys de 7 dies abans de la data d&#8217;inici de l&#8217;estada, les quantitats queden adquirides pel c\u00e0mping<\/li>\n\n<\/ul>\n\n\n\n<p class=\"ls-paragraph has-text-align-left\"><strong>Condicions aplicables de la garantia de cancel\u00b7laci\u00f3:<\/strong> Malaltia greu, defunci\u00f3 d&#8217;un soci  <\/p>\n<\/div>\n<\/div>\n\n\r\n    <\/div>\r\n<\/section><section id=\"ls-section-block_6a30f04da43476da7ddffd0a96e2eb2a\" class=\"ls-section  page-maillage has-p-b p-b-14\" >\r\n        <div class=\"container container--wide\">\r\n        \n\n<div id=\"ls-heading ls-titre-div-block_f80e1cc9155a274dd18c424d6db144e7\" class=\"ls-titre-div m-left h2-like\" >\n    Descobreix el<\/br> Cala Gogo!<\/div>\n\n\n<div id=\"ls-maillage-block_d7709f2ba5afbea01b1904d98be4d63f\" class=\"ls-maillage cta-style-normal\" data-rows=\"3\">\n    <div class=\"wp-block-columns  \"><div class=\"wp-block-column\"><div id=\"destinations\" class=\"ls-cta\">\n\n<a href=\"https:\/\/www.camping-le-calagogo.fr\/ca\/camping-serveis-pirineus-orientals\/\" target=\"\" rel=\"noopener\" class=\"ls-cta__link\">\n\n\t<div class=\"ls-cta__image\"><img decoding=\"async\" src=\"https:\/\/www.camping-le-calagogo.fr\/wp-content\/uploads\/2023\/12\/epicerie-languedoc.webp\" alt=\"\"><\/div>\n\t<div class=\"ls-cta__title\">\n\t\tServeis i empreses\t<\/div>\n\t\n\t\t\n<\/a><\/div><\/div><div class=\"wp-block-column\"><div id=\"destinations\" class=\"ls-cta\">\n\n<a href=\"https:\/\/www.camping-le-calagogo.fr\/ca\/camping-costat-del-mar-llenguadoc-rossello\/\" target=\"\" rel=\"noopener\" class=\"ls-cta__link\">\n\n\t<div class=\"ls-cta__image\"><img decoding=\"async\" src=\"https:\/\/www.camping-le-calagogo.fr\/wp-content\/uploads\/2023\/12\/camping-bord-mer-saint-cyprien.webp\" alt=\"\"><\/div>\n\t<div class=\"ls-cta__title\">\n\t\tCosta del mar\t<\/div>\n\t\n\t\t\n<\/a><\/div><\/div><div class=\"wp-block-column\"><div id=\"destinations\" class=\"ls-cta\">\n\n<a href=\"https:\/\/www.camping-le-calagogo.fr\/ca\/barat-camping-llenguadoc-rossello\/\" target=\"\" rel=\"noopener\" class=\"ls-cta__link\">\n\n\t<div class=\"ls-cta__image\"><img decoding=\"async\" src=\"https:\/\/www.camping-le-calagogo.fr\/wp-content\/uploads\/2023\/12\/camping-reception.webp\" alt=\"\"><\/div>\n\t<div class=\"ls-cta__title\">\n\t\tPreus\t<\/div>\n\t\n\t\t\n<\/a><\/div><\/div><\/div><\/div>\n\r\n    <\/div>\r\n<\/section>","protected":false},"excerpt":{"rendered":"","protected":false},"author":1,"featured_media":2630409,"parent":0,"menu_order":0,"comment_status":"closed","ping_status":"closed","template":"","meta":{"_acf_changed":false,"_seopress_robots_primary_cat":"","_seopress_titles_title":"Reserva anticipada; Garantia de cancel\u00b7laci\u00f3 a Saint-Cyprien Plage","_seopress_titles_desc":"","_seopress_robots_index":"","inline_featured_image":false,"footnotes":""},"sujet":[],"class_list":["post-2708521","page","type-page","status-publish","has-post-thumbnail","hentry"],"acf":[],"_links":{"self":[{"href":"https:\/\/www.camping-le-calagogo.fr\/ca\/wp-json\/wp\/v2\/pages\/2708521","targetHints":{"allow":["GET"]}}],"collection":[{"href":"https:\/\/www.camping-le-calagogo.fr\/ca\/wp-json\/wp\/v2\/pages"}],"about":[{"href":"https:\/\/www.camping-le-calagogo.fr\/ca\/wp-json\/wp\/v2\/types\/page"}],"author":[{"embeddable":true,"href":"https:\/\/www.camping-le-calagogo.fr\/ca\/wp-json\/wp\/v2\/users\/1"}],"replies":[{"embeddable":true,"href":"https:\/\/www.camping-le-calagogo.fr\/ca\/wp-json\/wp\/v2\/comments?post=2708521"}],"version-history":[{"count":7,"href":"https:\/\/www.camping-le-calagogo.fr\/ca\/wp-json\/wp\/v2\/pages\/2708521\/revisions"}],"predecessor-version":[{"id":2847837,"href":"https:\/\/www.camping-le-calagogo.fr\/ca\/wp-json\/wp\/v2\/pages\/2708521\/revisions\/2847837"}],"wp:featuredmedia":[{"embeddable":true,"href":"https:\/\/www.camping-le-calagogo.fr\/ca\/wp-json\/wp\/v2\/media\/2630409"}],"wp:attachment":[{"href":"https:\/\/www.camping-le-calagogo.fr\/ca\/wp-json\/wp\/v2\/media?parent=2708521"}],"wp:term":[{"taxonomy":"sujet","embeddable":true,"href":"https:\/\/www.camping-le-calagogo.fr\/ca\/wp-json\/wp\/v2\/sujet?post=2708521"}],"curies":[{"name":"wp","href":"https:\/\/api.w.org\/{rel}","templated":true}]}}