{"id":2708528,"date":"2023-10-18T09:42:49","date_gmt":"2023-10-18T07:42:49","guid":{"rendered":"https:\/\/www.camping-le-calagogo.fr\/camping-anwb-saint-cyprien\/"},"modified":"2024-09-03T14:40:00","modified_gmt":"2024-09-03T12:40:00","slug":"camping-anwb-saint-cyprien","status":"publish","type":"page","link":"https:\/\/www.camping-le-calagogo.fr\/ca\/camping-anwb-saint-cyprien\/","title":{"rendered":"ANWB"},"content":{"rendered":"<section id=\"ls-section-block_654754fe3832f486d72e37910c9782e6\" class=\"ls-section  page-chapeau has-p-b p-b-4\" >\r\n        <div class=\"container \">\r\n        \n\n<h1 class=\"ls__heading wp-block-heading has-text-align-center deco\">Camping ANWB<br><strong>a Saint Cyprien Plage<\/strong><\/h1>\n\n\r\n    <\/div>\r\n<\/section>\n\n<section id=\"ls-section-block_6734a9723aace894b61508c02b97d7af\" class=\"ls-section  page-one has-p-t p-t-0 has-p-b p-b-14\" >\r\n        <div class=\"container container--wide\">\r\n        \n\n<div class=\"wp-block-columns is-layout-flex wp-container-core-columns-is-layout-9d6595d7 wp-block-columns-is-layout-flex\">\n<div class=\"wp-block-column is-vertically-aligned-center first is-layout-flow wp-block-column-is-layout-flow\" style=\"flex-basis:66.7%\">\n<figure class=\"wp-block-image size-full\"><img decoding=\"async\" width=\"1878\" height=\"1200\" src=\"https:\/\/www.camping-le-calagogo.fr\/wp-content\/uploads\/2023\/12\/location-velo-perpignan.webp\" alt=\"lloguer de bicicletes perpiny\u00e0\" class=\"wp-image-2629898\" srcset=\"https:\/\/www.camping-le-calagogo.fr\/wp-content\/uploads\/2023\/12\/location-velo-perpignan.webp 1878w, https:\/\/www.camping-le-calagogo.fr\/wp-content\/uploads\/2023\/12\/location-velo-perpignan-300x192.webp 300w, https:\/\/www.camping-le-calagogo.fr\/wp-content\/uploads\/2023\/12\/location-velo-perpignan-1024x654.webp 1024w, https:\/\/www.camping-le-calagogo.fr\/wp-content\/uploads\/2023\/12\/location-velo-perpignan-768x491.webp 768w, https:\/\/www.camping-le-calagogo.fr\/wp-content\/uploads\/2023\/12\/location-velo-perpignan-1536x981.webp 1536w\" sizes=\"(max-width: 1878px) 100vw, 1878px\" \/><\/figure>\n<\/div>\n\n\n\n<div class=\"wp-block-column is-vertically-aligned-center second is-layout-flow wp-block-column-is-layout-flow\" style=\"flex-basis:33.3%\">\n<h2 class=\"ls__heading wp-block-heading\">ANWB: Algemene Nederlandsche Wielrijdersbond (Royal Touring Club dels Pa\u00efsos Baixos)<\/h2>\n\n\n\n<p class=\"ls-paragraph\">El Royal Dutch Touring Club (Algemene Nederlandsche Wielrijdersbond \u2013 ANWB) \u00e9s una associaci\u00f3 holandesa fundada l&#8217;any 1883 que porta a terme diverses activitats relacionades amb el turisme. Ofereix solucions <strong>d&#8217;asseguran\u00e7a de viatges i vehicles<\/strong> (cotxes, caravanes, bicicletes, scooters, vaixells) i avalua milers de c\u00e0mpings a Europa amb <strong>el suport de l&#8217;ADAC<\/strong> .<\/p>\n<\/div>\n<\/div>\n\n\r\n    <\/div>\r\n<\/section>\n\n<section id=\"ls-section-block_59f5bd25c8a1c2c2202e37d71501f6e8\" class=\"ls-section  page-two mosaique has-background has-color-4-background-color has-p-t p-t-14 has-p-b p-b-14\" >\r\n        <div class=\"container container--wide\">\r\n        \n\n<div class=\"wp-block-columns is-layout-flex wp-container-core-columns-is-layout-9d6595d7 wp-block-columns-is-layout-flex\">\n<div class=\"wp-block-column is-vertically-aligned-center is-layout-flow wp-block-column-is-layout-flow\">\n<p class=\"ls-paragraph\">Proporciona informaci\u00f3 \u00fatil per preparar unes <strong>vacances de c\u00e0mping<\/strong> , com ara les velocitats m\u00e0ximes permeses per als cotxes que remolquen una caravana, embalatges, bombones de gas i l&#8217;equipament imprescindible per a un <strong>viatge d&#8217;acampada amb \u00e8xit<\/strong> .<\/p>\n\n\n\n<p class=\"ls-paragraph\">El <a href=\"https:\/\/www.anwb.nl\/\" target=\"_blank\" rel=\"noreferrer noopener\">lloc web de l&#8217;ANWB<\/a> tamb\u00e9 t\u00e9 un blog on trobareu consells per optimitzar les vostres <strong>vacances<\/strong> <a href=\"https:\/\/www.camping-le-calagogo.fr\/ca\/barat-camping-llenguadoc-rossello\/\" data-type=\"page\" data-id=\"2178\">de c\u00e0mping barats<\/a> al Llenguadoc-Rossell\u00f3 i a tot Fran\u00e7a, i fins i tot al m\u00f3n. Descobrir\u00e0s sobretot les mesures a prendre en temps de pluja si dorms en tenda de campanya, aix\u00ed com els llums per afavorir una il\u00b7luminaci\u00f3 \u00f2ptima a <strong>la teva parcel\u00b7la<\/strong> .<\/p>\n\n\n\n<p class=\"ls-paragraph\">La <strong>targeta ANWB<\/strong> et d\u00f3na dret a diversos avantatges com ara <strong>descomptes i ofertes especials<\/strong> , serveis exclusius, assessorament expert i mapes de ruta gratu\u00efts.<\/p>\n<\/div>\n\n\n\n<div class=\"wp-block-column is-vertically-aligned-center is-layout-flow wp-block-column-is-layout-flow\">\n<figure class=\"wp-block-image size-full\"><img decoding=\"async\" width=\"1800\" height=\"1200\" src=\"https:\/\/www.camping-le-calagogo.fr\/wp-content\/uploads\/2023\/12\/louer-emplacement-saint-cyprien.webp\" alt=\"lloguer local saint cyprien\" class=\"wp-image-2630308\" srcset=\"https:\/\/www.camping-le-calagogo.fr\/wp-content\/uploads\/2023\/12\/louer-emplacement-saint-cyprien.webp 1800w, https:\/\/www.camping-le-calagogo.fr\/wp-content\/uploads\/2023\/12\/louer-emplacement-saint-cyprien-300x200.webp 300w, https:\/\/www.camping-le-calagogo.fr\/wp-content\/uploads\/2023\/12\/louer-emplacement-saint-cyprien-1024x683.webp 1024w, https:\/\/www.camping-le-calagogo.fr\/wp-content\/uploads\/2023\/12\/louer-emplacement-saint-cyprien-768x512.webp 768w, https:\/\/www.camping-le-calagogo.fr\/wp-content\/uploads\/2023\/12\/louer-emplacement-saint-cyprien-1536x1024.webp 1536w\" sizes=\"(max-width: 1800px) 100vw, 1800px\" \/><\/figure>\n<\/div>\n<\/div>\n\n\r\n    <\/div>\r\n<\/section>\n\n<section id=\"ls-section-block_4ca34181b6914dea4ca7381979cb0832\" class=\"ls-section  section-parallax has-parallax has-p-t p-t-14 has-p-b p-b-14\" >\r\n        <div class=\"container container--wide\">\r\n        \n\n<h2 class=\"ls__heading wp-block-heading has-text-align-center\">Per qu\u00e8 triar un c\u00e0mping ANWB?<\/h2>\n\n\n\n<p class=\"ls-paragraph has-text-align-center\">L&#8217;ANWB avalua milers de c\u00e0mpings i els atorga una qualificaci\u00f3 d&#8217;1 a 5 estrelles. L&#8217;adjudicaci\u00f3 d&#8217;aquesta qualificaci\u00f3 es basa en criteris objectius com la infraestructura i <strong>els serveis oferts<\/strong> in situ des de l&#8217;obertura fins al tancament del <a href=\"https:\/\/www.camping-le-calagogo.fr\/ca\/camping-argeles-sur-mer\/economic-camping-argeles-sur-mer\/\" data-type=\"page\" data-id=\"102\">c\u00e0mping al millor preu a prop d&#8217;Argel\u00e8s-sur-Mer<\/a> .<\/p>\n\n\n\n<p class=\"ls-paragraph has-text-align-center\">Reservant la teva estada en un c\u00e0mping ANWB com el nostre  <a href=\"https:\/\/www.camping-le-calagogo.fr\/ca\/\" data-type=\"page\" data-id=\"9\">c\u00e0mping a Saint-Cyprien<\/a>, segur que trobareu al vostre  <strong>hotel exterior una piscina climatitzada<\/strong>, un bar, un restaurant, connexi\u00f3 a Internet (Wi-Fi), una bugaderia, lloguer de bicicletes, equipament per a nens (parc infantil, estructura inflable) i una fleca.<\/p>\n\n\n\n<p class=\"ls-paragraph has-text-align-center\">El <strong>segell ANWB<\/strong> \u00e9s, en definitiva, una garantia de qualitat destinada a <strong>garantir unes vacances d&#8217;\u00e8xit<\/strong> en un c\u00e0mping que respecta els seus compromisos i ofereix als visitants els serveis esperats. Tingueu en compte que Cala Gogo tamb\u00e9 \u00e9s un <a href=\"https:\/\/www.camping-le-calagogo.fr\/ca\/camping-adac-saint-cyprien\/\" data-type=\"page\" data-id=\"122\">c\u00e0mping ADAC<\/a> i un <a href=\"https:\/\/www.camping-le-calagogo.fr\/ca\/camping-acsi-saint-cyprien\/\" data-type=\"page\" data-id=\"118\">c\u00e0mping ACSI<\/a> .<\/p>\n\n\r\n    <\/div>\r\n<\/section>\n\n<section id=\"ls-section-block_0ef3a5940d6b0a96170b9bc44a9ab773\" class=\"ls-section  page-maillage has-p-b p-b-14\" >\r\n        <div class=\"container container--wide\">\r\n        \n\n<div id=\"ls-heading ls-titre-div-block_ba28c26f18c83afb692883dfd4d1aea4\" class=\"ls-titre-div m-left h2-like\" >\n    Cases m\u00f2bils i parcel\u00b7les<\/br> al c\u00e0mping<\/div>\n\n\n<div id=\"ls-maillage-block_ce4912dd8b63778759459bb6b12b46a8\" class=\"ls-maillage cta-style-normal\" data-rows=\"3\">\n    <div class=\"wp-block-columns  \"><div class=\"wp-block-column\"><div id=\"destinations\" class=\"ls-cta\">\n\n<a href=\"https:\/\/www.camping-le-calagogo.fr\/ca\/lloguer-mobil-home-llenguadoc-rossello\/\" target=\"\" rel=\"noopener\" class=\"ls-cta__link\">\n\n\t<div class=\"ls-cta__image\"><img decoding=\"async\" src=\"https:\/\/www.camping-le-calagogo.fr\/wp-content\/uploads\/2023\/12\/sejour-mobil-home-pyrenees-orientales.webp\" alt=\"\"><\/div>\n\t<div class=\"ls-cta__title\">\n\t\tCases m\u00f2bils\t<\/div>\n\t\n\t\t\n<\/a><\/div><\/div><div class=\"wp-block-column\"><div id=\"destinations\" class=\"ls-cta\">\n\n<a href=\"https:\/\/www.camping-le-calagogo.fr\/ca\/camping-argeles-sur-mer\/caravaning-location-argeles-sur-mer\/\" target=\"\" rel=\"noopener\" class=\"ls-cta__link\">\n\n\t<div class=\"ls-cta__image\"><img decoding=\"async\" src=\"https:\/\/www.camping-le-calagogo.fr\/wp-content\/uploads\/2023\/12\/caravaning-saint-cyprien.webp\" alt=\"\"><\/div>\n\t<div class=\"ls-cta__title\">\n\t\tUbicacions\t<\/div>\n\t\n\t\t\n<\/a><\/div><\/div><div class=\"wp-block-column\"><div id=\"destinations\" class=\"ls-cta\">\n\n<a href=\"https:\/\/www.camping-le-calagogo.fr\/ca\/camping-costat-del-mar-llenguadoc-rossello\/\" target=\"\" rel=\"noopener\" class=\"ls-cta__link\">\n\n\t<div class=\"ls-cta__image\"><img decoding=\"async\" src=\"https:\/\/www.camping-le-calagogo.fr\/wp-content\/uploads\/2023\/12\/camping-bord-mer-saint-cyprien.webp\" alt=\"\"><\/div>\n\t<div class=\"ls-cta__title\">\n\t\tCosta del mar\t<\/div>\n\t\n\t\t\n<\/a><\/div><\/div><\/div><\/div>\n\r\n    <\/div>\r\n<\/section>","protected":false},"excerpt":{"rendered":"","protected":false},"author":1,"featured_media":2629950,"parent":0,"menu_order":0,"comment_status":"closed","ping_status":"closed","template":"","meta":{"_acf_changed":false,"_seopress_robots_primary_cat":"","_seopress_titles_title":"Camping ANWB al costat del mar | Ofertes ANWB | Camping ANWB Saint-Cyprien","_seopress_titles_desc":"Trieu el c\u00e0mping ANWB Cala Gogo per a serveis i allotjament de qualitat durant les vostres vacances de c\u00e0mping al costat del mar als Pirineus Orientals","_seopress_robots_index":"","inline_featured_image":false,"footnotes":""},"sujet":[],"class_list":["post-2708528","page","type-page","status-publish","has-post-thumbnail","hentry"],"acf":[],"_links":{"self":[{"href":"https:\/\/www.camping-le-calagogo.fr\/ca\/wp-json\/wp\/v2\/pages\/2708528","targetHints":{"allow":["GET"]}}],"collection":[{"href":"https:\/\/www.camping-le-calagogo.fr\/ca\/wp-json\/wp\/v2\/pages"}],"about":[{"href":"https:\/\/www.camping-le-calagogo.fr\/ca\/wp-json\/wp\/v2\/types\/page"}],"author":[{"embeddable":true,"href":"https:\/\/www.camping-le-calagogo.fr\/ca\/wp-json\/wp\/v2\/users\/1"}],"replies":[{"embeddable":true,"href":"https:\/\/www.camping-le-calagogo.fr\/ca\/wp-json\/wp\/v2\/comments?post=2708528"}],"version-history":[{"count":12,"href":"https:\/\/www.camping-le-calagogo.fr\/ca\/wp-json\/wp\/v2\/pages\/2708528\/revisions"}],"predecessor-version":[{"id":2845821,"href":"https:\/\/www.camping-le-calagogo.fr\/ca\/wp-json\/wp\/v2\/pages\/2708528\/revisions\/2845821"}],"wp:featuredmedia":[{"embeddable":true,"href":"https:\/\/www.camping-le-calagogo.fr\/ca\/wp-json\/wp\/v2\/media\/2629950"}],"wp:attachment":[{"href":"https:\/\/www.camping-le-calagogo.fr\/ca\/wp-json\/wp\/v2\/media?parent=2708528"}],"wp:term":[{"taxonomy":"sujet","embeddable":true,"href":"https:\/\/www.camping-le-calagogo.fr\/ca\/wp-json\/wp\/v2\/sujet?post=2708528"}],"curies":[{"name":"wp","href":"https:\/\/api.w.org\/{rel}","templated":true}]}}