{"id":2708536,"date":"2023-10-18T09:42:33","date_gmt":"2023-10-18T07:42:33","guid":{"rendered":"https:\/\/www.camping-le-calagogo.fr\/camping-adac-saint-cyprien\/"},"modified":"2024-09-03T14:40:16","modified_gmt":"2024-09-03T12:40:16","slug":"camping-adac-saint-cyprien","status":"publish","type":"page","link":"https:\/\/www.camping-le-calagogo.fr\/ca\/camping-adac-saint-cyprien\/","title":{"rendered":"Adac"},"content":{"rendered":"<section id=\"ls-section-block_ec9f87ba92dfb1294d1fcf091189ce8e\" class=\"ls-section  page-chapeau has-p-b p-b-4\" >\r\n        <div class=\"container \">\r\n        \n\n<h1 class=\"ls__heading wp-block-heading has-text-align-center deco\">Camping Adac<br><strong>a Saint Cyprien Plage<\/strong><\/h1>\n\n\r\n    <\/div>\r\n<\/section>\n\n<section id=\"ls-section-block_0b226ac82e3cea65914967e679632330\" class=\"ls-section  page-one has-p-t p-t-0 has-p-b p-b-14\" >\r\n        <div class=\"container container--wide\">\r\n        \n\n<div class=\"wp-block-columns is-layout-flex wp-container-core-columns-is-layout-9d6595d7 wp-block-columns-is-layout-flex\">\n<div class=\"wp-block-column is-vertically-aligned-center first is-layout-flow wp-block-column-is-layout-flow\" style=\"flex-basis:66.7%\">\n<figure class=\"wp-block-image size-full\"><img decoding=\"async\" width=\"1800\" height=\"1200\" src=\"https:\/\/www.camping-le-calagogo.fr\/wp-content\/uploads\/2023\/12\/emplacement-caravaning-saint-cyprien.webp\" alt=\"c\u00e0mping adac saint cyprien\" class=\"wp-image-2630291\" srcset=\"https:\/\/www.camping-le-calagogo.fr\/wp-content\/uploads\/2023\/12\/emplacement-caravaning-saint-cyprien.webp 1800w, https:\/\/www.camping-le-calagogo.fr\/wp-content\/uploads\/2023\/12\/emplacement-caravaning-saint-cyprien-300x200.webp 300w, https:\/\/www.camping-le-calagogo.fr\/wp-content\/uploads\/2023\/12\/emplacement-caravaning-saint-cyprien-1024x683.webp 1024w, https:\/\/www.camping-le-calagogo.fr\/wp-content\/uploads\/2023\/12\/emplacement-caravaning-saint-cyprien-768x512.webp 768w, https:\/\/www.camping-le-calagogo.fr\/wp-content\/uploads\/2023\/12\/emplacement-caravaning-saint-cyprien-1536x1024.webp 1536w\" sizes=\"(max-width: 1800px) 100vw, 1800px\" \/><\/figure>\n<\/div>\n\n\n\n<div class=\"wp-block-column is-vertically-aligned-center second is-layout-flow wp-block-column-is-layout-flow\" style=\"flex-basis:33.3%\">\n<h2 class=\"ls__heading wp-block-heading\">La targeta ADAC: Com funciona?<\/h2>\n\n\n\n<p class=\"ls-paragraph\">Ets un dels estiuejants que prefereix la <strong>temporada baixa<\/strong> per escapar de les multituds, l&#8217;enrenou del festival i els alts preus? Viatgers <strong>lliures i flexibles<\/strong> als quals els agrada viatjar a la primavera o la tardor, quan la natura adquireix els seus colors m\u00e9s bonics?<\/p>\n\n\n\n<p class=\"ls-paragraph\">Si disposeu de la <a href=\"https:\/\/www.pincamp.de\/?welcome=true)\">targeta ADAC<\/a> , podreu beneficiar-vos de promocions excepcionals per a totes les vostres estades en temporada baixa al <a href=\"https:\/\/www.camping-le-calagogo.fr\/ca\/\" data-type=\"page\" data-id=\"9\">c\u00e0mping Cala Gogo a Saint-Cyprien<\/a> , i aix\u00ed passar una <strong>estada de c\u00e0mping als Pirineus Orientals al millor preu<\/strong> .<\/p>\n\n\n\n<p class=\"ls-paragraph\">Tant si et trobes en mobil homes com en c\u00e0mpings, descobreix tots els avantatges de la targeta ADAC.<\/p>\n\n\n\n<p class=\"ls-paragraph addReadMore showlesscontent\"><strong>La targeta ADAC<\/strong> , el funcionament de la qual es basa en el de la targeta Acsi, et garanteix tarifes preferents a tots els c\u00e0mpings de la xarxa associativa ADAC. <strong>Les reduccions<\/strong> s\u00f3n v\u00e0lides per a parcel\u00b7les, per\u00f2 tamb\u00e9 per a mobil homes i altres propietats de lloguer totalment equipades.<\/p>\n\n\n\n<p class=\"ls-paragraph\">Demanant la teva targeta ADAC, pots <strong>allotjar-te a un preu redu\u00eft<\/strong> en c\u00e0mpings premium la qualitat dels serveis i la infraestructura dels quals \u00e9s controlada peri\u00f2dicament per l&#8217;associaci\u00f3. Per aquest motiu, la <strong>guia ADAC<\/strong> es troba entre les guies de c\u00e0mpings m\u00e9s prestigioses de Fran\u00e7a i Europa.<\/p>\n<\/div>\n<\/div>\n\n\r\n    <\/div>\r\n<\/section>\n\n<section id=\"ls-section-block_aaf82286789674d1ec717ce912a96f35\" class=\"ls-section  section-parallax has-parallax has-background has-color-4-background-color has-p-t p-t-14 has-p-b p-b-14\" >\r\n        <div class=\"container container--wide\">\r\n        \n\n<h2 class=\"ls__heading wp-block-heading has-text-align-center\">Ofertes i descomptes al nostre c\u00e0mping ADAC a la vora del mar Mediterrani<\/h2>\n\n\n\n<p class=\"ls-paragraph has-text-align-center\">Tens una <strong>targeta ADAC<\/strong> ? La teva targeta \u00e9s la teva porta d&#8217;entrada a moltes <strong>ofertes especials<\/strong> . Amb la presentaci\u00f3 del carnet a l&#8217;arribada al <a href=\"https:\/\/www.camping-le-calagogo.fr\/ca\/camping-argeles-sur-mer\/economic-camping-argeles-sur-mer\/\" data-type=\"page\" data-id=\"102\">c\u00e0mping econ\u00f2mic Argel\u00e8s<\/a> , podr\u00e0s instal\u00b7lar la teva tenda de campanya, aparcar la teva <strong>caravana o autocaravana<\/strong> i accedir gratu\u00eftament a totes les nostres instal\u00b7lacions, inclosa la nostra zona aqu\u00e0tica amb les seves piscines.<\/p>\n\n\n\n<p class=\"ls-paragraph has-text-align-center\">Fes-te membre de  <strong>C\u00e0mpings ADAC<\/strong>, vol dir fer un estalvi lluny\u00e0 de ser insignificant en cada viatge d&#8217;acampada i oferir-te  <a href=\"https:\/\/www.camping-le-calagogo.fr\/ca\/barat-camping-llenguadoc-rossello\/\" data-type=\"page\" data-id=\"2178\">vacances excepcionals de baix cost<\/a>  a la vora del Mediterrani, l&#8217;oce\u00e0 Atl\u00e0ntic, a la Costa Blava o a les muntanyes de Fran\u00e7a i de l&#8217;estranger, en m\u00e9s de 2.000 hotels a l&#8217;aire lliure associats.<\/p>\n\n\n\n<p class=\"ls-paragraph has-text-align-center\">A m\u00e9s, la targeta ADAC ofereix altres avantatges com ara <strong>una asseguran\u00e7a econ\u00f2mica o bonificacions<\/strong> . Cala Gogo tamb\u00e9 \u00e9s un <a href=\"https:\/\/www.camping-le-calagogo.fr\/ca\/camping-anwb-saint-cyprien\/\" data-type=\"page\" data-id=\"126\">c\u00e0mping ANWB<\/a> .<\/p>\n\n\r\n    <\/div>\r\n<\/section>\n\n<section id=\"ls-section-block_782232d3faf0494abd13e0d9b53c4c70\" class=\"ls-section  page-maillage has-p-b p-b-14\" >\r\n        <div class=\"container container--wide\">\r\n        \n\n<div id=\"ls-heading ls-titre-div-block_0854c70525794933424b4feb50be2e4c\" class=\"ls-titre-div m-left h2-like\" >\n    Lloguers i serveis<\/br> al c\u00e0mping<\/div>\n\n\n<div id=\"ls-maillage-block_a22db9f89ffb4f0497bce3c890653534\" class=\"ls-maillage cta-style-normal\" data-rows=\"3\">\n    <div class=\"wp-block-columns  \"><div class=\"wp-block-column\"><div id=\"destinations\" class=\"ls-cta\">\n\n<a href=\"https:\/\/www.camping-le-calagogo.fr\/ca\/camping-serveis-pirineus-orientals\/\" target=\"\" rel=\"noopener\" class=\"ls-cta__link\">\n\n\t<div class=\"ls-cta__image\"><img decoding=\"async\" src=\"https:\/\/www.camping-le-calagogo.fr\/wp-content\/uploads\/2023\/12\/epicerie-languedoc.webp\" alt=\"\"><\/div>\n\t<div class=\"ls-cta__title\">\n\t\tServeis i empreses\t<\/div>\n\t\n\t\t\n<\/a><\/div><\/div><div class=\"wp-block-column\"><div id=\"destinations\" class=\"ls-cta\">\n\n<a href=\"https:\/\/www.camping-le-calagogo.fr\/ca\/camping-argeles-sur-mer\/lloguer-mobil-home-argeles\/\" target=\"\" rel=\"noopener\" class=\"ls-cta__link\">\n\n\t<div class=\"ls-cta__image\"><img decoding=\"async\" src=\"https:\/\/www.camping-le-calagogo.fr\/wp-content\/uploads\/2023\/12\/camping-cala-gogo-a-saint-cyprien-avec-mobil-homes_resultat.webp\" alt=\"location mobil home\"><\/div>\n\t<div class=\"ls-cta__title\">\n\t\tCases m\u00f2bils\t<\/div>\n\t\n\t\t\n<\/a><\/div><\/div><div class=\"wp-block-column\"><div id=\"destinations\" class=\"ls-cta\">\n\n<a href=\"https:\/\/www.camping-le-calagogo.fr\/ca\/parcelles-caravaning-saint-cyprien\/\" target=\"\" rel=\"noopener\" class=\"ls-cta__link\">\n\n\t<div class=\"ls-cta__image\"><img decoding=\"async\" src=\"https:\/\/www.camping-le-calagogo.fr\/wp-content\/uploads\/2023\/12\/location-emplacement-languedoc-rousillon.webp\" alt=\"\"><\/div>\n\t<div class=\"ls-cta__title\">\n\t\tUbicacions\t<\/div>\n\t\n\t\t\n<\/a><\/div><\/div><\/div><\/div>\n\r\n    <\/div>\r\n<\/section>","protected":false},"excerpt":{"rendered":"","protected":false},"author":1,"featured_media":2630080,"parent":0,"menu_order":0,"comment_status":"closed","ping_status":"closed","template":"","meta":{"_acf_changed":false,"_seopress_robots_primary_cat":"","_seopress_titles_title":"Camping Adac vora mar Pirineus Orientals | Adac campercard","_seopress_titles_desc":"Aprofita la teva targeta Adac a Cala Gogo i aconsegueix descomptes en les teves properes vacances de c\u00e0mping al costat del mar als Pirineus Orientals","_seopress_robots_index":"","inline_featured_image":false,"footnotes":""},"sujet":[],"class_list":["post-2708536","page","type-page","status-publish","has-post-thumbnail","hentry"],"acf":[],"_links":{"self":[{"href":"https:\/\/www.camping-le-calagogo.fr\/ca\/wp-json\/wp\/v2\/pages\/2708536","targetHints":{"allow":["GET"]}}],"collection":[{"href":"https:\/\/www.camping-le-calagogo.fr\/ca\/wp-json\/wp\/v2\/pages"}],"about":[{"href":"https:\/\/www.camping-le-calagogo.fr\/ca\/wp-json\/wp\/v2\/types\/page"}],"author":[{"embeddable":true,"href":"https:\/\/www.camping-le-calagogo.fr\/ca\/wp-json\/wp\/v2\/users\/1"}],"replies":[{"embeddable":true,"href":"https:\/\/www.camping-le-calagogo.fr\/ca\/wp-json\/wp\/v2\/comments?post=2708536"}],"version-history":[{"count":10,"href":"https:\/\/www.camping-le-calagogo.fr\/ca\/wp-json\/wp\/v2\/pages\/2708536\/revisions"}],"predecessor-version":[{"id":2845822,"href":"https:\/\/www.camping-le-calagogo.fr\/ca\/wp-json\/wp\/v2\/pages\/2708536\/revisions\/2845822"}],"wp:featuredmedia":[{"embeddable":true,"href":"https:\/\/www.camping-le-calagogo.fr\/ca\/wp-json\/wp\/v2\/media\/2630080"}],"wp:attachment":[{"href":"https:\/\/www.camping-le-calagogo.fr\/ca\/wp-json\/wp\/v2\/media?parent=2708536"}],"wp:term":[{"taxonomy":"sujet","embeddable":true,"href":"https:\/\/www.camping-le-calagogo.fr\/ca\/wp-json\/wp\/v2\/sujet?post=2708536"}],"curies":[{"name":"wp","href":"https:\/\/api.w.org\/{rel}","templated":true}]}}