{"id":2708539,"date":"2023-10-18T09:48:04","date_gmt":"2023-10-18T07:48:04","guid":{"rendered":"https:\/\/www.camping-le-calagogo.fr\/contacte-acces\/"},"modified":"2024-10-02T16:50:54","modified_gmt":"2024-10-02T14:50:54","slug":"contacte-i-acces","status":"publish","type":"page","link":"https:\/\/www.camping-le-calagogo.fr\/ca\/contacte-i-acces\/","title":{"rendered":"Contacte i acc\u00e9s"},"content":{"rendered":"<section id=\"ls-section-block_593ca1effae1c0dcf1ae6bb0df788649\" class=\"ls-section  page-chapeau deco has-m-b m-b-4 has-p-b p-b-4\" >\r\n        <div class=\"container \">\r\n        \n\n<h1 class=\"ls__heading wp-block-heading has-text-align-center\">Com arribar a Saint Cyprien?<\/h1>\n\n\r\n    <\/div>\r\n<\/section><section id=\"ls-section-block_d69193aced9ba97811f6203dc24334d4\" class=\"ls-section \" >\r\n        <div class=\"container container--wide\">\r\n        \n\n<div class=\"wp-block-columns is-layout-flex wp-container-core-columns-is-layout-9d6595d7 wp-block-columns-is-layout-flex\">\n<div class=\"wp-block-column is-layout-flow wp-block-column-is-layout-flow\">\n<h2 class=\"ls__heading wp-block-heading\">Com contactar amb el c\u00e0mping?<\/h2>\n\n\n\n<p class=\"ls-paragraph\">El pagament de la fian\u00e7a o de la totalitat de l&#8217;estada tamb\u00e9 es pot fer <strong>directament en l\u00ednia.<\/strong><\/p>\n\n\n\n<p class=\"ls-paragraph\">No obstant aix\u00f2, el nostre equip de recepci\u00f3 us pot ajudar amb la vostra reserva si ho desitja: poseu-vos en contacte amb nosaltres per tel\u00e8fon al 04 68 21 07 12.<\/p>\n\n\n\n<p class=\"ls-paragraph\">La recepci\u00f3 est\u00e0 oberta tots els dies de 9:00 a 18:00 en per\u00edodes tancats.<\/p>\n\n\n\n<p class=\"ls-paragraph\">En temporada, la recepci\u00f3 obre cada dia de 8:00 a 20:00 i fins a les 21:00 els mesos de juliol i agost.  <\/p>\n\n\n\n<p class=\"ls-paragraph\">Tota la correspond\u00e8ncia en paper s&#8217;ha d&#8217;adre\u00e7ar a <a href=\"https:\/\/www.camping-le-calagogo.fr\/ca\/\" data-type=\"page\" data-id=\"9\">CAMPING CALA GOGO a Saint Cyprien<\/a> , 04 avenue Armand-Lanoux, Les Capellans, 66750 Saint-Cyprien.<\/p>\n\n\n\n<p class=\"ls-paragraph\">Aix\u00ed que no dubteu a posar-vos en contacte amb nosaltres abans de la vostra reserva o sobre els nostres serveis, el nostre equip estar\u00e0 all\u00e0 per respondre-vos de la millor manera possible.<\/p>\n<\/div>\n\n\n\n<div class=\"wp-block-column is-layout-flow wp-block-column-is-layout-flow\">\n<div class=\"wp-block-contact-form-7-contact-form-selector\">\n<div class=\"wpcf7 no-js\" id=\"wpcf7-f2708712-o1\" lang=\"ca\" dir=\"ltr\" data-wpcf7-id=\"2708712\">\n<div class=\"screen-reader-response\"><p role=\"status\" aria-live=\"polite\" aria-atomic=\"true\"><\/p> <ul><\/ul><\/div>\n<form action=\"\/ca\/wp-json\/wp\/v2\/pages\/2708539#wpcf7-f2708712-o1\" method=\"post\" class=\"wpcf7-form init\" aria-label=\"Formulari de contacte\" novalidate=\"novalidate\" data-status=\"init\">\n<fieldset class=\"hidden-fields-container\"><input type=\"hidden\" name=\"_wpcf7\" value=\"2708712\" \/><input type=\"hidden\" name=\"_wpcf7_version\" value=\"6.1.4\" \/><input type=\"hidden\" name=\"_wpcf7_locale\" value=\"ca\" \/><input type=\"hidden\" name=\"_wpcf7_unit_tag\" value=\"wpcf7-f2708712-o1\" \/><input type=\"hidden\" name=\"_wpcf7_container_post\" value=\"0\" \/><input type=\"hidden\" name=\"_wpcf7_posted_data_hash\" value=\"\" \/><input type=\"hidden\" name=\"_wpcf7_recaptcha_response\" value=\"\" \/>\n<\/fieldset>\n<p><label> El teu nom<br \/>\n<span class=\"wpcf7-form-control-wrap\" data-name=\"your-name\"><input size=\"40\" maxlength=\"400\" class=\"wpcf7-form-control wpcf7-text wpcf7-validates-as-required\" autocomplete=\"name\" aria-required=\"true\" aria-invalid=\"false\" value=\"\" type=\"text\" name=\"your-name\" \/><\/span> <\/label>\n<\/p>\n<p><label> El teu email<br \/>\n<span class=\"wpcf7-form-control-wrap\" data-name=\"your-email\"><input size=\"40\" maxlength=\"400\" class=\"wpcf7-form-control wpcf7-email wpcf7-validates-as-required wpcf7-text wpcf7-validates-as-email\" autocomplete=\"email\" aria-required=\"true\" aria-invalid=\"false\" value=\"\" type=\"email\" name=\"your-email\" \/><\/span> <\/label>\n<\/p>\n<p><label> Objecte<br \/>\n<span class=\"wpcf7-form-control-wrap\" data-name=\"your-subject\"><input size=\"40\" maxlength=\"400\" class=\"wpcf7-form-control wpcf7-text wpcf7-validates-as-required\" aria-required=\"true\" aria-invalid=\"false\" value=\"\" type=\"text\" name=\"your-subject\" \/><\/span> <\/label>\n<\/p>\n<p><label> El teu missatge (opcional)<br \/>\n<span class=\"wpcf7-form-control-wrap\" data-name=\"your-message\"><textarea cols=\"40\" rows=\"10\" maxlength=\"2000\" class=\"wpcf7-form-control wpcf7-textarea\" aria-invalid=\"false\" name=\"your-message\"><\/textarea><\/span> <\/label>\n<\/p>\n<p><span class=\"wpcf7-form-control-wrap\" data-name=\"acceptance-553\"><span class=\"wpcf7-form-control wpcf7-acceptance\"><span class=\"wpcf7-list-item\"><label><input type=\"checkbox\" name=\"acceptance-553\" value=\"1\" aria-invalid=\"false\" \/><span class=\"wpcf7-list-item-label\">En marcar aquesta casella, accepto la <a href=\"\/ca\/politica-de-privacitat\/\" rel=\"nofollow\" target=\"_blank\">Pol\u00edtica de privadesa<\/a> d'aquest lloc.<\/span><\/label><\/span><\/span><\/span>\n<\/p>\n<p><input class=\"wpcf7-form-control wpcf7-submit has-spinner\" type=\"submit\" value=\"Enviar\" \/>\n<\/p><input type='hidden' class='wpcf7-pum' value='{\"closepopup\":false,\"closedelay\":0,\"openpopup\":false,\"openpopup_id\":0}' \/><div class=\"wpcf7-response-output\" aria-hidden=\"true\"><\/div>\n<\/form>\n<\/div>\n<\/div>\n<\/div>\n<\/div>\n\n\r\n    <\/div>\r\n<\/section><section id=\"ls-section-block_018d47a09f5525613f89b836dfafebaa\" class=\"ls-section \" >\r\n        <div class=\"container container--full\">\r\n        \n\n<div class=\"wp-block-columns is-layout-flex wp-container-core-columns-is-layout-9d6595d7 wp-block-columns-is-layout-flex\">\n<div class=\"wp-block-column is-layout-flow wp-block-column-is-layout-flow\">\n<iframe src=\"https:\/\/www.google.com\/maps\/embed?pb=!1m14!1m8!1m3!1d565511.3241454295!2d2.8644532052189557!3d42.544895675522525!3m2!1i1024!2i768!4f13.1!3m3!1m2!1s0x12b07c232d050435%3A0xcb342de2280a2e20!2sCamping%20Cala%20Gogo!5e0!3m2!1sfr!2sar!4v1702064761791!5m2!1sfr!2sar\" width=\"100%\" height=\"450\" style=\"border:0;\" allowfullscreen=\"\" loading=\"lazy\" referrerpolicy=\"no-referrer-when-downgrade\"><\/iframe>\n<\/div>\n\n\n\n<div class=\"wp-block-column is-layout-flow wp-block-column-is-layout-flow\">\n<h2 class=\"ls__heading wp-block-heading\">Necessites informaci\u00f3<\/h2>\n\n\n\n<p class=\"ls-paragraph\">El nostre equip est\u00e0 a la vostra disposici\u00f3 per a qualsevol <strong>sol\u00b7licitud d&#8217;informaci\u00f3<\/strong> sobre els nostres allotjaments i ubicacions, els nostres serveis o les nostres activitats.<\/p>\n\n\n\n<p class=\"ls-paragraph\">No dubteu a utilitzar el <strong>formulari de contacte en l\u00ednia<\/strong> per enviar la vostra sol\u00b7licitud: introdu\u00efu el vostre nom i cognoms, la vostra adre\u00e7a de correu electr\u00f2nic i escriviu la vostra sol\u00b7licitud abans de fer clic al bot\u00f3 &#8220;enviar&#8221;.<br\/>Rebr\u00e0s una resposta per correu electr\u00f2nic tan aviat com sigui possible. Les reserves es poden fer <strong>de manera molt senzilla<\/strong> en l\u00ednia al nostre lloc: nom\u00e9s cal que introdu\u00efu les vostres dates d&#8217;estada, el nombre de turistes en q\u00fcesti\u00f3 i el tipus d&#8217;allotjament desitjat, i despr\u00e9s seleccioneu entre les nostres propostes i preus la f\u00f3rmula que m\u00e9s us convingui.<\/p>\n<\/div>\n<\/div>\n\n\r\n    <\/div>\r\n<\/section><section id=\"ls-section-block_bd71ea9351f4720bb615a975946682af\" class=\"ls-section \" >\r\n        <div class=\"container \">\r\n        \n\n<h2 class=\"ls__heading wp-block-heading has-text-align-center\">Com arribar al c\u00e0mping?<\/h2>\n\n\n\n<p class=\"ls-paragraph\">En aquesta p\u00e0gina us mostrem la ruta per arribar al <strong>c\u00e0mping Cala Gogo de Saint-Cyprien al Llenguadoc-Rossell\u00f3<\/strong> . El c\u00e0mping \u00e9s <strong>de f\u00e0cil acc\u00e9s<\/strong> , sigui quin sigui el mitj\u00e0 de transport.<\/p>\n\n\n\n<p class=\"ls-paragraph\">Veur\u00e0s que mai ha estat tan f\u00e0cil visitar el teu c\u00e0mping per a <strong>les teves properes vacances amb amics o familiars<\/strong> al sud-est de Fran\u00e7a, a <strong>la costa mediterr\u00e0nia<\/strong> .<\/p>\n\n\n\n<p class=\"ls-paragraph\">Per preparar millor les teves properes vacances al <strong>c\u00e0mping 5 estrelles Cala Gogo<\/strong> , hem preparat amb cura la ruta per visitar el nostre establiment. Nom\u00e9s has de <strong>reservar el teu allotjament<\/strong> per a la teva estada amb els amics o la fam\u00edlia, aix\u00ed que no esperis m\u00e9s!<\/p>\n\n\n\n<p class=\"ls-paragraph\">Tant si vas amb <strong>cotxe, avi\u00f3, tren o d&#8217;una altra manera,<\/strong> veur\u00e0s que el nostre c\u00e0mping t\u00e9 una ubicaci\u00f3 ideal per als turistes. R\u00e0pidament us conquistar\u00e0 la benvinguda que us reservem despr\u00e9s del vostre viatge.<\/p>\n\n\n\n<p class=\"ls-paragraph\">El nostre equip estar\u00e0 all\u00e0 per guiar-te, donar-te suport tan bon punt arribis al<strong>  C\u00e0mping 5 estrelles a Saint-Cyprien. Troba&#8217;ns a recepci\u00f3<\/strong>, tindrem el plaer de portar-vos a la vostra casa m\u00f2bil o parcel\u00b7la de c\u00e0mping-caravaning. Aix\u00ed doncs, us desitgem un bon viatge al c\u00e0mping Cala-Gogo a Saint-Cyprien!<\/p>\n\n\n\n<p class=\"ls-paragraph\"><strong>EN COTXE :<\/strong><\/p>\n\n\n\n<p class=\"ls-paragraph\">Calcula la teva ruta fins al c\u00e0mping Saint Cyprien Le Cala-Gogo .<\/p>\n\n\n\n<p class=\"ls-paragraph\"><a href=\"https:\/\/www.google.com\/maps\/dir\/\/Camping+cala+gogo\/data=!4m6!4m5!1m1!4e2!1m2!1m1!1s0x12b07c232d050435:0xcb342de2280a2e20?sa=X&amp;ved=2ahUKEwiz4NSC3OfmAhWKAWMBHc1LC5EQ9RcweHoECGkQDg\">Calcula la meva ruta<\/a><\/p>\n\n\n\n<p class=\"ls-paragraph\"><strong>LLOGUER DE COTXES :<\/strong><\/p>\n\n\n\n<p class=\"ls-paragraph\">Reserva el teu cotxe amb Avis per a la teva arribada a <a href=\"https:\/\/www.aeroport-perpignan.com\/\">l&#8217;aeroport de Sud de France Perpiny\u00e0.<\/a><\/p>\n\n\n\n<p class=\"ls-paragraph\"><a href=\"https:\/\/www.avis.fr\/\">Avis.fr<\/a> :<\/p>\n\n\n\n<ul class=\"ls-list wp-block-list\">\n\n<li><strong>Aeroport: 04 68 61 58 97<\/strong><\/li>\n\n\n<li><strong>Perpiny\u00e0: 04 68 34 26 71<\/strong><\/li>\n\n<\/ul>\n\n\n\n<p class=\"ls-paragraph\"><strong>AMB TREN :<\/strong><\/p>\n\n\n\n<ul class=\"ls-list wp-block-list\">\n\n<li><strong>Estaci\u00f3 SNCF d&#8217;Elne<\/strong> (8 km)<\/li>\n\n\n<li><strong>Estaci\u00f3 SNCF de la l\u00ednia principal de Perpiny\u00e0<\/strong> (25 km)<\/li>\n\n<\/ul>\n\n\n\n<p class=\"ls-paragraph\"><strong>AMB AVI\u00d3 :<\/strong><\/p>\n\n\n\n<ul class=\"ls-list wp-block-list\">\n\n<li><a href=\"https:\/\/www.aeroport-perpignan.com\/\">Aeroport de Perpiny\u00e0 (33 km)<\/a> : Nombroses l\u00ednies d&#8217;arribada\/sortida des de Perpiny\u00e0 com Londres Stansted, Southampton, Dubl\u00edn, Brussel\u00b7les Charleroi, Frankfurt del Main, Nantes, Par\u00eds&#8230;<\/li>\n\n\n<li>Aeroport de Carcassona (150 km)<\/li>\n\n\n<li>Aeroport de Girona Espanya (105 Km)<\/li>\n\n<\/ul>\n\n\n\n<p class=\"ls-paragraph\"><strong>EN TAXI:<\/strong> A l&#8217;arribada a l&#8217;aeroport de Perpiny\u00e0:<\/p>\n\n\n\n<p class=\"ls-paragraph\">Empresa de taxis: <strong>Taxi Axurit: Tel 06 43 97 05 53<\/strong><\/p>\n\n\r\n    <\/div>\r\n<\/section>","protected":false},"excerpt":{"rendered":"","protected":false},"author":1,"featured_media":0,"parent":0,"menu_order":0,"comment_status":"closed","ping_status":"closed","template":"","meta":{"_acf_changed":false,"_seopress_robots_primary_cat":"","_seopress_titles_title":"Com arribar a Saint Cyprien | Ruta i mapa Saint-Cyprien","_seopress_titles_desc":"","_seopress_robots_index":"","inline_featured_image":false,"footnotes":""},"sujet":[],"class_list":["post-2708539","page","type-page","status-publish","hentry"],"acf":[],"_links":{"self":[{"href":"https:\/\/www.camping-le-calagogo.fr\/ca\/wp-json\/wp\/v2\/pages\/2708539","targetHints":{"allow":["GET"]}}],"collection":[{"href":"https:\/\/www.camping-le-calagogo.fr\/ca\/wp-json\/wp\/v2\/pages"}],"about":[{"href":"https:\/\/www.camping-le-calagogo.fr\/ca\/wp-json\/wp\/v2\/types\/page"}],"author":[{"embeddable":true,"href":"https:\/\/www.camping-le-calagogo.fr\/ca\/wp-json\/wp\/v2\/users\/1"}],"replies":[{"embeddable":true,"href":"https:\/\/www.camping-le-calagogo.fr\/ca\/wp-json\/wp\/v2\/comments?post=2708539"}],"version-history":[{"count":5,"href":"https:\/\/www.camping-le-calagogo.fr\/ca\/wp-json\/wp\/v2\/pages\/2708539\/revisions"}],"predecessor-version":[{"id":2845939,"href":"https:\/\/www.camping-le-calagogo.fr\/ca\/wp-json\/wp\/v2\/pages\/2708539\/revisions\/2845939"}],"wp:attachment":[{"href":"https:\/\/www.camping-le-calagogo.fr\/ca\/wp-json\/wp\/v2\/media?parent=2708539"}],"wp:term":[{"taxonomy":"sujet","embeddable":true,"href":"https:\/\/www.camping-le-calagogo.fr\/ca\/wp-json\/wp\/v2\/sujet?post=2708539"}],"curies":[{"name":"wp","href":"https:\/\/api.w.org\/{rel}","templated":true}]}}