{"id":2708557,"date":"2023-10-18T09:47:40","date_gmt":"2023-10-18T07:47:40","guid":{"rendered":"https:\/\/www.camping-le-calagogo.fr\/turisme-pirineu-oriental\/"},"modified":"2024-03-21T08:59:55","modified_gmt":"2024-03-21T07:59:55","slug":"turisme-pirineu-oriental","status":"publish","type":"page","link":"https:\/\/www.camping-le-calagogo.fr\/ca\/turisme-pirineu-oriental\/","title":{"rendered":"Pobles del voltant"},"content":{"rendered":"<section id=\"ls-section-block_b46ba71bc05a0eee2a9eb0008ea32cd1\" class=\"ls-section  page-chapeau has-p-b p-b-4\" >\r\n        <div class=\"container \">\r\n        \n\n<h1 class=\"ls__heading wp-block-heading has-text-align-center deco\">Turisme a <br\/><strong>els Pirineus Orientals<\/strong><\/h1>\n\n\r\n    <\/div>\r\n<\/section><section id=\"ls-section-block_077666cd6d215576579d4228f502de61\" class=\"ls-section  page-one has-p-t p-t-0 has-p-b p-b-14\" >\r\n        <div class=\"container container--wide\">\r\n        \n\n<div class=\"wp-block-columns is-layout-flex wp-container-core-columns-is-layout-9d6595d7 wp-block-columns-is-layout-flex\">\n<div class=\"wp-block-column is-vertically-aligned-center first is-layout-flow wp-block-column-is-layout-flow\" style=\"flex-basis:66.7%\">\n<figure class=\"wp-block-image size-full\"><img decoding=\"async\" width=\"1920\" height=\"1152\" src=\"https:\/\/www.camping-le-calagogo.fr\/wp-content\/uploads\/2023\/12\/tourisme-pyrenees-orientales.webp\" alt=\"turisme dels Pirineus orientals\" class=\"wp-image-2629600\" srcset=\"https:\/\/www.camping-le-calagogo.fr\/wp-content\/uploads\/2023\/12\/tourisme-pyrenees-orientales.webp 1920w, https:\/\/www.camping-le-calagogo.fr\/wp-content\/uploads\/2023\/12\/tourisme-pyrenees-orientales-300x180.webp 300w, https:\/\/www.camping-le-calagogo.fr\/wp-content\/uploads\/2023\/12\/tourisme-pyrenees-orientales-1024x614.webp 1024w, https:\/\/www.camping-le-calagogo.fr\/wp-content\/uploads\/2023\/12\/tourisme-pyrenees-orientales-768x461.webp 768w, https:\/\/www.camping-le-calagogo.fr\/wp-content\/uploads\/2023\/12\/tourisme-pyrenees-orientales-1536x922.webp 1536w\" sizes=\"(max-width: 1920px) 100vw, 1920px\" \/><\/figure>\n<\/div>\n\n\n\n<div class=\"wp-block-column is-vertically-aligned-center second is-layout-flow wp-block-column-is-layout-flow\" style=\"flex-basis:33.3%\">\n<h2 class=\"ls__heading wp-block-heading\">Pirineu Oriental: destinaci\u00f3 tur\u00edstica ideal<\/h2>\n\n\n\n<p class=\"ls-paragraph\">Situat al sud de Fran\u00e7a, el <a href=\"https:\/\/www.tourisme-pyreneesorientales.com\/\" target=\"_blank\" rel=\"noreferrer noopener\">departament dels Pirineus Orientals<\/a> \u00e9s un lloc polifac\u00e8tic impregnat de <strong>la cultura catalana<\/strong> , que ofereix una barreja \u00fanica de mar i muntanya, aix\u00ed com <strong>un ric patrimoni hist\u00f2ric<\/strong> , que inclou antics reductes dels templers i possessions temporals de els reis de Mallorca.  <\/p>\n\n\n\n<p class=\"ls-paragraph\">Els visitants poden descobrir <strong>una gran varietat de paratges naturals excepcionals<\/strong> , animades estacions de platja, pobles aut\u00e8ntics que conserven les seves tradicions ancestrals, aix\u00ed com <strong>un patrimoni arquitect\u00f2nic sublim<\/strong> .<\/p>\n<\/div>\n<\/div>\n\n\r\n    <\/div>\r\n<\/section><section id=\"ls-section-block_a00f1b2529a0d22dada94063828e3d5c\" class=\"ls-section  page-two mosaique has-background has-color-4-background-color has-p-t p-t-14 has-p-b p-b-14\" >\r\n        <div class=\"container container--wide\">\r\n        \n\n<div class=\"wp-block-columns is-layout-flex wp-container-core-columns-is-layout-9d6595d7 wp-block-columns-is-layout-flex\">\n<div class=\"wp-block-column is-vertically-aligned-center is-layout-flow wp-block-column-is-layout-flow\">\n<p class=\"ls-paragraph\">A prop de  <strong>frontera espanyola<\/strong>, el departament ofereix multitud de possibilitats per  <strong>oci i activitats<\/strong>, com ara esports aqu\u00e0tics i aqu\u00e0tics, visites culturals, excursions, rutes en BTT, moments de relax, oci urb\u00e0,  <strong>descobriments hist\u00f2rics<\/strong>, demostracions folkl\u00f2riques, i com no, degustaci\u00f3 de productes locals.<\/p>\n\n\n\n<p class=\"ls-paragraph\"><a href=\"https:\/\/www.camping-le-calagogo.fr\/ca\/\" data-type=\"page\" data-id=\"9\">Acampar a Saint-Cyprien-Plage<\/a> \u00e9s una excel\u00b7lent manera de gaudir dels beneficis del mar i descobrir tot el que ofereix el departament.<\/p>\n<\/div>\n\n\n\n<div class=\"wp-block-column is-vertically-aligned-center is-layout-flow wp-block-column-is-layout-flow\">\n<figure class=\"wp-block-image size-full\"><img decoding=\"async\" width=\"2560\" height=\"1536\" src=\"https:\/\/www.camping-le-calagogo.fr\/wp-content\/uploads\/2023\/12\/marches-pyrenees-orientales-scaled.webp\" alt=\"marxes dels Pirineus orientals\" class=\"wp-image-2629584\" srcset=\"https:\/\/www.camping-le-calagogo.fr\/wp-content\/uploads\/2023\/12\/marches-pyrenees-orientales-scaled.webp 2560w, https:\/\/www.camping-le-calagogo.fr\/wp-content\/uploads\/2023\/12\/marches-pyrenees-orientales-300x180.webp 300w, https:\/\/www.camping-le-calagogo.fr\/wp-content\/uploads\/2023\/12\/marches-pyrenees-orientales-1024x614.webp 1024w, https:\/\/www.camping-le-calagogo.fr\/wp-content\/uploads\/2023\/12\/marches-pyrenees-orientales-768x461.webp 768w, https:\/\/www.camping-le-calagogo.fr\/wp-content\/uploads\/2023\/12\/marches-pyrenees-orientales-1536x921.webp 1536w, https:\/\/www.camping-le-calagogo.fr\/wp-content\/uploads\/2023\/12\/marches-pyrenees-orientales-2048x1228.webp 2048w\" sizes=\"(max-width: 2560px) 100vw, 2560px\" \/><\/figure>\n<\/div>\n<\/div>\n\n\r\n    <\/div>\r\n<\/section><section id=\"ls-section-block_9e7275e9c247f0be02f8f9e8f00683b0\" class=\"ls-section  section-parallax has-background-image has-parallax has-background has-color-black-background-color has-p-t p-t-30 has-p-b p-b-0\" >\r\n    <div class=\"ls-section__background-image opacity-58\"><img decoding=\"async\" src=\"https:\/\/www.camping-le-calagogo.fr\/wp-content\/uploads\/2023\/12\/sport-nautique-pyrenees-orientales-scaled.webp\" alt=\"\"><\/div>    <div class=\"container container--wide\">\r\n        \n\n<div class=\"wp-block-columns has-color-white-background-color has-background is-layout-flex wp-container-core-columns-is-layout-9d6595d7 wp-block-columns-is-layout-flex\">\n<div class=\"wp-block-column is-layout-flow wp-block-column-is-layout-flow\">\n<h2 class=\"ls__heading wp-block-heading has-text-align-center\">Qu\u00e8 fer als Pirineus Orientals: Esports i entreteniment<\/h2>\n\n\n\n<p class=\"ls-paragraph has-text-align-center\">A la costa oa l&#8217;interior, el <strong>pa\u00eds catal\u00e0<\/strong> ofereix una gran varietat d&#8217; <strong>activitats d&#8217;oci als seus visitants<\/strong> . L&#8217;assolellament de la regi\u00f3, per descomptat, la fa ideal per a <strong>activitats d&#8217;oci aqu\u00e0tiques i n\u00e0utiques:<\/strong> la costa catalana est\u00e0 marcada per famosos centres balnearis com <a href=\"https:\/\/www.camping-le-calagogo.fr\/ca\/camping-argeles-sur-mer\/\" data-type=\"page\" data-id=\"2272\">Argel\u00e8s-sur-Mer<\/a> , Saint-Cyprien, Sainte Marie de la Mer, Port Vendres, <a href=\"https:\/\/www.camping-le-calagogo.fr\/ca\/actu-camping-saint-cyprien\/lo-que-no-te-puedes-perder-en-banyuls-sur-mer\/\" data-type=\"post\" data-id=\"2707361\">Banyuls-sur- Mer<\/a> , o <a href=\"https:\/\/www.camping-le-calagogo.fr\/ca\/camping-port-barcares\/\" data-type=\"page\" data-id=\"2144\">Port-Barcar\u00e8s<\/a> . Lloguer d&#8217;embarcacions, pesca al mar, submarinisme, snorkel, vela, moto d&#8217;aigua, wakeboard, caiac o fins i tot boies remolcades, la llista d&#8217;activitats per fer al costat <strong>del mar \u00e9s llarga<\/strong> !<\/p>\n\n\n\n<p class=\"ls-paragraph has-text-align-center\">Ideal per a <strong>fam\u00edlies<\/strong> , el viatge per mar es pot fer en un vaixell de fons de vidre per <strong>descobrir la riquesa de les aig\u00fces costaneres<\/strong> i les platges de sorra fina. Molts clubs de platja ofereixen activitats intergeneracionals com el p\u00e0del o la iniciaci\u00f3 a la vela, per\u00f2 tamb\u00e9 activitats d&#8217;oci emocionants com el parasailing i les boies remolcades.<\/p>\n\n\n\n<p class=\"ls-paragraph has-text-align-center\"><strong>Els amants de l&#8217;snorkel<\/strong> poden agafar el sender submar\u00ed marcat de Cerb\u00e8re-Banyuls.<\/p>\n\n\n\n<p class=\"ls-paragraph has-text-align-center addReadMore showlesscontent [08:23]\">El 66 tamb\u00e9 \u00e9s un departament que es <strong>descobreix f\u00e0cilment amb bicicleta<\/strong> : la V\u00e9littorale i la V\u00e9loroute a la regi\u00f3 de Pyr\u00e9n\u00e9es M\u00e9diterran\u00e9e permeten, respectivament, <strong>descobrir la costa i l&#8217;interior<\/strong> .<\/p>\n\n\n\n<p class=\"ls-paragraph has-text-align-center\">Tamb\u00e9 recorren la regi\u00f3 nombroses rutes de BTT, sobretot el mass\u00eds de les Alb\u00e8res i el Pic du Canigou, aix\u00ed com nombrosos parcs naturals regionals de la regi\u00f3 d&#8217;Occit\u00e0nia. Durant la teva <strong>estada als Pirineus Orientals<\/strong> , finalment gaudir\u00e0s de nombroses activitats: mercats locals i mercats nocturns, festes majors com Les D\u00e9ferlantes d&#8217;Argel\u00e8s, o fins i tot festes t\u00edpiques catalanes. Descobriu tamb\u00e9 els nombrosos edificis de Catalunya catalogats com a Patrimoni de la Humanitat per la UNESCO al llarg de la costa mediterr\u00e0nia.<\/p>\n<\/div>\n<\/div>\n\n\r\n    <\/div>\r\n<\/section><section id=\"ls-section-block_d0edefc56b76bc66e0ec4689a1e03d3b\" class=\"ls-section  page-one has-p-b p-b-14\" >\r\n        <div class=\"container container--wide\">\r\n        \n\n<div class=\"wp-block-columns is-layout-flex wp-container-core-columns-is-layout-9d6595d7 wp-block-columns-is-layout-flex\">\n<div class=\"wp-block-column is-vertically-aligned-center first is-layout-flow wp-block-column-is-layout-flow\" style=\"flex-basis:66.7%\">\n<figure class=\"wp-block-image size-full\"><img decoding=\"async\" width=\"2560\" height=\"1536\" src=\"https:\/\/www.camping-le-calagogo.fr\/wp-content\/uploads\/2023\/12\/decouvrir-pyrenees-orientales-scaled.webp\" alt=\"descobrir els Pirineus orientals\" class=\"wp-image-2629570\" srcset=\"https:\/\/www.camping-le-calagogo.fr\/wp-content\/uploads\/2023\/12\/decouvrir-pyrenees-orientales-scaled.webp 2560w, https:\/\/www.camping-le-calagogo.fr\/wp-content\/uploads\/2023\/12\/decouvrir-pyrenees-orientales-300x180.webp 300w, https:\/\/www.camping-le-calagogo.fr\/wp-content\/uploads\/2023\/12\/decouvrir-pyrenees-orientales-1024x614.webp 1024w, https:\/\/www.camping-le-calagogo.fr\/wp-content\/uploads\/2023\/12\/decouvrir-pyrenees-orientales-768x461.webp 768w, https:\/\/www.camping-le-calagogo.fr\/wp-content\/uploads\/2023\/12\/decouvrir-pyrenees-orientales-1536x922.webp 1536w, https:\/\/www.camping-le-calagogo.fr\/wp-content\/uploads\/2023\/12\/decouvrir-pyrenees-orientales-2048x1229.webp 2048w\" sizes=\"(max-width: 2560px) 100vw, 2560px\" \/><\/figure>\n<\/div>\n\n\n\n<div class=\"wp-block-column is-vertically-aligned-center second is-layout-flow wp-block-column-is-layout-flow\" style=\"flex-basis:33.3%\">\n<h2 class=\"ls__heading wp-block-heading\">Visita als Pirineus Orientals: llocs d&#8217;inter\u00e8s<\/h2>\n\n\n\n<p class=\"ls-paragraph\">Entre els nombrosos llocs per visitar al voltant del vostre <strong>c\u00e0mping a Saint-Cyprien<\/strong> , alguns s\u00f3n especialment imprescindibles. A <a href=\"https:\/\/www.camping-le-calagogo.fr\/ca\/camping-perpinya\/\" data-type=\"page\" data-id=\"2291\">Perpiny\u00e0<\/a> , no us perdeu el <a href=\"https:\/\/www.camping-le-calagogo.fr\/ca\/actu-camping-saint-cyprien\/palacio-de-los-reyes-de-mallorca\/\" data-type=\"post\" data-id=\"2707362\">Palau dels Reis de Mallorca<\/a> , d&#8217;estil g\u00f2tic del sud, aix\u00ed com la <strong>monumental catedral de Sant Joan Baptista<\/strong> , que \u00e9s l&#8217;edifici religi\u00f3s m\u00e9s gran de la regi\u00f3.<\/p>\n\n\n\n<p class=\"ls-paragraph\">Perla de la Costa Vermeille, el castell reial de <a href=\"https:\/\/www.camping-le-calagogo.fr\/ca\/camping-collioure\/\" data-type=\"page\" data-id=\"2283\">Cotlliure<\/a> ofereix des de la seva muralla una <strong>magn\u00edfica panor\u00e0mica<\/strong> sobre tota la badia. Els <strong>Pirineus Orientals<\/strong> s\u00f3n tamb\u00e9 petits pobles d&#8217;autenticitat conservada com <a href=\"https:\/\/www.camping-le-calagogo.fr\/ca\/camping-canet-en-rousillon\/\" data-type=\"page\" data-id=\"664\">Canet en Rossell\u00f3<\/a> o fins i tot <a href=\"https:\/\/www.camping-le-calagogo.fr\/ca\/camping-sant-andre\/\" data-type=\"page\" data-id=\"3070\">Saint-Andr\u00e9<\/a> i <a href=\"https:\/\/www.camping-le-calagogo.fr\/ca\/camping-palau-del-vidre\/\" data-type=\"page\" data-id=\"3171\">Palau-del-Vidre<\/a> , fam\u00f3s per les seves <strong>cristalleries d&#8217;art<\/strong> .<\/p>\n<\/div>\n<\/div>\n\n\r\n    <\/div>\r\n<\/section><section id=\"ls-section-block_a00f1b2529a0d22dada94063828e3d5c\" class=\"ls-section  page-two mosaique has-background has-color-4-background-color has-p-t p-t-14 has-p-b p-b-14\" >\r\n        <div class=\"container container--wide\">\r\n        \n\n<div class=\"wp-block-columns is-layout-flex wp-container-core-columns-is-layout-9d6595d7 wp-block-columns-is-layout-flex\">\n<div class=\"wp-block-column is-vertically-aligned-center is-layout-flow wp-block-column-is-layout-flow\">\n<p class=\"ls-paragraph\">No gaire lluny de Saint-Cyprien, la ciutat alta d&#8217; <a href=\"https:\/\/www.camping-le-calagogo.fr\/ca\/camping-elne\/\" data-type=\"page\" data-id=\"656\">Elne<\/a> acull una impressionant catedral i el seu claustre de marbre, testimoni de la seva antiga condici\u00f3 de seu episcopal del Rossell\u00f3. Al nord del departament, adossada a les Corbi\u00e8res, la fortalesa de Salses \u00e9s una <strong>estructura defensiva<\/strong> perfectament conservada, constru\u00efda al segle XV pels reis cat\u00f2lics espanyols.<\/p>\n\n\n\n<p class=\"ls-paragraph\"><strong>A l&#8217;Aude<\/strong> , a nom\u00e9s una hora i mitja amb cotxe de Cala Gogo, es troba l&#8217;excepcional <strong>ciutat fortificada<\/strong> de <a href=\"https:\/\/www.camping-le-calagogo.fr\/ca\/camping-carcassona\/\" data-type=\"page\" data-id=\"2278\">Carcassona<\/a> . Al quedar-se a  <strong>C\u00e0mping Cala Gogo entre Saint-Cyprien i Argel\u00e8s-sur-Mer<\/strong>, tamb\u00e9 pots anar molt f\u00e0cilment al costat espanyol, per descobrir el  <a href=\"https:\/\/www.camping-le-calagogo.fr\/ca\/camping-costa-brava\/\" data-type=\"page\" data-id=\"672\">Costa Brava<\/a>  : no us perdeu, a Figueres, la singular arquitectura del Teatre-Museu Dal\u00ed, emblema de la ciutat, considerat com l&#8217;\u00faltim  <strong>gran obra de l&#8217;artista surrealista<\/strong>.<\/p>\n<\/div>\n\n\n\n<div class=\"wp-block-column is-vertically-aligned-center is-layout-flow wp-block-column-is-layout-flow\">\n<figure class=\"wp-block-image size-full\"><img decoding=\"async\" width=\"1920\" height=\"1152\" src=\"https:\/\/www.camping-le-calagogo.fr\/wp-content\/uploads\/2023\/12\/visiter-carcassonne-pyrenees-orientales.webp\" alt=\"Visita dels Pirineus Orientals de Carcassona\" class=\"wp-image-2629576\" srcset=\"https:\/\/www.camping-le-calagogo.fr\/wp-content\/uploads\/2023\/12\/visiter-carcassonne-pyrenees-orientales.webp 1920w, https:\/\/www.camping-le-calagogo.fr\/wp-content\/uploads\/2023\/12\/visiter-carcassonne-pyrenees-orientales-300x180.webp 300w, https:\/\/www.camping-le-calagogo.fr\/wp-content\/uploads\/2023\/12\/visiter-carcassonne-pyrenees-orientales-1024x614.webp 1024w, https:\/\/www.camping-le-calagogo.fr\/wp-content\/uploads\/2023\/12\/visiter-carcassonne-pyrenees-orientales-768x461.webp 768w, https:\/\/www.camping-le-calagogo.fr\/wp-content\/uploads\/2023\/12\/visiter-carcassonne-pyrenees-orientales-1536x922.webp 1536w\" sizes=\"(max-width: 1920px) 100vw, 1920px\" \/><\/figure>\n<\/div>\n<\/div>\n\n\r\n    <\/div>\r\n<\/section><section id=\"ls-section-block_3c5dcd3dc6065b94d4c7103cba47746f\" class=\"ls-section  section-parallax has-background-image has-parallax has-background has-color-black-background-color has-p-t p-t-30 has-p-b p-b-0\" >\r\n    <div class=\"ls-section__background-image opacity-58\"><img decoding=\"async\" src=\"https:\/\/www.camping-le-calagogo.fr\/wp-content\/uploads\/2023\/12\/cyclisme-pyrenees-orientales-scaled.webp\" alt=\"\"><\/div>    <div class=\"container container--wide\">\r\n        \n\n<div id=\"ls-heading ls-titre-div-block_13151fa4af8ab575b284d79f1402470d\" class=\"ls-titre-div m-right aligncenter h1-like\" >\n    Una <em>pregunta?<\/em><\/div>\n\n\n\n<div class=\"wp-block-columns has-color-white-background-color has-background is-layout-flex wp-container-core-columns-is-layout-9d6595d7 wp-block-columns-is-layout-flex\">\n<div class=\"wp-block-column is-layout-flow wp-block-column-is-layout-flow\">\n<h2 class=\"ls__heading wp-block-heading has-text-align-center\">Preguntes freq\u00fcents  <br\/>sobre l&#8217;entorn<\/h2>\n\n\n<div id=\"faq\" class=\"faq-container\"><div class=\"faq-wrap\" itemscope=\"\" itemtype=\"https:\/\/schema.org\/FAQPage\"><div class=\"faq__box faq__item\"><div class=\"faq__container\"><div class=\"faq__block\" itemscope=\"\" itemprop=\"mainEntity\" itemtype=\"https:\/\/schema.org\/Question\"><details class=\"faq\"><summary class=\"faq-question\" itemprop=\"name\">A quina dist\u00e0ncia est\u00e0 el c\u00e0mping de la platja?<span class=\"faq-opener\"><\/span><\/summary><div class=\"content\" itemscope=\"\" itemprop=\"acceptedAnswer\" itemtype=\"https:\/\/schema.org\/Answer\"><div itemprop=\"text\"><p><em><p>El c\u00e0mping t\u00e9 acc\u00e9s directe al mar i res ens separa de la platja, no et pots apropar m\u00e9s.<\/p>\n<\/em><\/p><\/div><\/div><\/details><\/div><\/div><\/div><div class=\"faq__box faq__item\"><div class=\"faq__container\"><div class=\"faq__block\" itemscope=\"\" itemprop=\"mainEntity\" itemtype=\"https:\/\/schema.org\/Question\"><details class=\"faq\"><summary class=\"faq-question\" itemprop=\"name\">On es troben els carrils bici?<span class=\"faq-opener\"><\/span><\/summary><div class=\"content\" itemscope=\"\" itemprop=\"acceptedAnswer\" itemtype=\"https:\/\/schema.org\/Answer\"><div itemprop=\"text\"><p><em><p>Tens pistes des de l&#8217;entrada del c\u00e0mping i aquestes s&#8217;estenen per tot el poble.<\/p>\n<\/em><\/p><\/div><\/div><\/details><\/div><\/div><\/div><div class=\"faq__box faq__item\"><div class=\"faq__container\"><div class=\"faq__block\" itemscope=\"\" itemprop=\"mainEntity\" itemtype=\"https:\/\/schema.org\/Question\"><details class=\"faq\"><summary class=\"faq-question\" itemprop=\"name\">On \u00e9s l&#8217;oficina de turisme m\u00e9s propera?<span class=\"faq-opener\"><\/span><\/summary><div class=\"content\" itemscope=\"\" itemprop=\"acceptedAnswer\" itemtype=\"https:\/\/schema.org\/Answer\"><div itemprop=\"text\"><p><em><p>L&#8217;oficina de turisme de Saint-Cyprien Plage \u00e9s molt a prop (uns 2 km).<\/p>\n<\/em><\/p><\/div><\/div><\/details><\/div><\/div><\/div><div class=\"faq__box faq__item\"><div class=\"faq__container\"><div class=\"faq__block\" itemscope=\"\" itemprop=\"mainEntity\" itemtype=\"https:\/\/schema.org\/Question\"><details class=\"faq\"><summary class=\"faq-question\" itemprop=\"name\">El c\u00e0mping est\u00e0 comunicat amb transport p\u00fablic?<span class=\"faq-opener\"><\/span><\/summary><div class=\"content\" itemscope=\"\" itemprop=\"acceptedAnswer\" itemtype=\"https:\/\/schema.org\/Answer\"><div itemprop=\"text\"><p><em><p>S\u00ed, els autobusos i un petit tren (en temporada) et permeten moure&#8217;t.<\/p>\n<\/em><\/p><\/div><\/div><\/details><\/div><\/div><\/div><\/div><\/div><\/div>\n<\/div>\n\n\r\n    <\/div>\r\n<\/section><section id=\"ls-section-block_97c94f7709c5ce9cbb66ea2aaf398eb6\" class=\"ls-section  page-maillage has-p-b p-b-14\" >\r\n        <div class=\"container container--wide\">\r\n        \n\n<div id=\"ls-heading ls-titre-div-block_b375f3c092eb6491083b5b8b3d986d87\" class=\"ls-titre-div m-left h2-like\" >\n    Ciutats a la<\/br> Pirineu Oriental<\/div>\n\n\n<div id=\"ls-maillage-block_8380ded0252e5d2043de35f0ec942d18\" class=\"ls-maillage cta-style-normal\" data-rows=\"5\">\n    <div class=\"wp-block-columns  \"><div class=\"wp-block-column\"><div id=\"destinations\" class=\"ls-cta\">\n\n<a href=\"https:\/\/www.camping-le-calagogo.fr\/ca\/camping-costa-brava\/\" target=\"\" rel=\"noopener\" class=\"ls-cta__link\">\n\n\t<div class=\"ls-cta__image\"><img decoding=\"async\" src=\"https:\/\/www.camping-le-calagogo.fr\/wp-content\/uploads\/2023\/12\/Castell-Platja-dAro.-Jordi-Mas.-Arxiu-Imatges-PTCBG.jpg\" alt=\"La cote de la costa brava par Jordi Mas. Arxiu Imatges PTCBG\"><\/div>\n\t<div class=\"ls-cta__title\">\n\t\tCamping Costa Brava\t<\/div>\n\t\n\t\t\n<\/a><\/div><\/div><div class=\"wp-block-column\"><div id=\"destinations\" class=\"ls-cta\">\n\n<a href=\"https:\/\/www.camping-le-calagogo.fr\/ca\/camping-port-barcares\/\" target=\"\" rel=\"noopener\" class=\"ls-cta__link\">\n\n\t<div class=\"ls-cta__image\"><img decoding=\"async\" src=\"https:\/\/www.camping-le-calagogo.fr\/wp-content\/uploads\/2023\/12\/louer-hebergement-perpignan.webp\" alt=\"\"><\/div>\n\t<div class=\"ls-cta__title\">\n\t\tCamping Barcar\u00e8s\t<\/div>\n\t\n\t\t\n<\/a><\/div><\/div><div class=\"wp-block-column\"><div id=\"destinations\" class=\"ls-cta\">\n\n<a href=\"https:\/\/www.camping-le-calagogo.fr\/ca\/camping-canet-en-rousillon\/\" target=\"\" rel=\"noopener\" class=\"ls-cta__link\">\n\n\t<div class=\"ls-cta__image\"><img decoding=\"async\" src=\"https:\/\/www.camping-le-calagogo.fr\/wp-content\/uploads\/2023\/12\/vacances-canet-en-rousillon.webp\" alt=\"\"><\/div>\n\t<div class=\"ls-cta__title\">\n\t\tCamping a Canet-en-Rousillon\t<\/div>\n\t\n\t\t\n<\/a><\/div><\/div><div class=\"wp-block-column\"><div id=\"destinations\" class=\"ls-cta\">\n\n<a href=\"https:\/\/www.camping-le-calagogo.fr\/ca\/camping-perpinya\/\" target=\"\" rel=\"noopener\" class=\"ls-cta__link\">\n\n\t<div class=\"ls-cta__image\"><img decoding=\"async\" src=\"https:\/\/www.camping-le-calagogo.fr\/wp-content\/uploads\/2023\/12\/camping-perpignan.webp\" alt=\"\"><\/div>\n\t<div class=\"ls-cta__title\">\n\t\tCamping Perpiny\u00e0\t<\/div>\n\t\n\t\t\n<\/a><\/div><\/div><\/div><\/div>\n\r\n    <\/div>\r\n<\/section>","protected":false},"excerpt":{"rendered":"","protected":false},"author":1,"featured_media":2629565,"parent":0,"menu_order":0,"comment_status":"closed","ping_status":"closed","template":"","meta":{"_acf_changed":false,"_seopress_robots_primary_cat":"","_seopress_titles_title":"Turisme Pirineus Orientals | Qu\u00e8 fer\/veure als Pirineus Orientals","_seopress_titles_desc":"","_seopress_robots_index":"","inline_featured_image":false,"footnotes":""},"sujet":[],"class_list":["post-2708557","page","type-page","status-publish","has-post-thumbnail","hentry"],"acf":[],"_links":{"self":[{"href":"https:\/\/www.camping-le-calagogo.fr\/ca\/wp-json\/wp\/v2\/pages\/2708557","targetHints":{"allow":["GET"]}}],"collection":[{"href":"https:\/\/www.camping-le-calagogo.fr\/ca\/wp-json\/wp\/v2\/pages"}],"about":[{"href":"https:\/\/www.camping-le-calagogo.fr\/ca\/wp-json\/wp\/v2\/types\/page"}],"author":[{"embeddable":true,"href":"https:\/\/www.camping-le-calagogo.fr\/ca\/wp-json\/wp\/v2\/users\/1"}],"replies":[{"embeddable":true,"href":"https:\/\/www.camping-le-calagogo.fr\/ca\/wp-json\/wp\/v2\/comments?post=2708557"}],"version-history":[{"count":19,"href":"https:\/\/www.camping-le-calagogo.fr\/ca\/wp-json\/wp\/v2\/pages\/2708557\/revisions"}],"predecessor-version":[{"id":2832424,"href":"https:\/\/www.camping-le-calagogo.fr\/ca\/wp-json\/wp\/v2\/pages\/2708557\/revisions\/2832424"}],"wp:featuredmedia":[{"embeddable":true,"href":"https:\/\/www.camping-le-calagogo.fr\/ca\/wp-json\/wp\/v2\/media\/2629565"}],"wp:attachment":[{"href":"https:\/\/www.camping-le-calagogo.fr\/ca\/wp-json\/wp\/v2\/media?parent=2708557"}],"wp:term":[{"taxonomy":"sujet","embeddable":true,"href":"https:\/\/www.camping-le-calagogo.fr\/ca\/wp-json\/wp\/v2\/sujet?post=2708557"}],"curies":[{"name":"wp","href":"https:\/\/api.w.org\/{rel}","templated":true}]}}