{"id":2708569,"date":"2023-10-19T10:01:16","date_gmt":"2023-10-19T08:01:16","guid":{"rendered":"https:\/\/www.camping-le-calagogo.fr\/turisme-colliure\/"},"modified":"2024-01-11T00:50:54","modified_gmt":"2024-01-10T23:50:54","slug":"turisme-colliure","status":"publish","type":"page","link":"https:\/\/www.camping-le-calagogo.fr\/ca\/turisme-colliure\/","title":{"rendered":"Cotlliure"},"content":{"rendered":"<section id=\"ls-section-block_8ba1c6f4bb0006784fea0b715c9933eb\" class=\"ls-section  page-chapeau deco has-p-b p-b-4\" >\r\n        <div class=\"container \">\r\n        \n\n<h1 class=\"ls__heading wp-block-heading has-text-align-center\">Per descobrir <br><strong>de Cotlliure<\/strong><\/h1>\n\n\n\n<p class=\"ls-paragraph has-text-align-center\">Port catal\u00e0 amb encant enclavat en una de les cales m\u00e9s boniques de la costa Vermeille, Cotlliure \u00e9s un poble d&#8217;artista amb un patrimoni constru\u00eft excepcional. Un dest\u00ed que no us podeu perdre al Rossell\u00f3.<\/p>\n\n\r\n    <\/div>\r\n<\/section>\n\n<section id=\"ls-section-block_90b0eb7570e7d11e5d06874bcd66094c\" class=\"ls-section  page-one has-p-t p-t-0 has-p-b p-b-14\" >\r\n        <div class=\"container container--wide\">\r\n        \n\n<div class=\"wp-block-columns is-layout-flex wp-container-core-columns-is-layout-9d6595d7 wp-block-columns-is-layout-flex\">\n<div class=\"wp-block-column is-vertically-aligned-center first is-layout-flow wp-block-column-is-layout-flow\" style=\"flex-basis:66.7%\">\n<iframe src=\"https:\/\/www.google.com\/maps\/embed?pb=!1m28!1m12!1m3!1d130594.81942449203!2d2.984083292366437!3d42.53237126335373!2m3!1f0!2f0!3f0!3m2!1i1024!2i768!4f13.1!4m13!3e0!4m5!1s0x12b07c232d050435%3A0xcb342de2280a2e20!2sCamping%20Cala%20Gogo%2C%20Avenue%20Armand%20Lanoux%2C%20Saint-Cyprien!3m2!1d42.5988201!2d3.0397849!4m5!1s0x12b07f95291fde8d%3A0x91f56d4265317420!2sCollioure!3m2!1d42.526751999999995!2d3.084631!5e0!3m2!1sfr!2sfr!4v1700605509012!5m2!1sfr!2sfr\" width=\"100%\" height=\"550\" style=\"border:0;\" allowfullscreen=\"\" loading=\"lazy\" referrerpolicy=\"no-referrer-when-downgrade\"><\/iframe>\n<\/div>\n\n\n\n<div class=\"wp-block-column is-vertically-aligned-center second is-layout-flow wp-block-column-is-layout-flow\" style=\"flex-basis:33.3%\">\n<h2 class=\"ls__heading wp-block-heading\">On es troba Cotlliure?<\/h2>\n\n\n\n<p class=\"ls-paragraph\">Entre Argel\u00e8s i Port Vendres, Cotlliure s&#8217;est\u00e9n des del Mediterrani fins a la torre del Madeloc, 5 km terra endins.  <\/p>\n\n\n\n<p class=\"ls-paragraph\">A menys de 7 quil\u00f2metres de la frontera espanyola, \u00e9s un dels municipis m\u00e9s meridionals dels Pirineus Orientals amb Banyuls i Cerb\u00e8re. Marca l&#8217;inici de la costa Vermeille amb les seves cales encantadores, els seus fons rocosos amb una rica biodiversitat i els seus penya-segats escarpats.<\/p>\n<\/div>\n<\/div>\n\n\r\n    <\/div>\r\n<\/section>\n\n<section id=\"ls-section-block_f80d67e3a1fd5f72c9a722f811981d3c\" class=\"ls-section  page-two mosaique has-background has-color-4-background-color has-p-t p-t-14 has-p-b p-b-14\" >\r\n        <div class=\"container container--wide\">\r\n        \n\n<div class=\"wp-block-columns is-layout-flex wp-container-core-columns-is-layout-9d6595d7 wp-block-columns-is-layout-flex\">\n<div class=\"wp-block-column is-vertically-aligned-center is-layout-flow wp-block-column-is-layout-flow\">\n<h2 class=\"ls__heading wp-block-heading\">Qu\u00e8 fer a Cotlliure?<\/h2>\n\n\n\n<ul class=\"ls-list wp-block-list\">\n<li><strong>Descobriment del fauvisme:<\/strong> bressol del fauvisme al segle XX, Cotlliure es pot visitar a trav\u00e9s d&#8217;un viatge sobre els passos de Matisse, Derain o Signac, que ofereix la Maison du Fauvism.<\/li>\n\n\n\n<li><strong>Visita el castell reial:<\/strong> una fortalesa del segle XIII, l&#8217;\u00faltim castell reial de Fran\u00e7a, tamb\u00e9 va ser la resid\u00e8ncia d&#8217;estiueig dels reis de Mallorca i va servir de pres\u00f3 per als refugiats de la Retirada. Des del cim de les seves torres i la seva passarel\u00b7la coberta s&#8217;ofereix una panor\u00e0mica \u00fanica de la badia.<\/li>\n\n\n\n<li><strong>El mol\u00ed:<\/strong> el mol\u00ed m\u00e9s antic del Rossell\u00f3, el mol\u00ed de gra de Cotlliure data del segle XIV. Despr\u00e9s de la seva restauraci\u00f3, es va transformar en mol\u00ed d&#8217;oli.<\/li>\n\n\n\n<li><strong>El Museu d&#8217;Art Modern:<\/strong> a Villa Pams, el museu reuneix col\u00b7leccions d&#8217;art del segle XX i contemporani i acull nombroses exposicions temporals entre els seus murs.<\/li>\n\n\n\n<li><strong>Fort Saint-Elme:<\/strong> a la carretera de Port Vendres que mira a la Mediterr\u00e0nia, el fort Saint-Elme va ser constru\u00eft sota Carles V al lloc d&#8217;una antiga torre de defensa erigida pels moriscos al segle VIII.<\/li>\n\n\n\n<li><strong>El port catal\u00e0:<\/strong> important dest\u00ed tur\u00edstic de Cotlliure, el port segueix viu amb les petites barques de colors dels pescadors d&#8217;anxova. Un aut\u00e8ntic entorn de postal.<\/li>\n<\/ul>\n<\/div>\n\n\n\n<div class=\"wp-block-column is-vertically-aligned-center is-layout-flow wp-block-column-is-layout-flow\">\n<figure class=\"wp-block-image size-full\"><img decoding=\"async\" width=\"1800\" height=\"1200\" src=\"https:\/\/www.camping-le-calagogo.fr\/wp-content\/uploads\/2023\/11\/port-collioure.webp\" alt=\"port collioure\" class=\"wp-image-3281\" srcset=\"https:\/\/www.camping-le-calagogo.fr\/wp-content\/uploads\/2023\/11\/port-collioure.webp 1800w, https:\/\/www.camping-le-calagogo.fr\/wp-content\/uploads\/2023\/11\/port-collioure-300x200.webp 300w, https:\/\/www.camping-le-calagogo.fr\/wp-content\/uploads\/2023\/11\/port-collioure-1024x683.webp 1024w, https:\/\/www.camping-le-calagogo.fr\/wp-content\/uploads\/2023\/11\/port-collioure-768x512.webp 768w, https:\/\/www.camping-le-calagogo.fr\/wp-content\/uploads\/2023\/11\/port-collioure-1536x1024.webp 1536w\" sizes=\"(max-width: 1800px) 100vw, 1800px\" \/><\/figure>\n<\/div>\n<\/div>\n\n\r\n    <\/div>\r\n<\/section>\n\n<section id=\"ls-section-block_fc568b7a5cfb9b957f1852c624727ef8\" class=\"ls-section  section-parallax has-background-image has-parallax has-background has-color-black-background-color has-p-t p-t-30 has-p-b p-b-0\" >\r\n    <div class=\"ls-section__background-image opacity-58\"><img decoding=\"async\" src=\"https:\/\/www.camping-le-calagogo.fr\/wp-content\/uploads\/2023\/11\/visiter-collioure.webp\" alt=\"\"><\/div>    <div class=\"container container--wide\">\r\n        \n\n<div class=\"wp-block-columns has-color-white-background-color has-background is-layout-flex wp-container-core-columns-is-layout-9d6595d7 wp-block-columns-is-layout-flex\">\n<div class=\"wp-block-column is-layout-flow wp-block-column-is-layout-flow\">\n<h2 class=\"ls__heading wp-block-heading has-text-align-center\">Platges i cales de Cotlliure<\/h2>\n\n\n\n<p class=\"ls-paragraph has-text-align-center\">Un dels grans atractius del turisme a Cotlliure rau en les sublims cales que amaga el seu litoral: emblem\u00e0tiques de la costa Vermeille, es beneficien a Cotlliure del prestigi\u00f3s entorn format pel poble escarpat, el seu castell reial i la seva esgl\u00e9sia de Notre-Dame. .<\/p>\n\n\n\n<p class=\"ls-paragraph has-text-align-center\">Ideals per nedar, fer snorkel i relaxar-se, les cales i platges de Cotlliure us ofereixen moments ex\u00f2tics als Pirineus Orientals.  <\/p>\n\n\n\n<p class=\"ls-paragraph has-text-align-center\">Imperdible, la cala Saint-Vincent acull una platja de sorra i c\u00f2dols a prop de les botigues del centre de la ciutat, on es pot gaudir d&#8217;una vista sublim de la fortalesa reial. Una aut\u00e8ntica postal, la cala Boramar es troba al cor del poble, entre l&#8217;esgl\u00e9sia de Notre-Dame-des-Anges i el castell.<\/p>\n\n\n\n<p class=\"ls-paragraph has-text-align-center\">Un escenari de somni tamb\u00e9 per a la platja de la fam\u00edlia Faubourg, que t\u00e9 com a tel\u00f3 de fons el castell reial. Per a un moment \u00edntim, aneu a la cala de c\u00f2dols de la Balette, accessible per un petit cam\u00ed costaner, o a la cala de les Batteries, d&#8217;aig\u00fces turqueses envoltades d&#8217;alts penya-segats.<\/p>\n\n\n\n<p class=\"ls-paragraph has-text-align-center\">Per relaxar-se a la sorra fina, dirigiu-vos a la cala Roches Bleues, una mica m\u00e9s lluny. La cala Oli tamb\u00e9 us ofereix un entorn paradis\u00edac, entre penya-segats i aig\u00fces cristal\u00b7lines.<\/p>\n<\/div>\n<\/div>\n\n\r\n    <\/div>\r\n<\/section>\n\n<section id=\"ls-section-block_69cc915800fe77cda7bd920feeea8cd7\" class=\"ls-section  page-one has-p-b p-b-14\" >\r\n        <div class=\"container container--wide\">\r\n        \n\n<div class=\"wp-block-columns is-layout-flex wp-container-core-columns-is-layout-9d6595d7 wp-block-columns-is-layout-flex\">\n<div class=\"wp-block-column is-vertically-aligned-center first is-layout-flow wp-block-column-is-layout-flow\" style=\"flex-basis:66.7%\">\n<figure class=\"wp-block-image size-full\"><img decoding=\"async\" width=\"2000\" height=\"1200\" src=\"https:\/\/www.camping-le-calagogo.fr\/wp-content\/uploads\/2023\/11\/randonnees-colliour.webp\" alt=\"excursions de coll\" class=\"wp-image-3295\" srcset=\"https:\/\/www.camping-le-calagogo.fr\/wp-content\/uploads\/2023\/11\/randonnees-colliour.webp 2000w, https:\/\/www.camping-le-calagogo.fr\/wp-content\/uploads\/2023\/11\/randonnees-colliour-300x180.webp 300w, https:\/\/www.camping-le-calagogo.fr\/wp-content\/uploads\/2023\/11\/randonnees-colliour-1024x614.webp 1024w, https:\/\/www.camping-le-calagogo.fr\/wp-content\/uploads\/2023\/11\/randonnees-colliour-768x461.webp 768w, https:\/\/www.camping-le-calagogo.fr\/wp-content\/uploads\/2023\/11\/randonnees-colliour-1536x922.webp 1536w\" sizes=\"(max-width: 2000px) 100vw, 2000px\" \/><\/figure>\n<\/div>\n\n\n\n<div class=\"wp-block-column is-vertically-aligned-center second is-layout-flow wp-block-column-is-layout-flow\" style=\"flex-basis:33.3%\">\n<h2 class=\"ls__heading wp-block-heading\">Passejades i excursions a Cotlliure<\/h2>\n\n\n\n<p class=\"ls-paragraph\" id=\"block-d536e523-6ed2-4261-bfa5-f4ab76000ba8\">Perla de la costa Vermeille, Cotlliure \u00e9s tamb\u00e9 una destinaci\u00f3 ideal per <strong>fer senderisme<\/strong> . Els <strong>paisatges<\/strong> de la seva badia es poden descobrir a trav\u00e9s de magn\u00edfiques passejades.<br><br>L&#8217;oficina de turisme de Cotlliure ofereix als turistes guies que reuneixen les excursions m\u00e9s boniques del Rossell\u00f3 i de la costa Vermeille.<\/p>\n\n\n\n<p class=\"ls-paragraph\" id=\"block-a89be0c8-814e-43d6-9f9c-8c724f533a00\">S\u00f3n possibles itineraris de tots els nivells: una <strong>breu caminada<\/strong> al Fort Saint-Elme, el cam\u00ed del fauvisme esquitxat de panells explicatius, una caminada fins a l&#8217;ermita de Notre-Dame de Consolation o fins i tot una llarga caminada per als bons caminants a la descoberta de la torre Madeloc. .<\/p>\n\n\n\n<p class=\"ls-paragraph addReadMore showlesscontent\" id=\"block-a89be0c8-814e-43d6-9f9c-8c724f533a00\">Una <strong>llarga caminada<\/strong> d&#8217;uns quants dies porta des de Cotlliure fins al poble espanyol de Cadaqu\u00e9s: ressegueix el litoral fins a travessar els Pirineus i la frontera fins a l&#8217;encantador poble estimat per Dal\u00ed.<\/p>\n\n\n\n<p class=\"ls-paragraph\" id=\"block-1ccf979e-a7ee-495e-8b98-9c99c2410886\">Passant per Banyuls, Cerb\u00e8re i Llan\u00e7a, aquesta ruta recorre camins vora l&#8217;aigua, cales paradis\u00edaques i camins alts amb vistes al Mediterrani. Al llarg d&#8217;aquesta <strong>excursi\u00f3 imprescindible al Pa\u00eds Catal\u00e0<\/strong> s&#8217;ofereixen paisatges d&#8217;una bellesa rara als caminants.<\/p>\n<\/div>\n<\/div>\n\n\r\n    <\/div>\r\n<\/section>\n\n<section id=\"ls-section-block_f80d67e3a1fd5f72c9a722f811981d3c\" class=\"ls-section  page-two mosaique has-background has-color-4-background-color has-p-t p-t-14 has-p-b p-b-14\" >\r\n        <div class=\"container container--wide\">\r\n        \n\n<div class=\"wp-block-columns is-layout-flex wp-container-core-columns-is-layout-9d6595d7 wp-block-columns-is-layout-flex\">\n<div class=\"wp-block-column is-vertically-aligned-center is-layout-flow wp-block-column-is-layout-flow\">\n<h2 class=\"ls__heading wp-block-heading has-text-align-left\">Descobreix la cultura de Cotlliure<\/h2>\n\n\n\n<p class=\"ls-paragraph has-text-align-left\">La situaci\u00f3 privilegiada de Cotlliure, arrecerada a la seva badia, a pocs passos de la frontera espanyola, l&#8217;ha convertit en una ubicaci\u00f3 estrat\u00e8gica sovint cobejada al llarg dels segles.<\/p>\n\n\n\n<p class=\"ls-paragraph has-text-align-left\">Al seu torn resid\u00e8ncia dels reis de Mallorca, fortalesa dels Habsburg, ciutadella dels Borb\u00f3 i despr\u00e9s camp disciplinari de refugiats de la Retirada espanyola, el castell de Cotlliure reflecteix la convulsa hist\u00f2ria de la ciutat.<\/p>\n\n\n\n<p class=\"ls-paragraph\">Molt abans de la seva actual vocaci\u00f3 tur\u00edstica, Cotlliure va ser tamb\u00e9 successivament un humil port pesquer, un prestigi\u00f3s port comercial, i la font d&#8217;inspiraci\u00f3 del pintor Matisse, pare del fauvisme.<\/p>\n<\/div>\n\n\n\n<div class=\"wp-block-column is-vertically-aligned-center is-layout-flow wp-block-column-is-layout-flow\">\n<figure class=\"wp-block-image size-full\"><img decoding=\"async\" width=\"1488\" height=\"1200\" src=\"https:\/\/www.camping-le-calagogo.fr\/wp-content\/uploads\/2023\/11\/decouvrir-collioure.webp\" alt=\"descobrir collioure\" class=\"wp-image-3301\" srcset=\"https:\/\/www.camping-le-calagogo.fr\/wp-content\/uploads\/2023\/11\/decouvrir-collioure.webp 1488w, https:\/\/www.camping-le-calagogo.fr\/wp-content\/uploads\/2023\/11\/decouvrir-collioure-300x242.webp 300w, https:\/\/www.camping-le-calagogo.fr\/wp-content\/uploads\/2023\/11\/decouvrir-collioure-1024x826.webp 1024w, https:\/\/www.camping-le-calagogo.fr\/wp-content\/uploads\/2023\/11\/decouvrir-collioure-768x619.webp 768w\" sizes=\"(max-width: 1488px) 100vw, 1488px\" \/><\/figure>\n<\/div>\n<\/div>\n\n\r\n    <\/div>\r\n<\/section>\n\n<section id=\"ls-section-block_8e89731496771c843015ac2c2a5c0a9e\" class=\"ls-section  page-two has-p-t p-t-14 has-p-b p-b-14\" >\r\n        <div class=\"container container--wide\">\r\n        \n\n<div class=\"wp-block-columns is-layout-flex wp-container-core-columns-is-layout-9d6595d7 wp-block-columns-is-layout-flex\">\n<div class=\"wp-block-column is-vertically-aligned-center is-layout-flow wp-block-column-is-layout-flow\">\n<figure class=\"wp-block-image size-full bigger animated fadeInLeft delay-100ms slow\"><a href=\"https:\/\/www.camping-le-calagogo.fr\/wp-content\/uploads\/2023\/11\/sejour-collioure.webp\"><img decoding=\"async\" width=\"1901\" height=\"1200\" src=\"https:\/\/www.camping-le-calagogo.fr\/wp-content\/uploads\/2023\/11\/sejour-collioure.webp\" alt=\"Estada de Cotlliure\" class=\"wp-image-3308\" srcset=\"https:\/\/www.camping-le-calagogo.fr\/wp-content\/uploads\/2023\/11\/sejour-collioure.webp 1901w, https:\/\/www.camping-le-calagogo.fr\/wp-content\/uploads\/2023\/11\/sejour-collioure-300x189.webp 300w, https:\/\/www.camping-le-calagogo.fr\/wp-content\/uploads\/2023\/11\/sejour-collioure-1024x646.webp 1024w, https:\/\/www.camping-le-calagogo.fr\/wp-content\/uploads\/2023\/11\/sejour-collioure-768x485.webp 768w, https:\/\/www.camping-le-calagogo.fr\/wp-content\/uploads\/2023\/11\/sejour-collioure-1536x970.webp 1536w\" sizes=\"(max-width: 1901px) 100vw, 1901px\" \/><\/a><\/figure>\n<\/div>\n\n\n\n<div class=\"wp-block-column is-vertically-aligned-center is-layout-flow wp-block-column-is-layout-flow\">\n<p class=\"ls-paragraph has-text-align-left\">Descobrir el patrimoni de la ciutat i visitar els seus llocs imprescindibles \u00e9s una manera de descobrir la seva cultura, rica en nombroses influ\u00e8ncies i un passat m\u00faltiple.<br><br>La Maison du Fauvism organitza nombroses excursions i visites guiades pels diferents llocs tur\u00edstics de Cotlliure. Un petit tren tur\u00edstic tamb\u00e9 travessa el territori de Cotlliure de lloc a lloc i de mirador en mirador.<br><br>No es poden perdre: les fortificacions de la bateria de Taillefer, el fort rod\u00f3 i el fort quadrat, el fort Dugommier, el fort Saint-Elme i el fort Miradou; els edificis religiosos de l&#8217;esgl\u00e9sia de Notre-Dame-des-anges, el claustre dominic i l&#8217;ermita de Notre-Dame de Consolation; el celler cooperatiu Dominicains i els seus vins AOC Collioure-Banyuls; el castell reial i la seva caminada muralla; el mol\u00ed d&#8217;oli; i les conserves d&#8217;anxova.<\/p>\n<\/div>\n<\/div>\n\n\r\n    <\/div>\r\n<\/section>\n\n<section id=\"ls-section-block_c719981bd77bc653bd30b2701ca5d65a\" class=\"ls-section  section-parallax has-background-image has-parallax has-background has-color-black-background-color has-p-t p-t-30 has-p-b p-b-0\" >\r\n    <div class=\"ls-section__background-image opacity-58\"><img decoding=\"async\" src=\"https:\/\/www.camping-le-calagogo.fr\/wp-content\/uploads\/2023\/11\/restaurants-collioure-1.webp\" alt=\"\"><\/div>    <div class=\"container container--wide\">\r\n        \n\n<div class=\"wp-block-columns has-color-white-background-color has-background is-layout-flex wp-container-core-columns-is-layout-9d6595d7 wp-block-columns-is-layout-flex\">\n<div class=\"wp-block-column is-layout-flow wp-block-column-is-layout-flow\">\n<h2 class=\"ls__heading wp-block-heading has-text-align-center\">Turisme a Cotlliure: restaurants<\/h2>\n\n\n\n<div class=\"wp-block-columns is-layout-flex wp-container-core-columns-is-layout-9d6595d7 wp-block-columns-is-layout-flex\">\n<div class=\"wp-block-column is-layout-flow wp-block-column-is-layout-flow\">\n<ul class=\"ls-list wp-block-list\">\n<li><strong>Le Jardin de Collioure<\/strong> : cuina de terra i de mar refinada, en l&#8217;entorn excepcional del claustre d&#8217;un antic convent dominic del segle XIII, al final de l&#8217;impasse du Mus\u00e9e a la carretera de Port-Vendres.<\/li>\n\n\n\n<li><strong>L&#8217;Ostra Collioure Oyster Bar<\/strong> : al poble antic, rue Saint-Vincent, a uns cent metres de l&#8217;oficina de turisme de Cotlliure, L&#8217;Ostra \u00e9s un bar d&#8217;ostres i tapes reconegut per la qualitat dels seus productes regionals i pel seu ambient agradable.<\/li>\n\n\n\n<li><strong>Restaurant Le Neptune<\/strong> : a la carretera de Port-Vendres, el Neptune t\u00e9 una terrassa amb vistes panor\u00e0miques a la cala Baleta i al castell reial de Cotlliure. Com si estigu\u00e9s susp\u00e8s sobre les aig\u00fces, podreu degustar productes regionals cuinats amb refinament i generositat.<\/li>\n<\/ul>\n<\/div>\n\n\n\n<div class=\"wp-block-column is-layout-flow wp-block-column-is-layout-flow\">\n<ul class=\"ls-list wp-block-list\">\n<li><strong>Restaurant Can Pla<\/strong> : rue Voltaire, Can Pla ofereix cuina t\u00edpica catalana amb tapes (incloses les famoses anxoves de Cotlliure), carns a la brasa, parillades, especialitats catalanes de peix o carn, i gelats artesans.<\/li>\n\n\n\n<li><strong>Le Temps du Patio:<\/strong> rue du Docteur Coste, a l&#8217;antic Cotlliure, Le Temps du Patio serveix cuina local aut\u00e8ntica en un entorn colorit i c\u00e0lid. All\u00e0 podreu descobrir diferents men\u00fas cada dia i productes frescos de temporada, entre els quals destaquen l&#8217;ineludible especialitat catalana de la cal\u00e7otada.<\/li>\n<\/ul>\n<\/div>\n<\/div>\n<\/div>\n<\/div>\n\n\r\n    <\/div>\r\n<\/section>\n\n<section id=\"ls-section-block_6a6f698375f1e2e12e69fb0fced309fc\" class=\"ls-section  page-maillage has-p-b p-b-14\" >\r\n        <div class=\"container container--wide\">\r\n        \n\n<div id=\"ls-heading ls-titre-div-block_49bfc7ccf71643ff11bcfa1239a47115\" class=\"ls-titre-div m-left h2-like\" >\n    Ciutats properes<\/br> de Cotlliure<\/div>\n\n\n<div id=\"ls-maillage-block_7c545cfec8f593ba3d365937c6b16afc\" class=\"ls-maillage cta-style-normal\" data-rows=\"3\">\n    <div class=\"wp-block-columns  \"><div class=\"wp-block-column\"><div id=\"destinations\" class=\"ls-cta\">\n\n<a href=\"https:\/\/www.camping-le-calagogo.fr\/ca\/camping-argeles-sur-mer\/turisme-argeles-sur-mer\/\" target=\"\" rel=\"noopener\" class=\"ls-cta__link\">\n\n\t<div class=\"ls-cta__image\"><img decoding=\"async\" src=\"https:\/\/www.camping-le-calagogo.fr\/wp-content\/uploads\/2023\/11\/visiter-argeles-sur-mer.webp\" alt=\"\"><\/div>\n\t<div class=\"ls-cta__title\">\n\t\tArgel\u00e8s-sur-Mer\t<\/div>\n\t\n\t\t\n<\/a><\/div><\/div><div class=\"wp-block-column\"><div id=\"destinations\" class=\"ls-cta\">\n\n<a href=\"https:\/\/www.camping-le-calagogo.fr\/ca\/turisme-port-barcares\/\" target=\"\" rel=\"noopener\" class=\"ls-cta__link\">\n\n\t<div class=\"ls-cta__image\"><img decoding=\"async\" src=\"https:\/\/www.camping-le-calagogo.fr\/wp-content\/uploads\/2023\/11\/visiter-port-barcares.webp\" alt=\"\"><\/div>\n\t<div class=\"ls-cta__title\">\n\t\tPort Barcar\u00e8s\t<\/div>\n\t\n\t\t\n<\/a><\/div><\/div><div class=\"wp-block-column\"><div id=\"destinations\" class=\"ls-cta\">\n\n<a href=\"https:\/\/www.camping-le-calagogo.fr\/ca\/camping-canet-en-rousillon\/\" target=\"\" rel=\"noopener\" class=\"ls-cta__link\">\n\n\t<div class=\"ls-cta__image\"><img decoding=\"async\" src=\"https:\/\/www.camping-le-calagogo.fr\/wp-content\/uploads\/2023\/12\/vacances-canet-en-rousillon.webp\" alt=\"\"><\/div>\n\t<div class=\"ls-cta__title\">\n\t\tCamping a Canet-en-Rousillon\t<\/div>\n\t\n\t\t\n<\/a><\/div><\/div><\/div><\/div>\n\r\n    <\/div>\r\n<\/section>","protected":false},"excerpt":{"rendered":"","protected":false},"author":1,"featured_media":2708146,"parent":0,"menu_order":0,"comment_status":"closed","ping_status":"closed","template":"","meta":{"_acf_changed":false,"_seopress_robots_primary_cat":"","_seopress_titles_title":"Turisme de Cotlliure | Llocs, visites i activitats a Cotlliure","_seopress_titles_desc":"","_seopress_robots_index":"","inline_featured_image":false,"footnotes":""},"sujet":[],"class_list":["post-2708569","page","type-page","status-publish","has-post-thumbnail","hentry"],"acf":[],"_links":{"self":[{"href":"https:\/\/www.camping-le-calagogo.fr\/ca\/wp-json\/wp\/v2\/pages\/2708569","targetHints":{"allow":["GET"]}}],"collection":[{"href":"https:\/\/www.camping-le-calagogo.fr\/ca\/wp-json\/wp\/v2\/pages"}],"about":[{"href":"https:\/\/www.camping-le-calagogo.fr\/ca\/wp-json\/wp\/v2\/types\/page"}],"author":[{"embeddable":true,"href":"https:\/\/www.camping-le-calagogo.fr\/ca\/wp-json\/wp\/v2\/users\/1"}],"replies":[{"embeddable":true,"href":"https:\/\/www.camping-le-calagogo.fr\/ca\/wp-json\/wp\/v2\/comments?post=2708569"}],"version-history":[{"count":4,"href":"https:\/\/www.camping-le-calagogo.fr\/ca\/wp-json\/wp\/v2\/pages\/2708569\/revisions"}],"predecessor-version":[{"id":2826142,"href":"https:\/\/www.camping-le-calagogo.fr\/ca\/wp-json\/wp\/v2\/pages\/2708569\/revisions\/2826142"}],"wp:featuredmedia":[{"embeddable":true,"href":"https:\/\/www.camping-le-calagogo.fr\/ca\/wp-json\/wp\/v2\/media\/2708146"}],"wp:attachment":[{"href":"https:\/\/www.camping-le-calagogo.fr\/ca\/wp-json\/wp\/v2\/media?parent=2708569"}],"wp:term":[{"taxonomy":"sujet","embeddable":true,"href":"https:\/\/www.camping-le-calagogo.fr\/ca\/wp-json\/wp\/v2\/sujet?post=2708569"}],"curies":[{"name":"wp","href":"https:\/\/api.w.org\/{rel}","templated":true}]}}