{"id":2708577,"date":"2023-10-18T09:47:23","date_gmt":"2023-10-18T07:47:23","guid":{"rendered":"https:\/\/www.camping-le-calagogo.fr\/turisme-saint-cyprien\/"},"modified":"2024-01-06T02:00:19","modified_gmt":"2024-01-06T01:00:19","slug":"turisme-saint-cyprien","status":"publish","type":"page","link":"https:\/\/www.camping-le-calagogo.fr\/ca\/turisme-saint-cyprien\/","title":{"rendered":"Sant Cipri\u00e0"},"content":{"rendered":"<section id=\"ls-section-block_581ec67946bc058ff33a60cdc0c2ac9e\" class=\"ls-section  page-chapeau deco has-p-b p-b-4\" >\r\n        <div class=\"container container--wide\">\r\n        \n\n<h1 class=\"ls__heading wp-block-heading has-text-align-center\">Turisme <br><strong>Sant Cipri\u00e0<\/strong><\/h1>\n\n\n\n<div class=\"wp-block-columns is-layout-flex wp-container-core-columns-is-layout-9d6595d7 wp-block-columns-is-layout-flex\">\n<div class=\"wp-block-column is-layout-flow wp-block-column-is-layout-flow\"><\/div>\n\n\n\n<div class=\"wp-block-column is-layout-flow wp-block-column-is-layout-flow\" style=\"flex-basis:50%\">\n<p class=\"ls-paragraph has-text-align-center\">Saint Cyprien, conegut pel seu immens port esportiu, classificat <strong>3er port de Fran\u00e7a<\/strong> , atrau els vaixells i velers m\u00e9s bonics al sud del sud.<\/p>\n<\/div>\n\n\n\n<div class=\"wp-block-column is-layout-flow wp-block-column-is-layout-flow\"><\/div>\n<\/div>\n\n\r\n    <\/div>\r\n<\/section>\n\n<section id=\"ls-section-block_c1682eee9508e37ccbf6c5c5be689727\" class=\"ls-section  page-one has-p-t p-t-0 has-p-b p-b-14\" >\r\n        <div class=\"container container--wide\">\r\n        \n\n<div class=\"wp-block-columns is-layout-flex wp-container-core-columns-is-layout-9d6595d7 wp-block-columns-is-layout-flex\">\n<div class=\"wp-block-column is-vertically-aligned-center first is-layout-flow wp-block-column-is-layout-flow\" style=\"flex-basis:66.7%\">\n<iframe src=\"https:\/\/www.google.com\/maps\/embed?pb=!1m28!1m12!1m3!1d94082.53596217233!2d2.984083292366437!3d42.53237126335373!2m3!1f0!2f0!3f0!3m2!1i1024!2i768!4f13.1!4m13!3e0!4m5!1s0x12b07c232d050435%3A0xcb342de2280a2e20!2sCamping%20Cala%20Gogo%2C%20Avenue%20Armand%20Lanoux%2C%20Saint-Cyprien!3m2!1d42.5988201!2d3.0397849!4m5!1s0x12b07b863f1b104b%3A0x4078821166765c0!2sSaint-Cyprien!3m2!1d42.61783!2d3.0041819999999997!5e0!3m2!1sfr!2sfr!4v1700608389183!5m2!1sfr!2sfr\" width=\"100%\" height=\"550\" style=\"border:0;\" allowfullscreen=\"\" loading=\"lazy\" referrerpolicy=\"no-referrer-when-downgrade\"><\/iframe>\n<\/div>\n\n\n\n<div class=\"wp-block-column is-vertically-aligned-center second is-layout-flow wp-block-column-is-layout-flow\" style=\"flex-basis:33.3%\">\n<h2 class=\"ls__heading wp-block-heading\">On es troba Saint-Cyprien?<\/h2>\n\n\n\n<p class=\"ls-paragraph\">Saint-Cyprien \u00e9s una poblaci\u00f3 costanera d&#8217;uns deu mil habitants, situada a la costa mediterr\u00e0nia, a l&#8217;est del departament dels Pirineus Orientals.<br><br>Les destinacions mar\u00edtimes properes inclouen Port Barcar\u00e8s (25 km), per\u00f2 tamb\u00e9 Canet-en-Roussillon (13 km) i Argel\u00e8s-sur-Mer (11 km). Saint-Cyprien tamb\u00e9 es troba a uns 15 km al sud de Perpiny\u00e0 i a 30 km de Rivesaltes.<br><br>Al <a href=\"https:\/\/www.camping-le-calagogo.fr\/ca\/\" data-type=\"page\" data-id=\"9\">c\u00e0mping Saint Cyprien, de 5 estrelles<\/a> , trobareu una ubicaci\u00f3 ideal per descobrir la ciutat i els seus voltants.<\/p>\n<\/div>\n<\/div>\n\n\r\n    <\/div>\r\n<\/section>\n\n<section id=\"ls-section-block_17c60693937fc78b32cd0235ce35e0e6\" class=\"ls-section  page-two mosaique has-background has-color-4-background-color has-p-t p-t-14 has-p-b p-b-14\" >\r\n        <div class=\"container container--wide\">\r\n        \n\n<div class=\"wp-block-columns is-layout-flex wp-container-core-columns-is-layout-9d6595d7 wp-block-columns-is-layout-flex\">\n<div class=\"wp-block-column is-vertically-aligned-center is-layout-flow wp-block-column-is-layout-flow\">\n<h2 class=\"ls__heading wp-block-heading\">Costa del mar de Saint-Cyprien<\/h2>\n\n\n\n<p class=\"ls-paragraph\">Saint-Cyprien tamb\u00e9 sedueix amb la bellesa del seu passeig mar\u00edtim.<\/p>\n\n\n\n<p class=\"ls-paragraph\">La ciutat costanera ofereix m\u00e9s de sis quil\u00f2metres de platges de sorra fina. Entre elles, trobem especialment la <strong>platja nord<\/strong> , ideal per a <strong>esports aqu\u00e0tics<\/strong> com el kitesurf o el stand-up paddle.<\/p>\n\n\n\n<p class=\"ls-paragraph\">Situat a un pas del gran mercat, Art Beach acull tornejos de voleibol de juny a setembre. <strong>Lagune Beach<\/strong> \u00e9s m\u00e9s apreciada pel seu entorn salvatge, igual que la platja del sud&#8230;<\/p>\n<\/div>\n\n\n\n<div class=\"wp-block-column is-vertically-aligned-center is-layout-flow wp-block-column-is-layout-flow\">\n<figure class=\"wp-block-image size-full\"><img decoding=\"async\" width=\"1811\" height=\"1200\" src=\"https:\/\/www.camping-le-calagogo.fr\/wp-content\/uploads\/2023\/11\/sejour-collioure-1.webp\" alt=\"Estada de Cotlliure\" class=\"wp-image-3335\" srcset=\"https:\/\/www.camping-le-calagogo.fr\/wp-content\/uploads\/2023\/11\/sejour-collioure-1.webp 1811w, https:\/\/www.camping-le-calagogo.fr\/wp-content\/uploads\/2023\/11\/sejour-collioure-1-300x199.webp 300w, https:\/\/www.camping-le-calagogo.fr\/wp-content\/uploads\/2023\/11\/sejour-collioure-1-1024x679.webp 1024w, https:\/\/www.camping-le-calagogo.fr\/wp-content\/uploads\/2023\/11\/sejour-collioure-1-768x509.webp 768w, https:\/\/www.camping-le-calagogo.fr\/wp-content\/uploads\/2023\/11\/sejour-collioure-1-1536x1018.webp 1536w\" sizes=\"(max-width: 1811px) 100vw, 1811px\" \/><\/figure>\n<\/div>\n<\/div>\n\n\r\n    <\/div>\r\n<\/section>\n\n<section id=\"ls-section-block_30f924320e8abd2bcd53675cc112befa\" class=\"ls-section  section-parallax has-background-image has-parallax has-background has-color-black-background-color has-p-t p-t-30 has-p-b p-b-0\" >\r\n    <div class=\"ls-section__background-image opacity-58\"><img decoding=\"async\" src=\"https:\/\/www.camping-le-calagogo.fr\/wp-content\/uploads\/2023\/11\/tulips-4933492_1280.jpg\" alt=\"\"><\/div>    <div class=\"container container--wide\">\r\n        \n\n<div class=\"wp-block-columns has-color-white-background-color has-background is-layout-flex wp-container-core-columns-is-layout-9d6595d7 wp-block-columns-is-layout-flex\">\n<div class=\"wp-block-column is-layout-flow wp-block-column-is-layout-flow\">\n<h2 class=\"ls__heading wp-block-heading has-text-align-center\">Qu\u00e8 fer a Saint-Cyprien?<\/h2>\n\n\n\n<p class=\"ls-paragraph has-text-align-center\">Trobeu en aquesta part alguns dels llocs emblem\u00e0tics de la localitat de Saint-Cyprien:<\/p>\n\n\n\n<div class=\"wp-block-columns is-layout-flex wp-container-core-columns-is-layout-9d6595d7 wp-block-columns-is-layout-flex\">\n<div class=\"wp-block-column is-layout-flow wp-block-column-is-layout-flow\">\n<ul class=\"ls-list wp-block-list\">\n<li><strong>La Via Podiensis<\/strong> : La Via Podiensis (ruta del Puy) \u00e9s un dels quatre camins francesos del pelegrinatge de Santiago de Compostel\u00b7la. La ruta comen\u00e7a a Puy-en-Velay i porta al poble d&#8217;Obstat, prop del qual s&#8217;uneix amb altres dues vies de pelegrinatge \u2013Via Turonensis i Via Lemovicensis\u2013 amb les quals forma el Camino Navarro, una ruta que continua fins a Puente la Reina, Espanya. .<\/li>\n\n\n\n<li><strong>Aqualand Saint-Cyprien:<\/strong> El parc fa les del\u00edcies dels amants de les sensacions, el lliscament i la relaxaci\u00f3, tot en un entorn verd exuberant. L&#8217;adrenalina est\u00e0 garantida amb les muntanyes russes i els vertiginosos girs i baixades del \u201cSnake-canyon\u201d, entre d&#8217;altres. Els nens tamb\u00e9 podran divertir-se amb els \u201caventure-kids\u201d (illa del tresor) i el \u201cminiparc\u201d (zona de jocs tem\u00e0tica).<\/li>\n<\/ul>\n<\/div>\n\n\n\n<div class=\"wp-block-column is-layout-flow wp-block-column-is-layout-flow\">\n<ul class=\"ls-list wp-block-list\">\n<li><strong>Le Jardin des Plantes:<\/strong> El Jardin des Plantes \u00e9s un veritable parad\u00eds de pau i verdor. Un lloc perfecte per passejar per amants i fam\u00edlies, ofereix un oasi de refresc a nom\u00e9s cinc minuts de la platja.<\/li>\n\n\n\n<li><strong>Platges de Saint-Cyprien:<\/strong> La platja de Saint-Cyprien \u00e9s un lloc propici per a diverses activitats n\u00e0utiques i esportives. Aquesta bonica platja de sorra fina \u00e9s especialment popular entre les fam\u00edlies.<\/li>\n\n\n\n<li><strong>Casino JOA a Saint-Cyprien:<\/strong> ja sigui per jugar a cartes (Black Jack, p\u00f2quer, etc.) o per dinar a la terrassa, el casino JOA \u00e9s un lloc imperdible a Saint-Cyprien. Descobreix el lloc web oficial del JOA Casino a St Cyprien.<\/li>\n<\/ul>\n<\/div>\n<\/div>\n<\/div>\n<\/div>\n\n\r\n    <\/div>\r\n<\/section>\n\n<section id=\"ls-section-block_8cf19f67631596234e794f3bfb95e353\" class=\"ls-section  page-one has-p-t p-t-14 has-p-b p-b-14\" >\r\n        <div class=\"container container--wide\">\r\n        \n\n<div class=\"wp-block-columns is-layout-flex wp-container-core-columns-is-layout-9d6595d7 wp-block-columns-is-layout-flex\">\n<div class=\"wp-block-column is-vertically-aligned-center first is-layout-flow wp-block-column-is-layout-flow\" style=\"flex-basis:66.7%\">\n<figure class=\"wp-block-image size-full\"><img decoding=\"async\" width=\"1803\" height=\"1200\" src=\"https:\/\/www.camping-le-calagogo.fr\/wp-content\/uploads\/2023\/11\/eglise-saint-cyprien.webp\" alt=\"esgl\u00e9sia de sant Cipri\u00e0\" class=\"wp-image-3368\" srcset=\"https:\/\/www.camping-le-calagogo.fr\/wp-content\/uploads\/2023\/11\/eglise-saint-cyprien.webp 1803w, https:\/\/www.camping-le-calagogo.fr\/wp-content\/uploads\/2023\/11\/eglise-saint-cyprien-300x200.webp 300w, https:\/\/www.camping-le-calagogo.fr\/wp-content\/uploads\/2023\/11\/eglise-saint-cyprien-1024x682.webp 1024w, https:\/\/www.camping-le-calagogo.fr\/wp-content\/uploads\/2023\/11\/eglise-saint-cyprien-768x511.webp 768w, https:\/\/www.camping-le-calagogo.fr\/wp-content\/uploads\/2023\/11\/eglise-saint-cyprien-1536x1022.webp 1536w\" sizes=\"(max-width: 1803px) 100vw, 1803px\" \/><\/figure>\n<\/div>\n\n\n\n<div class=\"wp-block-column is-vertically-aligned-center second is-layout-flow wp-block-column-is-layout-flow\" style=\"flex-basis:33.3%\">\n<h2 class=\"ls__heading wp-block-heading\">Visita al poble de Saint-Cyprien<\/h2>\n\n\n\n<p class=\"ls-paragraph\">El poble de Saint-Cyprien \u00e9s conegut per la diversitat del seu patrimoni cultural. Despr\u00e9s de la platja o de les compres, preneu-vos el temps per visitar les Collections de Saint-Cyprien, un museu situat al cor del poble i que acull diverses obres \u00faniques i exposicions temporals, per\u00f2 tamb\u00e9 una col\u00b7lecci\u00f3 de reserva excepcional del pintor Fran\u00e7ois Desnoyer.<br><br>No dubteu a llogar una bicicleta i <a href=\"https:\/\/www.camping-le-calagogo.fr\/ca\/actu-camping-saint-cyprien\/los-carriles-bici-de-saint-cyprien\/\" data-type=\"post\" data-id=\"2822130\">descobrir la ciutat de Saint-Cyprien gr\u00e0cies als carrils bici<\/a> .<\/p>\n\n\n\n<p class=\"ls-paragraph\"><strong>La capella de Saint-Etienne de Villerase<\/strong> \u00e9s atractiva pel seu entorn encantador, que la converteix en un lloc de p\u00edcnic popular tant per als visitants com per als locals. L&#8217;esgl\u00e9sia del poble, els or\u00edgens de la qual es remunten al segle XVIII, en substituci\u00f3 d&#8217;una esgl\u00e9sia rom\u00e0nica, tamb\u00e9 desperta l&#8217;inter\u00e8s de molts visitants.<\/p>\n<\/div>\n<\/div>\n\n\r\n    <\/div>\r\n<\/section>\n\n<section id=\"ls-section-block_17c60693937fc78b32cd0235ce35e0e6\" class=\"ls-section  page-two mosaique has-background has-color-4-background-color has-p-t p-t-14 has-p-b p-b-14\" >\r\n        <div class=\"container container--wide\">\r\n        \n\n<div class=\"wp-block-columns is-layout-flex wp-container-core-columns-is-layout-9d6595d7 wp-block-columns-is-layout-flex\">\n<div class=\"wp-block-column is-vertically-aligned-center is-layout-flow wp-block-column-is-layout-flow\">\n<p class=\"ls-paragraph\"><strong>El poble de Saint-Cyprien<\/strong> tamb\u00e9 ofereix activitats d&#8217;oci i activitats durant tot l&#8217;any. Concerts i festivals tradicionals reuneixen residents, navegants i estiuejants en dos llocs emblem\u00e0tics, la pla\u00e7a de la Rep\u00fablica i la pla\u00e7a Desnoyer. La gran Festa Major, un festival tradicional de tres dies que permet reconnectar amb la cultura catalana, organitzat cada any al setembre, atrau milers de visitants.<\/p>\n\n\n\n<p class=\"ls-paragraph\">L&#8217;Escola Municipal de M\u00fasica tamb\u00e9 organitza regularment concerts gratu\u00efts per tota la ciutat.<\/p>\n<\/div>\n\n\n\n<div class=\"wp-block-column is-vertically-aligned-center is-layout-flow wp-block-column-is-layout-flow\">\n<figure class=\"wp-block-image size-full\"><img decoding=\"async\" width=\"1800\" height=\"1200\" src=\"https:\/\/www.camping-le-calagogo.fr\/wp-content\/uploads\/2023\/11\/decouvrir-saint-cyprien.webp\" alt=\"descobrir Sant Cipri\u00e0\" class=\"wp-image-3373\" srcset=\"https:\/\/www.camping-le-calagogo.fr\/wp-content\/uploads\/2023\/11\/decouvrir-saint-cyprien.webp 1800w, https:\/\/www.camping-le-calagogo.fr\/wp-content\/uploads\/2023\/11\/decouvrir-saint-cyprien-300x200.webp 300w, https:\/\/www.camping-le-calagogo.fr\/wp-content\/uploads\/2023\/11\/decouvrir-saint-cyprien-1024x683.webp 1024w, https:\/\/www.camping-le-calagogo.fr\/wp-content\/uploads\/2023\/11\/decouvrir-saint-cyprien-768x512.webp 768w, https:\/\/www.camping-le-calagogo.fr\/wp-content\/uploads\/2023\/11\/decouvrir-saint-cyprien-1536x1024.webp 1536w\" sizes=\"(max-width: 1800px) 100vw, 1800px\" \/><\/figure>\n<\/div>\n<\/div>\n\n\r\n    <\/div>\r\n<\/section>\n\n<section id=\"ls-section-block_4f0c57e723b136fa31c5dd0f630ae973\" class=\"ls-section  section-parallax has-background-image has-parallax has-background has-color-black-background-color has-p-t p-t-30 has-p-b p-b-0\" >\r\n    <div class=\"ls-section__background-image opacity-58\"><img decoding=\"async\" src=\"https:\/\/www.camping-le-calagogo.fr\/wp-content\/uploads\/2023\/11\/parc-aquatique-toboggan.webp\" alt=\"\"><\/div>    <div class=\"container container--wide\">\r\n        \n\n<div class=\"wp-block-columns has-color-white-background-color has-background is-layout-flex wp-container-core-columns-is-layout-9d6595d7 wp-block-columns-is-layout-flex\">\n<div class=\"wp-block-column is-layout-flow wp-block-column-is-layout-flow\">\n<h2 class=\"ls__heading wp-block-heading has-text-align-center\">Dia a l&#8217;Aqualand de Saint-Cyprien<\/h2>\n\n\n\n<p class=\"ls-paragraph has-text-align-center\">L&#8217; Aqualand de Saint-Cyprien fa les del\u00edcies dels amants de les sensacions i el lliscament. Entre les atraccions m\u00e9s populars es troben:<\/p>\n\n\n\n<ul class=\"ls-list wp-block-list\">\n<li>\u201cL&#8217;Ona\u201d, una estructura gegantina que d\u00f3na una impressi\u00f3 d&#8217;ingevitat.<\/li>\n\n\n\n<li>&#8220;Niagra&#8221; \u00e9s una pista vertiginosa que fa les del\u00edcies dels aficionats a la velocitat.<\/li>\n\n\n\n<li>\u201cAnaconda\u201d, per als amants de les activitats lliscants i vertiginoses.<\/li>\n\n\n\n<li>&#8220;Big Bob&#8221; que et permet submergir-te a l&#8217;univers Rasta-Rockett&#8230;<\/li>\n<\/ul>\n\n\n\n<p class=\"ls-paragraph has-text-align-center\">Algunes atraccions s\u00f3n especialment populars entre les fam\u00edlies, com ara:<\/p>\n\n\n\n<ul class=\"ls-list wp-block-list\">\n<li>\u201cForat negre\u201d, amb l&#8217;experi\u00e8ncia d&#8217;un descens a la foscor.<\/li>\n\n\n\n<li>&#8220;Riu Congo&#8221;, on t&#8217;asseus c\u00f2modament en un vaixell i et deixes lliscar en un entorn tropical.<\/li>\n\n\n\n<li>\u201cSnake Canyon\u201d, conegut sobretot pels seus vertiginosos girs i baixades<\/li>\n\n\n\n<li>&#8220;Space Navigator&#8221;, una muntanya russa aqu\u00e0tica.<\/li>\n\n\n\n<li>&#8220;Surf Racer&#8221;, que promet noves sensacions de lliscament&#8230;<\/li>\n\n\n\n<li>\u201cTwister\u201d, per a 20 metres de caiguda lliure amb efectes de llum&#8230;<\/li>\n<\/ul>\n\n\n\n<p class=\"ls-paragraph has-text-align-center addReadMore showlesscontent [08:23]\">Per descomptat, hi ha atraccions dissenyades espec\u00edficament per als nens, com ara:<\/p>\n\n\n\n<ul class=\"ls-list wp-block-list\">\n<li>&#8220;Adventure Kids&#8221;, on els nens juguen als pirates a la seva illa del tresor, fent tot el que poden per agafar la fortalesa del capit\u00e0 Brook Water i els seus cinc tobogans.<\/li>\n\n\n\n<li>\u201cMini Park\u201d, un espai de diversi\u00f3 tem\u00e0tic que submergeix els m\u00e9s petits en un m\u00f3n fascinant amb dolls d&#8217;aigua i tobogans adaptats.<\/li>\n<\/ul>\n<\/div>\n<\/div>\n\n\r\n    <\/div>\r\n<\/section>\n\n<section id=\"ls-section-block_8cf19f67631596234e794f3bfb95e353\" class=\"ls-section  page-one has-p-t p-t-14 has-p-b p-b-14\" >\r\n        <div class=\"container container--wide\">\r\n        \n\n<div class=\"wp-block-columns is-layout-flex wp-container-core-columns-is-layout-9d6595d7 wp-block-columns-is-layout-flex\">\n<div class=\"wp-block-column is-vertically-aligned-center first is-layout-flow wp-block-column-is-layout-flow\" style=\"flex-basis:66.7%\">\n<figure class=\"wp-block-image size-full\"><img decoding=\"async\" width=\"1800\" height=\"1200\" src=\"https:\/\/www.camping-le-calagogo.fr\/wp-content\/uploads\/2023\/11\/plongee-saint-cyprien.webp\" alt=\"busseig saint cyprien\" class=\"wp-image-3384\" srcset=\"https:\/\/www.camping-le-calagogo.fr\/wp-content\/uploads\/2023\/11\/plongee-saint-cyprien.webp 1800w, https:\/\/www.camping-le-calagogo.fr\/wp-content\/uploads\/2023\/11\/plongee-saint-cyprien-300x200.webp 300w, https:\/\/www.camping-le-calagogo.fr\/wp-content\/uploads\/2023\/11\/plongee-saint-cyprien-1024x683.webp 1024w, https:\/\/www.camping-le-calagogo.fr\/wp-content\/uploads\/2023\/11\/plongee-saint-cyprien-768x512.webp 768w, https:\/\/www.camping-le-calagogo.fr\/wp-content\/uploads\/2023\/11\/plongee-saint-cyprien-1536x1024.webp 1536w\" sizes=\"(max-width: 1800px) 100vw, 1800px\" \/><\/figure>\n<\/div>\n\n\n\n<div class=\"wp-block-column is-vertically-aligned-center second is-layout-flow wp-block-column-is-layout-flow\" style=\"flex-basis:33.3%\">\n<h2 class=\"ls__heading wp-block-heading\">Activitats aqu\u00e0tiques a la platja de Saint-Cyprien<\/h2>\n\n\n\n<p class=\"ls-paragraph has-text-align-left\"><br><\/p>\n\n\n\n<ul class=\"ls-list wp-block-list\">\n<li><a href=\"https:\/\/www.camping-le-calagogo.fr\/ca\/novedades-del-camping-en-saint-cyprien\/busseix-en-el-mar\/\" data-type=\"post\" data-id=\"2821975\">Submarinisme:<\/a> Deixa&#8217;t temptar per aquesta experi\u00e8ncia \u00fanica de submarinisme. A partir de 19 euros, pots participar en una \u201cexcursi\u00f3 submarina\u201d, organitzada pel Centre de Submarinisme Aquaplanet. Si mai no heu practicat aquesta activitat, l&#8217;establiment ofereix cursos.<\/li>\n\n\n\n<li><strong>Viatge al mar:<\/strong> Gaudeix d&#8217;una escapada al mar per descobrir llocs imperdibles com la Costa Vermilionada o la Costa Brava, a Espanya.<\/li>\n<\/ul>\n<\/div>\n<\/div>\n\n\r\n    <\/div>\r\n<\/section>\n\n<section id=\"ls-section-block_17c60693937fc78b32cd0235ce35e0e6\" class=\"ls-section  page-two mosaique has-background has-color-4-background-color has-p-t p-t-14 has-p-b p-b-14\" >\r\n        <div class=\"container container--wide\">\r\n        \n\n<div class=\"wp-block-columns is-layout-flex wp-container-core-columns-is-layout-9d6595d7 wp-block-columns-is-layout-flex\">\n<div class=\"wp-block-column is-vertically-aligned-center is-layout-flow wp-block-column-is-layout-flow\">\n<ul class=\"ls-list wp-block-list\">\n<li><strong>Pesca al mar:<\/strong> Aquesta \u00e9s una gran experi\u00e8ncia que no us heu de perdre, sobretot si no voleu nom\u00e9s admirar el paisatge i els dofins durant el viatge mar\u00edtim.<\/li>\n\n\n\n<li><strong>Passejada al capvespre:<\/strong> Deixa&#8217;t temptar per una caminada al capvespre, d&#8217;una o dues hores de durada, al mar o a l&#8217;estany.<\/li>\n\n\n\n<li><strong>Nedar &#8220;Robinson&#8221;:<\/strong> durant una hora i mitja, podeu nedar a prop de les platges salvatges m\u00e9s boniques de Saint-Cyprien i els voltants. L&#8217;oportunitat tamb\u00e9 de practicar esports aqu\u00e0tics com el p\u00e0del o l&#8217;snorkel, entre d&#8217;altres.<\/li>\n<\/ul>\n<\/div>\n\n\n\n<div class=\"wp-block-column is-vertically-aligned-center is-layout-flow wp-block-column-is-layout-flow\">\n<figure class=\"wp-block-image size-full\"><img decoding=\"async\" width=\"1800\" height=\"1200\" src=\"https:\/\/www.camping-le-calagogo.fr\/wp-content\/uploads\/2023\/11\/peche-saint-cyprien.webp\" alt=\"Sant Cipri\u00e0 pescador\" class=\"wp-image-3389\" srcset=\"https:\/\/www.camping-le-calagogo.fr\/wp-content\/uploads\/2023\/11\/peche-saint-cyprien.webp 1800w, https:\/\/www.camping-le-calagogo.fr\/wp-content\/uploads\/2023\/11\/peche-saint-cyprien-300x200.webp 300w, https:\/\/www.camping-le-calagogo.fr\/wp-content\/uploads\/2023\/11\/peche-saint-cyprien-1024x683.webp 1024w, https:\/\/www.camping-le-calagogo.fr\/wp-content\/uploads\/2023\/11\/peche-saint-cyprien-768x512.webp 768w, https:\/\/www.camping-le-calagogo.fr\/wp-content\/uploads\/2023\/11\/peche-saint-cyprien-1536x1024.webp 1536w\" sizes=\"(max-width: 1800px) 100vw, 1800px\" \/><\/figure>\n<\/div>\n<\/div>\n\n\r\n    <\/div>\r\n<\/section>\n\n<section id=\"ls-section-block_e18b19a74f3363ea01443217632bc529\" class=\"ls-section  page-maillage has-p-b p-b-14\" >\r\n        <div class=\"container container--wide\">\r\n        \n\n<div id=\"ls-heading ls-titre-div-block_0b5b5f473b77a882d9c7770210d6543e\" class=\"ls-titre-div m-left h2-like\" >\n    Ciutats properes<\/br> de Saint-Cyprien<\/div>\n\n\n<div id=\"ls-maillage-block_fd9a3b39023d468effe559498a2205db\" class=\"ls-maillage cta-style-normal\" data-rows=\"3\">\n    <div class=\"wp-block-columns  \"><div class=\"wp-block-column\"><div id=\"destinations\" class=\"ls-cta\">\n\n<a href=\"https:\/\/www.camping-le-calagogo.fr\/ca\/camping-argeles-sur-mer\/turisme-argeles-sur-mer\/\" target=\"\" rel=\"noopener\" class=\"ls-cta__link\">\n\n\t<div class=\"ls-cta__image\"><img decoding=\"async\" src=\"https:\/\/www.camping-le-calagogo.fr\/wp-content\/uploads\/2023\/11\/visiter-argeles-sur-mer.webp\" alt=\"\"><\/div>\n\t<div class=\"ls-cta__title\">\n\t\tArgel\u00e8s-sur-Mer\t<\/div>\n\t\n\t\t\n<\/a><\/div><\/div><div class=\"wp-block-column\"><div id=\"destinations\" class=\"ls-cta\">\n\n<a href=\"https:\/\/www.camping-le-calagogo.fr\/ca\/turisme-port-barcares\/\" target=\"\" rel=\"noopener\" class=\"ls-cta__link\">\n\n\t<div class=\"ls-cta__image\"><img decoding=\"async\" src=\"https:\/\/www.camping-le-calagogo.fr\/wp-content\/uploads\/2023\/11\/visiter-port-barcares.webp\" alt=\"\"><\/div>\n\t<div class=\"ls-cta__title\">\n\t\tPort Barcar\u00e8s\t<\/div>\n\t\n\t\t\n<\/a><\/div><\/div><div class=\"wp-block-column\"><div id=\"destinations\" class=\"ls-cta\">\n\n<a href=\"https:\/\/www.camping-le-calagogo.fr\/ca\/camping-carcassona\/\" target=\"\" rel=\"noopener\" class=\"ls-cta__link\">\n\n\t<div class=\"ls-cta__image\"><img decoding=\"async\" src=\"https:\/\/www.camping-le-calagogo.fr\/wp-content\/uploads\/2023\/12\/sejour-camping-carcassonne.webp\" alt=\"\"><\/div>\n\t<div class=\"ls-cta__title\">\n\t\tCamping Carcasonne\t<\/div>\n\t\n\t\t\n<\/a><\/div><\/div><\/div><\/div>\n\r\n    <\/div>\r\n<\/section>","protected":false},"excerpt":{"rendered":"","protected":false},"author":1,"featured_media":3330,"parent":0,"menu_order":0,"comment_status":"closed","ping_status":"closed","template":"","meta":{"_acf_changed":false,"_seopress_robots_primary_cat":"","_seopress_titles_title":"Turisme Saint-Cyprien | Llocs, visites i activitats a St Cyprien (66)","_seopress_titles_desc":"Descobriu Saint Cyprien, aquesta magn\u00edfica estaci\u00f3 costanera dels Pirineus Orientals situada al costat del mar per a la vostra propera estada!","_seopress_robots_index":"","inline_featured_image":false,"footnotes":""},"sujet":[],"class_list":["post-2708577","page","type-page","status-publish","has-post-thumbnail","hentry"],"acf":[],"_links":{"self":[{"href":"https:\/\/www.camping-le-calagogo.fr\/ca\/wp-json\/wp\/v2\/pages\/2708577","targetHints":{"allow":["GET"]}}],"collection":[{"href":"https:\/\/www.camping-le-calagogo.fr\/ca\/wp-json\/wp\/v2\/pages"}],"about":[{"href":"https:\/\/www.camping-le-calagogo.fr\/ca\/wp-json\/wp\/v2\/types\/page"}],"author":[{"embeddable":true,"href":"https:\/\/www.camping-le-calagogo.fr\/ca\/wp-json\/wp\/v2\/users\/1"}],"replies":[{"embeddable":true,"href":"https:\/\/www.camping-le-calagogo.fr\/ca\/wp-json\/wp\/v2\/comments?post=2708577"}],"version-history":[{"count":10,"href":"https:\/\/www.camping-le-calagogo.fr\/ca\/wp-json\/wp\/v2\/pages\/2708577\/revisions"}],"predecessor-version":[{"id":2825775,"href":"https:\/\/www.camping-le-calagogo.fr\/ca\/wp-json\/wp\/v2\/pages\/2708577\/revisions\/2825775"}],"wp:featuredmedia":[{"embeddable":true,"href":"https:\/\/www.camping-le-calagogo.fr\/ca\/wp-json\/wp\/v2\/media\/3330"}],"wp:attachment":[{"href":"https:\/\/www.camping-le-calagogo.fr\/ca\/wp-json\/wp\/v2\/media?parent=2708577"}],"wp:term":[{"taxonomy":"sujet","embeddable":true,"href":"https:\/\/www.camping-le-calagogo.fr\/ca\/wp-json\/wp\/v2\/sujet?post=2708577"}],"curies":[{"name":"wp","href":"https:\/\/api.w.org\/{rel}","templated":true}]}}