{"id":2708581,"date":"2023-12-07T21:11:47","date_gmt":"2023-12-07T20:11:47","guid":{"rendered":"https:\/\/www.camping-le-calagogo.fr\/parcelles-caravaning-saint-cyprien\/"},"modified":"2024-09-03T12:11:35","modified_gmt":"2024-09-03T10:11:35","slug":"parcelles-caravaning-saint-cyprien","status":"publish","type":"page","link":"https:\/\/www.camping-le-calagogo.fr\/ca\/parcelles-caravaning-saint-cyprien\/","title":{"rendered":"Ubicacions Saint-Cyprien"},"content":{"rendered":"<section id=\"ls-section-block_f14fa7d10565ea98933700858b30e6f1\" class=\"ls-section  page-chapeau deco has-p-b p-b-4\" >\r\n        <div class=\"container \">\r\n        \n\n<h1 class=\"ls__heading wp-block-heading has-text-align-center\">Lloguer parcel\u00b7la per a tendes de campanya <br><strong>a Saint-Cyprien<\/strong><\/h1>\n\n\n\n<h2 class=\"ls__heading wp-block-heading has-text-align-center m-t-4\">Lloguer parcel\u00b7la de c\u00e0mping-caravaning<\/h2>\n\n\n\n<p class=\"ls-paragraph has-text-align-center\">Dissenyat per portar  <strong>millor confort per a tots els estiuejants<\/strong>, aficionats al c\u00e0mping tradicional com a viatgers en autocaravana, les nostres parcel\u00b7les estan equipades amb una connexi\u00f3 el\u00e8ctrica de 10 amperes: pot\u00e8ncia suficient per alimentar sense cap problema.  <strong>els estiuejants millor equipats<\/strong>  ! Benefici de  <a href=\"https:\/\/www.camping-le-calagogo.fr\/ca\/lloguer-mobil-home-llenguadoc-rossello\/\" data-type=\"page\" data-id=\"74\">bones ofertes i promocions<\/a> als nostres c\u00e0mpings a St Cyprien. <\/p>\n\n\n\n<figure class=\"wp-block-gallery has-nested-images columns-default is-cropped wp-block-gallery-1 is-layout-flex wp-block-gallery-is-layout-flex\">\n<figure class=\"wp-block-image size-full\"><img decoding=\"async\" width=\"952\" height=\"580\" data-id=\"2824554\" src=\"https:\/\/www.camping-le-calagogo.fr\/wp-content\/uploads\/2023\/12\/soleil-sur-les-emplacement-cala-gogo.jpeg\" alt=\"ubicaci\u00f3 assolellada del c\u00e0mping cala gogo a st Xipre\" class=\"wp-image-2824554\" srcset=\"https:\/\/www.camping-le-calagogo.fr\/wp-content\/uploads\/2023\/12\/soleil-sur-les-emplacement-cala-gogo.jpeg 952w, https:\/\/www.camping-le-calagogo.fr\/wp-content\/uploads\/2023\/12\/soleil-sur-les-emplacement-cala-gogo-300x183.jpeg 300w, https:\/\/www.camping-le-calagogo.fr\/wp-content\/uploads\/2023\/12\/soleil-sur-les-emplacement-cala-gogo-768x468.jpeg 768w\" sizes=\"(max-width: 952px) 100vw, 952px\" \/><\/figure>\n\n\n\n<figure class=\"wp-block-image size-full\"><img decoding=\"async\" width=\"952\" height=\"580\" data-id=\"2824552\" src=\"https:\/\/www.camping-le-calagogo.fr\/wp-content\/uploads\/2023\/12\/les-emplacements-du-camping-cala-gogo-vue-du-ciel.jpeg\" alt=\"\" class=\"wp-image-2824552\" srcset=\"https:\/\/www.camping-le-calagogo.fr\/wp-content\/uploads\/2023\/12\/les-emplacements-du-camping-cala-gogo-vue-du-ciel.jpeg 952w, https:\/\/www.camping-le-calagogo.fr\/wp-content\/uploads\/2023\/12\/les-emplacements-du-camping-cala-gogo-vue-du-ciel-300x183.jpeg 300w, https:\/\/www.camping-le-calagogo.fr\/wp-content\/uploads\/2023\/12\/les-emplacements-du-camping-cala-gogo-vue-du-ciel-768x468.jpeg 768w\" sizes=\"(max-width: 952px) 100vw, 952px\" \/><\/figure>\n\n\n\n<figure class=\"wp-block-image size-full\"><img decoding=\"async\" width=\"800\" height=\"517\" data-id=\"2824542\" src=\"https:\/\/www.camping-le-calagogo.fr\/wp-content\/uploads\/2023\/12\/st-cyprien-camping-cala-gogo-emplacement-tente-et-caravane.jpeg\" alt=\"\" class=\"wp-image-2824542\" srcset=\"https:\/\/www.camping-le-calagogo.fr\/wp-content\/uploads\/2023\/12\/st-cyprien-camping-cala-gogo-emplacement-tente-et-caravane.jpeg 800w, https:\/\/www.camping-le-calagogo.fr\/wp-content\/uploads\/2023\/12\/st-cyprien-camping-cala-gogo-emplacement-tente-et-caravane-300x194.jpeg 300w, https:\/\/www.camping-le-calagogo.fr\/wp-content\/uploads\/2023\/12\/st-cyprien-camping-cala-gogo-emplacement-tente-et-caravane-768x496.jpeg 768w\" sizes=\"(max-width: 800px) 100vw, 800px\" \/><\/figure>\n\n\n\n<figure class=\"wp-block-image size-full\"><img decoding=\"async\" width=\"700\" height=\"452\" data-id=\"2824557\" src=\"https:\/\/www.camping-le-calagogo.fr\/wp-content\/uploads\/2023\/12\/emplacement-camping-cala-gogo-st-cyprien.jpeg\" alt=\"\" class=\"wp-image-2824557\" srcset=\"https:\/\/www.camping-le-calagogo.fr\/wp-content\/uploads\/2023\/12\/emplacement-camping-cala-gogo-st-cyprien.jpeg 700w, https:\/\/www.camping-le-calagogo.fr\/wp-content\/uploads\/2023\/12\/emplacement-camping-cala-gogo-st-cyprien-300x194.jpeg 300w\" sizes=\"(max-width: 700px) 100vw, 700px\" \/><\/figure>\n\n\n\n<figure class=\"wp-block-image size-full\"><img decoding=\"async\" width=\"750\" height=\"484\" data-id=\"2824564\" src=\"https:\/\/www.camping-le-calagogo.fr\/wp-content\/uploads\/2023\/12\/Emplacement-camping-cala-gogo-argeles.jpeg\" alt=\"\" class=\"wp-image-2824564\" srcset=\"https:\/\/www.camping-le-calagogo.fr\/wp-content\/uploads\/2023\/12\/Emplacement-camping-cala-gogo-argeles.jpeg 750w, https:\/\/www.camping-le-calagogo.fr\/wp-content\/uploads\/2023\/12\/Emplacement-camping-cala-gogo-argeles-300x194.jpeg 300w\" sizes=\"(max-width: 750px) 100vw, 750px\" \/><\/figure>\n\n\n\n<figure class=\"wp-block-image size-full\"><img decoding=\"async\" width=\"850\" height=\"549\" data-id=\"2824543\" src=\"https:\/\/www.camping-le-calagogo.fr\/wp-content\/uploads\/2023\/12\/emplacement-camping-cala-gogo.jpeg\" alt=\"\" class=\"wp-image-2824543\" srcset=\"https:\/\/www.camping-le-calagogo.fr\/wp-content\/uploads\/2023\/12\/emplacement-camping-cala-gogo.jpeg 850w, https:\/\/www.camping-le-calagogo.fr\/wp-content\/uploads\/2023\/12\/emplacement-camping-cala-gogo-300x194.jpeg 300w, https:\/\/www.camping-le-calagogo.fr\/wp-content\/uploads\/2023\/12\/emplacement-camping-cala-gogo-768x496.jpeg 768w\" sizes=\"(max-width: 850px) 100vw, 850px\" \/><\/figure>\n\n\n\n<figure class=\"wp-block-image size-full\"><img decoding=\"async\" width=\"700\" height=\"452\" data-id=\"2824577\" src=\"https:\/\/www.camping-le-calagogo.fr\/wp-content\/uploads\/2023\/12\/Camping-Calagogo-240819-114_1.jpg\" alt=\"\" class=\"wp-image-2824577\" srcset=\"https:\/\/www.camping-le-calagogo.fr\/wp-content\/uploads\/2023\/12\/Camping-Calagogo-240819-114_1.jpg 700w, https:\/\/www.camping-le-calagogo.fr\/wp-content\/uploads\/2023\/12\/Camping-Calagogo-240819-114_1-300x194.jpg 300w\" sizes=\"(max-width: 700px) 100vw, 700px\" \/><\/figure>\n\n\n\n<figure class=\"wp-block-image size-full\"><img decoding=\"async\" width=\"800\" height=\"517\" data-id=\"2824572\" src=\"https:\/\/www.camping-le-calagogo.fr\/wp-content\/uploads\/2023\/12\/Emplacement-camping-Cala-gogo-en-languedoc.jpeg\" alt=\"\" class=\"wp-image-2824572\" srcset=\"https:\/\/www.camping-le-calagogo.fr\/wp-content\/uploads\/2023\/12\/Emplacement-camping-Cala-gogo-en-languedoc.jpeg 800w, https:\/\/www.camping-le-calagogo.fr\/wp-content\/uploads\/2023\/12\/Emplacement-camping-Cala-gogo-en-languedoc-300x194.jpeg 300w, https:\/\/www.camping-le-calagogo.fr\/wp-content\/uploads\/2023\/12\/Emplacement-camping-Cala-gogo-en-languedoc-768x496.jpeg 768w\" sizes=\"(max-width: 800px) 100vw, 800px\" \/><\/figure>\n<\/figure>\n\n\r\n    <\/div>\r\n<\/section>\n\n<section id=\"ls-section-block_6542387768f350c4e3cc154379debfb3\" class=\"ls-section  has-m-t m-t-1 has-p-t p-t-0\" >\r\n        <div class=\"container container--wide\">\r\n        \n\n<ctv-availability data-product-type=\"pitch\" data-background-color=\"#FFFFFFFF\"><\/ctv-availability>\n<script>\n    window.ctoutvert = {\n\t\tid: 2224, \n\t\tlang: 'auto', \n\t\turl: 'https:\/\/reservation.secureholiday.net\/widgets\/'\n    };\n\n    (function (w, d, s, ctv, r, js, fjs) {\n        r=new XMLHttpRequest();r.open('GET',w[ctv].url+'js\/src.json');\n        r.responseType='json';r.json=true;r.send();\n        r.onload=function(){w[ctv].src=r.responseType=='json'?r.response:JSON.parse(r.response);\n        js.src=w[ctv].src[0];fjs.parentNode.insertBefore(js, fjs);}\n        js=d.createElement(s),fjs=d.getElementsByTagName(s)[0];\n        js.id='ctvwidget';js.async=1;\n    }(window, document, 'script', 'ctoutvert'));\n<\/script>\n\n\r\n    <\/div>\r\n<\/section>\n\n<section id=\"ls-section-block_fb1cc61f8512d51cc11e6d46f56baee8\" class=\"ls-section  page-one has-p-t p-t-0 has-p-b p-b-14\" >\r\n        <div class=\"container container--wide\">\r\n        \n\n<div class=\"wp-block-columns is-layout-flex wp-container-core-columns-is-layout-9d6595d7 wp-block-columns-is-layout-flex\">\n<div class=\"wp-block-column first is-layout-flow wp-block-column-is-layout-flow\" style=\"flex-basis:66.7%\">\n<figure class=\"wp-block-gallery has-nested-images columns-default is-cropped gallery-slider-page animated fadeInUp slow wp-block-gallery-2 is-layout-flex wp-block-gallery-is-layout-flex\">\n<figure class=\"wp-block-image size-full\"><a href=\"https:\/\/www.camping-le-calagogo.fr\/wp-content\/uploads\/2023\/12\/location-emplacement-languedoc-rousillon.webp\"><img decoding=\"async\" width=\"1800\" height=\"1200\" data-id=\"2630286\" src=\"https:\/\/www.camping-le-calagogo.fr\/wp-content\/uploads\/2023\/12\/location-emplacement-languedoc-rousillon.webp\" alt=\"local de lloguer al Llenguadoc Rossell\u00f3\" class=\"wp-image-2630286\" srcset=\"https:\/\/www.camping-le-calagogo.fr\/wp-content\/uploads\/2023\/12\/location-emplacement-languedoc-rousillon.webp 1800w, https:\/\/www.camping-le-calagogo.fr\/wp-content\/uploads\/2023\/12\/location-emplacement-languedoc-rousillon-300x200.webp 300w, https:\/\/www.camping-le-calagogo.fr\/wp-content\/uploads\/2023\/12\/location-emplacement-languedoc-rousillon-1024x683.webp 1024w, https:\/\/www.camping-le-calagogo.fr\/wp-content\/uploads\/2023\/12\/location-emplacement-languedoc-rousillon-768x512.webp 768w, https:\/\/www.camping-le-calagogo.fr\/wp-content\/uploads\/2023\/12\/location-emplacement-languedoc-rousillon-1536x1024.webp 1536w\" sizes=\"(max-width: 1800px) 100vw, 1800px\" \/><\/a><\/figure>\n\n\n\n<figure class=\"wp-block-image size-full\"><a href=\"https:\/\/www.camping-le-calagogo.fr\/wp-content\/uploads\/2023\/12\/emplacement-caravaning-pyreees-orientales.webp\"><img decoding=\"async\" width=\"1800\" height=\"1200\" data-id=\"2630314\" src=\"https:\/\/www.camping-le-calagogo.fr\/wp-content\/uploads\/2023\/12\/emplacement-caravaning-pyreees-orientales.webp\" alt=\"ubicaci\u00f3 caravaning pirineu oriental\" class=\"wp-image-2630314\" srcset=\"https:\/\/www.camping-le-calagogo.fr\/wp-content\/uploads\/2023\/12\/emplacement-caravaning-pyreees-orientales.webp 1800w, https:\/\/www.camping-le-calagogo.fr\/wp-content\/uploads\/2023\/12\/emplacement-caravaning-pyreees-orientales-300x200.webp 300w, https:\/\/www.camping-le-calagogo.fr\/wp-content\/uploads\/2023\/12\/emplacement-caravaning-pyreees-orientales-1024x683.webp 1024w, https:\/\/www.camping-le-calagogo.fr\/wp-content\/uploads\/2023\/12\/emplacement-caravaning-pyreees-orientales-768x512.webp 768w, https:\/\/www.camping-le-calagogo.fr\/wp-content\/uploads\/2023\/12\/emplacement-caravaning-pyreees-orientales-1536x1024.webp 1536w\" sizes=\"(max-width: 1800px) 100vw, 1800px\" \/><\/a><\/figure>\n\n\n\n<figure class=\"wp-block-image size-full\"><a href=\"https:\/\/www.camping-le-calagogo.fr\/wp-content\/uploads\/2023\/12\/camping-petit-prix-saint-cyprien.webp\"><img decoding=\"async\" width=\"1799\" height=\"1200\" data-id=\"2630355\" src=\"https:\/\/www.camping-le-calagogo.fr\/wp-content\/uploads\/2023\/12\/camping-petit-prix-saint-cyprien.webp\" alt=\"C\u00e0mping de baix preu saint cyprien\" class=\"wp-image-2630355\" srcset=\"https:\/\/www.camping-le-calagogo.fr\/wp-content\/uploads\/2023\/12\/camping-petit-prix-saint-cyprien.webp 1799w, https:\/\/www.camping-le-calagogo.fr\/wp-content\/uploads\/2023\/12\/camping-petit-prix-saint-cyprien-300x200.webp 300w, https:\/\/www.camping-le-calagogo.fr\/wp-content\/uploads\/2023\/12\/camping-petit-prix-saint-cyprien-1024x683.webp 1024w, https:\/\/www.camping-le-calagogo.fr\/wp-content\/uploads\/2023\/12\/camping-petit-prix-saint-cyprien-768x512.webp 768w, https:\/\/www.camping-le-calagogo.fr\/wp-content\/uploads\/2023\/12\/camping-petit-prix-saint-cyprien-1536x1025.webp 1536w\" sizes=\"(max-width: 1799px) 100vw, 1799px\" \/><\/a><\/figure>\n\n\n\n<figure class=\"wp-block-image size-full\"><a href=\"https:\/\/www.camping-le-calagogo.fr\/wp-content\/uploads\/2023\/12\/location-emplacement-saint-cyprien.webp\"><img decoding=\"async\" width=\"1800\" height=\"1200\" data-id=\"2630302\" src=\"https:\/\/www.camping-le-calagogo.fr\/wp-content\/uploads\/2023\/12\/location-emplacement-saint-cyprien.webp\" alt=\"local de lloguer saint cyprien\" class=\"wp-image-2630302\" srcset=\"https:\/\/www.camping-le-calagogo.fr\/wp-content\/uploads\/2023\/12\/location-emplacement-saint-cyprien.webp 1800w, https:\/\/www.camping-le-calagogo.fr\/wp-content\/uploads\/2023\/12\/location-emplacement-saint-cyprien-300x200.webp 300w, https:\/\/www.camping-le-calagogo.fr\/wp-content\/uploads\/2023\/12\/location-emplacement-saint-cyprien-1024x683.webp 1024w, https:\/\/www.camping-le-calagogo.fr\/wp-content\/uploads\/2023\/12\/location-emplacement-saint-cyprien-768x512.webp 768w, https:\/\/www.camping-le-calagogo.fr\/wp-content\/uploads\/2023\/12\/location-emplacement-saint-cyprien-1536x1024.webp 1536w\" sizes=\"(max-width: 1800px) 100vw, 1800px\" \/><\/a><\/figure>\n<\/figure>\n<\/div>\n\n\n\n<div class=\"wp-block-column is-vertically-aligned-center second is-layout-flow wp-block-column-is-layout-flow\" style=\"flex-basis:33.3%\">\n<h2 class=\"ls__heading wp-block-heading\">C\u00e0mping Saint Cyprien al Llenguadoc Rossell\u00f3<\/h2>\n\n\n\n<p class=\"ls-paragraph\">Dissenyades per allotjar 2 persones incloses en el paquet i fins a 4 persones addicionals com a opci\u00f3, les nostres parcel\u00b7les Standard ofereixen una gran superf\u00edcie de fins a 100 m\u00b2. El paquet inclou l&#8217;acc\u00e9s a <strong>banys de gamma alta<\/strong> , incl\u00f2s un amb calefacci\u00f3 a l&#8217;abril, maig, juny i setembre. Tamb\u00e9 trobareu a cada Bloc un lavabo accessible per a persones amb mobilitat redu\u00efda (no dubteu a demanar la clau a recepci\u00f3).<\/p>\n\n\n\n<p class=\"ls-paragraph\">T&#8217;allotges en una <strong>parcel\u00b7la privada \u00e0mplia i ben delimitada<\/strong> en un entorn paisatg\u00edstic relaxant. Podeu aprofitar totes les comoditats i instal\u00b7lacions d&#8217;oci del <a href=\"https:\/\/www.camping-le-calagogo.fr\/ca\/\" data-type=\"page\" data-id=\"9\">c\u00e0mping a Saint-Cyprien<\/a> mentre gaudiu d&#8217;una gran pau i tranquil\u00b7litat cada dia a la vostra parcel\u00b7la. <strong>El lloguer de neveres i barbacoes<\/strong> \u00e9s possible a <a href=\"https:\/\/www.camping-le-calagogo.fr\/ca\/camping-argeles-sur-mer\/caravaning-location-argeles-sur-mer\/\" data-type=\"page\" data-id=\"90\">les nostres ubicacions properes a Argel\u00e8s<\/a> .<\/p>\n<\/div>\n<\/div>\n\n\r\n    <\/div>\r\n<\/section>\n\n<section id=\"ls-section-block_436b55758300a6f6b40f91a03379d749\" class=\"ls-section  page-two mosaique has-background has-color-4-background-color has-p-t p-t-14 has-p-b p-b-14\" >\r\n        <div class=\"container container--wide\">\r\n        \n\n<div class=\"wp-block-columns is-layout-flex wp-container-core-columns-is-layout-9d6595d7 wp-block-columns-is-layout-flex\">\n<div class=\"wp-block-column is-vertically-aligned-top is-layout-flow wp-block-column-is-layout-flow\">\n<h2 class=\"ls__heading wp-block-heading\">Viu una experi\u00e8ncia \u00fanica amb esperit de c\u00e0mping<\/h2>\n\n\n\n<p class=\"ls-paragraph\">Aficionats a unes <strong>vacances naturals, a l&#8217;aire lliure i rejovenidores<\/strong> , no dubteu a fer verd al c\u00e0mping Cala Gogo. Les nostres parcel\u00b7les estan delimitades amb nombroses plantes que us ofereixen <strong>tranquil\u00b7litat i privacitat<\/strong> . Aut\u00e8ntics entorns verds, els nostres <strong>c\u00e0mpings-caravanes tradicionals<\/strong> permeten gaudir de la millor manera possible de les alegries de l&#8217;aire lliure: esmorzars, \u00e0pats i aperitius a l&#8217;exterior, grills a la brasa de gas o el\u00e8ctrics, nits en tendes de campanya, jocs a l&#8217;aire lliure, <strong>proveir-se d&#8217;oxigen.<\/strong> als Pirineus Orientals!<br>Descobriu tamb\u00e9 els nostres <a href=\"https:\/\/www.camping-le-calagogo.fr\/ca\/lloguer-mobil-home-llenguadoc-rossello\/\" data-type=\"page\" data-id=\"74\">lloguers de mobil home a St Cyprien<\/a> .<\/p>\n\n\n\n<p class=\"ls-paragraph\"><strong>Els amants del c\u00e0mping tradicional<\/strong> no s&#8217;equivoquen: l&#8217;ambient agradable als rentaplats, la cordial salutaci\u00f3 entre ve\u00efns, <strong>tota la calidesa del c\u00e0mping<\/strong> es pot viure a Cala Gogo.<\/p>\n<\/div>\n\n\n\n<div class=\"wp-block-column is-vertically-aligned-center is-layout-flow wp-block-column-is-layout-flow\">\n<figure class=\"wp-block-image size-full animated fadeInRight delay-100ms slow\"><a href=\"https:\/\/www.camping-le-calagogo.fr\/wp-content\/uploads\/2023\/12\/louer-emplacement-saint-cyprien.webp\"><img decoding=\"async\" width=\"1800\" height=\"1200\" src=\"https:\/\/www.camping-le-calagogo.fr\/wp-content\/uploads\/2023\/12\/louer-emplacement-saint-cyprien.webp\" alt=\"lloguer local saint cyprien\" class=\"wp-image-2630308\" srcset=\"https:\/\/www.camping-le-calagogo.fr\/wp-content\/uploads\/2023\/12\/louer-emplacement-saint-cyprien.webp 1800w, https:\/\/www.camping-le-calagogo.fr\/wp-content\/uploads\/2023\/12\/louer-emplacement-saint-cyprien-300x200.webp 300w, https:\/\/www.camping-le-calagogo.fr\/wp-content\/uploads\/2023\/12\/louer-emplacement-saint-cyprien-1024x683.webp 1024w, https:\/\/www.camping-le-calagogo.fr\/wp-content\/uploads\/2023\/12\/louer-emplacement-saint-cyprien-768x512.webp 768w, https:\/\/www.camping-le-calagogo.fr\/wp-content\/uploads\/2023\/12\/louer-emplacement-saint-cyprien-1536x1024.webp 1536w\" sizes=\"(max-width: 1800px) 100vw, 1800px\" \/><\/a><\/figure>\n<\/div>\n<\/div>\n\n\r\n    <\/div>\r\n<\/section>\n\n<section id=\"ls-section-block_d3f4798e12e4107beda88011c17be062\" class=\"ls-section  page-maillage has-p-b p-b-14\" >\r\n        <div class=\"container container--wide\">\r\n        \n\n<div id=\"ls-heading ls-titre-div-block_22acb5703a4d2e0e9728718a9a869607\" class=\"ls-titre-div m-left h2-like\" >\n    Descobreix l&#8217;allotjament,<\/br> serveis i els nostres preus!<\/div>\n\n\n<div id=\"ls-maillage-block_f7b2420efa4f4fc0dde9b90006236e98\" class=\"ls-maillage cta-style-normal\" data-rows=\"3\">\n    <div class=\"wp-block-columns  \"><div class=\"wp-block-column\"><div id=\"destinations\" class=\"ls-cta\">\n\n<a href=\"https:\/\/www.camping-le-calagogo.fr\/ca\/camping-serveis-pirineus-orientals\/\" target=\"\" rel=\"noopener\" class=\"ls-cta__link\">\n\n\t<div class=\"ls-cta__image\"><img decoding=\"async\" src=\"https:\/\/www.camping-le-calagogo.fr\/wp-content\/uploads\/2023\/12\/epicerie-languedoc.webp\" alt=\"\"><\/div>\n\t<div class=\"ls-cta__title\">\n\t\tServeis i empreses\t<\/div>\n\t\n\t\t\n<\/a><\/div><\/div><div class=\"wp-block-column\"><div id=\"destinations\" class=\"ls-cta\">\n\n<a href=\"https:\/\/www.camping-le-calagogo.fr\/ca\/lloguer-mobil-home-llenguadoc-rossello\/\" target=\"\" rel=\"noopener\" class=\"ls-cta__link\">\n\n\t<div class=\"ls-cta__image\"><img decoding=\"async\" src=\"https:\/\/www.camping-le-calagogo.fr\/wp-content\/uploads\/2023\/12\/sejour-mobil-home-pyrenees-orientales.webp\" alt=\"\"><\/div>\n\t<div class=\"ls-cta__title\">\n\t\tCases m\u00f2bils\t<\/div>\n\t\n\t\t\n<\/a><\/div><\/div><div class=\"wp-block-column\"><div id=\"destinations\" class=\"ls-cta\">\n\n<a href=\"https:\/\/www.camping-le-calagogo.fr\/ca\/barat-camping-llenguadoc-rossello\/\" target=\"\" rel=\"noopener\" class=\"ls-cta__link\">\n\n\t<div class=\"ls-cta__image\"><img decoding=\"async\" src=\"https:\/\/www.camping-le-calagogo.fr\/wp-content\/uploads\/2023\/12\/camping-reception.webp\" alt=\"\"><\/div>\n\t<div class=\"ls-cta__title\">\n\t\tPreus\t<\/div>\n\t\n\t\t\n<\/a><\/div><\/div><\/div><\/div>\n\r\n    <\/div>\r\n<\/section>","protected":false},"excerpt":{"rendered":"","protected":false},"author":1,"featured_media":2629890,"parent":0,"menu_order":0,"comment_status":"closed","ping_status":"closed","template":"","meta":{"_acf_changed":false,"_seopress_robots_primary_cat":"","_seopress_titles_title":"","_seopress_titles_desc":"","_seopress_robots_index":"","inline_featured_image":false,"footnotes":""},"sujet":[],"class_list":["post-2708581","page","type-page","status-publish","has-post-thumbnail","hentry"],"acf":[],"_links":{"self":[{"href":"https:\/\/www.camping-le-calagogo.fr\/ca\/wp-json\/wp\/v2\/pages\/2708581","targetHints":{"allow":["GET"]}}],"collection":[{"href":"https:\/\/www.camping-le-calagogo.fr\/ca\/wp-json\/wp\/v2\/pages"}],"about":[{"href":"https:\/\/www.camping-le-calagogo.fr\/ca\/wp-json\/wp\/v2\/types\/page"}],"author":[{"embeddable":true,"href":"https:\/\/www.camping-le-calagogo.fr\/ca\/wp-json\/wp\/v2\/users\/1"}],"replies":[{"embeddable":true,"href":"https:\/\/www.camping-le-calagogo.fr\/ca\/wp-json\/wp\/v2\/comments?post=2708581"}],"version-history":[{"count":17,"href":"https:\/\/www.camping-le-calagogo.fr\/ca\/wp-json\/wp\/v2\/pages\/2708581\/revisions"}],"predecessor-version":[{"id":2845746,"href":"https:\/\/www.camping-le-calagogo.fr\/ca\/wp-json\/wp\/v2\/pages\/2708581\/revisions\/2845746"}],"wp:featuredmedia":[{"embeddable":true,"href":"https:\/\/www.camping-le-calagogo.fr\/ca\/wp-json\/wp\/v2\/media\/2629890"}],"wp:attachment":[{"href":"https:\/\/www.camping-le-calagogo.fr\/ca\/wp-json\/wp\/v2\/media?parent=2708581"}],"wp:term":[{"taxonomy":"sujet","embeddable":true,"href":"https:\/\/www.camping-le-calagogo.fr\/ca\/wp-json\/wp\/v2\/sujet?post=2708581"}],"curies":[{"name":"wp","href":"https:\/\/api.w.org\/{rel}","templated":true}]}}