{"id":2708599,"date":"2023-11-21T22:53:13","date_gmt":"2023-11-21T21:53:13","guid":{"rendered":"https:\/\/www.camping-le-calagogo.fr\/camping-negoci-comite-st-cyprien\/"},"modified":"2024-02-02T09:11:47","modified_gmt":"2024-02-02T08:11:47","slug":"camping-comite-entreprise-st-cyprien","status":"publish","type":"page","link":"https:\/\/www.camping-le-calagogo.fr\/ca\/camping-comite-entreprise-st-cyprien\/","title":{"rendered":"Especialista CSE"},"content":{"rendered":"<section id=\"ls-section-block_9fcc4fd0d57140e5b47e4c185133b1ad\" class=\"ls-section  page-chapeau has-p-b p-b-4\" >\r\n        <div class=\"container \">\r\n        \n\n<h1 class=\"ls__heading wp-block-heading has-text-align-center deco\">Camping CSE<\/h1>\n\n\r\n    <\/div>\r\n<\/section>\n\n<section id=\"ls-section-block_4c2d51b492c621bec9e9711980280fe8\" class=\"ls-section  page-one has-p-t p-t-0 has-p-b p-b-14\" >\r\n        <div class=\"container container--wide\">\r\n        \n\n<div class=\"wp-block-columns is-layout-flex wp-container-core-columns-is-layout-9d6595d7 wp-block-columns-is-layout-flex\">\n<div class=\"wp-block-column is-vertically-aligned-center first is-layout-flow wp-block-column-is-layout-flow\" style=\"flex-basis:66.7%\">\n<figure class=\"wp-block-image size-full\"><img decoding=\"async\" width=\"1800\" height=\"1200\" src=\"https:\/\/www.camping-le-calagogo.fr\/wp-content\/uploads\/2023\/12\/camping-piscine-chauffee-perpignan.webp\" alt=\"C\u00e0mping piscina climatitzada perpiny\u00e0\" class=\"wp-image-2629795\" srcset=\"https:\/\/www.camping-le-calagogo.fr\/wp-content\/uploads\/2023\/12\/camping-piscine-chauffee-perpignan.webp 1800w, https:\/\/www.camping-le-calagogo.fr\/wp-content\/uploads\/2023\/12\/camping-piscine-chauffee-perpignan-300x200.webp 300w, https:\/\/www.camping-le-calagogo.fr\/wp-content\/uploads\/2023\/12\/camping-piscine-chauffee-perpignan-1024x683.webp 1024w, https:\/\/www.camping-le-calagogo.fr\/wp-content\/uploads\/2023\/12\/camping-piscine-chauffee-perpignan-768x512.webp 768w, https:\/\/www.camping-le-calagogo.fr\/wp-content\/uploads\/2023\/12\/camping-piscine-chauffee-perpignan-1536x1024.webp 1536w\" sizes=\"(max-width: 1800px) 100vw, 1800px\" \/><\/figure>\n<\/div>\n\n\n\n<div class=\"wp-block-column is-vertically-aligned-center second is-layout-flow wp-block-column-is-layout-flow\" style=\"flex-basis:33.3%\">\n<h2 class=\"ls__heading wp-block-heading\">C\u00e0mping CSE: ideal per als teus comit\u00e8s d&#8217;empresa<\/h2>\n\n\n\n<p class=\"ls-paragraph\">El c\u00e0mping Cala Gogo est\u00e0 situat als <strong>Pirineus Orientals<\/strong> , a St Cyprien, prop de Perpiny\u00e0 i Argel\u00e8s-sur-Mer. Situat al costat <a href=\"https:\/\/www.camping-le-calagogo.fr\/ca\/camping-costat-del-mar-llenguadoc-rossello\/\" data-type=\"page\" data-id=\"40\">del mar al Llenguadoc-Rossell\u00f3<\/a> , aquest c\u00e0mping ofereix molts avantatges, com ara estar a <strong>pocs metres de les platges<\/strong> . Deixant la teva casa m\u00f2bil, estar\u00e0s a pocs minuts de posar <strong>els peus a la sorra<\/strong> .<\/p>\n\n\n\n<p class=\"ls-paragraph\">El <a href=\"https:\/\/www.camping-le-calagogo.fr\/ca\/\" data-type=\"page\" data-id=\"9\">c\u00e0mping Cala Gogo de 5 estrelles a St Cyprien<\/a> compta amb diverses <a href=\"https:\/\/www.camping-le-calagogo.fr\/ca\/camping-serveis-pirineus-orientals\/\" data-type=\"page\" data-id=\"24\">botigues locals i nombrosos serveis<\/a> perqu\u00e8 la vostra estada sigui <strong>absolutament perfecta<\/strong> . Una zona aqu\u00e0tica t&#8217;espera per agradar a grans i petits. El restaurant, el bar, l&#8217;estanc, el chiringuito contribueixen a fer d&#8217;aquesta estada un <strong>moment de plaer i relax<\/strong> .<\/p>\n\n\n\n<p class=\"ls-paragraph addReadMore showlesscontent\">Les <a href=\"https:\/\/www.camping-le-calagogo.fr\/ca\/camping-familiar-saint-cyprien\/\" data-type=\"page\" data-id=\"20\">activitats del c\u00e0mping Cala Gogo<\/a> prop de Perpiny\u00e0 s\u00f3n molt variades. Prova el tir amb arc, el busseig, jugar a b\u00e0squet o llogar una bicicleta per explorar els voltants. Els nens i adolescents tamb\u00e9 poden passar un <strong>gran dia als clubs<\/strong> reservats per a ells.<\/p>\n<\/div>\n<\/div>\n\n\r\n    <\/div>\r\n<\/section>\n\n<section id=\"ls-section-block_fcae5620a87b2d26ebb1db9cb3df1209\" class=\"ls-section  page-two mosaique has-background has-color-4-background-color has-p-t p-t-14 has-p-b p-b-14\" >\r\n        <div class=\"container container--wide\">\r\n        \n<section id=\"ls-section-block_302a9a5d3b1c003cb2f7c6f773ebb617\" class=\"ls-section \" >\r\n        <div class=\"container container--wide\">\r\n        \n\n<div class=\"wp-block-columns is-layout-flex wp-container-core-columns-is-layout-9d6595d7 wp-block-columns-is-layout-flex\">\n<div class=\"wp-block-column m-r-4 is-layout-flow wp-block-column-is-layout-flow\">\n<h2 class=\"ls__heading wp-block-heading has-text-align-left\">F\u00f3rmules i preus per a comit\u00e8s d&#8217;empresa al c\u00e0mping<\/h2>\n\n\n\n<p class=\"ls-paragraph has-text-align-left\">El <strong>c\u00e0mping Cala Gogo de 5 estrelles<\/strong> \u00e9s ideal per als CSE. Vols permetre que els teus empleats gaudeixin de les seves <strong>vacances en un lloc agradable<\/strong> ? El c\u00e0mping Cala Gogo situat a prop d&#8217;Argel\u00e8s-sur-Mer \u00e9s perfecte! Aquest c\u00e0mping CSE econ\u00f2mic <strong>ofereix dues opcions<\/strong> . Tamb\u00e9 hi ha tarifes avantatjoses per a tothom al c\u00e0mping Cala Gogo.<\/p>\n\n\n\n<p class=\"ls-paragraph has-text-align-left\"><strong>L&#8217;oferta lineal<\/strong> a Cala Gogo per a CSE: Tria l&#8217;oferta lineal per garantir la <strong>disponibilitat del teu mobil home<\/strong> fins i tot durant la temporada alta per als teus empleats. Com a comit\u00e8 d&#8217;empresa ets qui fixa els preus de <strong>les setmanes de vacances dels teus empleats al c\u00e0mping Cala Gogo<\/strong> . Us beneficieu de la mateixa casa m\u00f2bil durant tota la vida \u00fatil. Possibilitat de reprendre les teves setmanes en cas que no es venguin.<\/p>\n\n\n\n<p class=\"ls-paragraph has-text-align-left\"><strong>L&#8217;oferta Coup par Coup per a comit\u00e8s d&#8217;empresa<\/strong> : L&#8217;oferta Coup par Coup t&#8217;ofereix un avantatge del 15% en temporada baixa i mitjana per al teu CSE. Ideal per a una <strong>estada econ\u00f2mica a prop de Perpiny\u00e0<\/strong> .<\/p>\n\n\n\n<p class=\"ls-paragraph has-text-align-left\">Sigui quina sigui l&#8217;opci\u00f3 escollida, els agents de recepci\u00f3 estaran encantats d&#8217;assegurar les arribades i sortides. El c\u00e0mping Cala Gogo est\u00e0 aqu\u00ed per escoltar-vos <strong>durant tot el vostre proc\u00e9s<\/strong> i l&#8217;estada dels vostres empleats. Els paquets econ\u00f2mics del nostre c\u00e0mping s\u00f3n <strong>beneficiosos per al vostre comit\u00e8 d&#8217;empresa<\/strong> i els vostres empleats. Estar\u00e0s encantat amb la teva estada al c\u00e0mping Cala Gogo de 5 estrelles<\/p>\n<\/div>\n\n\n\n<div class=\"wp-block-column m-l-4 is-layout-flow wp-block-column-is-layout-flow\">\n<h2 class=\"ls__heading wp-block-heading has-text-align-left\">Camping CSE: els avantatges<\/h2>\n\n\n\n<p class=\"ls-paragraph has-text-align-left\">Camping Cala Gogo permet <strong>als Comit\u00e8s d&#8217;Empresa<\/strong> oferir als seus beneficiaris cada cop <strong>m\u00e9s avantatges i beneficis<\/strong> . Pots triar entre una <strong>oferta lineal<\/strong> per a tota la temporada o un paquet <strong>de 10 setmanes<\/strong> per als per\u00edodes que et convingui. En cada etapa de la nostra associaci\u00f3, trobareu un equip al vostre servei.<\/p>\n\n\n\n<p class=\"ls-paragraph has-text-align-left\">El funcionament de <strong>l&#8217;oferta Lineal<\/strong> \u00e9s senzill i garanteix la m\u00e0xima equitat entre els agents beneficiaris: la casa m\u00f2bil queda <strong>reservada al teu comit\u00e8 d&#8217;empresa<\/strong> des de l&#8217;obertura fins al tancament de l&#8217;establiment. El vostre <strong>comit\u00e8 d&#8217;empresa gestiona les assignacions al preu<\/strong> que escolliu, amb total llibertat.<\/p>\n\n\n\n<ul class=\"ls-list wp-block-list\">\n<li><strong>Disponibilitat garantida<\/strong> en temporada alta<\/li>\n\n\n\n<li>La mateixa casa m\u00f2bil per <strong>a tota la longitud<\/strong><\/li>\n\n\n\n<li>La llibertat d&#8217;establir la <strong>tarifa setmanal<\/strong> per als vostres empleats<\/li>\n\n\n\n<li>Provisi\u00f3 de <strong>mobil homes recents totalment equipats<\/strong><\/li>\n<\/ul>\n\n\n\n<p class=\"ls-paragraph has-text-align-left\">Visiteu el lloc web: <a href=\"https:\/\/www.camping-vacances-heger.fr\/\" target=\"_blank\" rel=\"noreferrer noopener\">www.camping-vacances-heger.fr<\/a> o poseu-vos en contacte amb nosaltres per con\u00e8ixer les nostres destinacions de c\u00e0mping a Fran\u00e7a.<\/p>\n<\/div>\n<\/div>\n\n\r\n    <\/div>\r\n<\/section>\n\r\n    <\/div>\r\n<\/section>\n\n<section id=\"ls-section-block_64e1ece3b164e01b95f369a0fa3d488c\" class=\"ls-section  page-maillage has-p-b p-b-14\" >\r\n        <div class=\"container container--wide\">\r\n        \n\n<div id=\"ls-heading ls-titre-div-block_47742fa4d5f07c14e40fce5cfb3538ad\" class=\"ls-titre-div m-left h2-like\" >\n    La piscina i l&#8217;animaci\u00f3<\/br> al c\u00e0mping<\/div>\n\n\n<div id=\"ls-maillage-block_58734d6fe20ec5432d6d3f029c0f4a30\" class=\"ls-maillage cta-style-normal\" data-rows=\"3\">\n    <div class=\"wp-block-columns  \"><div class=\"wp-block-column\"><div id=\"destinations\" class=\"ls-cta\">\n\n<a href=\"https:\/\/www.camping-le-calagogo.fr\/ca\/camping-familiar-saint-cyprien\/\" target=\"\" rel=\"noopener\" class=\"ls-cta__link\">\n\n\t<div class=\"ls-cta__image\"><img decoding=\"async\" src=\"https:\/\/www.camping-le-calagogo.fr\/wp-content\/uploads\/2023\/12\/camping-animations-familiales-saint-cyprien.webp\" alt=\"\"><\/div>\n\t<div class=\"ls-cta__title\">\n\t\tAnimaci\u00f3 i tarda\t<\/div>\n\t\n\t\t\n<\/a><\/div><\/div><div class=\"wp-block-column\"><div id=\"destinations\" class=\"ls-cta\">\n\n<a href=\"https:\/\/www.camping-le-calagogo.fr\/ca\/camping-serveis-pirineus-orientals\/\" target=\"\" rel=\"noopener\" class=\"ls-cta__link\">\n\n\t<div class=\"ls-cta__image\"><img decoding=\"async\" src=\"https:\/\/www.camping-le-calagogo.fr\/wp-content\/uploads\/2023\/12\/epicerie-languedoc.webp\" alt=\"\"><\/div>\n\t<div class=\"ls-cta__title\">\n\t\tServeis i empreses\t<\/div>\n\t\n\t\t\n<\/a><\/div><\/div><div class=\"wp-block-column\"><div id=\"destinations\" class=\"ls-cta\">\n\n<a href=\"https:\/\/www.camping-le-calagogo.fr\/ca\/camping-amb-piscina-saint-cyprien\/\" target=\"\" rel=\"noopener\" class=\"ls-cta__link\">\n\n\t<div class=\"ls-cta__image\"><img decoding=\"async\" src=\"https:\/\/www.camping-le-calagogo.fr\/wp-content\/uploads\/2023\/12\/espace-aquatique-perpignan.webp\" alt=\"\"><\/div>\n\t<div class=\"ls-cta__title\">\n\t\tEspai Aqu\u00e0tic\t<\/div>\n\t\n\t\t\n<\/a><\/div><\/div><\/div><\/div>\n\r\n    <\/div>\r\n<\/section>","protected":false},"excerpt":{"rendered":"","protected":false},"author":1,"featured_media":2630210,"parent":0,"menu_order":0,"comment_status":"closed","ping_status":"closed","template":"","meta":{"_acf_changed":false,"_seopress_robots_primary_cat":"","_seopress_titles_title":"C\u00e0mping per a comit\u00e8 d&#039;empresa | C\u00e0mping aquest | Benvingut a aquesta acampada","_seopress_titles_desc":"M\u00e9s informaci\u00f3 sobre com acollir comit\u00e8s d&#039;empresa al c\u00e0mping Cala Gogo de Saint-Cyprien","_seopress_robots_index":"","inline_featured_image":false,"footnotes":""},"sujet":[],"class_list":["post-2708599","page","type-page","status-publish","has-post-thumbnail","hentry"],"acf":[],"_links":{"self":[{"href":"https:\/\/www.camping-le-calagogo.fr\/ca\/wp-json\/wp\/v2\/pages\/2708599","targetHints":{"allow":["GET"]}}],"collection":[{"href":"https:\/\/www.camping-le-calagogo.fr\/ca\/wp-json\/wp\/v2\/pages"}],"about":[{"href":"https:\/\/www.camping-le-calagogo.fr\/ca\/wp-json\/wp\/v2\/types\/page"}],"author":[{"embeddable":true,"href":"https:\/\/www.camping-le-calagogo.fr\/ca\/wp-json\/wp\/v2\/users\/1"}],"replies":[{"embeddable":true,"href":"https:\/\/www.camping-le-calagogo.fr\/ca\/wp-json\/wp\/v2\/comments?post=2708599"}],"version-history":[{"count":26,"href":"https:\/\/www.camping-le-calagogo.fr\/ca\/wp-json\/wp\/v2\/pages\/2708599\/revisions"}],"predecessor-version":[{"id":2830407,"href":"https:\/\/www.camping-le-calagogo.fr\/ca\/wp-json\/wp\/v2\/pages\/2708599\/revisions\/2830407"}],"wp:featuredmedia":[{"embeddable":true,"href":"https:\/\/www.camping-le-calagogo.fr\/ca\/wp-json\/wp\/v2\/media\/2630210"}],"wp:attachment":[{"href":"https:\/\/www.camping-le-calagogo.fr\/ca\/wp-json\/wp\/v2\/media?parent=2708599"}],"wp:term":[{"taxonomy":"sujet","embeddable":true,"href":"https:\/\/www.camping-le-calagogo.fr\/ca\/wp-json\/wp\/v2\/sujet?post=2708599"}],"curies":[{"name":"wp","href":"https:\/\/api.w.org\/{rel}","templated":true}]}}