{"id":2708631,"date":"2023-11-20T20:08:04","date_gmt":"2023-11-20T19:08:04","guid":{"rendered":"https:\/\/www.camping-le-calagogo.fr\/la-historia-del-camping\/"},"modified":"2024-01-11T00:17:45","modified_gmt":"2024-01-10T23:17:45","slug":"la-historia-del-camping","status":"publish","type":"page","link":"https:\/\/www.camping-le-calagogo.fr\/ca\/la-historia-del-camping\/","title":{"rendered":"La hist\u00f2ria del c\u00e0mping"},"content":{"rendered":"<section id=\"ls-section-block_741f718acf89fbd0f5cb55653aec1760\" class=\"ls-section  page-chapeau has-p-b p-b-4\" >\r\n        <div class=\"container \">\r\n        \n\n<h1 class=\"ls__heading wp-block-heading has-text-align-center deco\">La hist\u00f2ria familiar de<br><strong>C\u00e0mping Cala Gogo<\/strong><\/h1>\n\n\r\n    <\/div>\r\n<\/section>\n\n<section id=\"ls-section-block_effa46125b56f9868270415bb6d3685e\" class=\"ls-section  page-one has-p-t p-t-0 has-p-b p-b-14\" >\r\n        <div class=\"container container--wide\">\r\n        \n\n<div class=\"wp-block-columns is-layout-flex wp-container-core-columns-is-layout-9d6595d7 wp-block-columns-is-layout-flex\">\n<div class=\"wp-block-column first is-layout-flow wp-block-column-is-layout-flow\" style=\"flex-basis:66.7%\">\n<figure class=\"wp-block-gallery has-nested-images columns-default is-cropped gallery-slider-page animated fadeInUp slow wp-block-gallery-1 is-layout-flex wp-block-gallery-is-layout-flex\">\n<figure class=\"wp-block-image size-full\"><a href=\"https:\/\/www.camping-le-calagogo.fr\/wp-content\/uploads\/2023\/12\/carte-postale-argeles-sur-mer-124284.jpg\"><img decoding=\"async\" width=\"866\" height=\"612\" data-id=\"2824089\" src=\"https:\/\/www.camping-le-calagogo.fr\/wp-content\/uploads\/2023\/12\/carte-postale-argeles-sur-mer-124284.jpg\" alt=\"postal-argeles-sur-mer-camping\" class=\"wp-image-2824089\" srcset=\"https:\/\/www.camping-le-calagogo.fr\/wp-content\/uploads\/2023\/12\/carte-postale-argeles-sur-mer-124284.jpg 866w, https:\/\/www.camping-le-calagogo.fr\/wp-content\/uploads\/2023\/12\/carte-postale-argeles-sur-mer-124284-300x212.jpg 300w, https:\/\/www.camping-le-calagogo.fr\/wp-content\/uploads\/2023\/12\/carte-postale-argeles-sur-mer-124284-768x543.jpg 768w\" sizes=\"(max-width: 866px) 100vw, 866px\" \/><\/a><\/figure>\n\n\n\n<figure class=\"wp-block-image size-full\"><a href=\"https:\/\/www.camping-le-calagogo.fr\/wp-content\/uploads\/2023\/12\/carte-postale-argeles-sur-mer-124287.jpg\"><img decoding=\"async\" width=\"838\" height=\"614\" data-id=\"2824094\" src=\"https:\/\/www.camping-le-calagogo.fr\/wp-content\/uploads\/2023\/12\/carte-postale-argeles-sur-mer-124287.jpg\" alt=\"postal-argeles-sur-mer-la costa\" class=\"wp-image-2824094\" srcset=\"https:\/\/www.camping-le-calagogo.fr\/wp-content\/uploads\/2023\/12\/carte-postale-argeles-sur-mer-124287.jpg 838w, https:\/\/www.camping-le-calagogo.fr\/wp-content\/uploads\/2023\/12\/carte-postale-argeles-sur-mer-124287-300x220.jpg 300w, https:\/\/www.camping-le-calagogo.fr\/wp-content\/uploads\/2023\/12\/carte-postale-argeles-sur-mer-124287-768x563.jpg 768w\" sizes=\"(max-width: 838px) 100vw, 838px\" \/><\/a><\/figure>\n\n\n\n<figure class=\"wp-block-image size-full\"><a href=\"https:\/\/www.camping-le-calagogo.fr\/wp-content\/uploads\/2023\/12\/Argeles-sur-mer-photo-archive2.jpg\"><img decoding=\"async\" width=\"1600\" height=\"1102\" data-id=\"2824039\" src=\"https:\/\/www.camping-le-calagogo.fr\/wp-content\/uploads\/2023\/12\/Argeles-sur-mer-photo-archive2.jpg\" alt=\"\" class=\"wp-image-2824039\" srcset=\"https:\/\/www.camping-le-calagogo.fr\/wp-content\/uploads\/2023\/12\/Argeles-sur-mer-photo-archive2.jpg 1600w, https:\/\/www.camping-le-calagogo.fr\/wp-content\/uploads\/2023\/12\/Argeles-sur-mer-photo-archive2-300x207.jpg 300w, https:\/\/www.camping-le-calagogo.fr\/wp-content\/uploads\/2023\/12\/Argeles-sur-mer-photo-archive2-1024x705.jpg 1024w, https:\/\/www.camping-le-calagogo.fr\/wp-content\/uploads\/2023\/12\/Argeles-sur-mer-photo-archive2-768x529.jpg 768w, https:\/\/www.camping-le-calagogo.fr\/wp-content\/uploads\/2023\/12\/Argeles-sur-mer-photo-archive2-1536x1058.jpg 1536w\" sizes=\"(max-width: 1600px) 100vw, 1600px\" \/><\/a><\/figure>\n\n\n\n<figure class=\"wp-block-image size-full\"><a href=\"https:\/\/www.camping-le-calagogo.fr\/wp-content\/uploads\/2023\/12\/Argeles-sur-mer-photo-archive3-1.jpg\"><img decoding=\"async\" width=\"1280\" height=\"831\" data-id=\"2824064\" src=\"https:\/\/www.camping-le-calagogo.fr\/wp-content\/uploads\/2023\/12\/Argeles-sur-mer-photo-archive3-1.jpg\" alt=\"Foto d'arxiu de la platja d'Argeles sur mer\" class=\"wp-image-2824064\" srcset=\"https:\/\/www.camping-le-calagogo.fr\/wp-content\/uploads\/2023\/12\/Argeles-sur-mer-photo-archive3-1.jpg 1280w, https:\/\/www.camping-le-calagogo.fr\/wp-content\/uploads\/2023\/12\/Argeles-sur-mer-photo-archive3-1-300x195.jpg 300w, https:\/\/www.camping-le-calagogo.fr\/wp-content\/uploads\/2023\/12\/Argeles-sur-mer-photo-archive3-1-1024x665.jpg 1024w, https:\/\/www.camping-le-calagogo.fr\/wp-content\/uploads\/2023\/12\/Argeles-sur-mer-photo-archive3-1-768x499.jpg 768w\" sizes=\"(max-width: 1280px) 100vw, 1280px\" \/><\/a><\/figure>\n<\/figure>\n<\/div>\n\n\n\n<div class=\"wp-block-column is-vertically-aligned-center second is-layout-flow wp-block-column-is-layout-flow\" style=\"flex-basis:33.3%\">\n<p class=\"ls-paragraph\"><strong>El c\u00e0mping Cala Gogo<\/strong> \u00e9s una aventura familiar que abasta diverses generacions. Descobriu com la fam\u00edlia Heger, amb les seves arrels holandeses i alemanyes, va convertir la seva passi\u00f3 pel campament en un negoci pr\u00f2sper.<\/p>\n\n\n\n<p class=\"ls-paragraph\">Des dels seus humils inicis amb Jean Heger viatjant per Europa en caravana, fins a l&#8217;adquisici\u00f3 i gesti\u00f3 del reconegut <a href=\"https:\/\/www.camping-le-calagogo.fr\/ca\/\" data-type=\"page\" data-id=\"9\">c\u00e0mping de 5 estrelles de Saint-Cyprien<\/a> , cada etapa del nostre viatge \u00e9s una hist\u00f2ria d&#8217;innovaci\u00f3, perseveran\u00e7a i amor profund pel c\u00e0mping.<\/p>\n\n\n\n<p class=\"ls-paragraph\">Descobriu el ric patrimoni i valors que han donat forma a la Cala Gogo d&#8217;avui.<\/p>\n<\/div>\n<\/div>\n\n\r\n    <\/div>\r\n<\/section>\n\n<section id=\"ls-section-block_793f461a18b74e44e11e50ae8b9a3eae\" class=\"ls-section  page-two mosaique has-background has-color-4-background-color has-p-t p-t-14 has-p-b p-b-14\" >\r\n        <div class=\"container container--wide\">\r\n        \n\n<div class=\"wp-block-columns is-layout-flex wp-container-core-columns-is-layout-9d6595d7 wp-block-columns-is-layout-flex\">\n<div class=\"wp-block-column is-vertically-aligned-center is-layout-flow wp-block-column-is-layout-flow\">\n<h2 class=\"ls__heading wp-block-heading\">Or\u00edgens i desenvolupament inicial<\/h2>\n\n\n\n<p class=\"ls-paragraph\">La <strong>hist\u00f2ria del nostre c\u00e0mping<\/strong> comen\u00e7a amb els nostres besavis holandesos i avis alemanys, posant les primeres bases d&#8217;una passi\u00f3 familiar pel c\u00e0mping.<\/p>\n\n\n\n<p class=\"ls-paragraph\">Jean Heger, el patriarca, va viatjar primer amb la seva pr\u00f2pia caravana com a part del seu treball en la perforaci\u00f3 de petroli, abans de llan\u00e7ar-se, el 1972, a la venda de caravanes a Als\u00e0cia. Aquest per\u00edode marca l&#8217;inici del nostre comprom\u00eds amb el m\u00f3n del c\u00e0mping.<\/p>\n<\/div>\n\n\n\n<div class=\"wp-block-column is-layout-flow wp-block-column-is-layout-flow\">\n<figure class=\"wp-block-image size-full animated fadeInRight delay-100ms slow\"><a href=\"https:\/\/www.camping-le-calagogo.fr\/wp-content\/uploads\/2023\/12\/Argeles-sur-mer-photo-archive6.jpg\"><img decoding=\"async\" width=\"1098\" height=\"683\" src=\"https:\/\/www.camping-le-calagogo.fr\/wp-content\/uploads\/2023\/12\/Argeles-sur-mer-photo-archive6.jpg\" alt=\"Argeles sur mer foto dels or\u00edgens\" class=\"wp-image-2824079\" srcset=\"https:\/\/www.camping-le-calagogo.fr\/wp-content\/uploads\/2023\/12\/Argeles-sur-mer-photo-archive6.jpg 1098w, https:\/\/www.camping-le-calagogo.fr\/wp-content\/uploads\/2023\/12\/Argeles-sur-mer-photo-archive6-300x187.jpg 300w, https:\/\/www.camping-le-calagogo.fr\/wp-content\/uploads\/2023\/12\/Argeles-sur-mer-photo-archive6-1024x637.jpg 1024w, https:\/\/www.camping-le-calagogo.fr\/wp-content\/uploads\/2023\/12\/Argeles-sur-mer-photo-archive6-768x478.jpg 768w\" sizes=\"(max-width: 1098px) 100vw, 1098px\" \/><\/a><\/figure>\n<\/div>\n<\/div>\n\n\r\n    <\/div>\r\n<\/section>\n\n<section id=\"ls-section-block_839279b2f8a91f59d92413cfeedec6e2\" class=\"ls-section  section-parallax has-background-image has-parallax has-background has-color-black-background-color has-p-t p-t-30 has-p-b p-b-0\" >\r\n    <div class=\"ls-section__background-image opacity-58\"><img decoding=\"async\" src=\"https:\/\/www.camping-le-calagogo.fr\/wp-content\/uploads\/2023\/12\/Pic_St_Loup_vu_de_Maguelone_-_IMG_1664-Modifier.jpg\" alt=\"Pic_St_Loup_vu_de_Maguelone_-\"><\/div>    <div class=\"container container--wide\">\r\n        \n\n<div class=\"wp-block-columns has-color-white-background-color has-background is-layout-flex wp-container-core-columns-is-layout-9d6595d7 wp-block-columns-is-layout-flex\">\n<div class=\"wp-block-column is-layout-flow wp-block-column-is-layout-flow\">\n<h2 class=\"ls__heading wp-block-heading has-text-align-center\">Expansi\u00f3 i innovaci\u00f3 en el c\u00e0mping<\/h2>\n\n\n\n<p class=\"ls-paragraph has-text-align-center\">L&#8217;any 1977 es va produir un punt d&#8217;inflexi\u00f3 important. Va con\u00e8ixer un primer comit\u00e8 d&#8217;empresa amb el qual va instal\u00b7lar caravanes i tendals en c\u00e0mpings de <strong>la costa mediterr\u00e0nia i atl\u00e0ntica<\/strong> . Va ser l&#8217;inici de l&#8217;era <strong>de les vacances socials d&#8217;acampada<\/strong> .<\/p>\n\n\n\n<p class=\"ls-paragraph has-text-align-center\">L&#8217;arribada de Jean Marie a l&#8217;empresa l&#8217;any 1986 i el trasllat de Jean i Lucienne al sud de Fran\u00e7a <strong>a Argel\u00e8s-sur-Mer<\/strong> van marcar un nou impuls. Aquest per\u00edode es caracteritza pel creixement sostingut i l&#8217;evoluci\u00f3 constant de l&#8217;empresa.<\/p>\n\n\n\n<p class=\"ls-paragraph has-text-align-center\">L&#8217;any 1986, amb l&#8217;arribada de Jean Marie a l&#8217;empresa i davant la demanda creixent i <strong>l&#8217;arribada dels mobil homes<\/strong> , Jean i Lucienne decideixen traslladar-se i instal\u00b7lar-se al sud de Fran\u00e7a a <strong>Argel\u00e8s-sur-Mer<\/strong> . L&#8217;any 1991 vam crear una empresa de lloguer de cases m\u00f2bils. Aquest per\u00edode es caracteritza pel creixement sostingut i l&#8217;evoluci\u00f3 constant de l&#8217;empresa.<\/p>\n<\/div>\n<\/div>\n\n\r\n    <\/div>\r\n<\/section>\n\n<section id=\"ls-section-block_405564ff452f418b0b325ecbcc7420ea\" class=\"ls-section  page-three has-p-t p-t-14 has-p-b p-b-14\" >\r\n        <div class=\"container container--wide\">\r\n        \n\n<div class=\"wp-block-columns is-layout-flex wp-container-core-columns-is-layout-9d6595d7 wp-block-columns-is-layout-flex\">\n<div class=\"wp-block-column first is-layout-flow wp-block-column-is-layout-flow\">\n<figure class=\"wp-block-image size-large animated fadeInLeft delay-100ms slow\"><img decoding=\"async\" width=\"1024\" height=\"574\" src=\"https:\/\/www.camping-le-calagogo.fr\/wp-content\/uploads\/2023\/12\/famille-plage-recoloree-photo-archive-1024x574.webp\" alt=\"foto d'arxiu de la fam\u00edlia de la platja recolorida\" class=\"wp-image-2824123\" srcset=\"https:\/\/www.camping-le-calagogo.fr\/wp-content\/uploads\/2023\/12\/famille-plage-recoloree-photo-archive-1024x574.webp 1024w, https:\/\/www.camping-le-calagogo.fr\/wp-content\/uploads\/2023\/12\/famille-plage-recoloree-photo-archive-300x168.webp 300w, https:\/\/www.camping-le-calagogo.fr\/wp-content\/uploads\/2023\/12\/famille-plage-recoloree-photo-archive-768x430.webp 768w, https:\/\/www.camping-le-calagogo.fr\/wp-content\/uploads\/2023\/12\/famille-plage-recoloree-photo-archive.webp 1456w\" sizes=\"(max-width: 1024px) 100vw, 1024px\" \/><\/figure>\n<\/div>\n\n\n\n<div class=\"wp-block-column is-vertically-aligned-top second is-layout-flow wp-block-column-is-layout-flow\">\n<h2 class=\"ls__heading wp-block-heading\">Desenvolupament familiar i compra de c\u00e0mpings<\/h2>\n\n\n\n<p class=\"ls-paragraph\">La fam\u00edlia va cr\u00e9ixer amb l&#8217;arribada de Laurence el 1994 i va continuar prosperant amb la compra del primer c\u00e0mping a Soulac sur Mer el 1997, gestionat per Patricia, la filla de Jean, i el seu marit Eric.<\/p>\n\n\n\n<p class=\"ls-paragraph\">La compra d&#8217;un c\u00e0mping a Elne prop de St Cyprien l&#8217;any 2006, gestionat per Jean, Jean Marie i Laurence, aix\u00ed com l&#8217;arribada de Jean Marc a la fam\u00edlia, il\u00b7lustren la continu\u00eftat i l&#8217;enfortiment de les activitats de c\u00e0mping.<\/p>\n<\/div>\n<\/div>\n\n\r\n    <\/div>\r\n<\/section>\n\n<section id=\"ls-section-block_3e22d49fdced43d6bcc34aa7ba2e8622\" class=\"ls-section  page-one mosaique has-background has-color-4-background-color has-p-t p-t-14 has-p-b p-b-14\" >\r\n        <div class=\"container container--wide\">\r\n        \n\n<div class=\"wp-block-columns is-layout-flex wp-container-core-columns-is-layout-9d6595d7 wp-block-columns-is-layout-flex\">\n<div class=\"wp-block-column is-vertically-aligned-center second is-layout-flow wp-block-column-is-layout-flow\" style=\"flex-basis:33.3%\">\n<h2 class=\"ls__heading wp-block-heading\">C\u00e0mping Cala Gogo, un nou cap\u00edtol<\/h2>\n\n\n\n<p class=\"ls-paragraph\">La compra del c\u00e0mping Cala-Gogo l&#8217;any 2014, despr\u00e9s de m\u00e9s de <strong>dues d\u00e8cades de col\u00b7laboraci\u00f3<\/strong> , obre un nou cap\u00edtol apassionant en la hist\u00f2ria de la nostra fam\u00edlia.  <\/p>\n\n\n\n<p class=\"ls-paragraph\">A partir d&#8217;ara, la gesti\u00f3 del c\u00e0mping Cala-Gogo es converteix <strong>en el cor de les nostres activitats,<\/strong> separant-nos dels altres dos establiments.<\/p>\n\n\n\n<p class=\"ls-paragraph\">Despleguem una aposta continuada per oferir <strong>unes vacances de qualitat<\/strong> , mantenint l&#8217;equilibri entre <strong>les mobil homes<\/strong> i <strong>les parcel\u00b7les<\/strong> tradicionals per a tendes de campanya, caravanes i autocaravanes, per a delit dels nostres clients francesos i estrangers.<\/p>\n<\/div>\n\n\n\n<div class=\"wp-block-column first is-layout-flow wp-block-column-is-layout-flow\" style=\"flex-basis:66.7%\">\n<figure class=\"wp-block-gallery has-nested-images columns-default is-cropped gallery-slider-page animated fadeInUp slow wp-block-gallery-2 is-layout-flex wp-block-gallery-is-layout-flex\">\n<figure class=\"wp-block-image size-full\"><a href=\"https:\/\/www.camping-le-calagogo.fr\/wp-content\/uploads\/2023\/12\/Argeles-sur-mer-photo-archive1-1.jpg\"><img decoding=\"async\" width=\"1600\" height=\"1159\" data-id=\"2824054\" src=\"https:\/\/www.camping-le-calagogo.fr\/wp-content\/uploads\/2023\/12\/Argeles-sur-mer-photo-archive1-1.jpg\" alt=\"Sortida fotogr\u00e0fica arxiu Argeles sur mer\" class=\"wp-image-2824054\" srcset=\"https:\/\/www.camping-le-calagogo.fr\/wp-content\/uploads\/2023\/12\/Argeles-sur-mer-photo-archive1-1.jpg 1600w, https:\/\/www.camping-le-calagogo.fr\/wp-content\/uploads\/2023\/12\/Argeles-sur-mer-photo-archive1-1-300x217.jpg 300w, https:\/\/www.camping-le-calagogo.fr\/wp-content\/uploads\/2023\/12\/Argeles-sur-mer-photo-archive1-1-1024x742.jpg 1024w, https:\/\/www.camping-le-calagogo.fr\/wp-content\/uploads\/2023\/12\/Argeles-sur-mer-photo-archive1-1-768x556.jpg 768w, https:\/\/www.camping-le-calagogo.fr\/wp-content\/uploads\/2023\/12\/Argeles-sur-mer-photo-archive1-1-1536x1113.jpg 1536w\" sizes=\"(max-width: 1600px) 100vw, 1600px\" \/><\/a><\/figure>\n\n\n\n<figure class=\"wp-block-image size-full\"><a href=\"https:\/\/www.camping-le-calagogo.fr\/wp-content\/uploads\/2023\/12\/Beach_Sete_Herault_01.jpg\"><img decoding=\"async\" width=\"1600\" height=\"1000\" data-id=\"2824084\" src=\"https:\/\/www.camping-le-calagogo.fr\/wp-content\/uploads\/2023\/12\/Beach_Sete_Herault_01.jpg\" alt=\"Platja,_S\u00e8te,_Arxiu_H\u00e9rault\" class=\"wp-image-2824084\" srcset=\"https:\/\/www.camping-le-calagogo.fr\/wp-content\/uploads\/2023\/12\/Beach_Sete_Herault_01.jpg 1600w, https:\/\/www.camping-le-calagogo.fr\/wp-content\/uploads\/2023\/12\/Beach_Sete_Herault_01-300x188.jpg 300w, https:\/\/www.camping-le-calagogo.fr\/wp-content\/uploads\/2023\/12\/Beach_Sete_Herault_01-1024x640.jpg 1024w, https:\/\/www.camping-le-calagogo.fr\/wp-content\/uploads\/2023\/12\/Beach_Sete_Herault_01-768x480.jpg 768w, https:\/\/www.camping-le-calagogo.fr\/wp-content\/uploads\/2023\/12\/Beach_Sete_Herault_01-1536x960.jpg 1536w\" sizes=\"(max-width: 1600px) 100vw, 1600px\" \/><\/a><\/figure>\n\n\n\n<figure class=\"wp-block-image size-full\"><a href=\"https:\/\/www.camping-le-calagogo.fr\/wp-content\/uploads\/2023\/12\/camping-argeles-mer.webp\"><img decoding=\"async\" width=\"2000\" height=\"1200\" data-id=\"2708207\" src=\"https:\/\/www.camping-le-calagogo.fr\/wp-content\/uploads\/2023\/12\/camping-argeles-mer.webp\" alt=\"c\u00e0mping mar d'Argeles\" class=\"wp-image-2708207\" srcset=\"https:\/\/www.camping-le-calagogo.fr\/wp-content\/uploads\/2023\/12\/camping-argeles-mer.webp 2000w, https:\/\/www.camping-le-calagogo.fr\/wp-content\/uploads\/2023\/12\/camping-argeles-mer-300x180.webp 300w, https:\/\/www.camping-le-calagogo.fr\/wp-content\/uploads\/2023\/12\/camping-argeles-mer-1024x614.webp 1024w, https:\/\/www.camping-le-calagogo.fr\/wp-content\/uploads\/2023\/12\/camping-argeles-mer-768x461.webp 768w, https:\/\/www.camping-le-calagogo.fr\/wp-content\/uploads\/2023\/12\/camping-argeles-mer-1536x922.webp 1536w\" sizes=\"(max-width: 2000px) 100vw, 2000px\" \/><\/a><\/figure>\n\n\n\n<figure class=\"wp-block-image size-full\"><a href=\"https:\/\/www.camping-le-calagogo.fr\/wp-content\/uploads\/2023\/12\/camping-cala-gogo-a-saint-cyprien-vu-du-ciel.webp\"><img decoding=\"async\" width=\"1800\" height=\"1200\" data-id=\"2708127\" src=\"https:\/\/www.camping-le-calagogo.fr\/wp-content\/uploads\/2023\/12\/camping-cala-gogo-a-saint-cyprien-vu-du-ciel.webp\" alt=\"c\u00e0mping cala gogo a saint cyprien vist des del cel\" class=\"wp-image-2708127\" srcset=\"https:\/\/www.camping-le-calagogo.fr\/wp-content\/uploads\/2023\/12\/camping-cala-gogo-a-saint-cyprien-vu-du-ciel.webp 1800w, https:\/\/www.camping-le-calagogo.fr\/wp-content\/uploads\/2023\/12\/camping-cala-gogo-a-saint-cyprien-vu-du-ciel-300x200.webp 300w, https:\/\/www.camping-le-calagogo.fr\/wp-content\/uploads\/2023\/12\/camping-cala-gogo-a-saint-cyprien-vu-du-ciel-1024x683.webp 1024w, https:\/\/www.camping-le-calagogo.fr\/wp-content\/uploads\/2023\/12\/camping-cala-gogo-a-saint-cyprien-vu-du-ciel-768x512.webp 768w, https:\/\/www.camping-le-calagogo.fr\/wp-content\/uploads\/2023\/12\/camping-cala-gogo-a-saint-cyprien-vu-du-ciel-1536x1024.webp 1536w\" sizes=\"(max-width: 1800px) 100vw, 1800px\" \/><\/a><\/figure>\n<\/figure>\n<\/div>\n<\/div>\n\n\r\n    <\/div>\r\n<\/section>\n\n<section id=\"ls-section-block_78b9f00b3f9092429a7e770b69884ce6\" class=\"ls-section  page-maillage has-p-b p-b-14\" >\r\n        <div class=\"container container--wide\">\r\n        \n\n<div id=\"ls-heading ls-titre-div-block_1a3368313c754bae6de9a7804dcdaae2\" class=\"ls-titre-div m-left h2-like\" >\n    Descobreix els serveis,<\/br> l&#8217;animaci\u00f3 i la piscina!<\/div>\n\n\n<div id=\"ls-maillage-block_d8b1859d2228b11fd2709f13e94629b4\" class=\"ls-maillage cta-style-normal\" data-rows=\"3\">\n    <div class=\"wp-block-columns  \"><div class=\"wp-block-column\"><div id=\"destinations\" class=\"ls-cta\">\n\n<a href=\"https:\/\/www.camping-le-calagogo.fr\/ca\/camping-familiar-saint-cyprien\/\" target=\"\" rel=\"noopener\" class=\"ls-cta__link\">\n\n\t<div class=\"ls-cta__image\"><img decoding=\"async\" src=\"https:\/\/www.camping-le-calagogo.fr\/wp-content\/uploads\/2023\/12\/camping-animations-familiales-saint-cyprien.webp\" alt=\"\"><\/div>\n\t<div class=\"ls-cta__title\">\n\t\tAnimaci\u00f3 i tarda\t<\/div>\n\t\n\t\t\n<\/a><\/div><\/div><div class=\"wp-block-column\"><div id=\"destinations\" class=\"ls-cta\">\n\n<a href=\"https:\/\/www.camping-le-calagogo.fr\/ca\/camping-serveis-pirineus-orientals\/\" target=\"\" rel=\"noopener\" class=\"ls-cta__link\">\n\n\t<div class=\"ls-cta__image\"><img decoding=\"async\" src=\"https:\/\/www.camping-le-calagogo.fr\/wp-content\/uploads\/2023\/12\/epicerie-languedoc.webp\" alt=\"\"><\/div>\n\t<div class=\"ls-cta__title\">\n\t\tServeis i empreses\t<\/div>\n\t\n\t\t\n<\/a><\/div><\/div><div class=\"wp-block-column\"><div id=\"destinations\" class=\"ls-cta\">\n\n<a href=\"https:\/\/www.camping-le-calagogo.fr\/ca\/camping-amb-piscina-saint-cyprien\/\" target=\"\" rel=\"noopener\" class=\"ls-cta__link\">\n\n\t<div class=\"ls-cta__image\"><img decoding=\"async\" src=\"https:\/\/www.camping-le-calagogo.fr\/wp-content\/uploads\/2023\/12\/espace-aquatique-perpignan.webp\" alt=\"\"><\/div>\n\t<div class=\"ls-cta__title\">\n\t\tEspai Aqu\u00e0tic\t<\/div>\n\t\n\t\t\n<\/a><\/div><\/div><\/div><\/div>\n\r\n    <\/div>\r\n<\/section>","protected":false},"excerpt":{"rendered":"","protected":false},"author":1,"featured_media":0,"parent":0,"menu_order":0,"comment_status":"closed","ping_status":"closed","template":"","meta":{"_acf_changed":false,"_seopress_robots_primary_cat":"","_seopress_titles_title":"C\u00e0mping Cala Gogo: una aventura familiar","_seopress_titles_desc":"El c\u00e0mping Cala Gogo \u00e9s m\u00e9s que un c\u00e0mping. \u00c9s una hist\u00f2ria de fam\u00edlia, passi\u00f3 i innovaci\u00f3. Descobriu com la fam\u00edlia Heger va convertir la seva visi\u00f3 de c\u00e0mping en un negoci pr\u00f2sper\r\n","_seopress_robots_index":"","inline_featured_image":false,"footnotes":""},"sujet":[],"class_list":["post-2708631","page","type-page","status-publish","hentry"],"acf":[],"_links":{"self":[{"href":"https:\/\/www.camping-le-calagogo.fr\/ca\/wp-json\/wp\/v2\/pages\/2708631","targetHints":{"allow":["GET"]}}],"collection":[{"href":"https:\/\/www.camping-le-calagogo.fr\/ca\/wp-json\/wp\/v2\/pages"}],"about":[{"href":"https:\/\/www.camping-le-calagogo.fr\/ca\/wp-json\/wp\/v2\/types\/page"}],"author":[{"embeddable":true,"href":"https:\/\/www.camping-le-calagogo.fr\/ca\/wp-json\/wp\/v2\/users\/1"}],"replies":[{"embeddable":true,"href":"https:\/\/www.camping-le-calagogo.fr\/ca\/wp-json\/wp\/v2\/comments?post=2708631"}],"version-history":[{"count":14,"href":"https:\/\/www.camping-le-calagogo.fr\/ca\/wp-json\/wp\/v2\/pages\/2708631\/revisions"}],"predecessor-version":[{"id":2826089,"href":"https:\/\/www.camping-le-calagogo.fr\/ca\/wp-json\/wp\/v2\/pages\/2708631\/revisions\/2826089"}],"wp:attachment":[{"href":"https:\/\/www.camping-le-calagogo.fr\/ca\/wp-json\/wp\/v2\/media?parent=2708631"}],"wp:term":[{"taxonomy":"sujet","embeddable":true,"href":"https:\/\/www.camping-le-calagogo.fr\/ca\/wp-json\/wp\/v2\/sujet?post=2708631"}],"curies":[{"name":"wp","href":"https:\/\/api.w.org\/{rel}","templated":true}]}}