{"id":2708715,"date":"2023-12-02T01:42:46","date_gmt":"2023-12-02T00:42:46","guid":{"rendered":"https:\/\/www.camping-le-calagogo.fr\/avis-legal\/"},"modified":"2024-03-21T09:01:18","modified_gmt":"2024-03-21T08:01:18","slug":"avis-legal","status":"publish","type":"page","link":"https:\/\/www.camping-le-calagogo.fr\/ca\/avis-legal\/","title":{"rendered":"Av\u00eds Legal"},"content":{"rendered":"\n<div class=\"wp-block-group\" style=\"margin-top:var(--wp--preset--spacing--80);margin-bottom:var(--wp--preset--spacing--80);padding-top:var(--wp--preset--spacing--60);padding-bottom:var(--wp--preset--spacing--60)\"><div class=\"wp-block-group__inner-container is-layout-constrained wp-container-core-group-is-layout-e025d9cf wp-block-group-is-layout-constrained\">\n<h1 class=\"ls__heading wp-block-heading has-text-align-center\">Av\u00eds Legal<\/h1>\n\n\n\n<p class=\"ls-paragraph has-text-align-center\">Consulta a continuaci\u00f3 els avisos legals del nostre web del c\u00e0mping.<\/p>\n\n\n\n<h2 class=\"ls__heading wp-block-heading has-text-align-center\">EDITOR DEL LLOC<\/h2>\n\n\n\n<p class=\"ls-paragraph has-text-align-center\">Empresa: Camping Cala Gogo<br\/>N\u00famero SIRET: 31219484800015<br\/>Adre\u00e7a: Avenue Armand Lanoux<br\/>66750 Saint-Cyprien<br\/>Correu electr\u00f2nic: camping@calagogo66.fr<br\/>Responsable de publicacions: Sr. Florian Ors<\/p>\n\n\n\n<h2 class=\"ls__heading wp-block-heading has-text-align-center\">REALITZACI\u00d3<\/h2>\n\n\n\n<p class=\"ls-paragraph has-text-align-center\"><strong>GEEK TONIC<\/strong> , Representat pel Sr. Yohan Darmayan en la seva qualitat de gerent<br\/>Seu central: 50 Avenue du Lac Marion 64200 Biarritz<br\/>Tel: 05 32 74 11 52<br\/>Correu electr\u00f2nic: support@geek-tonic.com<br\/>Lloc web: <a href=\"https:\/\/www.geek-tonic.com\/\" target=\"_blank\" rel=\"noreferrer noopener\">www.geek-tonic.com<\/a><br\/>SIRET: 89746755100015<br\/>APE: 6201Z<\/p>\n\n\n\n<h2 class=\"ls__heading wp-block-heading has-text-align-center\">COPYRIGHT I COPYRIGHT<\/h2>\n\n\n\n<p class=\"ls-paragraph has-text-align-center\">Tot el contingut d&#8217;aquest lloc dep\u00e8n dels drets d&#8217;autor aix\u00ed com de la propietat intel\u00b7lectual segons la legislaci\u00f3 francesa.<br\/>Qualsevol reproducci\u00f3 (incloses fotos, icones i documents descarregables) est\u00e0 prohibida sense el consentiment previ de GEEK TONIC.<br\/>Queda prohibida la reproducci\u00f3 en suport electr\u00f2nic de tot o part del lloc en format paper o electr\u00f2nic.<br\/>GEEK TONIC declina tota responsabilitat respecte al contingut present al lloc web.<br\/>GEEK TONIC tamb\u00e9 declina tota responsabilitat pels enlla\u00e7os externs que apunten a aquest lloc.<\/p>\n\n\n\n<h2 class=\"ls__heading wp-block-heading has-text-align-center\">DADES PERSONALS I INFORMACI\u00d3 NOMINATIVA<\/h2>\n\n\n\n<p class=\"ls-paragraph has-text-align-center\">Teniu dret a accedir, modificar, rectificar i suprimir les dades que us concerneixen d&#8217;acord amb l&#8217;article 34 de la Llei 78-17 de 6 de gener de 1978 \u201cInform\u00e0tica i Llibertats\u201d modificada el 6 d&#8217;agost de 2018. .<br\/>Per desplegar aquest dret d&#8217;acc\u00e9s, podeu fer-ho mitjan\u00e7ant una simple sol\u00b7licitud per escrit a l&#8217;editor del lloc.<\/p>\n\n\n\n<h2 class=\"ls__heading wp-block-heading has-text-align-center\">LEGISLACI\u00d3<\/h2>\n\n\n\n<p class=\"ls-paragraph has-text-align-center\">D&#8217;acord amb la llei d&#8217;11 de mar\u00e7 de 1957 (art. 41) i el codi de propietat intel\u00b7lectual de l&#8217;1 de juliol de 1992, queda prohibida la reproducci\u00f3 total o parcial de qualsevol part del lloc sense l&#8217;autoritzaci\u00f3 pr\u00e8via de l&#8217;editor del lloc.<br\/>Logotips, imatges, fotos, v\u00eddeos, cartes gr\u00e0fiques, textos s\u00f3n propietat dels seus respectius propietaris.<br\/>Aquest lloc pot, sense el seu coneixement, haver estat enlla\u00e7at amb altres llocs mitjan\u00e7ant enlla\u00e7os hiperm\u00e8dia. L&#8217;editor del lloc declina tota responsabilitat per la informaci\u00f3 presentada en aquests altres llocs.<br\/>L&#8217;usuari d&#8217;Internet reconeix que l&#8217;\u00fas d&#8217;aquest lloc es regeix per la llei francesa.<\/p>\n<\/div><\/div>\n","protected":false},"excerpt":{"rendered":"<p>Av\u00eds Legal Consulta a continuaci\u00f3 els avisos legals del nostre web del c\u00e0mping. EDITOR DEL LLOC Empresa: Camping Cala GogoN\u00famero SIRET: 31219484800015Adre\u00e7a: Avenue Armand Lanoux66750 Saint-CyprienCorreu electr\u00f2nic: camping@calagogo66.frResponsable de publicacions: Sr. Florian Ors REALITZACI\u00d3 GEEK TONIC , Representat pel Sr. Yohan Darmayan en la seva qualitat de gerentSeu central: 50 Avenue du Lac Marion 64200 [&hellip;]<\/p>\n","protected":false},"author":1,"featured_media":0,"parent":0,"menu_order":0,"comment_status":"closed","ping_status":"closed","template":"","meta":{"_acf_changed":false,"_seopress_robots_primary_cat":"","_seopress_titles_title":"","_seopress_titles_desc":"","_seopress_robots_index":"s\u00ed","inline_featured_image":false,"footnotes":""},"sujet":[],"class_list":["post-2708715","page","type-page","status-publish","hentry"],"acf":[],"_links":{"self":[{"href":"https:\/\/www.camping-le-calagogo.fr\/ca\/wp-json\/wp\/v2\/pages\/2708715","targetHints":{"allow":["GET"]}}],"collection":[{"href":"https:\/\/www.camping-le-calagogo.fr\/ca\/wp-json\/wp\/v2\/pages"}],"about":[{"href":"https:\/\/www.camping-le-calagogo.fr\/ca\/wp-json\/wp\/v2\/types\/page"}],"author":[{"embeddable":true,"href":"https:\/\/www.camping-le-calagogo.fr\/ca\/wp-json\/wp\/v2\/users\/1"}],"replies":[{"embeddable":true,"href":"https:\/\/www.camping-le-calagogo.fr\/ca\/wp-json\/wp\/v2\/comments?post=2708715"}],"version-history":[{"count":1,"href":"https:\/\/www.camping-le-calagogo.fr\/ca\/wp-json\/wp\/v2\/pages\/2708715\/revisions"}],"predecessor-version":[{"id":2708717,"href":"https:\/\/www.camping-le-calagogo.fr\/ca\/wp-json\/wp\/v2\/pages\/2708715\/revisions\/2708717"}],"wp:attachment":[{"href":"https:\/\/www.camping-le-calagogo.fr\/ca\/wp-json\/wp\/v2\/media?parent=2708715"}],"wp:term":[{"taxonomy":"sujet","embeddable":true,"href":"https:\/\/www.camping-le-calagogo.fr\/ca\/wp-json\/wp\/v2\/sujet?post=2708715"}],"curies":[{"name":"wp","href":"https:\/\/api.w.org\/{rel}","templated":true}]}}