{"id":2708334,"date":"2023-10-18T09:10:20","date_gmt":"2023-10-18T07:10:20","guid":{"rendered":"https:\/\/www.camping-le-calagogo.fr\/lagunen-tauchgang\/"},"modified":"2024-03-20T14:25:58","modified_gmt":"2024-03-20T13:25:58","slug":"lagunen-tauchgang","status":"publish","type":"page","link":"https:\/\/www.camping-le-calagogo.fr\/de\/lagunen-tauchgang\/","title":{"rendered":"Lagune tauchen"},"content":{"rendered":"<section id=\"ls-section-block_46400f09812fd19faf04d051dbc22347\" class=\"ls-section  page-chapeau deco has-p-b p-b-4\" >\r\n        <div class=\"container \">\r\n        \n\n<h1 class=\"ls__heading wp-block-heading has-text-align-center\">Lagune Tauchen \/<br\/><strong>Was sie vorschlagen<\/strong><\/h1>\n\n\r\n    <\/div>\r\n<\/section><section id=\"ls-section-block_09a439f432a038238a815d5989245a2a\" class=\"ls-section  page-one has-p-t p-t-0 has-p-b p-b-14\" >\r\n        <div class=\"container container--wide\">\r\n        \n\n<div class=\"wp-block-columns is-layout-flex wp-container-core-columns-is-layout-9d6595d7 wp-block-columns-is-layout-flex\">\n<div class=\"wp-block-column is-vertically-aligned-center first is-layout-flow wp-block-column-is-layout-flow\" style=\"flex-basis:66.7%\">\n<figure class=\"wp-block-image size-full\"><img decoding=\"async\" width=\"1200\" height=\"720\" src=\"https:\/\/www.camping-le-calagogo.fr\/wp-content\/uploads\/2023\/12\/plongee-saint-cyprien.webp\" alt=\"tauchen saint cyprien\" class=\"wp-image-2630099\" srcset=\"https:\/\/www.camping-le-calagogo.fr\/wp-content\/uploads\/2023\/12\/plongee-saint-cyprien.webp 1200w, https:\/\/www.camping-le-calagogo.fr\/wp-content\/uploads\/2023\/12\/plongee-saint-cyprien-300x180.webp 300w, https:\/\/www.camping-le-calagogo.fr\/wp-content\/uploads\/2023\/12\/plongee-saint-cyprien-1024x614.webp 1024w, https:\/\/www.camping-le-calagogo.fr\/wp-content\/uploads\/2023\/12\/plongee-saint-cyprien-768x461.webp 768w\" sizes=\"(max-width: 1200px) 100vw, 1200px\" \/><\/figure>\n<\/div>\n\n\n\n<div class=\"wp-block-column is-vertically-aligned-center second is-layout-flow wp-block-column-is-layout-flow\" style=\"flex-basis:33.3%\">\n<h2 class=\"ls__heading wp-block-heading\">Tauchausbildung<\/h2>\n\n\n\n<p class=\"ls-paragraph\">Gehen Sie im Mittelmeer tauchen und entdecken Sie die Vielfalt und Sch\u00f6nheit unserer Unterwasserwelt. Sie k\u00f6nnen an den unumg\u00e4nglichen Tauchpl\u00e4tzen der K\u00fcste tauchen und au\u00dfergew\u00f6hnliche Schiffswracks besuchen.<\/p>\n\n\n\n<p class=\"ls-paragraph\">Verschiedene Formeln werden Ihnen zur Verf\u00fcgung stehen:<\/p>\n\n\n\n<ul class=\"ls-list wp-block-list\">\n<li><strong>Kinderpraktikum<\/strong> (ab 8 Jahren) vom Bronze- zum Goldtaucher: Ausbildungsheft.<\/li>\n\n\n\n<li><strong>Schnupperkurs f\u00fcr Kinder<\/strong>(ab 8 Jahren): Inklusive Lernheft, CD und Erinnerungsfotos.<\/li>\n\n\n\n<li><strong>Der unumg\u00e4ngliche Schnupperkurs f\u00fcr Erwachsene<\/strong> mit bis zu 3 Tauchg\u00e4ngen (Fotos kostenlos)<\/li>\n\n\n\n<li><strong>Ausbildungen f\u00fcr das Niveau 1<\/strong>, die Erlaubnis, bis zu 20 m tief zu tauchen, um ein erfahrener Taucher zu werden und sich in unseren Meeresumgebungen zu entfalten.<\/li>\n<\/ul>\n<\/div>\n<\/div>\n\n\r\n    <\/div>\r\n<\/section><section id=\"ls-section-block_38af37417688d03bf3a1a7f198e3e961\" class=\"ls-section  page-two mosaique has-background has-color-4-background-color has-p-t p-t-14 has-p-b p-b-14\" >\r\n        <div class=\"container container--wide\">\r\n        \n\n<div class=\"wp-block-columns is-layout-flex wp-container-core-columns-is-layout-9d6595d7 wp-block-columns-is-layout-flex\">\n<div class=\"wp-block-column is-vertically-aligned-center is-layout-flow wp-block-column-is-layout-flow\">\n<h2 class=\"ls__heading wp-block-heading\">Wie k\u00f6nnen Sie sie kontaktieren?<\/h2>\n\n\n\n<p class=\"ls-paragraph\">Sie k\u00f6nnen sie kontaktieren:<\/p>\n\n\n\n<ul class=\"ls-list wp-block-list\">\n<li>Per Telefon: 06.13.78.86.11<\/li>\n\n\n\n<li>Per E-Mail: infolaguneplongee@gmail.com<\/li>\n<\/ul>\n<\/div>\n\n\n\n<div class=\"wp-block-column is-vertically-aligned-center is-layout-flow wp-block-column-is-layout-flow\">\n<iframe src=\"https:\/\/www.google.com\/maps\/embed?pb=!1m28!1m12!1m3!1d128983.4045240863!2d2.9611323821860145!3d42.59367077511518!2m3!1f0!2f0!3f0!3m2!1i1024!2i768!4f13.1!4m13!3e0!4m5!1s0x12b07c232d050435%3A0xcb342de2280a2e20!2sCamping%20Cala%20Gogo%2C%2004%20Av.%20Armand%20Lanoux%2C%2066750%20Saint-Cyprien%2C%20France!3m2!1d42.5988201!2d3.0397849!4m5!1s0x12b07dccdf3e6b2f%3A0x3f902f06328a208a!2sR%C3%A9sidence%20Le%20yachtman%2C%20Quai%20Arthur%20Rimbaud%2C%2066750%20Saint-Cyprien%2C%20France!3m2!1d42.616793799999996!2d3.0349844!5e0!3m2!1sfr!2sar!4v1702061513697!5m2!1sfr!2sar\" width=\"100%\" height=\"550\" style=\"border:0;\" allowfullscreen=\"\" loading=\"lazy\" referrerpolicy=\"no-referrer-when-downgrade\"><\/iframe>\n<\/div>\n<\/div>\n\n\r\n    <\/div>\r\n<\/section><section id=\"ls-section-block_61572dbc62c2a9647950d978e2edc61a\" class=\"ls-section  page-maillage has-p-b p-b-14\" >\r\n        <div class=\"container container--wide\">\r\n        \n\n<div id=\"ls-heading ls-titre-div-block_902c6b53ac322ba49b8f6dcc489f2b3c\" class=\"ls-titre-div m-left h2-like\" >\n    St\u00e4dte nahe bei <\/br>von Argel\u00e8s-sur-Mer<\/div>\n\n\n<div id=\"ls-maillage-block_a1848452c3bc44cbe2a6f23f6d43a4e0\" class=\"ls-maillage cta-style-normal\" data-rows=\"3\">\n    <div class=\"wp-block-columns  \"><div class=\"wp-block-column\"><div id=\"destinations\" class=\"ls-cta\">\n\n<a href=\"https:\/\/www.camping-le-calagogo.fr\/de\/tourismus-collioure\/\" target=\"\" rel=\"noopener\" class=\"ls-cta__link\">\n\n\t<div class=\"ls-cta__image\"><img decoding=\"async\" src=\"https:\/\/www.camping-le-calagogo.fr\/wp-content\/uploads\/2023\/12\/tourisme-collioure.webp\" alt=\"\"><\/div>\n\t<div class=\"ls-cta__title\">\n\t\tCollioure\t<\/div>\n\t\n\t\t\n<\/a><\/div><\/div><div class=\"wp-block-column\"><div id=\"destinations\" class=\"ls-cta\">\n\n<a href=\"https:\/\/www.camping-le-calagogo.fr\/de\/tourismus-port-barcares\/\" target=\"\" rel=\"noopener\" class=\"ls-cta__link\">\n\n\t<div class=\"ls-cta__image\"><img decoding=\"async\" src=\"https:\/\/www.camping-le-calagogo.fr\/wp-content\/uploads\/2023\/11\/visiter-port-barcares.webp\" alt=\"\"><\/div>\n\t<div class=\"ls-cta__title\">\n\t\tPort Barcar\u00e8s\t<\/div>\n\t\n\t\t\n<\/a><\/div><\/div><div class=\"wp-block-column\"><div id=\"destinations\" class=\"ls-cta\">\n\n<a href=\"https:\/\/www.camping-le-calagogo.fr\/de\/camping-carcassonne\/\" target=\"\" rel=\"noopener\" class=\"ls-cta__link\">\n\n\t<div class=\"ls-cta__image\"><img decoding=\"async\" src=\"https:\/\/www.camping-le-calagogo.fr\/wp-content\/uploads\/2023\/12\/sejour-camping-carcassonne.webp\" alt=\"\"><\/div>\n\t<div class=\"ls-cta__title\">\n\t\tCampingplatz Carcasonne\t<\/div>\n\t\n\t\t\n<\/a><\/div><\/div><\/div><\/div>\n\r\n    <\/div>\r\n<\/section>","protected":false},"excerpt":{"rendered":"","protected":false},"author":1,"featured_media":2630097,"parent":0,"menu_order":0,"comment_status":"closed","ping_status":"closed","template":"","meta":{"_acf_changed":false,"_seopress_robots_primary_cat":"","_seopress_titles_title":"Lagune Tauchen - Camping le Calagogo","_seopress_titles_desc":"","_seopress_robots_index":"","inline_featured_image":false,"footnotes":""},"sujet":[],"class_list":["post-2708334","page","type-page","status-publish","has-post-thumbnail","hentry"],"acf":[],"_links":{"self":[{"href":"https:\/\/www.camping-le-calagogo.fr\/de\/wp-json\/wp\/v2\/pages\/2708334","targetHints":{"allow":["GET"]}}],"collection":[{"href":"https:\/\/www.camping-le-calagogo.fr\/de\/wp-json\/wp\/v2\/pages"}],"about":[{"href":"https:\/\/www.camping-le-calagogo.fr\/de\/wp-json\/wp\/v2\/types\/page"}],"author":[{"embeddable":true,"href":"https:\/\/www.camping-le-calagogo.fr\/de\/wp-json\/wp\/v2\/users\/1"}],"replies":[{"embeddable":true,"href":"https:\/\/www.camping-le-calagogo.fr\/de\/wp-json\/wp\/v2\/comments?post=2708334"}],"version-history":[{"count":1,"href":"https:\/\/www.camping-le-calagogo.fr\/de\/wp-json\/wp\/v2\/pages\/2708334\/revisions"}],"predecessor-version":[{"id":2708338,"href":"https:\/\/www.camping-le-calagogo.fr\/de\/wp-json\/wp\/v2\/pages\/2708334\/revisions\/2708338"}],"wp:featuredmedia":[{"embeddable":true,"href":"https:\/\/www.camping-le-calagogo.fr\/de\/wp-json\/wp\/v2\/media\/2630097"}],"wp:attachment":[{"href":"https:\/\/www.camping-le-calagogo.fr\/de\/wp-json\/wp\/v2\/media?parent=2708334"}],"wp:term":[{"taxonomy":"sujet","embeddable":true,"href":"https:\/\/www.camping-le-calagogo.fr\/de\/wp-json\/wp\/v2\/sujet?post=2708334"}],"curies":[{"name":"wp","href":"https:\/\/api.w.org\/{rel}","templated":true}]}}