{"id":2708340,"date":"2023-10-18T09:09:07","date_gmt":"2023-10-18T07:09:07","guid":{"rendered":"https:\/\/www.camping-le-calagogo.fr\/familienfreundlicher-campingplatz-saint-cyprien\/"},"modified":"2024-10-02T16:28:38","modified_gmt":"2024-10-02T14:28:38","slug":"familienfreundlicher-campingplatz-saint-cyprien","status":"publish","type":"page","link":"https:\/\/www.camping-le-calagogo.fr\/de\/familienfreundlicher-campingplatz-saint-cyprien\/","title":{"rendered":"Animationen und Abendveranstaltungen"},"content":{"rendered":"<section id=\"ls-section-block_5feeace575138e0907f0b68446bfe003\" class=\"ls-section  page-chapeau deco has-p-b p-b-4\" >\r\n        <div class=\"container \">\r\n        \n\n<h1 class=\"ls__heading wp-block-heading has-text-align-center\">Animationen und Abende<br\/><strong>in Saint-Cyprien Plage<\/strong><\/h1>\n\n\n\n<p class=\"ls-paragraph has-text-align-center\">In Cala Gogo kann man sich jeden Tag bewegen und am\u00fcsieren, Von morgens bis abends kann man den Rhythmus des Tages selbst bestimmen: belebendbeginnen <strong>und sanft ausklingen lassen<\/strong> und dabei die den Sonnenuntergang am Strand von Cala Gogo. <\/p>\n\n\r\n    <\/div>\r\n<\/section><section id=\"ls-section-block_797c0a2ca2c1a249cf98f8288e215578\" class=\"ls-section  page-one has-p-t p-t-0 has-p-b p-b-14\" >\r\n        <div class=\"container container--wide\">\r\n        \n\n<div class=\"wp-block-columns is-layout-flex wp-container-core-columns-is-layout-9d6595d7 wp-block-columns-is-layout-flex\">\n<div class=\"wp-block-column first is-layout-flow wp-block-column-is-layout-flow\" style=\"flex-basis:66.7%\">\n<figure class=\"wp-block-gallery has-nested-images columns-default is-cropped gallery-slider-page animated fadeInUp slow wp-block-gallery-1 is-layout-flex wp-block-gallery-is-layout-flex\">\n<figure class=\"wp-block-image size-full\"><a href=\"https:\/\/www.camping-le-calagogo.fr\/wp-content\/uploads\/2023\/12\/camping-animations-familiales-saint-cyprien.webp\"><img decoding=\"async\" width=\"1800\" height=\"1200\" data-id=\"2629986\" src=\"https:\/\/www.camping-le-calagogo.fr\/wp-content\/uploads\/2023\/12\/camping-animations-familiales-saint-cyprien.webp\" alt=\"camping familienanimationen saint cyprien\" class=\"wp-image-2629986\" srcset=\"https:\/\/www.camping-le-calagogo.fr\/wp-content\/uploads\/2023\/12\/camping-animations-familiales-saint-cyprien.webp 1800w, https:\/\/www.camping-le-calagogo.fr\/wp-content\/uploads\/2023\/12\/camping-animations-familiales-saint-cyprien-300x200.webp 300w, https:\/\/www.camping-le-calagogo.fr\/wp-content\/uploads\/2023\/12\/camping-animations-familiales-saint-cyprien-1024x683.webp 1024w, https:\/\/www.camping-le-calagogo.fr\/wp-content\/uploads\/2023\/12\/camping-animations-familiales-saint-cyprien-768x512.webp 768w, https:\/\/www.camping-le-calagogo.fr\/wp-content\/uploads\/2023\/12\/camping-animations-familiales-saint-cyprien-1536x1024.webp 1536w\" sizes=\"(max-width: 1800px) 100vw, 1800px\" \/><\/a><\/figure>\n\n\n\n<figure class=\"wp-block-image size-full\"><a href=\"https:\/\/www.camping-le-calagogo.fr\/wp-content\/uploads\/2023\/12\/camping-animations-enfants-saint-cyprien.webp\"><img decoding=\"async\" width=\"1749\" height=\"1200\" data-id=\"2629997\" src=\"https:\/\/www.camping-le-calagogo.fr\/wp-content\/uploads\/2023\/12\/camping-animations-enfants-saint-cyprien.webp\" alt=\"campingplatz animationen kinder saint cyprien\" class=\"wp-image-2629997\" srcset=\"https:\/\/www.camping-le-calagogo.fr\/wp-content\/uploads\/2023\/12\/camping-animations-enfants-saint-cyprien.webp 1749w, https:\/\/www.camping-le-calagogo.fr\/wp-content\/uploads\/2023\/12\/camping-animations-enfants-saint-cyprien-300x206.webp 300w, https:\/\/www.camping-le-calagogo.fr\/wp-content\/uploads\/2023\/12\/camping-animations-enfants-saint-cyprien-1024x703.webp 1024w, https:\/\/www.camping-le-calagogo.fr\/wp-content\/uploads\/2023\/12\/camping-animations-enfants-saint-cyprien-768x527.webp 768w, https:\/\/www.camping-le-calagogo.fr\/wp-content\/uploads\/2023\/12\/camping-animations-enfants-saint-cyprien-1536x1054.webp 1536w\" sizes=\"(max-width: 1749px) 100vw, 1749px\" \/><\/a><\/figure>\n\n\n\n<figure class=\"wp-block-image size-full\"><a href=\"https:\/\/www.camping-le-calagogo.fr\/wp-content\/uploads\/2023\/12\/camping-club-enfants-saint-cyprien.webp\"><img decoding=\"async\" width=\"1799\" height=\"1200\" data-id=\"2630002\" src=\"https:\/\/www.camping-le-calagogo.fr\/wp-content\/uploads\/2023\/12\/camping-club-enfants-saint-cyprien.webp\" alt=\"camping club enfants saint cyprien\" class=\"wp-image-2630002\" srcset=\"https:\/\/www.camping-le-calagogo.fr\/wp-content\/uploads\/2023\/12\/camping-club-enfants-saint-cyprien.webp 1799w, https:\/\/www.camping-le-calagogo.fr\/wp-content\/uploads\/2023\/12\/camping-club-enfants-saint-cyprien-300x200.webp 300w, https:\/\/www.camping-le-calagogo.fr\/wp-content\/uploads\/2023\/12\/camping-club-enfants-saint-cyprien-1024x683.webp 1024w, https:\/\/www.camping-le-calagogo.fr\/wp-content\/uploads\/2023\/12\/camping-club-enfants-saint-cyprien-768x512.webp 768w, https:\/\/www.camping-le-calagogo.fr\/wp-content\/uploads\/2023\/12\/camping-club-enfants-saint-cyprien-1536x1025.webp 1536w\" sizes=\"(max-width: 1799px) 100vw, 1799px\" \/><\/a><\/figure>\n\n\n\n<figure class=\"wp-block-image size-full\"><a href=\"https:\/\/www.camping-le-calagogo.fr\/wp-content\/uploads\/2023\/12\/camping-animations-saint-cyprien.webp\"><img decoding=\"async\" width=\"1800\" height=\"1200\" data-id=\"2630007\" src=\"https:\/\/www.camping-le-calagogo.fr\/wp-content\/uploads\/2023\/12\/camping-animations-saint-cyprien.webp\" alt=\"camping animations saint cyprien\" class=\"wp-image-2630007\" srcset=\"https:\/\/www.camping-le-calagogo.fr\/wp-content\/uploads\/2023\/12\/camping-animations-saint-cyprien.webp 1800w, https:\/\/www.camping-le-calagogo.fr\/wp-content\/uploads\/2023\/12\/camping-animations-saint-cyprien-300x200.webp 300w, https:\/\/www.camping-le-calagogo.fr\/wp-content\/uploads\/2023\/12\/camping-animations-saint-cyprien-1024x683.webp 1024w, https:\/\/www.camping-le-calagogo.fr\/wp-content\/uploads\/2023\/12\/camping-animations-saint-cyprien-768x512.webp 768w, https:\/\/www.camping-le-calagogo.fr\/wp-content\/uploads\/2023\/12\/camping-animations-saint-cyprien-1536x1024.webp 1536w\" sizes=\"(max-width: 1800px) 100vw, 1800px\" \/><\/a><\/figure>\n<\/figure>\n<\/div>\n\n\n\n<div class=\"wp-block-column is-vertically-aligned-center second is-layout-flow wp-block-column-is-layout-flow\" style=\"flex-basis:33.3%\">\n<h2 class=\"ls__heading wp-block-heading\">Kid&#8217;s Cala Club (6 Jahre &#8211; 12 Jahre)<\/h2>\n\n\n\n<p class=\"ls-paragraph\">Unter der Aufsicht von Betreuern werden die Tage der kleinen Kinder und Jugendlichen von <strong>verschiedenen Aktivit\u00e4ten<\/strong> bestimmt: Kultur, Spiele, Entdeckungen, Handarbeit, Kreativit\u00e4t, Sport&#8230; Sie m\u00fcssen Ihre Kinder nur morgens <strong>bei den Betreuern<\/strong> anmelden.<\/p>\n\n\n\n<h2 class=\"ls__heading wp-block-heading has-text-align-left\">Animationen f\u00fcr Jugendliche und Erwachsene (12 Jahre und \u00e4lter)<\/h2>\n\n\n\n<p class=\"ls-paragraph has-text-align-left\">Jeden Nachmittag ist der <a href=\"https:\/\/www.camping-le-calagogo.fr\/de\/\">Campingplatz CALA GOGO in Saint-Cyprien Plage<\/a> der ideale Ort f\u00fcr Teenager. Unter der Anleitung <strong>des Animationsteams<\/strong> k\u00f6nnen Sie an unvergesslichen Sportturnieren teilnehmen :<\/p>\n\n\n\n<div class=\"wp-block-columns is-layout-flex wp-container-core-columns-is-layout-9d6595d7 wp-block-columns-is-layout-flex\">\n<div class=\"wp-block-column is-layout-flow wp-block-column-is-layout-flow\">\n<ul class=\"ls-list wp-block-list\">\n\n<li>Fu\u00dfball<\/li>\n\n\n<li>Basketball<\/li>\n\n\n<li>Tischtennis<\/li>\n\n\n<li>Beachvolleyball<\/li>\n\n<\/ul>\n<\/div>\n\n\n\n<div class=\"wp-block-column is-layout-flow wp-block-column-is-layout-flow\">\n<ul class=\"ls-list wp-block-list\">\n\n<li>Bogenschie\u00dfen<\/li>\n\n\n<li>P\u00e9tanque<\/li>\n\n\n<li>Tennis<\/li>\n\n\n<li>Olympiade&#8230;<\/li>\n\n<\/ul>\n<\/div>\n<\/div>\n\n\n\n<p class=\"ls-paragraph has-text-align-left\">Sie k\u00f6nnen an den Abenden auf der gro\u00dfen Terrasse der Bar teilnehmen! Das <strong>Animationsprogramm<\/strong> f\u00fcr Ihren Urlaub wird Sie schon bei Ihrer Ankunft auf dem Campingplatz begeistern.<\/p>\n<\/div>\n<\/div>\n\n\r\n    <\/div>\r\n<\/section><section id=\"soirees\" class=\"ls-section  page-two mosaique has-background has-color-4-background-color has-p-t p-t-14 has-p-b p-b-14\" >\r\n        <div class=\"container container--wide\">\r\n        \n\n<div class=\"wp-block-columns is-layout-flex wp-container-core-columns-is-layout-9d6595d7 wp-block-columns-is-layout-flex\">\n<div class=\"wp-block-column is-vertically-aligned-center is-layout-flow wp-block-column-is-layout-flow\">\n<h2 class=\"ls__heading wp-block-heading has-text-align-left\">Camping mit Partys<\/h2>\n\n\n\n<p class=\"ls-paragraph has-text-align-left\">W\u00e4hrend der Hochsaison k\u00f6nnen Sie jeden Abend auf der Terrasse <strong>Shows<\/strong> sehen oder an Karaoke, einer Schaumparty, einer Glitzer- oder Zaubershow, einer n\u00e4chtlichen Poolparty teilnehmen&#8230;..<\/p>\n\n\n\n<p class=\"ls-paragraph has-text-align-left\"><strong>Sie werden Augen machen!<\/strong><\/p>\n\n\n\n<p class=\"ls-paragraph has-text-align-left\">Alle Animationen <strong>enden um Mitternacht und es wird ruhig auf dem Campingplatz<\/strong>. F\u00fcr die Feierw\u00fctigen unter Ihnen, ist der <strong>Pub des CALA GOGO<\/strong> jeden Abend ge\u00f6ffnet (freier Eintritt).<\/p>\n<\/div>\n\n\n\n<div class=\"wp-block-column is-layout-flow wp-block-column-is-layout-flow\">\n<figure class=\"wp-block-image size-full animated fadeInRight delay-100ms slow\"><a href=\"https:\/\/www.camping-le-calagogo.fr\/wp-content\/uploads\/2023\/12\/camping-soirees-concert-saint-cyprien.webp\"><img decoding=\"async\" width=\"2000\" height=\"1188\" src=\"https:\/\/www.camping-le-calagogo.fr\/wp-content\/uploads\/2023\/12\/camping-soirees-concert-saint-cyprien.webp\" alt=\"camping partykonzerte saint cyprien\" class=\"wp-image-2629979\" srcset=\"https:\/\/www.camping-le-calagogo.fr\/wp-content\/uploads\/2023\/12\/camping-soirees-concert-saint-cyprien.webp 2000w, https:\/\/www.camping-le-calagogo.fr\/wp-content\/uploads\/2023\/12\/camping-soirees-concert-saint-cyprien-300x178.webp 300w, https:\/\/www.camping-le-calagogo.fr\/wp-content\/uploads\/2023\/12\/camping-soirees-concert-saint-cyprien-1024x608.webp 1024w, https:\/\/www.camping-le-calagogo.fr\/wp-content\/uploads\/2023\/12\/camping-soirees-concert-saint-cyprien-768x456.webp 768w, https:\/\/www.camping-le-calagogo.fr\/wp-content\/uploads\/2023\/12\/camping-soirees-concert-saint-cyprien-1536x912.webp 1536w\" sizes=\"(max-width: 2000px) 100vw, 2000px\" \/><\/a><\/figure>\n<\/div>\n<\/div>\n\n\r\n    <\/div>\r\n<\/section><section id=\"ls-section-block_04629506f684aea76d8601f2f28e5f08\" class=\"ls-section  section-parallax has-background-image has-parallax has-background has-color-black-background-color has-p-t p-t-30 has-p-b p-b-0\" >\r\n    <div class=\"ls-section__background-image opacity-58\"><img decoding=\"async\" src=\"https:\/\/www.camping-le-calagogo.fr\/wp-content\/uploads\/2023\/12\/camping-animations-enfants-saint-cyprien.webp\" alt=\"\"><\/div>    <div class=\"container container--wide\">\r\n        \n\n<div id=\"ls-heading ls-titre-div-block_eaa71735e30f93e32ad28741c7aa268d\" class=\"ls-titre-div m-right aligncenter h1-like\" >\n    Eine <em>Frage?<\/em><\/div>\n\n\n\n<div class=\"wp-block-columns has-color-white-background-color has-background is-layout-flex wp-container-core-columns-is-layout-9d6595d7 wp-block-columns-is-layout-flex\">\n<div class=\"wp-block-column is-layout-flow wp-block-column-is-layout-flow\">\n<h2 class=\"ls__heading wp-block-heading has-text-align-center\">H\u00e4ufig gestellte Fragen <br\/>zu den Animationen<\/h2>\n\n\n<div id=\"faq\" class=\"faq-container\"><div class=\"faq-wrap\" itemscope=\"\" itemtype=\"https:\/\/schema.org\/FAQPage\"><div class=\"faq__box faq__item\"><div class=\"faq__container\"><div class=\"faq__block\" itemscope=\"\" itemprop=\"mainEntity\" itemtype=\"https:\/\/schema.org\/Question\"><details class=\"faq\"><summary class=\"faq-question\" itemprop=\"name\">Gibt es Animationen in der Nebensaison?<span class=\"faq-opener\"><\/span><\/summary><div class=\"content\" itemscope=\"\" itemprop=\"acceptedAnswer\" itemtype=\"https:\/\/schema.org\/Answer\"><div itemprop=\"text\"><p><em><p>Ja, von der \u00d6ffnung des Campingplatzes bis zu seiner Schlie\u00dfung wird f\u00fcr Unterhaltung gesorgt.<\/p>\n<\/em><\/p><\/div><\/div><\/details><\/div><\/div><\/div><div class=\"faq__box faq__item\"><div class=\"faq__container\"><div class=\"faq__block\" itemscope=\"\" itemprop=\"mainEntity\" itemtype=\"https:\/\/schema.org\/Question\"><details class=\"faq\"><summary class=\"faq-question\" itemprop=\"name\">Sind alle Animationen frei zug\u00e4nglich und m\u00fcssen nicht reserviert werden?<span class=\"faq-opener\"><\/span><\/summary><div class=\"content\" itemscope=\"\" itemprop=\"acceptedAnswer\" itemtype=\"https:\/\/schema.org\/Answer\"><div itemprop=\"text\"><p><em><p>Einige Animationen (vor allem die im Freien) k\u00f6nnen beim Animationsteam gebucht werden.<\/p>\n<\/em><\/p><\/div><\/div><\/details><\/div><\/div><\/div><div class=\"faq__box faq__item\"><div class=\"faq__container\"><div class=\"faq__block\" itemscope=\"\" itemprop=\"mainEntity\" itemtype=\"https:\/\/schema.org\/Question\"><details class=\"faq\"><summary class=\"faq-question\" itemprop=\"name\">Wie kann ich den Kalender oder die Planung der Animationen bekommen?<span class=\"faq-opener\"><\/span><\/summary><div class=\"content\" itemscope=\"\" itemprop=\"acceptedAnswer\" itemtype=\"https:\/\/schema.org\/Answer\"><div itemprop=\"text\"><p><em><p>Der Stundenplan ist an der Rezeption erh\u00e4ltlich. Es wird auch \u00fcberall auf dem Campingplatz ausgeh\u00e4ngt.<\/p>\n<\/em><\/p><\/div><\/div><\/details><\/div><\/div><\/div><\/div><\/div><\/div>\n<\/div>\n\n\r\n    <\/div>\r\n<\/section><section id=\"ls-section-block_615e38655b60160e61a3251e9c8c507d\" class=\"ls-section  page-maillage has-p-b p-b-14\" >\r\n        <div class=\"container container--wide\">\r\n        \n\n<div id=\"ls-heading ls-titre-div-block_7944c0192a66ae1a6489df0ff749a689\" class=\"ls-titre-div m-left h2-like\" >\n    Entdecken Sie die Unterk\u00fcnfte, <\/br>die Dienstleistungen und den Pool!<\/div>\n\n\n<div id=\"ls-maillage-block_f696ac5a9f7a71a349ea5384bc4e296c\" class=\"ls-maillage cta-style-normal\" data-rows=\"3\">\n    <div class=\"wp-block-columns  \"><div class=\"wp-block-column\"><div id=\"destinations\" class=\"ls-cta\">\n\n<a href=\"https:\/\/www.camping-le-calagogo.fr\/de\/camping-services-pyrenees-orientales\/\" target=\"\" rel=\"noopener\" class=\"ls-cta__link\">\n\n\t<div class=\"ls-cta__image\"><img decoding=\"async\" src=\"https:\/\/www.camping-le-calagogo.fr\/wp-content\/uploads\/2023\/12\/epicerie-languedoc.webp\" alt=\"\"><\/div>\n\t<div class=\"ls-cta__title\">\n\t\tDienstleistungen und Gesch\u00e4fte\t<\/div>\n\t\n\t\t\n<\/a><\/div><\/div><div class=\"wp-block-column\"><div id=\"destinations\" class=\"ls-cta\">\n\n<a href=\"https:\/\/www.camping-le-calagogo.fr\/de\/vermietung-mobil-home-languedoc-roussillon\/\" target=\"\" rel=\"noopener\" class=\"ls-cta__link\">\n\n\t<div class=\"ls-cta__image\"><img decoding=\"async\" src=\"https:\/\/www.camping-le-calagogo.fr\/wp-content\/uploads\/2023\/12\/sejour-mobil-home-pyrenees-orientales.webp\" alt=\"\"><\/div>\n\t<div class=\"ls-cta__title\">\n\t\tMobilheime\t<\/div>\n\t\n\t\t\n<\/a><\/div><\/div><div class=\"wp-block-column\"><div id=\"destinations\" class=\"ls-cta\">\n\n<a href=\"https:\/\/www.camping-le-calagogo.fr\/de\/camping-mit-schwimmbad-saint-cyprien\/\" target=\"\" rel=\"noopener\" class=\"ls-cta__link\">\n\n\t<div class=\"ls-cta__image\"><img decoding=\"async\" src=\"https:\/\/www.camping-le-calagogo.fr\/wp-content\/uploads\/2023\/12\/espace-aquatique-perpignan.webp\" alt=\"\"><\/div>\n\t<div class=\"ls-cta__title\">\n\t\tWasserbereich\t<\/div>\n\t\n\t\t\n<\/a><\/div><\/div><\/div><\/div>\n\r\n    <\/div>\r\n<\/section>","protected":false},"excerpt":{"rendered":"","protected":false},"author":1,"featured_media":2630033,"parent":0,"menu_order":0,"comment_status":"closed","ping_status":"closed","template":"","meta":{"_acf_changed":false,"_seopress_robots_primary_cat":"","_seopress_titles_title":"Familiencamping Argel\u00e8s | Familienfreundlicher Campingplatz in Saint-Cyprien","_seopress_titles_desc":"Entdecken Sie alle Animationen auf dem 5-Sterne-Campingplatz von Saint Cyprien: Abendveranstaltungen, Aktivit\u00e4ten f\u00fcr die ganze Familie am Meer!","_seopress_robots_index":"","inline_featured_image":false,"footnotes":""},"sujet":[],"class_list":["post-2708340","page","type-page","status-publish","has-post-thumbnail","hentry"],"acf":[],"_links":{"self":[{"href":"https:\/\/www.camping-le-calagogo.fr\/de\/wp-json\/wp\/v2\/pages\/2708340","targetHints":{"allow":["GET"]}}],"collection":[{"href":"https:\/\/www.camping-le-calagogo.fr\/de\/wp-json\/wp\/v2\/pages"}],"about":[{"href":"https:\/\/www.camping-le-calagogo.fr\/de\/wp-json\/wp\/v2\/types\/page"}],"author":[{"embeddable":true,"href":"https:\/\/www.camping-le-calagogo.fr\/de\/wp-json\/wp\/v2\/users\/1"}],"replies":[{"embeddable":true,"href":"https:\/\/www.camping-le-calagogo.fr\/de\/wp-json\/wp\/v2\/comments?post=2708340"}],"version-history":[{"count":6,"href":"https:\/\/www.camping-le-calagogo.fr\/de\/wp-json\/wp\/v2\/pages\/2708340\/revisions"}],"predecessor-version":[{"id":2845932,"href":"https:\/\/www.camping-le-calagogo.fr\/de\/wp-json\/wp\/v2\/pages\/2708340\/revisions\/2845932"}],"wp:featuredmedia":[{"embeddable":true,"href":"https:\/\/www.camping-le-calagogo.fr\/de\/wp-json\/wp\/v2\/media\/2630033"}],"wp:attachment":[{"href":"https:\/\/www.camping-le-calagogo.fr\/de\/wp-json\/wp\/v2\/media?parent=2708340"}],"wp:term":[{"taxonomy":"sujet","embeddable":true,"href":"https:\/\/www.camping-le-calagogo.fr\/de\/wp-json\/wp\/v2\/sujet?post=2708340"}],"curies":[{"name":"wp","href":"https:\/\/api.w.org\/{rel}","templated":true}]}}