{"id":2708369,"date":"2023-10-18T09:18:51","date_gmt":"2023-10-18T07:18:51","guid":{"rendered":"https:\/\/www.camping-le-calagogo.fr\/pool\/"},"modified":"2024-01-11T01:37:43","modified_gmt":"2024-01-11T00:37:43","slug":"pool","status":"publish","type":"page","link":"https:\/\/www.camping-le-calagogo.fr\/de\/camping-perpignan\/pool\/","title":{"rendered":"Camping mit Schwimmbad Perpignan"},"content":{"rendered":"<section id=\"ls-section-block_d4f23db20355bada09799fc0ddb8bb61\" class=\"ls-section  page-chapeau deco has-p-b p-b-4\" >\r\n        <div class=\"container \">\r\n        \n\n<h1 class=\"ls__heading wp-block-heading has-text-align-center\">Camping mit Swimmingpool<br><strong>in Perpignan<\/strong><\/h1>\n\n\n\n<p class=\"ls-paragraph has-text-align-center\">Der <strong>Camping mit Schwimmbad in Perpignan<\/strong> Le Cala-Gogo bietet Ihnen einen erholsamen Aufenthalt am Meer, etwa 20 Minuten von Perpignan entfernt, in den \u00f6stlichen Pyren\u00e4en. Die F\u00fcnf-Sterne-Anlage verf\u00fcgt \u00fcber einen gro\u00dfen Wasserbereich mit u. a. beheizten Pools und Sonnenterrasse, aber auch Rutschen, beheiztem Whirlpool und Planschbecken f\u00fcr die Kinder. Dies ist der ideale Ort f\u00fcr einen Familienurlaub mit den F\u00fc\u00dfen im Wasser auf einem Camping mit Wasserkomplex und verschiedenen Schwimmb\u00e4dern.<\/p>\n\n\r\n    <\/div>\r\n<\/section>\n\n<section id=\"ls-section-block_51ba394e9c1c0450867a4e4c8b793228\" class=\"ls-section  page-one has-p-t p-t-0 has-p-b p-b-14\" >\r\n        <div class=\"container container--wide\">\r\n        \n\n<div class=\"wp-block-columns is-layout-flex wp-container-core-columns-is-layout-9d6595d7 wp-block-columns-is-layout-flex\">\n<div class=\"wp-block-column is-vertically-aligned-center first is-layout-flow wp-block-column-is-layout-flow\" style=\"flex-basis:66.7%\">\n<figure class=\"wp-block-image size-full\"><img decoding=\"async\" width=\"1799\" height=\"1200\" src=\"https:\/\/www.camping-le-calagogo.fr\/wp-content\/uploads\/2023\/12\/espace-aquatique-perpignan.webp\" alt=\"wasserraum perpignan\" class=\"wp-image-2629803\" srcset=\"https:\/\/www.camping-le-calagogo.fr\/wp-content\/uploads\/2023\/12\/espace-aquatique-perpignan.webp 1799w, https:\/\/www.camping-le-calagogo.fr\/wp-content\/uploads\/2023\/12\/espace-aquatique-perpignan-300x200.webp 300w, https:\/\/www.camping-le-calagogo.fr\/wp-content\/uploads\/2023\/12\/espace-aquatique-perpignan-1024x683.webp 1024w, https:\/\/www.camping-le-calagogo.fr\/wp-content\/uploads\/2023\/12\/espace-aquatique-perpignan-768x512.webp 768w, https:\/\/www.camping-le-calagogo.fr\/wp-content\/uploads\/2023\/12\/espace-aquatique-perpignan-1536x1025.webp 1536w\" sizes=\"(max-width: 1799px) 100vw, 1799px\" \/><\/figure>\n<\/div>\n\n\n\n<div class=\"wp-block-column is-vertically-aligned-center second is-layout-flow wp-block-column-is-layout-flow\" style=\"flex-basis:33.3%\">\n<h2 class=\"ls__heading wp-block-heading\">Ein 600 m\u00b2 gro\u00dfer Wasserbereich<\/h2>\n\n\n\n<p class=\"ls-paragraph\">Der Wasserbereich mit seinem Au\u00dfenpool ist ein Ort der Entspannung und Freizeitgestaltung f\u00fcr Erwachsene und Kinder. Er empf\u00e4ngt Sie in einer Umgebung, die bezaubernder nicht sein k\u00f6nnte. Der Bereich um den Pool ist n\u00e4mlich mit B\u00e4umen bepflanzt und bietet eine gr\u00fcne Ecke, die zum Auftanken einl\u00e4dt.<\/p>\n\n\n\n<p class=\"ls-paragraph\">Den Bewohnern des <strong>Camping Perpignan mit Pool<\/strong> stehen mehrere Badebereiche zur Verf\u00fcgung. Das wichtigste von ihnen sind zweifellos unsere beheizten Becken.<\/p>\n<\/div>\n<\/div>\n\n\r\n    <\/div>\r\n<\/section>\n\n<section id=\"ls-section-block_407fd143cbbef8c5a9de4aeee5ed1384\" class=\"ls-section  page-two mosaique has-background has-color-4-background-color has-p-t p-t-14 has-p-b p-b-14\" >\r\n        <div class=\"container container--wide\">\r\n        \n\n<div class=\"wp-block-columns is-layout-flex wp-container-core-columns-is-layout-9d6595d7 wp-block-columns-is-layout-flex\">\n<div class=\"wp-block-column is-vertically-aligned-center is-layout-flow wp-block-column-is-layout-flow\">\n<p class=\"ls-paragraph\">Dieser Pool hei\u00dft Sie willkommen, egal ob Sie sich nach einem Wandertag entspannen oder zum Beispiel einen sch\u00f6nen Nachmittag mit der Familie oder mit Freunden genie\u00dfen m\u00f6chten. Es ist auch der perfekte Ort, um Sport zu treiben und sich k\u00f6rperlich zu verausgaben.<\/p>\n\n\n\n<p class=\"ls-paragraph\">Nachdem Sie Ihr Kraulen perfektioniert haben, g\u00f6nnen Sie sich wohlverdiente Entspannungsmomente auf der Sonnenterrasse rund um das Becken. Dieser Erholungsraum ist besonders bei Campern beliebt, von denen viele den Schatten der Strohh\u00fctten genie\u00dfen.<\/p>\n\n\n\n<p class=\"ls-paragraph\">Der Wasserbereich Ihres <a href=\"https:\/\/www.camping-le-calagogo.fr\/de\/camping-perpignan\/camping-billig-perpignan\/\" data-type=\"page\" data-id=\"106\">g\u00fcnstigen Camping Perpignan<\/a> umfasst auch Badebereiche f\u00fcr Kinder, Jugendliche und die ganze Familie.<\/p>\n\n\n\n<p class=\"ls-paragraph\">Kinder haben die M\u00f6glichkeit, sich unter Aufsicht eines Erwachsenen im beheizten Planschbecken zu vergn\u00fcgen oder sich in aller Sicherheit abzuk\u00fchlen. Dieser flache Pool ist ein besonderer Ort der Interaktion f\u00fcr die J\u00fcngsten, ebenso wie der Miniclub. Dasselbe gilt f\u00fcr die Rutsche, auf der es viel zu lachen und zu spritzen gibt.<\/p>\n<\/div>\n\n\n\n<div class=\"wp-block-column is-vertically-aligned-center is-layout-flow wp-block-column-is-layout-flow\">\n<figure class=\"wp-block-image size-full\"><img decoding=\"async\" width=\"1632\" height=\"1200\" src=\"https:\/\/www.camping-le-calagogo.fr\/wp-content\/uploads\/2023\/12\/pataugeoire-piscine-enfant.webp\" alt=\"Planschbecken Kinderbecken\" class=\"wp-image-2629847\" srcset=\"https:\/\/www.camping-le-calagogo.fr\/wp-content\/uploads\/2023\/12\/pataugeoire-piscine-enfant.webp 1632w, https:\/\/www.camping-le-calagogo.fr\/wp-content\/uploads\/2023\/12\/pataugeoire-piscine-enfant-300x221.webp 300w, https:\/\/www.camping-le-calagogo.fr\/wp-content\/uploads\/2023\/12\/pataugeoire-piscine-enfant-1024x753.webp 1024w, https:\/\/www.camping-le-calagogo.fr\/wp-content\/uploads\/2023\/12\/pataugeoire-piscine-enfant-768x565.webp 768w, https:\/\/www.camping-le-calagogo.fr\/wp-content\/uploads\/2023\/12\/pataugeoire-piscine-enfant-1536x1129.webp 1536w\" sizes=\"(max-width: 1632px) 100vw, 1632px\" \/><\/figure>\n<\/div>\n<\/div>\n\n\r\n    <\/div>\r\n<\/section>\n\n<section id=\"ls-section-block_f50d8a7e436a15c40583a3155faef375\" class=\"ls-section  section-parallax has-background-image has-parallax has-background has-color-black-background-color has-p-t p-t-30 has-p-b p-b-0\" >\r\n    <div class=\"ls-section__background-image opacity-58\"><img decoding=\"async\" src=\"https:\/\/www.camping-le-calagogo.fr\/wp-content\/uploads\/2023\/12\/piscine-toboggan-perpignan.webp\" alt=\"\"><\/div>    <div class=\"container container--wide\">\r\n        \n\n<div id=\"ls-heading ls-titre-div-block_2bd20d9924599e2ede438b7ce1712224\" class=\"ls-titre-div m-right aligncenter h1-like\" >\n    <em>Wasseraktivit\u00e4ten<\/em><\/div>\n\n\n\n<div class=\"wp-block-columns has-color-white-background-color has-background is-layout-flex wp-container-core-columns-is-layout-9d6595d7 wp-block-columns-is-layout-flex\">\n<div class=\"wp-block-column is-layout-flow wp-block-column-is-layout-flow\">\n<h2 class=\"ls__heading wp-block-heading has-text-align-center\">Camping Perpignan mit Wasserpark<\/h2>\n\n\n\n<p class=\"ls-paragraph has-text-align-center\">Ob Sie sich nach einem erlebnisreichen Tag entspannen oder mit den Kindern oder Freunden Spa\u00df haben wollen, der Wasserbereich ist der ideale Ort daf\u00fcr. Der <a href=\"https:\/\/www.camping-le-calagogo.fr\/de\/\" data-type=\"page\" data-id=\"9\">Camping Le Cala-Gogo<\/a> ist f\u00fcr die Qualit\u00e4t und Modernit\u00e4t seiner Einrichtungen bekannt. Und das gilt auch f\u00fcr die, aus denen der Wasserbereich besteht.<\/p>\n\n\n\n<p class=\"ls-paragraph has-text-align-center\">F\u00fcr die Entspannung zwischendurch gibt es zum Beispiel Massaged\u00fcsen, die den Campern viel Freude bereiten werden. Diese k\u00f6nnen auch den Schatten der Strohh\u00fctten &#8211; und die sch\u00f6ne Kulisse, die sie bilden &#8211; rund um den beheizten Pool genie\u00dfen. Auch die Kinder kommen nicht zu kurz. Der <strong>Camping Perpignan mit Pool<\/strong> ist eine der wenigen Einrichtungen in der Region, die \u00fcber ein beheiztes Planschbecken verf\u00fcgen.<\/p>\n\n\n\n<p class=\"ls-paragraph has-text-align-center\">In den f\u00fcr die J\u00fcngsten reservierten Badebereichen k\u00f6nnen sie sich mit anderen Kindern vergn\u00fcgen, ohne sich zu weit von Ihrem <a href=\"https:\/\/www.camping-le-calagogo.fr\/de\/camping-perpignan\/mobilheim\/\" data-type=\"page\" data-id=\"82\">Mobilheim Perpignan<\/a> entfernen zu m\u00fcssen. Mit Wasserspielen und Rutschen werden sie sich w\u00e4hrend ihres Urlaubs in den \u00f6stlichen Pyren\u00e4en bestimmt nicht langweilen.<\/p>\n<\/div>\n<\/div>\n\n\r\n    <\/div>\r\n<\/section>\n\n<section id=\"ls-section-block_891dd4404cd1bf32b154faa64df85aed\" class=\"ls-section  page-three has-p-t p-t-14\" >\r\n        <div class=\"container container--wide\">\r\n        \n\n<div class=\"wp-block-columns is-layout-flex wp-container-core-columns-is-layout-9d6595d7 wp-block-columns-is-layout-flex\">\n<div class=\"wp-block-column first is-layout-flow wp-block-column-is-layout-flow\">\n<figure class=\"wp-block-image size-full\"><img decoding=\"async\" width=\"1800\" height=\"1200\" src=\"https:\/\/www.camping-le-calagogo.fr\/wp-content\/uploads\/2023\/12\/camping-piscine-chauffee-perpignan.webp\" alt=\"camping beheiztes schwimmbad perpignan\" class=\"wp-image-2629795\" srcset=\"https:\/\/www.camping-le-calagogo.fr\/wp-content\/uploads\/2023\/12\/camping-piscine-chauffee-perpignan.webp 1800w, https:\/\/www.camping-le-calagogo.fr\/wp-content\/uploads\/2023\/12\/camping-piscine-chauffee-perpignan-300x200.webp 300w, https:\/\/www.camping-le-calagogo.fr\/wp-content\/uploads\/2023\/12\/camping-piscine-chauffee-perpignan-1024x683.webp 1024w, https:\/\/www.camping-le-calagogo.fr\/wp-content\/uploads\/2023\/12\/camping-piscine-chauffee-perpignan-768x512.webp 768w, https:\/\/www.camping-le-calagogo.fr\/wp-content\/uploads\/2023\/12\/camping-piscine-chauffee-perpignan-1536x1024.webp 1536w\" sizes=\"(max-width: 1800px) 100vw, 1800px\" \/><\/figure>\n<\/div>\n\n\n\n<div class=\"wp-block-column is-vertically-aligned-top second is-layout-flow wp-block-column-is-layout-flow\">\n<h2 class=\"ls__heading wp-block-heading has-text-align-left\">Ein beaufsichtigtes Schwimmbad<\/h2>\n\n\n\n<p class=\"ls-paragraph\">In den Monaten Juli und August gibt es eine Badeaufsicht. Die Badebereiche f\u00fcr Kinder sind daher sicher, damit sie sich unbeschwert vergn\u00fcgen k\u00f6nnen.<\/p>\n\n\n\n<p class=\"ls-paragraph\">Die Anwesenheit der Aufsichtspersonen auf dem <a href=\"https:\/\/www.camping-le-calagogo.fr\/de\/camping-perpignan\/\" data-type=\"page\" data-id=\"2708676\">Camping Perpignan<\/a> Le Cala-Gogo w\u00fcrde jedoch nicht ausreichen, wenn die Hausordnung bez\u00fcglich des Wasserbereichs nicht eingehalten wird.<\/p>\n\n\n\n<p class=\"ls-paragraph\">Es ist z. B. wichtig, dass eine erwachsene Begleitperson ihre Kinder im Auge beh\u00e4lt, w\u00e4hrend sie sich im Planschbecken oder auf der Rutsche vergn\u00fcgen.<\/p>\n<\/div>\n<\/div>\n\n\r\n    <\/div>\r\n<\/section>\n\n<section id=\"ls-section-block_407fd143cbbef8c5a9de4aeee5ed1384\" class=\"ls-section  page-two mosaique has-background has-color-4-background-color has-p-t p-t-14 has-p-b p-b-14\" >\r\n        <div class=\"container container--wide\">\r\n        \n\n<div class=\"wp-block-columns is-layout-flex wp-container-core-columns-is-layout-9d6595d7 wp-block-columns-is-layout-flex\">\n<div class=\"wp-block-column is-vertically-aligned-center is-layout-flow wp-block-column-is-layout-flow\">\n<h2 class=\"ls__heading wp-block-heading\">Camping Perpignan mit beheizten Pools<\/h2>\n\n\n\n<p class=\"ls-paragraph\">Die beheizten Swimmingpools ist einer der beliebtesten Orte der Entspannung f\u00fcr Camper. Manche Menschen st\u00fcrzen sich ins Wasser, um nach sportlichen Aktivit\u00e4ten Dampf abzulassen.<\/p>\n\n\n\n<p class=\"ls-paragraph\">Wenn Sie z. B. vorhaben, an einem der zahlreichen Sportturniere teilzunehmen, die von den Animateuren der Einrichtung organisiert werden, werden Sie nach der k\u00f6rperlichen Ert\u00fcchtigung wahrscheinlich einige Minuten im beheizten Becken verbringen wollen. Der beheizte Pool ist gleichzeitig ein Raum, in dem du deine Bahnen ziehen kannst, um z. B. deinen Kraulstil zu perfektionieren.<\/p>\n\n\n\n<p class=\"ls-paragraph\"><strong>Der Campingplatz Perpignan mit Pool<\/strong> verspricht einen sch\u00f6nen Urlaub am Meer mit verschiedenen Entdeckungs-, Entspannungs- und Sportaktivit\u00e4ten. Und der Wasserbereich nimmt in dieser Hinsicht eine wichtige Rolle ein.<\/p>\n<\/div>\n\n\n\n<div class=\"wp-block-column is-vertically-aligned-center is-layout-flow wp-block-column-is-layout-flow\">\n<figure class=\"wp-block-image size-full\"><img decoding=\"async\" width=\"1800\" height=\"1200\" src=\"https:\/\/www.camping-le-calagogo.fr\/wp-content\/uploads\/2023\/12\/baignade-piscine-chauffee-camping.webp\" alt=\"Baden beheizter Pool Camping\" class=\"wp-image-2629864\" srcset=\"https:\/\/www.camping-le-calagogo.fr\/wp-content\/uploads\/2023\/12\/baignade-piscine-chauffee-camping.webp 1800w, https:\/\/www.camping-le-calagogo.fr\/wp-content\/uploads\/2023\/12\/baignade-piscine-chauffee-camping-300x200.webp 300w, https:\/\/www.camping-le-calagogo.fr\/wp-content\/uploads\/2023\/12\/baignade-piscine-chauffee-camping-1024x683.webp 1024w, https:\/\/www.camping-le-calagogo.fr\/wp-content\/uploads\/2023\/12\/baignade-piscine-chauffee-camping-768x512.webp 768w, https:\/\/www.camping-le-calagogo.fr\/wp-content\/uploads\/2023\/12\/baignade-piscine-chauffee-camping-1536x1024.webp 1536w\" sizes=\"(max-width: 1800px) 100vw, 1800px\" \/><\/figure>\n<\/div>\n<\/div>\n\n\r\n    <\/div>\r\n<\/section>\n\n<section id=\"ls-section-block_3d7a073d2d7eaf4a18efb64007f845f8\" class=\"ls-section  page-maillage has-p-b p-b-14\" >\r\n        <div class=\"container container--wide\">\r\n        \n\n<div id=\"ls-heading ls-titre-div-block_9efb943d124ebd24ef782543a515369d\" class=\"ls-titre-div m-left h2-like\" >\n    Mobilheime und Preise <\/br>auf dem Campingplatz in Perpignan<\/div>\n\n\n<div id=\"ls-maillage-block_d28b0ab5fbe1eeabe452f3ccf02aaa57\" class=\"ls-maillage cta-style-normal\" data-rows=\"3\">\n    <div class=\"wp-block-columns  \"><div class=\"wp-block-column\"><div id=\"destinations\" class=\"ls-cta\">\n\n<a href=\"https:\/\/www.camping-le-calagogo.fr\/de\/camping-perpignan\/mobilheim\/\" target=\"\" rel=\"noopener\" class=\"ls-cta__link\">\n\n\t<div class=\"ls-cta__image\"><img decoding=\"async\" src=\"https:\/\/www.camping-le-calagogo.fr\/wp-content\/uploads\/2023\/12\/louer-hebergement-perpignan.webp\" alt=\"\"><\/div>\n\t<div class=\"ls-cta__title\">\n\t\tMobilheime Perpignan\t<\/div>\n\t\n\t\t\n<\/a><\/div><\/div><div class=\"wp-block-column\"><div id=\"destinations\" class=\"ls-cta\">\n\n<a href=\"https:\/\/www.camping-le-calagogo.fr\/de\/camping-perpignan\/camping-billig-perpignan\/\" target=\"\" rel=\"noopener\" class=\"ls-cta__link\">\n\n\t<div class=\"ls-cta__image\"><img decoding=\"async\" src=\"https:\/\/www.camping-le-calagogo.fr\/wp-content\/uploads\/2023\/12\/louer-mobil-home-perpignan.webp\" alt=\"louer mobil home\"><\/div>\n\t<div class=\"ls-cta__title\">\n\t\tCamping billig Perpignan\t<\/div>\n\t\n\t\t\n<\/a><\/div><\/div><div class=\"wp-block-column\"><div id=\"destinations\" class=\"ls-cta\">\n\n<a href=\"https:\/\/www.camping-le-calagogo.fr\/de\/camping-perpignan\/\" target=\"\" rel=\"noopener\" class=\"ls-cta__link\">\n\n\t<div class=\"ls-cta__image\"><img decoding=\"async\" src=\"https:\/\/www.camping-le-calagogo.fr\/wp-content\/uploads\/2023\/12\/camping-perpignan.webp\" alt=\"\"><\/div>\n\t<div class=\"ls-cta__title\">\n\t\tCamping Perpignan\t<\/div>\n\t\n\t\t\n<\/a><\/div><\/div><\/div><\/div>\n\r\n    <\/div>\r\n<\/section>","protected":false},"excerpt":{"rendered":"","protected":false},"author":1,"featured_media":2629840,"parent":2708676,"menu_order":0,"comment_status":"closed","ping_status":"closed","template":"","meta":{"_acf_changed":false,"_seopress_robots_primary_cat":"","_seopress_titles_title":"Camping Perpignan mit Pool | Wasserpark, Rutschen in Perpignan","_seopress_titles_desc":"","_seopress_robots_index":"","inline_featured_image":false,"footnotes":""},"sujet":[],"class_list":["post-2708369","page","type-page","status-publish","has-post-thumbnail","hentry"],"acf":[],"_links":{"self":[{"href":"https:\/\/www.camping-le-calagogo.fr\/de\/wp-json\/wp\/v2\/pages\/2708369","targetHints":{"allow":["GET"]}}],"collection":[{"href":"https:\/\/www.camping-le-calagogo.fr\/de\/wp-json\/wp\/v2\/pages"}],"about":[{"href":"https:\/\/www.camping-le-calagogo.fr\/de\/wp-json\/wp\/v2\/types\/page"}],"author":[{"embeddable":true,"href":"https:\/\/www.camping-le-calagogo.fr\/de\/wp-json\/wp\/v2\/users\/1"}],"replies":[{"embeddable":true,"href":"https:\/\/www.camping-le-calagogo.fr\/de\/wp-json\/wp\/v2\/comments?post=2708369"}],"version-history":[{"count":8,"href":"https:\/\/www.camping-le-calagogo.fr\/de\/wp-json\/wp\/v2\/pages\/2708369\/revisions"}],"predecessor-version":[{"id":2826194,"href":"https:\/\/www.camping-le-calagogo.fr\/de\/wp-json\/wp\/v2\/pages\/2708369\/revisions\/2826194"}],"up":[{"embeddable":true,"href":"https:\/\/www.camping-le-calagogo.fr\/de\/wp-json\/wp\/v2\/pages\/2708676"}],"wp:featuredmedia":[{"embeddable":true,"href":"https:\/\/www.camping-le-calagogo.fr\/de\/wp-json\/wp\/v2\/media\/2629840"}],"wp:attachment":[{"href":"https:\/\/www.camping-le-calagogo.fr\/de\/wp-json\/wp\/v2\/media?parent=2708369"}],"wp:term":[{"taxonomy":"sujet","embeddable":true,"href":"https:\/\/www.camping-le-calagogo.fr\/de\/wp-json\/wp\/v2\/sujet?post=2708369"}],"curies":[{"name":"wp","href":"https:\/\/api.w.org\/{rel}","templated":true}]}}