{"id":2708405,"date":"2023-10-18T09:10:54","date_gmt":"2023-10-18T07:10:54","guid":{"rendered":"https:\/\/www.camping-le-calagogo.fr\/faq-acampar-sant-cyprien\/"},"modified":"2024-07-15T15:36:06","modified_gmt":"2024-07-15T13:36:06","slug":"camping-faq-saint-cyprien","status":"publish","type":"page","link":"https:\/\/www.camping-le-calagogo.fr\/de\/camping-faq-saint-cyprien\/","title":{"rendered":"FAQ"},"content":{"rendered":"<section id=\"ls-section-block_830791f96c5405e75ee17f421c3d57cb\" class=\"ls-section  page-chapeau has-p-b p-b-4\" >\r\n        <div class=\"container container--wide\">\r\n        \n\n<h1 class=\"ls__heading wp-block-heading has-text-align-center deco\">FAQs Camping  <br\/><strong>H\u00e4ufig gestellte Fragen zum Camping<\/strong> <\/h1>\n\n\n\n<p class=\"ls-paragraph has-text-align-center\">Eingebettet im Herzen der Provence bietet der Campingplatz Le Cala-Gogo <strong>einen idyllischen Ausflug<\/strong> f\u00fcr Naturliebhaber. Diese Oase der Ruhe empf\u00e4ngt Sie mit <strong>schattigen Stellpl\u00e4tzen<\/strong> und <strong>komfortablen Mobilheimen<\/strong>. Nutzen Sie den Wasserpark, die neuen Rutschen und den beheizten Whirlpool sowie die vielf\u00e4ltigen Aktivit\u00e4ten von Tennis bis Wandern. Die freundliche Atmosph\u00e4re auf dem Campingplatz f\u00f6rdert Begegnungen und schafft <strong>unvergessliche Erinnerungen<\/strong>. In der N\u00e4he der charmanten provenzalischen D\u00f6rfer ist Le Cala-Gogo der perfekte Ort, um authentisch in die Kultur und <strong>Sch\u00f6nheit der Provence<\/strong> einzutauchen, und bietet eine perfekte Balance zwischen Entspannung und Entdeckung.  <\/p>\n\n\r\n    <\/div>\r\n<\/section><section id=\"ls-section-block_b1a464552a41451730223dc8ac0f0141\" class=\"ls-section  page-one has-p-t p-t-0 has-p-b p-b-14\" >\r\n        <div class=\"container container--wide\">\r\n        \n\n<div class=\"wp-block-columns is-layout-flex wp-container-core-columns-is-layout-9d6595d7 wp-block-columns-is-layout-flex\">\n<div class=\"wp-block-column first is-layout-flow wp-block-column-is-layout-flow\" style=\"flex-basis:66.7%\">\n<figure class=\"wp-block-image size-full animated fadeInLeft slow\"><a href=\"https:\/\/www.camping-le-calagogo.fr\/wp-content\/uploads\/2023\/12\/camping-cala-gogo-a-saint-cyprien-pour-un-sejour-en-famille.webp\"><img decoding=\"async\" width=\"1800\" height=\"1200\" src=\"https:\/\/www.camping-le-calagogo.fr\/wp-content\/uploads\/2023\/12\/camping-cala-gogo-a-saint-cyprien-pour-un-sejour-en-famille.webp\" alt=\"camping cala gogo in saint cyprien f&#xFC;r einen familienurlaub\" class=\"wp-image-2708121\" srcset=\"https:\/\/www.camping-le-calagogo.fr\/wp-content\/uploads\/2023\/12\/camping-cala-gogo-a-saint-cyprien-pour-un-sejour-en-famille.webp 1800w, https:\/\/www.camping-le-calagogo.fr\/wp-content\/uploads\/2023\/12\/camping-cala-gogo-a-saint-cyprien-pour-un-sejour-en-famille-300x200.webp 300w, https:\/\/www.camping-le-calagogo.fr\/wp-content\/uploads\/2023\/12\/camping-cala-gogo-a-saint-cyprien-pour-un-sejour-en-famille-1024x683.webp 1024w, https:\/\/www.camping-le-calagogo.fr\/wp-content\/uploads\/2023\/12\/camping-cala-gogo-a-saint-cyprien-pour-un-sejour-en-famille-768x512.webp 768w, https:\/\/www.camping-le-calagogo.fr\/wp-content\/uploads\/2023\/12\/camping-cala-gogo-a-saint-cyprien-pour-un-sejour-en-famille-1536x1024.webp 1536w\" sizes=\"(max-width: 1800px) 100vw, 1800px\" \/><\/a><\/figure>\n<\/div>\n\n\n\n<div class=\"wp-block-column is-vertically-aligned-center second is-layout-flow wp-block-column-is-layout-flow\" style=\"flex-basis:33.3%\">\n<figure class=\"wp-block-image size-large illustration mosaique m-right\"><img decoding=\"async\" src=\"https:\/\/www.camping-le-calagogo.fr\/wp-content\/uploads\/2023\/10\/rond-mosaique.svg\" alt=\"rundes Mosaik\" class=\"wp-image-710\"\/><\/figure>\n\n\n<div id=\"faq\" class=\"faq-container\"><div class=\"faq-wrap\" itemscope=\"\" itemtype=\"https:\/\/schema.org\/FAQPage\"><div class=\"faq__box faq__item\"><div class=\"faq__container\"><div class=\"faq__block\" itemscope=\"\" itemprop=\"mainEntity\" itemtype=\"https:\/\/schema.org\/Question\"><details class=\"faq\"><summary class=\"faq-question\" itemprop=\"name\">Vermieten Sie K\u00fchlschr\u00e4nke?<span class=\"faq-opener\"><\/span><\/summary><div class=\"content\" itemscope=\"\" itemprop=\"acceptedAnswer\" itemtype=\"https:\/\/schema.org\/Answer\"><div itemprop=\"text\"><p><em><p><span style=\"font-weight: 400;\">Es ist m\u00f6glich, einen K\u00fchlschrank zu mieten, allerdings sollten Sie darauf achten, dass Sie dies mit Ihrer Buchung beantragen 6 \u20ac pro Tag.<\/span><\/p>\n<\/em><\/p><\/div><\/div><\/details><\/div><\/div><\/div><div class=\"faq__box faq__item\"><div class=\"faq__container\"><div class=\"faq__block\" itemscope=\"\" itemprop=\"mainEntity\" itemtype=\"https:\/\/schema.org\/Question\"><details class=\"faq\"><summary class=\"faq-question\" itemprop=\"name\">Gibt es Animationen?<span class=\"faq-opener\"><\/span><\/summary><div class=\"content\" itemscope=\"\" itemprop=\"acceptedAnswer\" itemtype=\"https:\/\/schema.org\/Answer\"><div itemprop=\"text\"><p><em><p><span style=\"font-weight: 400;\">Unser Animationsteam ist ab der Er\u00f6ffnung des Campingplatzes anwesend. Im Juli und August ist ein Kinderclub f\u00fcr Kinder ab 6 Jahren ge\u00f6ffnet.<\/span><\/p>\n<\/em><\/p><\/div><\/div><\/details><\/div><\/div><\/div><div class=\"faq__box faq__item\"><div class=\"faq__container\"><div class=\"faq__block\" itemscope=\"\" itemprop=\"mainEntity\" itemtype=\"https:\/\/schema.org\/Question\"><details class=\"faq\"><summary class=\"faq-question\" itemprop=\"name\">Wie weit ist der Campingplatz vom Meer entfernt?<span class=\"faq-opener\"><\/span><\/summary><div class=\"content\" itemscope=\"\" itemprop=\"acceptedAnswer\" itemtype=\"https:\/\/schema.org\/Answer\"><div itemprop=\"text\"><p><em><p><span style=\"font-weight: 400;\">Der Campingplatz hat einen direkten Zugang zum Meer und nichts trennt uns vom Strand, n\u00e4her kann man nicht sein! Weitere Informationen auf der Seite  <\/span><span style=\"font-weight: 400;\"><a href=\"https:\/\/www.camping-le-calagogo.fr\/de\/camping-meeresufer-languedoc-roussillon\/\">Camping am Meer in der Region Languedoc Roussillon<\/a><\/span><\/p>\n<\/em><\/p><\/div><\/div><\/details><\/div><\/div><\/div><div class=\"faq__box faq__item\"><div class=\"faq__container\"><div class=\"faq__block\" itemscope=\"\" itemprop=\"mainEntity\" itemtype=\"https:\/\/schema.org\/Question\"><details class=\"faq\"><summary class=\"faq-question\" itemprop=\"name\">Ist Grillen auf dem Campingplatz erlaubt?<span class=\"faq-opener\"><\/span><\/summary><div class=\"content\" itemscope=\"\" itemprop=\"acceptedAnswer\" itemtype=\"https:\/\/schema.org\/Answer\"><div itemprop=\"text\"><p><em><p><span style=\"font-weight: 400;\">Per Pr\u00e4fekturerlass sind nur Gasgrills erlaubt. Der Verleih von Grills ist vor Ort beim Supermarkt Vival m\u00f6glich.<\/span><\/p>\n<\/em><\/p><\/div><\/div><\/details><\/div><\/div><\/div><div class=\"faq__box faq__item\"><div class=\"faq__container\"><div class=\"faq__block\" itemscope=\"\" itemprop=\"mainEntity\" itemtype=\"https:\/\/schema.org\/Question\"><details class=\"faq\"><summary class=\"faq-question\" itemprop=\"name\">Gibt es auf dem gesamten Campingplatz Wifi?<span class=\"faq-opener\"><\/span><\/summary><div class=\"content\" itemscope=\"\" itemprop=\"acceptedAnswer\" itemtype=\"https:\/\/schema.org\/Answer\"><div itemprop=\"text\"><p><em><p><span style=\"font-weight: 400;\">WIFI ist auf dem gesamten Campingplatz vorhanden. <\/span><a href=\"https:\/\/www.camping-le-calagogo.fr\/de\/\"><br \/>\n  <span style=\"font-weight: 400;\">Camping in Saint Cyprien<\/span><br \/>\n<\/a><span style=\"font-weight: 400;\">.<\/span><\/p>\n<\/em><\/p><\/div><\/div><\/details><\/div><\/div><\/div><div class=\"faq__box faq__item\"><div class=\"faq__container\"><div class=\"faq__block\" itemscope=\"\" itemprop=\"mainEntity\" itemtype=\"https:\/\/schema.org\/Question\"><details class=\"faq\"><summary class=\"faq-question\" itemprop=\"name\">Kann man auf dem Campingplatz ein Zelt aufstellen?<span class=\"faq-opener\"><\/span><\/summary><div class=\"content\" itemscope=\"\" itemprop=\"acceptedAnswer\" itemtype=\"https:\/\/schema.org\/Answer\"><div itemprop=\"text\"><p><em><p><span style=\"font-weight: 400;\">Im Interesse der Harmonie auf dem Gel\u00e4nde ist es nicht erlaubt, Zelte auf den f\u00fcr Mobilheime vorgesehenen Pl\u00e4tzen aufzustellen. Au\u00dferdem darf die Anzahl der Personen pro Parzelle nicht mehr als 6 betragen, einschlie\u00dflich Baby. Es ist auch verboten, eine W\u00e4scheleine aufzuh\u00e4ngen, die als W\u00e4schest\u00e4nder dient.<\/span><\/p>\n<\/em><\/p><\/div><\/div><\/details><\/div><\/div><\/div><div class=\"faq__box faq__item\"><div class=\"faq__container\"><div class=\"faq__block\" itemscope=\"\" itemprop=\"mainEntity\" itemtype=\"https:\/\/schema.org\/Question\"><details class=\"faq\"><summary class=\"faq-question\" itemprop=\"name\">W\u00e4re es denkbar, zu einer Zeit anzureisen, zu der die Rezeption geschlossen ist?<span class=\"faq-opener\"><\/span><\/summary><div class=\"content\" itemscope=\"\" itemprop=\"acceptedAnswer\" itemtype=\"https:\/\/schema.org\/Answer\"><div itemprop=\"text\"><p><em><p><span style=\"font-weight: 400;\">Tats\u00e4chlich ist es durchaus denkbar, dass Sie au\u00dferhalb der \u00d6ffnungszeiten der Rezeption anreisen. Ein Nachtw\u00e4chter wird Ihnen zur Verf\u00fcgung stehen, um Sie zu begr\u00fc\u00dfen und es sich bequem zu machen.<\/span><\/p>\n<\/em><\/p><\/div><\/div><\/details><\/div><\/div><\/div><div class=\"faq__box faq__item\"><div class=\"faq__container\"><div class=\"faq__block\" itemscope=\"\" itemprop=\"mainEntity\" itemtype=\"https:\/\/schema.org\/Question\"><details class=\"faq\"><summary class=\"faq-question\" itemprop=\"name\">Sind Hunde in den Unterk\u00fcnften erlaubt?<span class=\"faq-opener\"><\/span><\/summary><div class=\"content\" itemscope=\"\" itemprop=\"acceptedAnswer\" itemtype=\"https:\/\/schema.org\/Answer\"><div itemprop=\"text\"><p><em><p><span style=\"font-weight: 400;\">Hunde sind in den Mietunterk\u00fcnften, auf dem Grundst\u00fcck und am Strand erlaubt, au\u00dfer Kategorie I. F\u00fcr Hunde der Kategorie II ist eine Leinenpflicht und ein Maulkorb vorgeschrieben.<\/span><\/p>\n<\/em><\/p><\/div><\/div><\/details><\/div><\/div><\/div><div class=\"faq__box faq__item\"><div class=\"faq__container\"><div class=\"faq__block\" itemscope=\"\" itemprop=\"mainEntity\" itemtype=\"https:\/\/schema.org\/Question\"><details class=\"faq\"><summary class=\"faq-question\" itemprop=\"name\">Sind Badeshorts im Schwimmbad erlaubt?<span class=\"faq-opener\"><\/span><\/summary><div class=\"content\" itemscope=\"\" itemprop=\"acceptedAnswer\" itemtype=\"https:\/\/schema.org\/Answer\"><div itemprop=\"text\"><p><em><p><span style=\"font-weight: 400;\">Badeshorts sind nicht erlaubt, nur Slip-Badeanz\u00fcge werden auf dem Campingplatz akzeptiert. Weitere Informationen auf der Seite  <\/span><a href=\"https:\/\/www.camping-le-calagogo.fr\/de\/camping-mit-schwimmbad-saint-cyprien\/\"><span style=\"font-weight: 400;\">Camping mit Pool in Saint Cyprien<\/span><\/a><\/p>\n<\/em><\/p><\/div><\/div><\/details><\/div><\/div><\/div><div class=\"faq__box faq__item\"><div class=\"faq__container\"><div class=\"faq__block\" itemscope=\"\" itemprop=\"mainEntity\" itemtype=\"https:\/\/schema.org\/Question\"><details class=\"faq\"><summary class=\"faq-question\" itemprop=\"name\">Ist der Campingplatz VACAF-zertifiziert?<span class=\"faq-opener\"><\/span><\/summary><div class=\"content\" itemscope=\"\" itemprop=\"acceptedAnswer\" itemtype=\"https:\/\/schema.org\/Answer\"><div itemprop=\"text\"><p><em><p><span style=\"font-weight: 400;\">Nein, der Campingplatz ist nicht von VACAF anerkannt.<\/span><\/p>\n<\/em><\/p><\/div><\/div><\/details><\/div><\/div><\/div><div class=\"faq__box faq__item\"><div class=\"faq__container\"><div class=\"faq__block\" itemscope=\"\" itemprop=\"mainEntity\" itemtype=\"https:\/\/schema.org\/Question\"><details class=\"faq\"><summary class=\"faq-question\" itemprop=\"name\">Kann man die Buchung und die Aktivit\u00e4ten mit einem Urlaubsscheck bezahlen?<span class=\"faq-opener\"><\/span><\/summary><div class=\"content\" itemscope=\"\" itemprop=\"acceptedAnswer\" itemtype=\"https:\/\/schema.org\/Answer\"><div itemprop=\"text\"><p><em><p><span style=\"font-weight: 400;\">Sie k\u00f6nnen bei der Buchung und in den verschiedenen Gesch\u00e4ften auf unserem Campingplatz mit Ch\u00e8que Vacances bezahlen.<\/span><\/p>\n<\/em><\/p><\/div><\/div><\/details><\/div><\/div><\/div><div class=\"faq__box faq__item\"><div class=\"faq__container\"><div class=\"faq__block\" itemscope=\"\" itemprop=\"mainEntity\" itemtype=\"https:\/\/schema.org\/Question\"><details class=\"faq\"><summary class=\"faq-question\" itemprop=\"name\">W\u00e4re es denkbar, meine Buchung zu \u00e4ndern?<span class=\"faq-opener\"><\/span><\/summary><div class=\"content\" itemscope=\"\" itemprop=\"acceptedAnswer\" itemtype=\"https:\/\/schema.org\/Answer\"><div itemprop=\"text\"><p><em><p><span style=\"font-weight: 400;\">Tats\u00e4chlich k\u00f6nnen Sie Ihre Buchung \u00e4ndern, sofern dies mit unserem Zeitplan vereinbar ist. Wir bitten Sie, uns bei \u00c4nderungen eine E-Mail oder einen Brief zu schicken.<\/span><\/p>\n<\/em><\/p><\/div><\/div><\/details><\/div><\/div><\/div><div class=\"faq__box faq__item\"><div class=\"faq__container\"><div class=\"faq__block\" itemscope=\"\" itemprop=\"mainEntity\" itemtype=\"https:\/\/schema.org\/Question\"><details class=\"faq\"><summary class=\"faq-question\" itemprop=\"name\">Ist es notwendig, eine Sicherheit zu leisten?<span class=\"faq-opener\"><\/span><\/summary><div class=\"content\" itemscope=\"\" itemprop=\"acceptedAnswer\" itemtype=\"https:\/\/schema.org\/Answer\"><div itemprop=\"text\"><p><em><p><span style=\"font-weight: 400;\">Bei der Anmeldung f\u00fcr einen Aufenthalt in einem Mobilheim werden Sie gebeten, einen Betrag von 200\u20ac als Kaution zu hinterlegen, die per Scheck oder Kartenabdruck geleistet werden kann. Diese Kaution wird zur\u00fcckerstattet oder storniert, nachdem unser Team den Zustand der Unterkunft bei Ihrer Abreise \u00fcberpr\u00fcft hat.<\/span><\/p>\n<\/em><\/p><\/div><\/div><\/details><\/div><\/div><\/div><div class=\"faq__box faq__item\"><div class=\"faq__container\"><div class=\"faq__block\" itemscope=\"\" itemprop=\"mainEntity\" itemtype=\"https:\/\/schema.org\/Question\"><details class=\"faq\"><summary class=\"faq-question\" itemprop=\"name\">Ist der Campingplatz nachts sicher?<span class=\"faq-opener\"><\/span><\/summary><div class=\"content\" itemscope=\"\" itemprop=\"acceptedAnswer\" itemtype=\"https:\/\/schema.org\/Answer\"><div itemprop=\"text\"><p><em><p><span style=\"font-weight: 400;\">Wir haben ein Sicherheitsteam auf dem Camping 24 Stunden am Tag.<\/span><\/p>\n<\/em><\/p><\/div><\/div><\/details><\/div><\/div><\/div><span class=\"faq__elipsis lire-plus active\">Lesen Sie mehr +<\/span><span class=\"faq__elipsis lire-moins\">Lire moins &#8211;<\/span><\/div><\/div><\/div>\n<\/div>\n\n\r\n    <\/div>\r\n<\/section><section id=\"ls-section-block_c539b9f96fe8278f37b2f07029f2af21\" class=\"ls-section  page-two mosaique has-background has-color-4-background-color has-p-t p-t-14 has-p-b p-b-14\" >\r\n        <div class=\"container container--wide\">\r\n        \n\n<div class=\"wp-block-columns is-layout-flex wp-container-core-columns-is-layout-9d6595d7 wp-block-columns-is-layout-flex\">\n<div class=\"wp-block-column is-vertically-aligned-center is-layout-flow wp-block-column-is-layout-flow\">\n<p class=\"ls-paragraph\">Zur Miete finden Sie :<\/p>\n\n\n\n<ul class=\"ls-list wp-block-list\">\n<li><strong>Grill:<\/strong> 28 \u20ac pro Woche oder 50 \u20ac f\u00fcr zwei Wochen.<\/li>\n\n\n\n<li><strong>Babyset<\/strong> mit Kinderbett &#8211; Badewanne &#8211; Hochstuhl &#8211; Kinderwagen: 2 \u20ac pro Tag f\u00fcr den Artikel Ihrer Wahl.<\/li>\n\n\n\n<li><strong>Bettw\u00e4sche<\/strong> aus Baumwolle 12 \u20ac in 140 (Doppelbett) oder 8 \u20ac in 80 (Einzelbett).<\/li>\n\n\n\n<li>Tennisplatz zur freien Verf\u00fcgung, Schl\u00e4gerverleih an der Rezeption.<\/li>\n<\/ul>\n\n\n\n<p class=\"ls-paragraph\"><a href=\"https:\/\/www.camping-le-calagogo.fr\/de\/raly-bike\/\" data-type=\"page\" data-id=\"32\">Fahrradverleih<\/a> bei unserem Anbieter RALY BIKE neben der Rezeption.<\/p>\n<\/div>\n\n\n\n<div class=\"wp-block-column is-layout-flow wp-block-column-is-layout-flow\">\n<figure class=\"wp-block-image size-large bigger animated fadeInRight delay-100ms slow\"><a href=\"https:\/\/www.camping-le-calagogo.fr\/wp-content\/uploads\/2023\/12\/camping-cala-gogo-a-saint-cyprien-avec-mobil-homes_resultat.webp\"><img decoding=\"async\" width=\"1024\" height=\"683\" src=\"https:\/\/www.camping-le-calagogo.fr\/wp-content\/uploads\/2023\/12\/camping-cala-gogo-a-saint-cyprien-avec-mobil-homes_resultat-1024x683.webp\" alt=\"camping cala gogo in saint cyprien mit mobilheimen ergebnis\" class=\"wp-image-2708098\" srcset=\"https:\/\/www.camping-le-calagogo.fr\/wp-content\/uploads\/2023\/12\/camping-cala-gogo-a-saint-cyprien-avec-mobil-homes_resultat-1024x683.webp 1024w, https:\/\/www.camping-le-calagogo.fr\/wp-content\/uploads\/2023\/12\/camping-cala-gogo-a-saint-cyprien-avec-mobil-homes_resultat-300x200.webp 300w, https:\/\/www.camping-le-calagogo.fr\/wp-content\/uploads\/2023\/12\/camping-cala-gogo-a-saint-cyprien-avec-mobil-homes_resultat-768x512.webp 768w, https:\/\/www.camping-le-calagogo.fr\/wp-content\/uploads\/2023\/12\/camping-cala-gogo-a-saint-cyprien-avec-mobil-homes_resultat-1536x1024.webp 1536w, https:\/\/www.camping-le-calagogo.fr\/wp-content\/uploads\/2023\/12\/camping-cala-gogo-a-saint-cyprien-avec-mobil-homes_resultat.webp 1800w\" sizes=\"(max-width: 1024px) 100vw, 1024px\" \/><\/a><\/figure>\n<\/div>\n<\/div>\n\n\r\n    <\/div>\r\n<\/section>","protected":false},"excerpt":{"rendered":"","protected":false},"author":1,"featured_media":2631314,"parent":0,"menu_order":0,"comment_status":"closed","ping_status":"closed","template":"","meta":{"_acf_changed":false,"_seopress_robots_primary_cat":"","_seopress_titles_title":"","_seopress_titles_desc":"","_seopress_robots_index":"","inline_featured_image":false,"footnotes":""},"sujet":[],"class_list":["post-2708405","page","type-page","status-publish","has-post-thumbnail","hentry"],"acf":[],"_links":{"self":[{"href":"https:\/\/www.camping-le-calagogo.fr\/de\/wp-json\/wp\/v2\/pages\/2708405","targetHints":{"allow":["GET"]}}],"collection":[{"href":"https:\/\/www.camping-le-calagogo.fr\/de\/wp-json\/wp\/v2\/pages"}],"about":[{"href":"https:\/\/www.camping-le-calagogo.fr\/de\/wp-json\/wp\/v2\/types\/page"}],"author":[{"embeddable":true,"href":"https:\/\/www.camping-le-calagogo.fr\/de\/wp-json\/wp\/v2\/users\/1"}],"replies":[{"embeddable":true,"href":"https:\/\/www.camping-le-calagogo.fr\/de\/wp-json\/wp\/v2\/comments?post=2708405"}],"version-history":[{"count":21,"href":"https:\/\/www.camping-le-calagogo.fr\/de\/wp-json\/wp\/v2\/pages\/2708405\/revisions"}],"predecessor-version":[{"id":2832246,"href":"https:\/\/www.camping-le-calagogo.fr\/de\/wp-json\/wp\/v2\/pages\/2708405\/revisions\/2832246"}],"wp:featuredmedia":[{"embeddable":true,"href":"https:\/\/www.camping-le-calagogo.fr\/de\/wp-json\/wp\/v2\/media\/2631314"}],"wp:attachment":[{"href":"https:\/\/www.camping-le-calagogo.fr\/de\/wp-json\/wp\/v2\/media?parent=2708405"}],"wp:term":[{"taxonomy":"sujet","embeddable":true,"href":"https:\/\/www.camping-le-calagogo.fr\/de\/wp-json\/wp\/v2\/sujet?post=2708405"}],"curies":[{"name":"wp","href":"https:\/\/api.w.org\/{rel}","templated":true}]}}