{"id":2708417,"date":"2023-10-18T09:39:04","date_gmt":"2023-10-18T07:39:04","guid":{"rendered":"https:\/\/www.camping-le-calagogo.fr\/stellplatz-caravaning-argeles-sur-mer\/"},"modified":"2025-04-02T15:14:05","modified_gmt":"2025-04-02T13:14:05","slug":"stellplatz-caravaning-argeles-sur-mer","status":"publish","type":"page","link":"https:\/\/www.camping-le-calagogo.fr\/de\/camping-argeles-sur-mer\/stellplatz-caravaning-argeles-sur-mer\/","title":{"rendered":"Stellplatz Argeles"},"content":{"rendered":"<section id=\"ls-section-block_95a7787560f1b187d31cc7ca01ca0091\" class=\"ls-section  page-chapeau deco has-p-b p-b-4\" >\r\n        <div class=\"container \">\r\n        \n\n<h1 class=\"ls__heading wp-block-heading has-text-align-center\">Camping-Stellplatz in Argel\u00e8s sur Mer im Departement <strong>Pyr\u00e9n\u00e9es-Orientales<\/strong><\/h1>\n\n\n\n<p class=\"ls-paragraph has-text-align-center\">Der <a href=\"https:\/\/www.camping-le-calagogo.fr\/de\/camping-argeles-sur-mer\/\" data-type=\"page\" data-id=\"2272\">Campingplatz in der N\u00e4he von Argel\u00e8s-sur-Mer<\/a> bietet Ihnen neben der Vermietung von Mobilheimen auch zwei Pauschalen f\u00fcr Ihren <a href=\"https:\/\/www.camping-le-calagogo.fr\/de\/camping-caravaning-saint-cyprien\/\" data-type=\"page\" data-id=\"90\">Wohnwagenurlaub in Saint-Cyprien<\/a> an: die <strong>Standardpauschale<\/strong> (10A Strom) und die Pauschale <strong>Grand Comfort<\/strong> (10A Strom und Abfl\u00fcsse).  <\/p>\n\n\r\n    <\/div>\r\n<\/section>\n\n<section id=\"ls-section-block_8029206cedd8358f0acf1a19949a7d0c\" class=\"ls-section  has-m-t m-t-1 has-p-t p-t-0\" >\r\n        <div class=\"container container--wide\">\r\n        \n\n<ctv-availability data-product-type=\"pitch\" data-background-color=\"#FFFFFFFF\"><\/ctv-availability>\n<script>\n    window.ctoutvert = {\n\t\tid: 2224, \n\t\tlang: 'auto', \n\t\turl: 'https:\/\/reservation.secureholiday.net\/widgets\/'\n    };\n\n    (function (w, d, s, ctv, r, js, fjs) {\n        r=new XMLHttpRequest();r.open('GET',w[ctv].url+'js\/src.json');\n        r.responseType='json';r.json=true;r.send();\n        r.onload=function(){w[ctv].src=r.responseType=='json'?r.response:JSON.parse(r.response);\n        js.src=w[ctv].src[0];fjs.parentNode.insertBefore(js, fjs);}\n        js=d.createElement(s),fjs=d.getElementsByTagName(s)[0];\n        js.id='ctvwidget';js.async=1;\n    }(window, document, 'script', 'ctoutvert'));\n<\/script>\n\n\r\n    <\/div>\r\n<\/section>\n\n<section id=\"ls-section-block_a3df4b63f4d87ef8c7b2361eede85d10\" class=\"ls-section  page-one mosaique has-background has-color-4-background-color has-p-t p-t-14 has-p-b p-b-14\" >\r\n        <div class=\"container container--wide\">\r\n        \n\n<div class=\"wp-block-columns is-layout-flex wp-container-core-columns-is-layout-9d6595d7 wp-block-columns-is-layout-flex\">\n<div class=\"wp-block-column m-r-4 is-layout-flow wp-block-column-is-layout-flow\">\n<h2 class=\"ls__heading wp-block-heading\">400 Zeltpl\u00e4tze in der N\u00e4he von Argel\u00e8s sur Mer<\/h2>\n\n\n\n<p class=\"ls-paragraph\">Sie lieben <strong>Campingurlaub<\/strong> und m\u00f6chten einen Stellplatz auf einem Campingplatz in Argeles sur Mer mieten? Wir verf\u00fcgen \u00fcber mehr als <strong>400 Zeltpl\u00e4tze, 15 Minuten von Argel\u00e8s sur Mer<\/strong> entfernt, f\u00fcr einen Urlaub am Meer in den \u00f6stlichen Pyren\u00e4en auf einem <a href=\"https:\/\/www.camping-le-calagogo.fr\/de\/camping-billig-argeles-sur-mer\/\" data-type=\"page\" data-id=\"102\">g\u00fcnstige<\/a><a href=\"https:\/\/www.camping-le-calagogo.fr\/de\/camping-argeles-sur-mer\/camping-billig-argeles-sur-mer\/\" data-type=\"page\" data-id=\"102\">n Stellplatz<\/a>.<\/p>\n\n\n\n<p class=\"ls-paragraph\">Lassen Sie sich auf unseren ger\u00e4umigen <a href=\"https:\/\/www.camping-le-calagogo.fr\/de\/\" data-type=\"page\" data-id=\"9\">Camping-Stellpl\u00e4tzen in Saint-Cyprien<\/a> nieder, schlagen Sie Ihre Zeltplane auf, stellen Sie Ihr Auto oder Ihren <strong>Wohnwagen\/Wohnmobil<\/strong> ab, und schon k\u00f6nnen Sie Ihren Urlaub am Mittelmeer genie\u00dfen.<\/p>\n<\/div>\n\n\n\n<div class=\"wp-block-column m-l-4 is-layout-flow wp-block-column-is-layout-flow\">\n<h2 class=\"ls__heading wp-block-heading\">Campen Sie auf einem Zelt- und Wohnwagenplatz in der N\u00e4he von Argel\u00e8s<\/h2>\n\n\n\n<ul class=\"ls-list wp-block-list\">\n\n<li>F\u00fcr Ihr Wohnmobil oder Ihren Wohnwagen stehen Ihnen <strong>ger\u00e4umige Stellpl\u00e4tze<\/strong> zur Verf\u00fcgung.<\/li>\n\n\n<li>W\u00e4hlen Sie einen Camping-Stellplatz <strong>mit Stromanschluss<\/strong><\/li>\n\n\n<li>Oder Komfortstellpl\u00e4tze mit <strong>Strom, Wasser und Entsorgung<\/strong><\/li>\n\n<\/ul>\n\n\n\n<p class=\"ls-paragraph\">Au\u00dferdem hat die Buchung eines Stellplatzes im Cala gogo den Vorteil, dass Sie das Schwimmbad in der N\u00e4he von Argel\u00e8s-sur-Mer sowie die g\u00fcnstigen Preise nutzen k\u00f6nnen.<\/p>\n\n\n\n<p class=\"ls-paragraph\">Kontaktieren Sie uns und w\u00e4hlen Sie den <strong>besten Stellplatz<\/strong> f\u00fcr <strong>Zelt, Wohnwagen und Wohnmobil in der N\u00e4he von Argel\u00e8s<\/strong> f\u00fcr Ihren Caravaning-Urlaub am Mittelmeer, w\u00e4hrend Sie gleichzeitig von Aktivit\u00e4ten wie <strong>Kinderspielen oder Themenabenden<\/strong> profitieren.<\/p>\n<\/div>\n<\/div>\n\n\r\n    <\/div>\r\n<\/section>\n\n<section id=\"ls-section-block_cdca5c5cd39ff09278ee47b77ff12b4a\" class=\"ls-section  page-one\" >\r\n        <div class=\"container container--wide\">\r\n        \n\n<div class=\"wp-block-columns is-layout-flex wp-container-core-columns-is-layout-9d6595d7 wp-block-columns-is-layout-flex\">\n<div class=\"wp-block-column m-r-4 is-layout-flow wp-block-column-is-layout-flow\">\n<h2 class=\"ls__heading wp-block-heading has-text-align-left\">Stellplatzurlaub auf dem Campingplatz in der N\u00e4he von Argel\u00e8s sur Mer<\/h2>\n\n\n\n<p class=\"ls-paragraph has-text-align-left\">W\u00e4hrend Ihres Aufenthalts im Zelt oder Wohnwagen auf dem Campingplatz in Richtung Argel\u00e8s-sur-Mer, dem beliebtesten Badeort Frankreichs, k\u00f6nnen Sie <strong>den Strand<\/strong>, das beheizte Familienbad und die Bootsfahrten <strong>genie\u00dfen<\/strong>, bei denen Sie im Juli und August vielleicht sogar einen Delfin sehen k\u00f6nnen!<\/p>\n\n\n\n<p class=\"ls-paragraph has-text-align-left\">Auf  <strong>famili\u00e4rer 5-Sterne-Campingplatz in der N\u00e4he von Argel\u00e8s<\/strong>Wir haben mehr als  <strong>400 Stellpl\u00e4tze<\/strong>  am Meer in Saint Cyprien, die f\u00fcr reines Camping reserviert sind, f\u00fcr Ihren Campingurlaub, bei dem Sie nicht nur die Freuden des nat\u00fcrlichen und traditionellen Campings genie\u00dfen k\u00f6nnen, sondern auch die Region Argeles sur Mer.<\/p>\n\n\n\n<p class=\"ls-paragraph has-text-align-left\">W\u00e4hrend Ihres Wohnwagenurlaubs in der N\u00e4he des Badeortes Argel\u00e8s-sur-mer, zum besten Preis, in 5 Sternen,  <strong>als Paar, mit Freunden oder der Familie<\/strong>Genie\u00dfen Sie den Au\u00dfenpool, den beheizten Pool, die Animationen, den Kinderclub, die Kinderspiele, den Brotverkauf, die Themenabende und das gesamte Angebot des Cala-Gogo.<\/p>\n<\/div>\n\n\n\n<div class=\"wp-block-column m-l-4 is-layout-flow wp-block-column-is-layout-flow\">\n<h2 class=\"ls__heading wp-block-heading\">Sehen Sie sich unsere verschiedenen Stellplatzreihen an<\/h2>\n\n\n\n<p class=\"ls-paragraph\">Entdecken Sie unsere verschiedenen Modelle von Stellpl\u00e4tzen in Argeles sur Mer.<\/p>\n\n\n\n<ul class=\"ls-list wp-block-list\">\n\n<li>Camping-Stellplatz in der N\u00e4he von Argel\u00e8s im Standard-Paket.<\/li>\n\n\n<li>Camping-Stellplatz 15 Minuten von Argel\u00e8s entfernt Urlaub in einer Pauschale mit hohem Komfort.<\/li>\n\n\n<li>Seit dem Sommer 2019 verf\u00fcgt Cala-Gogo \u00fcber zus\u00e4tzliche Grand Confort-Stellpl\u00e4tze ganz in der N\u00e4he des Strandeingangs. Immer mehr, um unsere Camper-Freunde zufriedenzustellen.<\/li>\n\n<\/ul>\n\n\n\n<p class=\"ls-paragraph\">Sie k\u00f6nnen die Rezeption des Campingplatzes in der N\u00e4he von Argeles anrufen, um weitere Informationen \u00fcber unser Angebot an Caravaning-Stellpl\u00e4tzen zu erhalten.<\/p>\n\n\n\n<p class=\"ls-paragraph\">Sie k\u00f6nnen auch von unseren <a href=\"https:\/\/www.camping-le-calagogo.fr\/de\/camping-acsi-saint-cyprien\/\" data-type=\"page\" data-id=\"118\">ACSI-<\/a>, <a href=\"https:\/\/www.camping-le-calagogo.fr\/de\/camping-anwb-saint-cyprien\/\" data-type=\"page\" data-id=\"126\">ANWB-<\/a> und <a href=\"https:\/\/www.camping-le-calagogo.fr\/de\/camping-adac-saint-cyprien\/\" data-type=\"page\" data-id=\"122\">ADAC-Karten<\/a> profitieren.<\/p>\n<\/div>\n<\/div>\n\n\r\n    <\/div>\r\n<\/section>\n\n<section id=\"ls-section-block_101311f3db9eafca7d38e47f662ee129\" class=\"ls-section  page-maillage has-p-b p-b-14\" >\r\n        <div class=\"container container--wide\">\r\n        \n\n<div id=\"ls-heading ls-titre-div-block_0dfa1af3a12e83370da1d7848552d2c5\" class=\"ls-titre-div m-left h2-like\" >\n    Entdecken Sie die Unterk\u00fcnfte, <\/br>Dienstleistungen und unsere Preise!<\/div>\n\n\n<div id=\"ls-maillage-block_e646aac64a0911643db84180bcb778ac\" class=\"ls-maillage cta-style-normal\" data-rows=\"3\">\n    <div class=\"wp-block-columns  \"><div class=\"wp-block-column\"><div id=\"destinations\" class=\"ls-cta\">\n\n<a href=\"https:\/\/www.camping-le-calagogo.fr\/de\/camping-services-pyrenees-orientales\/\" target=\"\" rel=\"noopener\" class=\"ls-cta__link\">\n\n\t<div class=\"ls-cta__image\"><img decoding=\"async\" src=\"https:\/\/www.camping-le-calagogo.fr\/wp-content\/uploads\/2023\/12\/epicerie-languedoc.webp\" alt=\"\"><\/div>\n\t<div class=\"ls-cta__title\">\n\t\tDienstleistungen und Gesch\u00e4fte\t<\/div>\n\t\n\t\t\n<\/a><\/div><\/div><div class=\"wp-block-column\"><div id=\"destinations\" class=\"ls-cta\">\n\n<a href=\"https:\/\/www.camping-le-calagogo.fr\/de\/vermietung-mobil-home-languedoc-roussillon\/\" target=\"\" rel=\"noopener\" class=\"ls-cta__link\">\n\n\t<div class=\"ls-cta__image\"><img decoding=\"async\" src=\"https:\/\/www.camping-le-calagogo.fr\/wp-content\/uploads\/2023\/12\/sejour-mobil-home-pyrenees-orientales.webp\" alt=\"\"><\/div>\n\t<div class=\"ls-cta__title\">\n\t\tMobilheime\t<\/div>\n\t\n\t\t\n<\/a><\/div><\/div><div class=\"wp-block-column\"><div id=\"destinations\" class=\"ls-cta\">\n\n<a href=\"https:\/\/www.camping-le-calagogo.fr\/de\/camping-billig-languedoc-roussillon\/\" target=\"\" rel=\"noopener\" class=\"ls-cta__link\">\n\n\t<div class=\"ls-cta__image\"><img decoding=\"async\" src=\"https:\/\/www.camping-le-calagogo.fr\/wp-content\/uploads\/2023\/12\/camping-reception.webp\" alt=\"\"><\/div>\n\t<div class=\"ls-cta__title\">\n\t\tTarife\t<\/div>\n\t\n\t\t\n<\/a><\/div><\/div><\/div><\/div>\n\r\n    <\/div>\r\n<\/section>","protected":false},"excerpt":{"rendered":"","protected":false},"author":1,"featured_media":2630352,"parent":2708645,"menu_order":0,"comment_status":"closed","ping_status":"closed","template":"","meta":{"_acf_changed":false,"_seopress_robots_primary_cat":"","_seopress_titles_title":"Stellplatz Zelt Saint-Cyprien - Caravaning auf dem Camping Cala-Gogo","_seopress_titles_desc":"Mehr \u00fcber die Vermietung von Stellpl\u00e4tzen f\u00fcr 2 Personen auf dem Camping Cala-Gogo in Saint Cyprien","_seopress_robots_index":"","inline_featured_image":false,"footnotes":""},"sujet":[],"class_list":["post-2708417","page","type-page","status-publish","has-post-thumbnail","hentry"],"acf":[],"_links":{"self":[{"href":"https:\/\/www.camping-le-calagogo.fr\/de\/wp-json\/wp\/v2\/pages\/2708417","targetHints":{"allow":["GET"]}}],"collection":[{"href":"https:\/\/www.camping-le-calagogo.fr\/de\/wp-json\/wp\/v2\/pages"}],"about":[{"href":"https:\/\/www.camping-le-calagogo.fr\/de\/wp-json\/wp\/v2\/types\/page"}],"author":[{"embeddable":true,"href":"https:\/\/www.camping-le-calagogo.fr\/de\/wp-json\/wp\/v2\/users\/1"}],"replies":[{"embeddable":true,"href":"https:\/\/www.camping-le-calagogo.fr\/de\/wp-json\/wp\/v2\/comments?post=2708417"}],"version-history":[{"count":14,"href":"https:\/\/www.camping-le-calagogo.fr\/de\/wp-json\/wp\/v2\/pages\/2708417\/revisions"}],"predecessor-version":[{"id":2846522,"href":"https:\/\/www.camping-le-calagogo.fr\/de\/wp-json\/wp\/v2\/pages\/2708417\/revisions\/2846522"}],"up":[{"embeddable":true,"href":"https:\/\/www.camping-le-calagogo.fr\/de\/wp-json\/wp\/v2\/pages\/2708645"}],"wp:featuredmedia":[{"embeddable":true,"href":"https:\/\/www.camping-le-calagogo.fr\/de\/wp-json\/wp\/v2\/media\/2630352"}],"wp:attachment":[{"href":"https:\/\/www.camping-le-calagogo.fr\/de\/wp-json\/wp\/v2\/media?parent=2708417"}],"wp:term":[{"taxonomy":"sujet","embeddable":true,"href":"https:\/\/www.camping-le-calagogo.fr\/de\/wp-json\/wp\/v2\/sujet?post=2708417"}],"curies":[{"name":"wp","href":"https:\/\/api.w.org\/{rel}","templated":true}]}}