{"id":2708430,"date":"2023-10-18T09:13:18","date_gmt":"2023-10-18T07:13:18","guid":{"rendered":"https:\/\/www.camping-le-calagogo.fr\/camping-bord-de-mer-argeles-sur-mer\/"},"modified":"2024-09-03T13:54:12","modified_gmt":"2024-09-03T11:54:12","slug":"camping-aan-zee-argeles-sur-mer","status":"publish","type":"page","link":"https:\/\/www.camping-le-calagogo.fr\/de\/camping-argeles-sur-mer\/camping-aan-zee-argeles-sur-mer\/","title":{"rendered":"Strandpromenade Argel\u00e8s-sur-Mer"},"content":{"rendered":"<section id=\"ls-section-block_8fd2a1b5a65a8d7280b63df36903fd72\" class=\"ls-section  page-chapeau deco has-p-b p-b-4\" >\r\n        <div class=\"container \">\r\n        \n\n<h1 class=\"ls__heading wp-block-heading has-text-align-center\">Camping am Meer<br><strong>Argeles sur Mer<\/strong><\/h1>\n\n\n\n<p class=\"ls-paragraph has-text-align-center\">Sie suchen einen <strong>Campingplatz in der N\u00e4he von Argeles direkt am Meer?<\/strong> Tr\u00e4umen Sie von einem Urlaub nur einen Katzensprung <strong>vom Meer<\/strong> entfernt? M\u00f6chten Sie das Angenehme mit dem N\u00fctzlichen verbinden und einen <strong>sonnigen Aufenthalt mit Ihren<\/strong> Lieben genie\u00dfen, ohne sich am Mittelmeer zu ruinieren?<\/p>\n\n\r\n    <\/div>\r\n<\/section>\n\n<section id=\"ls-section-block_68054fe4d58c55b8ed008a354ffb9a5a\" class=\"ls-section  page-one has-p-t p-t-0 has-p-b p-b-14\" >\r\n        <div class=\"container container--wide\">\r\n        \n\n<div class=\"wp-block-columns is-layout-flex wp-container-core-columns-is-layout-9d6595d7 wp-block-columns-is-layout-flex\">\n<div class=\"wp-block-column is-vertically-aligned-center first is-layout-flow wp-block-column-is-layout-flow\" style=\"flex-basis:66.7%\">\n<figure class=\"wp-block-image size-full\"><img decoding=\"async\" width=\"2000\" height=\"1137\" src=\"https:\/\/www.camping-le-calagogo.fr\/wp-content\/uploads\/2023\/12\/camping-bord-mer-pyrenees.webp\" alt=\"campingplatz meeresrand pyren\u00e4en\" class=\"wp-image-2630074\" srcset=\"https:\/\/www.camping-le-calagogo.fr\/wp-content\/uploads\/2023\/12\/camping-bord-mer-pyrenees.webp 2000w, https:\/\/www.camping-le-calagogo.fr\/wp-content\/uploads\/2023\/12\/camping-bord-mer-pyrenees-300x171.webp 300w, https:\/\/www.camping-le-calagogo.fr\/wp-content\/uploads\/2023\/12\/camping-bord-mer-pyrenees-1024x582.webp 1024w, https:\/\/www.camping-le-calagogo.fr\/wp-content\/uploads\/2023\/12\/camping-bord-mer-pyrenees-768x437.webp 768w, https:\/\/www.camping-le-calagogo.fr\/wp-content\/uploads\/2023\/12\/camping-bord-mer-pyrenees-1536x873.webp 1536w\" sizes=\"(max-width: 2000px) 100vw, 2000px\" \/><\/figure>\n<\/div>\n\n\n\n<div class=\"wp-block-column is-vertically-aligned-center second p-t-5rem is-layout-flow wp-block-column-is-layout-flow\" style=\"flex-basis:33.3%\">\n<h2 class=\"ls__heading wp-block-heading\">Camping mit direktem Zugang zum Strand in Argel\u00e8s-sur-Mer<\/h2>\n\n\n\n<p class=\"ls-paragraph\">Eine <strong>Zauberformel, um Ihre W\u00fcnsche zu erf\u00fcllen:<\/strong> Cala-Gogo, <a href=\"https:\/\/www.camping-le-calagogo.fr\/de\/camping-argeles-sur-mer\/\" data-type=\"page\" data-id=\"44\">Camping in der N\u00e4he von Argeles sur Mer<\/a> direkt am Meer! Es liegt in einem <strong>idyllischen Rahmen<\/strong> am Fu\u00dfe der Pyren\u00e4en und bietet Ihnen einen <strong>privilegierten Zugang zur Mittelmeerk\u00fcste<\/strong>. Sechs Kilometer Sandstrand erwarten Sie zum Sonnenbaden und Entspannen im t\u00fcrkisfarbenen Wasser des Mittelmeers. Und das alles ganz m\u00fchelos: Gehen Sie durch das Tor des Campingplatzes, und schon befinden Sie sich auf dem warmen Sand am <strong>Wasser<\/strong>.<\/p>\n\n\n\n<p class=\"ls-paragraph\">Der ideale Ort f\u00fcr einen Nachmittag zum Sonnenbaden oder f\u00fcr eine Erkundung der Strandpromenade: Buchten, D\u00fcnen und fabelhafte Landschaften erwarten Sie an der gesamten K\u00fcste des Languedoc Roussillon!<\/p>\n\n\n\n<p class=\"ls-paragraph\">Entdecken Sie auch <a href=\"https:\/\/www.camping-le-calagogo.fr\/de\/aktuelles-vom-campingplatz-saint-cyprien\/die-schonsten-strande-im-departement-pyrenees-orientales\/\">die Str\u00e4nde in den Pyr\u00e9n\u00e9es-Orientales<\/a>.<\/p>\n<\/div>\n<\/div>\n\n\r\n    <\/div>\r\n<\/section>\n\n<section id=\"ls-section-block_d89849bdef953d37089373e80f011445\" class=\"ls-section  page-two mosaique has-background has-color-4-background-color has-p-t p-t-14 has-p-b p-b-14\" >\r\n        <div class=\"container container--wide\">\r\n        \n\n<div class=\"wp-block-columns is-layout-flex wp-container-core-columns-is-layout-9d6595d7 wp-block-columns-is-layout-flex\">\n<div class=\"wp-block-column is-vertically-aligned-center is-layout-flow wp-block-column-is-layout-flow\">\n<h2 class=\"ls__heading wp-block-heading has-text-align-center\">5-Sterne-Urlaub am Meer in Argeles-sur-Mer<\/h2>\n\n\n\n<p class=\"ls-paragraph\">Der <strong>5-Sterne-Campingplatz am Meer in Argeles-sur-Mer<\/strong> bietet Ihnen jeglichen Komfort und vermietet gleichzeitig <a href=\"https:\/\/www.camping-le-calagogo.fr\/de\/camping-argeles-sur-mer\/camping-billig-argeles-sur-mer\/\" data-type=\"page\" data-id=\"2708499\">g\u00fcnstige Mobilheime in der N\u00e4he von Argeles<\/a>, alles f\u00fcr einen <strong>festlichen und erholsamen Urlaub<\/strong> in unmittelbarer N\u00e4he der Natur.<\/p>\n\n\n\n<p class=\"ls-paragraph\">Genie\u00dfen Sie einen <strong>5-Sterne-Service<\/strong>, der darauf ausgelegt ist, zu begeistern und zu entspannen <strong>alle Altersgruppen:<\/strong> eine <a href=\"https:\/\/www.camping-le-calagogo.fr\/de\/camping-argeles-sur-mer\/camping-pool-argeles-sur-mer\/\" data-type=\"page\" data-id=\"2708457\">Schwimmbad in der N\u00e4he von Argeles sur Mer<\/a> mit vielen Wasserspielen, einer gro\u00dfen Terrasse, auf der man ein Getr\u00e4nk oder ein Essen mit der Familie genie\u00dfen kann, von <strong>zahlreiche Animationen<\/strong>, die vom Team w\u00e4hrend Ihres gesamten Aufenthalts <strong>gew\u00e4hrleistet<\/strong> werden: Sportturniere, Karaoke-Wettbewerbe, Musik- und Tanzgruppen&#8230;<\/p>\n\n\n\n<p class=\"ls-paragraph addReadMore showlesscontent\">Verschiedene Gesch\u00e4fte befinden sich ebenfalls in der N\u00e4he des <a href=\"https:\/\/www.camping-le-calagogo.fr\/de\/camping-meeresufer-languedoc-roussillon\/\">Campingplatzes am Meer in Languedoc Roussillon<\/a>:<\/p>\n\n\n\n<ul class=\"ls-list wp-block-list\">\n\n<li><strong>Superm\u00e4rkte<\/strong><\/li>\n\n\n<li><strong>Restaurant<\/strong><\/li>\n\n\n<li><strong>Bars und Snacks<\/strong> (in wenigen Minuten zu Fu\u00df erreichbar f\u00fcr Eink\u00e4ufe oder Partys)<\/li>\n\n<\/ul>\n\n\n\n<p class=\"ls-paragraph\">Entdecken Sie auch unsere <a href=\"https:\/\/www.camping-le-calagogo.fr\/de\/camping-argeles-sur-mer\/stellplatz-caravaning-argeles-sur-mer\/\" data-type=\"page\" data-id=\"2708417\">Camping-Stellpl\u00e4tze in Argeles<\/a> sowie unsere <a href=\"https:\/\/www.camping-le-calagogo.fr\/de\/camping-argeles-sur-mer\/vermietung-mobil-home-argeles\/\" data-type=\"page\" data-id=\"2708399\">Mobilheim-Vermietungen in Argeles<\/a>.<\/p>\n<\/div>\n\n\n\n<div class=\"wp-block-column is-vertically-aligned-center is-layout-flow wp-block-column-is-layout-flow\">\n<figure class=\"wp-block-image size-full\"><img decoding=\"async\" width=\"1800\" height=\"1200\" src=\"https:\/\/www.camping-le-calagogo.fr\/wp-content\/uploads\/2023\/12\/camping-volley-plage-pyrenees-orientales.webp\" alt=\"Camping Volleyball Strand Pyrenees Orientales\" class=\"wp-image-2630423\" srcset=\"https:\/\/www.camping-le-calagogo.fr\/wp-content\/uploads\/2023\/12\/camping-volley-plage-pyrenees-orientales.webp 1800w, https:\/\/www.camping-le-calagogo.fr\/wp-content\/uploads\/2023\/12\/camping-volley-plage-pyrenees-orientales-300x200.webp 300w, https:\/\/www.camping-le-calagogo.fr\/wp-content\/uploads\/2023\/12\/camping-volley-plage-pyrenees-orientales-1024x683.webp 1024w, https:\/\/www.camping-le-calagogo.fr\/wp-content\/uploads\/2023\/12\/camping-volley-plage-pyrenees-orientales-768x512.webp 768w, https:\/\/www.camping-le-calagogo.fr\/wp-content\/uploads\/2023\/12\/camping-volley-plage-pyrenees-orientales-1536x1024.webp 1536w\" sizes=\"(max-width: 1800px) 100vw, 1800px\" \/><\/figure>\n<\/div>\n<\/div>\n\n\r\n    <\/div>\r\n<\/section>\n\n<section id=\"ls-section-block_a8ec9cbea5eb3b91e59453a04e8ad8aa\" class=\"ls-section  section-parallax has-background-image has-parallax has-background has-color-black-background-color has-p-t p-t-14 has-p-b p-b-0\" >\r\n    <div class=\"ls-section__background-image opacity-58\"><img decoding=\"async\" src=\"https:\/\/www.camping-le-calagogo.fr\/wp-content\/uploads\/2023\/12\/camping-bord-mer-saint-cyprien-1.webp\" alt=\"\"><\/div>    <div class=\"container container--wide\">\r\n        \n\n<div class=\"wp-block-columns has-color-white-background-color has-background is-layout-flex wp-container-core-columns-is-layout-9d6595d7 wp-block-columns-is-layout-flex\">\n<div class=\"wp-block-column is-layout-flow wp-block-column-is-layout-flow\">\n<h2 class=\"ls__heading wp-block-heading has-text-align-center\">Touristische Entdeckungen an der Mittelmeerk\u00fcste<\/h2>\n\n\n\n<p class=\"ls-paragraph has-text-align-center\">Die  <a href=\"https:\/\/www.camping-bord-de-leau.fr\/occitanie\/pyrenees-orientales\/argeles-sur-mer\/\" target=\"_blank\" rel=\"noreferrer noopener\">Camping in Argel\u00e8s sur mer am Mittelmeer<\/a> ist auch ein  <strong>privilegierter Zugang zu den sch\u00f6nsten touristischen Zielen<\/strong> der \u00f6stlichen Pyren\u00e4en: der Tour de la Massane, eine Wanderung mit atemberaubenden Landschaften, das Naturschutzgebiet Mas-Larrieu, die sch\u00f6ne Ermitage Notre-Dame de Vie in ihrem gr\u00fcnen Schmuckk\u00e4stchen&#8230;<\/p>\n\n\n\n<p class=\"ls-paragraph has-text-align-center\">Aber auch der Canyoning Park f\u00fcr Nervenkitzel oder eine erste betreute Einf\u00fchrung ins Canyoning. Und nicht <strong>zu vergessen ein Muss<\/strong>: die <a href=\"http:\/\/www.ecobalade.fr\/balade\/balade-de-collioure-a-argeles-sentier-du-littoral\" target=\"_blank\" rel=\"noreferrer noopener\">Wanderung auf dem Sentier du Littoral<\/a>, die in <strong>Argel\u00e8s-sur-Mer<\/strong> beginnt und einen halben Tag lang die herrlichen Buchten zwischen dem <a href=\"https:\/\/www.camping-le-calagogo.fr\/de\/aktuelles-vom-campingplatz-saint-cyprien\/entspannte-atmosphare-am-strand-von-racou\/\">Strand von Racou<\/a> und der Milit\u00e4rzitadelle von Collioure zum <strong>Staunen und Entdecken<\/strong> bringt. Genie\u00dfen Sie auch eine<a href=\"https:\/\/www.camping-le-calagogo.fr\/de\/aktuelles-vom-campingplatz-saint-cyprien\/bootsverleih-in-argeles-sur-mer\/\" data-type=\"post\" data-id=\"2707293\">Bootsfahrt in Argel\u00e8s-sur-Mer<\/a>.<\/p>\n\n\n\n<p class=\"ls-paragraph has-text-align-center\">Z\u00f6gern Sie also nicht l\u00e4nger und kommen Sie zu einem der wenigen Campingpl\u00e4tze <a href=\"https:\/\/www.camping-le-calagogo.fr\/de\/\">in Saint-Cyprien<\/a>, die einen direkten Zugang zum Strand haben; ein echter &#8222;Campingplatz am Meer&#8220;!<\/p>\n<\/div>\n<\/div>\n\n\r\n    <\/div>\r\n<\/section>\n\n<section id=\"ls-section-block_21746825374bfd13a9cd8669f07e4a04\" class=\"ls-section  page-maillage has-p-b p-b-14\" >\r\n        <div class=\"container container--wide\">\r\n        \n\n<div id=\"ls-heading ls-titre-div-block_218342aa67be58c255a7ee431616a1e0\" class=\"ls-titre-div m-left h2-like\" >\n    St\u00e4dte nahe bei <\/br>von Argel\u00e8s-sur-Mer<\/div>\n\n\n<div id=\"ls-maillage-block_b54f9f882fb146561ab37df3e2ec13ed\" class=\"ls-maillage cta-style-normal\" data-rows=\"3\">\n    <div class=\"wp-block-columns  \"><div class=\"wp-block-column\"><div id=\"destinations\" class=\"ls-cta\">\n\n<a href=\"https:\/\/www.camping-le-calagogo.fr\/de\/tourismus-saint-cyprien\/\" target=\"\" rel=\"noopener\" class=\"ls-cta__link\">\n\n\t<div class=\"ls-cta__image\"><img decoding=\"async\" src=\"https:\/\/www.camping-le-calagogo.fr\/wp-content\/uploads\/2023\/11\/visiter-saint-cyprien.webp\" alt=\"\"><\/div>\n\t<div class=\"ls-cta__title\">\n\t\tSaint Cyprien\t<\/div>\n\t\n\t\t\n<\/a><\/div><\/div><div class=\"wp-block-column\"><div id=\"destinations\" class=\"ls-cta\">\n\n<a href=\"https:\/\/www.camping-le-calagogo.fr\/de\/tourismus-collioure\/\" target=\"\" rel=\"noopener\" class=\"ls-cta__link\">\n\n\t<div class=\"ls-cta__image\"><img decoding=\"async\" src=\"https:\/\/www.camping-le-calagogo.fr\/wp-content\/uploads\/2023\/12\/tourisme-collioure.webp\" alt=\"\"><\/div>\n\t<div class=\"ls-cta__title\">\n\t\tCollioure\t<\/div>\n\t\n\t\t\n<\/a><\/div><\/div><div class=\"wp-block-column\"><div id=\"destinations\" class=\"ls-cta\">\n\n<a href=\"https:\/\/www.camping-le-calagogo.fr\/de\/tourismus-port-barcares\/\" target=\"\" rel=\"noopener\" class=\"ls-cta__link\">\n\n\t<div class=\"ls-cta__image\"><img decoding=\"async\" src=\"https:\/\/www.camping-le-calagogo.fr\/wp-content\/uploads\/2023\/11\/visiter-port-barcares.webp\" alt=\"\"><\/div>\n\t<div class=\"ls-cta__title\">\n\t\tPort Barcar\u00e8s\t<\/div>\n\t\n\t\t\n<\/a><\/div><\/div><\/div><\/div>\n\r\n    <\/div>\r\n<\/section>","protected":false},"excerpt":{"rendered":"","protected":false},"author":1,"featured_media":2630420,"parent":2708645,"menu_order":0,"comment_status":"closed","ping_status":"closed","template":"","meta":{"_acf_changed":false,"_seopress_robots_primary_cat":"","_seopress_titles_title":"Camping am Meer Argeles sur Mer | Camping am Strand Argeles | Direkter Zugang zum Strand","_seopress_titles_desc":"Willkommen auf unserem Campingplatz direkt am Meer in Argel\u00e8s-sur-Mer. Genie\u00dfen Sie einen Aufenthalt mit direktem Zugang zum Strand f\u00fcr einen 5-Sterne-Urlaub!","_seopress_robots_index":"","inline_featured_image":false,"footnotes":""},"sujet":[],"class_list":["post-2708430","page","type-page","status-publish","has-post-thumbnail","hentry"],"acf":[],"_links":{"self":[{"href":"https:\/\/www.camping-le-calagogo.fr\/de\/wp-json\/wp\/v2\/pages\/2708430","targetHints":{"allow":["GET"]}}],"collection":[{"href":"https:\/\/www.camping-le-calagogo.fr\/de\/wp-json\/wp\/v2\/pages"}],"about":[{"href":"https:\/\/www.camping-le-calagogo.fr\/de\/wp-json\/wp\/v2\/types\/page"}],"author":[{"embeddable":true,"href":"https:\/\/www.camping-le-calagogo.fr\/de\/wp-json\/wp\/v2\/users\/1"}],"replies":[{"embeddable":true,"href":"https:\/\/www.camping-le-calagogo.fr\/de\/wp-json\/wp\/v2\/comments?post=2708430"}],"version-history":[{"count":30,"href":"https:\/\/www.camping-le-calagogo.fr\/de\/wp-json\/wp\/v2\/pages\/2708430\/revisions"}],"predecessor-version":[{"id":2845782,"href":"https:\/\/www.camping-le-calagogo.fr\/de\/wp-json\/wp\/v2\/pages\/2708430\/revisions\/2845782"}],"up":[{"embeddable":true,"href":"https:\/\/www.camping-le-calagogo.fr\/de\/wp-json\/wp\/v2\/pages\/2708645"}],"wp:featuredmedia":[{"embeddable":true,"href":"https:\/\/www.camping-le-calagogo.fr\/de\/wp-json\/wp\/v2\/media\/2630420"}],"wp:attachment":[{"href":"https:\/\/www.camping-le-calagogo.fr\/de\/wp-json\/wp\/v2\/media?parent=2708430"}],"wp:term":[{"taxonomy":"sujet","embeddable":true,"href":"https:\/\/www.camping-le-calagogo.fr\/de\/wp-json\/wp\/v2\/sujet?post=2708430"}],"curies":[{"name":"wp","href":"https:\/\/api.w.org\/{rel}","templated":true}]}}