{"id":2708448,"date":"2023-10-18T09:11:30","date_gmt":"2023-10-18T07:11:30","guid":{"rendered":"https:\/\/www.camping-le-calagogo.fr\/camping-bord-de-mer-languedoc-roussillon\/"},"modified":"2024-08-19T11:40:22","modified_gmt":"2024-08-19T09:40:22","slug":"camping-meeresufer-languedoc-roussillon","status":"publish","type":"page","link":"https:\/\/www.camping-le-calagogo.fr\/de\/camping-meeresufer-languedoc-roussillon\/","title":{"rendered":"Meeresufer"},"content":{"rendered":"<section id=\"ls-section-block_e4d10a25c3af4f87b37d021ac01f3615\" class=\"ls-section  page-chapeau deco has-p-b p-b-4\" >\r\n        <div class=\"container \">\r\n        \n\n<h1 class=\"ls__heading wp-block-heading has-text-align-center\">Camping Languedoc Roussillon<br><strong>am Meer<\/strong><\/h1>\n\n\n\n<p class=\"ls-paragraph has-text-align-center\">Sie sind auf <strong>der<\/strong> Suche nach einem <strong>Campingplatz in Languedoc-Roussillon am Meer?<\/strong> Sie suchen einen Campingplatz in Perpignan am Meer oder einen Campingplatz in Argeles sur Mer am Strand? Dann ist <strong>Cala-Gogo<\/strong>, ein Campingplatz mit direktem Strandzugang in der Region Languedoc-Roussillon, Pyr\u00e9n\u00e9es-Orientales, genau das Richtige f\u00fcr Sie.  <\/p>\n\n\r\n    <\/div>\r\n<\/section>\n\n<section id=\"ls-section-block_b25615597de1ca40774ef0112c7f9308\" class=\"ls-section  page-one has-p-t p-t-0 has-p-b p-b-14\" >\r\n        <div class=\"container container--wide\">\r\n        \n\n<div class=\"wp-block-columns is-layout-flex wp-container-core-columns-is-layout-9d6595d7 wp-block-columns-is-layout-flex\">\n<div class=\"wp-block-column first is-layout-flow wp-block-column-is-layout-flow\" style=\"flex-basis:66.7%\">\n<figure class=\"wp-block-gallery has-nested-images columns-default is-cropped gallery-slider-page animated fadeInUp slow wp-block-gallery-1 is-layout-flex wp-block-gallery-is-layout-flex\">\n<figure class=\"wp-block-image size-full\"><a href=\"https:\/\/www.camping-le-calagogo.fr\/wp-content\/uploads\/2023\/12\/camping-bord-mer-pyrenees-orientales.webp\"><img decoding=\"async\" width=\"1952\" height=\"1200\" data-id=\"2630052\" src=\"https:\/\/www.camping-le-calagogo.fr\/wp-content\/uploads\/2023\/12\/camping-bord-mer-pyrenees-orientales.webp\" alt=\"campingplatz am meer pyrenees orientales\" class=\"wp-image-2630052\" srcset=\"https:\/\/www.camping-le-calagogo.fr\/wp-content\/uploads\/2023\/12\/camping-bord-mer-pyrenees-orientales.webp 1952w, https:\/\/www.camping-le-calagogo.fr\/wp-content\/uploads\/2023\/12\/camping-bord-mer-pyrenees-orientales-300x184.webp 300w, https:\/\/www.camping-le-calagogo.fr\/wp-content\/uploads\/2023\/12\/camping-bord-mer-pyrenees-orientales-1024x630.webp 1024w, https:\/\/www.camping-le-calagogo.fr\/wp-content\/uploads\/2023\/12\/camping-bord-mer-pyrenees-orientales-768x472.webp 768w, https:\/\/www.camping-le-calagogo.fr\/wp-content\/uploads\/2023\/12\/camping-bord-mer-pyrenees-orientales-1536x944.webp 1536w\" sizes=\"(max-width: 1952px) 100vw, 1952px\" \/><\/a><\/figure>\n\n\n\n<figure class=\"wp-block-image size-full\"><a href=\"https:\/\/www.camping-le-calagogo.fr\/wp-content\/uploads\/2023\/12\/camping-acces-direct-lage.webp\"><img decoding=\"async\" width=\"1799\" height=\"1200\" data-id=\"2630057\" src=\"https:\/\/www.camping-le-calagogo.fr\/wp-content\/uploads\/2023\/12\/camping-acces-direct-lage.webp\" alt=\"Camping direkter Zugang zum Strand\" class=\"wp-image-2630057\" srcset=\"https:\/\/www.camping-le-calagogo.fr\/wp-content\/uploads\/2023\/12\/camping-acces-direct-lage.webp 1799w, https:\/\/www.camping-le-calagogo.fr\/wp-content\/uploads\/2023\/12\/camping-acces-direct-lage-300x200.webp 300w, https:\/\/www.camping-le-calagogo.fr\/wp-content\/uploads\/2023\/12\/camping-acces-direct-lage-1024x683.webp 1024w, https:\/\/www.camping-le-calagogo.fr\/wp-content\/uploads\/2023\/12\/camping-acces-direct-lage-768x512.webp 768w, https:\/\/www.camping-le-calagogo.fr\/wp-content\/uploads\/2023\/12\/camping-acces-direct-lage-1536x1025.webp 1536w\" sizes=\"(max-width: 1799px) 100vw, 1799px\" \/><\/a><\/figure>\n\n\n\n<figure class=\"wp-block-image size-full\"><a href=\"https:\/\/www.camping-le-calagogo.fr\/wp-content\/uploads\/2023\/12\/beach-volley-camping.webp\"><img decoding=\"async\" width=\"1800\" height=\"1200\" data-id=\"2630062\" src=\"https:\/\/www.camping-le-calagogo.fr\/wp-content\/uploads\/2023\/12\/beach-volley-camping.webp\" alt=\"beach volley camping\" class=\"wp-image-2630062\" srcset=\"https:\/\/www.camping-le-calagogo.fr\/wp-content\/uploads\/2023\/12\/beach-volley-camping.webp 1800w, https:\/\/www.camping-le-calagogo.fr\/wp-content\/uploads\/2023\/12\/beach-volley-camping-300x200.webp 300w, https:\/\/www.camping-le-calagogo.fr\/wp-content\/uploads\/2023\/12\/beach-volley-camping-1024x683.webp 1024w, https:\/\/www.camping-le-calagogo.fr\/wp-content\/uploads\/2023\/12\/beach-volley-camping-768x512.webp 768w, https:\/\/www.camping-le-calagogo.fr\/wp-content\/uploads\/2023\/12\/beach-volley-camping-1536x1024.webp 1536w\" sizes=\"(max-width: 1800px) 100vw, 1800px\" \/><\/a><\/figure>\n\n\n\n<figure class=\"wp-block-image size-full\"><a href=\"https:\/\/www.camping-le-calagogo.fr\/wp-content\/uploads\/2023\/12\/activites-nautiques-perpignan.webp\"><img decoding=\"async\" width=\"2000\" height=\"1137\" data-id=\"2630067\" src=\"https:\/\/www.camping-le-calagogo.fr\/wp-content\/uploads\/2023\/12\/activites-nautiques-perpignan.webp\" alt=\"wassersport perpignan\" class=\"wp-image-2630067\" srcset=\"https:\/\/www.camping-le-calagogo.fr\/wp-content\/uploads\/2023\/12\/activites-nautiques-perpignan.webp 2000w, https:\/\/www.camping-le-calagogo.fr\/wp-content\/uploads\/2023\/12\/activites-nautiques-perpignan-300x171.webp 300w, https:\/\/www.camping-le-calagogo.fr\/wp-content\/uploads\/2023\/12\/activites-nautiques-perpignan-1024x582.webp 1024w, https:\/\/www.camping-le-calagogo.fr\/wp-content\/uploads\/2023\/12\/activites-nautiques-perpignan-768x437.webp 768w, https:\/\/www.camping-le-calagogo.fr\/wp-content\/uploads\/2023\/12\/activites-nautiques-perpignan-1536x873.webp 1536w\" sizes=\"(max-width: 2000px) 100vw, 2000px\" \/><\/a><\/figure>\n<\/figure>\n<\/div>\n\n\n\n<div class=\"wp-block-column is-vertically-aligned-center second is-layout-flow wp-block-column-is-layout-flow\" style=\"flex-basis:33.3%\">\n<h2 class=\"ls__heading wp-block-heading\">Camping mit direktem Strandzugang Languedoc Roussillon<\/h2>\n\n\n\n<p class=\"ls-paragraph\">Dank seines <strong>direkten Zugangs zum Strand<\/strong> bietet der Campingplatz in der <strong>Region Languedoc Roussillon <\/strong>am Meer die M\u00f6glichkeit, sich <strong>in<\/strong> weitl\u00e4ufigen Naturgebieten zu erholen, indem man mit <strong>wenigen Schritten<\/strong> direkt ans <strong>Mittelmeer<\/strong> gelangt. <a href=\"https:\/\/www.camping-le-calagogo.fr\/de\/aktuelles-vom-campingplatz-saint-cyprien\/die-schonsten-strande-im-departement-pyrenees-orientales\/\">6 Kilometer Sandstrand<\/a> stehen Ihnen zur Verf\u00fcgung.<\/p>\n\n\n\n<p class=\"ls-paragraph\">Am Ausgang des <a href=\"https:\/\/www.camping-le-calagogo.fr\/de\/\" data-type=\"page\" data-id=\"9\">Campingplatzes in Saint Cyprien Plage<\/a> erleichtert Ihnen ein Holzboden den Zugang zum feinen Sandstrand von Saint-Cyprien Plage, damit Sie einen unvergesslichen Urlaub an der Mittelmeerk\u00fcste an der C\u00f4te Vermeille verbringen k\u00f6nnen.<\/p>\n\n\n\n<p class=\"ls-paragraph\">Dann m\u00fcssen Sie nur noch Ihren Sonnenschirm und Ihr Handtuch aufstellen und sich mit Sonnencreme eincremen. Das Faulenzen ist garantiert und vor allem gut ausgeschildert. Wassersportaktivit\u00e4ten f\u00fcr die ganze Familie sind ebenfalls an der gesamten K\u00fcste verbreitet. Genie\u00dfen Sie sie w\u00e4hrend Ihres Urlaubs mit den F\u00fc\u00dfen im Wasser!<\/p>\n<\/div>\n<\/div>\n\n\r\n    <\/div>\r\n<\/section>\n\n<section id=\"ls-section-block_63b56a8e5a892229782d6fdc9c37d8b3\" class=\"ls-section  page-two mosaique has-background has-color-4-background-color has-p-t p-t-14 has-p-b p-b-14\" >\r\n        <div class=\"container container--wide\">\r\n        \n\n<div class=\"wp-block-columns is-layout-flex wp-container-core-columns-is-layout-9d6595d7 wp-block-columns-is-layout-flex\">\n<div class=\"wp-block-column is-vertically-aligned-center is-layout-flow wp-block-column-is-layout-flow\">\n<p class=\"ls-paragraph\">Im Juli und August bewachen die <strong>Rettungsschwimmer<\/strong> der Gemeinde Saint Cyprien den Strand.<\/p>\n\n\n\n<p class=\"ls-paragraph\">Mehrere hundert Meter entfernt, diskret, wird <strong>ein FKK-Strand<\/strong> von Anh\u00e4ngern, die Bocal du Tech genannt werden, besucht. Dieser FKK-Strand abseits des Campingplatzes erm\u00f6glicht es Ihnen, die Freuden der Freik\u00f6rperkultur zu genie\u00dfen, w\u00e4hrend Sie f\u00fcr die anderen Urlauber des Campingplatzes gut vom Textilstrand getrennt sind.<\/p>\n\n\n\n<p class=\"ls-paragraph\">Wenn Sie Ihr Haustier mitbringen m\u00f6chten, <strong>werden Hunde<\/strong> am Strand nur auf der <strong>rechten Seite des Campingplatzes<\/strong> in Richtung Elne <strong>geduldet<\/strong>.<\/p>\n\n\n\n<p class=\"ls-paragraph\">Wie Sie sehen, ist <strong>Camping im Languedoc-Roussillon am Meer <\/strong>eine gute <strong>Gelegenheit<\/strong>, w\u00e4hrend Ihres Urlaubs in S\u00fcdostfrankreich <strong>die mediterrane Sonne zu genie\u00dfen<\/strong>.<\/p>\n<\/div>\n\n\n\n<div class=\"wp-block-column is-layout-flow wp-block-column-is-layout-flow\">\n<figure class=\"wp-block-image size-full animated fadeInRight delay-100ms slow\"><a href=\"https:\/\/www.camping-le-calagogo.fr\/wp-content\/uploads\/2023\/12\/camping-bord-mer-pyrenees.webp\"><img decoding=\"async\" width=\"2000\" height=\"1137\" src=\"https:\/\/www.camping-le-calagogo.fr\/wp-content\/uploads\/2023\/12\/camping-bord-mer-pyrenees.webp\" alt=\"campingplatz meeresrand pyren\u00e4en\" class=\"wp-image-2630074\" srcset=\"https:\/\/www.camping-le-calagogo.fr\/wp-content\/uploads\/2023\/12\/camping-bord-mer-pyrenees.webp 2000w, https:\/\/www.camping-le-calagogo.fr\/wp-content\/uploads\/2023\/12\/camping-bord-mer-pyrenees-300x171.webp 300w, https:\/\/www.camping-le-calagogo.fr\/wp-content\/uploads\/2023\/12\/camping-bord-mer-pyrenees-1024x582.webp 1024w, https:\/\/www.camping-le-calagogo.fr\/wp-content\/uploads\/2023\/12\/camping-bord-mer-pyrenees-768x437.webp 768w, https:\/\/www.camping-le-calagogo.fr\/wp-content\/uploads\/2023\/12\/camping-bord-mer-pyrenees-1536x873.webp 1536w\" sizes=\"(max-width: 2000px) 100vw, 2000px\" \/><\/a><\/figure>\n<\/div>\n<\/div>\n\n\r\n    <\/div>\r\n<\/section>\n\n<section id=\"ls-section-block_ce94eecc7ec942d0ba642767e73f9b11\" class=\"ls-section  section-parallax has-background-image has-parallax has-background has-color-black-background-color has-p-t p-t-14 has-p-b p-b-0\" >\r\n    <div class=\"ls-section__background-image opacity-58\"><img decoding=\"async\" src=\"https:\/\/www.camping-le-calagogo.fr\/wp-content\/uploads\/2023\/12\/camping-acces-mer.webp\" alt=\"\"><\/div>    <div class=\"container container--wide\">\r\n        \n\n<div class=\"wp-block-columns has-color-white-background-color has-background is-layout-flex wp-container-core-columns-is-layout-9d6595d7 wp-block-columns-is-layout-flex\">\n<div class=\"wp-block-column is-layout-flow wp-block-column-is-layout-flow\">\n<h2 class=\"ls__heading wp-block-heading has-text-align-center\">5-Sterne Camping am Mittelmeer<\/h2>\n\n\n\n<p class=\"ls-paragraph has-text-align-center\">W\u00e4hrend Sie am Wasser spazieren gehen, direkt zug\u00e4nglich vom <a href=\"https:\/\/www.camping-le-calagogo.fr\/de\/camping-argeles-sur-mer\/camping-aan-zee-argeles-sur-mer\/\" data-type=\"page\" data-id=\"44\">Camping am Meer in Argeles sur mer<\/a>Sie k\u00f6nnen sich in der <strong>Naturschutzgebiet<\/strong> Mas Larrieu ist ein 160 Hektar gro\u00dfes Naturschutzgebiet zwischen dem \u00dcberlauf des Tech (bocal du tech) und dem Mittelmeer.<\/p>\n\n\n\n<p class=\"ls-paragraph has-text-align-center\">Wenn Sie von Ihrem Spaziergang oder Schwimmen zur\u00fcckkommen, machen Sie einen Zwischenstopp im <strong>Cala Beach Club<\/strong> f\u00fcr ein Eis, ein H\u00f6rnchen, ein k\u00fchles Getr\u00e4nk oder einen salzigen Snack mit Pommes Hamburger, Sandwich oder warum nicht eine <strong>Partie Beachvolleyball<\/strong> spielen, wo Sie Teamkollegen finden werden. Auf diesem Platz herrscht eine gute Atmosph\u00e4re und es herrscht absolute Fairness.<\/p>\n\n\n\n<p class=\"ls-paragraph has-text-align-center\">Das <strong>neue Ambiente des Beach Clubs<\/strong> l\u00e4sst Sie zum Tr\u00e4umen verleiten: Fu\u00df im Sand, im Schatten der Strohh\u00fctte, die Meeresluft erfrischt Sie.<\/p>\n\n\n\n<p class=\"ls-paragraph has-text-align-center\">Cala-Gogo ist der ideale Campingplatz f\u00fcr die Vermietung eines Mobilheims am Meer, ein gro\u00dfartiger <strong>5-Sterne-Campingplatz am Mittelmeer<\/strong>, der Top-Campingplatz in der Region Languedoc-Roussillon am Meer.<\/p>\n<\/div>\n<\/div>\n\n\r\n    <\/div>\r\n<\/section>\n\n<section id=\"ls-section-block_6fb3607b63b549bfabc0d4e07a9db323\" class=\"ls-section  page-three has-p-t p-t-14\" >\r\n        <div class=\"container container--wide\">\r\n        \n\n<div class=\"wp-block-columns is-layout-flex wp-container-core-columns-is-layout-9d6595d7 wp-block-columns-is-layout-flex\">\n<div class=\"wp-block-column is-vertically-aligned-center first is-layout-flow wp-block-column-is-layout-flow\">\n<figure class=\"wp-block-image size-large animated fadeInLeft delay-100ms slow\"><img decoding=\"async\" width=\"1024\" height=\"683\" src=\"https:\/\/www.camping-le-calagogo.fr\/wp-content\/uploads\/2023\/12\/plage-languedoc-1024x683.webp\" alt=\"Strand Languedoc\" class=\"wp-image-2630085\" srcset=\"https:\/\/www.camping-le-calagogo.fr\/wp-content\/uploads\/2023\/12\/plage-languedoc-1024x683.webp 1024w, https:\/\/www.camping-le-calagogo.fr\/wp-content\/uploads\/2023\/12\/plage-languedoc-300x200.webp 300w, https:\/\/www.camping-le-calagogo.fr\/wp-content\/uploads\/2023\/12\/plage-languedoc-768x512.webp 768w, https:\/\/www.camping-le-calagogo.fr\/wp-content\/uploads\/2023\/12\/plage-languedoc-1536x1024.webp 1536w, https:\/\/www.camping-le-calagogo.fr\/wp-content\/uploads\/2023\/12\/plage-languedoc.webp 1800w\" sizes=\"(max-width: 1024px) 100vw, 1024px\" \/><\/figure>\n\n\n<div class=\"wp-block-image lunettes m-left\">\n<figure class=\"alignleft size-large is-resized\"><img decoding=\"async\" src=\"https:\/\/www.camping-le-calagogo.fr\/wp-content\/uploads\/2023\/11\/parasol.svg\" alt=\"Sonnenschirm\" class=\"wp-image-2764\" style=\"width:515px;height:auto\"\/><\/figure>\n<\/div><\/div>\n\n\n\n<div class=\"wp-block-column is-vertically-aligned-center second is-layout-flow wp-block-column-is-layout-flow\">\n<h2 class=\"ls__heading wp-block-heading\">Die sch\u00f6nsten Str\u00e4nde im Languedoc Roussillon<\/h2>\n\n\n\n<p class=\"ls-paragraph\">Wenn Sie auf dem Campingplatz Cala-Gogo ankommen, sollten Sie eine Liste mit Str\u00e4nden vorbereiten, die Sie ausprobieren m\u00f6chten. Nat\u00fcrlich haben Sie auch Zugang zum Strand, der an den Campingplatz in Saint Cyprien angrenzt, oder zum Wasserpark dieses 5-Sterne-Campingplatzes.<\/p>\n\n\n\n<p class=\"ls-paragraph\">Besuchen Sie in der N\u00e4he des Campings Cala-Gogo einige der sch\u00f6nsten Str\u00e4nde des Languedoc Roussillon.<\/p>\n\n\n\n<p class=\"ls-paragraph addReadMore showlesscontent\"><strong>Hier sind die Top 3 der Str\u00e4nde in der N\u00e4he des Campingplatzes Cala-Gogo :<\/strong><\/p>\n\n\n\n<ul class=\"ls-list wp-block-list\">\n\n<li><strong>Der Plage des Pins<\/strong> befindet sich in einer wundersch\u00f6nen Umgebung. Auf dem Gel\u00e4nde befinden sich eine Erste-Hilfe-Station und ein behindertengerechter Zugang. Dieser Strand ist ideal f\u00fcr einen Badeausflug mit der ganzen Familie.<\/li>\n\n\n<li><strong>Der Strand von Le Racou<\/strong>. In einer fast wilden Umgebung gelegen, magischer Blick auf das Mittelmeer. Eine Bar befindet sich in der N\u00e4he. Dieser Strand ist voller Charme.<\/li>\n\n\n<li><strong>Der Strand von Saint Cyprien<\/strong>. Dieser grenzt an den 5-Sterne-Campingplatz Cala-Gogo und ist der n\u00e4chstgelegene. Sie haben dann Zugang zum Strandrestaurant des Campingplatzes, das in der Hochsaison ge\u00f6ffnet ist. Pommes frites, Eis und herzhafte oder s\u00fc\u00dfe Speisen aller Art sind erh\u00e4ltlich. Ideal f\u00fcr ein improvisiertes Essen am Wasser.<\/li>\n\n<\/ul>\n<\/div>\n<\/div>\n\n\r\n    <\/div>\r\n<\/section>\n\n<section id=\"ls-section-block_d9010cc17f7dcdffbf2c6d42c491bc70\" class=\"ls-section  page-maillage has-p-b p-b-14\" >\r\n        <div class=\"container container--wide\">\r\n        \n\n<div id=\"ls-heading ls-titre-div-block_27964980fe36eda2db5c4cba6ba78abe\" class=\"ls-titre-div m-left h2-like\" >\n      Aktivit\u00e4ten in der N\u00e4he <\/br>des Campings am Meer<\/div>\n\n\n<div id=\"ls-maillage-block_f9524a9291b1900c4518204aed87f5f2\" class=\"ls-maillage cta-style-normal\" data-rows=\"3\">\n    <div class=\"wp-block-columns  \"><div class=\"wp-block-column\"><div id=\"destinations\" class=\"ls-cta\">\n\n<a href=\"https:\/\/www.camping-le-calagogo.fr\/de\/familienfreundlicher-campingplatz-saint-cyprien\/\" target=\"\" rel=\"noopener\" class=\"ls-cta__link\">\n\n\t<div class=\"ls-cta__image\"><img decoding=\"async\" src=\"https:\/\/www.camping-le-calagogo.fr\/wp-content\/uploads\/2023\/12\/camping-animations-familiales-saint-cyprien.webp\" alt=\"\"><\/div>\n\t<div class=\"ls-cta__title\">\n\t\tAnimationen und Abendveranstaltungen\t<\/div>\n\t\n\t\t\n<\/a><\/div><\/div><div class=\"wp-block-column\"><div id=\"destinations\" class=\"ls-cta\">\n\n<a href=\"https:\/\/www.camping-le-calagogo.fr\/de\/camping-services-pyrenees-orientales\/\" target=\"\" rel=\"noopener\" class=\"ls-cta__link\">\n\n\t<div class=\"ls-cta__image\"><img decoding=\"async\" src=\"https:\/\/www.camping-le-calagogo.fr\/wp-content\/uploads\/2023\/12\/epicerie-languedoc.webp\" alt=\"\"><\/div>\n\t<div class=\"ls-cta__title\">\n\t\tDienstleistungen und Gesch\u00e4fte\t<\/div>\n\t\n\t\t\n<\/a><\/div><\/div><div class=\"wp-block-column\"><div id=\"destinations\" class=\"ls-cta\">\n\n<a href=\"https:\/\/www.camping-le-calagogo.fr\/de\/camping-mit-schwimmbad-saint-cyprien\/\" target=\"\" rel=\"noopener\" class=\"ls-cta__link\">\n\n\t<div class=\"ls-cta__image\"><img decoding=\"async\" src=\"https:\/\/www.camping-le-calagogo.fr\/wp-content\/uploads\/2023\/12\/espace-aquatique-perpignan.webp\" alt=\"\"><\/div>\n\t<div class=\"ls-cta__title\">\n\t\tWasserbereich\t<\/div>\n\t\n\t\t\n<\/a><\/div><\/div><\/div><\/div>\n\r\n    <\/div>\r\n<\/section>","protected":false},"excerpt":{"rendered":"","protected":false},"author":1,"featured_media":2630043,"parent":0,"menu_order":0,"comment_status":"closed","ping_status":"closed","template":"","meta":{"_acf_changed":false,"_seopress_robots_primary_cat":"","_seopress_titles_title":"Camping Languedoc Roussillon am Meer | Camping am Meer in Saint Cyprien mit direktem Zugang zum Strand von Tech","_seopress_titles_desc":"Auf dem Campingplatz Calagogo ***** haben Sie direkten Zugang zum Strand von St Cyprien. Unser Camping Saint Cyprien am Meer wird eine echte Abwechslung sein!","_seopress_robots_index":"","inline_featured_image":false,"footnotes":""},"sujet":[],"class_list":["post-2708448","page","type-page","status-publish","has-post-thumbnail","hentry"],"acf":[],"_links":{"self":[{"href":"https:\/\/www.camping-le-calagogo.fr\/de\/wp-json\/wp\/v2\/pages\/2708448","targetHints":{"allow":["GET"]}}],"collection":[{"href":"https:\/\/www.camping-le-calagogo.fr\/de\/wp-json\/wp\/v2\/pages"}],"about":[{"href":"https:\/\/www.camping-le-calagogo.fr\/de\/wp-json\/wp\/v2\/types\/page"}],"author":[{"embeddable":true,"href":"https:\/\/www.camping-le-calagogo.fr\/de\/wp-json\/wp\/v2\/users\/1"}],"replies":[{"embeddable":true,"href":"https:\/\/www.camping-le-calagogo.fr\/de\/wp-json\/wp\/v2\/comments?post=2708448"}],"version-history":[{"count":17,"href":"https:\/\/www.camping-le-calagogo.fr\/de\/wp-json\/wp\/v2\/pages\/2708448\/revisions"}],"predecessor-version":[{"id":2845651,"href":"https:\/\/www.camping-le-calagogo.fr\/de\/wp-json\/wp\/v2\/pages\/2708448\/revisions\/2845651"}],"wp:featuredmedia":[{"embeddable":true,"href":"https:\/\/www.camping-le-calagogo.fr\/de\/wp-json\/wp\/v2\/media\/2630043"}],"wp:attachment":[{"href":"https:\/\/www.camping-le-calagogo.fr\/de\/wp-json\/wp\/v2\/media?parent=2708448"}],"wp:term":[{"taxonomy":"sujet","embeddable":true,"href":"https:\/\/www.camping-le-calagogo.fr\/de\/wp-json\/wp\/v2\/sujet?post=2708448"}],"curies":[{"name":"wp","href":"https:\/\/api.w.org\/{rel}","templated":true}]}}