{"id":2708457,"date":"2023-10-18T09:18:36","date_gmt":"2023-10-18T07:18:36","guid":{"rendered":"https:\/\/www.camping-le-calagogo.fr\/camping-piscine-argeles\/"},"modified":"2024-08-19T11:34:18","modified_gmt":"2024-08-19T09:34:18","slug":"camping-pool-argeles-sur-mer","status":"publish","type":"page","link":"https:\/\/www.camping-le-calagogo.fr\/de\/camping-argeles-sur-mer\/camping-pool-argeles-sur-mer\/","title":{"rendered":"Camping mit Schwimmbad Argel\u00e8s-sur-Mer"},"content":{"rendered":"<section id=\"ls-section-block_a5f63889f470fff3ef29a35260f987e1\" class=\"ls-section  page-chapeau deco has-p-b p-b-4\" >\r\n        <div class=\"container \">\r\n        \n\n<h1 class=\"ls__heading wp-block-heading has-text-align-center\">Camping mit Swimmingpool<br><strong>in Argel\u00e8s sur Mer<\/strong><\/h1>\n\n\n\n<p class=\"ls-paragraph has-text-align-center\">Unser <a href=\"https:\/\/www.camping-le-calagogo.fr\/de\/camping-argeles-sur-mer\/\" data-type=\"page\" data-id=\"2272\">Campingplatz Argel\u00e8s-sur-Mer<\/a> mit seiner <strong>600 m\u00b2 gro\u00dfen Bad<\/strong>elandschaft ist der perfekte Ort, um neue Energie zu tanken, sich zu entspannen oder Spa\u00df zu haben. Das Schwimmbecken, ein traditioneller rechteckiger Pool, ist den Schwimmern vorbehalten, die in <strong>dynamisierendem Wasser<\/strong> ihre Bahnen ziehen. Und der gr\u00f6\u00dfte Vorteil des Campings ist der beheizte Pool, in dem man sich noch besser entspannen kann. Wenn Sie auf dem <a href=\"https:\/\/www.camping-le-calagogo.fr\/de\/\" data-type=\"page\" data-id=\"9\">5-Sterne-Campingplatz Saint-Cyprien<\/a> wohnen, sind Sie nur 7 km vom Stadtzentrum und seinen Aktivit\u00e4ten entfernt. Somit ist dies der ideale Campingplatz mit Wasserpark f\u00fcr Ihren Aufenthalt in <a href=\"https:\/\/www.camping-le-calagogo.fr\/de\/camping-argeles-sur-mer\/tourismus-argeles-sur-mer\/\" data-type=\"page\" data-id=\"134\">Argeles sur Mer<\/a>.<\/p>\n\n\r\n    <\/div>\r\n<\/section>\n\n<section id=\"ls-section-block_2a0bb4681533f3885c95891e4399e377\" class=\"ls-section  page-one has-p-t p-t-0 has-p-b p-b-14\" >\r\n        <div class=\"container container--wide\">\r\n        \n\n<div class=\"wp-block-columns is-layout-flex wp-container-core-columns-is-layout-9d6595d7 wp-block-columns-is-layout-flex\">\n<div class=\"wp-block-column is-vertically-aligned-center first is-layout-flow wp-block-column-is-layout-flow\" style=\"flex-basis:66.7%\">\n<figure class=\"wp-block-image size-full\"><img decoding=\"async\" width=\"1733\" height=\"1200\" src=\"https:\/\/www.camping-le-calagogo.fr\/wp-content\/uploads\/2023\/12\/espace-aquatique-camping-perpignan.webp\" alt=\"Wasserpark Camping Perpignan\" class=\"wp-image-2629836\" srcset=\"https:\/\/www.camping-le-calagogo.fr\/wp-content\/uploads\/2023\/12\/espace-aquatique-camping-perpignan.webp 1733w, https:\/\/www.camping-le-calagogo.fr\/wp-content\/uploads\/2023\/12\/espace-aquatique-camping-perpignan-300x208.webp 300w, https:\/\/www.camping-le-calagogo.fr\/wp-content\/uploads\/2023\/12\/espace-aquatique-camping-perpignan-1024x709.webp 1024w, https:\/\/www.camping-le-calagogo.fr\/wp-content\/uploads\/2023\/12\/espace-aquatique-camping-perpignan-768x532.webp 768w, https:\/\/www.camping-le-calagogo.fr\/wp-content\/uploads\/2023\/12\/espace-aquatique-camping-perpignan-1536x1064.webp 1536w\" sizes=\"(max-width: 1733px) 100vw, 1733px\" \/><\/figure>\n<\/div>\n\n\n\n<div class=\"wp-block-column is-vertically-aligned-center second is-layout-flow wp-block-column-is-layout-flow\" style=\"flex-basis:33.3%\">\n<h2 class=\"ls__heading wp-block-heading\">Wasserpark Argel\u00e8s-sur-Mer<\/h2>\n\n\n\n<p class=\"ls-paragraph\">In <strong>der Nebensaison in wohltemperiertem Wasser<\/strong> zu liegen, w\u00e4hrend die Lufttemperatur k\u00fchl bleibt, ist das Paradies. Die Wasserd\u00fcsen, der Wasserpilz und das sanfte Gef\u00e4lle in die Tiefe begeistern die ganze Familie bei Ihrem Aufenthalt in Argeles-sur-Mer.<\/p>\n\n\n\n<p class=\"ls-paragraph\"><strong>Die Familie<\/strong> kann sich dem Wasservergn\u00fcgen hingeben, ohne vom k\u00fchlen Nass \u00fcberrascht zu werden. (Erinnerung: Das Tragen von Badeshorts und Badebermudas ist nicht erlaubt).<\/p>\n\n\n\n<p class=\"ls-paragraph\">Sobald Sie im S\u00fcden in den Pyr\u00e9n\u00e9es-Orientales ankommen, <strong>ist<\/strong> das <strong>Programm vorgezeichnet;<\/strong> ziehen Sie Ihren Badeanzug an und springen Sie ins beheizte Wasser, entspannen Sie sich, Sie sind da. Die Palmen und mediterranen Baumarten, die den Pool s\u00e4umen, werden Sie auf Ihrem Handtuch liegend in ferne Tr\u00e4ume entf\u00fchren.<\/p>\n\n\n\n<p class=\"ls-paragraph addReadMore showlesscontent\">F\u00fcr einen <strong>Urlaub mit der Familie<\/strong> oder mit Freunden, mit einem Wasserpark f\u00fcr alle, ist das Cala-Gogo, 7 Minuten vom Dorf Argeles sur Mer entfernt, der perfekte Dorfclub, um in Argeles sur Mer zum besten Preis zu wohnen. In der N\u00e4he der unumg\u00e4nglichen Sehensw\u00fcrdigkeiten der \u00f6stlichen Pyren\u00e4en verf\u00fcgt der Campingplatz \u00fcber einen Wasserpark f\u00fcr die Sportlichsten und f\u00fcr <strong>Entspannung und Spa\u00df<\/strong>. <strong>Jedem sein Rhythmus, jedem sein Urlaub<\/strong>.<\/p>\n<\/div>\n<\/div>\n\n\r\n    <\/div>\r\n<\/section>\n\n<section id=\"ls-section-block_19fcd4a21d82fbedb3a900fcaac78c03\" class=\"ls-section  page-two mosaique has-background has-color-4-background-color has-p-t p-t-14 has-p-b p-b-14\" >\r\n        <div class=\"container container--wide\">\r\n        \n\n<div class=\"wp-block-columns is-layout-flex wp-container-core-columns-is-layout-9d6595d7 wp-block-columns-is-layout-flex\">\n<div class=\"wp-block-column is-vertically-aligned-center is-layout-flow wp-block-column-is-layout-flow\">\n<h2 class=\"ls__heading wp-block-heading has-text-align-left\">Ein Planschbecken f\u00fcr die Kleinsten<\/h2>\n\n\n\n<p class=\"ls-paragraph has-text-align-left\">Im Planschbecken (geringe Wasserh\u00f6he) k\u00f6nnen sich die J\u00fcngsten unter Aufsicht eines begleitenden Erwachsenen in <strong>aller Sicherheit abk\u00fchlen<\/strong>.<\/p>\n\n\n\n<p class=\"ls-paragraph has-text-align-left\">F\u00fcr das <strong>Wohlbefinden aller Kleinen<\/strong> wird das Wasser beheizt. Die Minirutsche mit Wassereimer oder Maschinengewehr wird die ganze Familie zu Lachsalven animieren.<\/p>\n\n\n\n<p class=\"ls-paragraph has-text-align-left\">Lassen Sie sich ein <strong>paar Meter vom Pool<\/strong> entfernt nieder, z\u00fccken Sie die Kamera und werden Sie zum Zuschauer.<\/p>\n\n\n\n<h2 class=\"ls__heading wp-block-heading has-text-align-left\">Genie\u00dfen Sie Wasserspa\u00df auf dem Campingplatz Cala-Gogo in der N\u00e4he von Argel\u00e8s-sur-Mer.<\/h2>\n\n\n\n<p class=\"ls-paragraph has-text-align-left\">Der <strong>Wasserpark des Campingplatzes<\/strong> in der N\u00e4he von Argel\u00e8s-sur-Mer<strong> <\/strong>bietet Ihnen alle M\u00f6glichkeiten zum Schwimmen in verschiedenen Becken und Planschbecken mit oder ohne Rutsche und Spielger\u00e4ten.<\/p>\n\n\n\n<p class=\"ls-paragraph has-text-align-left addReadMore showlesscontent\">An den Vormittagen im Juli und August \u00fcben Sie hier <strong>die Lieblingsbesch\u00e4ftigung aller Urlauber<\/strong> aus. Das von unseren Animateuren betreute Muskelerwachen und dann Platz f\u00fcr sportliche und spielerische Aktivit\u00e4ten f\u00fcr Kinder und Jugendliche, Wasserpolo-Match, Einf\u00fchrung in das Tauchen&#8230;<\/p>\n\n\n\n<p class=\"ls-paragraph has-text-align-left\">Jeder hat seinen eigenen Rhythmus, perfektioniert sein Kraulbein, entspannt sich im Wasser liegend, hat Spa\u00df mit seinen Kindern, spritzt mit den Wasserstrahlen, rutscht die kleine Rutsche im beheizten Planschbecken hinunter. <strong>Die Wasseraktivit\u00e4ten<\/strong> sind hier sehr vielf\u00e4ltig.<\/p>\n<\/div>\n\n\n\n<div class=\"wp-block-column is-vertically-aligned-center is-layout-flow wp-block-column-is-layout-flow\">\n<figure class=\"wp-block-image size-full\"><img decoding=\"async\" width=\"1632\" height=\"1200\" src=\"https:\/\/www.camping-le-calagogo.fr\/wp-content\/uploads\/2023\/12\/pataugeoire-piscine-enfant.webp\" alt=\"Planschbecken Kinderbecken\" class=\"wp-image-2629847\" srcset=\"https:\/\/www.camping-le-calagogo.fr\/wp-content\/uploads\/2023\/12\/pataugeoire-piscine-enfant.webp 1632w, https:\/\/www.camping-le-calagogo.fr\/wp-content\/uploads\/2023\/12\/pataugeoire-piscine-enfant-300x221.webp 300w, https:\/\/www.camping-le-calagogo.fr\/wp-content\/uploads\/2023\/12\/pataugeoire-piscine-enfant-1024x753.webp 1024w, https:\/\/www.camping-le-calagogo.fr\/wp-content\/uploads\/2023\/12\/pataugeoire-piscine-enfant-768x565.webp 768w, https:\/\/www.camping-le-calagogo.fr\/wp-content\/uploads\/2023\/12\/pataugeoire-piscine-enfant-1536x1129.webp 1536w\" sizes=\"(max-width: 1632px) 100vw, 1632px\" \/><\/figure>\n<\/div>\n<\/div>\n\n\r\n    <\/div>\r\n<\/section>\n\n<section id=\"ls-section-block_0969ef6c281eb6c88ed1a2f12a7e3e7d\" class=\"ls-section \" >\r\n        <div class=\"container container--wide\">\r\n        \n\n<div class=\"wp-block-columns is-layout-flex wp-container-core-columns-is-layout-9d6595d7 wp-block-columns-is-layout-flex\">\n<div class=\"wp-block-column is-layout-flow wp-block-column-is-layout-flow\">\n<h2 class=\"ls__heading wp-block-heading\">Camping Argel\u00e8s-sur-Mer mit beheiztem Pool<\/h2>\n\n\n\n<p class=\"ls-paragraph\">Der Wasserbereich ist ein besonders beliebter Ort der Entspannung und Freizeitgestaltung f\u00fcr Camper und bietet mehrere Badebereiche f\u00fcr Gro\u00df und Klein. Zu diesen Badeorten geh\u00f6ren vor allem <strong>beheizte Schwimmb\u00e4der, Rutschen und beheizte Whirlpools<\/strong>.<\/p>\n\n\n\n<p class=\"ls-paragraph\">Ob Sie nun Ihre Bahnen ziehen oder sich nach einem Tag voller Aktivit\u00e4ten entspannen m\u00f6chten, das beheizte Becken hei\u00dft Sie zu jeder Tageszeit willkommen.<\/p>\n\n\n\n<p class=\"ls-paragraph\">Das Solarium ist ein weiterer Entspannungsbereich, der bei Urlaubern besonders beliebt ist. Sie k\u00f6nnen sich auf den Liegest\u00fchlen im Schatten der Strohh\u00fctten entspannen, die die Umgebung des Beckens und den Wasserpark im Allgemeinen versch\u00f6nern.<\/p>\n<\/div>\n\n\n\n<div class=\"wp-block-column is-layout-flow wp-block-column-is-layout-flow\">\n<h2 class=\"ls__heading wp-block-heading has-text-align-left\">Camping Argel\u00e8s mit Wasserrutsche in den Pyr\u00e9n\u00e9es-Orientales<\/h2>\n\n\n\n<p class=\"ls-paragraph\">Auch die Kinder kommen bei den Einrichtungen, die es im Wasserpark gibt, nicht zu kurz. Der Campingplatz Le Cala-Gogo ist eine der wenigen Einrichtungen, die \u00fcber ein <strong>beheiztes Planschbecken<\/strong> verf\u00fcgen. Der Wasserbereich umfasst auch eine <strong>Wasserrutsche<\/strong>, auf der man sich austoben und herumspritzen kann.<\/p>\n\n\n\n<p class=\"ls-paragraph addReadMore showlesscontent\">Damit die Kinder sich sicher am\u00fcsieren und abk\u00fchlen k\u00f6nnen, sei es im Planschbecken oder auf der Rutsche, wird das Baden in den Monaten Juli und August von den Mitarbeitern des Campings \u00fcberwacht. Dies entbindet die Eltern jedoch nicht von der Pflicht, die Hausordnung der Einrichtung einzuhalten, insbesondere im Hinblick auf den Wasserbereich. So muss immer ein begleitender Erwachsener anwesend sein, w\u00e4hrend die Kinder sich in den f\u00fcr sie vorgesehenen Badebereichen vergn\u00fcgen.<\/p>\n<\/div>\n<\/div>\n\n\r\n    <\/div>\r\n<\/section>\n\n<section id=\"ls-section-block_f1c5920a4b212be607399160190500ba\" class=\"ls-section  page-maillage has-p-b p-b-14\" >\r\n        <div class=\"container container--wide\">\r\n        \n\n<div id=\"ls-heading ls-titre-div-block_0f3090707bcf46d80c8c4fb01f38c615\" class=\"ls-titre-div m-left h2-like\" >\n    Mobilheime und die Strandpromenade<\/br>in Argel\u00e8s-sur-Mer<\/div>\n\n\n<div id=\"ls-maillage-block_1e9adbfe4c25c0076de80d7d780134cc\" class=\"ls-maillage cta-style-normal\" data-rows=\"3\">\n    <div class=\"wp-block-columns  \"><div class=\"wp-block-column\"><div id=\"destinations\" class=\"ls-cta\">\n\n<a href=\"https:\/\/www.camping-le-calagogo.fr\/de\/camping-argeles-sur-mer\/vermietung-mobil-home-argeles\/\" target=\"\" rel=\"noopener\" class=\"ls-cta__link\">\n\n\t<div class=\"ls-cta__image\"><img decoding=\"async\" src=\"https:\/\/www.camping-le-calagogo.fr\/wp-content\/uploads\/2023\/12\/camping-cala-gogo-a-saint-cyprien-avec-mobil-homes_resultat.webp\" alt=\"location mobil home\"><\/div>\n\t<div class=\"ls-cta__title\">\n\t\tMobilheime\t<\/div>\n\t\n\t\t\n<\/a><\/div><\/div><div class=\"wp-block-column\"><div id=\"destinations\" class=\"ls-cta\">\n\n<a href=\"https:\/\/www.camping-le-calagogo.fr\/de\/camping-argeles-sur-mer\/camping-billig-argeles-sur-mer\/\" target=\"\" rel=\"noopener\" class=\"ls-cta__link\">\n\n\t<div class=\"ls-cta__image\"><img decoding=\"async\" src=\"https:\/\/www.camping-le-calagogo.fr\/wp-content\/uploads\/2023\/12\/louer-emplacement-saint-cyprien.webp\" alt=\"\"><\/div>\n\t<div class=\"ls-cta__title\">\n\t\tTarife\t<\/div>\n\t\n\t\t\n<\/a><\/div><\/div><div class=\"wp-block-column\"><div id=\"destinations\" class=\"ls-cta\">\n\n<a href=\"https:\/\/www.camping-le-calagogo.fr\/de\/camping-argeles-sur-mer\/camping-aan-zee-argeles-sur-mer\/\" target=\"\" rel=\"noopener\" class=\"ls-cta__link\">\n\n\t<div class=\"ls-cta__image\"><img decoding=\"async\" src=\"https:\/\/www.camping-le-calagogo.fr\/wp-content\/uploads\/2023\/12\/activites-nautiques-pyrenees-orientales.webp\" alt=\"\"><\/div>\n\t<div class=\"ls-cta__title\">\n\t\tMeeresufer\t<\/div>\n\t\n\t\t\n<\/a><\/div><\/div><\/div><\/div>\n\r\n    <\/div>\r\n<\/section>","protected":false},"excerpt":{"rendered":"","protected":false},"author":1,"featured_media":2629857,"parent":2708645,"menu_order":0,"comment_status":"closed","ping_status":"closed","template":"","meta":{"_acf_changed":false,"_seopress_robots_primary_cat":"","_seopress_titles_title":"Camping Argeles sur Mer mit Pool | Wasserpark und beheizter Pool","_seopress_titles_desc":"Tauchen Sie ein in den Wasserbereich des Camping Argeles mit Pool: ein beheiztes Becken f\u00fcr einen Urlaub mit den F\u00fc\u00dfen im Wasser in Argel\u00e8s!","_seopress_robots_index":"","inline_featured_image":false,"footnotes":""},"sujet":[],"class_list":["post-2708457","page","type-page","status-publish","has-post-thumbnail","hentry"],"acf":[],"_links":{"self":[{"href":"https:\/\/www.camping-le-calagogo.fr\/de\/wp-json\/wp\/v2\/pages\/2708457","targetHints":{"allow":["GET"]}}],"collection":[{"href":"https:\/\/www.camping-le-calagogo.fr\/de\/wp-json\/wp\/v2\/pages"}],"about":[{"href":"https:\/\/www.camping-le-calagogo.fr\/de\/wp-json\/wp\/v2\/types\/page"}],"author":[{"embeddable":true,"href":"https:\/\/www.camping-le-calagogo.fr\/de\/wp-json\/wp\/v2\/users\/1"}],"replies":[{"embeddable":true,"href":"https:\/\/www.camping-le-calagogo.fr\/de\/wp-json\/wp\/v2\/comments?post=2708457"}],"version-history":[{"count":5,"href":"https:\/\/www.camping-le-calagogo.fr\/de\/wp-json\/wp\/v2\/pages\/2708457\/revisions"}],"predecessor-version":[{"id":2845645,"href":"https:\/\/www.camping-le-calagogo.fr\/de\/wp-json\/wp\/v2\/pages\/2708457\/revisions\/2845645"}],"up":[{"embeddable":true,"href":"https:\/\/www.camping-le-calagogo.fr\/de\/wp-json\/wp\/v2\/pages\/2708645"}],"wp:featuredmedia":[{"embeddable":true,"href":"https:\/\/www.camping-le-calagogo.fr\/de\/wp-json\/wp\/v2\/media\/2629857"}],"wp:attachment":[{"href":"https:\/\/www.camping-le-calagogo.fr\/de\/wp-json\/wp\/v2\/media?parent=2708457"}],"wp:term":[{"taxonomy":"sujet","embeddable":true,"href":"https:\/\/www.camping-le-calagogo.fr\/de\/wp-json\/wp\/v2\/sujet?post=2708457"}],"curies":[{"name":"wp","href":"https:\/\/api.w.org\/{rel}","templated":true}]}}