{"id":2708484,"date":"2023-10-18T09:41:09","date_gmt":"2023-10-18T07:41:09","guid":{"rendered":"https:\/\/www.camping-le-calagogo.fr\/nicht-cher-2\/"},"modified":"2024-02-02T09:08:43","modified_gmt":"2024-02-02T08:08:43","slug":"camping-billig-perpignan","status":"publish","type":"page","link":"https:\/\/www.camping-le-calagogo.fr\/de\/camping-perpignan\/camping-billig-perpignan\/","title":{"rendered":"Camping billig Perpignan"},"content":{"rendered":"<section id=\"ls-section-block_2241ab4f1303c33c991be6eb9bd66e21\" class=\"ls-section  page-chapeau deco has-p-b p-b-4\" >\r\n        <div class=\"container \">\r\n        \n\n<h1 class=\"ls__heading wp-block-heading has-text-align-center\">G\u00fcnstiger Camping in Perpignan<br><strong>in den Pyr\u00e9n\u00e9es-Orientales<\/strong><\/h1>\n\n\n\n<p class=\"ls-paragraph has-text-align-center\">Der F\u00fcnf-Sterne-Campingplatz Le Cala Gogo empf\u00e4ngt Sie in einer friedlichen und gr\u00fcnen Umgebung in der N\u00e4he von Perpignan im Departement Pyr\u00e9n\u00e9es-Orientales. Genie\u00dfen Sie mit Ihrer Familie oder Ihren Freunden einen Aufenthalt am Meer, wo verschiedene Entdeckungs-, Entspannungs- und Sportaktivit\u00e4ten auf Sie warten.<\/p>\n\n\r\n    <\/div>\r\n<\/section>\n\n<section id=\"ls-section-block_9bb441da418dae11ef8ec0b65ec181b2\" class=\"ls-section \" >\r\n        <div class=\"container container--wide\">\r\n        \n\n<script>\n    window.ctoutvert = {\n\t\tid: 2224, \n\t\tlang: 'auto', \n\t\turl: 'https:\/\/reservation.secureholiday.net\/widgets\/'\n    };\n\n    (function (w, d, s, ctv, r, js, fjs) {\n        r=new XMLHttpRequest();r.open('GET',w[ctv].url+'js\/src.json');\n        r.responseType='json';r.json=true;r.send();\n        r.onload=function(){w[ctv].src=r.responseType=='json'?r.response:JSON.parse(r.response);\n        js.src=w[ctv].src[0];fjs.parentNode.insertBefore(js, fjs);}\n        js=d.createElement(s),fjs=d.getElementsByTagName(s)[0];\n        js.id='ctvwidget';js.async=1;\n    }(window, document, 'script', 'ctoutvert'));\n<\/script>\n<ctv-availability data-background-color=\"#FFFFFFFF\"><\/ctv-availability>\n\n\r\n    <\/div>\r\n<\/section>\n\n<section id=\"ls-section-block_e3cb1524e3f467179be98831a4241d24\" class=\"ls-section  page-one has-p-t p-t-0 has-p-b p-b-14\" >\r\n        <div class=\"container container--wide\">\r\n        \n\n<div class=\"wp-block-columns is-layout-flex wp-container-core-columns-is-layout-9d6595d7 wp-block-columns-is-layout-flex\">\n<div class=\"wp-block-column is-vertically-aligned-center first is-layout-flow wp-block-column-is-layout-flow\" style=\"flex-basis:66.7%\">\n<figure class=\"wp-block-image size-full\"><img decoding=\"async\" width=\"1800\" height=\"1200\" src=\"https:\/\/www.camping-le-calagogo.fr\/wp-content\/uploads\/2023\/12\/louer-mobil-home-perpignan.webp\" alt=\"mieten mobilheim billig perpignan\" class=\"wp-image-2708254\" srcset=\"https:\/\/www.camping-le-calagogo.fr\/wp-content\/uploads\/2023\/12\/louer-mobil-home-perpignan.webp 1800w, https:\/\/www.camping-le-calagogo.fr\/wp-content\/uploads\/2023\/12\/louer-mobil-home-perpignan-300x200.webp 300w, https:\/\/www.camping-le-calagogo.fr\/wp-content\/uploads\/2023\/12\/louer-mobil-home-perpignan-1024x683.webp 1024w, https:\/\/www.camping-le-calagogo.fr\/wp-content\/uploads\/2023\/12\/louer-mobil-home-perpignan-768x512.webp 768w, https:\/\/www.camping-le-calagogo.fr\/wp-content\/uploads\/2023\/12\/louer-mobil-home-perpignan-1536x1024.webp 1536w\" sizes=\"(max-width: 1800px) 100vw, 1800px\" \/><\/figure>\n<\/div>\n\n\n\n<div class=\"wp-block-column is-vertically-aligned-center second is-layout-flow wp-block-column-is-layout-flow\" style=\"flex-basis:33.3%\">\n<h2 class=\"ls__heading wp-block-heading\">G\u00fcnstige Unterk\u00fcnfte in der N\u00e4he von Perpignan<\/h2>\n\n\n\n<p class=\"ls-paragraph\">Der<a href=\"https:\/\/www.camping-le-calagogo.fr\/de\/\" data-type=\"page\" data-id=\"9\"> 5-Sterne-Campingplatz<\/a> Le Cala-Gogo in<a href=\"https:\/\/www.camping-le-calagogo.fr\/de\/\" data-type=\"page\" data-id=\"9\"> Saint Cyprien<\/a> bietet mehrere komfortable und gut ausgestattete <a href=\"https:\/\/www.camping-le-calagogo.fr\/de\/camping-perpignan\/mobilheim\/\" data-type=\"page\" data-id=\"82\">Mobilheimvermietungen in Perpignan<\/a>, die zwischen einem und vier Schlafzimmern bestehen und Platz f\u00fcr zwei bis acht Personen bieten.<\/p>\n\n\n\n<p class=\"ls-paragraph addReadMore showlesscontent\">Diese Mietunterk\u00fcnfte sind alle klimatisiert und verf\u00fcgen \u00fcber eine \u00fcberdachte Terrasse. <\/p>\n\n\n\n<ul class=\"ls-list wp-block-list\">\n<li>Mobile Home mit 1 Schlafzimmer f\u00fcr 2-3 Personen<\/li>\n\n\n\n<li>Mobile Home mit 2 Schlafzimmern f\u00fcr 4 Personen<\/li>\n\n\n\n<li>Mobilheim PMR f\u00fcr 4 Personen<\/li>\n\n\n\n<li>Mobilheim mit 2 Schlafzimmern und 2 Badezimmern, f\u00fcr 4 Personen<\/li>\n\n\n\n<li>Mobilheim mit 3 Schlafzimmern und 2 Badezimmern, f\u00fcr 6 Personen<\/li>\n\n\n\n<li>Mobile Home mit 2 Schlafzimmern f\u00fcr 5 Personen<\/li>\n\n\n\n<li>Mobile Home mit 2 Schlafzimmern f\u00fcr 5-6 Personen<\/li>\n\n\n\n<li>Mobilheim mit 4 Schlafzimmern und 2 Badezimmern, f\u00fcr 7-8 Personen<\/li>\n<\/ul>\n<\/div>\n<\/div>\n\n\r\n    <\/div>\r\n<\/section>\n\n<section id=\"ls-section-block_272d7d64aa165250859f88f12b48926e\" class=\"ls-section  page-two mosaique has-background has-color-4-background-color has-p-t p-t-14 has-p-b p-b-14\" >\r\n        <div class=\"container container--wide\">\r\n        \n\n<div class=\"wp-block-columns is-layout-flex wp-container-core-columns-is-layout-9d6595d7 wp-block-columns-is-layout-flex\">\n<div class=\"wp-block-column is-vertically-aligned-center is-layout-flow wp-block-column-is-layout-flow\">\n<p class=\"ls-paragraph\">Der <strong>g\u00fcnstige Campingplatz Perpignan<\/strong> bietet au\u00dferdem Preisnachl\u00e4sse, die von April bis Juni und im September g\u00fcltig sind. Wenn Sie also f\u00fcr vier Wochen buchen, erhalten Sie einen Rabatt von -30 %: Die vierte Woche ist kostenlos. Wenn Sie f\u00fcr drei Wochen buchen, erhalten Sie einen Rabatt von -20 %, d. h. die letzte Woche ist kostenlos.<\/p>\n\n\n\n<p class=\"ls-paragraph has-text-align-left\">Auch die Standorte kommen nicht zu kurz. Camper haben die Wahl zwischen zwei Pauschalangeboten:<\/p>\n\n\n\n<p class=\"ls-paragraph\"><strong>Pauschale &#8222;Standard&#8220;<\/strong><\/p>\n\n\n\n<p class=\"ls-paragraph\">Der Stellplatz bietet Platz f\u00fcr zwei Personen und ein Auto und verf\u00fcgt \u00fcber einen Stromanschluss von 10 A. Er ist au\u00dferdem f\u00fcr Menschen mit Behinderungen zug\u00e4nglich. Ideal f\u00fcr einen Camping-Urlaub auf einem der Wohnmobilstellpl\u00e4tze mit direktem Strandzugang.<\/p>\n\n\n\n<p class=\"ls-paragraph\"><strong>Pauschale &#8222;Komfort&#8220;<\/strong><\/p>\n\n\n\n<p class=\"ls-paragraph\">Neben dem Platz f\u00fcr das Auto und 10 A Strom, verf\u00fcgt das Grundst\u00fcck \u00fcber einen Wasseranschluss und ein Abwassersystem. Sie ist auch f\u00fcr Menschen mit eingeschr\u00e4nkter Mobilit\u00e4t zug\u00e4nglich.<\/p>\n<\/div>\n\n\n\n<div class=\"wp-block-column is-vertically-aligned-center is-layout-flow wp-block-column-is-layout-flow\">\n<figure class=\"wp-block-image size-full\"><img decoding=\"async\" width=\"1800\" height=\"1200\" src=\"https:\/\/www.camping-le-calagogo.fr\/wp-content\/uploads\/2023\/12\/camping-cala-gogo-a-saint-cyprien-avec-mobil-homes_resultat.webp\" alt=\"mieten mobilheim billig perpignan\" class=\"wp-image-2708098\" srcset=\"https:\/\/www.camping-le-calagogo.fr\/wp-content\/uploads\/2023\/12\/camping-cala-gogo-a-saint-cyprien-avec-mobil-homes_resultat.webp 1800w, https:\/\/www.camping-le-calagogo.fr\/wp-content\/uploads\/2023\/12\/camping-cala-gogo-a-saint-cyprien-avec-mobil-homes_resultat-300x200.webp 300w, https:\/\/www.camping-le-calagogo.fr\/wp-content\/uploads\/2023\/12\/camping-cala-gogo-a-saint-cyprien-avec-mobil-homes_resultat-1024x683.webp 1024w, https:\/\/www.camping-le-calagogo.fr\/wp-content\/uploads\/2023\/12\/camping-cala-gogo-a-saint-cyprien-avec-mobil-homes_resultat-768x512.webp 768w, https:\/\/www.camping-le-calagogo.fr\/wp-content\/uploads\/2023\/12\/camping-cala-gogo-a-saint-cyprien-avec-mobil-homes_resultat-1536x1024.webp 1536w\" sizes=\"(max-width: 1800px) 100vw, 1800px\" \/><\/figure>\n<\/div>\n<\/div>\n\n\r\n    <\/div>\r\n<\/section>\n\n<section id=\"ls-section-block_5cd7c6094452763f8580ea1930490358\" class=\"ls-section  section-parallax has-parallax has-background has-color-white-background-color has-p-t p-t-14 has-p-b p-b-14\" >\r\n        <div class=\"container container--wide\">\r\n        \n\n<div class=\"wp-block-columns is-layout-flex wp-container-core-columns-is-layout-9d6595d7 wp-block-columns-is-layout-flex\">\n<div class=\"wp-block-column is-layout-flow wp-block-column-is-layout-flow\">\n<h2 class=\"ls__heading wp-block-heading\">Camping Perpignan Meeresk\u00fcste billig<\/h2>\n\n\n\n<p class=\"ls-paragraph\">Der <a href=\"https:\/\/www.camping-le-calagogo.fr\/de\/camping-perpignan\/\" data-type=\"page\" data-id=\"2291\">Campingplatz Perpignan<\/a> Le Cala Gogo ist eine gute Wahl, um einen sch\u00f6nen Urlaub mit der Familie oder mit Freunden am Meer zu genie\u00dfen. Das F\u00fcnf-Sterne-Hotel bietet Ihnen einen direkten Zugang zum Mittelmeer.<\/p>\n\n\n\n<p class=\"ls-paragraph\">Die Umgebung k\u00f6nnte nicht zauberhafter sein, und Sie k\u00f6nnen die sechs Kilometer langen Sandstr\u00e4nde in vollen Z\u00fcgen genie\u00dfen. Der Zugang zum Strand vom <strong>g\u00fcnstigen Camping Perpignan<\/strong> aus wird durch einen langen Holzboden erleichtert, der wie eine Promenade in Nizza aussieht.  <\/p>\n\n\n\n<p class=\"ls-paragraph\">Wenn Sie planen, mit Kindern zu kommen, wird es Sie beruhigen zu wissen, dass die Str\u00e4nde im Juli und August \u00fcberwacht werden. Au\u00dferdem gibt es einen FKK-Strand, der mehrere hundert Meter von der Unterkunft entfernt liegt.<\/p>\n<\/div>\n\n\n\n<div class=\"wp-block-column is-layout-flow wp-block-column-is-layout-flow\">\n<h2 class=\"ls__heading wp-block-heading\">Profitieren Sie von den besten Angeboten und Aktionen<\/h2>\n\n\n\n<p class=\"ls-paragraph\">Der <a href=\"https:\/\/www.camping-le-calagogo.fr\/de\/camping-perpignan\/pool\/\" data-type=\"page\" data-id=\"66\">Campingplatz Perpignan mit Pool<\/a> Le Cala Gogo bietet verschiedene Sonderangebote, damit die Camper einen sch\u00f6nen Urlaub am Meer genie\u00dfen k\u00f6nnen, ohne sich zu ruinieren:<\/p>\n\n\n\n<ul class=\"ls-list wp-block-list\">\n<li>Erm\u00e4\u00dfigung von -10 % sowohl f\u00fcr Mobilheime als auch f\u00fcr Stellpl\u00e4tze. Dieses Angebot ist vom 13. Juni bis 1\u1d49\u02b3 August 2020 g\u00fcltig und gilt f\u00fcr alle Aufenthalte von mindestens sieben Tagen.<\/li>\n\n\n\n<li>Erm\u00e4\u00dfigung von -30 % auf Mobilheime und Stellpl\u00e4tze. Diese Werbeaktion ist vom 4. April bis zum 4. Juli 2020 und vom 29. August bis zum 26. September 2020 g\u00fcltig. Wenn Sie einen Aufenthalt von 28 Tagen (4 Wochen) buchen, sind die letzten 7 Tage kostenlos, sofern Sie eine Bearbeitungsgeb\u00fchr von 25 \u20ac entrichten.<\/li>\n\n\n\n<li>Erm\u00e4\u00dfigung von -20 % auf Mobilheime und Stellpl\u00e4tze. Dieses Angebot gilt auch vom 4. April bis zum 4. Juli 2020 und vom 29. August bis zum 26. September 2020. Bei einem 21-t\u00e4gigen Aufenthalt zahlen Sie nur f\u00fcr die ersten 14 Tage, wobei Sie vorher eine Bearbeitungsgeb\u00fchr von 25 \u20ac entrichten m\u00fcssen.<\/li>\n\n\n\n<li class=\"addReadMore showlesscontent\">Kostenlose Bearbeitungsgeb\u00fchr. Diese Werbeaktion ist vom 4. April bis 5. Juli 2020 und vom 29. August bis 26. September 2020 g\u00fcltig. Um in den Genuss dieser Verg\u00fcnstigungen zu kommen, muss man mindestens zwei Tage auf dem g\u00fcnstigen <strong>Campingplatz Perpignan<\/strong> verbringen und eine Anzahlung in H\u00f6he von 30 % der Gesamtkosten des Aufenthalts leisten.<\/li>\n<\/ul>\n<\/div>\n<\/div>\n\n\r\n    <\/div>\r\n<\/section>\n\n<section id=\"ls-section-block_af10a02b0603a8c629f4b71497c08bcf\" class=\"ls-section  page-maillage has-p-b p-b-14\" >\r\n        <div class=\"container container--wide\">\r\n        \n\n<div id=\"ls-heading ls-titre-div-block_199178f92682c755c635d3ff2942ded7\" class=\"ls-titre-div m-left h2-like\" >\n    Der Pool und die Mobilheime <\/br>auf dem Campingplatz in Perpignan<\/div>\n\n\n<div id=\"ls-maillage-block_3946ff612f8699fedddb4f6ecd3d9d8a\" class=\"ls-maillage cta-style-normal\" data-rows=\"3\">\n    <div class=\"wp-block-columns  \"><div class=\"wp-block-column\"><div id=\"destinations\" class=\"ls-cta\">\n\n<a href=\"https:\/\/www.camping-le-calagogo.fr\/de\/camping-perpignan\/pool\/\" target=\"\" rel=\"noopener\" class=\"ls-cta__link\">\n\n\t<div class=\"ls-cta__image\"><img decoding=\"async\" src=\"https:\/\/www.camping-le-calagogo.fr\/wp-content\/uploads\/2023\/12\/espace-aquatique-camping-perpignan.webp\" alt=\"\"><\/div>\n\t<div class=\"ls-cta__title\">\n\t\tCamping Schwimmbad Perpignan\t<\/div>\n\t\n\t\t\n<\/a><\/div><\/div><div class=\"wp-block-column\"><div id=\"destinations\" class=\"ls-cta\">\n\n<a href=\"https:\/\/www.camping-le-calagogo.fr\/de\/camping-perpignan\/mobilheim\/\" target=\"\" rel=\"noopener\" class=\"ls-cta__link\">\n\n\t<div class=\"ls-cta__image\"><img decoding=\"async\" src=\"https:\/\/www.camping-le-calagogo.fr\/wp-content\/uploads\/2023\/12\/louer-hebergement-perpignan.webp\" alt=\"\"><\/div>\n\t<div class=\"ls-cta__title\">\n\t\tMobilheime Perpignan\t<\/div>\n\t\n\t\t\n<\/a><\/div><\/div><div class=\"wp-block-column\"><div id=\"destinations\" class=\"ls-cta\">\n\n<a href=\"https:\/\/www.camping-le-calagogo.fr\/de\/camping-perpignan\/\" target=\"\" rel=\"noopener\" class=\"ls-cta__link\">\n\n\t<div class=\"ls-cta__image\"><img decoding=\"async\" src=\"https:\/\/www.camping-le-calagogo.fr\/wp-content\/uploads\/2023\/12\/camping-perpignan.webp\" alt=\"\"><\/div>\n\t<div class=\"ls-cta__title\">\n\t\tCamping Perpignan\t<\/div>\n\t\n\t\t\n<\/a><\/div><\/div><\/div><\/div>\n\r\n    <\/div>\r\n<\/section>","protected":false},"excerpt":{"rendered":"","protected":false},"author":1,"featured_media":2629925,"parent":2708676,"menu_order":0,"comment_status":"closed","ping_status":"closed","template":"","meta":{"_acf_changed":false,"_seopress_robots_primary_cat":"","_seopress_titles_title":"G\u00fcnstiger Campingplatz in Perpignan | Aktion f\u00fcr Campingaufenthalte in Perpignan","_seopress_titles_desc":"","_seopress_robots_index":"","inline_featured_image":false,"footnotes":""},"sujet":[],"class_list":["post-2708484","page","type-page","status-publish","has-post-thumbnail","hentry"],"acf":[],"_links":{"self":[{"href":"https:\/\/www.camping-le-calagogo.fr\/de\/wp-json\/wp\/v2\/pages\/2708484","targetHints":{"allow":["GET"]}}],"collection":[{"href":"https:\/\/www.camping-le-calagogo.fr\/de\/wp-json\/wp\/v2\/pages"}],"about":[{"href":"https:\/\/www.camping-le-calagogo.fr\/de\/wp-json\/wp\/v2\/types\/page"}],"author":[{"embeddable":true,"href":"https:\/\/www.camping-le-calagogo.fr\/de\/wp-json\/wp\/v2\/users\/1"}],"replies":[{"embeddable":true,"href":"https:\/\/www.camping-le-calagogo.fr\/de\/wp-json\/wp\/v2\/comments?post=2708484"}],"version-history":[{"count":15,"href":"https:\/\/www.camping-le-calagogo.fr\/de\/wp-json\/wp\/v2\/pages\/2708484\/revisions"}],"predecessor-version":[{"id":2830398,"href":"https:\/\/www.camping-le-calagogo.fr\/de\/wp-json\/wp\/v2\/pages\/2708484\/revisions\/2830398"}],"up":[{"embeddable":true,"href":"https:\/\/www.camping-le-calagogo.fr\/de\/wp-json\/wp\/v2\/pages\/2708676"}],"wp:featuredmedia":[{"embeddable":true,"href":"https:\/\/www.camping-le-calagogo.fr\/de\/wp-json\/wp\/v2\/media\/2629925"}],"wp:attachment":[{"href":"https:\/\/www.camping-le-calagogo.fr\/de\/wp-json\/wp\/v2\/media?parent=2708484"}],"wp:term":[{"taxonomy":"sujet","embeddable":true,"href":"https:\/\/www.camping-le-calagogo.fr\/de\/wp-json\/wp\/v2\/sujet?post=2708484"}],"curies":[{"name":"wp","href":"https:\/\/api.w.org\/{rel}","templated":true}]}}