{"id":2708485,"date":"2023-10-18T09:41:32","date_gmt":"2023-10-18T07:41:32","guid":{"rendered":"https:\/\/www.camping-le-calagogo.fr\/camping-pas-cher-collioure\/"},"modified":"2024-03-21T08:59:45","modified_gmt":"2024-03-21T07:59:45","slug":"camping-pas-cher-collioure","status":"publish","type":"page","link":"https:\/\/www.camping-le-calagogo.fr\/de\/camping-collioure\/camping-pas-cher-collioure\/","title":{"rendered":"Billig Camping Collioure"},"content":{"rendered":"<section id=\"ls-section-block_0b1c163276e619e51c85403c67da9fb1\" class=\"ls-section  page-chapeau deco has-p-b p-b-4\" >\r\n        <div class=\"container \">\r\n        \n\n<h1 class=\"ls__heading wp-block-heading has-text-align-center\">G\u00fcnstiger Camping in Collioure<br\/><strong>in den Pyr\u00e9n\u00e9es-Orientales<\/strong><\/h1>\n\n\n\n<p class=\"ls-paragraph has-text-align-center\">Der<a href=\"https:\/\/www.camping-le-calagogo.fr\/de\/\" data-type=\"page\" data-id=\"9\"> 5-Sterne-Campingplatz Saint-Cyprien<\/a> Le Cala-Gogo liegt im Departement Pyr\u00e9n\u00e9es-Orientales, etwa zwanzig Minuten von Collioure entfernt, und bietet einen idealen Rahmen f\u00fcr einen Urlaub am Meer. Sie k\u00f6nnen in aller Ruhe zahlreiche sportliche, spielerische und entspannende Aktivit\u00e4ten mit der Familie oder mit Freunden genie\u00dfen.<\/p>\n\n\r\n    <\/div>\r\n<\/section><section id=\"ls-section-block_71e2099f987ceacd54fb314efc5d07f1\" class=\"ls-section \" >\r\n        <div class=\"container container--wide\">\r\n        \n\n<script>\n    window.ctoutvert = {\n\t\tid: 2224, \n\t\tlang: 'auto', \n\t\turl: 'https:\/\/reservation.secureholiday.net\/widgets\/'\n    };\n\n    (function (w, d, s, ctv, r, js, fjs) {\n        r=new XMLHttpRequest();r.open('GET',w[ctv].url+'js\/src.json');\n        r.responseType='json';r.json=true;r.send();\n        r.onload=function(){w[ctv].src=r.responseType=='json'?r.response:JSON.parse(r.response);\n        js.src=w[ctv].src[0];fjs.parentNode.insertBefore(js, fjs);}\n        js=d.createElement(s),fjs=d.getElementsByTagName(s)[0];\n        js.id='ctvwidget';js.async=1;\n    }(window, document, 'script', 'ctoutvert'));\n<\/script>\n<ctv-availability data-background-color=\"#FFFFFFFF\"><\/ctv-availability>\n\n\r\n    <\/div>\r\n<\/section><section id=\"ls-section-block_ca38698f60b60fd278a3aa7fb158bf0f\" class=\"ls-section  page-one has-p-t p-t-0 has-p-b p-b-14\" >\r\n        <div class=\"container container--wide\">\r\n        \n\n<div class=\"wp-block-columns is-layout-flex wp-container-core-columns-is-layout-9d6595d7 wp-block-columns-is-layout-flex\">\n<div class=\"wp-block-column is-vertically-aligned-center first is-layout-flow wp-block-column-is-layout-flow\" style=\"flex-basis:66.7%\">\n<figure class=\"wp-block-image size-full\"><img decoding=\"async\" width=\"1800\" height=\"1200\" src=\"https:\/\/www.camping-le-calagogo.fr\/wp-content\/uploads\/2023\/12\/louer-mobil-home-perpignan.webp\" alt=\"mieten mobilheim g&#xFC;nstig collioure\" class=\"wp-image-2708254\" srcset=\"https:\/\/www.camping-le-calagogo.fr\/wp-content\/uploads\/2023\/12\/louer-mobil-home-perpignan.webp 1800w, https:\/\/www.camping-le-calagogo.fr\/wp-content\/uploads\/2023\/12\/louer-mobil-home-perpignan-300x200.webp 300w, https:\/\/www.camping-le-calagogo.fr\/wp-content\/uploads\/2023\/12\/louer-mobil-home-perpignan-1024x683.webp 1024w, https:\/\/www.camping-le-calagogo.fr\/wp-content\/uploads\/2023\/12\/louer-mobil-home-perpignan-768x512.webp 768w, https:\/\/www.camping-le-calagogo.fr\/wp-content\/uploads\/2023\/12\/louer-mobil-home-perpignan-1536x1024.webp 1536w\" sizes=\"(max-width: 1800px) 100vw, 1800px\" \/><\/figure>\n<\/div>\n\n\n\n<div class=\"wp-block-column is-vertically-aligned-center second is-layout-flow wp-block-column-is-layout-flow\" style=\"flex-basis:33.3%\">\n<h2 class=\"ls__heading wp-block-heading\">G\u00fcnstige Unterk\u00fcnfte in der N\u00e4he von Collioure<\/h2>\n\n\n\n<p class=\"ls-paragraph\">Camper haben die Wahl zwischen mehreren gut ausgestatteten Mobilheimen mit komfortablen Wohnbereichen.<\/p>\n\n\n\n<p class=\"ls-paragraph\">Diese <a href=\"https:\/\/www.camping-le-calagogo.fr\/de\/camping-collioure\/mobilheim\/\" data-type=\"page\" data-id=\"86\">Mobilheimvermietungen in Collioure<\/a> bieten Platz f\u00fcr zwei bis acht Personen, mit einer Vielzahl an Zimmern von einem bis vier.<\/p>\n<\/div>\n<\/div>\n\n\r\n    <\/div>\r\n<\/section><section id=\"ls-section-block_a5fe63c10cd7dbaa70c3022280defeae\" class=\"ls-section  page-two mosaique has-background has-color-4-background-color has-p-t p-t-14 has-p-b p-b-14\" >\r\n        <div class=\"container container--wide\">\r\n        \n\n<div class=\"wp-block-columns is-layout-flex wp-container-core-columns-is-layout-9d6595d7 wp-block-columns-is-layout-flex\">\n<div class=\"wp-block-column is-vertically-aligned-center is-layout-flow wp-block-column-is-layout-flow\">\n<ul class=\"ls-list wp-block-list\">\n<li>Mobilheim Rivesaltes f\u00fcr zwei bis drei Personen: ein Schlafzimmer<\/li>\n\n\n\n<li>Mobilheim Caramany f\u00fcr vier Personen mit Baby: zwei Schlafzimmer<\/li>\n\n\n\n<li>Mobilheim PMR f\u00fcr vier Personen mit Baby<\/li>\n\n\n\n<li>Mobilheim Banuylis f\u00fcr vier Personen mit Baby: zwei Schlafzimmer und zwei B\u00e4der<\/li>\n\n\n\n<li>Mobilheim Muscat f\u00fcr sechs Personen mit Baby: drei Schlafzimmer und zwei B\u00e4der<\/li>\n\n\n\n<li>Mobilheim f\u00fcr f\u00fcnf Personen mit Baby: zwei Schlafzimmer<\/li>\n\n\n\n<li>Mobilheim f\u00fcr f\u00fcnf bis sechs Personen: zwei Schlafzimmer<\/li>\n\n\n\n<li>Maury-Mobilheim f\u00fcr sieben bis acht Personen: vier Schlafzimmer und zwei B\u00e4der.<\/li>\n<\/ul>\n\n\n\n<p class=\"ls-paragraph addReadMore showlesscontent [08:23]\">Der <strong>g\u00fcnstige Campingplatz Collioure<\/strong> gew\u00e4hrt dar\u00fcber hinaus verschiedene Preisnachl\u00e4sse. Camper, die f\u00fcr vier Wochen buchen, erhalten eine Erm\u00e4\u00dfigung von -30 %; die Erm\u00e4\u00dfigung betr\u00e4gt -20 % f\u00fcr diejenigen, die f\u00fcr drei Wochen buchen.<\/p>\n<\/div>\n\n\n\n<div class=\"wp-block-column is-vertically-aligned-center is-layout-flow wp-block-column-is-layout-flow\">\n<figure class=\"wp-block-image size-full\"><img decoding=\"async\" width=\"1800\" height=\"1200\" src=\"https:\/\/www.camping-le-calagogo.fr\/wp-content\/uploads\/2023\/12\/camping-cala-gogo-a-saint-cyprien-avec-mobil-homes_resultat.webp\" alt=\"camping billig collioure\" class=\"wp-image-2708098\" srcset=\"https:\/\/www.camping-le-calagogo.fr\/wp-content\/uploads\/2023\/12\/camping-cala-gogo-a-saint-cyprien-avec-mobil-homes_resultat.webp 1800w, https:\/\/www.camping-le-calagogo.fr\/wp-content\/uploads\/2023\/12\/camping-cala-gogo-a-saint-cyprien-avec-mobil-homes_resultat-300x200.webp 300w, https:\/\/www.camping-le-calagogo.fr\/wp-content\/uploads\/2023\/12\/camping-cala-gogo-a-saint-cyprien-avec-mobil-homes_resultat-1024x683.webp 1024w, https:\/\/www.camping-le-calagogo.fr\/wp-content\/uploads\/2023\/12\/camping-cala-gogo-a-saint-cyprien-avec-mobil-homes_resultat-768x512.webp 768w, https:\/\/www.camping-le-calagogo.fr\/wp-content\/uploads\/2023\/12\/camping-cala-gogo-a-saint-cyprien-avec-mobil-homes_resultat-1536x1024.webp 1536w\" sizes=\"(max-width: 1800px) 100vw, 1800px\" \/><\/figure>\n<\/div>\n<\/div>\n\n\r\n    <\/div>\r\n<\/section><section id=\"ls-section-block_7679cce21ea3d3df023f0abf6ceca8ce\" class=\"ls-section  section-parallax has-background-image has-background has-color-black-background-color has-p-t p-t-14 has-p-b p-b-0\" >\r\n    <div class=\"ls-section__background-image opacity-58\"><img decoding=\"async\" src=\"https:\/\/www.camping-le-calagogo.fr\/wp-content\/uploads\/2023\/12\/emplacement-meilleur-prix-collioure.webp\" alt=\"\"><\/div>    <div class=\"container container--wide\">\r\n        \n\n<div class=\"wp-block-columns has-color-white-background-color has-background is-layout-flex wp-container-core-columns-is-layout-9d6595d7 wp-block-columns-is-layout-flex\">\n<div class=\"wp-block-column is-layout-flow wp-block-column-is-layout-flow\">\n<p class=\"ls-paragraph has-text-align-center\">In Bezug auf die Stellpl\u00e4tze bietet die Einrichtung zwei Pauschalen an:<\/p>\n\n\n\n<div class=\"wp-block-columns is-layout-flex wp-container-core-columns-is-layout-9d6595d7 wp-block-columns-is-layout-flex\">\n<div class=\"wp-block-column is-layout-flow wp-block-column-is-layout-flow\">\n<p class=\"ls-paragraph\"><strong>Pauschale &#8222;Standard&#8220;<\/strong><\/p>\n\n\n\n<p class=\"ls-paragraph\">Der Stellplatz bietet Platz f\u00fcr ein Auto und zwei Personen und ist mit einem 10A Stromanschluss ausgestattet. Au\u00dferdem sind unsere Stellpl\u00e4tze f\u00fcr Menschen mit eingeschr\u00e4nkter Mobilit\u00e4t zug\u00e4nglich.<\/p>\n<\/div>\n\n\n\n<div class=\"wp-block-column is-layout-flow wp-block-column-is-layout-flow\">\n<p class=\"ls-paragraph\"><strong>Pauschale &#8222;Komfort&#8220;<\/strong><\/p>\n\n\n\n<p class=\"ls-paragraph\">Auch hier bietet der Stellplatz Platz f\u00fcr zwei Personen und ein Auto und verf\u00fcgt \u00fcber einen 10-A-Stromanschluss. Hinzu kommen ein Wasseranschluss und ein Abwassersystem. Dies ist ideal f\u00fcr einen preisg\u00fcnstigen Campingurlaub in der Nebensaison mit der ganzen Familie auf einem unserer Camping-Stellpl\u00e4tze f\u00fcr Zelte und Wohnmobile, bei dem Ihr Budget nicht \u00fcberschritten wird.<\/p>\n<\/div>\n<\/div>\n<\/div>\n<\/div>\n\n\r\n    <\/div>\r\n<\/section><section id=\"ls-section-block_257ab52eecd430a33e8d088c781c434f\" class=\"ls-section  page-one has-p-t p-t-14 has-p-b p-b-14\" >\r\n        <div class=\"container container--wide\">\r\n        \n\n<div class=\"wp-block-columns is-layout-flex wp-container-core-columns-is-layout-9d6595d7 wp-block-columns-is-layout-flex\">\n<div class=\"wp-block-column is-vertically-aligned-center first is-layout-flow wp-block-column-is-layout-flow\" style=\"flex-basis:66.7%\">\n<figure class=\"wp-block-image size-full\"><img decoding=\"async\" width=\"1600\" height=\"1200\" src=\"https:\/\/www.camping-le-calagogo.fr\/wp-content\/uploads\/2023\/12\/camping-bord-mer-collioure.webp\" alt=\"campingplatz am meer collioure\" class=\"wp-image-2629949\" srcset=\"https:\/\/www.camping-le-calagogo.fr\/wp-content\/uploads\/2023\/12\/camping-bord-mer-collioure.webp 1600w, https:\/\/www.camping-le-calagogo.fr\/wp-content\/uploads\/2023\/12\/camping-bord-mer-collioure-300x225.webp 300w, https:\/\/www.camping-le-calagogo.fr\/wp-content\/uploads\/2023\/12\/camping-bord-mer-collioure-1024x768.webp 1024w, https:\/\/www.camping-le-calagogo.fr\/wp-content\/uploads\/2023\/12\/camping-bord-mer-collioure-768x576.webp 768w, https:\/\/www.camping-le-calagogo.fr\/wp-content\/uploads\/2023\/12\/camping-bord-mer-collioure-1536x1152.webp 1536w\" sizes=\"(max-width: 1600px) 100vw, 1600px\" \/><\/figure>\n<\/div>\n\n\n\n<div class=\"wp-block-column is-vertically-aligned-center second is-layout-flow wp-block-column-is-layout-flow\" style=\"flex-basis:33.3%\">\n<h2 class=\"ls__heading wp-block-heading\">Camping Collioure Strandpromenade billig<\/h2>\n\n\n\n<p class=\"ls-paragraph\">Der <a href=\"https:\/\/www.camping-le-calagogo.fr\/de\/camping-collioure\/\" data-type=\"page\" data-id=\"2283\">Campingplatz Le Cala Gogo in Collioure<\/a> ist ideal f\u00fcr einen Aufenthalt am Meer mit der Familie oder mit Freunden. Mit einem direkten Zugang zum Mittelmeer verspricht dieses F\u00fcnf-Sterne-Haus einen angenehmen und unvergesslichen Aufenthalt.<\/p>\n\n\n\n<p class=\"ls-paragraph\">Vom preisg\u00fcnstigen <strong>Campingplatz Collioure<\/strong> aus erreichen Sie den Strand ganz einfach \u00fcber einen langen Holzsteg, der an die Promenade des Anglais in Nizza erinnert.<\/p>\n\n\n\n<p class=\"ls-paragraph addReadMore showlesscontent [08:23]\">Die Str\u00e4nde werden in den Monaten Juli und August \u00fcberwacht, was Sie beruhigen sollte, wenn Sie mit Kindern kommen wollen. Au\u00dferdem k\u00f6nnen FKK-Anh\u00e4nger von einem eigenen Strand profitieren, der sich in einer diskreten Ecke nur wenige hundert Meter vom <a href=\"https:\/\/www.camping-le-calagogo.fr\/de\/camping-collioure\/pool\/\" data-type=\"page\" data-id=\"70\">Camping Collioure mit Pool<\/a> entfernt befindet.<\/p>\n<\/div>\n<\/div>\n\n\r\n    <\/div>\r\n<\/section><section id=\"ls-section-block_a5fe63c10cd7dbaa70c3022280defeae\" class=\"ls-section  page-two mosaique has-background has-color-4-background-color has-p-t p-t-14 has-p-b p-b-14\" >\r\n        <div class=\"container container--wide\">\r\n        \n\n<div class=\"wp-block-columns is-layout-flex wp-container-core-columns-is-layout-9d6595d7 wp-block-columns-is-layout-flex\">\n<div class=\"wp-block-column is-vertically-aligned-center is-layout-flow wp-block-column-is-layout-flow\">\n<h2 class=\"ls__heading wp-block-heading\">Profitieren Sie von den besten Angeboten und Aktionen<\/h2>\n\n\n\n<p class=\"ls-paragraph\">Einen sch\u00f6nen Urlaub am Meer zu genie\u00dfen, ohne sich zu ruinieren, ist m\u00f6glich. Auf dem Campingplatz Le Cala-Gogo werden Ihnen mehrere Sonderangebote unterbreitet.<\/p>\n\n\n\n<ul class=\"ls-list wp-block-list\">\n<li><strong>Erm\u00e4\u00dfigung von -10 % auf Mobilheime und Stellpl\u00e4tze :<\/strong> Dieses Sonderangebot gilt vom 13. Juni bis 1\u1d49\u02b3 August f\u00fcr einen Aufenthalt von mindestens sieben Tagen.<\/li>\n\n\n\n<li><strong>Erm\u00e4\u00dfigung von -30% auf Mobilheime und Stellpl\u00e4tze :<\/strong><br\/>Dieses Angebot ist f\u00fcr einen 28-t\u00e4gigen Aufenthalt zwischen dem 4. April und dem 4. Juli sowie zwischen dem 29. August und dem 26. September erh\u00e4ltlich, wobei die letzte Woche geschenkt wird.<\/li>\n\n\n\n<li><strong>Erm\u00e4\u00dfigung von -20 % auf Mobilheime und Stellpl\u00e4tze :<\/strong> Dieses Angebot ist f\u00fcr einen 28-t\u00e4gigen Aufenthalt zwischen dem 4. April und dem 4. Juli sowie zwischen dem 29. August und dem 26. September erh\u00e4ltlich, wobei die letzte Woche geschenkt wird.<\/li>\n\n\n\n<li><strong>Kostenlose Bearbeitungsgeb\u00fchr:<\/strong> Wenn Sie einen Zeitraum von mindestens zwei Tagen auf dem <strong>g\u00fcnstigen Campingplatz Collioure<\/strong> buchen und eine Anzahlung von 30 % der Gesamtkosten des Aufenthalts leisten, k\u00f6nnen Sie dieses Sonderangebot in Anspruch nehmen. Sie ist vom 4. April bis zum 5. Juli 2020 und vom 29. August bis zum 26. September g\u00fcltig.<\/li>\n<\/ul>\n<\/div>\n\n\n\n<div class=\"wp-block-column is-vertically-aligned-center is-layout-flow wp-block-column-is-layout-flow\">\n<figure class=\"wp-block-image size-full\"><img decoding=\"async\" width=\"1800\" height=\"1200\" src=\"https:\/\/www.camping-le-calagogo.fr\/wp-content\/uploads\/2023\/12\/emplacement-pas-cher-collioure.webp\" alt=\"g&#xFC;nstiger Stellplatz collioure\" class=\"wp-image-2629941\" srcset=\"https:\/\/www.camping-le-calagogo.fr\/wp-content\/uploads\/2023\/12\/emplacement-pas-cher-collioure.webp 1800w, https:\/\/www.camping-le-calagogo.fr\/wp-content\/uploads\/2023\/12\/emplacement-pas-cher-collioure-300x200.webp 300w, https:\/\/www.camping-le-calagogo.fr\/wp-content\/uploads\/2023\/12\/emplacement-pas-cher-collioure-1024x683.webp 1024w, https:\/\/www.camping-le-calagogo.fr\/wp-content\/uploads\/2023\/12\/emplacement-pas-cher-collioure-768x512.webp 768w, https:\/\/www.camping-le-calagogo.fr\/wp-content\/uploads\/2023\/12\/emplacement-pas-cher-collioure-1536x1024.webp 1536w\" sizes=\"(max-width: 1800px) 100vw, 1800px\" \/><\/figure>\n<\/div>\n<\/div>\n\n\r\n    <\/div>\r\n<\/section><section id=\"ls-section-block_6959ea4a7771192c164578458a8fb3a3\" class=\"ls-section  page-maillage has-p-b p-b-14\" >\r\n        <div class=\"container container--wide\">\r\n        \n\n<div id=\"ls-heading ls-titre-div-block_deb496db5d6c24a4982c528c083160a0\" class=\"ls-titre-div m-left h2-like\" >\n    Das Schwimmbad und die Mobilheime <\/br>auf dem Campingplatz in Collioure<\/div>\n\n\n<div id=\"ls-maillage-block_3c6405460a006d6bf24a0577ba52e9ba\" class=\"ls-maillage cta-style-normal\" data-rows=\"3\">\n    <div class=\"wp-block-columns  \"><div class=\"wp-block-column\"><div id=\"destinations\" class=\"ls-cta\">\n\n<a href=\"https:\/\/www.camping-le-calagogo.fr\/de\/camping-collioure\/pool\/\" target=\"\" rel=\"noopener\" class=\"ls-cta__link\">\n\n\t<div class=\"ls-cta__image\"><img decoding=\"async\" src=\"https:\/\/www.camping-le-calagogo.fr\/wp-content\/uploads\/2023\/12\/piscine-chauffee-perpignan.webp\" alt=\"\"><\/div>\n\t<div class=\"ls-cta__title\">\n\t\tCamping Schwimmbad Collioure\t<\/div>\n\t\n\t\t\n<\/a><\/div><\/div><div class=\"wp-block-column\"><div id=\"destinations\" class=\"ls-cta\">\n\n<a href=\"https:\/\/www.camping-le-calagogo.fr\/de\/camping-collioure\/mobilheim\/\" target=\"\" rel=\"noopener\" class=\"ls-cta__link\">\n\n\t<div class=\"ls-cta__image\"><img decoding=\"async\" src=\"https:\/\/www.camping-le-calagogo.fr\/wp-content\/uploads\/2023\/12\/louer-mobil-home-perpignan.webp\" alt=\"louer mobil home\"><\/div>\n\t<div class=\"ls-cta__title\">\n\t\tMobilheime Collioure\t<\/div>\n\t\n\t\t\n<\/a><\/div><\/div><div class=\"wp-block-column\"><div id=\"destinations\" class=\"ls-cta\">\n\n<a href=\"https:\/\/www.camping-le-calagogo.fr\/de\/tourismus-collioure\/\" target=\"\" rel=\"noopener\" class=\"ls-cta__link\">\n\n\t<div class=\"ls-cta__image\"><img decoding=\"async\" src=\"https:\/\/www.camping-le-calagogo.fr\/wp-content\/uploads\/2023\/12\/tourisme-collioure.webp\" alt=\"\"><\/div>\n\t<div class=\"ls-cta__title\">\n\t\tCollioure\t<\/div>\n\t\n\t\t\n<\/a><\/div><\/div><\/div><\/div>\n\r\n    <\/div>\r\n<\/section>","protected":false},"excerpt":{"rendered":"","protected":false},"author":1,"featured_media":2629971,"parent":2708675,"menu_order":0,"comment_status":"closed","ping_status":"closed","template":"","meta":{"_acf_changed":false,"_seopress_robots_primary_cat":"","_seopress_titles_title":"Camping Collioure | Sonderangebot Campingaufenthalt in Collioure","_seopress_titles_desc":"","_seopress_robots_index":"","inline_featured_image":false,"footnotes":""},"sujet":[],"class_list":["post-2708485","page","type-page","status-publish","has-post-thumbnail","hentry"],"acf":[],"_links":{"self":[{"href":"https:\/\/www.camping-le-calagogo.fr\/de\/wp-json\/wp\/v2\/pages\/2708485","targetHints":{"allow":["GET"]}}],"collection":[{"href":"https:\/\/www.camping-le-calagogo.fr\/de\/wp-json\/wp\/v2\/pages"}],"about":[{"href":"https:\/\/www.camping-le-calagogo.fr\/de\/wp-json\/wp\/v2\/types\/page"}],"author":[{"embeddable":true,"href":"https:\/\/www.camping-le-calagogo.fr\/de\/wp-json\/wp\/v2\/users\/1"}],"replies":[{"embeddable":true,"href":"https:\/\/www.camping-le-calagogo.fr\/de\/wp-json\/wp\/v2\/comments?post=2708485"}],"version-history":[{"count":9,"href":"https:\/\/www.camping-le-calagogo.fr\/de\/wp-json\/wp\/v2\/pages\/2708485\/revisions"}],"predecessor-version":[{"id":2832342,"href":"https:\/\/www.camping-le-calagogo.fr\/de\/wp-json\/wp\/v2\/pages\/2708485\/revisions\/2832342"}],"up":[{"embeddable":true,"href":"https:\/\/www.camping-le-calagogo.fr\/de\/wp-json\/wp\/v2\/pages\/2708675"}],"wp:featuredmedia":[{"embeddable":true,"href":"https:\/\/www.camping-le-calagogo.fr\/de\/wp-json\/wp\/v2\/media\/2629971"}],"wp:attachment":[{"href":"https:\/\/www.camping-le-calagogo.fr\/de\/wp-json\/wp\/v2\/media?parent=2708485"}],"wp:term":[{"taxonomy":"sujet","embeddable":true,"href":"https:\/\/www.camping-le-calagogo.fr\/de\/wp-json\/wp\/v2\/sujet?post=2708485"}],"curies":[{"name":"wp","href":"https:\/\/api.w.org\/{rel}","templated":true}]}}