{"id":2708499,"date":"2023-10-18T09:40:41","date_gmt":"2023-10-18T07:40:41","guid":{"rendered":"https:\/\/www.camping-le-calagogo.fr\/camping-pas-cher-argeles-sur-mer\/"},"modified":"2024-02-02T09:07:16","modified_gmt":"2024-02-02T08:07:16","slug":"camping-billig-argeles-sur-mer","status":"publish","type":"page","link":"https:\/\/www.camping-le-calagogo.fr\/de\/camping-argeles-sur-mer\/camping-billig-argeles-sur-mer\/","title":{"rendered":"Campingplatz Argeles sur mer, Frankreich"},"content":{"rendered":"<section id=\"ls-section-block_41bef8f57de40a510e3beb3e27ce918a\" class=\"ls-section  page-chapeau deco has-p-b p-b-4\" >\r\n        <div class=\"container \">\r\n        \n\n<h1 class=\"ls__heading wp-block-heading has-text-align-center\">Camping billig Argel\u00e8s-sur-mer <br\/><strong>in den Pyr\u00e9n\u00e9es-Orientales<\/strong><\/h1>\n\n\r\n    <\/div>\r\n<\/section><section id=\"ls-section-block_aadeecf3c5cc7a501e09c300bb576998\" class=\"ls-section \" >\r\n        <div class=\"container container--wide\">\r\n        \n\n<script>\n    window.ctoutvert = {\n\t\tid: 2224, \n\t\tlang: 'auto', \n\t\turl: 'https:\/\/reservation.secureholiday.net\/widgets\/'\n    };\n\n    (function (w, d, s, ctv, r, js, fjs) {\n        r=new XMLHttpRequest();r.open('GET',w[ctv].url+'js\/src.json');\n        r.responseType='json';r.json=true;r.send();\n        r.onload=function(){w[ctv].src=r.responseType=='json'?r.response:JSON.parse(r.response);\n        js.src=w[ctv].src[0];fjs.parentNode.insertBefore(js, fjs);}\n        js=d.createElement(s),fjs=d.getElementsByTagName(s)[0];\n        js.id='ctvwidget';js.async=1;\n    }(window, document, 'script', 'ctoutvert'));\n<\/script>\n<ctv-availability data-background-color=\"#FFFFFFFF\"><\/ctv-availability>\n\n\r\n    <\/div>\r\n<\/section><section id=\"ls-section-block_8edd8dfdd5a431b2b0baad0d10225887\" class=\"ls-section  page-one mosaique has-background has-color-4-background-color has-p-t p-t-14 has-p-b p-b-14\" >\r\n        <div class=\"container container--wide\">\r\n        \n\n<div class=\"wp-block-columns is-layout-flex wp-container-core-columns-is-layout-9d6595d7 wp-block-columns-is-layout-flex\">\n<div class=\"wp-block-column m-r-4 is-layout-flow wp-block-column-is-layout-flow\">\n<h2 class=\"ls__heading wp-block-heading\">Profitieren Sie von Sonderangeboten f\u00fcr Ihren Aufenthalt in Argel\u00e8s<\/h2>\n\n\n\n<p class=\"ls-paragraph\">Auf dem <a href=\"https:\/\/www.camping-le-calagogo.fr\/de\/camping-argeles-sur-mer\/\" data-type=\"page\" data-id=\"2272\">Campingplatz in der N\u00e4he von Argel\u00e8s-sur-Mer<\/a> haben Sie alles, was Sie f\u00fcr einen traumhaften Familienurlaub brauchen!<\/p>\n\n\n\n<p class=\"ls-paragraph\">In einer <strong>traumhaften Umgebung am Meer<\/strong> k\u00f6nnen Sie zum besten Preis in einem klimatisierten Mobilheim \u00fcbernachten oder mit dem Wohnwagen campen, nur wenige Schritte vom herrlichen Naturschutzgebiet Mas Larrieu entfernt. Kontaktieren Sie uns f\u00fcr <strong>weitere Informationen<\/strong> zu den Preisen je nach gew\u00e4hlter Unterkunft und Zeitraum. <\/p>\n<\/div>\n\n\n\n<div class=\"wp-block-column m-l-4 is-layout-flow wp-block-column-is-layout-flow\">\n<h2 class=\"ls__heading wp-block-heading\">Camping Camping Argel\u00e8s-sur-Mer g\u00fcnstig mieten<\/h2>\n\n\n\n<p class=\"ls-paragraph\">Willkommen in den Pyr\u00e9n\u00e9es Orientales in Okzitanien, ganz in der N\u00e4he von Collioure und <a href=\"https:\/\/www.camping-le-calagogo.fr\/de\/camping-argeles-sur-mer\/tourismus-argeles-sur-mer\/\" data-type=\"page\" data-id=\"134\">Argel\u00e8s sur Mer<\/a>. Ob Sie in einem Mobilheim oder auf einem unserer Camping-Stellpl\u00e4tze \u00fcbernachten, Sie werden vom Komfort unserer Unterk\u00fcnfte begeistert sein.<\/p>\n\n\n\n<p class=\"ls-paragraph\">Im Herzen des g\u00fcnstigen Campings in der N\u00e4he von Argel\u00e8s mit direktem Zugang zum Strand erleichtert Ihnen eine Vielzahl von Serviceleistungen das Leben, damit Sie jede Minute Ihres Aufenthalts genie\u00dfen k\u00f6nnen. Alles in allem das <strong>beste Preis-Leistungs-Verh\u00e4ltnis<\/strong>. Ein Minimarkt zum Einkaufen oder ein Restaurant mit Gerichten zum Mitnehmen, um Zeit auf der Stra\u00dfe und in der K\u00fcche zu sparen.<\/p>\n\n\n\n<p class=\"ls-paragraph\">Ganz zu schweigen von der riesigen bewachten <a href=\"https:\/\/www.camping-le-calagogo.fr\/de\/camping-argeles-sur-mer\/camping-pool-argeles-sur-mer\/\" data-type=\"page\" data-id=\"62\">Badelandschaft<\/a> und einer Vielzahl anderer Aktivit\u00e4ten, die es zu entdecken gilt. Und das alles zu einem <strong>g\u00fcnstigen Preis<\/strong>, damit Sie die 5-Sterne-Qualit\u00e4t zum kleinen Preis genie\u00dfen k\u00f6nnen. Wir bieten sowohl im Juli\/August als auch in der Nebensaison g\u00fcnstige Preise an.<\/p>\n<\/div>\n<\/div>\n\n\r\n    <\/div>\r\n<\/section><section id=\"ls-section-block_aadeecf3c5cc7a501e09c300bb576998\" class=\"ls-section \" >\r\n        <div class=\"container container--wide\">\r\n        \n\n<div class=\"wp-block-columns is-layout-flex wp-container-core-columns-is-layout-9d6595d7 wp-block-columns-is-layout-flex\">\n<div class=\"wp-block-column m-r-4 is-layout-flow wp-block-column-is-layout-flow\">\n<h2 class=\"ls__heading wp-block-heading has-text-align-left\">Sonderangebote und Aktionen in Argel\u00e8s-sur-mer<\/h2>\n\n\n\n<p class=\"ls-paragraph has-text-align-left\">Tr\u00e4umen Sie davon, aus dem Alltag auszubrechen und auf andere Gedanken zu kommen, indem Sie auf einem <strong>Campingplatz in Argel\u00e8s<\/strong> einen Tapetenwechsel vornehmen? Dann z\u00f6gern Sie nicht.<\/p>\n\n\n\n<ul class=\"ls-list wp-block-list\">\n<li>Erhalten Sie <strong>10% Rabatt<\/strong> bei <strong>Fr\u00fchbucherrabatt<\/strong> <\/li>\n\n\n\n<li>Im April, Mai, Juni und September buchen Sie ohne jegliche Bearbeitungsgeb\u00fchren und entdecken Sie <strong>zahlreiche Sonderangebote f\u00fcr Ihren Aufenthalt<\/strong>.<\/li>\n\n\n\n<li>Der g\u00fcnstige Campingplatz Cala-Gogo in Argel\u00e8s-sur-Mer ist auch Partner einer Tauchschule, so dass Sie zum Beispiel an einem Wochenende viel Geld sparen k\u00f6nnen, wenn Sie die <strong>Unterwasserwelt erkunden<\/strong> und gleichzeitig eine komfortable Unterkunft auf einem g\u00fcnstigen Campingplatz inmitten der gr\u00fcnen Natur suchen.<\/li>\n<\/ul>\n\n\n\n<p class=\"ls-paragraph has-text-align-left\">Z\u00f6gern Sie nicht, unseren Buchungs-Gateway zu durchsuchen, um unsere neuesten <a href=\"https:\/\/www.camping-le-calagogo.fr\/de\/camping-billig-languedoc-roussillon\/\" data-type=\"page\" data-id=\"2178\">Sonderangebote in Languedoc-Roussillon<\/a> zu finden und so von <strong>unseren g\u00fcnstigen Preisen<\/strong> zu profitieren und bei Ihrem Urlaub in Argel\u00e8s-sur-Mer Geld zu sparen.<\/p>\n<\/div>\n\n\n\n<div class=\"wp-block-column m-l-4 is-layout-flow wp-block-column-is-layout-flow\">\n<h2 class=\"ls__heading wp-block-heading\">Mieten Sie einen g\u00fcnstigen Stellplatz in Argeles<\/h2>\n\n\n\n<p class=\"ls-paragraph\">Profitieren Sie von den besten Preisen, wenn Sie <a href=\"https:\/\/www.camping-le-calagogo.fr\/de\/camping-argeles-sur-mer\/stellplatz-caravaning-argeles-sur-mer\/\" data-type=\"page\" data-id=\"94\">einen Stellplatz in Argel\u00e8s-sur-Mer<\/a> (2 Personen und 1 Auto) oder ein Mobilheim (2 bis 8 Personen) f\u00fcr ein Wochenende, eine Woche oder vierzehn Tage mieten. F\u00fcr einen garantierten Urlaub zum besten Preis entsprechend Ihrem Budget haben Sie die Wahl zwischen vier Paketen, wobei die Preise je nach Saison variieren :<\/p>\n\n\n\n<ul class=\"ls-list wp-block-list\">\n<li><strong>Camping Standard- oder Komfort-Stellpl\u00e4tze<\/strong>, M\u00f6glichkeit, einen K\u00fchlschrank und einen Gasgrill zu mieten<\/li>\n\n\n\n<li><strong>Elektrisch<\/strong>, oder Mobilheim mit Terrasse und Privatparkplatz<\/li>\n\n\n\n<li><strong>Hoher Komfort:<\/strong> klimatisiertes Mobilheim, \u00fcberdachte Terrasse, Fernseher<\/li>\n\n\n\n<li><strong>Privileg:<\/strong> klimatisiertes Mobilheim mit Fernseher, Bettw\u00e4sche, Geschirrsp\u00fcler<\/li>\n\n\n\n<li><strong>Prestige:<\/strong> klimatisiertes Mobilheim mit Fernseher grand luxe mit 2 Badezimmern, 3 oder 4 Schlafzimmern<\/li>\n\n\n\n<li><strong>PMR:<\/strong> Mobilheim, das Personen mit eingeschr\u00e4nkter Mobilit\u00e4t gewidmet ist, klimatisiert, Fernseher<\/li>\n<\/ul>\n\n\n\n<p class=\"ls-paragraph\">Die bis zu 100 m\u00b2 gro\u00dfen Stellpl\u00e4tze sind durch h\u00fcbsche Blumenhecken abgegrenzt, damit die Privatsph\u00e4re gewahrt bleibt und Sie Ihren <strong>Urlaub in aller Ruhe genie\u00dfen<\/strong> k\u00f6nnen. Z\u00f6gern Sie nicht l\u00e4nger und buchen Sie Ihren Urlaub auf dem Campingplatz Calagogo im S\u00fcden.<\/p>\n\n\n\n<p class=\"ls-paragraph\">Profitieren Sie auch von unseren <a href=\"https:\/\/www.camping-le-calagogo.fr\/de\/camping-acsi-saint-cyprien\/\" data-type=\"page\" data-id=\"118\">ACSI-<\/a>, <a href=\"https:\/\/www.camping-le-calagogo.fr\/de\/camping-adac-saint-cyprien\/\" data-type=\"page\" data-id=\"122\">ADAC-<\/a> und <a href=\"https:\/\/www.camping-le-calagogo.fr\/de\/camping-anwb-saint-cyprien\/\" data-type=\"page\" data-id=\"126\">ANWB-Karten<\/a>.<\/p>\n<\/div>\n<\/div>\n\n\r\n    <\/div>\r\n<\/section><section id=\"ls-section-block_8edd8dfdd5a431b2b0baad0d10225887\" class=\"ls-section  page-one mosaique has-background has-color-4-background-color has-p-t p-t-14 has-p-b p-b-14\" >\r\n        <div class=\"container container--wide\">\r\n        \n\n<h2 class=\"ls__heading wp-block-heading has-text-align-center\">Mobilheim Argel\u00e8s-sur-Mer G\u00fcnstig<\/h2>\n\n\n\n<div class=\"wp-block-columns is-layout-flex wp-container-core-columns-is-layout-9d6595d7 wp-block-columns-is-layout-flex\">\n<div class=\"wp-block-column m-r-4 is-layout-flow wp-block-column-is-layout-flow\">\n<p class=\"ls-paragraph has-text-align-left\">Zu den zahlreichen auf dem <a href=\"https:\/\/www.camping-le-calagogo.fr\/de\/\" data-type=\"page\" data-id=\"9\">Campingplatz Le Cala Gogo<\/a> verf\u00fcgbaren Unterk\u00fcnften geh\u00f6rt auch ein 19,5 m\u00b2 gro\u00dfes <a href=\"https:\/\/www.camping-le-calagogo.fr\/de\/camping-argeles-sur-mer\/vermietung-mobil-home-argeles\/\" data-type=\"page\" data-id=\"78\">Mobilheim Argel\u00e8s-sur-Mer<\/a>, das sich perfekt f\u00fcr einen romantischen Aufenthalt zu zweit eignet. Das Mietobjekt verf\u00fcgt n\u00e4mlich \u00fcber ein Schlafzimmer mit Doppelbett und angrenzendem Badezimmer. Den Campern stehen au\u00dferdem eine voll ausgestattete K\u00fcche, ein Wohnzimmer mit Sitzbank und Fernseher sowie Gartenm\u00f6bel mit Liegest\u00fchlen zur Verf\u00fcgung.<\/p>\n\n\n\n<p class=\"ls-paragraph has-text-align-left\">Die meisten verf\u00fcgbaren Mobilheime haben eine gr\u00f6\u00dfere Schlafkapazit\u00e4t &#8211; drei oder vier Schlafzimmer f\u00fcr vier bis sechs Personen. F\u00fcr noch mehr Komfort k\u00f6nnen Sie die &#8222;Prestige&#8220;-Reihe buchen, deren Modelle au\u00dferdem \u00fcber zwei Badezimmer verf\u00fcgen. Das gr\u00f6\u00dfte und prestigetr\u00e4chtigste dieser Mobilheime ist zweifellos das Maury. Mit einer Fl\u00e4che von 41 m\u00b2 besteht die Unterkunft aus vier Schlafzimmern und bietet Platz f\u00fcr sieben bis acht Personen.<\/p>\n<\/div>\n\n\n\n<div class=\"wp-block-column m-l-4 is-layout-flow wp-block-column-is-layout-flow\">\n<p class=\"ls-paragraph has-text-align-left\">Interessant ist auch, dass die F\u00fcnf-Sterne-Anlage Sonderangebote anbietet, die gleicherma\u00dfen f\u00fcr Mobilheime wie f\u00fcr Zelt- und Wohnwagenpl\u00e4tze gelten. Profitieren Sie von der Sonderaktion <strong>&#8222;Meer &#8211; Sonne&#8220;<\/strong> f\u00fcr Ihre Unterkunft :<\/p>\n\n\n\n<ul class=\"ls-list wp-block-list\">\n<li><strong>Profitieren Sie von -30% <\/strong>: 4 Wochen = 3 gekaufte Wochen + 1 geschenkte Woche<\/li>\n\n\n\n<li><strong>Buchen Sie 3 Wochen<\/strong> = 2 Wochen gekauft + 1 Woche geschenkt! 20% Rabatt<\/li>\n<\/ul>\n\n\n\n<p class=\"ls-paragraph has-text-align-center\"><em>G\u00fcltig im Mai, Juni und September<\/em> &#8211; <em>Angebot nicht kumulierbar<\/em><\/p>\n<\/div>\n<\/div>\n\n\r\n    <\/div>\r\n<\/section><section id=\"ls-section-block_819e9fe3b2ae475cd141b3eb44cfe03a\" class=\"ls-section  page-maillage has-p-b p-b-14\" >\r\n        <div class=\"container container--wide\">\r\n        \n\n<div id=\"ls-heading ls-titre-div-block_c7b32869168050033182ca2c55543014\" class=\"ls-titre-div m-left h2-like\" >\n    Die Mobilheime und Stellpl\u00e4tze <\/br>auf dem Campingplatz in Argel\u00e8s-sur-Mer<\/div>\n\n\n<div id=\"ls-maillage-block_1af6bb1a8278583d8252454d0550111a\" class=\"ls-maillage cta-style-normal\" data-rows=\"3\">\n    <div class=\"wp-block-columns  \"><div class=\"wp-block-column\"><div id=\"destinations\" class=\"ls-cta\">\n\n<a href=\"https:\/\/www.camping-le-calagogo.fr\/de\/camping-argeles-sur-mer\/vermietung-mobil-home-argeles\/\" target=\"\" rel=\"noopener\" class=\"ls-cta__link\">\n\n\t<div class=\"ls-cta__image\"><img decoding=\"async\" src=\"https:\/\/www.camping-le-calagogo.fr\/wp-content\/uploads\/2023\/12\/camping-cala-gogo-a-saint-cyprien-avec-mobil-homes_resultat.webp\" alt=\"location mobil home\"><\/div>\n\t<div class=\"ls-cta__title\">\n\t\tMobilheime\t<\/div>\n\t\n\t\t\n<\/a><\/div><\/div><div class=\"wp-block-column\"><div id=\"destinations\" class=\"ls-cta\">\n\n<a href=\"https:\/\/www.camping-le-calagogo.fr\/de\/camping-argeles-sur-mer\/stellplatz-caravaning-argeles-sur-mer\/\" target=\"\" rel=\"noopener\" class=\"ls-cta__link\">\n\n\t<div class=\"ls-cta__image\"><img decoding=\"async\" src=\"https:\/\/www.camping-le-calagogo.fr\/wp-content\/uploads\/2023\/12\/caravaning-saint-cyprien.webp\" alt=\"\"><\/div>\n\t<div class=\"ls-cta__title\">\n\t\tStandorte\t<\/div>\n\t\n\t\t\n<\/a><\/div><\/div><div class=\"wp-block-column\"><div id=\"destinations\" class=\"ls-cta\">\n\n<a href=\"https:\/\/www.camping-le-calagogo.fr\/de\/camping-mit-schwimmbad-saint-cyprien\/\" target=\"\" rel=\"noopener\" class=\"ls-cta__link\">\n\n\t<div class=\"ls-cta__image\"><img decoding=\"async\" src=\"https:\/\/www.camping-le-calagogo.fr\/wp-content\/uploads\/2023\/12\/espace-aquatique-perpignan.webp\" alt=\"\"><\/div>\n\t<div class=\"ls-cta__title\">\n\t\tWasserbereich\t<\/div>\n\t\n\t\t\n<\/a><\/div><\/div><\/div><\/div>\n\r\n    <\/div>\r\n<\/section>","protected":false},"excerpt":{"rendered":"","protected":false},"author":1,"featured_media":2629893,"parent":2708645,"menu_order":0,"comment_status":"closed","ping_status":"closed","template":"","meta":{"_acf_changed":false,"_seopress_robots_primary_cat":"","_seopress_titles_title":"G\u00fcnstiger Campingplatz Argel\u00e8s-sur-mer | Promo-Campingaufenthalt in Argel\u00e8s","_seopress_titles_desc":"Profitieren Sie von PROMOS auf unserem g\u00fcnstigen Campingplatz in Argel\u00e8s-sur-Mer: g\u00fcnstige Mobilheime f\u00fcr einen g\u00fcnstigen Aufenthalt am Meer!","_seopress_robots_index":"","inline_featured_image":false,"footnotes":""},"sujet":[],"class_list":["post-2708499","page","type-page","status-publish","has-post-thumbnail","hentry"],"acf":[],"_links":{"self":[{"href":"https:\/\/www.camping-le-calagogo.fr\/de\/wp-json\/wp\/v2\/pages\/2708499","targetHints":{"allow":["GET"]}}],"collection":[{"href":"https:\/\/www.camping-le-calagogo.fr\/de\/wp-json\/wp\/v2\/pages"}],"about":[{"href":"https:\/\/www.camping-le-calagogo.fr\/de\/wp-json\/wp\/v2\/types\/page"}],"author":[{"embeddable":true,"href":"https:\/\/www.camping-le-calagogo.fr\/de\/wp-json\/wp\/v2\/users\/1"}],"replies":[{"embeddable":true,"href":"https:\/\/www.camping-le-calagogo.fr\/de\/wp-json\/wp\/v2\/comments?post=2708499"}],"version-history":[{"count":13,"href":"https:\/\/www.camping-le-calagogo.fr\/de\/wp-json\/wp\/v2\/pages\/2708499\/revisions"}],"predecessor-version":[{"id":2830396,"href":"https:\/\/www.camping-le-calagogo.fr\/de\/wp-json\/wp\/v2\/pages\/2708499\/revisions\/2830396"}],"up":[{"embeddable":true,"href":"https:\/\/www.camping-le-calagogo.fr\/de\/wp-json\/wp\/v2\/pages\/2708645"}],"wp:featuredmedia":[{"embeddable":true,"href":"https:\/\/www.camping-le-calagogo.fr\/de\/wp-json\/wp\/v2\/media\/2629893"}],"wp:attachment":[{"href":"https:\/\/www.camping-le-calagogo.fr\/de\/wp-json\/wp\/v2\/media?parent=2708499"}],"wp:term":[{"taxonomy":"sujet","embeddable":true,"href":"https:\/\/www.camping-le-calagogo.fr\/de\/wp-json\/wp\/v2\/sujet?post=2708499"}],"curies":[{"name":"wp","href":"https:\/\/api.w.org\/{rel}","templated":true}]}}