{"id":2708505,"date":"2023-10-18T09:42:16","date_gmt":"2023-10-18T07:42:16","guid":{"rendered":"https:\/\/www.camping-le-calagogo.fr\/camping-acsi-saint-cyprien\/"},"modified":"2023-12-22T00:57:31","modified_gmt":"2023-12-21T23:57:31","slug":"camping-acsi-saint-cyprien","status":"publish","type":"page","link":"https:\/\/www.camping-le-calagogo.fr\/de\/camping-acsi-saint-cyprien\/","title":{"rendered":"ACSI"},"content":{"rendered":"<section id=\"ls-section-block_d6442dec5aff348fb770f46e7ba672a2\" class=\"ls-section  page-chapeau has-p-b p-b-4\" >\r\n        <div class=\"container \">\r\n        \n\n<h1 class=\"ls__heading wp-block-heading has-text-align-center deco\">Camping Acsi<br><strong>in Saint Cyprien Plage<\/strong><\/h1>\n\n\r\n    <\/div>\r\n<\/section>\n\n<section id=\"ls-section-block_0b5469d8d58ece927c3a76fe3cdcddac\" class=\"ls-section  page-one has-p-t p-t-0 has-p-b p-b-14\" >\r\n        <div class=\"container container--wide\">\r\n        \n\n<div class=\"wp-block-columns is-layout-flex wp-container-core-columns-is-layout-9d6595d7 wp-block-columns-is-layout-flex\">\n<div class=\"wp-block-column is-vertically-aligned-center first is-layout-flow wp-block-column-is-layout-flow\" style=\"flex-basis:66.7%\">\n<figure class=\"wp-block-image size-full\"><img decoding=\"async\" width=\"2000\" height=\"1132\" src=\"https:\/\/www.camping-le-calagogo.fr\/wp-content\/uploads\/2023\/12\/louer-emplcaement-tente-pyrenees-orientales.webp\" alt=\"mieten mieten zelt pyrenees orientales\" class=\"wp-image-2630329\" srcset=\"https:\/\/www.camping-le-calagogo.fr\/wp-content\/uploads\/2023\/12\/louer-emplcaement-tente-pyrenees-orientales.webp 2000w, https:\/\/www.camping-le-calagogo.fr\/wp-content\/uploads\/2023\/12\/louer-emplcaement-tente-pyrenees-orientales-300x170.webp 300w, https:\/\/www.camping-le-calagogo.fr\/wp-content\/uploads\/2023\/12\/louer-emplcaement-tente-pyrenees-orientales-1024x580.webp 1024w, https:\/\/www.camping-le-calagogo.fr\/wp-content\/uploads\/2023\/12\/louer-emplcaement-tente-pyrenees-orientales-768x435.webp 768w, https:\/\/www.camping-le-calagogo.fr\/wp-content\/uploads\/2023\/12\/louer-emplcaement-tente-pyrenees-orientales-1536x869.webp 1536w\" sizes=\"(max-width: 2000px) 100vw, 2000px\" \/><\/figure>\n<\/div>\n\n\n\n<div class=\"wp-block-column is-vertically-aligned-center second is-layout-flow wp-block-column-is-layout-flow\" style=\"flex-basis:33.3%\">\n<h2 class=\"ls__heading wp-block-heading\">Die Acsi-Karte : Wie funktioniert sie?<\/h2>\n\n\n\n<p class=\"ls-paragraph\">Einige Besucher ziehen es vor, <strong>in der Nebensaison in Freilufthotels<\/strong> zu \u00fcbernachten, um die <strong>Ruhe auf dem Camping und die Sonderangebote<\/strong> zu genie\u00dfen, die es ihnen erm\u00f6glichen, zu einem niedrigen Preis in den Urlaub zu fahren.<\/p>\n\n\n\n<p class=\"ls-paragraph\">M\u00f6chten Sie von attraktiven Rabatten f\u00fcr alle Ihre Aufenthalte in der Nebensaison profitieren? Bestellen Sie jetzt Ihre Acsi-Karte und reduzieren Sie Ihre Ausgaben auf dem <a href=\"https:\/\/www.camping-le-calagogo.fr\/de\/\" data-type=\"page\" data-id=\"9\">Camping Le Cala Gogo in Saint Cyprien Plage<\/a>!<\/p>\n\n\n\n<p class=\"ls-paragraph\">Mit der <a href=\"https:\/\/www.campingcard.fr\/\" data-type=\"link\" data-id=\"https:\/\/www.campingcard.fr\/\" target=\"_blank\" rel=\"noreferrer noopener\">CampingCard Acsi<\/a> erhalten Sie Erm\u00e4\u00dfigungen auf Stellpl\u00e4tzen f\u00fcr Zelte, Wohnwagen und Wohnmobile f\u00fcr 2 Personen.<\/p>\n\n\n\n<p class=\"ls-paragraph addReadMore showlesscontent\">Sie ist ideal f\u00fcr Anh\u00e4nger des <strong>traditionellen Campings<\/strong>, die ihren Urlaub inmitten der Natur verbringen m\u00f6chten, und wird im Cala-Gogo und auf allen anderen Camping des Acsi-Netzwerks <strong>au\u00dferhalb der Hochsaison<\/strong> akzeptiert (\u00fcber 3300 Partner-Camping in rund 20 L\u00e4ndern in Europa).<\/p>\n\n\n\n<p class=\"ls-paragraph\">Die Beg\u00fcnstigten k\u00f6nnen so Geld sparen und ihren Urlaub auf einem <a href=\"https:\/\/www.camping-le-calagogo.fr\/de\/camping-billig-languedoc-roussillon\/\" data-type=\"page\" data-id=\"2178\">Camping im Departement Pyr\u00e9n\u00e9es-Orientales zum g\u00fcnstigsten Preis<\/a> verbringen, wobei sie den gleichen Zugang zur Infrastruktur und zu den Dienstleistungen der Einrichtung haben wie Camper, die in der Hochsaison reisen.<\/p>\n<\/div>\n<\/div>\n\n\r\n    <\/div>\r\n<\/section>\n\n<section id=\"ls-section-block_c1f41ff43841dbb6f10ecd3bd3188559\" class=\"ls-section  section-parallax has-parallax has-background has-color-4-background-color has-p-t p-t-14 has-p-b p-b-14\" >\r\n        <div class=\"container container--wide\">\r\n        \n\n<h2 class=\"ls__heading wp-block-heading has-text-align-center\">Angebote und Rabatte auf unserem Camping Acsi am Mittelmeer.<\/h2>\n\n\n\n<p class=\"ls-paragraph has-text-align-center\">Wenn Sie eine <strong>Acsi-Karte<\/strong> besitzen, wird Ihnen auf dem <a href=\"https:\/\/www.camping-le-calagogo.fr\/de\/camping-argeles-sur-mer\/camping-billig-argeles-sur-mer\/\">Camping Cala-Gogo in Argel\u00e8s systematisch ein Rabatt auf den g\u00fcnstigsten Preis<\/a> f\u00fcr einen Stellplatz f\u00fcr ein Zelt, einen Wohnwagen oder ein Wohnmobil gew\u00e4hrt.<\/p>\n\n\n\n<p class=\"ls-paragraph has-text-align-center\">Bei <strong>Vorausbuchungen<\/strong> denken Sie bitte daran, uns telefonisch, per E-Mail oder durch Ausf\u00fcllen des Online-Formulars auf unserer Website mitzuteilen, dass Sie die Acsi-Karte besitzen. Dasselbe gilt f\u00fcr den Erhalt der Erm\u00e4\u00dfigungen der <a href=\"https:\/\/www.camping-le-calagogo.fr\/de\/camping-adac-saint-cyprien\/\" data-type=\"page\" data-id=\"2708548\">ADAC-Karte<\/a>.<\/p>\n\n\n\n<p class=\"ls-paragraph has-text-align-center\">Haben Sie vergessen, die Informationen an uns weiterzuleiten? Kein Problem. Legen Sie Ihre Karte bei Ihrer Ankunft am Empfang vor, und wir wenden den <strong>Acsi-Tarif an, der f\u00fcr Aufenthalte in der Nebensaison reserviert<\/strong> ist. Beachten Sie, dass Verwaltungs- und Buchungsgeb\u00fchren, Touristensteuern und \u00d6kosteuern nicht im <strong>Acsi-Tarif<\/strong> enthalten sind.<\/p>\n\n\n\n<p class=\"ls-paragraph has-text-align-center\">Lust, <strong>clever<\/strong> durch ganz Europa zu <strong>reisen<\/strong>? Laden Sie die mobile Acsi-App von Ihrem Smartphone oder Tablet herunter, um den n\u00e4chstgelegenen Acsi-Campingplatz zu finden! Das Cala-Gogo ist au\u00dferdem Mitglied der <a href=\"https:\/\/www.camping-le-calagogo.fr\/de\/camping-anwb-saint-cyprien\/\" data-type=\"page\" data-id=\"2708540\">ANWB-Camping<\/a>.<\/p>\n\n\r\n    <\/div>\r\n<\/section>\n\n<section id=\"ls-section-block_c5637637ea512954d5529ad359348c28\" class=\"ls-section  page-maillage has-p-b p-b-14\" >\r\n        <div class=\"container container--wide\">\r\n        \n\n<div id=\"ls-heading ls-titre-div-block_8fcdc08f1706a355647003864259ec76\" class=\"ls-titre-div m-left h2-like\" >\n    Dienstleistungen und Mietunterk\u00fcnfte <\/br>auf dem Camping<\/div>\n\n\n<div id=\"ls-maillage-block_4f78682bb1ea49e41177a859099f0026\" class=\"ls-maillage cta-style-normal\" data-rows=\"3\">\n    <div class=\"wp-block-columns  \"><div class=\"wp-block-column\"><div id=\"destinations\" class=\"ls-cta\">\n\n<a href=\"https:\/\/www.camping-le-calagogo.fr\/de\/camping-services-pyrenees-orientales\/\" target=\"\" rel=\"noopener\" class=\"ls-cta__link\">\n\n\t<div class=\"ls-cta__image\"><img decoding=\"async\" src=\"https:\/\/www.camping-le-calagogo.fr\/wp-content\/uploads\/2023\/12\/epicerie-languedoc.webp\" alt=\"\"><\/div>\n\t<div class=\"ls-cta__title\">\n\t\tDienstleistungen und Gesch\u00e4fte\t<\/div>\n\t\n\t\t\n<\/a><\/div><\/div><div class=\"wp-block-column\"><div id=\"destinations\" class=\"ls-cta\">\n\n<a href=\"https:\/\/www.camping-le-calagogo.fr\/de\/vermietung-mobil-home-languedoc-roussillon\/\" target=\"\" rel=\"noopener\" class=\"ls-cta__link\">\n\n\t<div class=\"ls-cta__image\"><img decoding=\"async\" src=\"https:\/\/www.camping-le-calagogo.fr\/wp-content\/uploads\/2023\/12\/sejour-mobil-home-pyrenees-orientales.webp\" alt=\"\"><\/div>\n\t<div class=\"ls-cta__title\">\n\t\tMobilheime\t<\/div>\n\t\n\t\t\n<\/a><\/div><\/div><div class=\"wp-block-column\"><div id=\"destinations\" class=\"ls-cta\">\n\n<a href=\"https:\/\/www.camping-le-calagogo.fr\/de\/camping-argeles-sur-mer\/stellplatz-caravaning-argeles-sur-mer\/\" target=\"\" rel=\"noopener\" class=\"ls-cta__link\">\n\n\t<div class=\"ls-cta__image\"><img decoding=\"async\" src=\"https:\/\/www.camping-le-calagogo.fr\/wp-content\/uploads\/2023\/12\/caravaning-saint-cyprien.webp\" alt=\"\"><\/div>\n\t<div class=\"ls-cta__title\">\n\t\tStandorte\t<\/div>\n\t\n\t\t\n<\/a><\/div><\/div><\/div><\/div>\n\r\n    <\/div>\r\n<\/section>","protected":false},"excerpt":{"rendered":"","protected":false},"author":1,"featured_media":2629971,"parent":0,"menu_order":0,"comment_status":"closed","ping_status":"closed","template":"","meta":{"_acf_changed":false,"_seopress_robots_primary_cat":"","_seopress_titles_title":"Camping Acsi Meeresk\u00fcste Pyr\u00e9n\u00e9es Orientales | Acsi campingcard","_seopress_titles_desc":"Nutzen Sie Ihre Acsi-Karte im Cala Gogo und erhalten Sie Erm\u00e4\u00dfigungen f\u00fcr Ihren n\u00e4chsten Camping-Urlaub am Meer in den Pyr\u00e9n\u00e9es Orientales.","_seopress_robots_index":"","inline_featured_image":false,"footnotes":""},"sujet":[],"class_list":["post-2708505","page","type-page","status-publish","has-post-thumbnail","hentry"],"acf":[],"_links":{"self":[{"href":"https:\/\/www.camping-le-calagogo.fr\/de\/wp-json\/wp\/v2\/pages\/2708505","targetHints":{"allow":["GET"]}}],"collection":[{"href":"https:\/\/www.camping-le-calagogo.fr\/de\/wp-json\/wp\/v2\/pages"}],"about":[{"href":"https:\/\/www.camping-le-calagogo.fr\/de\/wp-json\/wp\/v2\/types\/page"}],"author":[{"embeddable":true,"href":"https:\/\/www.camping-le-calagogo.fr\/de\/wp-json\/wp\/v2\/users\/1"}],"replies":[{"embeddable":true,"href":"https:\/\/www.camping-le-calagogo.fr\/de\/wp-json\/wp\/v2\/comments?post=2708505"}],"version-history":[{"count":5,"href":"https:\/\/www.camping-le-calagogo.fr\/de\/wp-json\/wp\/v2\/pages\/2708505\/revisions"}],"predecessor-version":[{"id":2824787,"href":"https:\/\/www.camping-le-calagogo.fr\/de\/wp-json\/wp\/v2\/pages\/2708505\/revisions\/2824787"}],"wp:featuredmedia":[{"embeddable":true,"href":"https:\/\/www.camping-le-calagogo.fr\/de\/wp-json\/wp\/v2\/media\/2629971"}],"wp:attachment":[{"href":"https:\/\/www.camping-le-calagogo.fr\/de\/wp-json\/wp\/v2\/media?parent=2708505"}],"wp:term":[{"taxonomy":"sujet","embeddable":true,"href":"https:\/\/www.camping-le-calagogo.fr\/de\/wp-json\/wp\/v2\/sujet?post=2708505"}],"curies":[{"name":"wp","href":"https:\/\/api.w.org\/{rel}","templated":true}]}}