{"id":2708511,"date":"2023-10-18T09:47:23","date_gmt":"2023-10-18T07:47:23","guid":{"rendered":"https:\/\/www.camping-le-calagogo.fr\/tourismus-saint-cyprien\/"},"modified":"2024-01-06T01:59:31","modified_gmt":"2024-01-06T00:59:31","slug":"tourismus-saint-cyprien","status":"publish","type":"page","link":"https:\/\/www.camping-le-calagogo.fr\/de\/tourismus-saint-cyprien\/","title":{"rendered":"Saint Cyprien"},"content":{"rendered":"<section id=\"ls-section-block_553a61c5c4cc5b060e30d825179bd6a2\" class=\"ls-section  page-chapeau deco has-p-b p-b-4\" >\r\n        <div class=\"container container--wide\">\r\n        \n\n<h1 class=\"ls__heading wp-block-heading has-text-align-center\">Tourismus <br><strong>Saint Cyprien<\/strong><\/h1>\n\n\n\n<div class=\"wp-block-columns is-layout-flex wp-container-core-columns-is-layout-9d6595d7 wp-block-columns-is-layout-flex\">\n<div class=\"wp-block-column is-layout-flow wp-block-column-is-layout-flow\"><\/div>\n\n\n\n<div class=\"wp-block-column is-layout-flow wp-block-column-is-layout-flow\" style=\"flex-basis:50%\">\n<p class=\"ls-paragraph has-text-align-center\">Saint Cyprien, bekannt durch seinen riesigen Yachthafen, der als <strong>3\u1d49 Port de France<\/strong> klassifiziert ist, zieht die sch\u00f6nsten Boote und Segelschiffe in den S\u00fcden des S\u00fcdens.<\/p>\n<\/div>\n\n\n\n<div class=\"wp-block-column is-layout-flow wp-block-column-is-layout-flow\"><\/div>\n<\/div>\n\n\r\n    <\/div>\r\n<\/section>\n\n<section id=\"ls-section-block_5a5fc98f4c8307acf5addc348085e291\" class=\"ls-section  page-one has-p-t p-t-0 has-p-b p-b-14\" >\r\n        <div class=\"container container--wide\">\r\n        \n\n<div class=\"wp-block-columns is-layout-flex wp-container-core-columns-is-layout-9d6595d7 wp-block-columns-is-layout-flex\">\n<div class=\"wp-block-column is-vertically-aligned-center first is-layout-flow wp-block-column-is-layout-flow\" style=\"flex-basis:66.7%\">\n<iframe src=\"https:\/\/www.google.com\/maps\/embed?pb=!1m28!1m12!1m3!1d94082.53596217233!2d2.984083292366437!3d42.53237126335373!2m3!1f0!2f0!3f0!3m2!1i1024!2i768!4f13.1!4m13!3e0!4m5!1s0x12b07c232d050435%3A0xcb342de2280a2e20!2sCamping%20Cala%20Gogo%2C%20Avenue%20Armand%20Lanoux%2C%20Saint-Cyprien!3m2!1d42.5988201!2d3.0397849!4m5!1s0x12b07b863f1b104b%3A0x4078821166765c0!2sSaint-Cyprien!3m2!1d42.61783!2d3.0041819999999997!5e0!3m2!1sfr!2sfr!4v1700608389183!5m2!1sfr!2sfr\" width=\"100%\" height=\"550\" style=\"border:0;\" allowfullscreen=\"\" loading=\"lazy\" referrerpolicy=\"no-referrer-when-downgrade\"><\/iframe>\n<\/div>\n\n\n\n<div class=\"wp-block-column is-vertically-aligned-center second is-layout-flow wp-block-column-is-layout-flow\" style=\"flex-basis:33.3%\">\n<h2 class=\"ls__heading wp-block-heading\">Wo befindet sich Saint-Cyprien?<\/h2>\n\n\n\n<p class=\"ls-paragraph\">Saint-Cyprien ist eine Badestadt mit etwa zehntausend Einwohnern an der Mittelmeerk\u00fcste im Osten des D\u00e9partements Pyr\u00e9n\u00e9es-Orientales.<br><br>Zu den nahegelegenen Badeorten geh\u00f6ren Port Barcar\u00e8s (25 km), aber auch Canet-en-Roussillon (13 km) oder Argel\u00e8s-sur-Mer (11 km). Saint-Cyprien liegt au\u00dferdem etwa 15 km s\u00fcdlich von Perpignan und 30 km von Rivesaltes entfernt.<br><br>Auf dem <a href=\"https:\/\/www.camping-le-calagogo.fr\/de\/\" data-type=\"page\" data-id=\"9\">5-Sterne-Campingplatz Saint Cyprien<\/a> sind Sie ideal gelegen, um die Stadt und ihre Umgebung zu erkunden.<\/p>\n<\/div>\n<\/div>\n\n\r\n    <\/div>\r\n<\/section>\n\n<section id=\"ls-section-block_57853cc5efb60d5cbaf4fb7b428346da\" class=\"ls-section  page-two mosaique has-background has-color-4-background-color has-p-t p-t-14 has-p-b p-b-14\" >\r\n        <div class=\"container container--wide\">\r\n        \n\n<div class=\"wp-block-columns is-layout-flex wp-container-core-columns-is-layout-9d6595d7 wp-block-columns-is-layout-flex\">\n<div class=\"wp-block-column is-vertically-aligned-center is-layout-flow wp-block-column-is-layout-flow\">\n<h2 class=\"ls__heading wp-block-heading\">Saint-Cyprien am Meer<\/h2>\n\n\n\n<p class=\"ls-paragraph\">Saint-Cyprien besticht auch durch die Sch\u00f6nheit seiner Strandpromenade.<\/p>\n\n\n\n<p class=\"ls-paragraph\">Die Badestadt bietet \u00fcber sechs Kilometer Sandstrand. Dazu geh\u00f6rt vor allem der <strong>Nordstrand<\/strong>, der sich f\u00fcr <strong>Wassersportarten<\/strong> wie Kitesurfen oder Stand-up-Paddling eignet.<\/p>\n\n\n\n<p class=\"ls-paragraph\">Am Strand Plage de l&#8217;Art, der nur wenige Schritte vom gro\u00dfen Markt entfernt liegt, finden von Juni bis September Volleyballturniere statt. Der <strong>Strand La Lagune<\/strong> ist wegen seiner wilden Umgebung beliebter, ebenso wie der S\u00fcdstrand&#8230;<\/p>\n<\/div>\n\n\n\n<div class=\"wp-block-column is-vertically-aligned-center is-layout-flow wp-block-column-is-layout-flow\">\n<figure class=\"wp-block-image size-full\"><img decoding=\"async\" width=\"1811\" height=\"1200\" src=\"https:\/\/www.camping-le-calagogo.fr\/wp-content\/uploads\/2023\/11\/sejour-collioure-1.webp\" alt=\"Aufenthalt in Collioure\" class=\"wp-image-3335\" srcset=\"https:\/\/www.camping-le-calagogo.fr\/wp-content\/uploads\/2023\/11\/sejour-collioure-1.webp 1811w, https:\/\/www.camping-le-calagogo.fr\/wp-content\/uploads\/2023\/11\/sejour-collioure-1-300x199.webp 300w, https:\/\/www.camping-le-calagogo.fr\/wp-content\/uploads\/2023\/11\/sejour-collioure-1-1024x679.webp 1024w, https:\/\/www.camping-le-calagogo.fr\/wp-content\/uploads\/2023\/11\/sejour-collioure-1-768x509.webp 768w, https:\/\/www.camping-le-calagogo.fr\/wp-content\/uploads\/2023\/11\/sejour-collioure-1-1536x1018.webp 1536w\" sizes=\"(max-width: 1811px) 100vw, 1811px\" \/><\/figure>\n<\/div>\n<\/div>\n\n\r\n    <\/div>\r\n<\/section>\n\n<section id=\"ls-section-block_c89231b3fa4e06dbe3a4a6ef8ef981bd\" class=\"ls-section  section-parallax has-background-image has-parallax has-background has-color-black-background-color has-p-t p-t-30 has-p-b p-b-0\" >\r\n    <div class=\"ls-section__background-image opacity-58\"><img decoding=\"async\" src=\"https:\/\/www.camping-le-calagogo.fr\/wp-content\/uploads\/2023\/11\/tulips-4933492_1280.jpg\" alt=\"\"><\/div>    <div class=\"container container--wide\">\r\n        \n\n<div class=\"wp-block-columns has-color-white-background-color has-background is-layout-flex wp-container-core-columns-is-layout-9d6595d7 wp-block-columns-is-layout-flex\">\n<div class=\"wp-block-column is-layout-flow wp-block-column-is-layout-flow\">\n<h2 class=\"ls__heading wp-block-heading has-text-align-center\">Was kann man in Saint-Cyprien unternehmen?<\/h2>\n\n\n\n<p class=\"ls-paragraph has-text-align-center\">In diesem Teil finden Sie einige der emblematischen Sehensw\u00fcrdigkeiten der Stadt Saint-Cyprien:<\/p>\n\n\n\n<div class=\"wp-block-columns is-layout-flex wp-container-core-columns-is-layout-9d6595d7 wp-block-columns-is-layout-flex\">\n<div class=\"wp-block-column is-layout-flow wp-block-column-is-layout-flow\">\n<ul class=\"ls-list wp-block-list\">\n<li><strong>Via Podiensis<\/strong>: Die Via Podiensis (Weg nach Le Puy) ist einer der vier franz\u00f6sischen Pilgerwege nach Santiago de Compostela. Der Weg beginnt in Le Puy-en-Velay und f\u00fchrt bis zum Dorf Obstat, in dessen N\u00e4he er sich mit zwei anderen Pilgerwegen &#8211; der Via Turonensis und der Via Lemovicensis &#8211; verbindet, mit denen er den Camino navarro bildet, eine Strecke, die bis nach Puente la Reina in Spanien f\u00fchrt.<\/li>\n\n\n\n<li><strong>Aqualand Saint-Cyprien:<\/strong> Der Park macht alle gl\u00fccklich, die Nervenkitzel, Rutschvergn\u00fcgen und Entspannung suchen, und das alles inmitten einer \u00fcppigen gr\u00fcnen Umgebung. F\u00fcr Adrenalin sorgen unter anderem die Achterbahn und die schwindelerregenden Kurven und Abfahrten im &#8222;Snake-canyon&#8220;. Kinder k\u00f6nnen sich au\u00dferdem mit &#8222;Abenteuer-Kids&#8220; (Schatzinsel) und dem &#8222;Mini-Park&#8220; (thematisierter Spielbereich) vergn\u00fcgen.<\/li>\n<\/ul>\n<\/div>\n\n\n\n<div class=\"wp-block-column is-layout-flow wp-block-column-is-layout-flow\">\n<ul class=\"ls-list wp-block-list\">\n<li><strong>Der Jardin des Plantes :<\/strong> Der Jardin des Plantes ist eine wahre Oase der Ruhe und des Gr\u00fcns. Als perfekter Ort f\u00fcr Spazierg\u00e4nge f\u00fcr Verliebte und Familien bietet es eine Oase der Erfrischung, nur f\u00fcnf Minuten vom Strand entfernt.<\/li>\n\n\n\n<li><strong>Str\u00e4nde von Saint-Cyprien:<\/strong> Der Strand von Saint-Cyprien eignet sich f\u00fcr verschiedene Wassersportarten und Freizeitaktivit\u00e4ten. Dieser sch\u00f6ne Sandstrand ist besonders bei Familien beliebt.<\/li>\n\n\n\n<li><strong>JOA-Kasino in Saint-Cyprien:<\/strong> Ob zum Kartenspielen (Black Jack, Poker&#8230;) oder zum Mittagessen auf der Terrasse, das JOA-Kasino ist ein unumg\u00e4nglicher Ort in Saint-Cyprien. Entdecken Sie die offizielle Website des JOA Casinos in St Cyprien.<\/li>\n<\/ul>\n<\/div>\n<\/div>\n<\/div>\n<\/div>\n\n\r\n    <\/div>\r\n<\/section>\n\n<section id=\"ls-section-block_05a31f3eff1b2b7c1b03004f7fcaf617\" class=\"ls-section  page-one has-p-t p-t-14 has-p-b p-b-14\" >\r\n        <div class=\"container container--wide\">\r\n        \n\n<div class=\"wp-block-columns is-layout-flex wp-container-core-columns-is-layout-9d6595d7 wp-block-columns-is-layout-flex\">\n<div class=\"wp-block-column is-vertically-aligned-center first is-layout-flow wp-block-column-is-layout-flow\" style=\"flex-basis:66.7%\">\n<figure class=\"wp-block-image size-full\"><img decoding=\"async\" width=\"1803\" height=\"1200\" src=\"https:\/\/www.camping-le-calagogo.fr\/wp-content\/uploads\/2023\/11\/eglise-saint-cyprien.webp\" alt=\"kirche saint cyprien\" class=\"wp-image-3368\" srcset=\"https:\/\/www.camping-le-calagogo.fr\/wp-content\/uploads\/2023\/11\/eglise-saint-cyprien.webp 1803w, https:\/\/www.camping-le-calagogo.fr\/wp-content\/uploads\/2023\/11\/eglise-saint-cyprien-300x200.webp 300w, https:\/\/www.camping-le-calagogo.fr\/wp-content\/uploads\/2023\/11\/eglise-saint-cyprien-1024x682.webp 1024w, https:\/\/www.camping-le-calagogo.fr\/wp-content\/uploads\/2023\/11\/eglise-saint-cyprien-768x511.webp 768w, https:\/\/www.camping-le-calagogo.fr\/wp-content\/uploads\/2023\/11\/eglise-saint-cyprien-1536x1022.webp 1536w\" sizes=\"(max-width: 1803px) 100vw, 1803px\" \/><\/figure>\n<\/div>\n\n\n\n<div class=\"wp-block-column is-vertically-aligned-center second is-layout-flow wp-block-column-is-layout-flow\" style=\"flex-basis:33.3%\">\n<h2 class=\"ls__heading wp-block-heading\">Besuch des Dorfes Saint-Cyprien<\/h2>\n\n\n\n<p class=\"ls-paragraph\">Das Dorf Saint-Cyprien ist f\u00fcr die Vielfalt seines kulturellen Erbes bekannt. Nehmen Sie sich nach dem Strand oder dem Einkaufsbummel die Zeit, die Collections de Saint-Cyprien zu besuchen. Dieses Museum liegt im Herzen des Dorfes und beherbergt mehrere einzigartige Werke und Sonderausstellungen, aber auch einen au\u00dfergew\u00f6hnlichen Reservefonds des Malers Fran\u00e7ois Desnoyer.<br><br>Z\u00f6gern Sie nicht, ein Fahrrad zu mieten und die Stadt Saint-Cyprien auf den Radwegen zu erkunden.<\/p>\n\n\n\n<p class=\"ls-paragraph\"><strong>Die Kapelle Saint-Etienne de Villerase<\/strong> wiederum besticht durch ihre zauberhafte Umgebung, die sie zu einem beliebten Picknickplatz f\u00fcr Besucher und Einheimische macht. Die Dorfkirche, deren Urspr\u00fcnge bis ins 18. Jahrhundert zur\u00fcckreichen und die eine romanische Kirche ersetzte, weckt ebenfalls das Interesse vieler Besucher.<\/p>\n<\/div>\n<\/div>\n\n\r\n    <\/div>\r\n<\/section>\n\n<section id=\"ls-section-block_57853cc5efb60d5cbaf4fb7b428346da\" class=\"ls-section  page-two mosaique has-background has-color-4-background-color has-p-t p-t-14 has-p-b p-b-14\" >\r\n        <div class=\"container container--wide\">\r\n        \n\n<div class=\"wp-block-columns is-layout-flex wp-container-core-columns-is-layout-9d6595d7 wp-block-columns-is-layout-flex\">\n<div class=\"wp-block-column is-vertically-aligned-center is-layout-flow wp-block-column-is-layout-flow\">\n<p class=\"ls-paragraph\"><strong>Das Dorf Saint-Cyprien<\/strong> bietet auch das ganze Jahr \u00fcber Freizeitaktivit\u00e4ten und Animationen. Traditionelle Konzerte und Feste bringen Einwohner, Segler und Urlauber an zwei symboltr\u00e4chtigen Orten zusammen, dem Place de la R\u00e9publique und dem Place Desnoyer. Die gro\u00dfe Festa Major, ein dreit\u00e4giges traditionelles Fest, das eine Wiederbelebung der katalanischen Kultur erm\u00f6glicht und jedes Jahr im September veranstaltet wird, zieht Tausende von Besuchern an.<\/p>\n\n\n\n<p class=\"ls-paragraph\">Die st\u00e4dtische Musikschule veranstaltet auch regelm\u00e4\u00dfig kostenlose Konzerte in der ganzen Stadt.<\/p>\n<\/div>\n\n\n\n<div class=\"wp-block-column is-vertically-aligned-center is-layout-flow wp-block-column-is-layout-flow\">\n<figure class=\"wp-block-image size-full\"><img decoding=\"async\" width=\"1800\" height=\"1200\" src=\"https:\/\/www.camping-le-calagogo.fr\/wp-content\/uploads\/2023\/11\/decouvrir-saint-cyprien.webp\" alt=\"saint cyprien entdecken\" class=\"wp-image-3373\" srcset=\"https:\/\/www.camping-le-calagogo.fr\/wp-content\/uploads\/2023\/11\/decouvrir-saint-cyprien.webp 1800w, https:\/\/www.camping-le-calagogo.fr\/wp-content\/uploads\/2023\/11\/decouvrir-saint-cyprien-300x200.webp 300w, https:\/\/www.camping-le-calagogo.fr\/wp-content\/uploads\/2023\/11\/decouvrir-saint-cyprien-1024x683.webp 1024w, https:\/\/www.camping-le-calagogo.fr\/wp-content\/uploads\/2023\/11\/decouvrir-saint-cyprien-768x512.webp 768w, https:\/\/www.camping-le-calagogo.fr\/wp-content\/uploads\/2023\/11\/decouvrir-saint-cyprien-1536x1024.webp 1536w\" sizes=\"(max-width: 1800px) 100vw, 1800px\" \/><\/figure>\n<\/div>\n<\/div>\n\n\r\n    <\/div>\r\n<\/section>\n\n<section id=\"ls-section-block_9ee30f4717c59c61f03d6ed70a0eedcc\" class=\"ls-section  section-parallax has-background-image has-parallax has-background has-color-black-background-color has-p-t p-t-30 has-p-b p-b-0\" >\r\n    <div class=\"ls-section__background-image opacity-58\"><img decoding=\"async\" src=\"https:\/\/www.camping-le-calagogo.fr\/wp-content\/uploads\/2023\/11\/parc-aquatique-toboggan.webp\" alt=\"\"><\/div>    <div class=\"container container--wide\">\r\n        \n\n<div class=\"wp-block-columns has-color-white-background-color has-background is-layout-flex wp-container-core-columns-is-layout-9d6595d7 wp-block-columns-is-layout-flex\">\n<div class=\"wp-block-column is-layout-flow wp-block-column-is-layout-flow\">\n<h2 class=\"ls__heading wp-block-heading has-text-align-center\">Tag im Aqualand in Saint-Cyprien<\/h2>\n\n\n\n<p class=\"ls-paragraph has-text-align-center\">DasAqualand in Saint-Cyprien macht alle gl\u00fccklich, die Sensationen und Rutschvergn\u00fcgen lieben. Zu den beliebtesten Attraktionen geh\u00f6ren :<\/p>\n\n\n\n<ul class=\"ls-list wp-block-list\">\n<li>&#8222;The Wave&#8220;, eine gigantische Struktur, die den Eindruck von Schwerelosigkeit vermittelt.<\/li>\n\n\n\n<li>&#8222;Niagra&#8220; ist ein schwindelerregender Hang, der Geschwindigkeitsliebhaber gl\u00fccklich macht.<\/li>\n\n\n\n<li>&#8222;Anaconda&#8220;, f\u00fcr alle, die gerne rutschen und schwindelerregend aktiv sind.<\/li>\n\n\n\n<li>&#8222;Big Bob&#8220;, mit dem man in die Welt von Rasta-Rockett eintauchen kann&#8230;<\/li>\n<\/ul>\n\n\n\n<p class=\"ls-paragraph has-text-align-center\">Einige Attraktionen sind bei Familien besonders beliebt, darunter :<\/p>\n\n\n\n<ul class=\"ls-list wp-block-list\">\n<li>&#8222;Black Hole&#8220;, mit der Erfahrung eines Abstiegs in die Dunkelheit.<\/li>\n\n\n\n<li>&#8222;Congo River&#8220;, bei dem man es sich auf einem Boot bequem macht und durch eine tropische Kulisse gleiten l\u00e4sst.<\/li>\n\n\n\n<li>&#8222;Snake Canyon&#8220;, der vor allem f\u00fcr seine schwindelerregenden Kurven und Abfahrten bekannt ist.<\/li>\n\n\n\n<li>&#8222;Space Navigator&#8220;, eine Wasserachterbahn.<\/li>\n\n\n\n<li>&#8222;Surf Racer&#8220;, der ein neues Fahrgef\u00fchl verspricht&#8230;<\/li>\n\n\n\n<li>&#8222;Twister&#8220;, f\u00fcr 20 Meter freien Fall mit Lichteffekten&#8230;<\/li>\n<\/ul>\n\n\n\n<p class=\"ls-paragraph has-text-align-center addReadMore showlesscontent [08:23]\">Nat\u00fcrlich gibt es auch Attraktionen, die speziell auf Kinder zugeschnitten sind, darunter :<\/p>\n\n\n\n<ul class=\"ls-list wp-block-list\">\n<li>&#8222;Adventure Kids&#8220;, wo die Kinder auf ihrer Schatzinsel Piraten spielen und alles tun, um die Festung des Kapit\u00e4ns Brook Water mit ihren f\u00fcnf Rutschen einzunehmen.<\/li>\n\n\n\n<li>&#8222;Mini Park&#8220;, ein thematisierter Spielbereich, der die Kleinsten in eine faszinierende Welt mit Wasserd\u00fcsen und angepassten Rutschen eintauchen l\u00e4sst.<\/li>\n<\/ul>\n<\/div>\n<\/div>\n\n\r\n    <\/div>\r\n<\/section>\n\n<section id=\"ls-section-block_05a31f3eff1b2b7c1b03004f7fcaf617\" class=\"ls-section  page-one has-p-t p-t-14 has-p-b p-b-14\" >\r\n        <div class=\"container container--wide\">\r\n        \n\n<div class=\"wp-block-columns is-layout-flex wp-container-core-columns-is-layout-9d6595d7 wp-block-columns-is-layout-flex\">\n<div class=\"wp-block-column is-vertically-aligned-center first is-layout-flow wp-block-column-is-layout-flow\" style=\"flex-basis:66.7%\">\n<figure class=\"wp-block-image size-full\"><img decoding=\"async\" width=\"1800\" height=\"1200\" src=\"https:\/\/www.camping-le-calagogo.fr\/wp-content\/uploads\/2023\/11\/plongee-saint-cyprien.webp\" alt=\"tauchen saint cyprien\" class=\"wp-image-3384\" srcset=\"https:\/\/www.camping-le-calagogo.fr\/wp-content\/uploads\/2023\/11\/plongee-saint-cyprien.webp 1800w, https:\/\/www.camping-le-calagogo.fr\/wp-content\/uploads\/2023\/11\/plongee-saint-cyprien-300x200.webp 300w, https:\/\/www.camping-le-calagogo.fr\/wp-content\/uploads\/2023\/11\/plongee-saint-cyprien-1024x683.webp 1024w, https:\/\/www.camping-le-calagogo.fr\/wp-content\/uploads\/2023\/11\/plongee-saint-cyprien-768x512.webp 768w, https:\/\/www.camping-le-calagogo.fr\/wp-content\/uploads\/2023\/11\/plongee-saint-cyprien-1536x1024.webp 1536w\" sizes=\"(max-width: 1800px) 100vw, 1800px\" \/><\/figure>\n<\/div>\n\n\n\n<div class=\"wp-block-column is-vertically-aligned-center second is-layout-flow wp-block-column-is-layout-flow\" style=\"flex-basis:33.3%\">\n<h2 class=\"ls__heading wp-block-heading\">Wasseraktivit\u00e4ten in Saint-Cyprien plage<\/h2>\n\n\n\n<p class=\"ls-paragraph has-text-align-left\"><br><\/p>\n\n\n\n<ul class=\"ls-list wp-block-list\">\n<li>Tauchen: Lassen Sie sich von der einzigartigen Erfahrung des Tauchens verf\u00fchren. Ab 19 Euro k\u00f6nnen Sie an einem &#8222;Ausflug&#8220; unter Wasser teilnehmen, der vom Tauchzentrum Aquaplanet organisiert wird. Wenn Sie diese Aktivit\u00e4t noch nie ausge\u00fcbt haben, bietet Ihnen die Einrichtung Kurse an.<\/li>\n\n\n\n<li><strong>Spaziergang am Meer:<\/strong> G\u00f6nnen Sie sich einen Ausflug ans Meer, um unumg\u00e4ngliche Orte wie die C\u00f4te Vermeille oder die Costa Brava in Spanien zu entdecken.<\/li>\n<\/ul>\n<\/div>\n<\/div>\n\n\r\n    <\/div>\r\n<\/section>\n\n<section id=\"ls-section-block_57853cc5efb60d5cbaf4fb7b428346da\" class=\"ls-section  page-two mosaique has-background has-color-4-background-color has-p-t p-t-14 has-p-b p-b-14\" >\r\n        <div class=\"container container--wide\">\r\n        \n\n<div class=\"wp-block-columns is-layout-flex wp-container-core-columns-is-layout-9d6595d7 wp-block-columns-is-layout-flex\">\n<div class=\"wp-block-column is-vertically-aligned-center is-layout-flow wp-block-column-is-layout-flow\">\n<ul class=\"ls-list wp-block-list\">\n<li><strong>Hochseeangeln:<\/strong> Dies ist eine sch\u00f6ne Erfahrung, die Sie sich auf keinen Fall entgehen lassen sollten, vor allem, wenn Sie w\u00e4hrend der Fahrt auf dem Meer nicht nur die Landschaft und die Delfine betrachten m\u00f6chten.<\/li>\n\n\n\n<li><strong>Spaziergang bei Sonnenuntergang:<\/strong> Lassen Sie sich zu einem ein- oder zweist\u00fcndigen Spaziergang bei Sonnenuntergang \u00fcber das Meer oder den Teich verf\u00fchren.<\/li>\n\n\n\n<li><strong>Robinson&#8220;-Baden:<\/strong> Eineinhalb Stunden lang k\u00f6nnen Sie in der N\u00e4he der sch\u00f6nsten wilden Str\u00e4nde von Saint-Cyprien und Umgebung baden. Au\u00dferdem bietet sich die Gelegenheit, Wassersportarten wie Paddeln oder Schnorcheln auszu\u00fcben.<\/li>\n<\/ul>\n<\/div>\n\n\n\n<div class=\"wp-block-column is-vertically-aligned-center is-layout-flow wp-block-column-is-layout-flow\">\n<figure class=\"wp-block-image size-full\"><img decoding=\"async\" width=\"1800\" height=\"1200\" src=\"https:\/\/www.camping-le-calagogo.fr\/wp-content\/uploads\/2023\/11\/peche-saint-cyprien.webp\" alt=\"fischerei saint cyprien\" class=\"wp-image-3389\" srcset=\"https:\/\/www.camping-le-calagogo.fr\/wp-content\/uploads\/2023\/11\/peche-saint-cyprien.webp 1800w, https:\/\/www.camping-le-calagogo.fr\/wp-content\/uploads\/2023\/11\/peche-saint-cyprien-300x200.webp 300w, https:\/\/www.camping-le-calagogo.fr\/wp-content\/uploads\/2023\/11\/peche-saint-cyprien-1024x683.webp 1024w, https:\/\/www.camping-le-calagogo.fr\/wp-content\/uploads\/2023\/11\/peche-saint-cyprien-768x512.webp 768w, https:\/\/www.camping-le-calagogo.fr\/wp-content\/uploads\/2023\/11\/peche-saint-cyprien-1536x1024.webp 1536w\" sizes=\"(max-width: 1800px) 100vw, 1800px\" \/><\/figure>\n<\/div>\n<\/div>\n\n\r\n    <\/div>\r\n<\/section>\n\n<section id=\"ls-section-block_c760e2ab2e03ee74b6f9ccf288d5e5ac\" class=\"ls-section  page-maillage has-p-b p-b-14\" >\r\n        <div class=\"container container--wide\">\r\n        \n\n<div id=\"ls-heading ls-titre-div-block_dca13b10846e0ac27775ee70aadade95\" class=\"ls-titre-div m-left h2-like\" >\n    St\u00e4dte nahe bei <\/br>von Saint-Cyprien<\/div>\n\n\n<div id=\"ls-maillage-block_4d963647b2dc73d70b3bbce4db166218\" class=\"ls-maillage cta-style-normal\" data-rows=\"3\">\n    <div class=\"wp-block-columns  \"><div class=\"wp-block-column\"><div id=\"destinations\" class=\"ls-cta\">\n\n<a href=\"https:\/\/www.camping-le-calagogo.fr\/de\/camping-argeles-sur-mer\/tourismus-argeles-sur-mer\/\" target=\"\" rel=\"noopener\" class=\"ls-cta__link\">\n\n\t<div class=\"ls-cta__image\"><img decoding=\"async\" src=\"https:\/\/www.camping-le-calagogo.fr\/wp-content\/uploads\/2023\/11\/visiter-argeles-sur-mer.webp\" alt=\"\"><\/div>\n\t<div class=\"ls-cta__title\">\n\t\tArgel\u00e8s-sur-Mer\t<\/div>\n\t\n\t\t\n<\/a><\/div><\/div><div class=\"wp-block-column\"><div id=\"destinations\" class=\"ls-cta\">\n\n<a href=\"https:\/\/www.camping-le-calagogo.fr\/de\/tourismus-port-barcares\/\" target=\"\" rel=\"noopener\" class=\"ls-cta__link\">\n\n\t<div class=\"ls-cta__image\"><img decoding=\"async\" src=\"https:\/\/www.camping-le-calagogo.fr\/wp-content\/uploads\/2023\/11\/visiter-port-barcares.webp\" alt=\"\"><\/div>\n\t<div class=\"ls-cta__title\">\n\t\tPort Barcar\u00e8s\t<\/div>\n\t\n\t\t\n<\/a><\/div><\/div><div class=\"wp-block-column\"><div id=\"destinations\" class=\"ls-cta\">\n\n<a href=\"https:\/\/www.camping-le-calagogo.fr\/de\/camping-carcassonne\/\" target=\"\" rel=\"noopener\" class=\"ls-cta__link\">\n\n\t<div class=\"ls-cta__image\"><img decoding=\"async\" src=\"https:\/\/www.camping-le-calagogo.fr\/wp-content\/uploads\/2023\/12\/sejour-camping-carcassonne.webp\" alt=\"\"><\/div>\n\t<div class=\"ls-cta__title\">\n\t\tCampingplatz Carcasonne\t<\/div>\n\t\n\t\t\n<\/a><\/div><\/div><\/div><\/div>\n\r\n    <\/div>\r\n<\/section>","protected":false},"excerpt":{"rendered":"","protected":false},"author":1,"featured_media":3333,"parent":0,"menu_order":0,"comment_status":"closed","ping_status":"closed","template":"","meta":{"_acf_changed":false,"_seopress_robots_primary_cat":"","_seopress_titles_title":"Tourismus Saint-Cyprien | Orte, Besichtigungen und Aktivit\u00e4ten in St Cyprien (66)","_seopress_titles_desc":"Entdecken Sie Saint Cyprien, diesen wundersch\u00f6nen Badeort in den \u00f6stlichen Pyren\u00e4en, der direkt am Meer liegt, f\u00fcr Ihren n\u00e4chsten Aufenthalt!","_seopress_robots_index":"","inline_featured_image":false,"footnotes":""},"sujet":[],"class_list":["post-2708511","page","type-page","status-publish","has-post-thumbnail","hentry"],"acf":[],"_links":{"self":[{"href":"https:\/\/www.camping-le-calagogo.fr\/de\/wp-json\/wp\/v2\/pages\/2708511","targetHints":{"allow":["GET"]}}],"collection":[{"href":"https:\/\/www.camping-le-calagogo.fr\/de\/wp-json\/wp\/v2\/pages"}],"about":[{"href":"https:\/\/www.camping-le-calagogo.fr\/de\/wp-json\/wp\/v2\/types\/page"}],"author":[{"embeddable":true,"href":"https:\/\/www.camping-le-calagogo.fr\/de\/wp-json\/wp\/v2\/users\/1"}],"replies":[{"embeddable":true,"href":"https:\/\/www.camping-le-calagogo.fr\/de\/wp-json\/wp\/v2\/comments?post=2708511"}],"version-history":[{"count":7,"href":"https:\/\/www.camping-le-calagogo.fr\/de\/wp-json\/wp\/v2\/pages\/2708511\/revisions"}],"predecessor-version":[{"id":2825773,"href":"https:\/\/www.camping-le-calagogo.fr\/de\/wp-json\/wp\/v2\/pages\/2708511\/revisions\/2825773"}],"wp:featuredmedia":[{"embeddable":true,"href":"https:\/\/www.camping-le-calagogo.fr\/de\/wp-json\/wp\/v2\/media\/3333"}],"wp:attachment":[{"href":"https:\/\/www.camping-le-calagogo.fr\/de\/wp-json\/wp\/v2\/media?parent=2708511"}],"wp:term":[{"taxonomy":"sujet","embeddable":true,"href":"https:\/\/www.camping-le-calagogo.fr\/de\/wp-json\/wp\/v2\/sujet?post=2708511"}],"curies":[{"name":"wp","href":"https:\/\/api.w.org\/{rel}","templated":true}]}}