{"id":2708530,"date":"2023-10-18T09:46:05","date_gmt":"2023-10-18T07:46:05","guid":{"rendered":"https:\/\/www.camping-le-calagogo.fr\/garantie-stornierung\/"},"modified":"2025-12-02T15:41:20","modified_gmt":"2025-12-02T14:41:20","slug":"garantie-stornierung","status":"publish","type":"page","link":"https:\/\/www.camping-le-calagogo.fr\/de\/garantie-stornierung\/","title":{"rendered":"Early Booking"},"content":{"rendered":"<section id=\"ls-section-block_e6f32c78a055463d4d6e7136874f1c3e\" class=\"ls-section  page-chapeau deco has-p-b p-b-4\" >\r\n        <div class=\"container container--wide\">\r\n        \n\n<h1 class=\"ls__heading wp-block-heading has-text-align-center\">Early Booking-Angebot des Cala Gogo <br><strong>in Saint Cyprien<\/strong><\/h1>\n\n\r\n    <\/div>\r\n<\/section>\n\n<section id=\"ls-section-block_8278fa4cf851e7b7d5cca5893788d34e\" class=\"ls-section  page-one has-p-t p-t-0 has-p-b p-b-14\" >\r\n        <div class=\"container container--wide\">\r\n        \n\n<div class=\"wp-block-columns are-vertically-aligned-center is-layout-flex wp-container-core-columns-is-layout-9d6595d7 wp-block-columns-is-layout-flex\">\n<div class=\"wp-block-column is-vertically-aligned-center first is-layout-flow wp-block-column-is-layout-flow\" style=\"flex-basis:66.7%\">\n<figure class=\"wp-block-image size-full\"><a href=\"https:\/\/www.camping-le-calagogo.fr\/wp-content\/uploads\/2023\/10\/camping-cala-gogo-a-saint-cyprien-avec-piscine-avec-des-toboggans.webp\"><img decoding=\"async\" width=\"2000\" height=\"1333\" src=\"https:\/\/www.camping-le-calagogo.fr\/wp-content\/uploads\/2023\/10\/camping-cala-gogo-a-saint-cyprien-avec-piscine-avec-des-toboggans.webp\" alt=\"\" class=\"wp-image-578\" srcset=\"https:\/\/www.camping-le-calagogo.fr\/wp-content\/uploads\/2023\/10\/camping-cala-gogo-a-saint-cyprien-avec-piscine-avec-des-toboggans.webp 2000w, https:\/\/www.camping-le-calagogo.fr\/wp-content\/uploads\/2023\/10\/camping-cala-gogo-a-saint-cyprien-avec-piscine-avec-des-toboggans-300x200.webp 300w, https:\/\/www.camping-le-calagogo.fr\/wp-content\/uploads\/2023\/10\/camping-cala-gogo-a-saint-cyprien-avec-piscine-avec-des-toboggans-1024x682.webp 1024w, https:\/\/www.camping-le-calagogo.fr\/wp-content\/uploads\/2023\/10\/camping-cala-gogo-a-saint-cyprien-avec-piscine-avec-des-toboggans-768x512.webp 768w, https:\/\/www.camping-le-calagogo.fr\/wp-content\/uploads\/2023\/10\/camping-cala-gogo-a-saint-cyprien-avec-piscine-avec-des-toboggans-1536x1024.webp 1536w\" sizes=\"(max-width: 2000px) 100vw, 2000px\" \/><\/a><\/figure>\n<\/div>\n\n\n\n<div class=\"wp-block-column is-vertically-aligned-center second is-layout-flow wp-block-column-is-layout-flow\" style=\"flex-basis:33.3%\">\n<p class=\"ls-paragraph has-text-align-left\">Mit dem <strong>Early Booking-Angebot<\/strong> des Cala-Gogo gilt: Je fr\u00fcher Sie buchen, desto besser k\u00f6nnen Sie Ihren Urlaub planen. Profitieren Sie von einem<strong> Rabatt von 10 % auf Ihr Mobilheim <\/strong>f\u00fcr alle Buchungen, die vor dem 28\/02\/2026 registriert werden.<\/p>\n\n\n\n<p class=\"ls-paragraph has-text-align-left\">Das Cala-Gogo bietet Ihnen dar\u00fcber hinaus weitere VORTEILE:<\/p>\n\n\n\n<ul class=\"ls-list ls-list-undefined wp-block-list\">\n<li>Die <strong>M\u00f6glichkeit, Ihren Stellplatz<\/strong> oder Ihr Mobilheim zu w\u00e4hlen. Wie sch\u00f6n es ist, selbst zu entscheiden, wo man seine Koffer abstellt, und neben langj\u00e4hrigen Freunden zu sitzen und sch\u00f6ne Momente zu teilen.<\/li>\n\n\n\n<li>Die Garantie, dass Sie Ihren Aufenthalt bis zu 30 Tage vor Ankunft kostenlos stornieren oder verschieben k\u00f6nnen mit der Serenity-Garantie (Covid-Spezial &#8211; siehe AGB) oder der Zen-Garantie (siehe Bedingung AGB).<\/li>\n\n\n\n<li>Die Zahlung in mehreren Raten mit einem Saldo einen Monat vor Ihrer Ankunft, damit Sie Ihr Budget im Griff haben.<\/li>\n\n\n\n<li>Flexible Ankunftstage in verschiedenen Zeitr\u00e4umen, um eine stressfreie Reise zu erm\u00f6glichen<\/li>\n<\/ul>\n\n\n\n<p class=\"ls-paragraph has-text-align-left addReadMore showlesscontent\">Early Booking bis zum 28\/02\/2026 ist die richtige Promotion f\u00fcr einen gut geplanten Urlaub in einer sonnigen Region und auf dem von der Familie ausgew\u00e4hlten Campingplatz zum besten Preis! Warten Sie nicht l\u00e4nger!<\/p>\n\n\n\n<a href=\"https:\/\/bookingpremium.secureholiday.net\/fr\/2224\/offers?_ga=2.94130841.501342646.1696958619-92885158.1695638371&#038;_gl=1*eqclui*_ga*OTI4ODUxNTguMTY5NTYzODM3MQ..*_ga_4KTSZ1C4HZ*MTY5NzAyMDczMS45LjEuMTY5NzAyNDIxNy42MC4wLjA.\" id=\"ls-button-block_a5a801ad639f2be1b9a9ecb90f584ebf\" target=\"\" rel=\"\" class=\"ls-button alignleft\" ><span>Ich genie\u00dfe es jetzt<\/span> <i class='calagogo-right-arrow'><\/i><\/a>\n<\/div>\n<\/div>\n\n\r\n    <\/div>\r\n<\/section>\n\n<section id=\"ls-section-block_ed8e1167b56d426f53f28381e64947a1\" class=\"ls-section  page-one has-background has-color-4-background-color has-m-t m-t-0\" >\r\n        <div class=\"container container--wide\">\r\n        \n\n<div class=\"wp-block-columns is-layout-flex wp-container-core-columns-is-layout-9d6595d7 wp-block-columns-is-layout-flex\">\n<div class=\"wp-block-column m-l-4 is-layout-flow wp-block-column-is-layout-flow\">\n<h2 class=\"ls__heading wp-block-heading\">Zen&#8220;-Reiser\u00fccktrittsgarantie, die unter allen Umst\u00e4nden anwendbar ist<\/h2>\n\n\n\n<p class=\"ls-paragraph has-text-align-left\">Die interne <strong>ZEN-Stornierungsgarantie <\/strong>des Campings wird bei der Buchung f\u00fcr <strong>3% des Aufenthaltspreises<\/strong> abgeschlossen. Sie bleibt freiwillig.<\/p>\n\n\n\n<p class=\"ls-paragraph has-text-align-left\">Wenn sich der\/die Klient\/in entscheidet, diese nicht abzuschlie\u00dfen, hat er\/sie im Falle einer Stornierung keinen Anspruch auf eine R\u00fcckerstattung. Stornierungsanfragen sollten ausschlie\u00dflich per E-Mail gestellt werden.  <\/p>\n\n\n\n<p class=\"ls-paragraph has-text-align-left\">Der gezahlte Betrag wird Ihnen wie folgt zur\u00fcckerstattet:<\/p>\n\n\n\n<ul class=\"ls-list wp-block-list\">\n\n<li>100% mehr als 30 Tage vor Beginn des Aufenthalts (Bearbeitungsgeb\u00fchren und Stornierungsgarantie werden nicht zur\u00fcckerstattet).<\/li>\n\n\n<li>50 % mehr als 15 Tage vor Beginn Ihres Aufenthalts, (Bearbeitungsgeb\u00fchren und Stornierungsgarantie werden nicht zur\u00fcckerstattet).<\/li>\n\n\n<li>25% mehr als 7 Tage vor Beginn Ihres Aufenthalts (Bearbeitungsgeb\u00fchren und Stornierungsgarantie werden nicht zur\u00fcckerstattet).<\/li>\n\n\n<li>Weniger als 7 Tage vor Beginn des Aufenthalts, werden die Betr\u00e4ge vom Camping einbehalten.<\/li>\n\n<\/ul>\n\n\n\n<p class=\"ls-paragraph has-text-align-left\"><strong>Anwendbare Bedingungen der Annullierungsgarantie:<\/strong> Schwere Krankheit, Tod eines Mitglieds  <\/p>\n<\/div>\n<\/div>\n\n\r\n    <\/div>\r\n<\/section>\n\n<section id=\"ls-section-block_400d490c41fbf5af029f08c01007dfad\" class=\"ls-section  page-maillage has-p-b p-b-14\" >\r\n        <div class=\"container container--wide\">\r\n        \n\n<div id=\"ls-heading ls-titre-div-block_158037a4874630ba18f223d6080f44af\" class=\"ls-titre-div m-left h2-like\" >\n    Entdecken Sie die <\/br>Cala-Gogo!<\/div>\n\n\n<div id=\"ls-maillage-block_1181e58d24e7b21d3153c31a2d0b893f\" class=\"ls-maillage cta-style-normal\" data-rows=\"3\">\n    <div class=\"wp-block-columns  \"><div class=\"wp-block-column\"><div id=\"destinations\" class=\"ls-cta\">\n\n<a href=\"https:\/\/www.camping-le-calagogo.fr\/de\/camping-services-pyrenees-orientales\/\" target=\"\" rel=\"noopener\" class=\"ls-cta__link\">\n\n\t<div class=\"ls-cta__image\"><img decoding=\"async\" src=\"https:\/\/www.camping-le-calagogo.fr\/wp-content\/uploads\/2023\/12\/epicerie-languedoc.webp\" alt=\"\"><\/div>\n\t<div class=\"ls-cta__title\">\n\t\tDienstleistungen und Gesch\u00e4fte\t<\/div>\n\t\n\t\t\n<\/a><\/div><\/div><div class=\"wp-block-column\"><div id=\"destinations\" class=\"ls-cta\">\n\n<a href=\"https:\/\/www.camping-le-calagogo.fr\/de\/camping-meeresufer-languedoc-roussillon\/\" target=\"\" rel=\"noopener\" class=\"ls-cta__link\">\n\n\t<div class=\"ls-cta__image\"><img decoding=\"async\" src=\"https:\/\/www.camping-le-calagogo.fr\/wp-content\/uploads\/2023\/12\/camping-bord-mer-saint-cyprien.webp\" alt=\"\"><\/div>\n\t<div class=\"ls-cta__title\">\n\t\tMeeresufer\t<\/div>\n\t\n\t\t\n<\/a><\/div><\/div><div class=\"wp-block-column\"><div id=\"destinations\" class=\"ls-cta\">\n\n<a href=\"https:\/\/www.camping-le-calagogo.fr\/de\/camping-billig-languedoc-roussillon\/\" target=\"\" rel=\"noopener\" class=\"ls-cta__link\">\n\n\t<div class=\"ls-cta__image\"><img decoding=\"async\" src=\"https:\/\/www.camping-le-calagogo.fr\/wp-content\/uploads\/2023\/12\/camping-reception.webp\" alt=\"\"><\/div>\n\t<div class=\"ls-cta__title\">\n\t\tTarife\t<\/div>\n\t\n\t\t\n<\/a><\/div><\/div><\/div><\/div>\n\r\n    <\/div>\r\n<\/section>","protected":false},"excerpt":{"rendered":"","protected":false},"author":1,"featured_media":2630412,"parent":0,"menu_order":0,"comment_status":"closed","ping_status":"closed","template":"","meta":{"_acf_changed":false,"_seopress_robots_primary_cat":"","_seopress_titles_title":"Early Booking; Stornierungsgarantie in Saint-Cyprien Plage","_seopress_titles_desc":"","_seopress_robots_index":"","inline_featured_image":false,"footnotes":""},"sujet":[],"class_list":["post-2708530","page","type-page","status-publish","has-post-thumbnail","hentry"],"acf":[],"_links":{"self":[{"href":"https:\/\/www.camping-le-calagogo.fr\/de\/wp-json\/wp\/v2\/pages\/2708530","targetHints":{"allow":["GET"]}}],"collection":[{"href":"https:\/\/www.camping-le-calagogo.fr\/de\/wp-json\/wp\/v2\/pages"}],"about":[{"href":"https:\/\/www.camping-le-calagogo.fr\/de\/wp-json\/wp\/v2\/types\/page"}],"author":[{"embeddable":true,"href":"https:\/\/www.camping-le-calagogo.fr\/de\/wp-json\/wp\/v2\/users\/1"}],"replies":[{"embeddable":true,"href":"https:\/\/www.camping-le-calagogo.fr\/de\/wp-json\/wp\/v2\/comments?post=2708530"}],"version-history":[{"count":8,"href":"https:\/\/www.camping-le-calagogo.fr\/de\/wp-json\/wp\/v2\/pages\/2708530\/revisions"}],"predecessor-version":[{"id":2847840,"href":"https:\/\/www.camping-le-calagogo.fr\/de\/wp-json\/wp\/v2\/pages\/2708530\/revisions\/2847840"}],"wp:featuredmedia":[{"embeddable":true,"href":"https:\/\/www.camping-le-calagogo.fr\/de\/wp-json\/wp\/v2\/media\/2630412"}],"wp:attachment":[{"href":"https:\/\/www.camping-le-calagogo.fr\/de\/wp-json\/wp\/v2\/media?parent=2708530"}],"wp:term":[{"taxonomy":"sujet","embeddable":true,"href":"https:\/\/www.camping-le-calagogo.fr\/de\/wp-json\/wp\/v2\/sujet?post=2708530"}],"curies":[{"name":"wp","href":"https:\/\/api.w.org\/{rel}","templated":true}]}}