{"id":2708540,"date":"2023-10-18T09:42:49","date_gmt":"2023-10-18T07:42:49","guid":{"rendered":"https:\/\/www.camping-le-calagogo.fr\/camping-anwb-saint-cyprien\/"},"modified":"2024-09-03T14:43:46","modified_gmt":"2024-09-03T12:43:46","slug":"camping-anwb-saint-cyprien","status":"publish","type":"page","link":"https:\/\/www.camping-le-calagogo.fr\/de\/camping-anwb-saint-cyprien\/","title":{"rendered":"ANWB"},"content":{"rendered":"<section id=\"ls-section-block_10dcae636eb00c6ecb30b3a515ae87d4\" class=\"ls-section  page-chapeau has-p-b p-b-4\" >\r\n        <div class=\"container \">\r\n        \n\n<h1 class=\"ls__heading wp-block-heading has-text-align-center deco\">Camping ANWB<br><strong>in Saint Cyprien Plage<\/strong><\/h1>\n\n\r\n    <\/div>\r\n<\/section>\n\n<section id=\"ls-section-block_0c17c710cea111c6ef6cc2f570127d48\" class=\"ls-section  page-one has-p-t p-t-0 has-p-b p-b-14\" >\r\n        <div class=\"container container--wide\">\r\n        \n\n<div class=\"wp-block-columns is-layout-flex wp-container-core-columns-is-layout-9d6595d7 wp-block-columns-is-layout-flex\">\n<div class=\"wp-block-column is-vertically-aligned-center first is-layout-flow wp-block-column-is-layout-flow\" style=\"flex-basis:66.7%\">\n<figure class=\"wp-block-image size-full\"><img decoding=\"async\" width=\"1878\" height=\"1200\" src=\"https:\/\/www.camping-le-calagogo.fr\/wp-content\/uploads\/2023\/12\/location-velo-perpignan.webp\" alt=\"vermietung von fahrr\u00e4dern perpignan\" class=\"wp-image-2629898\" srcset=\"https:\/\/www.camping-le-calagogo.fr\/wp-content\/uploads\/2023\/12\/location-velo-perpignan.webp 1878w, https:\/\/www.camping-le-calagogo.fr\/wp-content\/uploads\/2023\/12\/location-velo-perpignan-300x192.webp 300w, https:\/\/www.camping-le-calagogo.fr\/wp-content\/uploads\/2023\/12\/location-velo-perpignan-1024x654.webp 1024w, https:\/\/www.camping-le-calagogo.fr\/wp-content\/uploads\/2023\/12\/location-velo-perpignan-768x491.webp 768w, https:\/\/www.camping-le-calagogo.fr\/wp-content\/uploads\/2023\/12\/location-velo-perpignan-1536x981.webp 1536w\" sizes=\"(max-width: 1878px) 100vw, 1878px\" \/><\/figure>\n<\/div>\n\n\n\n<div class=\"wp-block-column is-vertically-aligned-center second is-layout-flow wp-block-column-is-layout-flow\" style=\"flex-basis:33.3%\">\n<h2 class=\"ls__heading wp-block-heading\">Der ANWB: Algemene Nederlandsche Wielrijdersbond (K\u00f6niglich Niederl\u00e4ndischer Touring Club)<\/h2>\n\n\n\n<p class=\"ls-paragraph\">Der Royal Dutch Touring Club (Algemene Nederlandsche Wielrijdersbond &#8211; ANWB) ist ein 1883 gegr\u00fcndeter niederl\u00e4ndischer Verein, der verschiedene Aktivit\u00e4ten im Zusammenhang mit dem Tourismus aus\u00fcbt. Sie bietet L\u00f6sungen <strong>f\u00fcr Reise- und Fahrzeugversicherungen<\/strong> (Autos, Wohnwagen, Fahrr\u00e4der, Motorroller, Boote) und bewertet mit <strong>Unterst\u00fctzung des ADAC<\/strong> Tausende von Campingpl\u00e4tzen in Europa.<\/p>\n<\/div>\n<\/div>\n\n\r\n    <\/div>\r\n<\/section>\n\n<section id=\"ls-section-block_824d91aa889d7a85b39728897eca2148\" class=\"ls-section  page-two mosaique has-background has-color-4-background-color has-p-t p-t-14 has-p-b p-b-14\" >\r\n        <div class=\"container container--wide\">\r\n        \n\n<div class=\"wp-block-columns is-layout-flex wp-container-core-columns-is-layout-9d6595d7 wp-block-columns-is-layout-flex\">\n<div class=\"wp-block-column is-vertically-aligned-center is-layout-flow wp-block-column-is-layout-flow\">\n<p class=\"ls-paragraph\">Sie enth\u00e4lt n\u00fctzliche Informationen f\u00fcr die Vorbereitung eines <strong>Campingurlaubs<\/strong>, wie z. B. die zul\u00e4ssigen H\u00f6chstgeschwindigkeiten f\u00fcr Autos, die einen Wohnwagen ziehen, die Verpackung von Paketen, Gasflaschen und die f\u00fcr einen <strong>erfolgreichen Campingaufenthalt<\/strong> unerl\u00e4ssliche Ausr\u00fcstung.<\/p>\n\n\n\n<p class=\"ls-paragraph\">Die <a href=\"https:\/\/www.anwb.nl\/\" target=\"_blank\" rel=\"noreferrer noopener\">ANWB-Website<\/a> verf\u00fcgt auch \u00fcber einen Blog, in dem Sie Tipps finden, wie Sie <strong>Ihren Urlaub<\/strong> auf einem <a href=\"https:\/\/www.camping-le-calagogo.fr\/de\/camping-billig-languedoc-roussillon\/\" data-type=\"page\" data-id=\"2178\">g\u00fcnstigen Campingplatz in Languedoc-Roussillon<\/a> und \u00fcberall in Frankreich oder sogar weltweit <strong>optimieren<\/strong> k\u00f6nnen. Hier erfahren Sie unter anderem, was Sie bei Regenwetter tun k\u00f6nnen, wenn Sie in einer Zeltplane schlafen, und welche Lampen Sie f\u00fcr eine optimale Beleuchtung auf <strong>Ihrem Zeltplatz<\/strong> bevorzugen sollten.<\/p>\n\n\n\n<p class=\"ls-paragraph\">Die <strong>ANWB-Karte<\/strong> berechtigt zu verschiedenen Vorteilen wie <strong>Rabatten und Sonderangeboten<\/strong>, exklusiven Dienstleistungen, Expertenrat und kostenlosen Routenkarten.<\/p>\n<\/div>\n\n\n\n<div class=\"wp-block-column is-vertically-aligned-center is-layout-flow wp-block-column-is-layout-flow\">\n<figure class=\"wp-block-image size-full\"><img decoding=\"async\" width=\"1800\" height=\"1200\" src=\"https:\/\/www.camping-le-calagogo.fr\/wp-content\/uploads\/2023\/12\/louer-emplacement-saint-cyprien.webp\" alt=\"mieten wohnung saint cyprien\" class=\"wp-image-2630308\" srcset=\"https:\/\/www.camping-le-calagogo.fr\/wp-content\/uploads\/2023\/12\/louer-emplacement-saint-cyprien.webp 1800w, https:\/\/www.camping-le-calagogo.fr\/wp-content\/uploads\/2023\/12\/louer-emplacement-saint-cyprien-300x200.webp 300w, https:\/\/www.camping-le-calagogo.fr\/wp-content\/uploads\/2023\/12\/louer-emplacement-saint-cyprien-1024x683.webp 1024w, https:\/\/www.camping-le-calagogo.fr\/wp-content\/uploads\/2023\/12\/louer-emplacement-saint-cyprien-768x512.webp 768w, https:\/\/www.camping-le-calagogo.fr\/wp-content\/uploads\/2023\/12\/louer-emplacement-saint-cyprien-1536x1024.webp 1536w\" sizes=\"(max-width: 1800px) 100vw, 1800px\" \/><\/figure>\n<\/div>\n<\/div>\n\n\r\n    <\/div>\r\n<\/section>\n\n<section id=\"ls-section-block_e5bffd31bdc873279deb73d12a9430c8\" class=\"ls-section  section-parallax has-parallax has-p-t p-t-14 has-p-b p-b-14\" >\r\n        <div class=\"container container--wide\">\r\n        \n\n<h2 class=\"ls__heading wp-block-heading has-text-align-center\">Warum einen ANWB-Campingplatz w\u00e4hlen?<\/h2>\n\n\n\n<p class=\"ls-paragraph has-text-align-center\">Der ANWB bewertet Tausende von Campingpl\u00e4tzen und gibt ihnen eine Bewertung von 1 bis 5 Sternen. Die Vergabe dieser Note beruht auf objektiven Kriterien wie der Infrastruktur und den <strong>Leistungen<\/strong>, die vor Ort von der \u00d6ffnung bis zur Schlie\u00dfung des <a href=\"https:\/\/www.camping-le-calagogo.fr\/de\/camping-argeles-sur-mer\/camping-billig-argeles-sur-mer\/\" data-type=\"page\" data-id=\"102\">preisg\u00fcnstigsten Campingplatzes in der N\u00e4he von Argel\u00e8s-sur-Mer<\/a> <strong>angeboten<\/strong> werden.<\/p>\n\n\n\n<p class=\"ls-paragraph has-text-align-center\">Wenn Sie Ihren Aufenthalt auf einem ANWB Camping wie unserem  <a href=\"https:\/\/www.camping-le-calagogo.fr\/de\/\" data-type=\"page\" data-id=\"9\">Campingplatz in Saint-Cyprien<\/a>Sie haben die Garantie, dass Sie in Ihrem  <strong>Freilufthotel ein beheiztes Schwimmbad<\/strong>Es gibt eine Bar, ein Restaurant, Wi-Fi, eine W\u00e4scherei, einen Fahrradverleih, einen Spielplatz, eine H\u00fcpfburg und eine B\u00e4ckerei.<\/p>\n\n\n\n<p class=\"ls-paragraph has-text-align-center\">Das <strong>ANWB-Siegel<\/strong> ist eine Qualit\u00e4tsgarantie f\u00fcr <strong>einen gelungenen Urlaub<\/strong> auf einem Campingplatz, der seinen Verpflichtungen nachkommt und den Besuchern die erwarteten Leistungen bietet. Beachten Sie, dass Cala-Gogo auch ein <a href=\"https:\/\/www.camping-le-calagogo.fr\/de\/camping-adac-saint-cyprien\/\" data-type=\"page\" data-id=\"122\">ADAC-<\/a> und ein <a href=\"https:\/\/www.camping-le-calagogo.fr\/de\/camping-acsi-saint-cyprien\/\" data-type=\"page\" data-id=\"118\">ACSI-Campingplatz<\/a> ist.<\/p>\n\n\r\n    <\/div>\r\n<\/section>\n\n<section id=\"ls-section-block_dcf21d349d139c4a35440eea96ed2181\" class=\"ls-section  page-maillage has-p-b p-b-14\" >\r\n        <div class=\"container container--wide\">\r\n        \n\n<div id=\"ls-heading ls-titre-div-block_d331a9acac0a335d854eac6cc32206c0\" class=\"ls-titre-div m-left h2-like\" >\n    Mobilheime und Stellpl\u00e4tze <\/br>auf dem Campingplatz<\/div>\n\n\n<div id=\"ls-maillage-block_09c0e524fb164167325794023bd40233\" class=\"ls-maillage cta-style-normal\" data-rows=\"3\">\n    <div class=\"wp-block-columns  \"><div class=\"wp-block-column\"><div id=\"destinations\" class=\"ls-cta\">\n\n<a href=\"https:\/\/www.camping-le-calagogo.fr\/de\/vermietung-mobil-home-languedoc-roussillon\/\" target=\"\" rel=\"noopener\" class=\"ls-cta__link\">\n\n\t<div class=\"ls-cta__image\"><img decoding=\"async\" src=\"https:\/\/www.camping-le-calagogo.fr\/wp-content\/uploads\/2023\/12\/sejour-mobil-home-pyrenees-orientales.webp\" alt=\"\"><\/div>\n\t<div class=\"ls-cta__title\">\n\t\tMobilheime\t<\/div>\n\t\n\t\t\n<\/a><\/div><\/div><div class=\"wp-block-column\"><div id=\"destinations\" class=\"ls-cta\">\n\n<a href=\"https:\/\/www.camping-le-calagogo.fr\/de\/camping-argeles-sur-mer\/stellplatz-caravaning-argeles-sur-mer\/\" target=\"\" rel=\"noopener\" class=\"ls-cta__link\">\n\n\t<div class=\"ls-cta__image\"><img decoding=\"async\" src=\"https:\/\/www.camping-le-calagogo.fr\/wp-content\/uploads\/2023\/12\/caravaning-saint-cyprien.webp\" alt=\"\"><\/div>\n\t<div class=\"ls-cta__title\">\n\t\tStandorte\t<\/div>\n\t\n\t\t\n<\/a><\/div><\/div><div class=\"wp-block-column\"><div id=\"destinations\" class=\"ls-cta\">\n\n<a href=\"https:\/\/www.camping-le-calagogo.fr\/de\/camping-meeresufer-languedoc-roussillon\/\" target=\"\" rel=\"noopener\" class=\"ls-cta__link\">\n\n\t<div class=\"ls-cta__image\"><img decoding=\"async\" src=\"https:\/\/www.camping-le-calagogo.fr\/wp-content\/uploads\/2023\/12\/camping-bord-mer-saint-cyprien.webp\" alt=\"\"><\/div>\n\t<div class=\"ls-cta__title\">\n\t\tMeeresufer\t<\/div>\n\t\n\t\t\n<\/a><\/div><\/div><\/div><\/div>\n\r\n    <\/div>\r\n<\/section>","protected":false},"excerpt":{"rendered":"","protected":false},"author":1,"featured_media":2629953,"parent":0,"menu_order":0,"comment_status":"closed","ping_status":"closed","template":"","meta":{"_acf_changed":false,"_seopress_robots_primary_cat":"","_seopress_titles_title":"ANWB Campingplatz am Meer | ANWB Angebote | Camping ANWB Saint-Cyprien","_seopress_titles_desc":"W\u00e4hlen Sie den Campingplatz ANWB Cala-Gogo f\u00fcr qualitativ hochwertige Dienstleistungen und Unterk\u00fcnfte w\u00e4hrend Ihres Campingurlaubs am Meer in den Pyr\u00e9n\u00e9es Orientales.","_seopress_robots_index":"","inline_featured_image":false,"footnotes":""},"sujet":[],"class_list":["post-2708540","page","type-page","status-publish","has-post-thumbnail","hentry"],"acf":[],"_links":{"self":[{"href":"https:\/\/www.camping-le-calagogo.fr\/de\/wp-json\/wp\/v2\/pages\/2708540","targetHints":{"allow":["GET"]}}],"collection":[{"href":"https:\/\/www.camping-le-calagogo.fr\/de\/wp-json\/wp\/v2\/pages"}],"about":[{"href":"https:\/\/www.camping-le-calagogo.fr\/de\/wp-json\/wp\/v2\/types\/page"}],"author":[{"embeddable":true,"href":"https:\/\/www.camping-le-calagogo.fr\/de\/wp-json\/wp\/v2\/users\/1"}],"replies":[{"embeddable":true,"href":"https:\/\/www.camping-le-calagogo.fr\/de\/wp-json\/wp\/v2\/comments?post=2708540"}],"version-history":[{"count":16,"href":"https:\/\/www.camping-le-calagogo.fr\/de\/wp-json\/wp\/v2\/pages\/2708540\/revisions"}],"predecessor-version":[{"id":2845828,"href":"https:\/\/www.camping-le-calagogo.fr\/de\/wp-json\/wp\/v2\/pages\/2708540\/revisions\/2845828"}],"wp:featuredmedia":[{"embeddable":true,"href":"https:\/\/www.camping-le-calagogo.fr\/de\/wp-json\/wp\/v2\/media\/2629953"}],"wp:attachment":[{"href":"https:\/\/www.camping-le-calagogo.fr\/de\/wp-json\/wp\/v2\/media?parent=2708540"}],"wp:term":[{"taxonomy":"sujet","embeddable":true,"href":"https:\/\/www.camping-le-calagogo.fr\/de\/wp-json\/wp\/v2\/sujet?post=2708540"}],"curies":[{"name":"wp","href":"https:\/\/api.w.org\/{rel}","templated":true}]}}