{"id":2708548,"date":"2023-10-18T09:42:33","date_gmt":"2023-10-18T07:42:33","guid":{"rendered":"https:\/\/www.camping-le-calagogo.fr\/camping-adac-saint-cyprien\/"},"modified":"2024-09-03T14:43:25","modified_gmt":"2024-09-03T12:43:25","slug":"camping-adac-saint-cyprien","status":"publish","type":"page","link":"https:\/\/www.camping-le-calagogo.fr\/de\/camping-adac-saint-cyprien\/","title":{"rendered":"Adac"},"content":{"rendered":"<section id=\"ls-section-block_c3ff0dfe31f43a9a9c5e8b12aa9fe3a0\" class=\"ls-section  page-chapeau has-p-b p-b-4\" >\r\n        <div class=\"container \">\r\n        \n\n<h1 class=\"ls__heading wp-block-heading has-text-align-center deco\">Camping Adac<br><strong>in Saint Cyprien Plage<\/strong><\/h1>\n\n\r\n    <\/div>\r\n<\/section>\n\n<section id=\"ls-section-block_7b1f843ddcdb0f1e2189d909bbfb757a\" class=\"ls-section  page-one has-p-t p-t-0 has-p-b p-b-14\" >\r\n        <div class=\"container container--wide\">\r\n        \n\n<div class=\"wp-block-columns is-layout-flex wp-container-core-columns-is-layout-9d6595d7 wp-block-columns-is-layout-flex\">\n<div class=\"wp-block-column is-vertically-aligned-center first is-layout-flow wp-block-column-is-layout-flow\" style=\"flex-basis:66.7%\">\n<figure class=\"wp-block-image size-full\"><img decoding=\"async\" width=\"1800\" height=\"1200\" src=\"https:\/\/www.camping-le-calagogo.fr\/wp-content\/uploads\/2023\/12\/emplacement-caravaning-saint-cyprien.webp\" alt=\"camping adac saint cyprien\" class=\"wp-image-2630291\" srcset=\"https:\/\/www.camping-le-calagogo.fr\/wp-content\/uploads\/2023\/12\/emplacement-caravaning-saint-cyprien.webp 1800w, https:\/\/www.camping-le-calagogo.fr\/wp-content\/uploads\/2023\/12\/emplacement-caravaning-saint-cyprien-300x200.webp 300w, https:\/\/www.camping-le-calagogo.fr\/wp-content\/uploads\/2023\/12\/emplacement-caravaning-saint-cyprien-1024x683.webp 1024w, https:\/\/www.camping-le-calagogo.fr\/wp-content\/uploads\/2023\/12\/emplacement-caravaning-saint-cyprien-768x512.webp 768w, https:\/\/www.camping-le-calagogo.fr\/wp-content\/uploads\/2023\/12\/emplacement-caravaning-saint-cyprien-1536x1024.webp 1536w\" sizes=\"(max-width: 1800px) 100vw, 1800px\" \/><\/figure>\n<\/div>\n\n\n\n<div class=\"wp-block-column is-vertically-aligned-center second is-layout-flow wp-block-column-is-layout-flow\" style=\"flex-basis:33.3%\">\n<h2 class=\"ls__heading wp-block-heading\">Die ADAC-Karte: Wie funktioniert sie?<\/h2>\n\n\n\n<p class=\"ls-paragraph\">Geh\u00f6ren Sie zu den Urlaubern, die die <strong>Nebensaison<\/strong> bevorzugen, um den Menschenmassen, dem Festivaltrubel und den hohen Preisen zu entgehen? <strong>Freie und flexible<\/strong> Reisende, die gerne im Fr\u00fchling oder Herbst unterwegs sind, wenn die Natur ihre sch\u00f6nsten Farben zeigt?<\/p>\n\n\n\n<p class=\"ls-paragraph\">Wenn Sie die <a href=\"https:\/\/www.pincamp.de\/?welcome=true)\">ADAC-Karte<\/a> besitzen, k\u00f6nnen Sie f\u00fcr alle Ihre Aufenthalte in der Nebensaison auf dem <a href=\"https:\/\/www.camping-le-calagogo.fr\/de\/\" data-type=\"page\" data-id=\"9\">Campingplatz Cala-Gogo in Saint-Cyprien<\/a> von au\u00dfergew\u00f6hnlichen Sonderangeboten profitieren und so einen Campingurlaub <strong>in den Pyr\u00e9n\u00e9es-Orientales zum besten Preis<\/strong> verbringen.<\/p>\n\n\n\n<p class=\"ls-paragraph\">Egal, ob Sie in Mobilheimen oder auf Camping-Stellpl\u00e4tzen \u00fcbernachten, entdecken Sie alle Vorteile der ADAC-Karte.<\/p>\n\n\n\n<p class=\"ls-paragraph addReadMore showlesscontent\"><strong>Die ADAC-Karte<\/strong>, deren Funktionsweise auf der der Acsi-Karte basiert, garantiert Ihnen Vorzugspreise auf allen Campingpl\u00e4tzen, die dem Netzwerk des ADAC angeh\u00f6ren. <strong>Die Erm\u00e4\u00dfigungen<\/strong> gelten f\u00fcr Stellpl\u00e4tze, aber auch f\u00fcr Mobilheime und andere voll ausgestattete Mietunterk\u00fcnfte.<\/p>\n\n\n\n<p class=\"ls-paragraph\">Wenn Sie Ihre ADAC-Karte bestellen, k\u00f6nnen Sie <strong>zu erm\u00e4\u00dfigten Preisen<\/strong> auf Premium-Campingpl\u00e4tzen <strong>\u00fcbernachten<\/strong>, deren Qualit\u00e4t der Dienstleistungen und Infrastrukturen regelm\u00e4\u00dfig vom Verband kontrolliert werden. Aus diesem Grund geh\u00f6rt der <strong>ADAC-F\u00fchrer<\/strong> zu den renommiertesten Camping-F\u00fchrern in Frankreich und Europa.<\/p>\n<\/div>\n<\/div>\n\n\r\n    <\/div>\r\n<\/section>\n\n<section id=\"ls-section-block_97ade8cc65166950eab609e4c5073578\" class=\"ls-section  section-parallax has-parallax has-background has-color-4-background-color has-p-t p-t-14 has-p-b p-b-14\" >\r\n        <div class=\"container container--wide\">\r\n        \n\n<h2 class=\"ls__heading wp-block-heading has-text-align-center\">Angebote und Rabatte auf unserem ADAC Camping am Mittelmeer<\/h2>\n\n\n\n<p class=\"ls-paragraph has-text-align-center\">Besitzen Sie eine <strong>ADAC-Karte<\/strong>? Ihre Karte ist Ihre Br\u00fccke zu verschiedenen <strong>Sonderangeboten<\/strong>. Wenn Sie bei Ihrer Ankunft auf dem <a href=\"https:\/\/www.camping-le-calagogo.fr\/de\/camping-argeles-sur-mer\/camping-billig-argeles-sur-mer\/\" data-type=\"page\" data-id=\"102\">g\u00fcnstigen Campingplatz Argel\u00e8s<\/a> Ihre Karte vorzeigen, k\u00f6nnen Sie Ihre Zeltplane aufstellen, Ihren <strong>Wohnwagen oder Ihr Wohnmobil<\/strong> parken und haben freien Zugang zu allen unseren Einrichtungen, insbesondere zu unserem Wasserpark mit seinen Schwimmb\u00e4dern.<\/p>\n\n\n\n<p class=\"ls-paragraph has-text-align-center\">Werden Sie Mitglied der  <strong>ADAC Campingpl\u00e4tze<\/strong>Sie sparen bei jedem Camping-Urlaub eine Menge Geld und k\u00f6nnen sich eine Menge Spa\u00df leisten.  <a href=\"https:\/\/www.camping-le-calagogo.fr\/de\/camping-billig-languedoc-roussillon\/\" data-type=\"page\" data-id=\"2178\">au\u00dfergew\u00f6hnlicher Urlaub zu geringen Kosten<\/a>  am Mittelmeer, am Atlantik, an der C\u00f4te d&#8217;Azur oder in den Bergen in Frankreich und im Ausland in \u00fcber 2 000 Partnerhotels im Freien.<\/p>\n\n\n\n<p class=\"ls-paragraph has-text-align-center\">Dar\u00fcber hinaus bietet die ADAC-Karte eine Reihe weiterer Vorteile, wie z. B. <strong>g\u00fcnstige Versicherungen oder Pr\u00e4mien<\/strong>. Cala-Gogo ist ebenfalls ein <a href=\"https:\/\/www.camping-le-calagogo.fr\/de\/camping-anwb-saint-cyprien\/\" data-type=\"page\" data-id=\"126\">ANWB Camping<\/a>.<\/p>\n\n\r\n    <\/div>\r\n<\/section>\n\n<section id=\"ls-section-block_dfe6d4e80a5081f3f336949637682312\" class=\"ls-section  page-maillage has-p-b p-b-14\" >\r\n        <div class=\"container container--wide\">\r\n        \n\n<div id=\"ls-heading ls-titre-div-block_307f3b267707ea66ec847cf8d8956fde\" class=\"ls-titre-div m-left h2-like\" >\n    Mietunterk\u00fcnfte und Dienstleistungen <\/br>auf dem Campingplatz<\/div>\n\n\n<div id=\"ls-maillage-block_c1f4fb80007c63d7a8c9c7f13296aaf0\" class=\"ls-maillage cta-style-normal\" data-rows=\"3\">\n    <div class=\"wp-block-columns  \"><div class=\"wp-block-column\"><div id=\"destinations\" class=\"ls-cta\">\n\n<a href=\"https:\/\/www.camping-le-calagogo.fr\/de\/camping-services-pyrenees-orientales\/\" target=\"\" rel=\"noopener\" class=\"ls-cta__link\">\n\n\t<div class=\"ls-cta__image\"><img decoding=\"async\" src=\"https:\/\/www.camping-le-calagogo.fr\/wp-content\/uploads\/2023\/12\/epicerie-languedoc.webp\" alt=\"\"><\/div>\n\t<div class=\"ls-cta__title\">\n\t\tDienstleistungen und Gesch\u00e4fte\t<\/div>\n\t\n\t\t\n<\/a><\/div><\/div><div class=\"wp-block-column\"><div id=\"destinations\" class=\"ls-cta\">\n\n<a href=\"https:\/\/www.camping-le-calagogo.fr\/de\/camping-argeles-sur-mer\/vermietung-mobil-home-argeles\/\" target=\"\" rel=\"noopener\" class=\"ls-cta__link\">\n\n\t<div class=\"ls-cta__image\"><img decoding=\"async\" src=\"https:\/\/www.camping-le-calagogo.fr\/wp-content\/uploads\/2023\/12\/camping-cala-gogo-a-saint-cyprien-avec-mobil-homes_resultat.webp\" alt=\"location mobil home\"><\/div>\n\t<div class=\"ls-cta__title\">\n\t\tMobilheime\t<\/div>\n\t\n\t\t\n<\/a><\/div><\/div><div class=\"wp-block-column\"><div id=\"destinations\" class=\"ls-cta\">\n\n<a href=\"https:\/\/www.camping-le-calagogo.fr\/de\/camping-caravaning-saint-cyprien\/\" target=\"\" rel=\"noopener\" class=\"ls-cta__link\">\n\n\t<div class=\"ls-cta__image\"><img decoding=\"async\" src=\"https:\/\/www.camping-le-calagogo.fr\/wp-content\/uploads\/2023\/12\/location-emplacement-languedoc-rousillon.webp\" alt=\"\"><\/div>\n\t<div class=\"ls-cta__title\">\n\t\tStandorte\t<\/div>\n\t\n\t\t\n<\/a><\/div><\/div><\/div><\/div>\n\r\n    <\/div>\r\n<\/section>","protected":false},"excerpt":{"rendered":"","protected":false},"author":1,"featured_media":2630083,"parent":0,"menu_order":0,"comment_status":"closed","ping_status":"closed","template":"","meta":{"_acf_changed":false,"_seopress_robots_primary_cat":"","_seopress_titles_title":"Camping Adac Meeresk\u00fcste Pyr\u00e9n\u00e9es Orientales | Adac campingcard","_seopress_titles_desc":"Nutzen Sie Ihre Adac-Karte im Cala-Gogo und erhalten Sie Erm\u00e4\u00dfigungen f\u00fcr Ihren n\u00e4chsten Camping-Urlaub am Meer in den Pyr\u00e9n\u00e9es Orientales.","_seopress_robots_index":"","inline_featured_image":false,"footnotes":""},"sujet":[],"class_list":["post-2708548","page","type-page","status-publish","has-post-thumbnail","hentry"],"acf":[],"_links":{"self":[{"href":"https:\/\/www.camping-le-calagogo.fr\/de\/wp-json\/wp\/v2\/pages\/2708548","targetHints":{"allow":["GET"]}}],"collection":[{"href":"https:\/\/www.camping-le-calagogo.fr\/de\/wp-json\/wp\/v2\/pages"}],"about":[{"href":"https:\/\/www.camping-le-calagogo.fr\/de\/wp-json\/wp\/v2\/types\/page"}],"author":[{"embeddable":true,"href":"https:\/\/www.camping-le-calagogo.fr\/de\/wp-json\/wp\/v2\/users\/1"}],"replies":[{"embeddable":true,"href":"https:\/\/www.camping-le-calagogo.fr\/de\/wp-json\/wp\/v2\/comments?post=2708548"}],"version-history":[{"count":12,"href":"https:\/\/www.camping-le-calagogo.fr\/de\/wp-json\/wp\/v2\/pages\/2708548\/revisions"}],"predecessor-version":[{"id":2845826,"href":"https:\/\/www.camping-le-calagogo.fr\/de\/wp-json\/wp\/v2\/pages\/2708548\/revisions\/2845826"}],"wp:featuredmedia":[{"embeddable":true,"href":"https:\/\/www.camping-le-calagogo.fr\/de\/wp-json\/wp\/v2\/media\/2630083"}],"wp:attachment":[{"href":"https:\/\/www.camping-le-calagogo.fr\/de\/wp-json\/wp\/v2\/media?parent=2708548"}],"wp:term":[{"taxonomy":"sujet","embeddable":true,"href":"https:\/\/www.camping-le-calagogo.fr\/de\/wp-json\/wp\/v2\/sujet?post=2708548"}],"curies":[{"name":"wp","href":"https:\/\/api.w.org\/{rel}","templated":true}]}}