{"id":2708552,"date":"2023-10-18T09:48:04","date_gmt":"2023-10-18T07:48:04","guid":{"rendered":"https:\/\/www.camping-le-calagogo.fr\/kontakt-und-acces\/"},"modified":"2024-10-02T16:46:09","modified_gmt":"2024-10-02T14:46:09","slug":"kontakt-und-acces","status":"publish","type":"page","link":"https:\/\/www.camping-le-calagogo.fr\/de\/kontakt-und-acces\/","title":{"rendered":"Kontakt und Zugang"},"content":{"rendered":"<section id=\"ls-section-block_e570813dfefea4404618f2503aaaaa53\" class=\"ls-section  page-chapeau deco has-m-b m-b-4 has-p-b p-b-4\" >\r\n        <div class=\"container \">\r\n        \n\n<h1 class=\"ls__heading wp-block-heading has-text-align-center\">Wie komme ich nach Saint Cyprien?<\/h1>\n\n\r\n    <\/div>\r\n<\/section><section id=\"ls-section-block_43e3ff135ac1578d733143fcb37b5049\" class=\"ls-section \" >\r\n        <div class=\"container container--wide\">\r\n        \n\n<div class=\"wp-block-columns is-layout-flex wp-container-core-columns-is-layout-9d6595d7 wp-block-columns-is-layout-flex\">\n<div class=\"wp-block-column is-layout-flow wp-block-column-is-layout-flow\">\n<h2 class=\"ls__heading wp-block-heading\">Wie kann ich den Campingplatz kontaktieren?<\/h2>\n\n\n\n<p class=\"ls-paragraph\">Die Zahlung der Anzahlung oder des gesamten Aufenthalts kann auch <strong>direkt online<\/strong> erfolgen.<\/p>\n\n\n\n<p class=\"ls-paragraph\">Unser Empfangsteam kann Sie jedoch bei Ihrer Buchung begleiten, wenn Sie dies w\u00fcnschen: Kontaktieren Sie uns telefonisch unter 04 68 21 07 12.<\/p>\n\n\n\n<p class=\"ls-paragraph\">Die Rezeption ist t\u00e4glich von 9:00 bis 18:00 Uhr in der Schlie\u00dfzeit ge\u00f6ffnet.<\/p>\n\n\n\n<p class=\"ls-paragraph\">In der Saison ist die Rezeption t\u00e4glich von 8:00 bis 20:00 Uhr und im Juli und August bis 21:00 Uhr ge\u00f6ffnet. <\/p>\n\n\n\n<p class=\"ls-paragraph\">Jegliche Korrespondenz in Papierform muss an <a href=\"https:\/\/www.camping-le-calagogo.fr\/de\/\" data-type=\"page\" data-id=\"9\">CAMPING CALA GOGO in Saint Cyprien<\/a>, 04 avenue Armand-Lanoux, Les Capellans, 66750 Saint-Cyprien, gerichtet werden.<\/p>\n\n\n\n<p class=\"ls-paragraph\">Z\u00f6gern Sie also nicht, uns zu kontaktieren, wenn Sie vor Ihrer Buchung oder zu unseren Leistungen Fragen haben. Unser Team wird Ihnen so gut wie m\u00f6glich antworten.<\/p>\n<\/div>\n\n\n\n<div class=\"wp-block-column is-layout-flow wp-block-column-is-layout-flow\">\n<div class=\"wp-block-contact-form-7-contact-form-selector\">\n<div class=\"wpcf7 no-js\" id=\"wpcf7-f2708716-o1\" lang=\"de-DE\" dir=\"ltr\" data-wpcf7-id=\"2708716\">\n<div class=\"screen-reader-response\"><p role=\"status\" aria-live=\"polite\" aria-atomic=\"true\"><\/p> <ul><\/ul><\/div>\n<form action=\"\/de\/wp-json\/wp\/v2\/pages\/2708552#wpcf7-f2708716-o1\" method=\"post\" class=\"wpcf7-form init\" aria-label=\"Kontaktformular\" novalidate=\"novalidate\" data-status=\"init\">\n<fieldset class=\"hidden-fields-container\"><input type=\"hidden\" name=\"_wpcf7\" value=\"2708716\" \/><input type=\"hidden\" name=\"_wpcf7_version\" value=\"6.1.4\" \/><input type=\"hidden\" name=\"_wpcf7_locale\" value=\"de_DE\" \/><input type=\"hidden\" name=\"_wpcf7_unit_tag\" value=\"wpcf7-f2708716-o1\" \/><input type=\"hidden\" name=\"_wpcf7_container_post\" value=\"0\" \/><input type=\"hidden\" name=\"_wpcf7_posted_data_hash\" value=\"\" \/><input type=\"hidden\" name=\"_wpcf7_recaptcha_response\" value=\"\" \/>\n<\/fieldset>\n<p><label> Ihr Name<br \/>\n<span class=\"wpcf7-form-control-wrap\" data-name=\"your-name\"><input size=\"40\" maxlength=\"400\" class=\"wpcf7-form-control wpcf7-text wpcf7-validates-as-required\" autocomplete=\"name\" aria-required=\"true\" aria-invalid=\"false\" value=\"\" type=\"text\" name=\"your-name\" \/><\/span> <\/label>\n<\/p>\n<p><label> Ihre E-Mail<br \/>\n<span class=\"wpcf7-form-control-wrap\" data-name=\"your-email\"><input size=\"40\" maxlength=\"400\" class=\"wpcf7-form-control wpcf7-email wpcf7-validates-as-required wpcf7-text wpcf7-validates-as-email\" autocomplete=\"email\" aria-required=\"true\" aria-invalid=\"false\" value=\"\" type=\"email\" name=\"your-email\" \/><\/span> <\/label>\n<\/p>\n<p><label> Objekt<br \/>\n<span class=\"wpcf7-form-control-wrap\" data-name=\"your-subject\"><input size=\"40\" maxlength=\"400\" class=\"wpcf7-form-control wpcf7-text wpcf7-validates-as-required\" aria-required=\"true\" aria-invalid=\"false\" value=\"\" type=\"text\" name=\"your-subject\" \/><\/span> <\/label>\n<\/p>\n<p><label> Ihre Nachricht (optional)<br \/>\n<span class=\"wpcf7-form-control-wrap\" data-name=\"your-message\"><textarea cols=\"40\" rows=\"10\" maxlength=\"2000\" class=\"wpcf7-form-control wpcf7-textarea\" aria-invalid=\"false\" name=\"your-message\"><\/textarea><\/span> <\/label>\n<\/p>\n<p><span class=\"wpcf7-form-control-wrap\" data-name=\"acceptance-553\"><span class=\"wpcf7-form-control wpcf7-acceptance\"><span class=\"wpcf7-list-item\"><label><input type=\"checkbox\" name=\"acceptance-553\" value=\"1\" aria-invalid=\"false\" \/><span class=\"wpcf7-list-item-label\">Indem ich dieses K\u00e4stchen ankreuze, stimme ich der <a href=\"https:\/\/www.camping-le-calagogo.fr\/de\/datenschutzrichtlinie\/\" rel=\"nofollow\" target=\"_blank\">Datenschutzrichtlinie<\/a> dieser Website zu.<\/span><\/label><\/span><\/span><\/span>\n<\/p>\n<p><input class=\"wpcf7-form-control wpcf7-submit has-spinner\" type=\"submit\" value=\"Senden Sie\" \/>\n<\/p><input type='hidden' class='wpcf7-pum' value='{\"closepopup\":false,\"closedelay\":0,\"openpopup\":false,\"openpopup_id\":0}' \/><div class=\"wpcf7-response-output\" aria-hidden=\"true\"><\/div>\n<\/form>\n<\/div>\n<\/div>\n<\/div>\n<\/div>\n\n\r\n    <\/div>\r\n<\/section><section id=\"ls-section-block_88229bc13666d4f7c775fb121ba150ff\" class=\"ls-section \" >\r\n        <div class=\"container container--full\">\r\n        \n\n<div class=\"wp-block-columns is-layout-flex wp-container-core-columns-is-layout-9d6595d7 wp-block-columns-is-layout-flex\">\n<div class=\"wp-block-column is-layout-flow wp-block-column-is-layout-flow\">\n<iframe src=\"https:\/\/www.google.com\/maps\/embed?pb=!1m14!1m8!1m3!1d565511.3241454295!2d2.8644532052189557!3d42.544895675522525!3m2!1i1024!2i768!4f13.1!3m3!1m2!1s0x12b07c232d050435%3A0xcb342de2280a2e20!2sCamping%20Cala%20Gogo!5e0!3m2!1sfr!2sar!4v1702064761791!5m2!1sfr!2sar\" width=\"100%\" height=\"450\" style=\"border:0;\" allowfullscreen=\"\" loading=\"lazy\" referrerpolicy=\"no-referrer-when-downgrade\"><\/iframe>\n<\/div>\n\n\n\n<div class=\"wp-block-column is-layout-flow wp-block-column-is-layout-flow\">\n<h2 class=\"ls__heading wp-block-heading\">Sie brauchen eine Auskunft<\/h2>\n\n\n\n<p class=\"ls-paragraph\">Unser Team steht Ihnen f\u00fcr alle <strong>Anfragen<\/strong> zu unseren Unterk\u00fcnften und Stellpl\u00e4tzen, unseren Dienstleistungen oder unseren Animationen zur Verf\u00fcgung.<\/p>\n\n\n\n<p class=\"ls-paragraph\">Z\u00f6gern Sie nicht, das <strong> Online-Kontaktformular<\/strong> zu verwenden , um Ihre Anfrage zu stellen: Geben Sie Ihren Vor- und Nachnamen sowie Ihre E-Mail-Adresse ein, und verfassen Sie Ihre Anfrage, bevor Sie auf die Schaltfl\u00e4che &#8220; Senden &#8220; klicken.<br\/>Sie werden so bald wie m\u00f6glich eine Antwort per E-Mail erhalten. Reservierungen k\u00f6nnen <strong>ganz einfach<\/strong> online auf unserer Website vorgenommen werden: Geben Sie einfach Ihr Reisedatum, die Anzahl der betroffenen Urlauber und die gew\u00fcnschte Art der Unterkunft ein und w\u00e4hlen Sie dann aus unseren Vorschl\u00e4gen und Preisen das f\u00fcr Sie passende Angebot aus.<\/p>\n<\/div>\n<\/div>\n\n\r\n    <\/div>\r\n<\/section><section id=\"ls-section-block_a9b5469b6aa79977a04faea069edf241\" class=\"ls-section \" >\r\n        <div class=\"container \">\r\n        \n\n<h2 class=\"ls__heading wp-block-heading has-text-align-center\">Wie kommt man zum Camping?<\/h2>\n\n\n\n<p class=\"ls-paragraph\">Auf dieser Seite zeigen wir Ihnen den Weg zum <strong>Campingplatz Cala Gogo in Saint-Cyprien in der Region Languedoc-Roussillon<\/strong>. Der Campingplatz ist mit jedem Verkehrsmittel<strong> leicht zu erreichen<\/strong>.<\/p>\n\n\n\n<p class=\"ls-paragraph\">Sie werden feststellen, dass es noch nie so einfach war, Ihren Campingplatz f\u00fcr <strong>Ihren n\u00e4chsten Urlaub mit Freunden oder Verwandten<\/strong> im S\u00fcdosten Frankreichs an der <strong>Mittelmeerk\u00fcste<\/strong> zu besuchen.<\/p>\n\n\n\n<p class=\"ls-paragraph\">Um Ihren n\u00e4chsten Urlaub auf dem <strong>5-Sterne-Campingplatz Cala-Gogo<\/strong> besser vorbereiten zu k\u00f6nnen, haben wir den Rundgang durch unsere Anlage sorgf\u00e4ltig vorbereitet. Sie m\u00fcssen nur <strong>Ihre Unterkunft <\/strong>buchen <br\/>f\u00fcr Ihren Aufenthalt mit Freunden oder der Familie, also warten Sie nicht l\u00e4nger!<\/p>\n\n\n\n<p class=\"ls-paragraph\">Egal, ob Sie mit dem <strong>Auto, Flugzeug, Zug oder anderen<\/strong> Verkehrsmitteln anreisen, Sie werden feststellen, dass unser Camping ideal f\u00fcr Urlauber gelegen ist. Sie werden schnell von der Gastfreundschaft begeistert sein, die wir Ihnen nach Ihrer Reise entgegenbringen.<\/p>\n\n\n\n<p class=\"ls-paragraph\">Unser Team ist da, um Sie zu f\u00fchren, Sie von Ihrer Ankunft am<strong>  5-Sterne-Campingplatz in Saint-Cyprien. Treffen Sie uns an der Rezeption<\/strong>Wenn Sie mit dem Auto anreisen, bringen wir Sie gerne zu Ihrem Mobilheim oder Wohnmobilstellplatz. Dann w\u00fcnschen wir Ihnen eine gute Fahrt bis zum Camping Cala-Gogo in Saint-Cyprien!<\/p>\n\n\n\n<p class=\"ls-paragraph\"><strong>MIT DEM AUTO:<\/strong><\/p>\n\n\n\n<p class=\"ls-paragraph\">Berechnen Sie Ihre Route zum Campingplatz Saint Cyprien Le Cala-Gogo.<\/p>\n\n\n\n<p class=\"ls-paragraph\"><a href=\"https:\/\/www.google.com\/maps\/dir\/\/Camping+cala+gogo\/data=!4m6!4m5!1m1!4e2!1m2!1m1!1s0x12b07c232d050435:0xcb342de2280a2e20?sa=X&amp;ved=2ahUKEwiz4NSC3OfmAhWKAWMBHc1LC5EQ9RcweHoECGkQDg\">Meine Route berechnen<\/a><\/p>\n\n\n\n<p class=\"ls-paragraph\"><strong>AUTOVERMIETUNG :<\/strong><\/p>\n\n\n\n<p class=\"ls-paragraph\">Buchen Sie Ihren Wagen bei Avis f\u00fcr Ihre Ankunft am<a href=\"https:\/\/www.aeroport-perpignan.com\/\">Flughafen Sud de France Perpignan<\/a>.<\/p>\n\n\n\n<p class=\"ls-paragraph\"><a href=\"https:\/\/www.avis.fr\/\">Avis.de<\/a>:<\/p>\n\n\n\n<ul class=\"ls-list wp-block-list\">\n\n<li><strong>Flughafen: 04 68 61 58 97<\/strong><\/li>\n\n\n<li><strong>Perpignan: 04 68 34 26 71<\/strong><\/li>\n\n<\/ul>\n\n\n\n<p class=\"ls-paragraph\"><strong>MIT DEM ZUG :<\/strong><\/p>\n\n\n\n<ul class=\"ls-list wp-block-list\">\n\n<li><strong>SNCF-Bahnhof Elne<\/strong> (8 Km)<\/li>\n\n\n<li><strong>SNCF-Fernbahnhof in Perpignan<\/strong> (25 km)<\/li>\n\n<\/ul>\n\n\n\n<p class=\"ls-paragraph\"><strong>IM FLUGZEUG :<\/strong><\/p>\n\n\n\n<ul class=\"ls-list wp-block-list\">\n\n<li><a href=\"https:\/\/www.aeroport-perpignan.com\/\">Flughafen Perpignan (33 Km)<\/a>: Zahlreiche Fluglinien kommen\/gehen von Perpignan aus, wie London stansted, Southampton, Dublin, Br\u00fcssel Charleroi, Frankfurt am Main, Nantes, Paris&#8230;<\/li>\n\n\n<li>Flughafen Carcassonne (150 Km)<\/li>\n\n\n<li>Flughafen Girona Spanien (105 Km)<\/li>\n\n<\/ul>\n\n\n\n<p class=\"ls-paragraph\">MIT <strong>TAXI:<\/strong> Bei der Ankunft am Flughafen Perpignan :<\/p>\n\n\n\n<p class=\"ls-paragraph\">Compagnie de taxi : <strong>Axurit taxi : T\u00e9l 06 43 97 05 53<\/strong><\/p>\n\n\r\n    <\/div>\r\n<\/section>","protected":false},"excerpt":{"rendered":"","protected":false},"author":1,"featured_media":0,"parent":0,"menu_order":0,"comment_status":"closed","ping_status":"closed","template":"","meta":{"_acf_changed":false,"_seopress_robots_primary_cat":"","_seopress_titles_title":"Wie man nach Saint Cyprien kommt | Route und Karte Saint-Cyprien","_seopress_titles_desc":"","_seopress_robots_index":"","inline_featured_image":false,"footnotes":""},"sujet":[],"class_list":["post-2708552","page","type-page","status-publish","hentry"],"acf":[],"_links":{"self":[{"href":"https:\/\/www.camping-le-calagogo.fr\/de\/wp-json\/wp\/v2\/pages\/2708552","targetHints":{"allow":["GET"]}}],"collection":[{"href":"https:\/\/www.camping-le-calagogo.fr\/de\/wp-json\/wp\/v2\/pages"}],"about":[{"href":"https:\/\/www.camping-le-calagogo.fr\/de\/wp-json\/wp\/v2\/types\/page"}],"author":[{"embeddable":true,"href":"https:\/\/www.camping-le-calagogo.fr\/de\/wp-json\/wp\/v2\/users\/1"}],"replies":[{"embeddable":true,"href":"https:\/\/www.camping-le-calagogo.fr\/de\/wp-json\/wp\/v2\/comments?post=2708552"}],"version-history":[{"count":4,"href":"https:\/\/www.camping-le-calagogo.fr\/de\/wp-json\/wp\/v2\/pages\/2708552\/revisions"}],"predecessor-version":[{"id":2845936,"href":"https:\/\/www.camping-le-calagogo.fr\/de\/wp-json\/wp\/v2\/pages\/2708552\/revisions\/2845936"}],"wp:attachment":[{"href":"https:\/\/www.camping-le-calagogo.fr\/de\/wp-json\/wp\/v2\/media?parent=2708552"}],"wp:term":[{"taxonomy":"sujet","embeddable":true,"href":"https:\/\/www.camping-le-calagogo.fr\/de\/wp-json\/wp\/v2\/sujet?post=2708552"}],"curies":[{"name":"wp","href":"https:\/\/api.w.org\/{rel}","templated":true}]}}