{"id":2708570,"date":"2023-10-18T09:47:40","date_gmt":"2023-10-18T07:47:40","guid":{"rendered":"https:\/\/www.camping-le-calagogo.fr\/tourismus-pyrenaen-orientales\/"},"modified":"2024-03-21T08:59:55","modified_gmt":"2024-03-21T07:59:55","slug":"tourismus-pyrenees-orientales","status":"publish","type":"page","link":"https:\/\/www.camping-le-calagogo.fr\/de\/tourismus-pyrenees-orientales\/","title":{"rendered":"Umliegende St\u00e4dte"},"content":{"rendered":"<section id=\"ls-section-block_eb78d0b7ffe576f1f0ec6488a86195ea\" class=\"ls-section  page-chapeau has-p-b p-b-4\" >\r\n        <div class=\"container \">\r\n        \n\n<h1 class=\"ls__heading wp-block-heading has-text-align-center deco\">Tourismus in <br\/><strong>die Pyr\u00e9n\u00e9es-Orientales<\/strong><\/h1>\n\n\r\n    <\/div>\r\n<\/section><section id=\"ls-section-block_d8ab51b0ad08cffeb5831edc9293d8e3\" class=\"ls-section  page-one has-p-t p-t-0 has-p-b p-b-14\" >\r\n        <div class=\"container container--wide\">\r\n        \n\n<div class=\"wp-block-columns is-layout-flex wp-container-core-columns-is-layout-9d6595d7 wp-block-columns-is-layout-flex\">\n<div class=\"wp-block-column is-vertically-aligned-center first is-layout-flow wp-block-column-is-layout-flow\" style=\"flex-basis:66.7%\">\n<figure class=\"wp-block-image size-full\"><img decoding=\"async\" width=\"1920\" height=\"1152\" src=\"https:\/\/www.camping-le-calagogo.fr\/wp-content\/uploads\/2023\/12\/tourisme-pyrenees-orientales.webp\" alt=\"tourismus pyrenees orientales\" class=\"wp-image-2629600\" srcset=\"https:\/\/www.camping-le-calagogo.fr\/wp-content\/uploads\/2023\/12\/tourisme-pyrenees-orientales.webp 1920w, https:\/\/www.camping-le-calagogo.fr\/wp-content\/uploads\/2023\/12\/tourisme-pyrenees-orientales-300x180.webp 300w, https:\/\/www.camping-le-calagogo.fr\/wp-content\/uploads\/2023\/12\/tourisme-pyrenees-orientales-1024x614.webp 1024w, https:\/\/www.camping-le-calagogo.fr\/wp-content\/uploads\/2023\/12\/tourisme-pyrenees-orientales-768x461.webp 768w, https:\/\/www.camping-le-calagogo.fr\/wp-content\/uploads\/2023\/12\/tourisme-pyrenees-orientales-1536x922.webp 1536w\" sizes=\"(max-width: 1920px) 100vw, 1920px\" \/><\/figure>\n<\/div>\n\n\n\n<div class=\"wp-block-column is-vertically-aligned-center second is-layout-flow wp-block-column-is-layout-flow\" style=\"flex-basis:33.3%\">\n<h2 class=\"ls__heading wp-block-heading\">Pyr\u00e9n\u00e9es Orientales: ideales Reiseziel<\/h2>\n\n\n\n<p class=\"ls-paragraph\">Das im S\u00fcden Frankreichs gelegene <a href=\"https:\/\/www.tourisme-pyreneesorientales.com\/\" target=\"_blank\" rel=\"noreferrer noopener\">D\u00e9partement Pyr\u00e9n\u00e9es-Orientales<\/a> ist ein facettenreicher, von der <strong>katalanischen Kultur<\/strong> gepr\u00e4gter Ort, der eine einzigartige Mischung aus Meer und Bergen sowie<strong>ein reiches historisches Erbe<\/strong> bietet, darunter ehemalige Lehen der Tempelritter und zeitweilige Besitzungen der K\u00f6nige von Mallorca.  <\/p>\n\n\n\n<p class=\"ls-paragraph\">Besucher k\u00f6nnen <strong>eine Vielfalt an au\u00dfergew\u00f6hnlichen Naturschaupl\u00e4tzen<\/strong>, lebhaften Badeorten, authentischen D\u00f6rfern, die ihre althergebrachten Traditionen bewahren, sowie<strong>ein erhabenes architektonisches Erbe<\/strong> entdecken.<\/p>\n<\/div>\n<\/div>\n\n\r\n    <\/div>\r\n<\/section><section id=\"ls-section-block_a8fb6a80d3889b92c15a6c4600b46934\" class=\"ls-section  page-two mosaique has-background has-color-4-background-color has-p-t p-t-14 has-p-b p-b-14\" >\r\n        <div class=\"container container--wide\">\r\n        \n\n<div class=\"wp-block-columns is-layout-flex wp-container-core-columns-is-layout-9d6595d7 wp-block-columns-is-layout-flex\">\n<div class=\"wp-block-column is-vertically-aligned-center is-layout-flow wp-block-column-is-layout-flow\">\n<p class=\"ls-paragraph\">In der N\u00e4he der  <strong>spanische Grenze<\/strong>Das Departement bietet eine Vielzahl von M\u00f6glichkeiten, um  <strong>Freizeit und Aktivit\u00e4ten<\/strong>Die meisten Menschen, die in den USA leben und arbeiten, sind in der Lage, ihre Freizeit zu gestalten, wie z. B. Wassersport, kulturelle Besichtigungen, Wanderungen, Mountainbiketouren, Entspannung, Stadtranderholung, Sport und Freizeitaktivit\u00e4ten.  <strong>historische Entdeckungen<\/strong>Es gibt viele verschiedene Aktivit\u00e4ten, wie z. B. die Teilnahme an einer Ausstellung, Folklorevorf\u00fchrungen und nat\u00fcrlich die Verkostung von lokalen Produkten.<\/p>\n\n\n\n<p class=\"ls-paragraph\">Ein <a href=\"https:\/\/www.camping-le-calagogo.fr\/de\/\" data-type=\"page\" data-id=\"9\">Camping in Saint-Cyprien-Plage<\/a> ist eine hervorragende M\u00f6glichkeit, die Vorz\u00fcge des Meeres zu genie\u00dfen und alles zu entdecken, was das Departement zu bieten hat.<\/p>\n<\/div>\n\n\n\n<div class=\"wp-block-column is-vertically-aligned-center is-layout-flow wp-block-column-is-layout-flow\">\n<figure class=\"wp-block-image size-full\"><img decoding=\"async\" width=\"2560\" height=\"1536\" src=\"https:\/\/www.camping-le-calagogo.fr\/wp-content\/uploads\/2023\/12\/marches-pyrenees-orientales-scaled.webp\" alt=\"marches pyrenees orientales\" class=\"wp-image-2629584\" srcset=\"https:\/\/www.camping-le-calagogo.fr\/wp-content\/uploads\/2023\/12\/marches-pyrenees-orientales-scaled.webp 2560w, https:\/\/www.camping-le-calagogo.fr\/wp-content\/uploads\/2023\/12\/marches-pyrenees-orientales-300x180.webp 300w, https:\/\/www.camping-le-calagogo.fr\/wp-content\/uploads\/2023\/12\/marches-pyrenees-orientales-1024x614.webp 1024w, https:\/\/www.camping-le-calagogo.fr\/wp-content\/uploads\/2023\/12\/marches-pyrenees-orientales-768x461.webp 768w, https:\/\/www.camping-le-calagogo.fr\/wp-content\/uploads\/2023\/12\/marches-pyrenees-orientales-1536x921.webp 1536w, https:\/\/www.camping-le-calagogo.fr\/wp-content\/uploads\/2023\/12\/marches-pyrenees-orientales-2048x1228.webp 2048w\" sizes=\"(max-width: 2560px) 100vw, 2560px\" \/><\/figure>\n<\/div>\n<\/div>\n\n\r\n    <\/div>\r\n<\/section><section id=\"ls-section-block_e91fa6443f5a3fba3ee0018772f86209\" class=\"ls-section  section-parallax has-background-image has-parallax has-background has-color-black-background-color has-p-t p-t-30 has-p-b p-b-0\" >\r\n    <div class=\"ls-section__background-image opacity-58\"><img decoding=\"async\" src=\"https:\/\/www.camping-le-calagogo.fr\/wp-content\/uploads\/2023\/12\/sport-nautique-pyrenees-orientales-scaled.webp\" alt=\"\"><\/div>    <div class=\"container container--wide\">\r\n        \n\n<div class=\"wp-block-columns has-color-white-background-color has-background is-layout-flex wp-container-core-columns-is-layout-9d6595d7 wp-block-columns-is-layout-flex\">\n<div class=\"wp-block-column is-layout-flow wp-block-column-is-layout-flow\">\n<h2 class=\"ls__heading wp-block-heading has-text-align-center\">Was kann man in den Pyr\u00e9n\u00e9es-Orientales unternehmen: Sport &amp; Unterhaltung<\/h2>\n\n\n\n<p class=\"ls-paragraph has-text-align-center\">Ob an der K\u00fcste oder im Landesinneren, das <strong>Katalanische Land<\/strong> bietet <strong>seinen Besuchern<\/strong> eine gro\u00dfe Vielfalt an <strong>Freizeitm\u00f6glichkeiten<\/strong>. Die katalanische K\u00fcste ist gespickt mit ber\u00fchmten Badeorten wie <a href=\"https:\/\/www.camping-le-calagogo.fr\/de\/camping-argeles-sur-mer\/\" data-type=\"page\" data-id=\"2272\">Argel\u00e8s-sur-Mer<\/a>, Saint-Cyprien, Sainte Marie de la Mer, Port Vendres, <a href=\"https:\/\/www.camping-le-calagogo.fr\/de\/aktuelles-vom-campingplatz-saint-cyprien\/entdecken-sie-banyuls-sur-mer\/\" data-type=\"post\" data-id=\"2707361\">Banyuls-sur-Mer<\/a> oder <a href=\"https:\/\/www.camping-le-calagogo.fr\/de\/camping-port-barcares\/\" data-type=\"page\" data-id=\"2144\">Port-Barcar\u00e8s<\/a> <strong>.<\/strong>  Bootsverleih, Hochseeangeln, Tauchen, Schnorcheln, Segeln, Jetski, Wakeboard, Kajak oder auch Schwimmreifen &#8211; die Liste der Aktivit\u00e4ten, die man am <strong>Meer unternehmen kann, ist lang<\/strong>!<\/p>\n\n\n\n<p class=\"ls-paragraph has-text-align-center\">Ideal f\u00fcr <strong>Familien<\/strong> ist eine Fahrt auf dem Meer, die man auf einem Glasbodenboot unternehmen kann, um <strong>den Reichtum der K\u00fcstengew\u00e4sser<\/strong> und die feinen Sandstr\u00e4nde zu <strong>entdecken<\/strong>. Viele Strandclubs bieten generations\u00fcbergreifende Aktivit\u00e4ten wie Paddeln oder Segelanf\u00e4nger, aber auch aufregende Freizeitbesch\u00e4ftigungen wie Parasailing und Boje fahren an.<\/p>\n\n\n\n<p class=\"ls-paragraph has-text-align-center\"><strong>Schnorchler<\/strong> k\u00f6nnen den ausgeschilderten Unterwasserpfad von Cerb\u00e8re-Banyuls nutzen.<\/p>\n\n\n\n<p class=\"ls-paragraph has-text-align-center addReadMore showlesscontent [08:23]\">Das Departement 66 l\u00e4sst sich auch <strong>gut mit dem Fahrrad<\/strong> erkunden: Auf der V\u00e9littorale und der V\u00e9loroute en pays Pyr\u00e9n\u00e9es M\u00e9diterran\u00e9e k\u00f6nnen Sie jeweils <strong>die K\u00fcste und das Hinterland erkunden<\/strong>.<\/p>\n\n\n\n<p class=\"ls-paragraph has-text-align-center\">Auch zahlreiche Mountainbike-Routen f\u00fchren durch die Region, insbesondere durch das Massif des Alb\u00e8res und den Pic du Canigou, sowie durch viele regionale Naturparks der Region Okzitanien. W\u00e4hrend Ihres <strong>Aufenthalts in den Pyr\u00e9n\u00e9es-Orientales<\/strong> werden Sie schlie\u00dflich von zahlreichen Veranstaltungen profitieren: regionale M\u00e4rkte und Nachtm\u00e4rkte, gro\u00dfe Festivals wie Les D\u00e9ferlantes d&#8217;Argel\u00e8s oder typische katalanische Feste. Entdecken Sie auch die vielen zum UNESCO-Weltkulturerbe z\u00e4hlenden Bauwerke Kataloniens an der Mittelmeerk\u00fcste.<\/p>\n<\/div>\n<\/div>\n\n\r\n    <\/div>\r\n<\/section><section id=\"ls-section-block_d7ce4b51fd538880d40cd16c9520d8cc\" class=\"ls-section  page-one has-p-b p-b-14\" >\r\n        <div class=\"container container--wide\">\r\n        \n\n<div class=\"wp-block-columns is-layout-flex wp-container-core-columns-is-layout-9d6595d7 wp-block-columns-is-layout-flex\">\n<div class=\"wp-block-column is-vertically-aligned-center first is-layout-flow wp-block-column-is-layout-flow\" style=\"flex-basis:66.7%\">\n<figure class=\"wp-block-image size-full\"><img decoding=\"async\" width=\"2560\" height=\"1536\" src=\"https:\/\/www.camping-le-calagogo.fr\/wp-content\/uploads\/2023\/12\/decouvrir-pyrenees-orientales-scaled.webp\" alt=\"decouvrir pyrenees orientales\" class=\"wp-image-2629570\" srcset=\"https:\/\/www.camping-le-calagogo.fr\/wp-content\/uploads\/2023\/12\/decouvrir-pyrenees-orientales-scaled.webp 2560w, https:\/\/www.camping-le-calagogo.fr\/wp-content\/uploads\/2023\/12\/decouvrir-pyrenees-orientales-300x180.webp 300w, https:\/\/www.camping-le-calagogo.fr\/wp-content\/uploads\/2023\/12\/decouvrir-pyrenees-orientales-1024x614.webp 1024w, https:\/\/www.camping-le-calagogo.fr\/wp-content\/uploads\/2023\/12\/decouvrir-pyrenees-orientales-768x461.webp 768w, https:\/\/www.camping-le-calagogo.fr\/wp-content\/uploads\/2023\/12\/decouvrir-pyrenees-orientales-1536x922.webp 1536w, https:\/\/www.camping-le-calagogo.fr\/wp-content\/uploads\/2023\/12\/decouvrir-pyrenees-orientales-2048x1229.webp 2048w\" sizes=\"(max-width: 2560px) 100vw, 2560px\" \/><\/figure>\n<\/div>\n\n\n\n<div class=\"wp-block-column is-vertically-aligned-center second is-layout-flow wp-block-column-is-layout-flow\" style=\"flex-basis:33.3%\">\n<h2 class=\"ls__heading wp-block-heading\">Besichtigung der Pyr\u00e9n\u00e9es-Orientales: Sehensw\u00fcrdigkeiten<\/h2>\n\n\n\n<p class=\"ls-paragraph\">Unter den vielen Sehensw\u00fcrdigkeiten rund um Ihren <strong>Campingplatz in Saint-Cyprien<\/strong> gibt es einige, die Sie unbedingt besuchen sollten. In <a href=\"https:\/\/www.camping-le-calagogo.fr\/de\/camping-perpignan\/\" data-type=\"page\" data-id=\"2291\">Perpignan<\/a> sollten Sie sich den <a href=\"https:\/\/www.camping-le-calagogo.fr\/de\/aktuelles-vom-campingplatz-saint-cyprien\/der-palast-der-konige-von-mallorca-2\/\" data-type=\"post\" data-id=\"2707362\">Palast der K\u00f6nige von Mallorca<\/a> im s\u00fcdl\u00e4ndisch-gotischen Stil sowie die<strong> monumentale Kathedrale Saint-Jean-Baptiste<\/strong>, das gr\u00f6\u00dfte religi\u00f6se Geb\u00e4ude der Region, nicht entgehen lassen.<\/p>\n\n\n\n<p class=\"ls-paragraph\">Die Perle der C\u00f4te Vermeille, das k\u00f6nigliche Schloss von <a href=\"https:\/\/www.camping-le-calagogo.fr\/de\/camping-collioure\/\" data-type=\"page\" data-id=\"2283\">Collioure<\/a>, bietet von seinem Wehrgang aus einen <strong>herrlichen Panoramablick<\/strong> \u00fcber die gesamte Bucht. Die <strong>Pyr\u00e9n\u00e9es-Orientales<\/strong> sind auch kleine, authentisch gebliebene D\u00f6rfer wie <a href=\"https:\/\/www.camping-le-calagogo.fr\/de\/camping-canet-en-rousillon\/\" data-type=\"page\" data-id=\"664\">Canet en Roussillon<\/a> oder auch <a href=\"https:\/\/www.camping-le-calagogo.fr\/de\/camping-saint-andre\/\" data-type=\"page\" data-id=\"3070\">Saint-Andr\u00e9<\/a> und <a href=\"https:\/\/www.camping-le-calagogo.fr\/de\/camping-palau-del-vidre\/\" data-type=\"page\" data-id=\"3171\">Palau-del-Vidre<\/a>, das f\u00fcr seine <strong>Glasbl\u00e4sereien<\/strong> ber\u00fchmt ist.<\/p>\n<\/div>\n<\/div>\n\n\r\n    <\/div>\r\n<\/section><section id=\"ls-section-block_a8fb6a80d3889b92c15a6c4600b46934\" class=\"ls-section  page-two mosaique has-background has-color-4-background-color has-p-t p-t-14 has-p-b p-b-14\" >\r\n        <div class=\"container container--wide\">\r\n        \n\n<div class=\"wp-block-columns is-layout-flex wp-container-core-columns-is-layout-9d6595d7 wp-block-columns-is-layout-flex\">\n<div class=\"wp-block-column is-vertically-aligned-center is-layout-flow wp-block-column-is-layout-flow\">\n<p class=\"ls-paragraph\">Unweit von Saint-Cyprien befindet sich in der Oberstadt von<a href=\"https:\/\/www.camping-le-calagogo.fr\/de\/camping-elne\/\" data-type=\"page\" data-id=\"656\">Elne<\/a> eine beeindruckende Kathedrale und ein Kreuzgang aus Marmor, die von ihrem fr\u00fcheren Status als Bischofssitz des Roussillon zeugen. Im Norden des Departements, an die Corbi\u00e8res angelehnt, ist die Festung von Salses eine perfekt erhaltene <strong>Verteidigungsanlage<\/strong>, die im 15\u1d49 Jahrhundert von den spanischen katholischen K\u00f6nigen erbaut wurde.<\/p>\n\n\n\n<p class=\"ls-paragraph\"><strong>Im Departement Aude<\/strong>, nur eineinhalb Autostunden von Cala-Gogo entfernt, befindet sich die au\u00dfergew\u00f6hnliche <strong>Festungsstadt<\/strong> <a href=\"https:\/\/www.camping-le-calagogo.fr\/de\/camping-carcassonne\/\" data-type=\"page\" data-id=\"2278\">Carcassonne<\/a>. Durch die Unterbringung im  <strong>Camping Cala-Gogo zwischen Saint-Cyprien und Argel\u00e8s-sur-Mer<\/strong>Sie k\u00f6nnen auch ganz einfach auf die spanische Seite reisen, um dort die  <a href=\"https:\/\/www.camping-le-calagogo.fr\/de\/camping-costa-brava\/\" data-type=\"page\" data-id=\"672\">Costa Brava<\/a>  In Figueres sollten Sie sich die ungew\u00f6hnliche Architektur des Dal\u00ed-Theaters und -Museums nicht entgehen lassen.  <strong>gro\u00dfes Werk des surrealistischen K\u00fcnstlers<\/strong>.<\/p>\n<\/div>\n\n\n\n<div class=\"wp-block-column is-vertically-aligned-center is-layout-flow wp-block-column-is-layout-flow\">\n<figure class=\"wp-block-image size-full\"><img decoding=\"async\" width=\"1920\" height=\"1152\" src=\"https:\/\/www.camping-le-calagogo.fr\/wp-content\/uploads\/2023\/12\/visiter-carcassonne-pyrenees-orientales.webp\" alt=\"besuchen carcassonne pyrenees orientales\" class=\"wp-image-2629576\" srcset=\"https:\/\/www.camping-le-calagogo.fr\/wp-content\/uploads\/2023\/12\/visiter-carcassonne-pyrenees-orientales.webp 1920w, https:\/\/www.camping-le-calagogo.fr\/wp-content\/uploads\/2023\/12\/visiter-carcassonne-pyrenees-orientales-300x180.webp 300w, https:\/\/www.camping-le-calagogo.fr\/wp-content\/uploads\/2023\/12\/visiter-carcassonne-pyrenees-orientales-1024x614.webp 1024w, https:\/\/www.camping-le-calagogo.fr\/wp-content\/uploads\/2023\/12\/visiter-carcassonne-pyrenees-orientales-768x461.webp 768w, https:\/\/www.camping-le-calagogo.fr\/wp-content\/uploads\/2023\/12\/visiter-carcassonne-pyrenees-orientales-1536x922.webp 1536w\" sizes=\"(max-width: 1920px) 100vw, 1920px\" \/><\/figure>\n<\/div>\n<\/div>\n\n\r\n    <\/div>\r\n<\/section><section id=\"ls-section-block_171903404d767449374ee93fa84c964a\" class=\"ls-section  section-parallax has-background-image has-parallax has-background has-color-black-background-color has-p-t p-t-30 has-p-b p-b-0\" >\r\n    <div class=\"ls-section__background-image opacity-58\"><img decoding=\"async\" src=\"https:\/\/www.camping-le-calagogo.fr\/wp-content\/uploads\/2023\/12\/cyclisme-pyrenees-orientales-scaled.webp\" alt=\"\"><\/div>    <div class=\"container container--wide\">\r\n        \n\n<div id=\"ls-heading ls-titre-div-block_7c235be8c87ca664bd2506d4add7244a\" class=\"ls-titre-div m-right aligncenter h1-like\" >\n    Eine <em>Frage?<\/em><\/div>\n\n\n\n<div class=\"wp-block-columns has-color-white-background-color has-background is-layout-flex wp-container-core-columns-is-layout-9d6595d7 wp-block-columns-is-layout-flex\">\n<div class=\"wp-block-column is-layout-flow wp-block-column-is-layout-flow\">\n<h2 class=\"ls__heading wp-block-heading has-text-align-center\">H\u00e4ufig gestellte Fragen  <br\/>\u00fcber die Umgebung<\/h2>\n\n\n<div id=\"faq\" class=\"faq-container\"><div class=\"faq-wrap\" itemscope=\"\" itemtype=\"https:\/\/schema.org\/FAQPage\"><div class=\"faq__box faq__item\"><div class=\"faq__container\"><div class=\"faq__block\" itemscope=\"\" itemprop=\"mainEntity\" itemtype=\"https:\/\/schema.org\/Question\"><details class=\"faq\"><summary class=\"faq-question\" itemprop=\"name\">Wie weit ist der Campingplatz vom Strand entfernt?<span class=\"faq-opener\"><\/span><\/summary><div class=\"content\" itemscope=\"\" itemprop=\"acceptedAnswer\" itemtype=\"https:\/\/schema.org\/Answer\"><div itemprop=\"text\"><p><em><p>Der Campingplatz hat einen direkten Zugang zum Meer und nichts trennt uns vom Strand, n\u00e4her kann man nicht sein.<\/p>\n<\/em><\/p><\/div><\/div><\/details><\/div><\/div><\/div><div class=\"faq__box faq__item\"><div class=\"faq__container\"><div class=\"faq__block\" itemscope=\"\" itemprop=\"mainEntity\" itemtype=\"https:\/\/schema.org\/Question\"><details class=\"faq\"><summary class=\"faq-question\" itemprop=\"name\">Wo befinden sich die Radwege?<span class=\"faq-opener\"><\/span><\/summary><div class=\"content\" itemscope=\"\" itemprop=\"acceptedAnswer\" itemtype=\"https:\/\/schema.org\/Answer\"><div itemprop=\"text\"><p><em><p>Sie haben Pisten direkt am Eingang des Campingplatzes und diese erstrecken sich \u00fcber die ganze Stadt.<\/p>\n<\/em><\/p><\/div><\/div><\/details><\/div><\/div><\/div><div class=\"faq__box faq__item\"><div class=\"faq__container\"><div class=\"faq__block\" itemscope=\"\" itemprop=\"mainEntity\" itemtype=\"https:\/\/schema.org\/Question\"><details class=\"faq\"><summary class=\"faq-question\" itemprop=\"name\">Wo befindet sich die n\u00e4chstgelegene Touristeninformation?<span class=\"faq-opener\"><\/span><\/summary><div class=\"content\" itemscope=\"\" itemprop=\"acceptedAnswer\" itemtype=\"https:\/\/schema.org\/Answer\"><div itemprop=\"text\"><p><em><p>Das Tourismusb\u00fcro von Saint-Cyprien Plage ist ganz in der N\u00e4he (ca. 2 km).<\/p>\n<\/em><\/p><\/div><\/div><\/details><\/div><\/div><\/div><div class=\"faq__box faq__item\"><div class=\"faq__container\"><div class=\"faq__block\" itemscope=\"\" itemprop=\"mainEntity\" itemtype=\"https:\/\/schema.org\/Question\"><details class=\"faq\"><summary class=\"faq-question\" itemprop=\"name\">Ist der Campingplatz mit \u00f6ffentlichen Verkehrsmitteln erreichbar?<span class=\"faq-opener\"><\/span><\/summary><div class=\"content\" itemscope=\"\" itemprop=\"acceptedAnswer\" itemtype=\"https:\/\/schema.org\/Answer\"><div itemprop=\"text\"><p><em><p>Ja, es gibt Busse und einen kleinen Zug (in der Saison), mit dem Sie sich fortbewegen k\u00f6nnen.<\/p>\n<\/em><\/p><\/div><\/div><\/details><\/div><\/div><\/div><\/div><\/div><\/div>\n<\/div>\n\n\r\n    <\/div>\r\n<\/section><section id=\"ls-section-block_d385af2d82edf08766bb807ab1e4eacf\" class=\"ls-section  page-maillage has-p-b p-b-14\" >\r\n        <div class=\"container container--wide\">\r\n        \n\n<div id=\"ls-heading ls-titre-div-block_b23a47381e34ec5d0e24d93e8daca9f6\" class=\"ls-titre-div m-left h2-like\" >\n    St\u00e4dte in den <\/br>Pyr\u00e9n\u00e9es-Orientales<\/div>\n\n\n<div id=\"ls-maillage-block_edf98933bd66ddbb7346114c4f20c4c1\" class=\"ls-maillage cta-style-normal\" data-rows=\"5\">\n    <div class=\"wp-block-columns  \"><div class=\"wp-block-column\"><div id=\"destinations\" class=\"ls-cta\">\n\n<a href=\"https:\/\/www.camping-le-calagogo.fr\/de\/camping-costa-brava\/\" target=\"\" rel=\"noopener\" class=\"ls-cta__link\">\n\n\t<div class=\"ls-cta__image\"><img decoding=\"async\" src=\"https:\/\/www.camping-le-calagogo.fr\/wp-content\/uploads\/2023\/12\/Castell-Platja-dAro.-Jordi-Mas.-Arxiu-Imatges-PTCBG.jpg\" alt=\"La cote de la costa brava par Jordi Mas. Arxiu Imatges PTCBG\"><\/div>\n\t<div class=\"ls-cta__title\">\n\t\tCamping Costa Brava\t<\/div>\n\t\n\t\t\n<\/a><\/div><\/div><div class=\"wp-block-column\"><div id=\"destinations\" class=\"ls-cta\">\n\n<a href=\"https:\/\/www.camping-le-calagogo.fr\/de\/camping-port-barcares\/\" target=\"\" rel=\"noopener\" class=\"ls-cta__link\">\n\n\t<div class=\"ls-cta__image\"><img decoding=\"async\" src=\"https:\/\/www.camping-le-calagogo.fr\/wp-content\/uploads\/2023\/12\/louer-hebergement-perpignan.webp\" alt=\"\"><\/div>\n\t<div class=\"ls-cta__title\">\n\t\tCamping Barcar\u00e8s\t<\/div>\n\t\n\t\t\n<\/a><\/div><\/div><div class=\"wp-block-column\"><div id=\"destinations\" class=\"ls-cta\">\n\n<a href=\"https:\/\/www.camping-le-calagogo.fr\/de\/camping-canet-en-rousillon\/\" target=\"\" rel=\"noopener\" class=\"ls-cta__link\">\n\n\t<div class=\"ls-cta__image\"><img decoding=\"async\" src=\"https:\/\/www.camping-le-calagogo.fr\/wp-content\/uploads\/2023\/12\/vacances-canet-en-rousillon.webp\" alt=\"\"><\/div>\n\t<div class=\"ls-cta__title\">\n\t\tCamping in Canet-en-Rousillon\t<\/div>\n\t\n\t\t\n<\/a><\/div><\/div><div class=\"wp-block-column\"><div id=\"destinations\" class=\"ls-cta\">\n\n<a href=\"https:\/\/www.camping-le-calagogo.fr\/de\/camping-perpignan\/\" target=\"\" rel=\"noopener\" class=\"ls-cta__link\">\n\n\t<div class=\"ls-cta__image\"><img decoding=\"async\" src=\"https:\/\/www.camping-le-calagogo.fr\/wp-content\/uploads\/2023\/12\/camping-perpignan.webp\" alt=\"\"><\/div>\n\t<div class=\"ls-cta__title\">\n\t\tCamping Perpignan\t<\/div>\n\t\n\t\t\n<\/a><\/div><\/div><\/div><\/div>\n\r\n    <\/div>\r\n<\/section>","protected":false},"excerpt":{"rendered":"","protected":false},"author":1,"featured_media":2629568,"parent":0,"menu_order":0,"comment_status":"closed","ping_status":"closed","template":"","meta":{"_acf_changed":false,"_seopress_robots_primary_cat":"","_seopress_titles_title":"Tourismus Pyr\u00e9n\u00e9es-Orientales | Was kann man in Pyr\u00e9n\u00e9es-Orientales unternehmen?","_seopress_titles_desc":"","_seopress_robots_index":"","inline_featured_image":false,"footnotes":""},"sujet":[],"class_list":["post-2708570","page","type-page","status-publish","has-post-thumbnail","hentry"],"acf":[],"_links":{"self":[{"href":"https:\/\/www.camping-le-calagogo.fr\/de\/wp-json\/wp\/v2\/pages\/2708570","targetHints":{"allow":["GET"]}}],"collection":[{"href":"https:\/\/www.camping-le-calagogo.fr\/de\/wp-json\/wp\/v2\/pages"}],"about":[{"href":"https:\/\/www.camping-le-calagogo.fr\/de\/wp-json\/wp\/v2\/types\/page"}],"author":[{"embeddable":true,"href":"https:\/\/www.camping-le-calagogo.fr\/de\/wp-json\/wp\/v2\/users\/1"}],"replies":[{"embeddable":true,"href":"https:\/\/www.camping-le-calagogo.fr\/de\/wp-json\/wp\/v2\/comments?post=2708570"}],"version-history":[{"count":21,"href":"https:\/\/www.camping-le-calagogo.fr\/de\/wp-json\/wp\/v2\/pages\/2708570\/revisions"}],"predecessor-version":[{"id":2832445,"href":"https:\/\/www.camping-le-calagogo.fr\/de\/wp-json\/wp\/v2\/pages\/2708570\/revisions\/2832445"}],"wp:featuredmedia":[{"embeddable":true,"href":"https:\/\/www.camping-le-calagogo.fr\/de\/wp-json\/wp\/v2\/media\/2629568"}],"wp:attachment":[{"href":"https:\/\/www.camping-le-calagogo.fr\/de\/wp-json\/wp\/v2\/media?parent=2708570"}],"wp:term":[{"taxonomy":"sujet","embeddable":true,"href":"https:\/\/www.camping-le-calagogo.fr\/de\/wp-json\/wp\/v2\/sujet?post=2708570"}],"curies":[{"name":"wp","href":"https:\/\/api.w.org\/{rel}","templated":true}]}}