{"id":2708587,"date":"2023-10-19T10:01:16","date_gmt":"2023-10-19T08:01:16","guid":{"rendered":"https:\/\/www.camping-le-calagogo.fr\/tourismus-collioure\/"},"modified":"2024-01-11T00:50:33","modified_gmt":"2024-01-10T23:50:33","slug":"tourismus-collioure","status":"publish","type":"page","link":"https:\/\/www.camping-le-calagogo.fr\/de\/tourismus-collioure\/","title":{"rendered":"Collioure"},"content":{"rendered":"<section id=\"ls-section-block_0b735d4681d443c90689d7225aeb6064\" class=\"ls-section  page-chapeau deco has-p-b p-b-4\" >\r\n        <div class=\"container \">\r\n        \n\n<h1 class=\"ls__heading wp-block-heading has-text-align-center\">Auf Entdeckungstour <br><strong>von Collioure<\/strong><\/h1>\n\n\n\n<p class=\"ls-paragraph has-text-align-center\">Collioure, ein charmanter katalanischer Hafen, der sich in eine der sch\u00f6nsten Buchten der C\u00f4te Vermeille schmiegt, ist ein K\u00fcnstlerdorf mit einem au\u00dfergew\u00f6hnlichen baulichen Erbe. Ein Reiseziel im Roussillon, das Sie nicht verpassen sollten.<\/p>\n\n\r\n    <\/div>\r\n<\/section>\n\n<section id=\"ls-section-block_281b97b74cb744a24f9d1f79a8f0e84a\" class=\"ls-section  page-one has-p-t p-t-0 has-p-b p-b-14\" >\r\n        <div class=\"container container--wide\">\r\n        \n\n<div class=\"wp-block-columns is-layout-flex wp-container-core-columns-is-layout-9d6595d7 wp-block-columns-is-layout-flex\">\n<div class=\"wp-block-column is-vertically-aligned-center first is-layout-flow wp-block-column-is-layout-flow\" style=\"flex-basis:66.7%\">\n<iframe src=\"https:\/\/www.google.com\/maps\/embed?pb=!1m28!1m12!1m3!1d130594.81942449203!2d2.984083292366437!3d42.53237126335373!2m3!1f0!2f0!3f0!3m2!1i1024!2i768!4f13.1!4m13!3e0!4m5!1s0x12b07c232d050435%3A0xcb342de2280a2e20!2sCamping%20Cala%20Gogo%2C%20Avenue%20Armand%20Lanoux%2C%20Saint-Cyprien!3m2!1d42.5988201!2d3.0397849!4m5!1s0x12b07f95291fde8d%3A0x91f56d4265317420!2sCollioure!3m2!1d42.526751999999995!2d3.084631!5e0!3m2!1sfr!2sfr!4v1700605509012!5m2!1sfr!2sfr\" width=\"100%\" height=\"550\" style=\"border:0;\" allowfullscreen=\"\" loading=\"lazy\" referrerpolicy=\"no-referrer-when-downgrade\"><\/iframe>\n<\/div>\n\n\n\n<div class=\"wp-block-column is-vertically-aligned-center second is-layout-flow wp-block-column-is-layout-flow\" style=\"flex-basis:33.3%\">\n<h2 class=\"ls__heading wp-block-heading\">Wo liegt Collioure?<\/h2>\n\n\n\n<p class=\"ls-paragraph\">Zwischen Argel\u00e8s und Port Vendres erstreckt sich Collioure vom Mittelmeer bis zum Turm Madeloc, 5 km landeinw\u00e4rts.  <\/p>\n\n\n\n<p class=\"ls-paragraph\">Weniger als 7 km von der spanischen Grenze entfernt, ist sie neben Banyuls und Cerb\u00e8re eine der s\u00fcdlichsten Gemeinden der Pyr\u00e9n\u00e9es-Orientales. Sie markiert den Beginn der C\u00f4te Vermeille mit ihren charmanten Buchten, Felsgr\u00fcnden mit einer reichen Artenvielfalt und steilen Klippen.<\/p>\n<\/div>\n<\/div>\n\n\r\n    <\/div>\r\n<\/section>\n\n<section id=\"ls-section-block_b726da28214f509dd7ef680a00334c9b\" class=\"ls-section  page-two mosaique has-background has-color-4-background-color has-p-t p-t-14 has-p-b p-b-14\" >\r\n        <div class=\"container container--wide\">\r\n        \n\n<div class=\"wp-block-columns is-layout-flex wp-container-core-columns-is-layout-9d6595d7 wp-block-columns-is-layout-flex\">\n<div class=\"wp-block-column is-vertically-aligned-center is-layout-flow wp-block-column-is-layout-flow\">\n<h2 class=\"ls__heading wp-block-heading\">Was kann man in Collioure unternehmen?<\/h2>\n\n\n\n<ul class=\"ls-list wp-block-list\">\n<li><strong>Entdeckung des Fauvismus:<\/strong> Als Geburtsort des Fauvismus im 20\u1d49 Jahrhundert l\u00e4sst sich Collioure auf einem Rundgang auf den Spuren von Matisse, Derain oder Signac besichtigen, der vom Maison du fauvisme angeboten wird.<\/li>\n\n\n\n<li><strong>Besichtigung des K\u00f6nigsschlosses:<\/strong> Eine Festung aus dem 13\u1d49 Jahrhundert, die letzte k\u00f6nigliche Festung Frankreichs, sie war auch die Sommerresidenz der K\u00f6nige von Mallorca und diente als Gef\u00e4ngnis f\u00fcr die Fl\u00fcchtlinge der Retirada. Von den T\u00fcrmen und dem Wehrgang aus bietet sich ein einzigartiger Blick auf die Bucht.<\/li>\n\n\n\n<li>Die M\u00fchle<strong>:<\/strong> Als \u00e4lteste M\u00fchle des Roussillon stammt die Getreidem\u00fchle von Collioure aus dem 14\u1d49 Jahrhundert. Nach ihrer Restaurierung wurde sie in eine \u00d6lm\u00fchle umgewandelt.<\/li>\n\n\n\n<li><strong>Das Museum f\u00fcr moderne Kunst:<\/strong> In der Villa Pams sammelt das Museum Sammlungen von Kunst des 20\u1d49 Jahrhunderts und zeitgen\u00f6ssischer Kunst und beherbergt zwischen seinen Mauern zahlreiche Wechselausstellungen.<\/li>\n\n\n\n<li><strong>Fort Saint-Elme:<\/strong> Auf der Stra\u00dfe nach Port Vendres gegen\u00fcber dem Mittelmeer wurde das Fort Saint-Elme unter Karl V. an der Stelle eines alten Verteidigungsturms errichtet, der von den Mauren im 8\u1d49 Jahrhundert errichtet wurde.<\/li>\n\n\n\n<li>Der <strong>katalanische Hafen:<\/strong> Als Hochburg des Tourismus in Collioure wird der Hafen noch immer von den kleinen bunten Booten der Sardellenfischer belebt. Eine wahre Postkartenkulisse.<\/li>\n<\/ul>\n<\/div>\n\n\n\n<div class=\"wp-block-column is-vertically-aligned-center is-layout-flow wp-block-column-is-layout-flow\">\n<figure class=\"wp-block-image size-full\"><img decoding=\"async\" width=\"1800\" height=\"1200\" src=\"https:\/\/www.camping-le-calagogo.fr\/wp-content\/uploads\/2023\/11\/port-collioure.webp\" alt=\"Hafen Collioure\" class=\"wp-image-3281\" srcset=\"https:\/\/www.camping-le-calagogo.fr\/wp-content\/uploads\/2023\/11\/port-collioure.webp 1800w, https:\/\/www.camping-le-calagogo.fr\/wp-content\/uploads\/2023\/11\/port-collioure-300x200.webp 300w, https:\/\/www.camping-le-calagogo.fr\/wp-content\/uploads\/2023\/11\/port-collioure-1024x683.webp 1024w, https:\/\/www.camping-le-calagogo.fr\/wp-content\/uploads\/2023\/11\/port-collioure-768x512.webp 768w, https:\/\/www.camping-le-calagogo.fr\/wp-content\/uploads\/2023\/11\/port-collioure-1536x1024.webp 1536w\" sizes=\"(max-width: 1800px) 100vw, 1800px\" \/><\/figure>\n<\/div>\n<\/div>\n\n\r\n    <\/div>\r\n<\/section>\n\n<section id=\"ls-section-block_dc270f8b0c46c57eab8cb93052018538\" class=\"ls-section  section-parallax has-background-image has-parallax has-background has-color-black-background-color has-p-t p-t-30 has-p-b p-b-0\" >\r\n    <div class=\"ls-section__background-image opacity-58\"><img decoding=\"async\" src=\"https:\/\/www.camping-le-calagogo.fr\/wp-content\/uploads\/2023\/11\/visiter-collioure.webp\" alt=\"\"><\/div>    <div class=\"container container--wide\">\r\n        \n\n<div class=\"wp-block-columns has-color-white-background-color has-background is-layout-flex wp-container-core-columns-is-layout-9d6595d7 wp-block-columns-is-layout-flex\">\n<div class=\"wp-block-column is-layout-flow wp-block-column-is-layout-flow\">\n<h2 class=\"ls__heading wp-block-heading has-text-align-center\">Str\u00e4nde und Buchten in Collioure<\/h2>\n\n\n\n<p class=\"ls-paragraph has-text-align-center\">Eine der gr\u00f6\u00dften Attraktionen f\u00fcr Touristen in Collioure sind die erhabenen Buchten an der K\u00fcste. Sie sind ein Symbol der C\u00f4te Vermeille und profitieren in Collioure von der prestigetr\u00e4chtigen Kulisse, die das steile Dorf, sein k\u00f6nigliches Schloss und seine Kirche Notre-Dame-des-Anges bilden.<\/p>\n\n\n\n<p class=\"ls-paragraph has-text-align-center\">Die Buchten und Str\u00e4nde von Collioure sind ideal zum Baden, Schnorcheln und Faulenzen und bieten Ihnen eine abwechslungsreiche Zeit in den \u00f6stlichen Pyren\u00e4en.  <\/p>\n\n\n\n<p class=\"ls-paragraph has-text-align-center\">Die Bucht Saint-Vincent ist ein unumg\u00e4nglicher Sand- und Kieselstrand in der N\u00e4he der Gesch\u00e4fte im Stadtzentrum, von dem aus man einen erhabenen Blick auf die k\u00f6nigliche Festung genie\u00dfen kann. Die Boramar-Bucht ist eine echte Postkarte und liegt im Herzen des Dorfes zwischen der Kirche Notre-Dame-des-Anges und dem Schloss.<\/p>\n\n\n\n<p class=\"ls-paragraph has-text-align-center\">Traumhafte Kulisse auch f\u00fcr den Familienstrand Faubourg, der vor dem Hintergrund des K\u00f6nigsschlosses liegt. F\u00fcr einen intimen Moment begeben Sie sich in die Kieselsteinbucht La Balette, die \u00fcber einen kleinen K\u00fcstenweg erreichbar ist, oder in die Bucht Les Batteries, deren t\u00fcrkisfarbenes Wasser von hohen Klippen umringt ist.<\/p>\n\n\n\n<p class=\"ls-paragraph has-text-align-center\">Wenn Sie sich auf feinem Sand entspannen m\u00f6chten, nehmen Sie Kurs auf die Bucht Roches Bleues, die etwas weiter entfernt liegt. Auch die Bucht von Oli bietet Ihnen eine paradiesische Kulisse zwischen Klippen und kristallklarem Wasser.<\/p>\n<\/div>\n<\/div>\n\n\r\n    <\/div>\r\n<\/section>\n\n<section id=\"ls-section-block_d90a270e25e913e1eadbc5995167b356\" class=\"ls-section  page-one has-p-b p-b-14\" >\r\n        <div class=\"container container--wide\">\r\n        \n\n<div class=\"wp-block-columns is-layout-flex wp-container-core-columns-is-layout-9d6595d7 wp-block-columns-is-layout-flex\">\n<div class=\"wp-block-column is-vertically-aligned-center first is-layout-flow wp-block-column-is-layout-flow\" style=\"flex-basis:66.7%\">\n<figure class=\"wp-block-image size-full\"><img decoding=\"async\" width=\"2000\" height=\"1200\" src=\"https:\/\/www.camping-le-calagogo.fr\/wp-content\/uploads\/2023\/11\/randonnees-colliour.webp\" alt=\"wanderungen colliour\" class=\"wp-image-3295\" srcset=\"https:\/\/www.camping-le-calagogo.fr\/wp-content\/uploads\/2023\/11\/randonnees-colliour.webp 2000w, https:\/\/www.camping-le-calagogo.fr\/wp-content\/uploads\/2023\/11\/randonnees-colliour-300x180.webp 300w, https:\/\/www.camping-le-calagogo.fr\/wp-content\/uploads\/2023\/11\/randonnees-colliour-1024x614.webp 1024w, https:\/\/www.camping-le-calagogo.fr\/wp-content\/uploads\/2023\/11\/randonnees-colliour-768x461.webp 768w, https:\/\/www.camping-le-calagogo.fr\/wp-content\/uploads\/2023\/11\/randonnees-colliour-1536x922.webp 1536w\" sizes=\"(max-width: 2000px) 100vw, 2000px\" \/><\/figure>\n<\/div>\n\n\n\n<div class=\"wp-block-column is-vertically-aligned-center second is-layout-flow wp-block-column-is-layout-flow\" style=\"flex-basis:33.3%\">\n<h2 class=\"ls__heading wp-block-heading\">Spazierg\u00e4nge und Wanderungen in Collioure<\/h2>\n\n\n\n<p class=\"ls-paragraph\" id=\"block-d536e523-6ed2-4261-bfa5-f4ab76000ba8\">Collioure, die Perle der C\u00f4te Vermeille, ist auch ein ideales Ziel f\u00fcr <strong>Wanderungen<\/strong>. Die <strong>Landschaften <\/strong>seiner Bucht k\u00f6nnen Sie auf herrlichen Spazierg\u00e4ngen erkunden.<br><br>Das Fremdenverkehrsamt von Collioure h\u00e4lt f\u00fcr Urlauber F\u00fchrer bereit, in denen die sch\u00f6nsten Wanderungen im Roussillon und an der C\u00f4te Vermeille zusammengefasst sind.<\/p>\n\n\n\n<p class=\"ls-paragraph\" id=\"block-a89be0c8-814e-43d6-9f9c-8c724f533a00\">Es sind Routen f\u00fcr jedes Niveau m\u00f6glich: eine <strong>kleine Wan<\/strong> derung zum Fort Saint-Elme, der Weg des Fauvismus, der mit erkl\u00e4renden Schildern ges\u00e4umt ist, ein Spaziergang zur Einsiedelei Notre-Dame de Consolation oder eine gro\u00dfe Wanderung f\u00fcr gute Wanderer zur Entdeckung des Turms von Madeloc.<\/p>\n\n\n\n<p class=\"ls-paragraph addReadMore showlesscontent\" id=\"block-a89be0c8-814e-43d6-9f9c-8c724f533a00\">Eine <strong>gro\u00dfe<\/strong> mehrt\u00e4gige <strong>Wanderung<\/strong> f\u00fchrt von Collioure bis zum spanischen Dorf Cadaqu\u00e9s: Sie verl\u00e4uft an der K\u00fcste entlang, so dass Sie die Pyren\u00e4en und die Grenze \u00fcberqueren k\u00f6nnen, bis Sie die von Dali geliebte charmante Stadt erreichen.<\/p>\n\n\n\n<p class=\"ls-paragraph\" id=\"block-1ccf979e-a7ee-495e-8b98-9c99c2410886\">\u00dcber Banyuls, Cerb\u00e8re und Llan\u00e7a f\u00fchrt diese Route \u00fcber Pfade am Wasser, paradiesische Buchten und Wege in luftiger H\u00f6he mit Blick auf das Mittelmeer. W\u00e4hrend dieser <strong>unumg\u00e4nglichen Wanderung im katalanischen Land<\/strong> bieten sich den Wanderern <strong>Landschaften<\/strong> von seltener Sch\u00f6nheit.<\/p>\n<\/div>\n<\/div>\n\n\r\n    <\/div>\r\n<\/section>\n\n<section id=\"ls-section-block_b726da28214f509dd7ef680a00334c9b\" class=\"ls-section  page-two mosaique has-background has-color-4-background-color has-p-t p-t-14 has-p-b p-b-14\" >\r\n        <div class=\"container container--wide\">\r\n        \n\n<div class=\"wp-block-columns is-layout-flex wp-container-core-columns-is-layout-9d6595d7 wp-block-columns-is-layout-flex\">\n<div class=\"wp-block-column is-vertically-aligned-center is-layout-flow wp-block-column-is-layout-flow\">\n<h2 class=\"ls__heading wp-block-heading has-text-align-left\">Entdecken Sie die Kultur von Collioure<\/h2>\n\n\n\n<p class=\"ls-paragraph has-text-align-left\">Die privilegierte Lage von Collioure, gesch\u00fctzt in seiner Bucht und nur wenige Schritte von der spanischen Grenze entfernt, hat es im Laufe der Jahrhunderte zu einem oft begehrten strategischen Ort gemacht.<\/p>\n\n\n\n<p class=\"ls-paragraph has-text-align-left\">Das Schloss von Collioure war einst Residenz der K\u00f6nige von Mallorca, Festung der Habsburger, Zitadelle der Bourbonen und dann Disziplinarlager f\u00fcr die Fl\u00fcchtlinge der spanischen Retirada. Es spiegelt die wechselvolle Geschichte der Stadt wider.<\/p>\n\n\n\n<p class=\"ls-paragraph\">Lange vor dem heutigen Tourismus war Collioure auch ein bescheidener Fischerhafen, ein angesehener Handelshafen und die Inspirationsquelle des Malers Matisse, dem Vater des Fauvismus.<\/p>\n<\/div>\n\n\n\n<div class=\"wp-block-column is-vertically-aligned-center is-layout-flow wp-block-column-is-layout-flow\">\n<figure class=\"wp-block-image size-full\"><img decoding=\"async\" width=\"1488\" height=\"1200\" src=\"https:\/\/www.camping-le-calagogo.fr\/wp-content\/uploads\/2023\/11\/decouvrir-collioure.webp\" alt=\"collioure entdecken\" class=\"wp-image-3301\" srcset=\"https:\/\/www.camping-le-calagogo.fr\/wp-content\/uploads\/2023\/11\/decouvrir-collioure.webp 1488w, https:\/\/www.camping-le-calagogo.fr\/wp-content\/uploads\/2023\/11\/decouvrir-collioure-300x242.webp 300w, https:\/\/www.camping-le-calagogo.fr\/wp-content\/uploads\/2023\/11\/decouvrir-collioure-1024x826.webp 1024w, https:\/\/www.camping-le-calagogo.fr\/wp-content\/uploads\/2023\/11\/decouvrir-collioure-768x619.webp 768w\" sizes=\"(max-width: 1488px) 100vw, 1488px\" \/><\/figure>\n<\/div>\n<\/div>\n\n\r\n    <\/div>\r\n<\/section>\n\n<section id=\"ls-section-block_23323417c1f36edeb09c8e9203a5fe41\" class=\"ls-section  page-two has-p-t p-t-14 has-p-b p-b-14\" >\r\n        <div class=\"container container--wide\">\r\n        \n\n<div class=\"wp-block-columns is-layout-flex wp-container-core-columns-is-layout-9d6595d7 wp-block-columns-is-layout-flex\">\n<div class=\"wp-block-column is-vertically-aligned-center is-layout-flow wp-block-column-is-layout-flow\">\n<figure class=\"wp-block-image size-full bigger animated fadeInLeft delay-100ms slow\"><a href=\"https:\/\/www.camping-le-calagogo.fr\/wp-content\/uploads\/2023\/11\/sejour-collioure.webp\"><img decoding=\"async\" width=\"1901\" height=\"1200\" src=\"https:\/\/www.camping-le-calagogo.fr\/wp-content\/uploads\/2023\/11\/sejour-collioure.webp\" alt=\"Aufenthalt in Collioure\" class=\"wp-image-3308\" srcset=\"https:\/\/www.camping-le-calagogo.fr\/wp-content\/uploads\/2023\/11\/sejour-collioure.webp 1901w, https:\/\/www.camping-le-calagogo.fr\/wp-content\/uploads\/2023\/11\/sejour-collioure-300x189.webp 300w, https:\/\/www.camping-le-calagogo.fr\/wp-content\/uploads\/2023\/11\/sejour-collioure-1024x646.webp 1024w, https:\/\/www.camping-le-calagogo.fr\/wp-content\/uploads\/2023\/11\/sejour-collioure-768x485.webp 768w, https:\/\/www.camping-le-calagogo.fr\/wp-content\/uploads\/2023\/11\/sejour-collioure-1536x970.webp 1536w\" sizes=\"(max-width: 1901px) 100vw, 1901px\" \/><\/a><\/figure>\n<\/div>\n\n\n\n<div class=\"wp-block-column is-vertically-aligned-center is-layout-flow wp-block-column-is-layout-flow\">\n<p class=\"ls-paragraph has-text-align-left\">Die Entdeckung des Erbes der Stadt und der Besuch ihrer unumg\u00e4nglichen Sehensw\u00fcrdigkeiten ist eine M\u00f6glichkeit, ihre Kultur zu entdecken, die reich an zahlreichen Einfl\u00fcssen und einer vielf\u00e4ltigen Vergangenheit ist.<br><br>Das Haus des Fauvismus organisiert zahlreiche Ausfl\u00fcge und F\u00fchrungen zu den verschiedenen Sehensw\u00fcrdigkeiten von Collioure. Ein kleiner Touristenzug f\u00e4hrt auch durch die Gegend von Collioure von Ort zu Ort und von Aussichtspunkt zu Aussichtspunkt.<br><br>Sehenswert: die Festungsanlagen der Batterie Taillefer, des runden und des quadratischen Forts, des Forts Dugommier, des Forts Saint-Elme und des Forts Miradou; die religi\u00f6sen Geb\u00e4ude der Kirche Notre-Dame-des-anges, des Dominikanerklosters und der Einsiedelei Notre-Dame de Consolation; die Genossenschaftskellerei der Dominikaner und ihre AOC-Weine Collioure-Banyuls; das k\u00f6nigliche Schloss und sein Rundweg; die \u00d6lm\u00fchle; und die Anchovis-Konservenfabriken.<\/p>\n<\/div>\n<\/div>\n\n\r\n    <\/div>\r\n<\/section>\n\n<section id=\"ls-section-block_1cc04fe917bf5461fb481443f965c255\" class=\"ls-section  section-parallax has-background-image has-parallax has-background has-color-black-background-color has-p-t p-t-30 has-p-b p-b-0\" >\r\n    <div class=\"ls-section__background-image opacity-58\"><img decoding=\"async\" src=\"https:\/\/www.camping-le-calagogo.fr\/wp-content\/uploads\/2023\/11\/restaurants-collioure-1.webp\" alt=\"\"><\/div>    <div class=\"container container--wide\">\r\n        \n\n<div class=\"wp-block-columns has-color-white-background-color has-background is-layout-flex wp-container-core-columns-is-layout-9d6595d7 wp-block-columns-is-layout-flex\">\n<div class=\"wp-block-column is-layout-flow wp-block-column-is-layout-flow\">\n<h2 class=\"ls__heading wp-block-heading has-text-align-center\">Sehensw\u00fcrdigkeiten in Collioure: Restaurants<\/h2>\n\n\n\n<div class=\"wp-block-columns is-layout-flex wp-container-core-columns-is-layout-9d6595d7 wp-block-columns-is-layout-flex\">\n<div class=\"wp-block-column is-layout-flow wp-block-column-is-layout-flow\">\n<ul class=\"ls-list wp-block-list\">\n<li><strong>Le Jardin de Collioure<\/strong>: Eine raffinierte Land- und Meeresk\u00fcche im au\u00dfergew\u00f6hnlichen Rahmen des Kreuzgangs eines ehemaligen Dominikanerklosters aus dem 13\u1d49 Jahrhundert, am Ende der Sackgasse des Museums auf der Stra\u00dfe nach Port-Vendres.<\/li>\n\n\n\n<li><strong>L&#8217;Ostra Bar \u00e0 Hu\u00eetre Collioure<\/strong>: Im alten Dorf in der Rue Saint-Vincent, etwa 100 m vom Tourismusb\u00fcro von Collioure entfernt, befindet sich die Austern- und Tapas-Bar L&#8217;Ostra, die f\u00fcr die Qualit\u00e4t ihrer regionalen Produkte und f\u00fcr ihre freundliche Atmosph\u00e4re bekannt ist.<\/li>\n\n\n\n<li><strong>Restaurant Le Neptune<\/strong>: Route de Port-Vendres, Le Neptune verf\u00fcgt \u00fcber eine Terrasse mit Panoramablick auf die Anse de la Baleta und das k\u00f6nigliche Schloss von Collioure. Wie \u00fcber dem Wasser schwebend, genie\u00dft man hier regionale Produkte, die mit Raffinesse und Gro\u00dfz\u00fcgigkeit zubereitet werden.<\/li>\n<\/ul>\n<\/div>\n\n\n\n<div class=\"wp-block-column is-layout-flow wp-block-column-is-layout-flow\">\n<ul class=\"ls-list wp-block-list\">\n<li><strong>Restaurant Can Pla<\/strong>: In der Rue Voltaire bietet das Can Pla eine typisch katalanische K\u00fcche mit Tapas (darunter die ber\u00fchmten Collioure-Anchovis), Grillen auf der Plancha, Parilladas, katalanischen Fisch- und Fleischspezialit\u00e4ten und handgemachtem Eis.<\/li>\n\n\n\n<li><strong>Le Temps du Patio:<\/strong> In der Rue du Docteur Coste in der Altstadt von Collioure serviert das Le Temps du Patio echte regionale K\u00fcche in einem farbenfrohen und gem\u00fctlichen Dekor. Man entdeckt t\u00e4glich wechselnde Men\u00fcs und frische Produkte der Saison, darunter die unumg\u00e4ngliche katalanische Spezialit\u00e4t Cal\u00e7otada.<\/li>\n<\/ul>\n<\/div>\n<\/div>\n<\/div>\n<\/div>\n\n\r\n    <\/div>\r\n<\/section>\n\n<section id=\"ls-section-block_cc2e071ffa43147fd1ed47a0a773998e\" class=\"ls-section  page-maillage has-p-b p-b-14\" >\r\n        <div class=\"container container--wide\">\r\n        \n\n<div id=\"ls-heading ls-titre-div-block_d1a7f054619559d1124633eaf2296856\" class=\"ls-titre-div m-left h2-like\" >\n    St\u00e4dte nahe bei <\/br>von Collioure<\/div>\n\n\n<div id=\"ls-maillage-block_7bdaf47920b72d94d3085134a389c743\" class=\"ls-maillage cta-style-normal\" data-rows=\"3\">\n    <div class=\"wp-block-columns  \"><div class=\"wp-block-column\"><div id=\"destinations\" class=\"ls-cta\">\n\n<a href=\"https:\/\/www.camping-le-calagogo.fr\/de\/camping-argeles-sur-mer\/tourismus-argeles-sur-mer\/\" target=\"\" rel=\"noopener\" class=\"ls-cta__link\">\n\n\t<div class=\"ls-cta__image\"><img decoding=\"async\" src=\"https:\/\/www.camping-le-calagogo.fr\/wp-content\/uploads\/2023\/11\/visiter-argeles-sur-mer.webp\" alt=\"\"><\/div>\n\t<div class=\"ls-cta__title\">\n\t\tArgel\u00e8s-sur-Mer\t<\/div>\n\t\n\t\t\n<\/a><\/div><\/div><div class=\"wp-block-column\"><div id=\"destinations\" class=\"ls-cta\">\n\n<a href=\"https:\/\/www.camping-le-calagogo.fr\/de\/tourismus-port-barcares\/\" target=\"\" rel=\"noopener\" class=\"ls-cta__link\">\n\n\t<div class=\"ls-cta__image\"><img decoding=\"async\" src=\"https:\/\/www.camping-le-calagogo.fr\/wp-content\/uploads\/2023\/11\/visiter-port-barcares.webp\" alt=\"\"><\/div>\n\t<div class=\"ls-cta__title\">\n\t\tPort Barcar\u00e8s\t<\/div>\n\t\n\t\t\n<\/a><\/div><\/div><div class=\"wp-block-column\"><div id=\"destinations\" class=\"ls-cta\">\n\n<a href=\"https:\/\/www.camping-le-calagogo.fr\/de\/camping-canet-en-rousillon\/\" target=\"\" rel=\"noopener\" class=\"ls-cta__link\">\n\n\t<div class=\"ls-cta__image\"><img decoding=\"async\" src=\"https:\/\/www.camping-le-calagogo.fr\/wp-content\/uploads\/2023\/12\/vacances-canet-en-rousillon.webp\" alt=\"\"><\/div>\n\t<div class=\"ls-cta__title\">\n\t\tCamping in Canet-en-Rousillon\t<\/div>\n\t\n\t\t\n<\/a><\/div><\/div><\/div><\/div>\n\r\n    <\/div>\r\n<\/section>","protected":false},"excerpt":{"rendered":"","protected":false},"author":1,"featured_media":2708149,"parent":0,"menu_order":0,"comment_status":"closed","ping_status":"closed","template":"","meta":{"_acf_changed":false,"_seopress_robots_primary_cat":"","_seopress_titles_title":"Tourismus Collioure | Orte, Besichtigungen und Aktivit\u00e4ten in Collioure","_seopress_titles_desc":"","_seopress_robots_index":"","inline_featured_image":false,"footnotes":""},"sujet":[],"class_list":["post-2708587","page","type-page","status-publish","has-post-thumbnail","hentry"],"acf":[],"_links":{"self":[{"href":"https:\/\/www.camping-le-calagogo.fr\/de\/wp-json\/wp\/v2\/pages\/2708587","targetHints":{"allow":["GET"]}}],"collection":[{"href":"https:\/\/www.camping-le-calagogo.fr\/de\/wp-json\/wp\/v2\/pages"}],"about":[{"href":"https:\/\/www.camping-le-calagogo.fr\/de\/wp-json\/wp\/v2\/types\/page"}],"author":[{"embeddable":true,"href":"https:\/\/www.camping-le-calagogo.fr\/de\/wp-json\/wp\/v2\/users\/1"}],"replies":[{"embeddable":true,"href":"https:\/\/www.camping-le-calagogo.fr\/de\/wp-json\/wp\/v2\/comments?post=2708587"}],"version-history":[{"count":4,"href":"https:\/\/www.camping-le-calagogo.fr\/de\/wp-json\/wp\/v2\/pages\/2708587\/revisions"}],"predecessor-version":[{"id":2826140,"href":"https:\/\/www.camping-le-calagogo.fr\/de\/wp-json\/wp\/v2\/pages\/2708587\/revisions\/2826140"}],"wp:featuredmedia":[{"embeddable":true,"href":"https:\/\/www.camping-le-calagogo.fr\/de\/wp-json\/wp\/v2\/media\/2708149"}],"wp:attachment":[{"href":"https:\/\/www.camping-le-calagogo.fr\/de\/wp-json\/wp\/v2\/media?parent=2708587"}],"wp:term":[{"taxonomy":"sujet","embeddable":true,"href":"https:\/\/www.camping-le-calagogo.fr\/de\/wp-json\/wp\/v2\/sujet?post=2708587"}],"curies":[{"name":"wp","href":"https:\/\/api.w.org\/{rel}","templated":true}]}}