{"id":2708609,"date":"2023-11-21T22:53:13","date_gmt":"2023-11-21T21:53:13","guid":{"rendered":"https:\/\/www.camping-le-calagogo.fr\/campingplatz-betriebsrat-st-cyprian\/"},"modified":"2024-03-21T09:01:04","modified_gmt":"2024-03-21T08:01:04","slug":"camping-comite-unternehmen-st-cyprien","status":"publish","type":"page","link":"https:\/\/www.camping-le-calagogo.fr\/de\/camping-comite-unternehmen-st-cyprien\/","title":{"rendered":"CSR-Spezialist"},"content":{"rendered":"<section id=\"ls-section-block_974bbd78277f6ac2ffacf69a8ed68d78\" class=\"ls-section  page-chapeau has-p-b p-b-4\" >\r\n        <div class=\"container \">\r\n        \n\n<h1 class=\"ls__heading wp-block-heading has-text-align-center deco\">Camping CSE<\/h1>\n\n\r\n    <\/div>\r\n<\/section><section id=\"ls-section-block_4edf7b7b8eb745e68d221a82c23be0b5\" class=\"ls-section  page-one has-p-t p-t-0 has-p-b p-b-14\" >\r\n        <div class=\"container container--wide\">\r\n        \n\n<div class=\"wp-block-columns is-layout-flex wp-container-core-columns-is-layout-9d6595d7 wp-block-columns-is-layout-flex\">\n<div class=\"wp-block-column is-vertically-aligned-center first is-layout-flow wp-block-column-is-layout-flow\" style=\"flex-basis:66.7%\">\n<figure class=\"wp-block-image size-full\"><img decoding=\"async\" width=\"1800\" height=\"1200\" src=\"https:\/\/www.camping-le-calagogo.fr\/wp-content\/uploads\/2023\/12\/camping-piscine-chauffee-perpignan.webp\" alt=\"camping beheiztes schwimmbad perpignan\" class=\"wp-image-2629795\" srcset=\"https:\/\/www.camping-le-calagogo.fr\/wp-content\/uploads\/2023\/12\/camping-piscine-chauffee-perpignan.webp 1800w, https:\/\/www.camping-le-calagogo.fr\/wp-content\/uploads\/2023\/12\/camping-piscine-chauffee-perpignan-300x200.webp 300w, https:\/\/www.camping-le-calagogo.fr\/wp-content\/uploads\/2023\/12\/camping-piscine-chauffee-perpignan-1024x683.webp 1024w, https:\/\/www.camping-le-calagogo.fr\/wp-content\/uploads\/2023\/12\/camping-piscine-chauffee-perpignan-768x512.webp 768w, https:\/\/www.camping-le-calagogo.fr\/wp-content\/uploads\/2023\/12\/camping-piscine-chauffee-perpignan-1536x1024.webp 1536w\" sizes=\"(max-width: 1800px) 100vw, 1800px\" \/><\/figure>\n<\/div>\n\n\n\n<div class=\"wp-block-column is-vertically-aligned-center second is-layout-flow wp-block-column-is-layout-flow\" style=\"flex-basis:33.3%\">\n<h2 class=\"ls__heading wp-block-heading\">ESC Camping: ideal f\u00fcr Ihre Betriebsr\u00e4te<\/h2>\n\n\n\n<p class=\"ls-paragraph\">Der Campingplatz Cala-Gogo befindet sich im Departement <strong>Pyr\u00e9n\u00e9es-Orientales<\/strong> in St. Cyprien, in der N\u00e4he von Perpignan und Argel\u00e8s-sur-Mer. Dieser Campingplatz liegt direkt <a href=\"https:\/\/www.camping-le-calagogo.fr\/de\/camping-meeresufer-languedoc-roussillon\/\" data-type=\"page\" data-id=\"40\">am Meer in der Region Languedoc-Roussillon<\/a> und bietet viele Vorteile, darunter die Tatsache, dass er <strong>nur wenige Meter von den Str\u00e4nden<\/strong> entfernt liegt. Wenn Sie Ihr Mobilheim verlassen, sind Sie nur wenige Minuten davon entfernt, <strong>Ihre F\u00fc\u00dfe in den Sand<\/strong> zu stecken.<\/p>\n\n\n\n<p class=\"ls-paragraph\">Der <a href=\"https:\/\/www.camping-le-calagogo.fr\/de\/\" data-type=\"page\" data-id=\"9\">5-Sterne-Campingplatz Cala Gogo in St Cyprien<\/a> verf\u00fcgt \u00fcber mehrere <a href=\"https:\/\/www.camping-le-calagogo.fr\/de\/camping-services-pyrenees-orientales\/\" data-type=\"page\" data-id=\"24\">Gesch\u00e4fte in der N\u00e4he und zahlreiche Serviceleistungen<\/a>, um Ihren Aufenthalt <strong>absolut perfekt<\/strong> zu machen. Ein Wasserpark erwartet Sie, um Gro\u00df und Klein zu begeistern. Das Restaurant, die Bar, der Tabakladen, die Presse und die Strandbar tragen dazu bei, dass Ihr Aufenthalt zu einem <strong>Moment des Vergn\u00fcgens und der Entspannung<\/strong> wird.<\/p>\n\n\n\n<p class=\"ls-paragraph addReadMore showlesscontent\">Die <a href=\"https:\/\/www.camping-le-calagogo.fr\/de\/familienfreundlicher-campingplatz-saint-cyprien\/\" data-type=\"page\" data-id=\"20\">Aktivit\u00e4ten auf dem Campingplatz<\/a> Cala-Gogo in der N\u00e4he von Perpignan sind sehr vielf\u00e4ltig. Lernen Sie Bogenschie\u00dfen, Tauchen, spielen Sie Basketball oder leihen Sie sich ein Fahrrad aus, um die Umgebung zu erkunden. Auch Kinder und Jugendliche k\u00f6nnen <strong>in den<\/strong> f\u00fcr sie reservierten <strong>Clubs<\/strong> einen <strong>sch\u00f6nen Tag<\/strong> verbringen.<\/p>\n<\/div>\n<\/div>\n\n\r\n    <\/div>\r\n<\/section><section id=\"ls-section-block_eb206326de90168a6796ab76e4efe45c\" class=\"ls-section  page-two mosaique has-background has-color-4-background-color has-p-t p-t-14 has-p-b p-b-14\" >\r\n        <div class=\"container container--wide\">\r\n        \n<section id=\"ls-section-block_19da53cea1f31ae0c821db5df9b25449\" class=\"ls-section \" >\r\n        <div class=\"container container--wide\">\r\n        \n\n<div class=\"wp-block-columns is-layout-flex wp-container-core-columns-is-layout-9d6595d7 wp-block-columns-is-layout-flex\">\n<div class=\"wp-block-column m-r-4 is-layout-flow wp-block-column-is-layout-flow\">\n<h2 class=\"ls__heading wp-block-heading has-text-align-left\">Formeln und Preise f\u00fcr Betriebsr\u00e4te auf dem Campingplatz<\/h2>\n\n\n\n<p class=\"ls-paragraph has-text-align-left\">Der <strong>5-Sterne-Campingplatz Cala-Gogo<\/strong> ist ideal f\u00fcr SEKs. M\u00f6chten Sie Ihren Mitarbeitern erm\u00f6glichen, ihren <strong>Urlaub an einem sch\u00f6nen Ort<\/strong> zu genie\u00dfen? Der Campingplatz Cala-Gogo in der N\u00e4he von Argel\u00e8s-sur-Mer ist perfekt! Dieser g\u00fcnstige CSE Camping <strong>bietet zwei verschiedene Angebote<\/strong>. Auch auf dem Campingplatz Cala-Gogo gibt es g\u00fcnstige Preise f\u00fcr alle.<\/p>\n\n\n\n<p class=\"ls-paragraph has-text-align-left\"><strong>Das Lineare Angebot<\/strong> in Cala Gogo f\u00fcr ESCs: W\u00e4hlen Sie das Lineare Angebot, um die <strong>Verf\u00fcgbarkeit Ihres Mobilheims<\/strong> auch w\u00e4hrend der Hochsaison f\u00fcr Ihre Mitarbeiter zu gew\u00e4hrleisten. Als Betriebsrat legen Sie die Preise f\u00fcr die <strong>Urlaubswochen Ihrer Mitarbeiter auf dem Campingplatz Cala-Gogo<\/strong> fest. Sie profitieren von demselben Mobilheim w\u00e4hrend der gesamten Dauer des Linears. M\u00f6glichkeit der R\u00fccknahme Ihrer Wochen, falls diese unverkauft bleiben sollten.<\/p>\n\n\n\n<p class=\"ls-paragraph has-text-align-left\">Das <strong>Coup-per-Coup-Angebot f\u00fcr Betriebsr\u00e4te<\/strong>: Mit dem Coup-per-Coup-Angebot erhalten Sie in der Vor- und Nachsaison einen Preisvorteil von 15 % f\u00fcr Ihren SSC. Ideal f\u00fcr einen <strong>g\u00fcnstigen Aufenthalt in der N\u00e4he von Perpignan<\/strong>.<\/p>\n\n\n\n<p class=\"ls-paragraph has-text-align-left\">Unabh\u00e4ngig davon, welche Variante Sie w\u00e4hlen, k\u00fcmmern sich die Empfangsmitarbeiter gerne um die Ankunft und Abreise. Der Campingplatz Cala-Gogo steht Ihnen <strong>w\u00e4hrend Ihres gesamten Vorhabens<\/strong> und des Aufenthalts Ihrer Mitarbeiter zur Verf\u00fcgung. Die g\u00fcnstigen Angebote unseres Campings sind <strong>vorteilhaft f\u00fcr Ihren Betriebsrat<\/strong> und Ihre Mitarbeiter. Sie werden von Ihrem Aufenthalt auf dem 5-Sterne-Campingplatz Cala-Gogo begeistert sein.<\/p>\n<\/div>\n\n\n\n<div class=\"wp-block-column m-l-4 is-layout-flow wp-block-column-is-layout-flow\">\n<h2 class=\"ls__heading wp-block-heading has-text-align-left\">Camping ESC: die Vorteile<\/h2>\n\n\n\n<p class=\"ls-paragraph has-text-align-left\">Der Campingplatz Cala-Gogo erm\u00f6glicht es <strong>Betriebsr\u00e4ten<\/strong>, ihren Berechtigten immer <strong>mehr Vorteile und Verg<\/strong>\u00fcnstigungen zukommen zu lassen. Dort profitieren Sie wahlweise von einem <strong>linearen Angebot<\/strong> \u00fcber die gesamte Saison oder von einem <strong>10-Wochen-Paket<\/strong> in den f\u00fcr Sie passenden Zeitr\u00e4umen. In jeder Phase unserer Partnerschaft finden Sie ein Team, das Ihnen zuh\u00f6rt.<\/p>\n\n\n\n<p class=\"ls-paragraph has-text-align-left\">Das <strong>Linear-Angebot<\/strong> funktioniert einfach und garantiert Ihnen die gr\u00f6\u00dftm\u00f6gliche Gerechtigkeit unter den beg\u00fcnstigten Bediensteten: Das Mobilheim wird von der \u00d6ffnung bis zur Schlie\u00dfung der Einrichtung <strong>f\u00fcr Ihren Betriebsrat reserviert<\/strong>. Ihr <strong>Betriebsrat verwaltet die Zuteilungen zu einem Preis<\/strong>, den er frei festlegen kann.<\/p>\n\n\n\n<ul class=\"ls-list wp-block-list\">\n<li><strong>Garantierte Verf\u00fcgbarkeit<\/strong> in der Hochsaison<\/li>\n\n\n\n<li>Dasselbe Mobilheim \u00fcber <strong>die gesamte Dauer des Linears<\/strong><\/li>\n\n\n\n<li>Die Freiheit, den <strong>Wochenpreis<\/strong> f\u00fcr Ihre Mitarbeiter festzulegen<\/li>\n\n\n\n<li>Die Bereitstellung von <strong>neuen, voll ausgestatteten Mobilheimen<\/strong><\/li>\n<\/ul>\n\n\n\n<p class=\"ls-paragraph has-text-align-left\">Besuchen Sie die Website: <a href=\"https:\/\/www.camping-vacances-heger.fr\/\" target=\"_blank\" rel=\"noreferrer noopener\">www.camping-vacances-heger.fr<\/a> oder kontaktieren Sie uns, um mehr \u00fcber unsere Camping-Reiseziele in Frankreich zu erfahren.<\/p>\n<\/div>\n<\/div>\n\n\r\n    <\/div>\r\n<\/section>\n\r\n    <\/div>\r\n<\/section><section id=\"ls-section-block_d45bddfee53a17cf17ad1552c050d41e\" class=\"ls-section  page-maillage has-p-b p-b-14\" >\r\n        <div class=\"container container--wide\">\r\n        \n\n<div id=\"ls-heading ls-titre-div-block_4068e5087f3d1461b76c7e2513f20fea\" class=\"ls-titre-div m-left h2-like\" >\n    Schwimmbad und Animation <\/br>auf dem Camping<\/div>\n\n\n<div id=\"ls-maillage-block_6132deddb99d9fd56cacfda41b591fa1\" class=\"ls-maillage cta-style-normal\" data-rows=\"3\">\n    <div class=\"wp-block-columns  \"><div class=\"wp-block-column\"><div id=\"destinations\" class=\"ls-cta\">\n\n<a href=\"https:\/\/www.camping-le-calagogo.fr\/de\/familienfreundlicher-campingplatz-saint-cyprien\/\" target=\"\" rel=\"noopener\" class=\"ls-cta__link\">\n\n\t<div class=\"ls-cta__image\"><img decoding=\"async\" src=\"https:\/\/www.camping-le-calagogo.fr\/wp-content\/uploads\/2023\/12\/camping-animations-familiales-saint-cyprien.webp\" alt=\"\"><\/div>\n\t<div class=\"ls-cta__title\">\n\t\tAnimationen und Abendveranstaltungen\t<\/div>\n\t\n\t\t\n<\/a><\/div><\/div><div class=\"wp-block-column\"><div id=\"destinations\" class=\"ls-cta\">\n\n<a href=\"https:\/\/www.camping-le-calagogo.fr\/de\/camping-services-pyrenees-orientales\/\" target=\"\" rel=\"noopener\" class=\"ls-cta__link\">\n\n\t<div class=\"ls-cta__image\"><img decoding=\"async\" src=\"https:\/\/www.camping-le-calagogo.fr\/wp-content\/uploads\/2023\/12\/epicerie-languedoc.webp\" alt=\"\"><\/div>\n\t<div class=\"ls-cta__title\">\n\t\tDienstleistungen und Gesch\u00e4fte\t<\/div>\n\t\n\t\t\n<\/a><\/div><\/div><div class=\"wp-block-column\"><div id=\"destinations\" class=\"ls-cta\">\n\n<a href=\"https:\/\/www.camping-le-calagogo.fr\/de\/camping-mit-schwimmbad-saint-cyprien\/\" target=\"\" rel=\"noopener\" class=\"ls-cta__link\">\n\n\t<div class=\"ls-cta__image\"><img decoding=\"async\" src=\"https:\/\/www.camping-le-calagogo.fr\/wp-content\/uploads\/2023\/12\/espace-aquatique-perpignan.webp\" alt=\"\"><\/div>\n\t<div class=\"ls-cta__title\">\n\t\tWasserbereich\t<\/div>\n\t\n\t\t\n<\/a><\/div><\/div><\/div><\/div>\n\r\n    <\/div>\r\n<\/section>","protected":false},"excerpt":{"rendered":"","protected":false},"author":1,"featured_media":2630213,"parent":0,"menu_order":0,"comment_status":"closed","ping_status":"closed","template":"","meta":{"_acf_changed":false,"_seopress_robots_primary_cat":"","_seopress_titles_title":"Camping f\u00fcr Betriebsrat | Camping ce | Accueil ce en camping","_seopress_titles_desc":"Mehr \u00fcber den Empfang von Betriebsr\u00e4ten ca Camping Cala-Gogo in Saint-Cyprien","_seopress_robots_index":"","inline_featured_image":false,"footnotes":""},"sujet":[],"class_list":["post-2708609","page","type-page","status-publish","has-post-thumbnail","hentry"],"acf":[],"_links":{"self":[{"href":"https:\/\/www.camping-le-calagogo.fr\/de\/wp-json\/wp\/v2\/pages\/2708609","targetHints":{"allow":["GET"]}}],"collection":[{"href":"https:\/\/www.camping-le-calagogo.fr\/de\/wp-json\/wp\/v2\/pages"}],"about":[{"href":"https:\/\/www.camping-le-calagogo.fr\/de\/wp-json\/wp\/v2\/types\/page"}],"author":[{"embeddable":true,"href":"https:\/\/www.camping-le-calagogo.fr\/de\/wp-json\/wp\/v2\/users\/1"}],"replies":[{"embeddable":true,"href":"https:\/\/www.camping-le-calagogo.fr\/de\/wp-json\/wp\/v2\/comments?post=2708609"}],"version-history":[{"count":34,"href":"https:\/\/www.camping-le-calagogo.fr\/de\/wp-json\/wp\/v2\/pages\/2708609\/revisions"}],"predecessor-version":[{"id":2832470,"href":"https:\/\/www.camping-le-calagogo.fr\/de\/wp-json\/wp\/v2\/pages\/2708609\/revisions\/2832470"}],"wp:featuredmedia":[{"embeddable":true,"href":"https:\/\/www.camping-le-calagogo.fr\/de\/wp-json\/wp\/v2\/media\/2630213"}],"wp:attachment":[{"href":"https:\/\/www.camping-le-calagogo.fr\/de\/wp-json\/wp\/v2\/media?parent=2708609"}],"wp:term":[{"taxonomy":"sujet","embeddable":true,"href":"https:\/\/www.camping-le-calagogo.fr\/de\/wp-json\/wp\/v2\/sujet?post=2708609"}],"curies":[{"name":"wp","href":"https:\/\/api.w.org\/{rel}","templated":true}]}}