{"id":2708643,"date":"2023-11-20T20:08:04","date_gmt":"2023-11-20T19:08:04","guid":{"rendered":"https:\/\/www.camping-le-calagogo.fr\/lhistoire-du-camping\/"},"modified":"2024-02-02T09:00:44","modified_gmt":"2024-02-02T08:00:44","slug":"geschichte-des-campings","status":"publish","type":"page","link":"https:\/\/www.camping-le-calagogo.fr\/de\/geschichte-des-campings\/","title":{"rendered":"Die Geschichte des Campings"},"content":{"rendered":"<section id=\"ls-section-block_f7d38df3eacbaaf7b01de8ad82c3ddb2\" class=\"ls-section  page-chapeau has-p-b p-b-4\" >\r\n        <div class=\"container \">\r\n        \n\n<h1 class=\"ls__heading wp-block-heading has-text-align-center deco\">Die Familiengeschichte des<br><strong>Camping Cala-Gogo<\/strong><\/h1>\n\n\r\n    <\/div>\r\n<\/section>\n\n<section id=\"ls-section-block_b08d3140e9eb2e944092fc4c6df16736\" class=\"ls-section  page-one has-p-t p-t-0 has-p-b p-b-14\" >\r\n        <div class=\"container container--wide\">\r\n        \n\n<div class=\"wp-block-columns is-layout-flex wp-container-core-columns-is-layout-9d6595d7 wp-block-columns-is-layout-flex\">\n<div class=\"wp-block-column first is-layout-flow wp-block-column-is-layout-flow\" style=\"flex-basis:66.7%\">\n<figure class=\"wp-block-gallery has-nested-images columns-default is-cropped gallery-slider-page animated fadeInUp slow wp-block-gallery-1 is-layout-flex wp-block-gallery-is-layout-flex\">\n<figure class=\"wp-block-image size-full\"><a href=\"https:\/\/www.camping-le-calagogo.fr\/wp-content\/uploads\/2023\/12\/carte-postale-argeles-sur-mer-124284.jpg\"><img decoding=\"async\" width=\"866\" height=\"612\" data-id=\"2824089\" src=\"https:\/\/www.camping-le-calagogo.fr\/wp-content\/uploads\/2023\/12\/carte-postale-argeles-sur-mer-124284.jpg\" alt=\"Postkarte-argeles-sur-mer-camping\" class=\"wp-image-2824089\" srcset=\"https:\/\/www.camping-le-calagogo.fr\/wp-content\/uploads\/2023\/12\/carte-postale-argeles-sur-mer-124284.jpg 866w, https:\/\/www.camping-le-calagogo.fr\/wp-content\/uploads\/2023\/12\/carte-postale-argeles-sur-mer-124284-300x212.jpg 300w, https:\/\/www.camping-le-calagogo.fr\/wp-content\/uploads\/2023\/12\/carte-postale-argeles-sur-mer-124284-768x543.jpg 768w\" sizes=\"(max-width: 866px) 100vw, 866px\" \/><\/a><\/figure>\n\n\n\n<figure class=\"wp-block-image size-full\"><a href=\"https:\/\/www.camping-le-calagogo.fr\/wp-content\/uploads\/2023\/12\/carte-postale-argeles-sur-mer-124287.jpg\"><img decoding=\"async\" width=\"838\" height=\"614\" data-id=\"2824094\" src=\"https:\/\/www.camping-le-calagogo.fr\/wp-content\/uploads\/2023\/12\/carte-postale-argeles-sur-mer-124287.jpg\" alt=\"postkarte-argeles-sur-mer-la cote\" class=\"wp-image-2824094\" srcset=\"https:\/\/www.camping-le-calagogo.fr\/wp-content\/uploads\/2023\/12\/carte-postale-argeles-sur-mer-124287.jpg 838w, https:\/\/www.camping-le-calagogo.fr\/wp-content\/uploads\/2023\/12\/carte-postale-argeles-sur-mer-124287-300x220.jpg 300w, https:\/\/www.camping-le-calagogo.fr\/wp-content\/uploads\/2023\/12\/carte-postale-argeles-sur-mer-124287-768x563.jpg 768w\" sizes=\"(max-width: 838px) 100vw, 838px\" \/><\/a><\/figure>\n\n\n\n<figure class=\"wp-block-image size-full\"><a href=\"https:\/\/www.camping-le-calagogo.fr\/wp-content\/uploads\/2023\/12\/Argeles-sur-mer-photo-archive2.jpg\"><img decoding=\"async\" width=\"1600\" height=\"1102\" data-id=\"2824039\" src=\"https:\/\/www.camping-le-calagogo.fr\/wp-content\/uploads\/2023\/12\/Argeles-sur-mer-photo-archive2.jpg\" alt=\"\" class=\"wp-image-2824039\" srcset=\"https:\/\/www.camping-le-calagogo.fr\/wp-content\/uploads\/2023\/12\/Argeles-sur-mer-photo-archive2.jpg 1600w, https:\/\/www.camping-le-calagogo.fr\/wp-content\/uploads\/2023\/12\/Argeles-sur-mer-photo-archive2-300x207.jpg 300w, https:\/\/www.camping-le-calagogo.fr\/wp-content\/uploads\/2023\/12\/Argeles-sur-mer-photo-archive2-1024x705.jpg 1024w, https:\/\/www.camping-le-calagogo.fr\/wp-content\/uploads\/2023\/12\/Argeles-sur-mer-photo-archive2-768x529.jpg 768w, https:\/\/www.camping-le-calagogo.fr\/wp-content\/uploads\/2023\/12\/Argeles-sur-mer-photo-archive2-1536x1058.jpg 1536w\" sizes=\"(max-width: 1600px) 100vw, 1600px\" \/><\/a><\/figure>\n\n\n\n<figure class=\"wp-block-image size-full\"><a href=\"https:\/\/www.camping-le-calagogo.fr\/wp-content\/uploads\/2023\/12\/Argeles-sur-mer-photo-archive3-1.jpg\"><img decoding=\"async\" width=\"1280\" height=\"831\" data-id=\"2824064\" src=\"https:\/\/www.camping-le-calagogo.fr\/wp-content\/uploads\/2023\/12\/Argeles-sur-mer-photo-archive3-1.jpg\" alt=\"Argeles sur mer Fotoarchiv Strand\" class=\"wp-image-2824064\" srcset=\"https:\/\/www.camping-le-calagogo.fr\/wp-content\/uploads\/2023\/12\/Argeles-sur-mer-photo-archive3-1.jpg 1280w, https:\/\/www.camping-le-calagogo.fr\/wp-content\/uploads\/2023\/12\/Argeles-sur-mer-photo-archive3-1-300x195.jpg 300w, https:\/\/www.camping-le-calagogo.fr\/wp-content\/uploads\/2023\/12\/Argeles-sur-mer-photo-archive3-1-1024x665.jpg 1024w, https:\/\/www.camping-le-calagogo.fr\/wp-content\/uploads\/2023\/12\/Argeles-sur-mer-photo-archive3-1-768x499.jpg 768w\" sizes=\"(max-width: 1280px) 100vw, 1280px\" \/><\/a><\/figure>\n<\/figure>\n<\/div>\n\n\n\n<div class=\"wp-block-column is-vertically-aligned-center second is-layout-flow wp-block-column-is-layout-flow\" style=\"flex-basis:33.3%\">\n<p class=\"ls-paragraph\">Der <strong>Camping Cala-Gogo<\/strong> ist ein Familienabenteuer, das sich \u00fcber mehrere Generationen erstreckt. Erfahren Sie, wie die Familie Heger mit ihren holl\u00e4ndischen und deutschen Wurzeln ihre Leidenschaft f\u00fcr das Camping in ein florierendes Unternehmen verwandelt hat.<\/p>\n\n\n\n<p class=\"ls-paragraph\">Von den bescheidenen Anf\u00e4ngen mit Jean Heger, der mit seinem Wohnwagen durch Europa reiste, bis hin zum Erwerb und der Leitung des renommierten <a href=\"https:\/\/www.camping-le-calagogo.fr\/de\/\" data-type=\"page\" data-id=\"9\">5-Sterne-Camping Saint-Cyprien<\/a> ist jeder Schritt unserer Reise eine Geschichte von Innovation, Beharrlichkeit und einer tiefen Liebe zum Camping.<\/p>\n\n\n\n<p class=\"ls-paragraph\">Entdecken Sie das reiche Erbe und die Werte, die das heutige Cala-Gogo geformt haben.<\/p>\n<\/div>\n<\/div>\n\n\r\n    <\/div>\r\n<\/section>\n\n<section id=\"ls-section-block_c52b37a6af3dd296e7cd257dbf209d15\" class=\"ls-section  page-two mosaique has-background has-color-4-background-color has-p-t p-t-14 has-p-b p-b-14\" >\r\n        <div class=\"container container--wide\">\r\n        \n\n<div class=\"wp-block-columns is-layout-flex wp-container-core-columns-is-layout-9d6595d7 wp-block-columns-is-layout-flex\">\n<div class=\"wp-block-column is-vertically-aligned-center is-layout-flow wp-block-column-is-layout-flow\">\n<h2 class=\"ls__heading wp-block-heading\">Die Urspr\u00fcnge und die anf\u00e4ngliche Entwicklung<\/h2>\n\n\n\n<p class=\"ls-paragraph\">Die<strong>Geschichte unseres Camping<\/strong> es beginnt mit unseren holl\u00e4ndischen Urgro\u00dfeltern und deutschen Gro\u00dfeltern, die den Grundstein f\u00fcr die Leidenschaft der Familie f\u00fcr das Campen legten.<\/p>\n\n\n\n<p class=\"ls-paragraph\">Jean Heger, der Patriarch, reiste zun\u00e4chst im Rahmen seiner Arbeit bei \u00d6lbohrungen mit seinem eigenen Wohnwagen, bevor er 1972 mit dem Verkauf von Wohnwagen im Elsass begann. Diese Zeit markiert den Beginn unseres Engagements in der Welt des Campings.<\/p>\n<\/div>\n\n\n\n<div class=\"wp-block-column is-layout-flow wp-block-column-is-layout-flow\">\n<figure class=\"wp-block-image size-full animated fadeInRight delay-100ms slow\"><a href=\"https:\/\/www.camping-le-calagogo.fr\/wp-content\/uploads\/2023\/12\/Argeles-sur-mer-photo-archive6.jpg\"><img decoding=\"async\" width=\"1098\" height=\"683\" src=\"https:\/\/www.camping-le-calagogo.fr\/wp-content\/uploads\/2023\/12\/Argeles-sur-mer-photo-archive6.jpg\" alt=\"Argeles sur mer Foto der Urspr\u00fcnge\" class=\"wp-image-2824079\" srcset=\"https:\/\/www.camping-le-calagogo.fr\/wp-content\/uploads\/2023\/12\/Argeles-sur-mer-photo-archive6.jpg 1098w, https:\/\/www.camping-le-calagogo.fr\/wp-content\/uploads\/2023\/12\/Argeles-sur-mer-photo-archive6-300x187.jpg 300w, https:\/\/www.camping-le-calagogo.fr\/wp-content\/uploads\/2023\/12\/Argeles-sur-mer-photo-archive6-1024x637.jpg 1024w, https:\/\/www.camping-le-calagogo.fr\/wp-content\/uploads\/2023\/12\/Argeles-sur-mer-photo-archive6-768x478.jpg 768w\" sizes=\"(max-width: 1098px) 100vw, 1098px\" \/><\/a><\/figure>\n<\/div>\n<\/div>\n\n\r\n    <\/div>\r\n<\/section>\n\n<section id=\"ls-section-block_fa1a053bfe6cd4e3033da5afaba62cef\" class=\"ls-section  section-parallax has-background-image has-parallax has-background has-color-black-background-color has-p-t p-t-30 has-p-b p-b-0\" >\r\n    <div class=\"ls-section__background-image opacity-58\"><img decoding=\"async\" src=\"https:\/\/www.camping-le-calagogo.fr\/wp-content\/uploads\/2023\/12\/Pic_St_Loup_vu_de_Maguelone_-_IMG_1664-Modifier.jpg\" alt=\"Pic_St_Loup_vu_de_Maguelone_-\"><\/div>    <div class=\"container container--wide\">\r\n        \n\n<div class=\"wp-block-columns has-color-white-background-color has-background is-layout-flex wp-container-core-columns-is-layout-9d6595d7 wp-block-columns-is-layout-flex\">\n<div class=\"wp-block-column is-layout-flow wp-block-column-is-layout-flow\">\n<h2 class=\"ls__heading wp-block-heading has-text-align-center\">Expansion und Innovation beim Camping<\/h2>\n\n\n\n<p class=\"ls-paragraph has-text-align-center\">Im Jahr 1977 kam es zu einem bedeutenden Wendepunkt. Er lernte einen ersten Betriebsrat kennen, mit dem er Wohnwagen und Vorzelte auf Camping an <strong>der Mittelmeer- <\/strong>und <strong>Atlantikk\u00fcste <\/strong>aufstellte. Dies war der Beginn der \u00c4ra <strong>des sozialen Urlaubs<\/strong> auf Camping.<\/p>\n\n\n\n<p class=\"ls-paragraph has-text-align-center\">Als Jean Marie 1986 in die Firma eintrat und Jean und Lucienne nach S\u00fcdfrankreich, nach <strong>Argel\u00e8s-sur-Mer <\/strong>, umzogen, kam neuer Schwung in die Firma. Diese Zeit ist durch ein anhaltendes Wachstum und eine stetige Weiterentwicklung des Unternehmens gekennzeichnet.<\/p>\n\n\n\n<p class=\"ls-paragraph has-text-align-center\">1986, als Jean Marie in die Firma eintrat und angesichts der gro\u00dfen Nachfrage und <strong>der Ankunft der Mobilheime<\/strong>, beschlossen Jean und Lucienne, umzuziehen und sich in S\u00fcdfrankreich, in<strong> Argel\u00e8s-sur-Mer<\/strong>, niederzulassen. 1991 gr\u00fcndeten wir eine Firma f\u00fcr die Vermietung von Mobilheimen. Diese Zeit ist durch ein anhaltendes Wachstum und eine stetige Weiterentwicklung des Unternehmens gekennzeichnet.<\/p>\n<\/div>\n<\/div>\n\n\r\n    <\/div>\r\n<\/section>\n\n<section id=\"ls-section-block_02fbefc230570713385b39671346a4c7\" class=\"ls-section  page-three has-p-t p-t-14 has-p-b p-b-14\" >\r\n        <div class=\"container container--wide\">\r\n        \n\n<div class=\"wp-block-columns is-layout-flex wp-container-core-columns-is-layout-9d6595d7 wp-block-columns-is-layout-flex\">\n<div class=\"wp-block-column first is-layout-flow wp-block-column-is-layout-flow\">\n<figure class=\"wp-block-image size-large animated fadeInLeft delay-100ms slow\"><img decoding=\"async\" width=\"1024\" height=\"574\" src=\"https:\/\/www.camping-le-calagogo.fr\/wp-content\/uploads\/2023\/12\/famille-plage-recoloree-photo-archive-1024x574.webp\" alt=\"Familie Strand neu gef\u00e4rbt Fotoarchiv\" class=\"wp-image-2824123\" srcset=\"https:\/\/www.camping-le-calagogo.fr\/wp-content\/uploads\/2023\/12\/famille-plage-recoloree-photo-archive-1024x574.webp 1024w, https:\/\/www.camping-le-calagogo.fr\/wp-content\/uploads\/2023\/12\/famille-plage-recoloree-photo-archive-300x168.webp 300w, https:\/\/www.camping-le-calagogo.fr\/wp-content\/uploads\/2023\/12\/famille-plage-recoloree-photo-archive-768x430.webp 768w, https:\/\/www.camping-le-calagogo.fr\/wp-content\/uploads\/2023\/12\/famille-plage-recoloree-photo-archive.webp 1456w\" sizes=\"(max-width: 1024px) 100vw, 1024px\" \/><\/figure>\n<\/div>\n\n\n\n<div class=\"wp-block-column is-vertically-aligned-top second is-layout-flow wp-block-column-is-layout-flow\">\n<h2 class=\"ls__heading wp-block-heading\">Familienentwicklung und der Kauf von Camping<\/h2>\n\n\n\n<p class=\"ls-paragraph\">Die Familie vergr\u00f6\u00dferte sich mit der Ankunft von Laurence im Jahr 1994 und setzte ihren Aufschwung mit dem Kauf des ersten Camping in Soulac sur Mer im Jahr 1997 fort, der von Patricia, Jeans Tochter, und ihrem Mann Eric geleitet wurde.<\/p>\n\n\n\n<p class=\"ls-paragraph\">Die \u00dcbernahme eines Camping in Elne bei St. Cyprien im Jahr 2006, der von Jean, Jean Marie und Laurence gef\u00fchrt wird, sowie die Aufnahme von Jean Marc in die Familie verdeutlichen die Kontinuit\u00e4t und die St\u00e4rkung der Campingaktivit\u00e4ten.<\/p>\n<\/div>\n<\/div>\n\n\r\n    <\/div>\r\n<\/section>\n\n<section id=\"ls-section-block_a35eac368d9bd9c3bfe9e786a6ccde39\" class=\"ls-section  page-one mosaique has-background has-color-4-background-color has-p-t p-t-14 has-p-b p-b-14\" >\r\n        <div class=\"container container--wide\">\r\n        \n\n<div class=\"wp-block-columns is-layout-flex wp-container-core-columns-is-layout-9d6595d7 wp-block-columns-is-layout-flex\">\n<div class=\"wp-block-column is-vertically-aligned-center second is-layout-flow wp-block-column-is-layout-flow\" style=\"flex-basis:33.3%\">\n<h2 class=\"ls__heading wp-block-heading\">Der Camping Cala-Gogo, ein neues Kapitel<\/h2>\n\n\n\n<p class=\"ls-paragraph\">Mit der \u00dcbernahme des Camping Cala-Gogo im Jahr 2014, nach mehr als <strong>zwei Jahrzehnten der Zusammenarbeit<\/strong>, beginnt ein neues, spannendes Kapitel in unserer Familiengeschichte.  <\/p>\n\n\n\n<p class=\"ls-paragraph\">Von nun an wurde die Verwaltung des Cala-Gogo Campings <strong>zum Kernst\u00fcck unserer Aktivit\u00e4ten<\/strong> und trennte uns von den beiden anderen Einrichtungen.<\/p>\n\n\n\n<p class=\"ls-paragraph\">Wir setzen uns kontinuierlich daf\u00fcr ein, <strong>einen qualitativ hochwertigen Urlaub<\/strong> anzubieten, indem wir ein Gleichgewicht zwischen <strong>Mobilheimen<\/strong> und traditionellen <strong>Stellpl\u00e4tzen <\/strong>f\u00fcr Zelte, Wohnwagen und Wohnmobile halten, zur Freude unserer franz\u00f6sischen und ausl\u00e4ndischen Kunden.<\/p>\n<\/div>\n\n\n\n<div class=\"wp-block-column first is-layout-flow wp-block-column-is-layout-flow\" style=\"flex-basis:66.7%\">\n<figure class=\"wp-block-gallery has-nested-images columns-default is-cropped gallery-slider-page animated fadeInUp slow wp-block-gallery-2 is-layout-flex wp-block-gallery-is-layout-flex\">\n<figure class=\"wp-block-image size-full\"><a href=\"https:\/\/www.camping-le-calagogo.fr\/wp-content\/uploads\/2023\/12\/Argeles-sur-mer-photo-archive1-1.jpg\"><img decoding=\"async\" width=\"1600\" height=\"1159\" data-id=\"2824054\" src=\"https:\/\/www.camping-le-calagogo.fr\/wp-content\/uploads\/2023\/12\/Argeles-sur-mer-photo-archive1-1.jpg\" alt=\"Argeles sur mer Fotoarchiv der Abreise\" class=\"wp-image-2824054\" srcset=\"https:\/\/www.camping-le-calagogo.fr\/wp-content\/uploads\/2023\/12\/Argeles-sur-mer-photo-archive1-1.jpg 1600w, https:\/\/www.camping-le-calagogo.fr\/wp-content\/uploads\/2023\/12\/Argeles-sur-mer-photo-archive1-1-300x217.jpg 300w, https:\/\/www.camping-le-calagogo.fr\/wp-content\/uploads\/2023\/12\/Argeles-sur-mer-photo-archive1-1-1024x742.jpg 1024w, https:\/\/www.camping-le-calagogo.fr\/wp-content\/uploads\/2023\/12\/Argeles-sur-mer-photo-archive1-1-768x556.jpg 768w, https:\/\/www.camping-le-calagogo.fr\/wp-content\/uploads\/2023\/12\/Argeles-sur-mer-photo-archive1-1-1536x1113.jpg 1536w\" sizes=\"(max-width: 1600px) 100vw, 1600px\" \/><\/a><\/figure>\n\n\n\n<figure class=\"wp-block-image size-full\"><a href=\"https:\/\/www.camping-le-calagogo.fr\/wp-content\/uploads\/2023\/12\/Beach_Sete_Herault_01.jpg\"><img decoding=\"async\" width=\"1600\" height=\"1000\" data-id=\"2824084\" src=\"https:\/\/www.camping-le-calagogo.fr\/wp-content\/uploads\/2023\/12\/Beach_Sete_Herault_01.jpg\" alt=\"Beach,_S\u00e8te,_H\u00e9rault_archive\" class=\"wp-image-2824084\" srcset=\"https:\/\/www.camping-le-calagogo.fr\/wp-content\/uploads\/2023\/12\/Beach_Sete_Herault_01.jpg 1600w, https:\/\/www.camping-le-calagogo.fr\/wp-content\/uploads\/2023\/12\/Beach_Sete_Herault_01-300x188.jpg 300w, https:\/\/www.camping-le-calagogo.fr\/wp-content\/uploads\/2023\/12\/Beach_Sete_Herault_01-1024x640.jpg 1024w, https:\/\/www.camping-le-calagogo.fr\/wp-content\/uploads\/2023\/12\/Beach_Sete_Herault_01-768x480.jpg 768w, https:\/\/www.camping-le-calagogo.fr\/wp-content\/uploads\/2023\/12\/Beach_Sete_Herault_01-1536x960.jpg 1536w\" sizes=\"(max-width: 1600px) 100vw, 1600px\" \/><\/a><\/figure>\n\n\n\n<figure class=\"wp-block-image size-full\"><a href=\"https:\/\/www.camping-le-calagogo.fr\/wp-content\/uploads\/2023\/12\/camping-argeles-mer.webp\"><img decoding=\"async\" width=\"2000\" height=\"1200\" data-id=\"2708207\" src=\"https:\/\/www.camping-le-calagogo.fr\/wp-content\/uploads\/2023\/12\/camping-argeles-mer.webp\" alt=\"Camping Argeles Mer\" class=\"wp-image-2708207\" srcset=\"https:\/\/www.camping-le-calagogo.fr\/wp-content\/uploads\/2023\/12\/camping-argeles-mer.webp 2000w, https:\/\/www.camping-le-calagogo.fr\/wp-content\/uploads\/2023\/12\/camping-argeles-mer-300x180.webp 300w, https:\/\/www.camping-le-calagogo.fr\/wp-content\/uploads\/2023\/12\/camping-argeles-mer-1024x614.webp 1024w, https:\/\/www.camping-le-calagogo.fr\/wp-content\/uploads\/2023\/12\/camping-argeles-mer-768x461.webp 768w, https:\/\/www.camping-le-calagogo.fr\/wp-content\/uploads\/2023\/12\/camping-argeles-mer-1536x922.webp 1536w\" sizes=\"(max-width: 2000px) 100vw, 2000px\" \/><\/a><\/figure>\n\n\n\n<figure class=\"wp-block-image size-full\"><a href=\"https:\/\/www.camping-le-calagogo.fr\/wp-content\/uploads\/2023\/12\/camping-cala-gogo-a-saint-cyprien-vu-du-ciel.webp\"><img decoding=\"async\" width=\"1800\" height=\"1200\" data-id=\"2708127\" src=\"https:\/\/www.camping-le-calagogo.fr\/wp-content\/uploads\/2023\/12\/camping-cala-gogo-a-saint-cyprien-vu-du-ciel.webp\" alt=\"camping cala gogo a saint cyprien aus der luft gesehen\" class=\"wp-image-2708127\" srcset=\"https:\/\/www.camping-le-calagogo.fr\/wp-content\/uploads\/2023\/12\/camping-cala-gogo-a-saint-cyprien-vu-du-ciel.webp 1800w, https:\/\/www.camping-le-calagogo.fr\/wp-content\/uploads\/2023\/12\/camping-cala-gogo-a-saint-cyprien-vu-du-ciel-300x200.webp 300w, https:\/\/www.camping-le-calagogo.fr\/wp-content\/uploads\/2023\/12\/camping-cala-gogo-a-saint-cyprien-vu-du-ciel-1024x683.webp 1024w, https:\/\/www.camping-le-calagogo.fr\/wp-content\/uploads\/2023\/12\/camping-cala-gogo-a-saint-cyprien-vu-du-ciel-768x512.webp 768w, https:\/\/www.camping-le-calagogo.fr\/wp-content\/uploads\/2023\/12\/camping-cala-gogo-a-saint-cyprien-vu-du-ciel-1536x1024.webp 1536w\" sizes=\"(max-width: 1800px) 100vw, 1800px\" \/><\/a><\/figure>\n<\/figure>\n<\/div>\n<\/div>\n\n\r\n    <\/div>\r\n<\/section>\n\n<section id=\"ls-section-block_95d64c71baf26d96a99f5a094d2e7177\" class=\"ls-section  page-maillage has-p-b p-b-14\" >\r\n        <div class=\"container container--wide\">\r\n        \n\n<div id=\"ls-heading ls-titre-div-block_6ec1a447d3c731c876d1067f9e4c033e\" class=\"ls-titre-div m-left h2-like\" >\n    Entdecken Sie die Dienstleistungen, <\/br>die Animationen und den Pool!<\/div>\n\n\n<div id=\"ls-maillage-block_0c50c2c4aba701be4e3917dc6bda8234\" class=\"ls-maillage cta-style-normal\" data-rows=\"3\">\n    <div class=\"wp-block-columns  \"><div class=\"wp-block-column\"><div id=\"destinations\" class=\"ls-cta\">\n\n<a href=\"https:\/\/www.camping-le-calagogo.fr\/de\/familienfreundlicher-campingplatz-saint-cyprien\/\" target=\"\" rel=\"noopener\" class=\"ls-cta__link\">\n\n\t<div class=\"ls-cta__image\"><img decoding=\"async\" src=\"https:\/\/www.camping-le-calagogo.fr\/wp-content\/uploads\/2023\/12\/camping-animations-familiales-saint-cyprien.webp\" alt=\"\"><\/div>\n\t<div class=\"ls-cta__title\">\n\t\tAnimationen und Abendveranstaltungen\t<\/div>\n\t\n\t\t\n<\/a><\/div><\/div><div class=\"wp-block-column\"><div id=\"destinations\" class=\"ls-cta\">\n\n<a href=\"https:\/\/www.camping-le-calagogo.fr\/de\/camping-services-pyrenees-orientales\/\" target=\"\" rel=\"noopener\" class=\"ls-cta__link\">\n\n\t<div class=\"ls-cta__image\"><img decoding=\"async\" src=\"https:\/\/www.camping-le-calagogo.fr\/wp-content\/uploads\/2023\/12\/epicerie-languedoc.webp\" alt=\"\"><\/div>\n\t<div class=\"ls-cta__title\">\n\t\tDienstleistungen und Gesch\u00e4fte\t<\/div>\n\t\n\t\t\n<\/a><\/div><\/div><div class=\"wp-block-column\"><div id=\"destinations\" class=\"ls-cta\">\n\n<a href=\"https:\/\/www.camping-le-calagogo.fr\/de\/camping-mit-schwimmbad-saint-cyprien\/\" target=\"\" rel=\"noopener\" class=\"ls-cta__link\">\n\n\t<div class=\"ls-cta__image\"><img decoding=\"async\" src=\"https:\/\/www.camping-le-calagogo.fr\/wp-content\/uploads\/2023\/12\/espace-aquatique-perpignan.webp\" alt=\"\"><\/div>\n\t<div class=\"ls-cta__title\">\n\t\tWasserbereich\t<\/div>\n\t\n\t\t\n<\/a><\/div><\/div><\/div><\/div>\n\r\n    <\/div>\r\n<\/section>","protected":false},"excerpt":{"rendered":"","protected":false},"author":1,"featured_media":0,"parent":0,"menu_order":0,"comment_status":"closed","ping_status":"closed","template":"","meta":{"_acf_changed":false,"_seopress_robots_primary_cat":"","_seopress_titles_title":"Camping Cala Gogo: ein Familienabenteuer","_seopress_titles_desc":"Camping Cala Gogo is meer dan alleen een camping. Het is een verhaal van familie, passie en innovatie. Ontdek hoe de familie Heger hun visie op kamperen veranderde in een bloeiend bedrijf.","_seopress_robots_index":"","inline_featured_image":false,"footnotes":""},"sujet":[],"class_list":["post-2708643","page","type-page","status-publish","hentry"],"acf":[],"_links":{"self":[{"href":"https:\/\/www.camping-le-calagogo.fr\/de\/wp-json\/wp\/v2\/pages\/2708643","targetHints":{"allow":["GET"]}}],"collection":[{"href":"https:\/\/www.camping-le-calagogo.fr\/de\/wp-json\/wp\/v2\/pages"}],"about":[{"href":"https:\/\/www.camping-le-calagogo.fr\/de\/wp-json\/wp\/v2\/types\/page"}],"author":[{"embeddable":true,"href":"https:\/\/www.camping-le-calagogo.fr\/de\/wp-json\/wp\/v2\/users\/1"}],"replies":[{"embeddable":true,"href":"https:\/\/www.camping-le-calagogo.fr\/de\/wp-json\/wp\/v2\/comments?post=2708643"}],"version-history":[{"count":14,"href":"https:\/\/www.camping-le-calagogo.fr\/de\/wp-json\/wp\/v2\/pages\/2708643\/revisions"}],"predecessor-version":[{"id":2830384,"href":"https:\/\/www.camping-le-calagogo.fr\/de\/wp-json\/wp\/v2\/pages\/2708643\/revisions\/2830384"}],"wp:attachment":[{"href":"https:\/\/www.camping-le-calagogo.fr\/de\/wp-json\/wp\/v2\/media?parent=2708643"}],"wp:term":[{"taxonomy":"sujet","embeddable":true,"href":"https:\/\/www.camping-le-calagogo.fr\/de\/wp-json\/wp\/v2\/sujet?post=2708643"}],"curies":[{"name":"wp","href":"https:\/\/api.w.org\/{rel}","templated":true}]}}