{"id":2708706,"date":"2023-12-07T21:11:47","date_gmt":"2023-12-07T20:11:47","guid":{"rendered":"https:\/\/www.camping-le-calagogo.fr\/campingplaetze-caravaning-saint-cyprien\/"},"modified":"2024-09-03T13:51:37","modified_gmt":"2024-09-03T11:51:37","slug":"camping-caravaning-saint-cyprien","status":"publish","type":"page","link":"https:\/\/www.camping-le-calagogo.fr\/de\/camping-caravaning-saint-cyprien\/","title":{"rendered":"Stellpl\u00e4tze Saint-Cyprien"},"content":{"rendered":"<section id=\"ls-section-block_95d49e35781f670bd2bdfdf12a421fdc\" class=\"ls-section  page-chapeau deco has-p-b p-b-4\" >\r\n        <div class=\"container \">\r\n        \n\n<h1 class=\"ls__heading wp-block-heading has-text-align-center\">Miete f\u00fcr einen Zeltplatz <br><strong>in Saint-Cyprien<\/strong><\/h1>\n\n\n\n<h2 class=\"ls__heading wp-block-heading has-text-align-center m-t-4\">Stellplatz f\u00fcr Wohnwagen und Wohnmobile mieten<\/h2>\n\n\n\n<p class=\"ls-paragraph has-text-align-center\">Gedacht, um den  <strong>besserer Komfort f\u00fcr alle Urlauber<\/strong>Unsere Stellpl\u00e4tze verf\u00fcgen \u00fcber einen Stromanschluss von 10 Ampere, der ausreicht, um die gesamte Familie mit Strom zu versorgen.  <strong>die am besten ausgestatteten Urlauber<\/strong>  ! Profitieren Sie von  <a href=\"https:\/\/www.camping-le-calagogo.fr\/de\/vermietung-mobil-home-languedoc-roussillon\/\" data-type=\"page\" data-id=\"74\">gute Tipps und Sonderangebote<\/a> auf unseren Camping-Stellpl\u00e4tzen in St Cyprien. <\/p>\n\n\n\n<figure class=\"wp-block-gallery has-nested-images columns-default is-cropped wp-block-gallery-1 is-layout-flex wp-block-gallery-is-layout-flex\">\n<figure class=\"wp-block-image size-full\"><img decoding=\"async\" width=\"952\" height=\"580\" data-id=\"2824554\" src=\"https:\/\/www.camping-le-calagogo.fr\/wp-content\/uploads\/2023\/12\/soleil-sur-les-emplacement-cala-gogo.jpeg\" alt=\"sonnige lage auf dem campingplatz cala gogo in st cypru\" class=\"wp-image-2824554\" srcset=\"https:\/\/www.camping-le-calagogo.fr\/wp-content\/uploads\/2023\/12\/soleil-sur-les-emplacement-cala-gogo.jpeg 952w, https:\/\/www.camping-le-calagogo.fr\/wp-content\/uploads\/2023\/12\/soleil-sur-les-emplacement-cala-gogo-300x183.jpeg 300w, https:\/\/www.camping-le-calagogo.fr\/wp-content\/uploads\/2023\/12\/soleil-sur-les-emplacement-cala-gogo-768x468.jpeg 768w\" sizes=\"(max-width: 952px) 100vw, 952px\" \/><\/figure>\n\n\n\n<figure class=\"wp-block-image size-full\"><img decoding=\"async\" width=\"952\" height=\"580\" data-id=\"2824552\" src=\"https:\/\/www.camping-le-calagogo.fr\/wp-content\/uploads\/2023\/12\/les-emplacements-du-camping-cala-gogo-vue-du-ciel.jpeg\" alt=\"\" class=\"wp-image-2824552\" srcset=\"https:\/\/www.camping-le-calagogo.fr\/wp-content\/uploads\/2023\/12\/les-emplacements-du-camping-cala-gogo-vue-du-ciel.jpeg 952w, https:\/\/www.camping-le-calagogo.fr\/wp-content\/uploads\/2023\/12\/les-emplacements-du-camping-cala-gogo-vue-du-ciel-300x183.jpeg 300w, https:\/\/www.camping-le-calagogo.fr\/wp-content\/uploads\/2023\/12\/les-emplacements-du-camping-cala-gogo-vue-du-ciel-768x468.jpeg 768w\" sizes=\"(max-width: 952px) 100vw, 952px\" \/><\/figure>\n\n\n\n<figure class=\"wp-block-image size-full\"><img decoding=\"async\" width=\"800\" height=\"517\" data-id=\"2824542\" src=\"https:\/\/www.camping-le-calagogo.fr\/wp-content\/uploads\/2023\/12\/st-cyprien-camping-cala-gogo-emplacement-tente-et-caravane.jpeg\" alt=\"\" class=\"wp-image-2824542\" srcset=\"https:\/\/www.camping-le-calagogo.fr\/wp-content\/uploads\/2023\/12\/st-cyprien-camping-cala-gogo-emplacement-tente-et-caravane.jpeg 800w, https:\/\/www.camping-le-calagogo.fr\/wp-content\/uploads\/2023\/12\/st-cyprien-camping-cala-gogo-emplacement-tente-et-caravane-300x194.jpeg 300w, https:\/\/www.camping-le-calagogo.fr\/wp-content\/uploads\/2023\/12\/st-cyprien-camping-cala-gogo-emplacement-tente-et-caravane-768x496.jpeg 768w\" sizes=\"(max-width: 800px) 100vw, 800px\" \/><\/figure>\n\n\n\n<figure class=\"wp-block-image size-full\"><img decoding=\"async\" width=\"700\" height=\"452\" data-id=\"2824557\" src=\"https:\/\/www.camping-le-calagogo.fr\/wp-content\/uploads\/2023\/12\/emplacement-camping-cala-gogo-st-cyprien.jpeg\" alt=\"\" class=\"wp-image-2824557\" srcset=\"https:\/\/www.camping-le-calagogo.fr\/wp-content\/uploads\/2023\/12\/emplacement-camping-cala-gogo-st-cyprien.jpeg 700w, https:\/\/www.camping-le-calagogo.fr\/wp-content\/uploads\/2023\/12\/emplacement-camping-cala-gogo-st-cyprien-300x194.jpeg 300w\" sizes=\"(max-width: 700px) 100vw, 700px\" \/><\/figure>\n\n\n\n<figure class=\"wp-block-image size-full\"><img decoding=\"async\" width=\"750\" height=\"484\" data-id=\"2824564\" src=\"https:\/\/www.camping-le-calagogo.fr\/wp-content\/uploads\/2023\/12\/Emplacement-camping-cala-gogo-argeles.jpeg\" alt=\"\" class=\"wp-image-2824564\" srcset=\"https:\/\/www.camping-le-calagogo.fr\/wp-content\/uploads\/2023\/12\/Emplacement-camping-cala-gogo-argeles.jpeg 750w, https:\/\/www.camping-le-calagogo.fr\/wp-content\/uploads\/2023\/12\/Emplacement-camping-cala-gogo-argeles-300x194.jpeg 300w\" sizes=\"(max-width: 750px) 100vw, 750px\" \/><\/figure>\n\n\n\n<figure class=\"wp-block-image size-full\"><img decoding=\"async\" width=\"850\" height=\"549\" data-id=\"2824543\" src=\"https:\/\/www.camping-le-calagogo.fr\/wp-content\/uploads\/2023\/12\/emplacement-camping-cala-gogo.jpeg\" alt=\"\" class=\"wp-image-2824543\" srcset=\"https:\/\/www.camping-le-calagogo.fr\/wp-content\/uploads\/2023\/12\/emplacement-camping-cala-gogo.jpeg 850w, https:\/\/www.camping-le-calagogo.fr\/wp-content\/uploads\/2023\/12\/emplacement-camping-cala-gogo-300x194.jpeg 300w, https:\/\/www.camping-le-calagogo.fr\/wp-content\/uploads\/2023\/12\/emplacement-camping-cala-gogo-768x496.jpeg 768w\" sizes=\"(max-width: 850px) 100vw, 850px\" \/><\/figure>\n\n\n\n<figure class=\"wp-block-image size-full\"><img decoding=\"async\" width=\"700\" height=\"452\" data-id=\"2824577\" src=\"https:\/\/www.camping-le-calagogo.fr\/wp-content\/uploads\/2023\/12\/Camping-Calagogo-240819-114_1.jpg\" alt=\"\" class=\"wp-image-2824577\" srcset=\"https:\/\/www.camping-le-calagogo.fr\/wp-content\/uploads\/2023\/12\/Camping-Calagogo-240819-114_1.jpg 700w, https:\/\/www.camping-le-calagogo.fr\/wp-content\/uploads\/2023\/12\/Camping-Calagogo-240819-114_1-300x194.jpg 300w\" sizes=\"(max-width: 700px) 100vw, 700px\" \/><\/figure>\n\n\n\n<figure class=\"wp-block-image size-full\"><img decoding=\"async\" width=\"800\" height=\"517\" data-id=\"2824572\" src=\"https:\/\/www.camping-le-calagogo.fr\/wp-content\/uploads\/2023\/12\/Emplacement-camping-Cala-gogo-en-languedoc.jpeg\" alt=\"\" class=\"wp-image-2824572\" srcset=\"https:\/\/www.camping-le-calagogo.fr\/wp-content\/uploads\/2023\/12\/Emplacement-camping-Cala-gogo-en-languedoc.jpeg 800w, https:\/\/www.camping-le-calagogo.fr\/wp-content\/uploads\/2023\/12\/Emplacement-camping-Cala-gogo-en-languedoc-300x194.jpeg 300w, https:\/\/www.camping-le-calagogo.fr\/wp-content\/uploads\/2023\/12\/Emplacement-camping-Cala-gogo-en-languedoc-768x496.jpeg 768w\" sizes=\"(max-width: 800px) 100vw, 800px\" \/><\/figure>\n<\/figure>\n\n\r\n    <\/div>\r\n<\/section>\n\n<section id=\"ls-section-block_b8f4670ace1dad3e8f09991820182dda\" class=\"ls-section  has-m-t m-t-1 has-p-t p-t-0\" >\r\n        <div class=\"container container--wide\">\r\n        \n\n<ctv-availability data-product-type=\"pitch\" data-background-color=\"#FFFFFFFF\"><\/ctv-availability>\n<script>\n    window.ctoutvert = {\n\t\tid: 2224, \n\t\tlang: 'auto', \n\t\turl: 'https:\/\/reservation.secureholiday.net\/widgets\/'\n    };\n\n    (function (w, d, s, ctv, r, js, fjs) {\n        r=new XMLHttpRequest();r.open('GET',w[ctv].url+'js\/src.json');\n        r.responseType='json';r.json=true;r.send();\n        r.onload=function(){w[ctv].src=r.responseType=='json'?r.response:JSON.parse(r.response);\n        js.src=w[ctv].src[0];fjs.parentNode.insertBefore(js, fjs);}\n        js=d.createElement(s),fjs=d.getElementsByTagName(s)[0];\n        js.id='ctvwidget';js.async=1;\n    }(window, document, 'script', 'ctoutvert'));\n<\/script>\n\n\r\n    <\/div>\r\n<\/section>\n\n<section id=\"ls-section-block_ab870b8d1f166408e607f4632d555346\" class=\"ls-section  page-one has-p-t p-t-0 has-p-b p-b-14\" >\r\n        <div class=\"container container--wide\">\r\n        \n\n<div class=\"wp-block-columns is-layout-flex wp-container-core-columns-is-layout-9d6595d7 wp-block-columns-is-layout-flex\">\n<div class=\"wp-block-column first is-layout-flow wp-block-column-is-layout-flow\" style=\"flex-basis:66.7%\">\n<figure class=\"wp-block-gallery has-nested-images columns-default is-cropped gallery-slider-page animated fadeInUp slow wp-block-gallery-2 is-layout-flex wp-block-gallery-is-layout-flex\">\n<figure class=\"wp-block-image size-full\"><a href=\"https:\/\/www.camping-le-calagogo.fr\/wp-content\/uploads\/2023\/12\/location-emplacement-languedoc-rousillon.webp\"><img decoding=\"async\" width=\"1800\" height=\"1200\" data-id=\"2630286\" src=\"https:\/\/www.camping-le-calagogo.fr\/wp-content\/uploads\/2023\/12\/location-emplacement-languedoc-rousillon.webp\" alt=\"vermietung stellplatz languedoc rousillon\" class=\"wp-image-2630286\" srcset=\"https:\/\/www.camping-le-calagogo.fr\/wp-content\/uploads\/2023\/12\/location-emplacement-languedoc-rousillon.webp 1800w, https:\/\/www.camping-le-calagogo.fr\/wp-content\/uploads\/2023\/12\/location-emplacement-languedoc-rousillon-300x200.webp 300w, https:\/\/www.camping-le-calagogo.fr\/wp-content\/uploads\/2023\/12\/location-emplacement-languedoc-rousillon-1024x683.webp 1024w, https:\/\/www.camping-le-calagogo.fr\/wp-content\/uploads\/2023\/12\/location-emplacement-languedoc-rousillon-768x512.webp 768w, https:\/\/www.camping-le-calagogo.fr\/wp-content\/uploads\/2023\/12\/location-emplacement-languedoc-rousillon-1536x1024.webp 1536w\" sizes=\"(max-width: 1800px) 100vw, 1800px\" \/><\/a><\/figure>\n\n\n\n<figure class=\"wp-block-image size-full\"><a href=\"https:\/\/www.camping-le-calagogo.fr\/wp-content\/uploads\/2023\/12\/emplacement-caravaning-pyreees-orientales.webp\"><img decoding=\"async\" width=\"1800\" height=\"1200\" data-id=\"2630314\" src=\"https:\/\/www.camping-le-calagogo.fr\/wp-content\/uploads\/2023\/12\/emplacement-caravaning-pyreees-orientales.webp\" alt=\"stellplatz caravaning pyreees orientales\" class=\"wp-image-2630314\" srcset=\"https:\/\/www.camping-le-calagogo.fr\/wp-content\/uploads\/2023\/12\/emplacement-caravaning-pyreees-orientales.webp 1800w, https:\/\/www.camping-le-calagogo.fr\/wp-content\/uploads\/2023\/12\/emplacement-caravaning-pyreees-orientales-300x200.webp 300w, https:\/\/www.camping-le-calagogo.fr\/wp-content\/uploads\/2023\/12\/emplacement-caravaning-pyreees-orientales-1024x683.webp 1024w, https:\/\/www.camping-le-calagogo.fr\/wp-content\/uploads\/2023\/12\/emplacement-caravaning-pyreees-orientales-768x512.webp 768w, https:\/\/www.camping-le-calagogo.fr\/wp-content\/uploads\/2023\/12\/emplacement-caravaning-pyreees-orientales-1536x1024.webp 1536w\" sizes=\"(max-width: 1800px) 100vw, 1800px\" \/><\/a><\/figure>\n\n\n\n<figure class=\"wp-block-image size-full\"><a href=\"https:\/\/www.camping-le-calagogo.fr\/wp-content\/uploads\/2023\/12\/camping-petit-prix-saint-cyprien.webp\"><img decoding=\"async\" width=\"1799\" height=\"1200\" data-id=\"2630355\" src=\"https:\/\/www.camping-le-calagogo.fr\/wp-content\/uploads\/2023\/12\/camping-petit-prix-saint-cyprien.webp\" alt=\"camping petit prix saint cyprien\" class=\"wp-image-2630355\" srcset=\"https:\/\/www.camping-le-calagogo.fr\/wp-content\/uploads\/2023\/12\/camping-petit-prix-saint-cyprien.webp 1799w, https:\/\/www.camping-le-calagogo.fr\/wp-content\/uploads\/2023\/12\/camping-petit-prix-saint-cyprien-300x200.webp 300w, https:\/\/www.camping-le-calagogo.fr\/wp-content\/uploads\/2023\/12\/camping-petit-prix-saint-cyprien-1024x683.webp 1024w, https:\/\/www.camping-le-calagogo.fr\/wp-content\/uploads\/2023\/12\/camping-petit-prix-saint-cyprien-768x512.webp 768w, https:\/\/www.camping-le-calagogo.fr\/wp-content\/uploads\/2023\/12\/camping-petit-prix-saint-cyprien-1536x1025.webp 1536w\" sizes=\"(max-width: 1799px) 100vw, 1799px\" \/><\/a><\/figure>\n\n\n\n<figure class=\"wp-block-image size-full\"><a href=\"https:\/\/www.camping-le-calagogo.fr\/wp-content\/uploads\/2023\/12\/location-emplacement-saint-cyprien.webp\"><img decoding=\"async\" width=\"1800\" height=\"1200\" data-id=\"2630302\" src=\"https:\/\/www.camping-le-calagogo.fr\/wp-content\/uploads\/2023\/12\/location-emplacement-saint-cyprien.webp\" alt=\"vermietung stellplatz saint cyprien\" class=\"wp-image-2630302\" srcset=\"https:\/\/www.camping-le-calagogo.fr\/wp-content\/uploads\/2023\/12\/location-emplacement-saint-cyprien.webp 1800w, https:\/\/www.camping-le-calagogo.fr\/wp-content\/uploads\/2023\/12\/location-emplacement-saint-cyprien-300x200.webp 300w, https:\/\/www.camping-le-calagogo.fr\/wp-content\/uploads\/2023\/12\/location-emplacement-saint-cyprien-1024x683.webp 1024w, https:\/\/www.camping-le-calagogo.fr\/wp-content\/uploads\/2023\/12\/location-emplacement-saint-cyprien-768x512.webp 768w, https:\/\/www.camping-le-calagogo.fr\/wp-content\/uploads\/2023\/12\/location-emplacement-saint-cyprien-1536x1024.webp 1536w\" sizes=\"(max-width: 1800px) 100vw, 1800px\" \/><\/a><\/figure>\n<\/figure>\n<\/div>\n\n\n\n<div class=\"wp-block-column is-vertically-aligned-center second is-layout-flow wp-block-column-is-layout-flow\" style=\"flex-basis:33.3%\">\n<h2 class=\"ls__heading wp-block-heading\">Stellplatz Camping Saint Cyprien in Languedoc Roussillon<\/h2>\n\n\n\n<p class=\"ls-paragraph\">Unsere Standard-Stellpl\u00e4tze bieten Platz f\u00fcr 2 Personen und optional bis zu 4 weitere Personen und sind bis zu 100 m\u00b2 gro\u00df. In der Pauschale ist der Zugang zu hochwertigen <strong>Sanit\u00e4ranlagen<\/strong> enthalten, von denen eine im April, Mai, Juni und September beheizt ist. In jedem Block finden Sie au\u00dferdem eine behindertengerechte Sanit\u00e4ranlage (Z\u00f6gern Sie nicht, an der Rezeption nach dem Schl\u00fcssel zu fragen).<\/p>\n\n\n\n<p class=\"ls-paragraph\">Sie wohnen auf einem <strong>ger\u00e4umigen<\/strong>, gut abgegrenzten <strong>Privatgrundst\u00fcck<\/strong> in einer erholsamen landschaftlichen Umgebung. Sie k\u00f6nnen alle Komfort- und Freizeiteinrichtungen des <a href=\"https:\/\/www.camping-le-calagogo.fr\/de\/\" data-type=\"page\" data-id=\"9\">Campingplatzes in Saint-Cyprien<\/a> nutzen und gleichzeitig im Alltag auf Ihrer Parzelle viel Ruhe genie\u00dfen. Auf <a href=\"https:\/\/www.camping-le-calagogo.fr\/de\/camping-argeles-sur-mer\/stellplatz-caravaning-argeles-sur-mer\/\" data-type=\"page\" data-id=\"2708417\">unseren Stellpl\u00e4tzen in der N\u00e4he von Argel\u00e8s<\/a> k\u00f6nnen <strong>K\u00fchlschr\u00e4nke und Grills gemietet<\/strong> werden.<\/p>\n<\/div>\n<\/div>\n\n\r\n    <\/div>\r\n<\/section>\n\n<section id=\"ls-section-block_442bba773410320f7daf711f63ce30b7\" class=\"ls-section  page-two mosaique has-background has-color-4-background-color has-p-t p-t-14 has-p-b p-b-14\" >\r\n        <div class=\"container container--wide\">\r\n        \n\n<div class=\"wp-block-columns is-layout-flex wp-container-core-columns-is-layout-9d6595d7 wp-block-columns-is-layout-flex\">\n<div class=\"wp-block-column is-vertically-aligned-top is-layout-flow wp-block-column-is-layout-flow\">\n<h2 class=\"ls__heading wp-block-heading\">Erleben Sie eine einzigartige Erfahrung in einer Camping-Atmosph\u00e4re<\/h2>\n\n\n\n<p class=\"ls-paragraph\">Auf dem Campingplatz Cala-Gogo k\u00f6nnen Sie einen <strong>Urlaub<\/strong> im Gr\u00fcnen verbringen, wenn Sie <strong>Natur<\/strong>, frische Luft und neue Energie tanken wollen. Unsere Stellpl\u00e4tze sind durch zahlreiche Pflanzen abgegrenzt, die Ihnen <strong>Ruhe und Privatsph\u00e4re<\/strong> bieten. Unsere <strong>traditionellen Wohnmobilstellpl\u00e4tze<\/strong> sind wahre gr\u00fcne Schmuckk\u00e4stchen, auf denen Sie die Freuden der freien Natur auf die beste Art und Weise genie\u00dfen k\u00f6nnen: Fr\u00fchst\u00fcck, Mahlzeiten und Aperitifs im Freien, Grillen auf Gas- oder Elektrogrills, \u00dcbernachtungen im Zelt, Spiele im Freien &#8211; tanken Sie <strong>Sauerstoff<\/strong> in den Pyr\u00e9n\u00e9es-Orientales!<br>Entdecken Sie auch unsere <a href=\"https:\/\/www.camping-le-calagogo.fr\/de\/vermietung-mobil-home-languedoc-roussillon\/\" data-type=\"page\" data-id=\"74\">Mobilheimvermietung in St Cyprien<\/a>.<\/p>\n\n\n\n<p class=\"ls-paragraph\">Die <strong>Liebhaber des traditionellen Campings<\/strong> werden sich nicht t\u00e4uschen: die gesellige Atmosph\u00e4re an den Geschirrsp\u00fclbecken, die herzlichen Gr\u00fc\u00dfe unter den Nachbarn, die <strong>ganze W\u00e4rme des Campings<\/strong> kann man in Cala-Gogo erleben.<\/p>\n<\/div>\n\n\n\n<div class=\"wp-block-column is-vertically-aligned-center is-layout-flow wp-block-column-is-layout-flow\">\n<figure class=\"wp-block-image size-full animated fadeInRight delay-100ms slow\"><a href=\"https:\/\/www.camping-le-calagogo.fr\/wp-content\/uploads\/2023\/12\/louer-emplacement-saint-cyprien.webp\"><img decoding=\"async\" width=\"1800\" height=\"1200\" src=\"https:\/\/www.camping-le-calagogo.fr\/wp-content\/uploads\/2023\/12\/louer-emplacement-saint-cyprien.webp\" alt=\"mieten wohnung saint cyprien\" class=\"wp-image-2630308\" srcset=\"https:\/\/www.camping-le-calagogo.fr\/wp-content\/uploads\/2023\/12\/louer-emplacement-saint-cyprien.webp 1800w, https:\/\/www.camping-le-calagogo.fr\/wp-content\/uploads\/2023\/12\/louer-emplacement-saint-cyprien-300x200.webp 300w, https:\/\/www.camping-le-calagogo.fr\/wp-content\/uploads\/2023\/12\/louer-emplacement-saint-cyprien-1024x683.webp 1024w, https:\/\/www.camping-le-calagogo.fr\/wp-content\/uploads\/2023\/12\/louer-emplacement-saint-cyprien-768x512.webp 768w, https:\/\/www.camping-le-calagogo.fr\/wp-content\/uploads\/2023\/12\/louer-emplacement-saint-cyprien-1536x1024.webp 1536w\" sizes=\"(max-width: 1800px) 100vw, 1800px\" \/><\/a><\/figure>\n<\/div>\n<\/div>\n\n\r\n    <\/div>\r\n<\/section>\n\n<section id=\"ls-section-block_45d37bf62645e3b52a132ec0eac47f6d\" class=\"ls-section  page-maillage has-p-b p-b-14\" >\r\n        <div class=\"container container--wide\">\r\n        \n\n<div id=\"ls-heading ls-titre-div-block_69f28700162f226b073ec951739b17cd\" class=\"ls-titre-div m-left h2-like\" >\n    Entdecken Sie die Unterk\u00fcnfte, <\/br>Dienstleistungen und unsere Preise!<\/div>\n\n\n<div id=\"ls-maillage-block_71458e847599125e2787e3e11d1f4c05\" class=\"ls-maillage cta-style-normal\" data-rows=\"3\">\n    <div class=\"wp-block-columns  \"><div class=\"wp-block-column\"><div id=\"destinations\" class=\"ls-cta\">\n\n<a href=\"https:\/\/www.camping-le-calagogo.fr\/de\/camping-services-pyrenees-orientales\/\" target=\"\" rel=\"noopener\" class=\"ls-cta__link\">\n\n\t<div class=\"ls-cta__image\"><img decoding=\"async\" src=\"https:\/\/www.camping-le-calagogo.fr\/wp-content\/uploads\/2023\/12\/epicerie-languedoc.webp\" alt=\"\"><\/div>\n\t<div class=\"ls-cta__title\">\n\t\tDienstleistungen und Gesch\u00e4fte\t<\/div>\n\t\n\t\t\n<\/a><\/div><\/div><div class=\"wp-block-column\"><div id=\"destinations\" class=\"ls-cta\">\n\n<a href=\"https:\/\/www.camping-le-calagogo.fr\/de\/vermietung-mobil-home-languedoc-roussillon\/\" target=\"\" rel=\"noopener\" class=\"ls-cta__link\">\n\n\t<div class=\"ls-cta__image\"><img decoding=\"async\" src=\"https:\/\/www.camping-le-calagogo.fr\/wp-content\/uploads\/2023\/12\/sejour-mobil-home-pyrenees-orientales.webp\" alt=\"\"><\/div>\n\t<div class=\"ls-cta__title\">\n\t\tMobilheime\t<\/div>\n\t\n\t\t\n<\/a><\/div><\/div><div class=\"wp-block-column\"><div id=\"destinations\" class=\"ls-cta\">\n\n<a href=\"https:\/\/www.camping-le-calagogo.fr\/de\/camping-billig-languedoc-roussillon\/\" target=\"\" rel=\"noopener\" class=\"ls-cta__link\">\n\n\t<div class=\"ls-cta__image\"><img decoding=\"async\" src=\"https:\/\/www.camping-le-calagogo.fr\/wp-content\/uploads\/2023\/12\/camping-reception.webp\" alt=\"\"><\/div>\n\t<div class=\"ls-cta__title\">\n\t\tTarife\t<\/div>\n\t\n\t\t\n<\/a><\/div><\/div><\/div><\/div>\n\r\n    <\/div>\r\n<\/section>","protected":false},"excerpt":{"rendered":"","protected":false},"author":1,"featured_media":2629893,"parent":0,"menu_order":0,"comment_status":"closed","ping_status":"closed","template":"","meta":{"_acf_changed":false,"_seopress_robots_primary_cat":"","_seopress_titles_title":"","_seopress_titles_desc":"","_seopress_robots_index":"","inline_featured_image":false,"footnotes":""},"sujet":[],"class_list":["post-2708706","page","type-page","status-publish","has-post-thumbnail","hentry"],"acf":[],"_links":{"self":[{"href":"https:\/\/www.camping-le-calagogo.fr\/de\/wp-json\/wp\/v2\/pages\/2708706","targetHints":{"allow":["GET"]}}],"collection":[{"href":"https:\/\/www.camping-le-calagogo.fr\/de\/wp-json\/wp\/v2\/pages"}],"about":[{"href":"https:\/\/www.camping-le-calagogo.fr\/de\/wp-json\/wp\/v2\/types\/page"}],"author":[{"embeddable":true,"href":"https:\/\/www.camping-le-calagogo.fr\/de\/wp-json\/wp\/v2\/users\/1"}],"replies":[{"embeddable":true,"href":"https:\/\/www.camping-le-calagogo.fr\/de\/wp-json\/wp\/v2\/comments?post=2708706"}],"version-history":[{"count":22,"href":"https:\/\/www.camping-le-calagogo.fr\/de\/wp-json\/wp\/v2\/pages\/2708706\/revisions"}],"predecessor-version":[{"id":2845780,"href":"https:\/\/www.camping-le-calagogo.fr\/de\/wp-json\/wp\/v2\/pages\/2708706\/revisions\/2845780"}],"wp:featuredmedia":[{"embeddable":true,"href":"https:\/\/www.camping-le-calagogo.fr\/de\/wp-json\/wp\/v2\/media\/2629893"}],"wp:attachment":[{"href":"https:\/\/www.camping-le-calagogo.fr\/de\/wp-json\/wp\/v2\/media?parent=2708706"}],"wp:term":[{"taxonomy":"sujet","embeddable":true,"href":"https:\/\/www.camping-le-calagogo.fr\/de\/wp-json\/wp\/v2\/sujet?post=2708706"}],"curies":[{"name":"wp","href":"https:\/\/api.w.org\/{rel}","templated":true}]}}