{"id":2708370,"date":"2023-10-18T09:18:36","date_gmt":"2023-10-18T07:18:36","guid":{"rendered":"https:\/\/www.camping-le-calagogo.fr\/camping-piscine-argeles\/"},"modified":"2024-09-03T14:06:03","modified_gmt":"2024-09-03T12:06:03","slug":"camping-with-pool-argeles","status":"publish","type":"page","link":"https:\/\/www.camping-le-calagogo.fr\/en\/camping-argeles-sur-mer\/camping-with-pool-argeles\/","title":{"rendered":"Camping with swimming pool Argel\u00e8s-sur-Mer"},"content":{"rendered":"<section id=\"ls-section-block_2bd69b9dbc8d155729eac390a3bd3707\" class=\"ls-section  page-chapeau deco has-p-b p-b-4\" >\r\n        <div class=\"container \">\r\n        \n\n<h1 class=\"ls__heading wp-block-heading has-text-align-center\">Camping with swimming pool<br><strong>in Argel\u00e8s sur Mer<\/strong><\/h1>\n\n\n\n<p class=\"ls-paragraph has-text-align-center\">Our <a href=\"https:\/\/www.camping-le-calagogo.fr\/en\/camping-argeles-sur-mer\/\" data-type=\"page\" data-id=\"2272\">Argel\u00e8s-sur-Mer campsite<\/a>, with its <strong>600 m\u00b2 water<\/strong> park, is the perfect place to recharge your batteries, relax or have fun. The swimming pool, a traditional rectangular pool, is dedicated to swimmers, swimming laps in <strong>invigorating water<\/strong>. And the campsite&#8217;s biggest advantage is its heated swimming pool. At the <a href=\"https:\/\/www.camping-le-calagogo.fr\/en\/\" data-type=\"page\" data-id=\"9\">5-star Camping Saint-Cyprien<\/a>, you&#8217;re just 7 km from the city center and all its activities. This makes it the ideal campsite with a water park for your stay in <a href=\"https:\/\/www.camping-le-calagogo.fr\/en\/camping-argeles-sur-mer\/tourism-argeles-sur-mer\/\">Argeles sur Mer<\/a>.<\/p>\n\n\r\n    <\/div>\r\n<\/section>\n\n<section id=\"ls-section-block_53b1157dd2ef2b150025a5551dbf385c\" class=\"ls-section  page-one has-p-t p-t-0 has-p-b p-b-14\" >\r\n        <div class=\"container container--wide\">\r\n        \n\n<div class=\"wp-block-columns is-layout-flex wp-container-core-columns-is-layout-9d6595d7 wp-block-columns-is-layout-flex\">\n<div class=\"wp-block-column is-vertically-aligned-center first is-layout-flow wp-block-column-is-layout-flow\" style=\"flex-basis:66.7%\">\n<figure class=\"wp-block-image size-full\"><img decoding=\"async\" width=\"1733\" height=\"1200\" src=\"https:\/\/www.camping-le-calagogo.fr\/wp-content\/uploads\/2023\/12\/espace-aquatique-camping-perpignan.webp\" alt=\"espace aquatique camping perpignan\" class=\"wp-image-2629836\" srcset=\"https:\/\/www.camping-le-calagogo.fr\/wp-content\/uploads\/2023\/12\/espace-aquatique-camping-perpignan.webp 1733w, https:\/\/www.camping-le-calagogo.fr\/wp-content\/uploads\/2023\/12\/espace-aquatique-camping-perpignan-300x208.webp 300w, https:\/\/www.camping-le-calagogo.fr\/wp-content\/uploads\/2023\/12\/espace-aquatique-camping-perpignan-1024x709.webp 1024w, https:\/\/www.camping-le-calagogo.fr\/wp-content\/uploads\/2023\/12\/espace-aquatique-camping-perpignan-768x532.webp 768w, https:\/\/www.camping-le-calagogo.fr\/wp-content\/uploads\/2023\/12\/espace-aquatique-camping-perpignan-1536x1064.webp 1536w\" sizes=\"(max-width: 1733px) 100vw, 1733px\" \/><\/figure>\n<\/div>\n\n\n\n<div class=\"wp-block-column is-vertically-aligned-center second is-layout-flow wp-block-column-is-layout-flow\" style=\"flex-basis:33.3%\">\n<h2 class=\"ls__heading wp-block-heading\">Water park Argel\u00e8s-sur-Mer<\/h2>\n\n\n\n<p class=\"ls-paragraph\">Lying in <strong>temperate water in the off-season<\/strong>, while the air temperature remains cool, is paradise. The water jets, the water mushroom and the gentle slope at the bottom of the pool will appeal to the whole family during your stay in Argeles-sur-mer.<\/p>\n\n\n\n<p class=\"ls-paragraph\"><strong>The family<\/strong> can indulge in the pleasures of the water, without being surprised by the freshness of the water. (reminder: swimming shorts and Bermuda shorts are not permitted).<\/p>\n\n\n\n<p class=\"ls-paragraph\">As soon as you arrive in the South of France in the Pyr\u00e9n\u00e9es-Orientales, the <strong>program is set:<\/strong> put on your swimsuit, dive into the heated water, relax, you&#8217;re there. The palm trees and Mediterranean plants lining the pool will transport you to a distant dream, lying on your towel.<\/p>\n\n\n\n<p class=\"ls-paragraph addReadMore showlesscontent\">For <strong>vacations with family<\/strong> or friends, with a water park for all, the Cala-Gogo, 7 minutes from the village of Argeles-sur-Mer, is the perfect village club for accommodation in Argeles-sur-Mer at the best price. Close to some of the must-see sites in the Eastern Pyrenees, the Camping has a water park for the more sporty and for <strong>relaxation and fun<\/strong>. <strong>To each his own rhythm, to each his own vacation<\/strong>.<\/p>\n<\/div>\n<\/div>\n\n\r\n    <\/div>\r\n<\/section>\n\n<section id=\"ls-section-block_af35bb9f61cdb3cf613310468ecb45a5\" class=\"ls-section  page-two mosaique has-background has-color-4-background-color has-p-t p-t-14 has-p-b p-b-14\" >\r\n        <div class=\"container container--wide\">\r\n        \n\n<div class=\"wp-block-columns is-layout-flex wp-container-core-columns-is-layout-9d6595d7 wp-block-columns-is-layout-flex\">\n<div class=\"wp-block-column is-vertically-aligned-center is-layout-flow wp-block-column-is-layout-flow\">\n<h2 class=\"ls__heading wp-block-heading has-text-align-left\">A paddling pool for the little ones<\/h2>\n\n\n\n<p class=\"ls-paragraph has-text-align-left\">The paddling pool (low water level) allows younger children to <strong>cool off in complete safety<\/strong> under the supervision of an accompanying adult.<\/p>\n\n\n\n<p class=\"ls-paragraph has-text-align-left\">For the <strong>well-being of all our little ones<\/strong>, the water is heated. The mini-slide with its water bucket or machine gun will get the whole family laughing.<\/p>\n\n\n\n<p class=\"ls-paragraph has-text-align-left\">Set up a <strong>few meters from the pool<\/strong>, get out the camera and be a spectator.<\/p>\n\n\n\n<h2 class=\"ls__heading wp-block-heading has-text-align-left\">Water activities at Camping Cala-Gogo near Argel\u00e8s-sur-Mer<\/h2>\n\n\n\n<p class=\"ls-paragraph has-text-align-left\"><strong>The water park at the Camping<\/strong> near Argel\u00e8s-sur-Mer<strong> <\/strong>offers a wide range of swimming activities in various pools and paddling pools, with or without slides and fun games.<\/p>\n\n\n\n<p class=\"ls-paragraph has-text-align-left addReadMore showlesscontent\">In the mornings of July and August, you&#8217;ll be able to enjoy the most <strong>popular activity of all holidaymakers<\/strong>. After the muscular awakening supervised by our entertainers, it&#8217;s time for sports and fun activities for children and teenagers, including water polo matches and an introduction to scuba diving&#8230;<\/p>\n\n\n\n<p class=\"ls-paragraph has-text-align-left\">You can perfect your crawl, relax stretched out in the water, have fun with your children, splash around in the water jets or slide down the small slide in the heated paddling pool. There&#8217;s a wide range of <strong>water activities<\/strong> to choose from.<\/p>\n<\/div>\n\n\n\n<div class=\"wp-block-column is-vertically-aligned-center is-layout-flow wp-block-column-is-layout-flow\">\n<figure class=\"wp-block-image size-full\"><img decoding=\"async\" width=\"1632\" height=\"1200\" src=\"https:\/\/www.camping-le-calagogo.fr\/wp-content\/uploads\/2023\/12\/pataugeoire-piscine-enfant.webp\" alt=\"children's pool\" class=\"wp-image-2629847\" srcset=\"https:\/\/www.camping-le-calagogo.fr\/wp-content\/uploads\/2023\/12\/pataugeoire-piscine-enfant.webp 1632w, https:\/\/www.camping-le-calagogo.fr\/wp-content\/uploads\/2023\/12\/pataugeoire-piscine-enfant-300x221.webp 300w, https:\/\/www.camping-le-calagogo.fr\/wp-content\/uploads\/2023\/12\/pataugeoire-piscine-enfant-1024x753.webp 1024w, https:\/\/www.camping-le-calagogo.fr\/wp-content\/uploads\/2023\/12\/pataugeoire-piscine-enfant-768x565.webp 768w, https:\/\/www.camping-le-calagogo.fr\/wp-content\/uploads\/2023\/12\/pataugeoire-piscine-enfant-1536x1129.webp 1536w\" sizes=\"(max-width: 1632px) 100vw, 1632px\" \/><\/figure>\n<\/div>\n<\/div>\n\n\r\n    <\/div>\r\n<\/section>\n\n<section id=\"ls-section-block_bfb72326c278321a337cc781015896fe\" class=\"ls-section \" >\r\n        <div class=\"container container--wide\">\r\n        \n\n<div class=\"wp-block-columns is-layout-flex wp-container-core-columns-is-layout-9d6595d7 wp-block-columns-is-layout-flex\">\n<div class=\"wp-block-column is-layout-flow wp-block-column-is-layout-flow\">\n<h2 class=\"ls__heading wp-block-heading\">Camping Argel\u00e8s-sur-Mer with heated swimming pool<\/h2>\n\n\n\n<p class=\"ls-paragraph\">The aquatic area is a particularly popular place for relaxation and recreation, with several swimming areas for young and old. These include <strong>heated pools, slides and whirlpools<\/strong>.<\/p>\n\n\n\n<p class=\"ls-paragraph\">Whether you want to swim a few laps or relax after a busy day, the heated pool welcomes you at any time of day.<\/p>\n\n\n\n<p class=\"ls-paragraph\">The solarium is another popular relaxation area for holidaymakers. They can enjoy precious moments of relaxation on the deckchairs, in the shade of the straw huts, which form the perfect backdrop for the pool area and, more generally, the water park.<\/p>\n<\/div>\n\n\n\n<div class=\"wp-block-column is-layout-flow wp-block-column-is-layout-flow\">\n<h2 class=\"ls__heading wp-block-heading has-text-align-left\">Camping Argel\u00e8s with waterslide in Pyr\u00e9n\u00e9es-Orientales, France<\/h2>\n\n\n\n<p class=\"ls-paragraph\">Children are not left out when it comes to the facilities available in the water park. Camping Le Cala Gogo is one of the few campsites with a <strong>heated paddling pool<\/strong>. The aquatic area also includes a <strong>waterslide<\/strong> where you can have a good laugh and splash around.<\/p>\n\n\n\n<p class=\"ls-paragraph addReadMore showlesscontent\">In July and August, the campsite staff supervise children&#8217;s swimming in the paddling pool and on the slide, so that they can have fun and cool off in complete safety. This does not exempt parents from respecting the facility&#8217;s rules and regulations, particularly as regards the aquatic area. So the presence of an accompanying adult is always required while children play in the bathing areas reserved for them.<\/p>\n<\/div>\n<\/div>\n\n\r\n    <\/div>\r\n<\/section>\n\n<section id=\"ls-section-block_044739c94a6c03272a3372e875ce453b\" class=\"ls-section  page-maillage has-p-b p-b-14\" >\r\n        <div class=\"container container--wide\">\r\n        \n\n<div id=\"ls-heading ls-titre-div-block_a01b93b7c93a0c1d5ba64cb6010316ae\" class=\"ls-titre-div m-left h2-like\" >\n    Mobile homes and the seaside<\/br>in Argel\u00e8s-sur-Mer<\/div>\n\n\n<div id=\"ls-maillage-block_2c1a682c63908127847782a1d25876b8\" class=\"ls-maillage cta-style-normal\" data-rows=\"3\">\n    <div class=\"wp-block-columns  \"><div class=\"wp-block-column\"><div id=\"destinations\" class=\"ls-cta\">\n\n<a href=\"https:\/\/www.camping-le-calagogo.fr\/en\/camping-argeles-sur-mer\/location-mobil-home-argeles\/\" target=\"\" rel=\"noopener\" class=\"ls-cta__link\">\n\n\t<div class=\"ls-cta__image\"><img decoding=\"async\" src=\"https:\/\/www.camping-le-calagogo.fr\/wp-content\/uploads\/2023\/12\/camping-cala-gogo-a-saint-cyprien-avec-mobil-homes_resultat.webp\" alt=\"location mobil home\"><\/div>\n\t<div class=\"ls-cta__title\">\n\t\tMobile homes\t<\/div>\n\t\n\t\t\n<\/a><\/div><\/div><div class=\"wp-block-column\"><div id=\"destinations\" class=\"ls-cta\">\n\n<a href=\"https:\/\/www.camping-le-calagogo.fr\/en\/camping-argeles-sur-mer\/cheap-camping-argeles-sur-mer\/\" target=\"\" rel=\"noopener\" class=\"ls-cta__link\">\n\n\t<div class=\"ls-cta__image\"><img decoding=\"async\" src=\"https:\/\/www.camping-le-calagogo.fr\/wp-content\/uploads\/2023\/12\/louer-emplacement-saint-cyprien.webp\" alt=\"\"><\/div>\n\t<div class=\"ls-cta__title\">\n\t\tRates\t<\/div>\n\t\n\t\t\n<\/a><\/div><\/div><div class=\"wp-block-column\"><div id=\"destinations\" class=\"ls-cta\">\n\n<a href=\"https:\/\/www.camping-le-calagogo.fr\/en\/camping-argeles-sur-mer\/camping-with-pool-argeles\/\" target=\"\" rel=\"noopener\" class=\"ls-cta__link\">\n\n\t<div class=\"ls-cta__image\"><img decoding=\"async\" src=\"https:\/\/www.camping-le-calagogo.fr\/wp-content\/uploads\/2023\/12\/piscine-toboggan-perpignan.webp\" alt=\"\"><\/div>\n\t<div class=\"ls-cta__title\">\n\t\tSwimming pool\t<\/div>\n\t\n\t\t\n<\/a><\/div><\/div><\/div><\/div>\n\r\n    <\/div>\r\n<\/section>","protected":false},"excerpt":{"rendered":"","protected":false},"author":1,"featured_media":2629856,"parent":2708654,"menu_order":0,"comment_status":"closed","ping_status":"closed","template":"","meta":{"_acf_changed":false,"_seopress_robots_primary_cat":"","_seopress_titles_title":"Camping Argeles sur Mer with swimming pool | Water park and heated pool","_seopress_titles_desc":"Take a dip in the Argeles campsite pool area: a heated pool for a toes-in-the-water vacation in Argel\u00e8s!","_seopress_robots_index":"","inline_featured_image":false,"footnotes":""},"sujet":[],"class_list":["post-2708370","page","type-page","status-publish","has-post-thumbnail","hentry"],"acf":[],"_links":{"self":[{"href":"https:\/\/www.camping-le-calagogo.fr\/en\/wp-json\/wp\/v2\/pages\/2708370","targetHints":{"allow":["GET"]}}],"collection":[{"href":"https:\/\/www.camping-le-calagogo.fr\/en\/wp-json\/wp\/v2\/pages"}],"about":[{"href":"https:\/\/www.camping-le-calagogo.fr\/en\/wp-json\/wp\/v2\/types\/page"}],"author":[{"embeddable":true,"href":"https:\/\/www.camping-le-calagogo.fr\/en\/wp-json\/wp\/v2\/users\/1"}],"replies":[{"embeddable":true,"href":"https:\/\/www.camping-le-calagogo.fr\/en\/wp-json\/wp\/v2\/comments?post=2708370"}],"version-history":[{"count":12,"href":"https:\/\/www.camping-le-calagogo.fr\/en\/wp-json\/wp\/v2\/pages\/2708370\/revisions"}],"predecessor-version":[{"id":2845797,"href":"https:\/\/www.camping-le-calagogo.fr\/en\/wp-json\/wp\/v2\/pages\/2708370\/revisions\/2845797"}],"up":[{"embeddable":true,"href":"https:\/\/www.camping-le-calagogo.fr\/en\/wp-json\/wp\/v2\/pages\/2708654"}],"wp:featuredmedia":[{"embeddable":true,"href":"https:\/\/www.camping-le-calagogo.fr\/en\/wp-json\/wp\/v2\/media\/2629856"}],"wp:attachment":[{"href":"https:\/\/www.camping-le-calagogo.fr\/en\/wp-json\/wp\/v2\/media?parent=2708370"}],"wp:term":[{"taxonomy":"sujet","embeddable":true,"href":"https:\/\/www.camping-le-calagogo.fr\/en\/wp-json\/wp\/v2\/sujet?post=2708370"}],"curies":[{"name":"wp","href":"https:\/\/api.w.org\/{rel}","templated":true}]}}