{"id":2708431,"date":"2023-10-18T09:39:04","date_gmt":"2023-10-18T07:39:04","guid":{"rendered":"https:\/\/www.camping-le-calagogo.fr\/pitches-caravaning-argeles-sur-mer\/"},"modified":"2024-09-03T14:42:25","modified_gmt":"2024-09-03T12:42:25","slug":"location-caravaning-argeles-sur-mer","status":"publish","type":"page","link":"https:\/\/www.camping-le-calagogo.fr\/en\/camping-argeles-sur-mer\/location-caravaning-argeles-sur-mer\/","title":{"rendered":"Location Argeles"},"content":{"rendered":"<section id=\"ls-section-block_3ab2b9cac59bcce6b146708fd6494dbb\" class=\"ls-section  page-chapeau deco has-p-b p-b-4\" >\r\n        <div class=\"container \">\r\n        \n\n<h1 class=\"ls__heading wp-block-heading has-text-align-center\">Camping pitches in Argel\u00e8s sur Mer, <strong>Pyr\u00e9n\u00e9es-Orientales<\/strong>, France<\/h1>\n\n\n\n<p class=\"ls-paragraph has-text-align-center\">In addition to mobile home rentals, the <a href=\"https:\/\/www.camping-le-calagogo.fr\/en\/camping-argeles-sur-mer\/\" data-type=\"page\" data-id=\"2272\">Camping, located near Argel\u00e8s-sur-Mer<\/a>, offers two packages for your <a href=\"https:\/\/www.camping-le-calagogo.fr\/en\/pitches-caravaning-saint-cyprien\/\" data-type=\"page\" data-id=\"90\">caravanning<\/a> stay <a href=\"https:\/\/www.camping-le-calagogo.fr\/en\/pitches-caravaning-saint-cyprien\/\" data-type=\"page\" data-id=\"90\">in Saint-Cyprien<\/a>: the <strong>standard package<\/strong> (10A electricity) and the <strong>grand confort package<\/strong> (10A electricity and drainage).  <\/p>\n\n\r\n    <\/div>\r\n<\/section>\n\n<section id=\"ls-section-block_820b234579499dafd6913ca28f9e2a65\" class=\"ls-section  has-m-t m-t-1 has-p-t p-t-0\" >\r\n        <div class=\"container container--wide\">\r\n        \n\n<ctv-availability data-product-type=\"pitch\" data-background-color=\"#FFFFFFFF\"><\/ctv-availability>\n<script>\n    window.ctoutvert = {\n\t\tid: 2224, \n\t\tlang: 'auto', \n\t\turl: 'https:\/\/reservation.secureholiday.net\/widgets\/'\n    };\n\n    (function (w, d, s, ctv, r, js, fjs) {\n        r=new XMLHttpRequest();r.open('GET',w[ctv].url+'js\/src.json');\n        r.responseType='json';r.json=true;r.send();\n        r.onload=function(){w[ctv].src=r.responseType=='json'?r.response:JSON.parse(r.response);\n        js.src=w[ctv].src[0];fjs.parentNode.insertBefore(js, fjs);}\n        js=d.createElement(s),fjs=d.getElementsByTagName(s)[0];\n        js.id='ctvwidget';js.async=1;\n    }(window, document, 'script', 'ctoutvert'));\n<\/script>\n\n\r\n    <\/div>\r\n<\/section>\n\n<section id=\"ls-section-block_2436c1e15dfeebf9c4932b80d2c01409\" class=\"ls-section  page-one mosaique has-background has-color-4-background-color has-p-t p-t-14 has-p-b p-b-14\" >\r\n        <div class=\"container container--wide\">\r\n        \n\n<div class=\"wp-block-columns is-layout-flex wp-container-core-columns-is-layout-9d6595d7 wp-block-columns-is-layout-flex\">\n<div class=\"wp-block-column m-r-4 is-layout-flow wp-block-column-is-layout-flow\">\n<h2 class=\"ls__heading wp-block-heading\">400 tent pitches near Argel\u00e8s sur Mer<\/h2>\n\n\n\n<p class=\"ls-paragraph\">Are you a <strong>camping vacation<\/strong> enthusiast looking to rent a pitch in Argeles sur Mer? We have more than <strong>400 tent pitches just 15 minutes from Argel\u00e8s sur Mer<\/strong> for <a href=\"https:\/\/www.camping-le-calagogo.fr\/en\/camping-argeles-sur-mer\/cheap-camping-argeles-sur-mer\/\" data-type=\"page\" data-id=\"102\">cheap vacations<\/a> by the sea in the Pyr\u00e9n\u00e9es Orientales.<\/p>\n\n\n\n<p class=\"ls-paragraph\">Set up on our spacious <a href=\"https:\/\/www.camping-le-calagogo.fr\/en\/\" data-type=\"page\" data-id=\"9\">camping<\/a> pitches <a href=\"https:\/\/www.camping-le-calagogo.fr\/en\/\" data-type=\"page\" data-id=\"9\">in Saint-Cyprien<\/a>, unfold your tent, park your car or <strong>caravan\/camper<\/strong> and enjoy your vacation on the shores of the Mediterranean Sea.<\/p>\n<\/div>\n\n\n\n<div class=\"wp-block-column m-l-4 is-layout-flow wp-block-column-is-layout-flow\">\n<h2 class=\"ls__heading wp-block-heading\">Camp in a caravan site near Argel\u00e8s<\/h2>\n\n\n\n<ul class=\"ls-list wp-block-list\">\n\n<li><strong>Spacious pitches<\/strong> for your motorhome or caravan<\/li>\n\n\n<li>Choose a camping pitch <strong>with electricity<\/strong><\/li>\n\n\n<li>Or comfortable pitches with <strong>electricity, water and drainage<\/strong><\/li>\n\n<\/ul>\n\n\n\n<p class=\"ls-paragraph\">Another advantage of booking a pitch at Cala-Gogo is that you can take advantage of Argel\u00e8s-sur-Mer&#8217;s nearby swimming pool and affordable rates.<\/p>\n\n\n\n<p class=\"ls-paragraph\">Contact us and choose the <strong>best tent, caravan and motorhome pitch near Argel\u00e8s<\/strong> for your caravanning vacation by the Mediterranean Sea, while enjoying activities such as <strong>children&#8217;s games and themed evenings<\/strong>.<\/p>\n<\/div>\n<\/div>\n\n\r\n    <\/div>\r\n<\/section>\n\n<section id=\"ls-section-block_cbc47c94a896ee2aaf57fd956eee50af\" class=\"ls-section  page-one\" >\r\n        <div class=\"container container--wide\">\r\n        \n\n<div class=\"wp-block-columns is-layout-flex wp-container-core-columns-is-layout-9d6595d7 wp-block-columns-is-layout-flex\">\n<div class=\"wp-block-column m-r-4 is-layout-flow wp-block-column-is-layout-flow\">\n<h2 class=\"ls__heading wp-block-heading has-text-align-left\">Camping vacations near Argel\u00e8s sur Mer<\/h2>\n\n\n\n<p class=\"ls-paragraph has-text-align-left\">During your stay in a tent or caravan at Camping vers Argel\u00e8s-sur-mer, one of France&#8217;s most popular seaside resorts, you&#8217;ll <strong>enjoy the beach<\/strong>, the heated family pool area, and boat trips where, in July and August, you might even spot a dolphin!<\/p>\n\n\n\n<p class=\"ls-paragraph has-text-align-left\">Visit  <strong>5-star family campsite near Argel\u00e8s<\/strong>we have more  <strong>400 pitches<\/strong>  on the seafront in Saint Cyprien reserved for pure camping for your camping vacations, which will enable you not only to enjoy the pleasures of nature and traditional camping, but also to take advantage of the Argeles sur mer region.<\/p>\n\n\n\n<p class=\"ls-paragraph has-text-align-left\">During your caravanning holiday near the seaside resort of Argel\u00e8s-sur-mer, at the best 5-star price,  <strong>as a couple, with friends or family<\/strong>Take advantage of the outdoor pool, heated pool, entertainment, kids&#8217; club, children&#8217;s games, bread shop, theme evenings and all the other Cala Gogo facilities.<\/p>\n<\/div>\n\n\n\n<div class=\"wp-block-column m-l-4 is-layout-flow wp-block-column-is-layout-flow\">\n<h2 class=\"ls__heading wp-block-heading\">See our different pitch ranges<\/h2>\n\n\n\n<p class=\"ls-paragraph\">Discover our different pitch models in Argeles sur Mer.<\/p>\n\n\n\n<ul class=\"ls-list wp-block-list\">\n\n<li>Camping pitch near Argel\u00e8s in standard package.<\/li>\n\n\n<li>Camping pitches 15 minutes from Argel\u00e8s vacances in a high-comfort package.<\/li>\n\n\n<li>Since summer 2019, Cala Gogo has added additional Grand Confort pitches right next to the beach entrance. Always more, to satisfy our camper friends.<\/li>\n\n<\/ul>\n\n\n\n<p class=\"ls-paragraph\">You can call the campsite reception near Argeles for more information about our caravaning pitches.<\/p>\n\n\n\n<p class=\"ls-paragraph\">You can also take advantage of our <a href=\"https:\/\/www.camping-le-calagogo.fr\/en\/camping-acsi-saint-cyprien\/\" data-type=\"page\" data-id=\"118\">ACSI<\/a>, <a href=\"https:\/\/www.camping-le-calagogo.fr\/en\/camping-anwb-saint-cyprien\/\" data-type=\"page\" data-id=\"126\">ANWB<\/a> and <a href=\"https:\/\/www.camping-le-calagogo.fr\/en\/camping-adac-saint-cyprien\/\" data-type=\"page\" data-id=\"122\">ADAC<\/a> cards.<\/p>\n<\/div>\n<\/div>\n\n\r\n    <\/div>\r\n<\/section>\n\n<section id=\"ls-section-block_6d3e497d6c7b2bea1e5c41a50d058f8a\" class=\"ls-section  page-maillage has-p-b p-b-14\" >\r\n        <div class=\"container container--wide\">\r\n        \n\n<div id=\"ls-heading ls-titre-div-block_ef43d952fff7fc887d762b97105bc3da\" class=\"ls-titre-div m-left h2-like\" >\n    Discover our accommodation, <\/br>services and rates!<\/div>\n\n\n<div id=\"ls-maillage-block_2468789d881b3f8b1041c8ebdeca2024\" class=\"ls-maillage cta-style-normal\" data-rows=\"3\">\n    <div class=\"wp-block-columns  \"><div class=\"wp-block-column\"><div id=\"destinations\" class=\"ls-cta\">\n\n<a href=\"https:\/\/www.camping-le-calagogo.fr\/en\/camping-services-pyrenees-orientales\/\" target=\"\" rel=\"noopener\" class=\"ls-cta__link\">\n\n\t<div class=\"ls-cta__image\"><img decoding=\"async\" src=\"https:\/\/www.camping-le-calagogo.fr\/wp-content\/uploads\/2023\/12\/epicerie-languedoc.webp\" alt=\"\"><\/div>\n\t<div class=\"ls-cta__title\">\n\t\tServices and shops\t<\/div>\n\t\n\t\t\n<\/a><\/div><\/div><div class=\"wp-block-column\"><div id=\"destinations\" class=\"ls-cta\">\n\n<a href=\"https:\/\/www.camping-le-calagogo.fr\/en\/rental-mobil-home-languedoc-roussillon\/\" target=\"\" rel=\"noopener\" class=\"ls-cta__link\">\n\n\t<div class=\"ls-cta__image\"><img decoding=\"async\" src=\"https:\/\/www.camping-le-calagogo.fr\/wp-content\/uploads\/2023\/12\/sejour-mobil-home-pyrenees-orientales.webp\" alt=\"\"><\/div>\n\t<div class=\"ls-cta__title\">\n\t\tMobile homes\t<\/div>\n\t\n\t\t\n<\/a><\/div><\/div><div class=\"wp-block-column\"><div id=\"destinations\" class=\"ls-cta\">\n\n<a href=\"https:\/\/www.camping-le-calagogo.fr\/en\/camping-cheap-languedoc-roussillon\/\" target=\"\" rel=\"noopener\" class=\"ls-cta__link\">\n\n\t<div class=\"ls-cta__image\"><img decoding=\"async\" src=\"https:\/\/www.camping-le-calagogo.fr\/wp-content\/uploads\/2023\/12\/camping-reception.webp\" alt=\"\"><\/div>\n\t<div class=\"ls-cta__title\">\n\t\tRates\t<\/div>\n\t\n\t\t\n<\/a><\/div><\/div><\/div><\/div>\n\r\n    <\/div>\r\n<\/section>","protected":false},"excerpt":{"rendered":"","protected":false},"author":1,"featured_media":2630351,"parent":2708654,"menu_order":0,"comment_status":"closed","ping_status":"closed","template":"","meta":{"_acf_changed":false,"_seopress_robots_primary_cat":"","_seopress_titles_title":"Pitch tent Saint-Cyprien - Caravaning at Camping Cala Gogo","_seopress_titles_desc":"Find out more about pitches for 2 people at Camping Cala Gogo in Saint Cyprien","_seopress_robots_index":"","inline_featured_image":false,"footnotes":""},"sujet":[],"class_list":["post-2708431","page","type-page","status-publish","has-post-thumbnail","hentry"],"acf":[],"_links":{"self":[{"href":"https:\/\/www.camping-le-calagogo.fr\/en\/wp-json\/wp\/v2\/pages\/2708431","targetHints":{"allow":["GET"]}}],"collection":[{"href":"https:\/\/www.camping-le-calagogo.fr\/en\/wp-json\/wp\/v2\/pages"}],"about":[{"href":"https:\/\/www.camping-le-calagogo.fr\/en\/wp-json\/wp\/v2\/types\/page"}],"author":[{"embeddable":true,"href":"https:\/\/www.camping-le-calagogo.fr\/en\/wp-json\/wp\/v2\/users\/1"}],"replies":[{"embeddable":true,"href":"https:\/\/www.camping-le-calagogo.fr\/en\/wp-json\/wp\/v2\/comments?post=2708431"}],"version-history":[{"count":15,"href":"https:\/\/www.camping-le-calagogo.fr\/en\/wp-json\/wp\/v2\/pages\/2708431\/revisions"}],"predecessor-version":[{"id":2845825,"href":"https:\/\/www.camping-le-calagogo.fr\/en\/wp-json\/wp\/v2\/pages\/2708431\/revisions\/2845825"}],"up":[{"embeddable":true,"href":"https:\/\/www.camping-le-calagogo.fr\/en\/wp-json\/wp\/v2\/pages\/2708654"}],"wp:featuredmedia":[{"embeddable":true,"href":"https:\/\/www.camping-le-calagogo.fr\/en\/wp-json\/wp\/v2\/media\/2630351"}],"wp:attachment":[{"href":"https:\/\/www.camping-le-calagogo.fr\/en\/wp-json\/wp\/v2\/media?parent=2708431"}],"wp:term":[{"taxonomy":"sujet","embeddable":true,"href":"https:\/\/www.camping-le-calagogo.fr\/en\/wp-json\/wp\/v2\/sujet?post=2708431"}],"curies":[{"name":"wp","href":"https:\/\/api.w.org\/{rel}","templated":true}]}}