{"id":2708465,"date":"2023-10-18T09:40:41","date_gmt":"2023-10-18T07:40:41","guid":{"rendered":"https:\/\/www.camping-le-calagogo.fr\/camping-pas-cher-argeles-sur-mer\/"},"modified":"2024-09-03T12:30:07","modified_gmt":"2024-09-03T10:30:07","slug":"cheap-camping-argeles-sur-mer","status":"publish","type":"page","link":"https:\/\/www.camping-le-calagogo.fr\/en\/camping-argeles-sur-mer\/cheap-camping-argeles-sur-mer\/","title":{"rendered":"Camping cheap Argeles sur mer"},"content":{"rendered":"<section id=\"ls-section-block_99d026b19f1708139b575df17becb0b2\" class=\"ls-section  page-chapeau deco has-p-b p-b-4\" >\r\n        <div class=\"container \">\r\n        \n\n<h1 class=\"ls__heading wp-block-heading has-text-align-center\">Camping cheap Argel\u00e8s-sur-mer  <br><strong>in Pyr\u00e9n\u00e9es-Orientales<\/strong><\/h1>\n\n\r\n    <\/div>\r\n<\/section>\n\n<section id=\"ls-section-block_041c6d8d3b25e1875d11565d0bcc430c\" class=\"ls-section \" >\r\n        <div class=\"container container--wide\">\r\n        \n\n<script>\n    window.ctoutvert = {\n\t\tid: 2224, \n\t\tlang: 'auto', \n\t\turl: 'https:\/\/reservation.secureholiday.net\/widgets\/'\n    };\n\n    (function (w, d, s, ctv, r, js, fjs) {\n        r=new XMLHttpRequest();r.open('GET',w[ctv].url+'js\/src.json');\n        r.responseType='json';r.json=true;r.send();\n        r.onload=function(){w[ctv].src=r.responseType=='json'?r.response:JSON.parse(r.response);\n        js.src=w[ctv].src[0];fjs.parentNode.insertBefore(js, fjs);}\n        js=d.createElement(s),fjs=d.getElementsByTagName(s)[0];\n        js.id='ctvwidget';js.async=1;\n    }(window, document, 'script', 'ctoutvert'));\n<\/script>\n<ctv-availability data-background-color=\"#FFFFFFFF\"><\/ctv-availability>\n\n\r\n    <\/div>\r\n<\/section>\n\n<section id=\"ls-section-block_bd927f90fb77bc37b1d3652fb9bc28c8\" class=\"ls-section  page-one mosaique has-background has-color-4-background-color has-p-t p-t-14 has-p-b p-b-14\" >\r\n        <div class=\"container container--wide\">\r\n        \n\n<div class=\"wp-block-columns is-layout-flex wp-container-core-columns-is-layout-9d6595d7 wp-block-columns-is-layout-flex\">\n<div class=\"wp-block-column m-r-4 is-layout-flow wp-block-column-is-layout-flow\">\n<h2 class=\"ls__heading wp-block-heading\">Take advantage of special offers for your stay in Argel\u00e8s<\/h2>\n\n\n\n<p class=\"ls-paragraph\">At the <a href=\"https:\/\/www.camping-le-calagogo.fr\/en\/camping-argeles-sur-mer\/\" data-type=\"page\" data-id=\"2272\">Camping near Argel\u00e8s-sur-Mer<\/a>, you&#8217;ll find everything you need for a dream family vacation!<\/p>\n\n\n\n<p class=\"ls-paragraph\">In a <strong>dream setting by the sea<\/strong>, you can stay at the best price in an air-conditioned mobile home or go camping and caravanning, just a stone&#8217;s throw from the splendid Mas Larrieu nature reserve. Contact us for <strong>more information<\/strong> on rates according to the accommodation chosen and the period. <\/p>\n<\/div>\n\n\n\n<div class=\"wp-block-column m-l-4 is-layout-flow wp-block-column-is-layout-flow\">\n<h2 class=\"ls__heading wp-block-heading\">Camping Argel\u00e8s-sur-Mer low prices<\/h2>\n\n\n\n<p class=\"ls-paragraph\">Welcome to the Pyr\u00e9n\u00e9es Orientales in Occitanie, near Collioure and <a href=\"https:\/\/www.camping-le-calagogo.fr\/en\/camping-argeles-sur-mer\/tourism-argeles-sur-mer\/\" data-type=\"page\" data-id=\"2708555\">Argel\u00e8s sur Mer<\/a>. Whether you&#8217;re staying in a mobile home or on one of our camping pitches, you&#8217;ll love the comfort of our accommodation.<\/p>\n\n\n\n<p class=\"ls-paragraph\">At the heart of the low-cost campsite near Argel\u00e8s, with direct access to the beach, a multitude of services make life easier, so you can enjoy every minute of your stay. All in all, the <strong>best value for money<\/strong>. A mini-market for shopping or a takeaway restaurant to save time on the road and in the kitchen.<\/p>\n\n\n\n<p class=\"ls-paragraph\">Not to mention the huge supervised <a href=\"https:\/\/www.camping-le-calagogo.fr\/en\/camping-argeles-sur-mer\/camping-with-pool-argeles\/\" data-type=\"page\" data-id=\"2708370\">pool area<\/a> and a host of other activities to discover, all at <strong>low prices<\/strong> for 5-star quality at low prices. We offer preferential rates both in July\/August and off-season.<\/p>\n<\/div>\n<\/div>\n\n\r\n    <\/div>\r\n<\/section>\n\n<section id=\"ls-section-block_041c6d8d3b25e1875d11565d0bcc430c\" class=\"ls-section \" >\r\n        <div class=\"container container--wide\">\r\n        \n\n<div class=\"wp-block-columns is-layout-flex wp-container-core-columns-is-layout-9d6595d7 wp-block-columns-is-layout-flex\">\n<div class=\"wp-block-column m-r-4 is-layout-flow wp-block-column-is-layout-flow\">\n<h2 class=\"ls__heading wp-block-heading has-text-align-left\">Special offers and promotions in Argel\u00e8s-sur-mer<\/h2>\n\n\n\n<p class=\"ls-paragraph has-text-align-left\">Would you like to get away from it all and take your mind off things by going <strong>camping in Argel\u00e8s<\/strong> for a change of scenery? So don&#8217;t hesitate.<\/p>\n\n\n\n<ul class=\"ls-list wp-block-list\">\n\n<li><strong>10%<\/strong> Early Booking discount<\/li>\n\n\n<li>In April, May, June and September, book with no booking fees and benefit from <strong>numerous special offers on your stay<\/strong>.<\/li>\n\n\n<li>The low-cost Cala-Gogo campsite in Argel\u00e8s-sur-Mer is also partnered with a diving center, so you can save a considerable amount of money over a weekend, for example, by combining <strong>underwater exploration<\/strong> with comfortable accommodation in a low-cost campsite set in lush natural surroundings.<\/li>\n\n<\/ul>\n\n\n\n<p class=\"ls-paragraph has-text-align-left\">Feel free to browse our booking gateway to find our latest <a href=\"https:\/\/www.camping-le-calagogo.fr\/en\/camping-cheap-languedoc-roussillon\/\" data-type=\"page\" data-id=\"2178\">special offers in Languedoc-Roussillon<\/a> and take advantage of <strong>our discounted rates to save money<\/strong> on your vacation in Argel\u00e8s-sur-Mer.<\/p>\n<\/div>\n\n\n\n<div class=\"wp-block-column m-l-4 is-layout-flow wp-block-column-is-layout-flow\">\n<h2 class=\"ls__heading wp-block-heading\">Rent a low-cost pitch in Argeles<\/h2>\n\n\n\n<p class=\"ls-paragraph\">Take advantage of the best rates by renting <a href=\"https:\/\/www.camping-le-calagogo.fr\/en\/camping-argeles-sur-mer\/location-caravaning-argeles-sur-mer\/\" data-type=\"page\" data-id=\"2708431\">a pitch in Argel\u00e8s-sur-Mer<\/a> (2 people and 1 car) or a mobile home (2 to 8 people), for a weekend, a week or two weeks. For a guaranteed vacation at the best price for your budget, you can choose from four packages, with prices varying according to the season:<\/p>\n\n\n\n<ul class=\"ls-list wp-block-list\">\n\n<li><strong>Standard or luxury camping pitches<\/strong>, fridge and gas barbecue available for hire<\/li>\n\n\n<li><strong>Electric<\/strong>, or mobile home with terrace and private parking<\/li>\n\n\n<li><strong>Great comfort:<\/strong> air-conditioned mobile home, covered terrace, television<\/li>\n\n\n<li><strong>Privilege:<\/strong> air-conditioned mobile home with television, bed linen, dishwasher<\/li>\n\n\n<li><strong>Prestige:<\/strong> air-conditioned mobile home with luxury television, 2 bathrooms, 3 or 4 bedrooms<\/li>\n\n\n<li><strong>PMR:<\/strong> mobile home dedicated to people with reduced mobility, air-conditioning, television<\/li>\n\n<\/ul>\n\n\n\n<p class=\"ls-paragraph\">Pitches of up to 100 m\u00b2 are bordered by flowering hedges, so you can enjoy your <strong>vacation in peace and quiet<\/strong>. Book your vacation at Camping Calagogo in the South of France.<\/p>\n\n\n\n<p class=\"ls-paragraph\">You can also benefit from our <a href=\"https:\/\/www.camping-le-calagogo.fr\/en\/camping-acsi-saint-cyprien\/\" data-type=\"page\" data-id=\"118\">ACSI<\/a>, <a href=\"https:\/\/www.camping-le-calagogo.fr\/en\/camping-adac-saint-cyprien\/\" data-type=\"page\" data-id=\"122\">ADAC<\/a> and <a href=\"https:\/\/www.camping-le-calagogo.fr\/en\/camping-anwb-saint-cyprien\/\" data-type=\"page\" data-id=\"126\">ANWB<\/a> cards.<\/p>\n<\/div>\n<\/div>\n\n\r\n    <\/div>\r\n<\/section>\n\n<section id=\"ls-section-block_bd927f90fb77bc37b1d3652fb9bc28c8\" class=\"ls-section  page-one mosaique has-background has-color-4-background-color has-p-t p-t-14 has-p-b p-b-14\" >\r\n        <div class=\"container container--wide\">\r\n        \n\n<h2 class=\"ls__heading wp-block-heading has-text-align-center\">Cheap mobile homes Argel\u00e8s-sur-Mer<\/h2>\n\n\n\n<div class=\"wp-block-columns is-layout-flex wp-container-core-columns-is-layout-9d6595d7 wp-block-columns-is-layout-flex\">\n<div class=\"wp-block-column m-r-4 is-layout-flow wp-block-column-is-layout-flow\">\n<p class=\"ls-paragraph has-text-align-left\">Among the many rentals available at <a href=\"https:\/\/www.camping-le-calagogo.fr\/en\/\" data-type=\"page\" data-id=\"9\">Camping Le Cala Gogo<\/a> is a 19.5 m\u00b2 <a href=\"https:\/\/www.camping-le-calagogo.fr\/en\/camping-argeles-sur-mer\/location-mobil-home-argeles\/\" data-type=\"page\" data-id=\"2708422\">Argel\u00e8s-sur-Mer mobile home<\/a>, perfect for a romantic getaway. The rental has a double bedroom with en-suite bathroom. Campers also have access to a fully-equipped kitchen, a living room with seating and TV, and garden furniture with sun loungers.<\/p>\n\n\n\n<p class=\"ls-paragraph has-text-align-left\">Most of the mobile homes available have a larger capacity &#8211; three or four bedrooms for four to six people. For even greater comfort, you can book the &#8220;prestige&#8221; range, whose models also feature two bathrooms. The largest and most prestigious of these mobile homes is undoubtedly the Maury. With a surface area of 41 m\u00b2, the rental includes four bedrooms and can accommodate seven to eight people.<\/p>\n<\/div>\n\n\n\n<div class=\"wp-block-column m-l-4 is-layout-flow wp-block-column-is-layout-flow\">\n<p class=\"ls-paragraph has-text-align-left\">It&#8217;s also worth noting that the five-star establishment has promotional offers that apply equally to mobile homes, tent and caravan sites. Take advantage of the <strong>&#8220;Sea &#8211; Sun&#8221;<\/strong> promotion on your accommodation:<\/p>\n\n\n\n<ul class=\"ls-list wp-block-list\">\n\n<li><strong>Save 30% <\/strong>: 4 weeks = 3 weeks purchased + 1 offered<\/li>\n\n\n<li><strong>Book 3 weeks<\/strong> = 2 weeks purchased + 1 free! 20% discount<\/li>\n\n<\/ul>\n\n\n\n<p class=\"ls-paragraph has-text-align-center\"><em>Valid in May, June and September<\/em> &#8211; <em>Offer cannot be combined with<\/em> other offers<\/p>\n<\/div>\n<\/div>\n\n\r\n    <\/div>\r\n<\/section>\n\n<section id=\"ls-section-block_fb05c378daf974cc892cc55436c9e904\" class=\"ls-section  page-maillage has-p-b p-b-14\" >\r\n        <div class=\"container container--wide\">\r\n        \n\n<div id=\"ls-heading ls-titre-div-block_7c790337ccec93f7ad66ea4df3bc302d\" class=\"ls-titre-div m-left h2-like\" >\n    Mobile homes and pitches <\/br>at the Argel\u00e8s-sur-Mer campsite<\/div>\n\n\n<div id=\"ls-maillage-block_302f2cec29863d05012ccdfcc7b3c76d\" class=\"ls-maillage cta-style-normal\" data-rows=\"3\">\n    <div class=\"wp-block-columns  \"><div class=\"wp-block-column\"><div id=\"destinations\" class=\"ls-cta\">\n\n<a href=\"https:\/\/www.camping-le-calagogo.fr\/en\/camping-argeles-sur-mer\/location-mobil-home-argeles\/\" target=\"\" rel=\"noopener\" class=\"ls-cta__link\">\n\n\t<div class=\"ls-cta__image\"><img decoding=\"async\" src=\"https:\/\/www.camping-le-calagogo.fr\/wp-content\/uploads\/2023\/12\/camping-cala-gogo-a-saint-cyprien-avec-mobil-homes_resultat.webp\" alt=\"location mobil home\"><\/div>\n\t<div class=\"ls-cta__title\">\n\t\tMobile homes\t<\/div>\n\t\n\t\t\n<\/a><\/div><\/div><div class=\"wp-block-column\"><div id=\"destinations\" class=\"ls-cta\">\n\n<a href=\"https:\/\/www.camping-le-calagogo.fr\/en\/camping-argeles-sur-mer\/location-caravaning-argeles-sur-mer\/\" target=\"\" rel=\"noopener\" class=\"ls-cta__link\">\n\n\t<div class=\"ls-cta__image\"><img decoding=\"async\" src=\"https:\/\/www.camping-le-calagogo.fr\/wp-content\/uploads\/2023\/12\/caravaning-saint-cyprien.webp\" alt=\"\"><\/div>\n\t<div class=\"ls-cta__title\">\n\t\tLocations\t<\/div>\n\t\n\t\t\n<\/a><\/div><\/div><div class=\"wp-block-column\"><div id=\"destinations\" class=\"ls-cta\">\n\n<a href=\"https:\/\/www.camping-le-calagogo.fr\/en\/camping-with-pool-saint-cyprien\/\" target=\"\" rel=\"noopener\" class=\"ls-cta__link\">\n\n\t<div class=\"ls-cta__image\"><img decoding=\"async\" src=\"https:\/\/www.camping-le-calagogo.fr\/wp-content\/uploads\/2023\/12\/espace-aquatique-perpignan.webp\" alt=\"\"><\/div>\n\t<div class=\"ls-cta__title\">\n\t\tAquatic Area\t<\/div>\n\t\n\t\t\n<\/a><\/div><\/div><\/div><\/div>\n\r\n    <\/div>\r\n<\/section>","protected":false},"excerpt":{"rendered":"","protected":false},"author":1,"featured_media":2629892,"parent":2708654,"menu_order":0,"comment_status":"closed","ping_status":"closed","template":"","meta":{"_acf_changed":false,"_seopress_robots_primary_cat":"","_seopress_titles_title":"Camping Argel\u00e8s-sur-mer | Special offers for camping holidays in Argeles","_seopress_titles_desc":"Take advantage of PROMOTIONS on our inexpensive campsite in Argel\u00e8s-sur-Mer: low-priced mobile homes for an economical stay by the sea!","_seopress_robots_index":"","inline_featured_image":false,"footnotes":""},"sujet":[],"class_list":["post-2708465","page","type-page","status-publish","has-post-thumbnail","hentry"],"acf":[],"_links":{"self":[{"href":"https:\/\/www.camping-le-calagogo.fr\/en\/wp-json\/wp\/v2\/pages\/2708465","targetHints":{"allow":["GET"]}}],"collection":[{"href":"https:\/\/www.camping-le-calagogo.fr\/en\/wp-json\/wp\/v2\/pages"}],"about":[{"href":"https:\/\/www.camping-le-calagogo.fr\/en\/wp-json\/wp\/v2\/types\/page"}],"author":[{"embeddable":true,"href":"https:\/\/www.camping-le-calagogo.fr\/en\/wp-json\/wp\/v2\/users\/1"}],"replies":[{"embeddable":true,"href":"https:\/\/www.camping-le-calagogo.fr\/en\/wp-json\/wp\/v2\/comments?post=2708465"}],"version-history":[{"count":15,"href":"https:\/\/www.camping-le-calagogo.fr\/en\/wp-json\/wp\/v2\/pages\/2708465\/revisions"}],"predecessor-version":[{"id":2845765,"href":"https:\/\/www.camping-le-calagogo.fr\/en\/wp-json\/wp\/v2\/pages\/2708465\/revisions\/2845765"}],"up":[{"embeddable":true,"href":"https:\/\/www.camping-le-calagogo.fr\/en\/wp-json\/wp\/v2\/pages\/2708654"}],"wp:featuredmedia":[{"embeddable":true,"href":"https:\/\/www.camping-le-calagogo.fr\/en\/wp-json\/wp\/v2\/media\/2629892"}],"wp:attachment":[{"href":"https:\/\/www.camping-le-calagogo.fr\/en\/wp-json\/wp\/v2\/media?parent=2708465"}],"wp:term":[{"taxonomy":"sujet","embeddable":true,"href":"https:\/\/www.camping-le-calagogo.fr\/en\/wp-json\/wp\/v2\/sujet?post=2708465"}],"curies":[{"name":"wp","href":"https:\/\/api.w.org\/{rel}","templated":true}]}}