{"id":2708509,"date":"2023-10-18T09:47:40","date_gmt":"2023-10-18T07:47:40","guid":{"rendered":"https:\/\/www.camping-le-calagogo.fr\/tourisme-pyrenees-orientales\/"},"modified":"2024-03-21T08:59:55","modified_gmt":"2024-03-21T07:59:55","slug":"tourism-pyrenees-orientales","status":"publish","type":"page","link":"https:\/\/www.camping-le-calagogo.fr\/en\/tourism-pyrenees-orientales\/","title":{"rendered":"Surrounding towns"},"content":{"rendered":"<section id=\"ls-section-block_0bb1fc3af614853677d0d07cc5078e2f\" class=\"ls-section  page-chapeau has-p-b p-b-4\" >\r\n        <div class=\"container \">\r\n        \n\n<h1 class=\"ls__heading wp-block-heading has-text-align-center deco\">Tourism in  <br\/><strong>Pyr\u00e9n\u00e9es-Orientales<\/strong><\/h1>\n\n\r\n    <\/div>\r\n<\/section><section id=\"ls-section-block_e7c5eb29a8489b41664dc55a8fb10782\" class=\"ls-section  page-one has-p-t p-t-0 has-p-b p-b-14\" >\r\n        <div class=\"container container--wide\">\r\n        \n\n<div class=\"wp-block-columns is-layout-flex wp-container-core-columns-is-layout-9d6595d7 wp-block-columns-is-layout-flex\">\n<div class=\"wp-block-column is-vertically-aligned-center first is-layout-flow wp-block-column-is-layout-flow\" style=\"flex-basis:66.7%\">\n<figure class=\"wp-block-image size-full\"><img decoding=\"async\" width=\"1920\" height=\"1152\" src=\"https:\/\/www.camping-le-calagogo.fr\/wp-content\/uploads\/2023\/12\/tourisme-pyrenees-orientales.webp\" alt=\"tourism pyrenees orientales\" class=\"wp-image-2629600\" srcset=\"https:\/\/www.camping-le-calagogo.fr\/wp-content\/uploads\/2023\/12\/tourisme-pyrenees-orientales.webp 1920w, https:\/\/www.camping-le-calagogo.fr\/wp-content\/uploads\/2023\/12\/tourisme-pyrenees-orientales-300x180.webp 300w, https:\/\/www.camping-le-calagogo.fr\/wp-content\/uploads\/2023\/12\/tourisme-pyrenees-orientales-1024x614.webp 1024w, https:\/\/www.camping-le-calagogo.fr\/wp-content\/uploads\/2023\/12\/tourisme-pyrenees-orientales-768x461.webp 768w, https:\/\/www.camping-le-calagogo.fr\/wp-content\/uploads\/2023\/12\/tourisme-pyrenees-orientales-1536x922.webp 1536w\" sizes=\"(max-width: 1920px) 100vw, 1920px\" \/><\/figure>\n<\/div>\n\n\n\n<div class=\"wp-block-column is-vertically-aligned-center second is-layout-flow wp-block-column-is-layout-flow\" style=\"flex-basis:33.3%\">\n<h2 class=\"ls__heading wp-block-heading\">Pyr\u00e9n\u00e9es Orientales: an ideal tourist destination<\/h2>\n\n\n\n<p class=\"ls-paragraph\">Situated in the south of France, the <a href=\"https:\/\/www.tourisme-pyreneesorientales.com\/\" target=\"_blank\" rel=\"noreferrer noopener\">Pyr\u00e9n\u00e9es-Orientales department<\/a> is a multifaceted place steeped in <strong>Catalan culture<\/strong>, offering a unique blend of sea and mountains, as well as<strong>a rich historical heritage<\/strong>, including former Templar strongholds and passing possessions of the kings of Majorca.  <\/p>\n\n\n\n<p class=\"ls-paragraph\">Visitors can discover <strong>a variety of exceptional natural sites<\/strong>, lively seaside resorts, authentic villages preserving their ancestral traditions, and<strong>a sublime architectural heritage<\/strong>.<\/p>\n<\/div>\n<\/div>\n\n\r\n    <\/div>\r\n<\/section><section id=\"ls-section-block_8d37aef22ba0234857f692d34d1d24e1\" class=\"ls-section  page-two mosaique has-background has-color-4-background-color has-p-t p-t-14 has-p-b p-b-14\" >\r\n        <div class=\"container container--wide\">\r\n        \n\n<div class=\"wp-block-columns is-layout-flex wp-container-core-columns-is-layout-9d6595d7 wp-block-columns-is-layout-flex\">\n<div class=\"wp-block-column is-vertically-aligned-center is-layout-flow wp-block-column-is-layout-flow\">\n<p class=\"ls-paragraph\">Close to the  <strong>Spanish border<\/strong>the d\u00e9partement offers a multitude of  <strong>leisure and activities<\/strong>such as water sports, cultural visits, hiking, mountain biking, relaxation, urban recreation, sports and leisure activities.  <strong>historical discoveries<\/strong>and, of course, the tasting of local produce.<\/p>\n\n\n\n<p class=\"ls-paragraph\"><a href=\"https:\/\/www.camping-le-calagogo.fr\/en\/\" data-type=\"page\" data-id=\"9\">Camping in Saint-Cyprien-Plage<\/a> is an excellent way to enjoy the benefits of the sea and discover all that the d\u00e9partement has to offer.<\/p>\n<\/div>\n\n\n\n<div class=\"wp-block-column is-vertically-aligned-center is-layout-flow wp-block-column-is-layout-flow\">\n<figure class=\"wp-block-image size-full\"><img decoding=\"async\" width=\"2560\" height=\"1536\" src=\"https:\/\/www.camping-le-calagogo.fr\/wp-content\/uploads\/2023\/12\/marches-pyrenees-orientales-scaled.webp\" alt=\"marches pyrenees orientales\" class=\"wp-image-2629584\" srcset=\"https:\/\/www.camping-le-calagogo.fr\/wp-content\/uploads\/2023\/12\/marches-pyrenees-orientales-scaled.webp 2560w, https:\/\/www.camping-le-calagogo.fr\/wp-content\/uploads\/2023\/12\/marches-pyrenees-orientales-300x180.webp 300w, https:\/\/www.camping-le-calagogo.fr\/wp-content\/uploads\/2023\/12\/marches-pyrenees-orientales-1024x614.webp 1024w, https:\/\/www.camping-le-calagogo.fr\/wp-content\/uploads\/2023\/12\/marches-pyrenees-orientales-768x461.webp 768w, https:\/\/www.camping-le-calagogo.fr\/wp-content\/uploads\/2023\/12\/marches-pyrenees-orientales-1536x921.webp 1536w, https:\/\/www.camping-le-calagogo.fr\/wp-content\/uploads\/2023\/12\/marches-pyrenees-orientales-2048x1228.webp 2048w\" sizes=\"(max-width: 2560px) 100vw, 2560px\" \/><\/figure>\n<\/div>\n<\/div>\n\n\r\n    <\/div>\r\n<\/section><section id=\"ls-section-block_6e092fa8c8cd13d7389227d353901a3c\" class=\"ls-section  section-parallax has-background-image has-parallax has-background has-color-black-background-color has-p-t p-t-30 has-p-b p-b-0\" >\r\n    <div class=\"ls-section__background-image opacity-58\"><img decoding=\"async\" src=\"https:\/\/www.camping-le-calagogo.fr\/wp-content\/uploads\/2023\/12\/sport-nautique-pyrenees-orientales-scaled.webp\" alt=\"\"><\/div>    <div class=\"container container--wide\">\r\n        \n\n<div class=\"wp-block-columns has-color-white-background-color has-background is-layout-flex wp-container-core-columns-is-layout-9d6595d7 wp-block-columns-is-layout-flex\">\n<div class=\"wp-block-column is-layout-flow wp-block-column-is-layout-flow\">\n<h2 class=\"ls__heading wp-block-heading has-text-align-center\">What to do in Pyr\u00e9n\u00e9es-Orientales : Sports &amp; Activities<\/h2>\n\n\n\n<p class=\"ls-paragraph has-text-align-center\">Whether on the coast or inland, the <strong>Catalan region<\/strong> offers <strong>visitors<\/strong> a wide range of <strong>leisure activities<\/strong>. The region&#8217;s high level of sunshine makes it ideal for <strong>water sports and leisure activities:<\/strong> the Catalan coast is dotted with renowned seaside resorts such as <a href=\"https:\/\/www.camping-le-calagogo.fr\/en\/camping-argeles-sur-mer\/\" data-type=\"page\" data-id=\"2272\">Argel\u00e8s-sur-Mer<\/a>, Saint-Cyprien, Sainte Marie de la Mer, Port Vendres, <a href=\"https:\/\/www.camping-le-calagogo.fr\/actu-camping-saint-cyprien\/les-incontournables-de-banyuls-sur-mer\/\" data-type=\"post\" data-id=\"2707361\">Banyuls-sur-Mer<\/a> and <a href=\"https:\/\/www.camping-le-calagogo.fr\/en\/camping-port-barcares\/\" data-type=\"page\" data-id=\"2144\">Port-Barcar\u00e8s<\/a>. Boat hire, sea fishing, scuba diving, snorkelling, sailing, jet skiing, wake-boarding, kayaking or towed buoys &#8211; the list of things to do by the <strong>sea is long<\/strong>!<\/p>\n\n\n\n<p class=\"ls-paragraph has-text-align-center\">Ideal for <strong>families<\/strong>, the sea trip can be made on a glass-bottomed boat to <strong>discover the richness of the coastal waters<\/strong> and the fine sandy beaches. Many beach clubs offer intergenerational activities such as paddleboarding and introductory sailing, as well as thrill-seeking activities such as parasailing and towed buoys.<\/p>\n\n\n\n<p class=\"ls-paragraph has-text-align-center\"><strong>Snorkeling enthusiasts<\/strong> can take the Cerb\u00e8re-Banyuls marked underwater trail.<\/p>\n\n\n\n<p class=\"ls-paragraph has-text-align-center addReadMore showlesscontent [08:23]\">The 66 is also an <strong>easy<\/strong> department to discover <strong>by bike<\/strong>: the V\u00e9littorale and the V\u00e9loroute en pays Pyr\u00e9n\u00e9es M\u00e9diterran\u00e9e allow you to <strong>explore the coast and the hinterland<\/strong> respectively.<\/p>\n\n\n\n<p class=\"ls-paragraph has-text-align-center\">Numerous mountain bike trails also criss-cross the region, including the Alb\u00e8res massif and the Pic du Canigou, as well as many of Occitanie&#8217;s regional nature parks. During your <strong>stay in the Pyr\u00e9n\u00e9es-Orientales<\/strong>, you&#8217;ll also enjoy a wide range of events: local markets and night markets, major festivals such as Les D\u00e9ferlantes d&#8217;Argel\u00e8s, and typical Catalan festivals. Discover the many UNESCO World Heritage buildings on the Mediterranean coast of Catalonia.<\/p>\n<\/div>\n<\/div>\n\n\r\n    <\/div>\r\n<\/section><section id=\"ls-section-block_748e24234b07a802699ef30ed3e6acc3\" class=\"ls-section  page-one has-p-b p-b-14\" >\r\n        <div class=\"container container--wide\">\r\n        \n\n<div class=\"wp-block-columns is-layout-flex wp-container-core-columns-is-layout-9d6595d7 wp-block-columns-is-layout-flex\">\n<div class=\"wp-block-column is-vertically-aligned-center first is-layout-flow wp-block-column-is-layout-flow\" style=\"flex-basis:66.7%\">\n<figure class=\"wp-block-image size-full\"><img decoding=\"async\" width=\"2560\" height=\"1536\" src=\"https:\/\/www.camping-le-calagogo.fr\/wp-content\/uploads\/2023\/12\/decouvrir-pyrenees-orientales-scaled.webp\" alt=\"discover eastern pyrenees\" class=\"wp-image-2629570\" srcset=\"https:\/\/www.camping-le-calagogo.fr\/wp-content\/uploads\/2023\/12\/decouvrir-pyrenees-orientales-scaled.webp 2560w, https:\/\/www.camping-le-calagogo.fr\/wp-content\/uploads\/2023\/12\/decouvrir-pyrenees-orientales-300x180.webp 300w, https:\/\/www.camping-le-calagogo.fr\/wp-content\/uploads\/2023\/12\/decouvrir-pyrenees-orientales-1024x614.webp 1024w, https:\/\/www.camping-le-calagogo.fr\/wp-content\/uploads\/2023\/12\/decouvrir-pyrenees-orientales-768x461.webp 768w, https:\/\/www.camping-le-calagogo.fr\/wp-content\/uploads\/2023\/12\/decouvrir-pyrenees-orientales-1536x922.webp 1536w, https:\/\/www.camping-le-calagogo.fr\/wp-content\/uploads\/2023\/12\/decouvrir-pyrenees-orientales-2048x1229.webp 2048w\" sizes=\"(max-width: 2560px) 100vw, 2560px\" \/><\/figure>\n<\/div>\n\n\n\n<div class=\"wp-block-column is-vertically-aligned-center second is-layout-flow wp-block-column-is-layout-flow\" style=\"flex-basis:33.3%\">\n<h2 class=\"ls__heading wp-block-heading\">Visit the Pyr\u00e9n\u00e9es-Orientales: places of interest<\/h2>\n\n\n\n<p class=\"ls-paragraph\">Among the many sites to visit around your <strong>campsite in Saint-Cyprien<\/strong>, there are a few that are particularly unmissable. In <a href=\"https:\/\/www.camping-le-calagogo.fr\/en\/camping-perpignan\/\" data-type=\"page\" data-id=\"2291\">Perpignan<\/a>, don&#8217;t miss the <a href=\"https:\/\/www.camping-le-calagogo.fr\/actu-camping-saint-cyprien\/le-palais-des-rois-de-majorque\/\" data-type=\"post\" data-id=\"2707362\">palace of the kings of Majorca<\/a> in Southern Gothic style, and the<strong> monumental Saint-Jean-Baptiste cathedral<\/strong>, the largest religious building in the region.<\/p>\n\n\n\n<p class=\"ls-paragraph\">The pearl of the C\u00f4te Vermeille, the royal castle of <a href=\"https:\/\/www.camping-le-calagogo.fr\/en\/camping-collioure\/\" data-type=\"page\" data-id=\"2283\">Collioure<\/a> offers a <strong>magnificent panorama<\/strong> of the entire bay from its covered walkway. The <strong>Pyr\u00e9n\u00e9es-Orientales<\/strong> is also home to small, unspoilt villages such as <a href=\"https:\/\/www.camping-le-calagogo.fr\/en\/camping-canet-en-rousillon\/\" data-type=\"page\" data-id=\"664\">Canet en Roussillon<\/a>, <a href=\"https:\/\/www.camping-le-calagogo.fr\/en\/camping-saint-andre\/\" data-type=\"page\" data-id=\"3070\">Saint-Andr\u00e9<\/a> and <a href=\"https:\/\/www.camping-le-calagogo.fr\/en\/camping-palau-del-vidre\/\" data-type=\"page\" data-id=\"3171\">Palau-del-Vidre<\/a>, famous for its <strong>glass art<\/strong>.<\/p>\n<\/div>\n<\/div>\n\n\r\n    <\/div>\r\n<\/section><section id=\"ls-section-block_8d37aef22ba0234857f692d34d1d24e1\" class=\"ls-section  page-two mosaique has-background has-color-4-background-color has-p-t p-t-14 has-p-b p-b-14\" >\r\n        <div class=\"container container--wide\">\r\n        \n\n<div class=\"wp-block-columns is-layout-flex wp-container-core-columns-is-layout-9d6595d7 wp-block-columns-is-layout-flex\">\n<div class=\"wp-block-column is-vertically-aligned-center is-layout-flow wp-block-column-is-layout-flow\">\n<p class=\"ls-paragraph\">Not far from Saint-Cyprien, the upper town of<a href=\"https:\/\/www.camping-le-calagogo.fr\/en\/camping-elne\/\" data-type=\"page\" data-id=\"656\">Elne<\/a> boasts an impressive cathedral and marble cloister, testimony to its former status as the episcopal see of Roussillon. In the north of the d\u00e9partement, set against the Corbi\u00e8res mountains, the fortress of Salses is a perfectly preserved <strong>defensive structure<\/strong> built in the 15\u1d49 century by the Spanish Catholic kings.<\/p>\n\n\n\n<p class=\"ls-paragraph\">Only an hour and a half&#8217;s drive from Cala-Gogo, in <strong>the Aude department<\/strong>, lies the exceptional <strong>walled city<\/strong> of <a href=\"https:\/\/www.camping-le-calagogo.fr\/en\/camping-carcassonne\/\" data-type=\"page\" data-id=\"2278\">Carcassonne<\/a>. Staying at the  <strong>Camping Cala-Gogo between Saint-Cyprien and Argel\u00e8s-sur-Mer<\/strong>You can also easily travel to the Spanish side of the country to discover the  <a href=\"https:\/\/www.camping-le-calagogo.fr\/en\/camping-costa-brava\/\" data-type=\"page\" data-id=\"672\">Costa Brava<\/a>  In Figueres, don&#8217;t miss the unusual architecture of the Dal\u00ed Theatre-Museum, the city&#8217;s landmark and considered the last of its kind in Europe.  <strong>by the surrealist artist<\/strong>.<\/p>\n<\/div>\n\n\n\n<div class=\"wp-block-column is-vertically-aligned-center is-layout-flow wp-block-column-is-layout-flow\">\n<figure class=\"wp-block-image size-full\"><img decoding=\"async\" width=\"1920\" height=\"1152\" src=\"https:\/\/www.camping-le-calagogo.fr\/wp-content\/uploads\/2023\/12\/visiter-carcassonne-pyrenees-orientales.webp\" alt=\"visit carcassonne pyrenees orientales\" class=\"wp-image-2629576\" srcset=\"https:\/\/www.camping-le-calagogo.fr\/wp-content\/uploads\/2023\/12\/visiter-carcassonne-pyrenees-orientales.webp 1920w, https:\/\/www.camping-le-calagogo.fr\/wp-content\/uploads\/2023\/12\/visiter-carcassonne-pyrenees-orientales-300x180.webp 300w, https:\/\/www.camping-le-calagogo.fr\/wp-content\/uploads\/2023\/12\/visiter-carcassonne-pyrenees-orientales-1024x614.webp 1024w, https:\/\/www.camping-le-calagogo.fr\/wp-content\/uploads\/2023\/12\/visiter-carcassonne-pyrenees-orientales-768x461.webp 768w, https:\/\/www.camping-le-calagogo.fr\/wp-content\/uploads\/2023\/12\/visiter-carcassonne-pyrenees-orientales-1536x922.webp 1536w\" sizes=\"(max-width: 1920px) 100vw, 1920px\" \/><\/figure>\n<\/div>\n<\/div>\n\n\r\n    <\/div>\r\n<\/section><section id=\"ls-section-block_482c97bd472bc3bbe320c627b4c446b6\" class=\"ls-section  section-parallax has-background-image has-parallax has-background has-color-black-background-color has-p-t p-t-30 has-p-b p-b-0\" >\r\n    <div class=\"ls-section__background-image opacity-58\"><img decoding=\"async\" src=\"https:\/\/www.camping-le-calagogo.fr\/wp-content\/uploads\/2023\/12\/cyclisme-pyrenees-orientales-scaled.webp\" alt=\"\"><\/div>    <div class=\"container container--wide\">\r\n        \n\n<div id=\"ls-heading ls-titre-div-block_8b91406fa738254128076f5918121254\" class=\"ls-titre-div m-right aligncenter h1-like\" >\n    Any <em>questions?<\/em><\/div>\n\n\n\n<div class=\"wp-block-columns has-color-white-background-color has-background is-layout-flex wp-container-core-columns-is-layout-9d6595d7 wp-block-columns-is-layout-flex\">\n<div class=\"wp-block-column is-layout-flow wp-block-column-is-layout-flow\">\n<h2 class=\"ls__heading wp-block-heading has-text-align-center\">Frequently asked questions  <br\/>about the surrounding area<\/h2>\n\n\n<div id=\"faq\" class=\"faq-container\"><div class=\"faq-wrap\" itemscope=\"\" itemtype=\"https:\/\/schema.org\/FAQPage\"><div class=\"faq__box faq__item\"><div class=\"faq__container\"><div class=\"faq__block\" itemscope=\"\" itemprop=\"mainEntity\" itemtype=\"https:\/\/schema.org\/Question\"><details class=\"faq\"><summary class=\"faq-question\" itemprop=\"name\">How far is the campsite from the beach?<span class=\"faq-opener\"><\/span><\/summary><div class=\"content\" itemscope=\"\" itemprop=\"acceptedAnswer\" itemtype=\"https:\/\/schema.org\/Answer\"><div itemprop=\"text\"><p><em><p>The Camping has direct access to the sea and nothing separates us from the beach &#8211; it couldn&#8217;t be closer.<\/p>\n<\/em><\/p><\/div><\/div><\/details><\/div><\/div><\/div><div class=\"faq__box faq__item\"><div class=\"faq__container\"><div class=\"faq__block\" itemscope=\"\" itemprop=\"mainEntity\" itemtype=\"https:\/\/schema.org\/Question\"><details class=\"faq\"><summary class=\"faq-question\" itemprop=\"name\">Where are the cycle paths?<span class=\"faq-opener\"><\/span><\/summary><div class=\"content\" itemscope=\"\" itemprop=\"acceptedAnswer\" itemtype=\"https:\/\/schema.org\/Answer\"><div itemprop=\"text\"><p><em><p>There are ski slopes right at the entrance to the Camping, and these stretch right across the town.<\/p>\n<\/em><\/p><\/div><\/div><\/details><\/div><\/div><\/div><div class=\"faq__box faq__item\"><div class=\"faq__container\"><div class=\"faq__block\" itemscope=\"\" itemprop=\"mainEntity\" itemtype=\"https:\/\/schema.org\/Question\"><details class=\"faq\"><summary class=\"faq-question\" itemprop=\"name\">Where&#8217;s the nearest tourist office?<span class=\"faq-opener\"><\/span><\/summary><div class=\"content\" itemscope=\"\" itemprop=\"acceptedAnswer\" itemtype=\"https:\/\/schema.org\/Answer\"><div itemprop=\"text\"><p><em><p>The Saint-Cyprien Plage tourist office is nearby (approx. 2 km).<\/p>\n<\/em><\/p><\/div><\/div><\/details><\/div><\/div><\/div><div class=\"faq__box faq__item\"><div class=\"faq__container\"><div class=\"faq__block\" itemscope=\"\" itemprop=\"mainEntity\" itemtype=\"https:\/\/schema.org\/Question\"><details class=\"faq\"><summary class=\"faq-question\" itemprop=\"name\">Is the Camping served by public transport?<span class=\"faq-opener\"><\/span><\/summary><div class=\"content\" itemscope=\"\" itemprop=\"acceptedAnswer\" itemtype=\"https:\/\/schema.org\/Answer\"><div itemprop=\"text\"><p><em><p>Yes, there are buses and a small train (in season) to get you around.<\/p>\n<\/em><\/p><\/div><\/div><\/details><\/div><\/div><\/div><\/div><\/div><\/div>\n<\/div>\n\n\r\n    <\/div>\r\n<\/section><section id=\"ls-section-block_9e0a96d5d96f2d75ba190b052ab5a4ea\" class=\"ls-section  page-maillage has-p-b p-b-14\" >\r\n        <div class=\"container container--wide\">\r\n        \n\n<div id=\"ls-heading ls-titre-div-block_749cc6708884d616195bb6c4e1efa15f\" class=\"ls-titre-div m-left h2-like\" >\n    Cities in <\/br>Pyr\u00e9n\u00e9es-Orientales<\/div>\n\n\n<div id=\"ls-maillage-block_402ae677817d6ff706df5ea8d9d50e5f\" class=\"ls-maillage cta-style-normal\" data-rows=\"5\">\n    <div class=\"wp-block-columns  \"><div class=\"wp-block-column\"><div id=\"destinations\" class=\"ls-cta\">\n\n<a href=\"https:\/\/www.camping-le-calagogo.fr\/en\/camping-costa-brava\/\" target=\"\" rel=\"noopener\" class=\"ls-cta__link\">\n\n\t<div class=\"ls-cta__image\"><img decoding=\"async\" src=\"https:\/\/www.camping-le-calagogo.fr\/wp-content\/uploads\/2023\/12\/Castell-Platja-dAro.-Jordi-Mas.-Arxiu-Imatges-PTCBG.jpg\" alt=\"La cote de la costa brava par Jordi Mas. Arxiu Imatges PTCBG\"><\/div>\n\t<div class=\"ls-cta__title\">\n\t\tCamping Costa Brava\t<\/div>\n\t\n\t\t\n<\/a><\/div><\/div><div class=\"wp-block-column\"><div id=\"destinations\" class=\"ls-cta\">\n\n<a href=\"https:\/\/www.camping-le-calagogo.fr\/en\/camping-port-barcares\/\" target=\"\" rel=\"noopener\" class=\"ls-cta__link\">\n\n\t<div class=\"ls-cta__image\"><img decoding=\"async\" src=\"https:\/\/www.camping-le-calagogo.fr\/wp-content\/uploads\/2023\/12\/louer-hebergement-perpignan.webp\" alt=\"\"><\/div>\n\t<div class=\"ls-cta__title\">\n\t\tCamping Barcar\u00e8s\t<\/div>\n\t\n\t\t\n<\/a><\/div><\/div><div class=\"wp-block-column\"><div id=\"destinations\" class=\"ls-cta\">\n\n<a href=\"https:\/\/www.camping-le-calagogo.fr\/en\/camping-canet-en-rousillon\/\" target=\"\" rel=\"noopener\" class=\"ls-cta__link\">\n\n\t<div class=\"ls-cta__image\"><img decoding=\"async\" src=\"https:\/\/www.camping-le-calagogo.fr\/wp-content\/uploads\/2023\/12\/vacances-canet-en-rousillon.webp\" alt=\"\"><\/div>\n\t<div class=\"ls-cta__title\">\n\t\tCamping in Canet-en-Rousillon\t<\/div>\n\t\n\t\t\n<\/a><\/div><\/div><div class=\"wp-block-column\"><div id=\"destinations\" class=\"ls-cta\">\n\n<a href=\"https:\/\/www.camping-le-calagogo.fr\/en\/camping-perpignan\/\" target=\"\" rel=\"noopener\" class=\"ls-cta__link\">\n\n\t<div class=\"ls-cta__image\"><img decoding=\"async\" src=\"https:\/\/www.camping-le-calagogo.fr\/wp-content\/uploads\/2023\/12\/camping-perpignan.webp\" alt=\"\"><\/div>\n\t<div class=\"ls-cta__title\">\n\t\tCamping Perpignan\t<\/div>\n\t\n\t\t\n<\/a><\/div><\/div><\/div><\/div>\n\r\n    <\/div>\r\n<\/section>","protected":false},"excerpt":{"rendered":"","protected":false},"author":1,"featured_media":2629567,"parent":0,"menu_order":0,"comment_status":"closed","ping_status":"closed","template":"","meta":{"_acf_changed":false,"_seopress_robots_primary_cat":"","_seopress_titles_title":"Tourism Pyr\u00e9n\u00e9es-Orientales | What to see and do in Pyr\u00e9n\u00e9es-Orientales","_seopress_titles_desc":"","_seopress_robots_index":"","inline_featured_image":false,"footnotes":""},"sujet":[],"class_list":["post-2708509","page","type-page","status-publish","has-post-thumbnail","hentry"],"acf":[],"_links":{"self":[{"href":"https:\/\/www.camping-le-calagogo.fr\/en\/wp-json\/wp\/v2\/pages\/2708509","targetHints":{"allow":["GET"]}}],"collection":[{"href":"https:\/\/www.camping-le-calagogo.fr\/en\/wp-json\/wp\/v2\/pages"}],"about":[{"href":"https:\/\/www.camping-le-calagogo.fr\/en\/wp-json\/wp\/v2\/types\/page"}],"author":[{"embeddable":true,"href":"https:\/\/www.camping-le-calagogo.fr\/en\/wp-json\/wp\/v2\/users\/1"}],"replies":[{"embeddable":true,"href":"https:\/\/www.camping-le-calagogo.fr\/en\/wp-json\/wp\/v2\/comments?post=2708509"}],"version-history":[{"count":24,"href":"https:\/\/www.camping-le-calagogo.fr\/en\/wp-json\/wp\/v2\/pages\/2708509\/revisions"}],"predecessor-version":[{"id":2832438,"href":"https:\/\/www.camping-le-calagogo.fr\/en\/wp-json\/wp\/v2\/pages\/2708509\/revisions\/2832438"}],"wp:featuredmedia":[{"embeddable":true,"href":"https:\/\/www.camping-le-calagogo.fr\/en\/wp-json\/wp\/v2\/media\/2629567"}],"wp:attachment":[{"href":"https:\/\/www.camping-le-calagogo.fr\/en\/wp-json\/wp\/v2\/media?parent=2708509"}],"wp:term":[{"taxonomy":"sujet","embeddable":true,"href":"https:\/\/www.camping-le-calagogo.fr\/en\/wp-json\/wp\/v2\/sujet?post=2708509"}],"curies":[{"name":"wp","href":"https:\/\/api.w.org\/{rel}","templated":true}]}}