{"id":2708518,"date":"2023-10-18T09:42:16","date_gmt":"2023-10-18T07:42:16","guid":{"rendered":"https:\/\/www.camping-le-calagogo.fr\/camping-acsi-saint-cyprien\/"},"modified":"2024-02-02T08:54:28","modified_gmt":"2024-02-02T07:54:28","slug":"camping-acsi-saint-cyprien","status":"publish","type":"page","link":"https:\/\/www.camping-le-calagogo.fr\/en\/camping-acsi-saint-cyprien\/","title":{"rendered":"ACSI"},"content":{"rendered":"<section id=\"ls-section-block_2db69d9fe61317d419fd15a2db49d81e\" class=\"ls-section  page-chapeau has-p-b p-b-4\" >\r\n        <div class=\"container \">\r\n        \n\n<h1 class=\"ls__heading wp-block-heading has-text-align-center deco\">Camping Acsi<br><strong>in Saint Cyprien Plage<\/strong><\/h1>\n\n\r\n    <\/div>\r\n<\/section>\n\n<section id=\"ls-section-block_39405ac27ee23ad37a3deea808463a3b\" class=\"ls-section  page-one has-p-t p-t-0 has-p-b p-b-14\" >\r\n        <div class=\"container container--wide\">\r\n        \n\n<div class=\"wp-block-columns is-layout-flex wp-container-core-columns-is-layout-9d6595d7 wp-block-columns-is-layout-flex\">\n<div class=\"wp-block-column is-vertically-aligned-center first is-layout-flow wp-block-column-is-layout-flow\" style=\"flex-basis:66.7%\">\n<figure class=\"wp-block-image size-full\"><img decoding=\"async\" width=\"2000\" height=\"1132\" src=\"https:\/\/www.camping-le-calagogo.fr\/wp-content\/uploads\/2023\/12\/louer-emplcaement-tente-pyrenees-orientales.webp\" alt=\"rent tent space pyrenees orientales\" class=\"wp-image-2630329\" srcset=\"https:\/\/www.camping-le-calagogo.fr\/wp-content\/uploads\/2023\/12\/louer-emplcaement-tente-pyrenees-orientales.webp 2000w, https:\/\/www.camping-le-calagogo.fr\/wp-content\/uploads\/2023\/12\/louer-emplcaement-tente-pyrenees-orientales-300x170.webp 300w, https:\/\/www.camping-le-calagogo.fr\/wp-content\/uploads\/2023\/12\/louer-emplcaement-tente-pyrenees-orientales-1024x580.webp 1024w, https:\/\/www.camping-le-calagogo.fr\/wp-content\/uploads\/2023\/12\/louer-emplcaement-tente-pyrenees-orientales-768x435.webp 768w, https:\/\/www.camping-le-calagogo.fr\/wp-content\/uploads\/2023\/12\/louer-emplcaement-tente-pyrenees-orientales-1536x869.webp 1536w\" sizes=\"(max-width: 2000px) 100vw, 2000px\" \/><\/figure>\n<\/div>\n\n\n\n<div class=\"wp-block-column is-vertically-aligned-center second is-layout-flow wp-block-column-is-layout-flow\" style=\"flex-basis:33.3%\">\n<h2 class=\"ls__heading wp-block-heading\">The Acsi card : How does it work?<\/h2>\n\n\n\n<p class=\"ls-paragraph\">Some visitors prefer to stay in <strong>open-air hotels in the low season<\/strong>, to enjoy the <strong>peace and quiet of the campsite and the special promotions<\/strong> that allow them to go on vacation at a low price.<\/p>\n\n\n\n<p class=\"ls-paragraph\">Vous souhaitez b\u00e9n\u00e9ficier de r\u00e9ductions int\u00e9ressantes pour tous vos s\u00e9jours en basse saison ? Commandez d\u00e8s maintenant votre carte Acsi et r\u00e9duisez vos d\u00e9penses au <a href=\"https:\/\/www.camping-le-calagogo.fr\/en\/\" data-type=\"page\" data-id=\"9\">camping Le Cala Gogo \u00e0 Saint Cyprien Plage<\/a>\u202f!<\/p>\n\n\n\n<p class=\"ls-paragraph\">The <a href=\"https:\/\/www.campingcard.fr\/\" data-type=\"link\" data-id=\"https:\/\/www.campingcard.fr\/\" target=\"_blank\" rel=\"noreferrer noopener\">CampingCard Acsi<\/a> gives you access to discounts on pitches for tents, caravans and motorhomes for 2 people.<\/p>\n\n\n\n<p class=\"ls-paragraph addReadMore showlesscontent\">Ideal for fans of <strong>traditional camping<\/strong> who want to spend their vacations in the heart of nature, it is accepted at Cala-Gogo and at all the other campsites in the Acsi network <strong>outside the high season<\/strong> (over 3,300 partner campsites in some 20 countries in Europe).<\/p>\n\n\n\n<p class=\"ls-paragraph\">Les b\u00e9n\u00e9ficiaires peuvent ainsi r\u00e9aliser des \u00e9conomies et passer des vacances en <a href=\"https:\/\/www.camping-le-calagogo.fr\/en\/camping-cheap-languedoc-roussillon\/\" data-type=\"page\" data-id=\"2178\">camping dans les Pyr\u00e9n\u00e9es-Orientales au meilleur prix<\/a>, avec le m\u00eame acc\u00e8s aux infrastructures et aux services de l\u2019\u00e9tablissement que les campeurs qui voyagent en haute saison.<\/p>\n<\/div>\n<\/div>\n\n\r\n    <\/div>\r\n<\/section>\n\n<section id=\"ls-section-block_8b703e87971fde5e57a486e416838291\" class=\"ls-section  section-parallax has-parallax has-background has-color-4-background-color has-p-t p-t-14 has-p-b p-b-14\" >\r\n        <div class=\"container container--wide\">\r\n        \n\n<h2 class=\"ls__heading wp-block-heading has-text-align-center\">Offers and discounts at our Camping Acsi on the Mediterranean coast.<\/h2>\n\n\n\n<p class=\"ls-paragraph has-text-align-center\">Si vous \u00eates titulaire d\u2019une <strong>carte Acsi<\/strong>, il vous sera syst\u00e9matiquement appliqu\u00e9 une remise au <a href=\"https:\/\/www.camping-le-calagogo.fr\/en\/camping-argeles-sur-mer\/cheap-camping-argeles-sur-mer\/\" data-type=\"page\" data-id=\"102\">camping Cala Gogo \u00e0 Argel\u00e8s au meilleur prix<\/a> pour un emplacement pour tente, caravane ou camping-car.<\/p>\n\n\n\n<p class=\"ls-paragraph has-text-align-center\">Pour les <strong>r\u00e9servations \u00e0 l\u2019avance<\/strong>, pensez \u00e0 nous communiquer que vous poss\u00e9dez la carte Acsi par t\u00e9l\u00e9phone, par email ou en remplissant le formulaire en ligne disponible sur notre site Internet. Il en va de m\u00eame pour obtenir les r\u00e9ductions de la <a href=\"https:\/\/www.camping-le-calagogo.fr\/en\/camping-adac-saint-cyprien\/\" data-type=\"page\" data-id=\"122\">carte ADAC<\/a>.<\/p>\n\n\n\n<p class=\"ls-paragraph has-text-align-center\">Did you forget to send us the information? No problem at all. Present your card at reception on arrival, and we&#8217;ll apply the <strong>Acsi rate reserved for off-season stays<\/strong>. Please note that administrative and booking fees, tourist taxes and ecotaxes are not included in the <strong>Acsi rate<\/strong>.<\/p>\n\n\n\n<p class=\"ls-paragraph has-text-align-center\">Envie de <strong>voyager malin<\/strong> dans toute l\u2019Europe ? T\u00e9l\u00e9chargez l\u2019application mobile Acsi depuis votre smartphone ou votre tablette pour trouver le camping Acsi le plus proche de vous ! Le Cala Gogo est \u00e9galement membre des <a href=\"https:\/\/www.camping-le-calagogo.fr\/en\/camping-anwb-saint-cyprien\/\" data-type=\"page\" data-id=\"126\">campings ANWB<\/a>.<\/p>\n\n\r\n    <\/div>\r\n<\/section>\n\n<section id=\"ls-section-block_4e36e50c77dc1735848992dfc8060e47\" class=\"ls-section  page-maillage has-p-b p-b-14\" >\r\n        <div class=\"container container--wide\">\r\n        \n\n<div id=\"ls-heading ls-titre-div-block_8856ae7a4edd58d75bf48b260986cf8b\" class=\"ls-titre-div m-left h2-like\" >\n    Camping services and accommodation <\/br><\/div>\n\n\n<div id=\"ls-maillage-block_c346e25182e008184c708efdefa2fa23\" class=\"ls-maillage cta-style-normal\" data-rows=\"3\">\n    <div class=\"wp-block-columns  \"><div class=\"wp-block-column\"><div id=\"destinations\" class=\"ls-cta\">\n\n<a href=\"https:\/\/www.camping-le-calagogo.fr\/en\/camping-services-pyrenees-orientales\/\" target=\"\" rel=\"noopener\" class=\"ls-cta__link\">\n\n\t<div class=\"ls-cta__image\"><img decoding=\"async\" src=\"https:\/\/www.camping-le-calagogo.fr\/wp-content\/uploads\/2023\/12\/epicerie-languedoc.webp\" alt=\"\"><\/div>\n\t<div class=\"ls-cta__title\">\n\t\tServices and shops\t<\/div>\n\t\n\t\t\n<\/a><\/div><\/div><div class=\"wp-block-column\"><div id=\"destinations\" class=\"ls-cta\">\n\n<a href=\"https:\/\/www.camping-le-calagogo.fr\/en\/rental-mobil-home-languedoc-roussillon\/\" target=\"\" rel=\"noopener\" class=\"ls-cta__link\">\n\n\t<div class=\"ls-cta__image\"><img decoding=\"async\" src=\"https:\/\/www.camping-le-calagogo.fr\/wp-content\/uploads\/2023\/12\/sejour-mobil-home-pyrenees-orientales.webp\" alt=\"\"><\/div>\n\t<div class=\"ls-cta__title\">\n\t\tMobile homes\t<\/div>\n\t\n\t\t\n<\/a><\/div><\/div><div class=\"wp-block-column\"><div id=\"destinations\" class=\"ls-cta\">\n\n<a href=\"https:\/\/www.camping-le-calagogo.fr\/en\/camping-argeles-sur-mer\/location-caravaning-argeles-sur-mer\/\" target=\"\" rel=\"noopener\" class=\"ls-cta__link\">\n\n\t<div class=\"ls-cta__image\"><img decoding=\"async\" src=\"https:\/\/www.camping-le-calagogo.fr\/wp-content\/uploads\/2023\/12\/caravaning-saint-cyprien.webp\" alt=\"\"><\/div>\n\t<div class=\"ls-cta__title\">\n\t\tLocations\t<\/div>\n\t\n\t\t\n<\/a><\/div><\/div><\/div><\/div>\n\r\n    <\/div>\r\n<\/section>","protected":false},"excerpt":{"rendered":"","protected":false},"author":1,"featured_media":2629970,"parent":0,"menu_order":0,"comment_status":"closed","ping_status":"closed","template":"","meta":{"_acf_changed":false,"_seopress_robots_primary_cat":"","_seopress_titles_title":"Camping Acsi seaside Pyr\u00e9n\u00e9es Orientales | Acsi campingcard","_seopress_titles_desc":"Take advantage of your Acsi card at Cala Gogo and get discounts on your next camping vacation by the sea in the Pyr\u00e9n\u00e9es Orientales.","_seopress_robots_index":"","inline_featured_image":false,"footnotes":""},"sujet":[],"class_list":["post-2708518","page","type-page","status-publish","has-post-thumbnail","hentry"],"acf":[],"_links":{"self":[{"href":"https:\/\/www.camping-le-calagogo.fr\/en\/wp-json\/wp\/v2\/pages\/2708518","targetHints":{"allow":["GET"]}}],"collection":[{"href":"https:\/\/www.camping-le-calagogo.fr\/en\/wp-json\/wp\/v2\/pages"}],"about":[{"href":"https:\/\/www.camping-le-calagogo.fr\/en\/wp-json\/wp\/v2\/types\/page"}],"author":[{"embeddable":true,"href":"https:\/\/www.camping-le-calagogo.fr\/en\/wp-json\/wp\/v2\/users\/1"}],"replies":[{"embeddable":true,"href":"https:\/\/www.camping-le-calagogo.fr\/en\/wp-json\/wp\/v2\/comments?post=2708518"}],"version-history":[{"count":11,"href":"https:\/\/www.camping-le-calagogo.fr\/en\/wp-json\/wp\/v2\/pages\/2708518\/revisions"}],"predecessor-version":[{"id":2830377,"href":"https:\/\/www.camping-le-calagogo.fr\/en\/wp-json\/wp\/v2\/pages\/2708518\/revisions\/2830377"}],"wp:featuredmedia":[{"embeddable":true,"href":"https:\/\/www.camping-le-calagogo.fr\/en\/wp-json\/wp\/v2\/media\/2629970"}],"wp:attachment":[{"href":"https:\/\/www.camping-le-calagogo.fr\/en\/wp-json\/wp\/v2\/media?parent=2708518"}],"wp:term":[{"taxonomy":"sujet","embeddable":true,"href":"https:\/\/www.camping-le-calagogo.fr\/en\/wp-json\/wp\/v2\/sujet?post=2708518"}],"curies":[{"name":"wp","href":"https:\/\/api.w.org\/{rel}","templated":true}]}}